{"id":4115,"date":"2025-03-07T17:47:58","date_gmt":"2025-03-07T09:47:58","guid":{"rendered":"https:\/\/www.baler-machines.com\/?post_type=product&#038;p=4115"},"modified":"2025-03-10T11:02:55","modified_gmt":"2025-03-10T03:02:55","slug":"cnc-tube-bending-machine","status":"publish","type":"product","link":"https:\/\/www.baler-machines.com\/sw\/cnc-tube-bending-machine\/","title":{"rendered":"Mashine ya kuinama ya CNC kwa bomba la chuma la shaba"},"content":{"rendered":"<p class=\"translation-block\">Shuliy <strong>CNC tube bending machine<\/strong> hutumika sana kuinama mabomba ya chuma ya mraba au pande zote kwa umbo linalohitajika. Kiwango cha kupinda ni 10-100mm. Kiwango cha pembe ni 0-180 digrii.<\/p>    <p>Vifaa hivi vinafaa sana kwa usindikaji wa bomba kubwa, la usahihi wa juu, kama vile utengenezaji wa magari, fanicha, vifaa vya mazoezi ya mwili na viwanda vingine, kuboresha ufanisi wa uzalishaji na kupunguza gharama za kazi. Kuvutiwa? Ikiwa ndio, njoo wasiliana nasi sasa kwa habari zaidi!<\/p>    <figure class=\"wp-block-embed is-type-video is-provider-youtube wp-block-embed-youtube wp-embed-aspect-16-9 wp-has-aspect-ratio\"><div class=\"wp-block-embed__wrapper\"> <iframe loading=\"lazy\" title=\"Video ya Kufanya kazi ya Bomba ya Kufanya kazi ya CNC\" width=\"500\" height=\"281\" src=\"https:\/\/www.youtube.com\/embed\/Qc1jzhhx5Uw?feature=oembed\" frameborder=\"0\" allow=\"accelerometer; autoplay; clipboard-write; encrypted-media; gyroscope; picture-in-picture; web-share\" referrerpolicy=\"strict-origin-when-cross-origin\" allowfullscreen><\/iframe> <\/div><figcaption class=\"wp-element-caption\">Mashine ya kuinama ya waya<\/figcaption><\/figure>    <h2 class=\"wp-block-heading\"><strong>Bidhaa zilizomalizika na matumizi ya mashine ya kuinama ya CNC<\/strong><\/h2>    <p>Mashine yetu ya kuinama ya mraba ya CNC inaweza kupiga bomba tofauti za chuma kwenye sura inayotaka. Bidhaa za mwisho zinaonyeshwa hapa chini kwa kumbukumbu yako.<\/p>    <p class=\"translation-block\">Bidhaa zilizokamilishwa hutumika sana katika <strong>viwanda vya kutengeneza magari na pikipiki, anga, utengenezaji wa samani, vifaa vya mazoezi, meli, petroli, nguvu za umeme, gesi asilia, tasnia ya nyuklia, boilers, magari, viyoyozi na jokofu, bidhaa za michezo<\/strong>, <strong>mapambo ya ujenzi, petroli<\/strong> na viwanda vingine.<\/p>    <figure class=\"wp-block-gallery has-nested-images columns-default is-cropped wp-block-gallery-2 is-layout-flex wp-block-gallery-is-layout-flex\"> <figure class=\"wp-block-image size-large\"><img loading=\"lazy\" decoding=\"async\" width=\"540\" height=\"720\" data-id=\"4121\" src=\"https:\/\/www.baler-machines.com\/wp-content\/uploads\/2025\/03\/end-products-of-CNC-tube-bending-machine.webp\" alt=\"slutprodukter fr\u00e5n CNC-r\u00f6rb\u00f6jningsmaskin\" class=\"wp-image-4121\" title=\"\" srcset=\"https:\/\/www.baler-machines.com\/wp-content\/uploads\/2025\/03\/end-products-of-CNC-tube-bending-machine.webp 540w, https:\/\/www.baler-machines.com\/wp-content\/uploads\/2025\/03\/end-products-of-CNC-tube-bending-machine-9x12.webp 9w\" sizes=\"auto, (max-width: 540px) 100vw, 540px\" \/><figcaption class=\"wp-element-caption\">Bidhaa za mwisho za mashine ya kuinama ya CNC<\/figcaption><\/figure>    <figure class=\"wp-block-image size-large\"><img loading=\"lazy\" decoding=\"async\" width=\"540\" height=\"720\" data-id=\"4120\" src=\"https:\/\/www.baler-machines.com\/wp-content\/uploads\/2025\/03\/applications-of-end-products.webp\" alt=\"till\u00e4mpningar av slutprodukter\" class=\"wp-image-4120\" title=\"\" srcset=\"https:\/\/www.baler-machines.com\/wp-content\/uploads\/2025\/03\/applications-of-end-products.webp 540w, https:\/\/www.baler-machines.com\/wp-content\/uploads\/2025\/03\/applications-of-end-products-9x12.webp 9w\" sizes=\"auto, (max-width: 540px) 100vw, 540px\" \/><figcaption class=\"wp-element-caption\">Maombi ya bidhaa za mwisho<\/figcaption><\/figure> <\/figure>    <h2 class=\"wp-block-heading\"><strong>Manufaa ya Mashine ya Bender ya Bomba ya CNC<\/strong><\/h2>    <ul class=\"wp-block-list\"> <li>Vifaa vya kuinama vya CNC vina a <strong>Kufunga anuwai ya 10-100mm<\/strong> Na <strong>Angle anuwai ya 0-180mm<\/strong>, ambayo hufanya bomba la chuma kuinama katika maumbo anuwai.<\/li>    <li>Mashine yetu ya Bomba ya CNC <strong>Inachukua mfumo wa CNC<\/strong>, kuhakikisha kuinama sahihi kwa pembe nyingi na radii na kupunguza taka za nyenzo.<\/li>    <li>Inatumia <strong>Mfumo wa Hifadhi ya Hydraulic ya hali ya juu<\/strong>, kufanya operesheni hiyo kuwa thabiti zaidi na gharama za chini za matengenezo.<\/li>    <li>Bidhaa zake za mwisho zina <strong>Maombi mapana<\/strong>, kama vile anga, vifaa vya mazoezi ya mwili, meli, nk.<\/li> <\/ul>   <div class=\"wp-block-image\"> <figure class=\"aligncenter size-full\"><img loading=\"lazy\" decoding=\"async\" width=\"720\" height=\"540\" src=\"https:\/\/www.baler-machines.com\/wp-content\/uploads\/2025\/03\/CNC-pipe-bending-machine-for-round-tubes.webp\" alt=\"Mashine ya bomba ya CNC kwa zilizopo\" class=\"wp-image-4122\" title=\"\" srcset=\"https:\/\/www.baler-machines.com\/wp-content\/uploads\/2025\/03\/CNC-pipe-bending-machine-for-round-tubes.webp 720w, https:\/\/www.baler-machines.com\/wp-content\/uploads\/2025\/03\/CNC-pipe-bending-machine-for-round-tubes-16x12.webp 16w\" sizes=\"auto, (max-width: 720px) 100vw, 720px\" \/><figcaption class=\"wp-element-caption\">Mashine ya bomba ya CNC kwa zilizopo<\/figcaption><\/figure> <\/div>   <h2 class=\"wp-block-heading\"><strong>Vigezo vya kiufundi vya mashine ya kuinama ya CNC<\/strong><\/h2>    <p class=\"translation-block\"><strong>Vigezo vya mashine ya kupinda mirija ya mandrel<\/strong><\/p>    <figure class=\"wp-block-table\"><table><tbody><tr><td>Aina<\/td><td>Mfano 38<\/td><td>Mfano 51<\/td><td>Mfano 76<\/td><td>Mfano 100<\/td><\/tr><tr><td>Masafa ya kuinama (mm)<\/td><td>10-24<\/td><td>20-51<\/td><td>30-76<\/td><td>40-100<\/td><\/tr><tr><td>Anuwai ya pembe (digrii)<\/td><td>0-180 <\/td><td>0-180<\/td><td>0-180<\/td><td>0-180<\/td><\/tr><tr><td>Kasi kuu (RPM)<\/td><td>20<\/td><td>20<\/td><td>16<\/td><td>16<\/td><\/tr><tr><td>Saizi ya mashine (mm)<\/td><td>800*650*900<\/td><td>850*700*930<\/td><td>940*780*960<\/td><td>1020*800*960<\/td><\/tr><tr><td>Mahitaji ya unene wa ukuta (mm)<\/td><td>1-3<\/td><td>1-4<\/td><td>1-5<\/td><td>2-6<\/td><\/tr><tr><td>Nguvu ya magari<\/td><td>3kW 4-pole<br>(Kiwango cha Kitaifa)<\/td><td>3kW 4-pole<br>(Kiwango cha Kitaifa)<\/td><td>4kW 6-pole<br>(Kiwango cha Kitaifa)<\/td><td>5.5kW 6-pole<br>(Kiwango cha Kitaifa)<\/td><\/tr><tr><td>Voltage ya pembejeo<\/td><td>3-Awamu 380V<\/td><td>3-Awamu 380V<\/td><td>3-Awamu 380V<\/td><td>3-Awamu 380V<\/td><\/tr><tr><td>Uzito wa mashine (kilo)<\/td><td>230<\/td><td>260<\/td><td>290<\/td><td>360<\/td><\/tr><\/tbody><\/table><figcaption class=\"wp-element-caption\">Maelezo ya Mashine ya Bender ya Tube<\/figcaption><\/figure>    <p class=\"translation-block\"><strong>Vigezo vya mashine ya kupinda mirija ya CNC<\/strong><\/p>    <figure class=\"wp-block-table\"><table><tbody><tr><td>Aina<\/td><td>Model-5 Hydraulic CNC<\/td><td>Model-9 Hydraulic CNC<\/td><td>Model-11 Hydraulic CNC<\/td><\/tr><tr><td>Kipenyo cha bar ya chuma (mm)<\/td><td>4-28<\/td><td>4-32<\/td><td>4-36<\/td><\/tr><tr><td>Kipenyo cha bomba la pande zote (mm)<\/td><td>10-50<\/td><td>10-60<\/td><td>10-60<\/td><\/tr><tr><td>Kipenyo cha bomba la mviringo (mm)<\/td><td>30*80<\/td><td>30*80<\/td><td>30*80<\/td><\/tr><tr><td>Uzito wa mashine (kilo)<\/td><td>700<\/td><td>900<\/td><td>1050<\/td><\/tr><tr><td>Nguvu ya Magari ya Hydraulic (kW)<\/td><td>3<\/td><td>3.8<\/td><td>5.5<\/td><\/tr><tr><td>Kasi ya kusafiri (m\/min)<\/td><td>12<\/td><td>12<\/td><td>12<\/td><\/tr><tr><td>Gari la kusafiri (kW)<\/td><td>4<\/td><td>4<\/td><td>4<\/td><\/tr><tr><td>Vipimo vya jumla (mm)<\/td><td>1100*1500*1200<\/td><td>1100*1800*1200<\/td><td>1100*1800*1200<\/td><\/tr><\/tbody><\/table><figcaption class=\"wp-element-caption\">Maelezo ya mashine ya coiling ya CNC<\/figcaption><\/figure>    <h2 class=\"wp-block-heading\"><strong>Je! Mashine ya kuinama ya CNC inafanyaje kazi?<\/strong><\/h2>    <p>Mashine hii ya coiling ya CNC inadhibiti kwa usahihi mchakato wa kupiga bomba kupitia mfumo wa CNC kufikia usahihi wa hali ya juu na ufanisi mkubwa. <\/p>    <p>Kwanza, mwendeshaji huweka pembe ya kuinama, radius, kasi ya kuinama na vigezo vingine kwenye jopo la kudhibiti. <\/p>    <p>Halafu, utaratibu wa kulisha wa vifaa hulisha bomba ndani ya ukungu wa kuinama, mfumo wa kushinikiza hurekebisha bomba, na kifaa cha Hifadhi ya Hydraulic kinasukuma mkono wa kuinama kuinama kwa pembe iliyowekwa.<\/p>    <p>Mchakato wote unadhibitiwa kwa usahihi na mpango wa CNC ili kuhakikisha msimamo wa kila hatua ya kuinama na kupunguza makosa na taka za nyenzo.<\/p>    <figure class=\"wp-block-gallery has-nested-images columns-default is-cropped wp-block-gallery-3 is-layout-flex wp-block-gallery-is-layout-flex\"> <figure class=\"wp-block-image size-large\"><img loading=\"lazy\" decoding=\"async\" width=\"720\" height=\"540\" data-id=\"4126\" src=\"https:\/\/www.baler-machines.com\/wp-content\/uploads\/2025\/03\/CNC-tube-coiling-machine.webp\" alt=\"Mashine ya coiling ya CNC\" class=\"wp-image-4126\" title=\"\" srcset=\"https:\/\/www.baler-machines.com\/wp-content\/uploads\/2025\/03\/CNC-tube-coiling-machine.webp 720w, https:\/\/www.baler-machines.com\/wp-content\/uploads\/2025\/03\/CNC-tube-coiling-machine-16x12.webp 16w\" sizes=\"auto, (max-width: 720px) 100vw, 720px\" \/><figcaption class=\"wp-element-caption\">Mashine ya coiling ya CNC<\/figcaption><\/figure>    <figure class=\"wp-block-image size-large\"><img loading=\"lazy\" decoding=\"async\" width=\"720\" height=\"540\" data-id=\"4127\" src=\"https:\/\/www.baler-machines.com\/wp-content\/uploads\/2025\/03\/CNC-pipe-bender-machine-for-steel-processing.webp\" alt=\"Mashine ya bomba la CNC kwa usindikaji wa chuma\" class=\"wp-image-4127\" title=\"\" srcset=\"https:\/\/www.baler-machines.com\/wp-content\/uploads\/2025\/03\/CNC-pipe-bender-machine-for-steel-processing.webp 720w, https:\/\/www.baler-machines.com\/wp-content\/uploads\/2025\/03\/CNC-pipe-bender-machine-for-steel-processing-16x12.webp 16w\" sizes=\"auto, (max-width: 720px) 100vw, 720px\" \/><figcaption class=\"wp-element-caption\">Mashine ya bomba la CNC kwa usindikaji wa chuma<\/figcaption><\/figure> <\/figure>    <h2 class=\"wp-block-heading\"><strong>Je! Mashine ya kuinama ya Shuliy CNC inagharimu kiasi gani?<\/strong><\/h2>    <p>Bei ya Bender ya bomba la CNC inaathiriwa na sababu tofauti, kama mfano wa vifaa, uwezo wa usindikaji, mfumo wa kudhibiti, chapa na huduma za ziada. Kwa ujumla, bei ya mashine ya msingi ya bomba la CNC ni ya kiuchumi zaidi, wakati bei ya vifaa vya usanidi wa juu ni kubwa. <\/p>    <p>Ili kupata nukuu zinazofaa zaidi za vifaa, tunapendekeza wateja watoe mahitaji maalum ya usindikaji, ili tuweze kupendekeza mfano bora kwako.<\/p>    <figure class=\"wp-block-gallery has-nested-images columns-default is-cropped wp-block-gallery-4 is-layout-flex wp-block-gallery-is-layout-flex\"> <figure class=\"wp-block-image size-large\"><img loading=\"lazy\" decoding=\"async\" width=\"720\" height=\"540\" data-id=\"4123\" src=\"https:\/\/www.baler-machines.com\/wp-content\/uploads\/2025\/03\/CNC-copper-tube-bending-machine-in-the-factory.webp\" alt=\"CNC Copper Tube Bonding Mashine katika kiwanda\" class=\"wp-image-4123\" title=\"\" srcset=\"https:\/\/www.baler-machines.com\/wp-content\/uploads\/2025\/03\/CNC-copper-tube-bending-machine-in-the-factory.webp 720w, https:\/\/www.baler-machines.com\/wp-content\/uploads\/2025\/03\/CNC-copper-tube-bending-machine-in-the-factory-16x12.webp 16w\" sizes=\"auto, (max-width: 720px) 100vw, 720px\" \/><figcaption class=\"wp-element-caption\">CNC Copper Tube Bonding Mashine katika kiwanda<\/figcaption><\/figure>    <figure class=\"wp-block-image size-large\"><img loading=\"lazy\" decoding=\"async\" width=\"720\" height=\"540\" data-id=\"4124\" src=\"https:\/\/www.baler-machines.com\/wp-content\/uploads\/2025\/03\/manufactured-CNC-hydraulic-pipe-bending-machine.webp\" alt=\"Mashine ya Bomba ya Hydraulic Bomba ya Hydraulic\" class=\"wp-image-4124\" title=\"\" srcset=\"https:\/\/www.baler-machines.com\/wp-content\/uploads\/2025\/03\/manufactured-CNC-hydraulic-pipe-bending-machine.webp 720w, https:\/\/www.baler-machines.com\/wp-content\/uploads\/2025\/03\/manufactured-CNC-hydraulic-pipe-bending-machine-16x12.webp 16w\" sizes=\"auto, (max-width: 720px) 100vw, 720px\" \/><figcaption class=\"wp-element-caption\">Mashine ya Bomba ya Hydraulic Bomba ya Hydraulic<\/figcaption><\/figure> <\/figure>    <h2 class=\"wp-block-heading\"><strong>Jinsi ya kuchagua mtengenezaji wa mashine ya kuinama ya CNC tube?<\/strong><\/h2>    <p>Chagua mtengenezaji wa Bender wa Bomba la CNC anayefaa inahitaji kuzingatia mambo kadhaa muhimu. <\/p>    <ul class=\"wp-block-list\"> <li>Kwanza kabisa, ni muhimu kuchunguza <strong>Uzoefu wa kitaalam na sifa ya soko la mtengenezaji<\/strong>. Chagua chapa na miaka mingi ya uzoefu wa uzalishaji na maoni mazuri ya wateja. <\/li>    <li>Pili, <strong>Ubora na nguvu ya kiufundi ya vifaa vya kupiga bomba<\/strong> ni muhimu. Inashauriwa kuchagua wazalishaji na michakato ya uzalishaji wa hali ya juu, mfumo madhubuti wa kudhibiti ubora, na kutoa usahihi wa juu, mashine ya juu ya ufanisi. <\/li>    <li>Kwa kuongeza, <strong>Huduma ya baada ya mauzo<\/strong> pia ni maanani muhimu. Watengenezaji wa mashine ya kiwango cha juu cha CNC wanapaswa kutoa uwezo wa kutoa usanidi na mwongozo wa kuagiza, mafunzo ya utendaji, matengenezo na msaada mwingine kamili. <\/li>    <li>Mwishowe, <strong>Bei na ufanisi wa gharama<\/strong> ni muhimu pia. Inapendekezwa kuwa kulinganisha kamili kwa wazalishaji tofauti wa utendaji wa vifaa, ubora wa sehemu, na matoleo. Chagua inayofaa zaidi kwa mahitaji ya uzalishaji wa wazalishaji wa Bender ya Bomba ya CNC. <\/li> <\/ul>    <p>Kwa habari zaidi au nukuu, karibu kuwasiliana nasi!<\/p>   <div class=\"wp-block-image\"> <figure class=\"aligncenter size-full\"><img loading=\"lazy\" decoding=\"async\" width=\"720\" height=\"540\" src=\"https:\/\/www.baler-machines.com\/wp-content\/uploads\/2025\/03\/CNC-tube-bending-machine-supplier.webp\" alt=\"CNC Tube Bending Mashine wasambazaji\" class=\"wp-image-4125\" title=\"\" srcset=\"https:\/\/www.baler-machines.com\/wp-content\/uploads\/2025\/03\/CNC-tube-bending-machine-supplier.webp 720w, https:\/\/www.baler-machines.com\/wp-content\/uploads\/2025\/03\/CNC-tube-bending-machine-supplier-16x12.webp 16w\" sizes=\"auto, (max-width: 720px) 100vw, 720px\" \/><figcaption class=\"wp-element-caption\">CNC Tube Bending Mashine wasambazaji<\/figcaption><\/figure> <\/div>   <h2 class=\"wp-block-heading\"><strong>Wasiliana nasi kwa nukuu sasa!<\/strong><\/h2>    <p class=\"translation-block\">Ikiwa una nia ya mashine ya kupinda mirija ya CNC, karibu kuwasiliana nasi kwa maelezo zaidi! Pia tuna mashine zingine za kuchakata baa za chuma, kama vile <a href=\"https:\/\/www.baler-machines.com\/sw\/rebar-straightening-machine\/\">nyosha baa za chuma<\/a>, <a href=\"https:\/\/www.baler-machines.com\/sw\/cnc-spiral-rebar-bending-machine\/\">mashine ya kutengeneza pete za rebar<\/a>, kipinda cha kishikilia rebar, n.k. Haijalishi unataka kufanya nini na <a href=\"https:\/\/en.wikipedia.org\/wiki\/Rebar\" target=\"_blank\" rel=\"noopener\">rebar<\/a> yako, tuna mashine inayokufaa! Kwa hivyo, ikiwa una hitaji, wasiliana nasi wakati wowote!<\/p>","protected":false},"excerpt":{"rendered":"<p>Shuliy CNC Tube Mashine ya kuinama inainama mraba au bomba la chuma la pande zote ndani ya maumbo taka na safu ya 10-100mm ya kuinama na 0-180 \u2103 angle anuwai.<\/p>","protected":false},"author":1,"featured_media":4119,"parent":0,"template":"","tags":[644,641,643],"product-type":[640],"class_list":["post-4115","product","type-product","status-publish","has-post-thumbnail","hentry","tag-pipe","tag-rebar","tag-steel-bar","product-type-rebar-processing-equipment"],"_links":{"self":[{"href":"https:\/\/www.baler-machines.com\/sw\/wp-json\/wp\/v2\/product\/4115","targetHints":{"allow":["GET"]}}],"collection":[{"href":"https:\/\/www.baler-machines.com\/sw\/wp-json\/wp\/v2\/product"}],"about":[{"href":"https:\/\/www.baler-machines.com\/sw\/wp-json\/wp\/v2\/types\/product"}],"author":[{"embeddable":true,"href":"https:\/\/www.baler-machines.com\/sw\/wp-json\/wp\/v2\/users\/1"}],"wp:featuredmedia":[{"embeddable":true,"href":"https:\/\/www.baler-machines.com\/sw\/wp-json\/wp\/v2\/media\/4119"}],"wp:attachment":[{"href":"https:\/\/www.baler-machines.com\/sw\/wp-json\/wp\/v2\/media?parent=4115"}],"wp:term":[{"taxonomy":"post_tag","embeddable":true,"href":"https:\/\/www.baler-machines.com\/sw\/wp-json\/wp\/v2\/tags?post=4115"},{"taxonomy":"product-type","embeddable":true,"href":"https:\/\/www.baler-machines.com\/sw\/wp-json\/wp\/v2\/product-type?post=4115"}],"curies":[{"name":"wp","href":"https:\/\/api.w.org\/{rel}","templated":true}]}}