{"id":4102,"date":"2025-03-06T17:50:15","date_gmt":"2025-03-06T09:50:15","guid":{"rendered":"https:\/\/www.baler-machines.com\/?post_type=product&#038;p=4102"},"modified":"2025-03-06T17:53:23","modified_gmt":"2025-03-06T09:53:23","slug":"rebar-straightening-machine","status":"publish","type":"product","link":"https:\/\/www.baler-machines.com\/sw\/rebar-straightening-machine\/","title":{"rendered":"Mashine ya moja kwa moja ya kunyoosha taka kwa kuuza"},"content":{"rendered":"<p class=\"translation-block\">Shuliy <strong>armeringsj\u00e4rn r\u00e4tande maskin<\/strong> \u00e4r designad f\u00f6r att r\u00e4ta ut b\u00f6jda eller deformerade skrotst\u00e5lst\u00e4nger (med en diameter p\u00e5 6-25mm) f\u00f6r \u00e5teranv\u00e4ndning. Efter r\u00e4tning minskar volymen av armeringsj\u00e4rnet, vilket g\u00f6r det l\u00e4tt att transportera.<\/p>    <p>Inayo urefu wa kunyoosha wa 500-2000mm na wakati wa kunyoosha wa mara 20 kwa wakati.<\/p>    <p>Mashine hii ya kuchakata taka ya chuma inaboresha thamani ya utumiaji wa baa za chuma na hupunguza taka, ambayo hutumiwa sana katika ujenzi wa ujenzi, mimea ya usindikaji wa chuma, vituo vya kuchakata chuma, na uwanja mwingine. Ikiwa unavutiwa, karibu kuwasiliana nasi kwa maelezo zaidi!<\/p>    <figure class=\"wp-block-embed is-type-video is-provider-youtube wp-block-embed-youtube wp-embed-aspect-16-9 wp-has-aspect-ratio\"><div class=\"wp-block-embed__wrapper\"> <iframe loading=\"lazy\" title=\"Mashine ya kunyoosha taka ya chuma kwa njia ya kunyoosha bar ya chakavu ya chakavu\" width=\"500\" height=\"281\" src=\"https:\/\/www.youtube.com\/embed\/2trV77C-QWQ?feature=oembed\" frameborder=\"0\" allow=\"accelerometer; autoplay; clipboard-write; encrypted-media; gyroscope; picture-in-picture; web-share\" referrerpolicy=\"strict-origin-when-cross-origin\" allowfullscreen><\/iframe> <\/div><\/figure>    <h2 class=\"wp-block-heading\"><strong>Manufaa ya mashine ya kunyoosha chakavu<\/strong><\/h2>    <ul class=\"wp-block-list\"> <li>Inaweza <strong>Baa moja kwa moja au iliyoharibika (6-25mm) na pato la mara 20 kwa wakati,<\/strong> ambayo ni bora.<\/li>    <li>Mashine hii ya chuma chakavu ya chuma ina <strong>Mashimo 5 au shimo 6 na kulisha-umbo la T.<\/strong>, rahisi kulisha na kudumu.<\/li>    <li>The <strong>Gia imetengenezwa kwa vifaa vyenye unene<\/strong>, Vaa sugu, kuwa na maisha marefu ya huduma.<\/li>    <li>The <strong>Shindano la joto la juu la kuzima shinikizo linachukua vifaa vya chuma 40<\/strong>, Kufanya Rearr kuwa na athari nzuri ya kunyoosha.<\/li> <\/ul>    <figure class=\"wp-block-gallery has-nested-images columns-default is-cropped wp-block-gallery-2 is-layout-flex wp-block-gallery-is-layout-flex\"> <figure class=\"wp-block-image size-large\"><img loading=\"lazy\" decoding=\"async\" width=\"720\" height=\"540\" data-id=\"4105\" src=\"https:\/\/www.baler-machines.com\/wp-content\/uploads\/2025\/03\/scrap-steel-bar-rebar-rod-straightening-machine-for-sale.webp\" alt=\"\u00a0chakavu chuma bar rebar fimbo kunyoosha mashine kwa kuuza\" class=\"wp-image-4105\" title=\"\" srcset=\"https:\/\/www.baler-machines.com\/wp-content\/uploads\/2025\/03\/scrap-steel-bar-rebar-rod-straightening-machine-for-sale.webp 720w, https:\/\/www.baler-machines.com\/wp-content\/uploads\/2025\/03\/scrap-steel-bar-rebar-rod-straightening-machine-for-sale-16x12.webp 16w\" sizes=\"auto, (max-width: 720px) 100vw, 720px\" \/><figcaption class=\"wp-element-caption\">\u00a0Chakavu chuma bar rebar fimbo kunyoosha mashine kwa kuuza<\/figcaption><\/figure>    <figure class=\"wp-block-image size-large\"><img loading=\"lazy\" decoding=\"async\" width=\"720\" height=\"540\" data-id=\"4106\" src=\"https:\/\/www.baler-machines.com\/wp-content\/uploads\/2025\/03\/feeding-holes-of-scrap-rebar-straightener-machine.webp\" alt=\"shimo za kulisha za mashine ya kusawazisha rebar za taka\" class=\"wp-image-4106\" title=\"\" srcset=\"https:\/\/www.baler-machines.com\/wp-content\/uploads\/2025\/03\/feeding-holes-of-scrap-rebar-straightener-machine.webp 720w, https:\/\/www.baler-machines.com\/wp-content\/uploads\/2025\/03\/feeding-holes-of-scrap-rebar-straightener-machine-16x12.webp 16w\" sizes=\"auto, (max-width: 720px) 100vw, 720px\" \/><figcaption class=\"wp-element-caption\">Kulisha mashimo ya mashine ya kunyoosha ya chakavu<\/figcaption><\/figure> <\/figure>    <h2 class=\"wp-block-heading\"><strong>Vigezo vya kiufundi vya mashine ya kunyoosha chuma<\/strong><\/h2>    <figure class=\"wp-block-table\"><table><tbody><tr><td>Mfano<\/td><td>6-10<\/td><td>6-14<\/td><td>8-16<\/td><td>14-25<\/td><\/tr><tr><td>Kunyoosha kipenyo cha fimbo<\/td><td>6-10mm<\/td><td>6-14mm<\/td><td>8-16mm<\/td><td>14-25mm<\/td><\/tr><tr><td>Nyakati za kunyoosha<\/td><td>Shimo 5, mara 20\/wakati<\/td><td>Shimo 5, mara 20\/wakati<\/td><td>Shimo 5, mara 20\/wakati<\/td><td>Shimo 6, mara 20\/wakati<\/td><\/tr><tr><td>Urefu wa kunyoosha<\/td><td>500-2000mm<\/td><td>500-2000mm<\/td><td>500-2000mm<\/td><td>500-2000mm<\/td><\/tr><tr><td>Nguvu ya magari<\/td><td>4kW<\/td><td>5kW<\/td><td>5kW<\/td><td>15kW<\/td><\/tr><tr><td>Uzito wa mashine<\/td><td>570kg<\/td><td>730kg<\/td><td>750kg<\/td><td>980kg<\/td><\/tr><tr><td>Vipimo vya mashine<\/td><td>1100*720*1150mm<\/td><td>1200*7890*1220mm<\/td><td>1250*820*1300mm<\/td><td>1550*890*1600mm<\/td><\/tr><\/tbody><\/table><figcaption class=\"wp-element-caption\">Maelezo maalum ya mashine ya moja kwa moja ya chuma<\/figcaption><\/figure>   <div class=\"wp-block-image\"> <figure class=\"aligncenter size-full\"><img loading=\"lazy\" decoding=\"async\" width=\"720\" height=\"540\" src=\"https:\/\/www.baler-machines.com\/wp-content\/uploads\/2025\/03\/waste-rebar-straightening-machine-for-sale-in-stock.webp\" alt=\"Mashine ya kunyoosha taka ya taka inauzwa katika hisa\" class=\"wp-image-4107\" title=\"\" srcset=\"https:\/\/www.baler-machines.com\/wp-content\/uploads\/2025\/03\/waste-rebar-straightening-machine-for-sale-in-stock.webp 720w, https:\/\/www.baler-machines.com\/wp-content\/uploads\/2025\/03\/waste-rebar-straightening-machine-for-sale-in-stock-16x12.webp 16w\" sizes=\"auto, (max-width: 720px) 100vw, 720px\" \/><figcaption class=\"wp-element-caption\">Mashine ya kunyoosha taka ya taka inauzwa katika hisa<\/figcaption><\/figure> <\/div>   <h2 class=\"wp-block-heading\"><strong>Maombi ya mashine ya kunyoosha taka taka<\/strong><\/h2>    <p>Mashine yetu ya kunyoosha chakavu hutumika sana katika tasnia nyingi kama ujenzi, daraja, ujenzi wa barabara, kuchakata chuma chakavu, nk Maombi yake kuu ni pamoja na:<\/p>    <ul class=\"wp-block-list\"> <li><strong>Sekta ya ujenzi<\/strong>: Baa za chuma zilizokataliwa kwenye tovuti ya ujenzi zinaweza kutumika tena kwa ujenzi baada ya kutibiwa na mashine ya kunyoosha ili kupunguza taka.<\/li>    <li><strong>Kiwanda cha kusindika bar ya chuma<\/strong>: Inatumika kunyoosha baa za chuma zilizochakatwa kabla ya kukata na kulehemu ili kuboresha thamani ya matumizi ya baa za chuma.<\/li>    <li><strong>Kituo cha kuchakata chuma chakavu<\/strong>: Saidia kituo cha kuchakata kusindika rebar ya chakavu vizuri na kuboresha faida ya kiuchumi ya chuma kilichosindika.<\/li>    <li><strong>Ujenzi wa daraja<\/strong>Baadhi ya baa za chuma chakavu zinaweza kutumika tena katika ujenzi wa daraja baada ya kunyoosha na usindikaji, kupunguza gharama za ujenzi.<\/li> <\/ul>    <figure class=\"wp-block-gallery has-nested-images columns-default is-cropped wp-block-gallery-3 is-layout-flex wp-block-gallery-is-layout-flex\"> <figure class=\"wp-block-image size-large\"><img loading=\"lazy\" decoding=\"async\" width=\"725\" height=\"435\" data-id=\"4110\" src=\"https:\/\/www.baler-machines.com\/wp-content\/uploads\/2025\/03\/bent-or-deformed-steel-bars.webp\" alt=\"mabati yaliyopinda au yaliyoharibika\" class=\"wp-image-4110\" title=\"\" srcset=\"https:\/\/www.baler-machines.com\/wp-content\/uploads\/2025\/03\/bent-or-deformed-steel-bars.webp 725w, https:\/\/www.baler-machines.com\/wp-content\/uploads\/2025\/03\/bent-or-deformed-steel-bars-18x12.webp 18w\" sizes=\"auto, (max-width: 725px) 100vw, 725px\" \/><figcaption class=\"wp-element-caption\">Baa za chuma au zilizoharibika<\/figcaption><\/figure>    <figure class=\"wp-block-image size-large\"><img loading=\"lazy\" decoding=\"async\" width=\"727\" height=\"439\" data-id=\"4111\" src=\"https:\/\/www.baler-machines.com\/wp-content\/uploads\/2025\/03\/straightened-rebars.webp\" alt=\"rebars zilizowekwa sawa\" class=\"wp-image-4111\" title=\"\" srcset=\"https:\/\/www.baler-machines.com\/wp-content\/uploads\/2025\/03\/straightened-rebars.webp 727w, https:\/\/www.baler-machines.com\/wp-content\/uploads\/2025\/03\/straightened-rebars-18x12.webp 18w\" sizes=\"auto, (max-width: 727px) 100vw, 727px\" \/><figcaption class=\"wp-element-caption\">Rebars moja kwa moja<\/figcaption><\/figure> <\/figure>    <h2 class=\"wp-block-heading\"><strong>Je! Shuliy Steel Bar inafanyaje kazi?<\/strong><\/h2>    <p>Mashine ya kunyoosha bar ya pande zote inakamilisha kazi ya kunyoosha kupitia utaratibu wa kunyoosha na mfumo wa traction, na mtiririko wa msingi ni kama ifuatavyo:<\/p>    <ol class=\"wp-block-list\"> <li><strong>Kulisha<\/strong>: Baa ya chuma iliyoinama au iliyoharibika huingia kwenye mashine kupitia bandari ya kulisha.<\/li>    <li><strong>Kunyoosha<\/strong>: Baa hupitia magurudumu kadhaa ya kunyoosha, hutegemea mvutano wa mitambo ili kunyoosha hatua kwa hatua.<\/li>    <li><strong>Matokeo ya bidhaa iliyomalizika<\/strong>: Mwishowe pata rebar na moja kwa moja, ambayo inaweza kutumika kwa ujenzi au kuchakata tena.<\/li> <\/ol>   <div class=\"wp-block-image\"> <figure class=\"aligncenter size-full\"><img loading=\"lazy\" decoding=\"async\" width=\"720\" height=\"540\" src=\"https:\/\/www.baler-machines.com\/wp-content\/uploads\/2025\/03\/automatic-steel-rod-straightening-machine.webp\" alt=\"Mashine ya kunyoosha chuma ya moja kwa moja\" class=\"wp-image-4112\" title=\"\" srcset=\"https:\/\/www.baler-machines.com\/wp-content\/uploads\/2025\/03\/automatic-steel-rod-straightening-machine.webp 720w, https:\/\/www.baler-machines.com\/wp-content\/uploads\/2025\/03\/automatic-steel-rod-straightening-machine-16x12.webp 16w\" sizes=\"auto, (max-width: 720px) 100vw, 720px\" \/><figcaption class=\"wp-element-caption\">Mashine ya kunyoosha chuma ya moja kwa moja<\/figcaption><\/figure> <\/div>   <h2 class=\"wp-block-heading\"><strong>Ni kiasi gani cha mashine ya kusawazisha rebar?<\/strong><\/h2>    <p>Bei ya mashine ya kunyoosha bar ya pande zote huathiriwa na sababu kadhaa, pamoja na mfano, uainishaji, na nyenzo za vifaa. Aina tofauti za vifaa zina ukubwa tofauti wa uainishaji, zinazoathiri upeo wa programu. Chaguo la nyenzo linahusiana na uimara na maisha ya huduma ya vifaa. Sababu hizi pamoja huamua bei ya mwisho ya vifaa.<\/p>    <p>Unataka kupata nukuu maalum? Jisikie huru kuwasiliana nasi!<\/p>   <div class=\"wp-block-image\"> <figure class=\"aligncenter size-full\"><img loading=\"lazy\" decoding=\"async\" width=\"720\" height=\"540\" src=\"https:\/\/www.baler-machines.com\/wp-content\/uploads\/2025\/03\/scrap-steel-bar-straightener-machine.webp\" alt=\"Mashine ya chuma chakavu\" class=\"wp-image-4113\" title=\"\" srcset=\"https:\/\/www.baler-machines.com\/wp-content\/uploads\/2025\/03\/scrap-steel-bar-straightener-machine.webp 720w, https:\/\/www.baler-machines.com\/wp-content\/uploads\/2025\/03\/scrap-steel-bar-straightener-machine-16x12.webp 16w\" sizes=\"auto, (max-width: 720px) 100vw, 720px\" \/><figcaption class=\"wp-element-caption\">6-25mm chakavu cha chuma cha chakavu<\/figcaption><\/figure> <\/div>   <h2 class=\"wp-block-heading\"><strong>Shuliy: Mtaalam wa Rebar Rebar Kunyoosha Mashine na muuzaji<\/strong><\/h2>    <p>Shuliy ni mtengenezaji wa kitaalam wa mashine za kunyoosha chuma chakavu na uzoefu mzuri wa uzalishaji na teknolojia ya kukomaa. Bidhaa zetu ni maarufu kwa ubora wa hali ya juu, ufanisi mkubwa na matumizi ya chini ya nishati, ambayo inaaminika na wateja kote ulimwenguni. Tunatoa:<\/p>    <ul class=\"wp-block-list\"> <li>Aina kamili ya vifaa vya kunyoosha chuma vya chuma kwa mahitaji tofauti<\/li>    <li>Msaada wa kiufundi na mafunzo ili kuhakikisha matumizi laini ya vifaa<\/li>    <li>Huduma ya haraka baada ya mauzo ili kuhakikisha operesheni thabiti ya vifaa vya muda mrefu<\/li> <\/ul>    <p>Ikiwa unahitaji mashine bora ya rebar ya rebar, Shuliy ni chaguo lako bora!<\/p>    <figure class=\"wp-block-gallery aligncenter has-nested-images columns-default is-cropped wp-block-gallery-4 is-layout-flex wp-block-gallery-is-layout-flex\"> <figure class=\"wp-block-image size-full\"><img loading=\"lazy\" decoding=\"async\" width=\"720\" height=\"540\" data-id=\"4109\" src=\"https:\/\/www.baler-machines.com\/wp-content\/uploads\/2025\/03\/steel-wire-straightening-machine-in-the-factory.webp\" alt=\"Mashine ya kunyoosha waya ya chuma kwenye kiwanda\" class=\"wp-image-4109\" title=\"\" srcset=\"https:\/\/www.baler-machines.com\/wp-content\/uploads\/2025\/03\/steel-wire-straightening-machine-in-the-factory.webp 720w, https:\/\/www.baler-machines.com\/wp-content\/uploads\/2025\/03\/steel-wire-straightening-machine-in-the-factory-16x12.webp 16w\" sizes=\"auto, (max-width: 720px) 100vw, 720px\" \/><figcaption class=\"wp-element-caption\">Mashine ya kunyoosha waya ya chuma kwenye kiwanda<\/figcaption><\/figure>    <figure class=\"wp-block-image size-full\"><img loading=\"lazy\" decoding=\"async\" width=\"720\" height=\"540\" data-id=\"4108\" src=\"https:\/\/www.baler-machines.com\/wp-content\/uploads\/2025\/03\/round-bar-straightening-machine-manufacturer.webp\" alt=\"Baa ya kunyoosha mtengenezaji wa mashine\" class=\"wp-image-4108\" title=\"\" srcset=\"https:\/\/www.baler-machines.com\/wp-content\/uploads\/2025\/03\/round-bar-straightening-machine-manufacturer.webp 720w, https:\/\/www.baler-machines.com\/wp-content\/uploads\/2025\/03\/round-bar-straightening-machine-manufacturer-16x12.webp 16w\" sizes=\"auto, (max-width: 720px) 100vw, 720px\" \/><figcaption class=\"wp-element-caption\">Baa ya kunyoosha mtengenezaji wa mashine<\/figcaption><\/figure> <\/figure>    <h2 class=\"wp-block-heading\"><strong>Jinsi ya Oder moja taka ya chuma bar ya kuchakata mashine kutoka Shuliy?<\/strong><\/h2>    <p>Mchakato wa kuagiza ni haraka na rahisi, unaweza kufuata hatua zilizo chini:<\/p>    <ol class=\"wp-block-list\"> <li><strong>Wasiliana nasi<\/strong>: Wasiliana nasi kupitia habari ya mawasiliano mkondoni upande wa kulia wa ukurasa wa wavuti.<\/li>    <li><strong>Sema mahitaji yako<\/strong>: Toa mahitaji yako maalum, kama kipenyo cha rebar, urefu wa kunyoosha, uwezo wa usindikaji, na kadhalika.<\/li>    <li><strong>Chagua vifaa<\/strong>tutapendekeza mfano sahihi kulingana na mahitaji yako, na kutoa vigezo na nukuu za kina.<\/li>    <li><strong>Thibitisha agizo<\/strong>: Kila kitu kimethibitishwa, wote saini mkataba na kulipa amana.<\/li>    <li><strong>Uzalishaji na upimaji<\/strong>tutakamilisha uzalishaji ndani ya muda uliotolewa na kufanya majaribio ili kuhakikisha ubora wa mashine.<\/li>    <li><strong>Usafirishaji<\/strong>: Vifaa vya kunyoosha chuma vitapelekwa na bahari (kawaida) na kufika kwenye marudio kwa wakati.<\/li> <\/ol>   <div class=\"wp-block-image\"> <figure class=\"aligncenter size-full\"><img loading=\"lazy\" decoding=\"async\" width=\"720\" height=\"540\" src=\"https:\/\/www.baler-machines.com\/wp-content\/uploads\/2025\/03\/waste-steel-bar-recycling-machine-for-rebar-straightening.webp\" alt=\"Mashine ya kuchakata chuma cha taka kwa kunyoosha rebar\" class=\"wp-image-4114\" title=\"\" srcset=\"https:\/\/www.baler-machines.com\/wp-content\/uploads\/2025\/03\/waste-steel-bar-recycling-machine-for-rebar-straightening.webp 720w, https:\/\/www.baler-machines.com\/wp-content\/uploads\/2025\/03\/waste-steel-bar-recycling-machine-for-rebar-straightening-16x12.webp 16w\" sizes=\"auto, (max-width: 720px) 100vw, 720px\" \/><figcaption class=\"wp-element-caption\">Mashine ya kuchakata chuma cha taka kwa kunyoosha rebar<\/figcaption><\/figure> <\/div>   <h2 class=\"wp-block-heading\"><strong>Wasiliana nasi sasa kwa maelezo zaidi!<\/strong><\/h2>    <p class=\"translation-block\">F\u00f6rutom armeringsj\u00e4rn r\u00e4tande maskin tillhandah\u00e5ller vi ocks\u00e5 olika utrustningar f\u00f6r bearbetning av st\u00e5lst\u00e4nger, s\u00e5som <a href=\"https:\/\/www.baler-machines.com\/sw\/cnc-spiral-rebar-bending-machine\/\">maskin f\u00f6r tillverkning av armeringsringar<\/a>, stirrup bender, r\u00f6rb\u00f6jningsmaskin, etc. <\/p>    <p class=\"translation-block\">Ikiwa una nia, au unataka kujua mfano maalum, bei na habari zingine, karibu kuwasiliana nasi wakati wowote. Tutatoa maelezo na suluhisho linalofaa zaidi kwa biashara yako ya usindikaji wa <a href=\"https:\/\/en.wikipedia.org\/wiki\/Steel_bar\" target=\"_blank\" rel=\"noopener\">baa za chuma<\/a>.<\/p>","protected":false},"excerpt":{"rendered":"<p>Mashine ya kunyoosha rebar ya Shuliy imeundwa kunyoosha baa za chuma zilizopigwa au zilizoharibika (na kipenyo cha 6-25mm) kwa utumiaji tena, na urefu wa kunyoosha wa 500-2000mm.<\/p>","protected":false},"author":1,"featured_media":4104,"parent":0,"template":"","tags":[641,643],"product-type":[640],"class_list":["post-4102","product","type-product","status-publish","has-post-thumbnail","hentry","tag-rebar","tag-steel-bar","product-type-rebar-processing-equipment"],"_links":{"self":[{"href":"https:\/\/www.baler-machines.com\/sw\/wp-json\/wp\/v2\/product\/4102","targetHints":{"allow":["GET"]}}],"collection":[{"href":"https:\/\/www.baler-machines.com\/sw\/wp-json\/wp\/v2\/product"}],"about":[{"href":"https:\/\/www.baler-machines.com\/sw\/wp-json\/wp\/v2\/types\/product"}],"author":[{"embeddable":true,"href":"https:\/\/www.baler-machines.com\/sw\/wp-json\/wp\/v2\/users\/1"}],"wp:featuredmedia":[{"embeddable":true,"href":"https:\/\/www.baler-machines.com\/sw\/wp-json\/wp\/v2\/media\/4104"}],"wp:attachment":[{"href":"https:\/\/www.baler-machines.com\/sw\/wp-json\/wp\/v2\/media?parent=4102"}],"wp:term":[{"taxonomy":"post_tag","embeddable":true,"href":"https:\/\/www.baler-machines.com\/sw\/wp-json\/wp\/v2\/tags?post=4102"},{"taxonomy":"product-type","embeddable":true,"href":"https:\/\/www.baler-machines.com\/sw\/wp-json\/wp\/v2\/product-type?post=4102"}],"curies":[{"name":"wp","href":"https:\/\/api.w.org\/{rel}","templated":true}]}}