{"id":4074,"date":"2025-03-04T18:06:14","date_gmt":"2025-03-04T10:06:14","guid":{"rendered":"https:\/\/www.baler-machines.com\/?post_type=product&#038;p=4074"},"modified":"2025-04-11T11:28:47","modified_gmt":"2025-04-11T03:28:47","slug":"cnc-spiral-rebar-bending-machine","status":"publish","type":"product","link":"https:\/\/www.baler-machines.com\/sw\/cnc-spiral-rebar-bending-machine\/","title":{"rendered":"CNC Spiral Rebar Kupiga Mashine kwa Bar Pete Hooping kutengeneza"},"content":{"rendered":"<p class=\"translation-block\">Shuliy <strong>spiral rebar bending machine<\/strong> inaweza kuchakata haraka na kwa usahihi baa za chuma za 3-25mm kuwa pete za mviringo zenye kipenyo cha 50-1000mm. Hutengeneza nanga za rundo za ardhi, zinazotumiwa katika reli za mwendo kasi, metro, nguvu za fotovoltaiki, na miradi mingine.<\/p>    <p>Cirklarna som produceras av denna maskin f\u00f6r att g\u00f6ra armeringsringar kan vara en eller kopplade, beroende fr\u00e4mst p\u00e5 kundens efterfr\u00e5gan. Om du \u00e4r intresserad, v\u00e4lkommen att kontakta oss f\u00f6r mer information!<\/p>    <figure class=\"wp-block-embed is-type-video is-provider-youtube wp-block-embed-youtube wp-embed-aspect-16-9 wp-has-aspect-ratio\"><div class=\"wp-block-embed__wrapper\"> <iframe loading=\"lazy\" title=\"Mashine ya kutengeneza pete ya CNC Spiral | Moja kwa moja rebar hooping kutengeneza mashine ya kuchochea waya wa waya\" width=\"500\" height=\"281\" src=\"https:\/\/www.youtube.com\/embed\/q6EycUH_dS4?feature=oembed\" frameborder=\"0\" allow=\"accelerometer; autoplay; clipboard-write; encrypted-media; gyroscope; picture-in-picture; web-share\" referrerpolicy=\"strict-origin-when-cross-origin\" allowfullscreen><\/iframe> <\/div><figcaption class=\"wp-element-caption\">Spiral hooping pande zote kutengeneza mashine<\/figcaption><\/figure>    <h2 class=\"wp-block-heading\"><strong>Bidhaa zilizokamilika na matumizi ya mashine ya kupiga marufuku ya spiral<\/strong><\/h2>    <p>Mashine ya kutengeneza spiral rebar hutumiwa sana kusindika maelezo anuwai ya ond na pande zote kwenye miduara na kipenyo tofauti (kilichoonyeshwa hapa chini), kinachotumika sana katika reli ya kasi, barabara kuu, daraja, kituo cha nguvu cha Photovoltaic, uhandisi wa ujenzi na uwanja mwingine.<\/p>    <ul class=\"wp-block-list\"> <li><strong>Rundo la chini<\/strong>: Inatumika kwa uimarishaji na msaada wa misingi katika reli ya kasi kubwa, barabara kuu na miradi mingine.<\/li>    <li><strong>Ujenzi wa ujenzi<\/strong>N: Inatumika kwa utengenezaji wa vifaa vya bar ya chuma kwa miundo anuwai ya jengo.<\/li>    <li><strong>Kituo cha Nguvu cha Photovoltaic<\/strong>: Inatumika kwa uimarishaji wa msingi wa milipuko ya Photovoltaic ili kuboresha utulivu wa ufungaji.<\/li>    <li><strong>Ujenzi wa daraja<\/strong>: Kwa usindikaji wa baa za chuma za ond kwa miundo ya daraja ili kuongeza utulivu wa daraja.<\/li> <\/ul>   <div class=\"wp-block-image\"> <figure class=\"aligncenter size-full\"><img loading=\"lazy\" decoding=\"async\" width=\"720\" height=\"540\" src=\"https:\/\/www.baler-machines.com\/wp-content\/uploads\/2025\/03\/end-products-and-applications-of-spiral-rebar-bender-machine.webp\" alt=\"Bidhaa za kumaliza na matumizi ya mashine ya bender rebar rebar\" class=\"wp-image-4077\" title=\"\" srcset=\"https:\/\/www.baler-machines.com\/wp-content\/uploads\/2025\/03\/end-products-and-applications-of-spiral-rebar-bender-machine.webp 720w, https:\/\/www.baler-machines.com\/wp-content\/uploads\/2025\/03\/end-products-and-applications-of-spiral-rebar-bender-machine-16x12.webp 16w\" sizes=\"auto, (max-width: 720px) 100vw, 720px\" \/><figcaption class=\"wp-element-caption\">Bidhaa za kumaliza na matumizi ya mashine ya bender rebar rebar<\/figcaption><\/figure> <\/div>   <h2 class=\"wp-block-heading\"><strong>Manufaa ya Mashine ya Kuunda ya Shuliy CNC Spiral Rebar<\/strong><\/h2>    <ul class=\"wp-block-list\"> <li>Mashine yetu inaweza kusindika <strong>Rebar na kipenyo cha 3-25mm<\/strong> na tengeneza <strong>Duru zilizo na kipenyo cha 50-3000mm<\/strong>.<\/li>    <li>Shuliy CNC Mashine moja kwa moja ya kuzungusha rebar ina <strong>Kasi ya kufanya kazi ya 16-30m\/min<\/strong> na a <strong>Kosa la kufanya kazi la \u00b1 0.2mm<\/strong>.<\/li>    <li>Inachukua a <strong>Mfumo wa Udhibiti wa PLC<\/strong>, kutambua operesheni moja kwa moja, ambayo ni bora sana.<\/li>    <li>Mashine hii ya kuzunguka pande zote ina <strong>Muundo thabiti<\/strong>, Operesheni thabiti, inayofaa kwa usindikaji wa kiasi kikubwa.<\/li>    <li>The <strong>interface ya angavu<\/strong> ni rahisi na rahisi kwa waendeshaji kuanza.<\/li> <\/ul>    <figure class=\"wp-block-gallery has-nested-images columns-default is-cropped wp-block-gallery-2 is-layout-flex wp-block-gallery-is-layout-flex\"> <figure class=\"wp-block-image size-full\"><img loading=\"lazy\" decoding=\"async\" width=\"720\" height=\"540\" data-id=\"4089\" src=\"https:\/\/www.baler-machines.com\/wp-content\/uploads\/2025\/03\/3-6mm-spiral-hooping-round-bending-machine.webp\" alt=\"3-6mm ond hooping pande zote mashine\" class=\"wp-image-4089\" title=\"\" srcset=\"https:\/\/www.baler-machines.com\/wp-content\/uploads\/2025\/03\/3-6mm-spiral-hooping-round-bending-machine.webp 720w, https:\/\/www.baler-machines.com\/wp-content\/uploads\/2025\/03\/3-6mm-spiral-hooping-round-bending-machine-16x12.webp 16w\" sizes=\"auto, (max-width: 720px) 100vw, 720px\" \/><figcaption class=\"wp-element-caption\">3-6mm ond hooping pande zote mashine<\/figcaption><\/figure>    <figure class=\"wp-block-image size-full\"><img loading=\"lazy\" decoding=\"async\" width=\"720\" height=\"540\" data-id=\"4090\" src=\"https:\/\/www.baler-machines.com\/wp-content\/uploads\/2025\/03\/8-12mm-spiral-steel-bar-bending-machine.webp\" alt=\"8-12mm Spiral Steel Bar Mashine\" class=\"wp-image-4090\" title=\"\" srcset=\"https:\/\/www.baler-machines.com\/wp-content\/uploads\/2025\/03\/8-12mm-spiral-steel-bar-bending-machine.webp 720w, https:\/\/www.baler-machines.com\/wp-content\/uploads\/2025\/03\/8-12mm-spiral-steel-bar-bending-machine-16x12.webp 16w\" sizes=\"auto, (max-width: 720px) 100vw, 720px\" \/><figcaption class=\"wp-element-caption\">8-12mm Spiral Steel Bar Mashine<\/figcaption><\/figure> <\/figure>    <h2 class=\"wp-block-heading\"><strong>Vigezo vya kiufundi vya mashine moja kwa moja ya spiral rebar<\/strong><\/h2>    <figure class=\"wp-block-table\"><table><tbody><tr><td>Mfano<\/td><td>3-6<\/td><td>6-10<\/td><td>8-12<\/td><td>10-14<\/td><td>16-20<\/td><td>22-25<\/td><\/tr><tr><td>Kipenyo cha bar cha chuma kinachotumika<\/td><td>3-6mm<\/td><td>6-10mm<\/td><td>8-12mm<\/td><td>10-14mm<\/td><td>16-20mm<\/td><td>22-25mm<\/td><\/tr><tr><td>Jumla ya nguvu ya gari<\/td><td>4kW<\/td><td>5.5kW<\/td><td>7kW<\/td><td>7kW<\/td><td>11kW<\/td><td>15kW<\/td><\/tr><tr><td>Kumaliza kipenyo cha pete ya chuma<\/td><td>50-1000mm<\/td><td>50-800mm<\/td><td>50-1500mm<\/td><td>50-1800mm<\/td><td>50-2200mm<\/td><td>50-3000mm<\/td><\/tr><tr><td>Kasi ya kusafiri<\/td><td>16-25m\/min<\/td><td>16-25m\/min<\/td><td>16-25m\/min<\/td><td>16-25m\/min<\/td><td>16-30m\/min<\/td><td>16-30m\/min<\/td><\/tr><tr><td>Kosa la kufanya kazi<\/td><td>\u00b1 0.2mm<\/td><td>\u00b1 0.2mm<\/td><td>\u00b1 0.2mm<\/td><td>\u00b1 0.2mm<\/td><td>\u00b1 0.2mm<\/td><td>\u00b1 0.2mm<\/td><\/tr><tr><td>Vipimo vya jumla<\/td><td>1.45*0.8*1.2m<\/td><td>1.55*0.8*1.3m<\/td><td>1.55*0.8*1.3m<\/td><td>1.6*0.8*1.35m<\/td><td>2.1*0.9*1.5m<\/td><td>2.3*0.9*1.7m<\/td><\/tr><tr><td>Uzito wa mashine<\/td><td>480kg<\/td><td>560kg<\/td><td>640kg<\/td><td>690kg<\/td><td>1150kg<\/td><td>1350kg<\/td><\/tr><\/tbody><\/table><figcaption class=\"wp-element-caption\">Maelezo ya Mashine ya kutengeneza pete ya CNC Spiral Rebar<\/figcaption><\/figure>    <figure class=\"wp-block-embed is-type-video is-provider-youtube wp-block-embed-youtube wp-embed-aspect-16-9 wp-has-aspect-ratio\"><div class=\"wp-block-embed__wrapper\"> <iframe loading=\"lazy\" title=\"Mashine ya kutengeneza pete ya chuma moja kwa moja | Spiral Rebar Mashine ya kuinama kwa mzunguko wa mzunguko\" width=\"500\" height=\"281\" src=\"https:\/\/www.youtube.com\/embed\/T6Bkz3QYDrA?feature=oembed\" frameborder=\"0\" allow=\"accelerometer; autoplay; clipboard-write; encrypted-media; gyroscope; picture-in-picture; web-share\" referrerpolicy=\"strict-origin-when-cross-origin\" allowfullscreen><\/iframe> <\/div><figcaption class=\"wp-element-caption\">Video ya mashine ya kutengeneza pete ya chuma<\/figcaption><\/figure>    <h2 class=\"wp-block-heading\"><strong>Muundo wa Mashine ya Being Rebar<\/strong><\/h2>    <p>Mashine hii ya coil ya chemchemi imetengenezwa kwa motor, vifaa vya majimaji (pampu ya mafuta, motor ya majimaji, valve ya solenoid, tank ya mafuta, bomba la mafuta, nk), gurudumu la marekebisho ya mapema, sanduku la gia, sehemu ya kuzungusha, sehemu ya kukata, mfumo wa kudhibiti umeme wa CNC na kadhalika.<\/p>   <div class=\"wp-block-image\"> <figure class=\"aligncenter size-full\"><img loading=\"lazy\" decoding=\"async\" width=\"720\" height=\"540\" src=\"https:\/\/www.baler-machines.com\/wp-content\/uploads\/2025\/03\/structure-of-3-25mm-steel-wire-coil-stirrup-bender.webp\" alt=\"Muundo wa 3-25mm waya wa waya coil Stirrup Bender\" class=\"wp-image-4078\" title=\"\" srcset=\"https:\/\/www.baler-machines.com\/wp-content\/uploads\/2025\/03\/structure-of-3-25mm-steel-wire-coil-stirrup-bender.webp 720w, https:\/\/www.baler-machines.com\/wp-content\/uploads\/2025\/03\/structure-of-3-25mm-steel-wire-coil-stirrup-bender-16x12.webp 16w\" sizes=\"auto, (max-width: 720px) 100vw, 720px\" \/><figcaption class=\"wp-element-caption\">Muundo wa 3-25mm waya wa waya coil Stirrup Bender<\/figcaption><\/figure> <\/div>   <h2 class=\"wp-block-heading\"><strong>Je! Mashine ya kutengeneza pete ya rebar inafanyaje kazi?<\/strong><\/h2>    <p>Mashine yetu ya kupiga marufuku ya spiral inaendeshwa na bodi kuu ya PLC kuanza gari la kudhibiti kuendesha pampu ya mafuta. Anzisha vifaa vya majimaji ili kuendesha sanduku la gia moja kwa moja ili kukimbia, kisha uendeshe nyenzo kusonga mbele, na uhamishe kwenye mkutano wa kuzungusha kukamilisha ukingo wa kuzungusha. Mwishowe, kata silinda ya mafuta ili kukata nyenzo juu ili kukamilisha operesheni.<\/p>    <ol class=\"wp-block-list\"> <li><strong>Kulisha bar ya chuma<\/strong>: Baa ya chuma huingia kwenye mashine ya kutengeneza pete ya rebar, na mfumo wa kunyoosha huhakikisha moja kwa moja.<\/li>    <li><strong>Kuinama na kuunda<\/strong>: Rebar hupita kupitia ukungu wa kuinama kwa usindikaji wa pande zote.<\/li>    <li><strong>Kukata<\/strong>: Utaratibu wa kukata hupunguza bar iliyoundwa na inakamilisha kazi nzima.<\/li> <\/ol>   <div class=\"wp-block-image\"> <figure class=\"aligncenter size-full\"><img loading=\"lazy\" decoding=\"async\" width=\"720\" height=\"540\" src=\"https:\/\/www.baler-machines.com\/wp-content\/uploads\/2025\/03\/10-14mm-spiral-rebar-bending-machine.webp\" alt=\"10-14mm Spiral Rebar Mashine\" class=\"wp-image-4093\" title=\"\" srcset=\"https:\/\/www.baler-machines.com\/wp-content\/uploads\/2025\/03\/10-14mm-spiral-rebar-bending-machine.webp 720w, https:\/\/www.baler-machines.com\/wp-content\/uploads\/2025\/03\/10-14mm-spiral-rebar-bending-machine-16x12.webp 16w\" sizes=\"auto, (max-width: 720px) 100vw, 720px\" \/><figcaption class=\"wp-element-caption\">10-14mm Spiral Rebar Mashine<\/figcaption><\/figure> <\/div>   <h2 class=\"wp-block-heading\"><strong>Vad \u00e4r priset p\u00e5 fj\u00e4drande spolmaskin?<\/strong><\/h2>    <p>Bei ya mashine ya kupiga rebar rebar inaathiriwa na sababu nyingi, pamoja na:<\/p>    <ul class=\"wp-block-list\"> <li><strong>Uainishaji wa vifaa<\/strong>: Aina tofauti za mashine za kutengeneza pete za rebar zina rebar tofauti za usindikaji na bei tofauti.<\/li>    <li><strong>Uwezo wa usindikaji<\/strong>: Nguvu ya juu, vifaa vya ufanisi mkubwa ni ghali.<\/li>    <li><strong>Mahitaji ya usanidi<\/strong>: Usanidi uliobinafsishwa unaweza kuathiri bei ya mashine ya kutengeneza pete.<\/li>    <li><strong>Hali ya soko<\/strong>: Gharama ya malighafi, usambazaji na mahitaji yataathiri nukuu ya mwisho.<\/li> <\/ul>    <p>Ikiwa unataka kujua toleo la hivi karibuni kuhusu mashine ya kuinama ya rebar, unaweza kuwasiliana nasi moja kwa moja kwa habari ya kina.<\/p>   <div class=\"wp-block-image\"> <figure class=\"aligncenter size-full\"><img loading=\"lazy\" decoding=\"async\" width=\"720\" height=\"540\" src=\"https:\/\/www.baler-machines.com\/wp-content\/uploads\/2025\/03\/12-16mm-spiral-rebar-forming-machine.webp\" alt=\"12-16mm Spiral Rebar kutengeneza mashine\" class=\"wp-image-4095\" title=\"\" srcset=\"https:\/\/www.baler-machines.com\/wp-content\/uploads\/2025\/03\/12-16mm-spiral-rebar-forming-machine.webp 720w, https:\/\/www.baler-machines.com\/wp-content\/uploads\/2025\/03\/12-16mm-spiral-rebar-forming-machine-16x12.webp 16w\" sizes=\"auto, (max-width: 720px) 100vw, 720px\" \/><figcaption class=\"wp-element-caption\">12-16mm Spiral Rebar kutengeneza mashine<\/figcaption><\/figure> <\/div>   <h2 class=\"wp-block-heading\"><strong>Kwa nini ununue mashine ya kuinama ya shuliy spiral?<\/strong><\/h2>    <p>Shuliy amejitolea kutoa vifaa vya juu vya usindikaji wa hali ya juu, sababu za kuchagua mashine ya kusukuma chuma ya Shuliy ni pamoja na:<\/p>    <ul class=\"wp-block-list\"> <li><strong>Uhakikisho wa ubora<\/strong>: Tunatumia vifaa vya hali ya juu kutengeneza vifaa vya kutengeneza pete ya chuma, vya kudumu na thabiti.<\/li>    <li><strong>Teknolojia ya hali ya juu<\/strong>Mashine yetu inachukua udhibiti wa akili wa PLC, ambayo ina kiwango cha juu cha automatisering.<\/li>    <li><strong>bei nafuu<\/strong>: Tunatengeneza mashine na kuiuza moja kwa moja kutoka kwa kiwanda chetu, ambacho kina bei ya ushindani katika soko.<\/li>    <li><strong>Huduma isiyo na wasiwasi baada ya mauzo<\/strong>: Shuliy hutoa msaada wa kiufundi na matengenezo ya vifaa, ili kuhakikisha utulivu wa muda mrefu wa operesheni.<\/li> <\/ul>   <div class=\"wp-block-image\"> <figure class=\"aligncenter size-full\"><img loading=\"lazy\" decoding=\"async\" width=\"720\" height=\"540\" src=\"https:\/\/www.baler-machines.com\/wp-content\/uploads\/2025\/03\/16-20mm-automatic-spring-coiling-machine.webp\" alt=\"Mashine ya coiling ya moja kwa moja ya 16-20mm\" class=\"wp-image-4092\" title=\"\" srcset=\"https:\/\/www.baler-machines.com\/wp-content\/uploads\/2025\/03\/16-20mm-automatic-spring-coiling-machine.webp 720w, https:\/\/www.baler-machines.com\/wp-content\/uploads\/2025\/03\/16-20mm-automatic-spring-coiling-machine-16x12.webp 16w\" sizes=\"auto, (max-width: 720px) 100vw, 720px\" \/><figcaption class=\"wp-element-caption\">Mashine ya coiling ya moja kwa moja ya 16-20mm<\/figcaption><\/figure> <\/div>   <h2 class=\"wp-block-heading\"><strong>Wasiliana nasi kwa nukuu sasa!<\/strong><\/h2>    <p class=\"translation-block\">Kama mtengenezaji na mtoaji wa kitaalamu wa vifaa vya usindikaji wa chuma, tuna mashine tofauti za usindikaji wa rebar, kama vile <a href=\"https:\/\/www.baler-machines.com\/sw\/rebar-straightening-machine\/\">mashine ya kunyoosha rebar<\/a>, bender ya kusisimua, <a href=\"https:\/\/www.baler-machines.com\/sw\/cnc-tube-bending-machine\/\">mashine ya kukunjia bomba<\/a>, n.k.<\/p>    <p class=\"translation-block\">Ikiwa una nia ya mashine yetu ya kukunja spiral rebar au vifaa vingine vya usindikaji wa <a href=\"https:\/\/en.wikipedia.org\/wiki\/Steel_bar\" target=\"_blank\" rel=\"noopener\">baa za chuma<\/a>, tafadhali jisikie huru kuwasiliana nasi kupitia WhatsApp, WeChat, simu, au barua pepe! Tutatoa maelezo ya kina ya bei!<\/p>   <div class=\"wp-block-image\"> <figure class=\"aligncenter size-full\"><img loading=\"lazy\" decoding=\"async\" width=\"720\" height=\"540\" src=\"https:\/\/www.baler-machines.com\/wp-content\/uploads\/2025\/03\/20-25mm-spiral-hooping-round-bending-machine.webp\" alt=\"20-25mm Spiral hooping pande zote mashine\" class=\"wp-image-4094\" title=\"\" srcset=\"https:\/\/www.baler-machines.com\/wp-content\/uploads\/2025\/03\/20-25mm-spiral-hooping-round-bending-machine.webp 720w, https:\/\/www.baler-machines.com\/wp-content\/uploads\/2025\/03\/20-25mm-spiral-hooping-round-bending-machine-16x12.webp 16w\" sizes=\"auto, (max-width: 720px) 100vw, 720px\" \/><figcaption class=\"wp-element-caption\">20-25mm Spiral hooping pande zote mashine<\/figcaption><\/figure> <\/div>","protected":false},"excerpt":{"rendered":"<p>Mashine ya kuinama ya Shuliy Spiral inaweza haraka na kwa usahihi kusindika baa za chuma 3-25mm ndani ya pete za chuma za pande zote na kipenyo cha 50-1000mm.<\/p>","protected":false},"author":1,"featured_media":4076,"parent":0,"template":"","tags":[641,643],"product-type":[640],"class_list":["post-4074","product","type-product","status-publish","has-post-thumbnail","hentry","tag-rebar","tag-steel-bar","product-type-rebar-processing-equipment"],"_links":{"self":[{"href":"https:\/\/www.baler-machines.com\/sw\/wp-json\/wp\/v2\/product\/4074","targetHints":{"allow":["GET"]}}],"collection":[{"href":"https:\/\/www.baler-machines.com\/sw\/wp-json\/wp\/v2\/product"}],"about":[{"href":"https:\/\/www.baler-machines.com\/sw\/wp-json\/wp\/v2\/types\/product"}],"author":[{"embeddable":true,"href":"https:\/\/www.baler-machines.com\/sw\/wp-json\/wp\/v2\/users\/1"}],"wp:featuredmedia":[{"embeddable":true,"href":"https:\/\/www.baler-machines.com\/sw\/wp-json\/wp\/v2\/media\/4076"}],"wp:attachment":[{"href":"https:\/\/www.baler-machines.com\/sw\/wp-json\/wp\/v2\/media?parent=4074"}],"wp:term":[{"taxonomy":"post_tag","embeddable":true,"href":"https:\/\/www.baler-machines.com\/sw\/wp-json\/wp\/v2\/tags?post=4074"},{"taxonomy":"product-type","embeddable":true,"href":"https:\/\/www.baler-machines.com\/sw\/wp-json\/wp\/v2\/product-type?post=4074"}],"curies":[{"name":"wp","href":"https:\/\/api.w.org\/{rel}","templated":true}]}}