{"id":4013,"date":"2024-11-29T16:05:06","date_gmt":"2024-11-29T08:05:06","guid":{"rendered":"https:\/\/www.baler-machines.com\/?post_type=product&#038;p=4013"},"modified":"2025-04-16T13:27:56","modified_gmt":"2025-04-16T05:27:56","slug":"metal-briquetting-press","status":"publish","type":"product","link":"https:\/\/www.baler-machines.com\/sw\/metal-briquetting-press\/","title":{"rendered":"Vyombo vya Kuchapisha Vyombo vya Maji vya Kihaidroli kwa Usafishaji wa Swarf"},"content":{"rendered":"<p class=\"translation-block\">Vyombo vya habari vya Shuliy vya kubana metali vinaweza kubana aina zote za poda za chuma, vipande vya shaba, vipande vya alumini, vipande vya chuma, vipande vya mbao na malighafi zingine za chuma kuwa maumbo ya keki ya pande zote. Baada ya kubana, ni rahisi kuhifadhi, kusafirisha na kutumia tena kwenye tanuru.<\/p>    <p>Briqueta hii ya chipu ya alumini inachukua njia ya kulisha skrubu na mbinu ya kuweka majimaji. Ukubwa wa ufunguzi wa kulisha ni 600-600mm na 800-800mm. Kipenyo cha mwisho cha keki ni 80-160mm (imeboreshwa). Keki moja ya briquetting inahitaji takriban sekunde 20-25 ili kumaliza.<\/p>    <p>Det anv\u00e4nds fr\u00e4mst inom \u00e5tervinnings- och bearbetningsindustrin samt metallsm\u00e4ltning. Det \u00e4r idealiskt f\u00f6r effektiv behandling och \u00e5teranv\u00e4ndning av metallskrot.<\/p>    <figure class=\"wp-block-embed is-type-video is-provider-youtube wp-block-embed-youtube wp-embed-aspect-16-9 wp-has-aspect-ratio\"><div class=\"wp-block-embed__wrapper\"> <iframe loading=\"lazy\" title=\"Mashine ya kutengeneza briquette ya chuma: kugeuza chakavu kuwa briketi thabiti! Vyombo vya habari vya briquette ya chips za alumini\" width=\"500\" height=\"281\" src=\"https:\/\/www.youtube.com\/embed\/Ao1HeE5RT4E?feature=oembed\" frameborder=\"0\" allow=\"accelerometer; autoplay; clipboard-write; encrypted-media; gyroscope; picture-in-picture; web-share\" referrerpolicy=\"strict-origin-when-cross-origin\" allowfullscreen><\/iframe> <\/div><figcaption class=\"wp-element-caption\">video ya aluminium chips briquetting press machine<\/figcaption><\/figure>    <h2 class=\"wp-block-heading\"><strong>Maombi ya compactor ya swarf ya chuma<\/strong><\/h2>    <p>Vyombo vyetu vya kuchapisha chuma vinafaa kwa kukandamiza na kutengeneza aina nyingi za chip za chuma, kama vile:<\/p>    <p class=\"translation-block\"><strong>Vipande vya alumini, vipande vya chuma, vipande vya shaba, vipande vya chuma cha pua, vipande vya magneziamu, vipande vya zinki, vipande vya chuma mchanganyiko<\/strong>, <strong>vipande vya mbao<\/strong>, n.k.<\/p>   <div class=\"wp-block-image\"> <figure class=\"aligncenter size-full\"><img loading=\"lazy\" decoding=\"async\" width=\"720\" height=\"540\" src=\"https:\/\/www.baler-machines.com\/wp-content\/uploads\/2024\/11\/final-products-of-metal-briquetting-press.webp\" alt=\"bidhaa za mwisho za vyombo vya habari vya briquetting ya chuma\" class=\"wp-image-4022\" title=\"\" srcset=\"https:\/\/www.baler-machines.com\/wp-content\/uploads\/2024\/11\/final-products-of-metal-briquetting-press.webp 720w, https:\/\/www.baler-machines.com\/wp-content\/uploads\/2024\/11\/final-products-of-metal-briquetting-press-16x12.webp 16w\" sizes=\"auto, (max-width: 720px) 100vw, 720px\" \/><figcaption class=\"wp-element-caption\">bidhaa za mwisho za vyombo vya habari vya briquetting ya chuma<\/figcaption><\/figure> <\/div>   <p>Vifaa vya usindikaji wa chuma vinaweza kutumika katika hali zifuatazo:<\/p>    <ul class=\"wp-block-list\"> <li>Warsha ndogo ya usindikaji wa chuma<\/li>    <li>Kituo cha kuchakata chakavu<\/li>    <li>Kiwanda cha vifaa na msingi<\/li>    <li>Mahali ambapo chakavu cha chuma kinahitaji kubanwa na kusafirishwa<\/li> <\/ul>    <h2 class=\"wp-block-heading\"><strong>Faida za vyombo vya habari vya briquetting ya chuma kwa chips za chuma<\/strong><\/h2>    <ul class=\"wp-block-list\"> <li>Briquetter ya chip ya alumini ya chuma inaweza kukandamiza chips za chuma zilizolegea kuwa vitalu vyenye msongamano mkubwa, <strong>kupunguza sauti kwa zaidi ya 90%<\/strong>, ambayo ni rahisi kwa usafiri na kuhifadhi.<\/li>    <li>Inachukua a <strong>mfumo wa majimaji na nguvu kali<\/strong>, ambayo inahakikisha keki ya vyombo vya habari mnene na athari nzuri ya briquetting.<\/li>    <li><strong>Sambamba na aina ya vifaa<\/strong>, Kompakta ya chuma ya Shuliy inaweza kusindika chips chakavu za chuma, chips za alumini, chips za mbao, nk.<\/li>    <li>Vifaa <strong>inashughulikia eneo ndogo<\/strong>, yanafaa kwa makampuni madogo na warsha na nafasi ndogo.<\/li>    <li>Mashine hii <strong>inaboresha thamani ya kiuchumi ya chips chuma<\/strong>. Vitalu vya chuma vilivyochapishwa ni rahisi kuuza na kuongeza thamani ya ziada ya chakavu.<\/li> <\/ul>    <figure class=\"wp-block-gallery has-nested-images columns-default is-cropped wp-block-gallery-2 is-layout-flex wp-block-gallery-is-layout-flex\"> <figure class=\"wp-block-image size-large\"><img loading=\"lazy\" decoding=\"async\" width=\"720\" height=\"540\" data-id=\"4023\" src=\"https:\/\/www.baler-machines.com\/wp-content\/uploads\/2024\/11\/briquette-machine-for-scrap-metal.webp\" alt=\"mashine ya briquette kwa chuma chakavu\" class=\"wp-image-4023\" title=\"\" srcset=\"https:\/\/www.baler-machines.com\/wp-content\/uploads\/2024\/11\/briquette-machine-for-scrap-metal.webp 720w, https:\/\/www.baler-machines.com\/wp-content\/uploads\/2024\/11\/briquette-machine-for-scrap-metal-16x12.webp 16w\" sizes=\"auto, (max-width: 720px) 100vw, 720px\" \/><figcaption class=\"wp-element-caption\">Mashine ya Briquette Kwa Chuma Chakavu<\/figcaption><\/figure>    <figure class=\"wp-block-image size-large\"><img loading=\"lazy\" decoding=\"async\" width=\"720\" height=\"540\" data-id=\"4024\" src=\"https:\/\/www.baler-machines.com\/wp-content\/uploads\/2024\/11\/metal-chips-briquetting-press-machine.webp\" alt=\"chuma chips briquetting mashine ya vyombo vya habari\" class=\"wp-image-4024\" title=\"\" srcset=\"https:\/\/www.baler-machines.com\/wp-content\/uploads\/2024\/11\/metal-chips-briquetting-press-machine.webp 720w, https:\/\/www.baler-machines.com\/wp-content\/uploads\/2024\/11\/metal-chips-briquetting-press-machine-16x12.webp 16w\" sizes=\"auto, (max-width: 720px) 100vw, 720px\" \/><figcaption class=\"wp-element-caption\">Mashine ya Kuchapisha Chips za Chuma<\/figcaption><\/figure> <\/figure>    <h2 class=\"wp-block-heading\"><strong>Vigezo vya kiufundi vya mashine ya vyombo vya habari vya briquetting ya chuma<\/strong><\/h2>    <figure class=\"wp-block-table\"><table><tbody><tr><td>Mfano<\/td><td>SL-70T<\/td><td>SL-200T<\/td><\/tr><tr><td>Shinikizo la vifaa<\/td><td>700kn<\/td><td>2000kn<\/td><\/tr><tr><td>Kipenyo cha keki<\/td><td>80 mm<\/td><td>100-160mm, umeboreshwa kulingana na vifaa tofauti<\/td><\/tr><tr><td>Ukubwa wa ufunguzi wa kulisha<\/td><td>600-600 mm<\/td><td>800-800 mm<\/td><\/tr><tr><td>Pampu ya mafuta ya hydraulic<\/td><td>pampu ya gia F525<\/td><td>Pampu ya pistoni-63 aina<\/td><\/tr><tr><td>Nguvu ya vifaa<\/td><td>5.5kw shaba safi ya kiwango cha kitaifa<\/td><td>15kw shaba safi<\/td><\/tr><tr><td>Udhibiti wa mfumo<\/td><td>Udhibiti wa kiotomatiki wa PLC<\/td><td>Udhibiti wa kiotomatiki wa PLC<\/td><\/tr><tr><td>Mbinu ya baridi<\/td><td>Upoezaji wa hewa<\/td><td>Upoezaji wa hewa<\/td><\/tr><tr><td>Wakati wa ukingo<\/td><td>Kuhusu sekunde 20-25 \/ pc<\/td><td>Takriban. 25 sek\/pc<\/td><\/tr><tr><td>Mbinu ya kulisha<\/td><td>Parafujo kiasi kulisha<\/td><td>Parafujo kiasi kulisha<\/td><\/tr><tr><td>Hali ya uendeshaji<\/td><td>Mwongozo+otomatiki<\/td><td>Mwongozo+otomatiki<\/td><\/tr><tr><td>Uwezo wa tank ya mafuta<\/td><td>100L<\/td><td>400L<\/td><\/tr><tr><td>Ukubwa<\/td><td>1200*1100*1100mm<\/td><td>2100*1400*1400mm<\/td><\/tr><\/tbody><\/table><figcaption class=\"wp-element-caption\">vipimo vya compactor ya chips za chuma<\/figcaption><\/figure>    <h2 class=\"wp-block-heading\"><strong>Muundo wa briquetter ya alumini ya chip<\/strong><\/h2>    <p>Mashine ina inlet, outlet, PLC screen, screw, na kadhalika. Muundo ni rahisi, rahisi kuelewa, na rahisi sana kufanya kazi.<\/p>    <figure class=\"wp-block-gallery has-nested-images columns-default is-cropped wp-block-gallery-3 is-layout-flex wp-block-gallery-is-layout-flex\"> <figure class=\"wp-block-image size-large\"><img loading=\"lazy\" decoding=\"async\" width=\"720\" height=\"540\" data-id=\"3448\" src=\"https:\/\/www.baler-machines.com\/wp-content\/uploads\/2023\/11\/aluminum-chip-briquetting-machine.webp\" alt=\"mashine ya kutengeneza chip alumini\" class=\"wp-image-3448\" title=\"\"><figcaption class=\"wp-element-caption\">Mashine ya Kufunga Chip ya Alumini<\/figcaption><\/figure>    <figure class=\"wp-block-image size-full\"><img loading=\"lazy\" decoding=\"async\" width=\"720\" height=\"540\" data-id=\"4027\" src=\"https:\/\/www.baler-machines.com\/wp-content\/uploads\/2024\/11\/back-side-of-metal-swarf-compactor-machine.webp\" alt=\"baksidan av metallsp\u00e5n komprimeringsmaskin\" class=\"wp-image-4027\" title=\"\" srcset=\"https:\/\/www.baler-machines.com\/wp-content\/uploads\/2024\/11\/back-side-of-metal-swarf-compactor-machine.webp 720w, https:\/\/www.baler-machines.com\/wp-content\/uploads\/2024\/11\/back-side-of-metal-swarf-compactor-machine-16x12.webp 16w\" sizes=\"auto, (max-width: 720px) 100vw, 720px\" \/><figcaption class=\"wp-element-caption\">Upande wa Nyuma wa Mashine ya Compactor ya Metal Swarf<\/figcaption><\/figure> <\/figure>    <figure class=\"wp-block-gallery has-nested-images columns-default is-cropped wp-block-gallery-4 is-layout-flex wp-block-gallery-is-layout-flex\"> <figure class=\"wp-block-image size-large\"><img loading=\"lazy\" decoding=\"async\" width=\"720\" height=\"540\" data-id=\"4025\" src=\"https:\/\/www.baler-machines.com\/wp-content\/uploads\/2024\/11\/PLC-control-panel.webp\" alt=\"PLC kontrollpanel\" class=\"wp-image-4025\" title=\"\" srcset=\"https:\/\/www.baler-machines.com\/wp-content\/uploads\/2024\/11\/PLC-control-panel.webp 720w, https:\/\/www.baler-machines.com\/wp-content\/uploads\/2024\/11\/PLC-control-panel-16x12.webp 16w\" sizes=\"auto, (max-width: 720px) 100vw, 720px\" \/><figcaption class=\"wp-element-caption\">Jopo la Kudhibiti la Plc<\/figcaption><\/figure>    <figure class=\"wp-block-image size-large\"><img loading=\"lazy\" decoding=\"async\" width=\"720\" height=\"540\" data-id=\"4026\" src=\"https:\/\/www.baler-machines.com\/wp-content\/uploads\/2024\/11\/screw-quantitative-feeding.webp\" alt=\"skruv kvantitativ matning\" class=\"wp-image-4026\" title=\"\" srcset=\"https:\/\/www.baler-machines.com\/wp-content\/uploads\/2024\/11\/screw-quantitative-feeding.webp 720w, https:\/\/www.baler-machines.com\/wp-content\/uploads\/2024\/11\/screw-quantitative-feeding-16x12.webp 16w\" sizes=\"auto, (max-width: 720px) 100vw, 720px\" \/><figcaption class=\"wp-element-caption\">Parafujo Kiasi Kulisha<\/figcaption><\/figure> <\/figure>    <h2 class=\"wp-block-heading\"><strong>Je, vyombo vya habari vya briquetting kwa chip cha chuma hufanya kazi vipi?<\/strong><\/h2>    <p>Vyombo vya habari vya kuwekea briquet vya chuma hubana chip zilizolegea za chuma kuwa vizuizi vyenye msongamano mkubwa kupitia mfumo wa majimaji, na kanuni yake ya kufanya kazi ni kama ifuatavyo.<\/p>    <ul class=\"wp-block-list\"> <li><strong>Kulisha<\/strong>: chips za chuma hulishwa ndani ya chumba cha briquetting cha mashine ya briquetting ya chuma kupitia kifaa cha kulisha skrubu.<\/li>    <li><strong>Shinikizo la majimaji<\/strong>: Mfumo wa majimaji hutoa shinikizo la juu ili kukandamiza shavings ya chuma kwenye vitalu vya juu-wiani.<\/li>    <li><strong>Kuunda<\/strong>: chips chakavu za chuma hubanwa kwenye maumbo ya keki ya duara inavyotakiwa.<\/li>    <li><strong>Kutoa<\/strong>: bidhaa za mwisho hutolewa kutoka kwa pato.<\/li> <\/ul>    <figure class=\"wp-block-embed is-type-video is-provider-youtube wp-block-embed-youtube wp-embed-aspect-16-9 wp-has-aspect-ratio\"><div class=\"wp-block-embed__wrapper\"> <iframe loading=\"lazy\" title=\"Mashine ya Kuweka Briquetting kwa Mchakato wa Briquetting wa Aluminium | Vyombo vya habari vya Aluminium Briquette\" width=\"500\" height=\"281\" src=\"https:\/\/www.youtube.com\/embed\/r9arEui4RBQ?feature=oembed\" frameborder=\"0\" allow=\"accelerometer; autoplay; clipboard-write; encrypted-media; gyroscope; picture-in-picture; web-share\" referrerpolicy=\"strict-origin-when-cross-origin\" allowfullscreen><\/iframe> <\/div><figcaption class=\"wp-element-caption\">Aluminium Chips Briquetting Press<\/figcaption><\/figure>    <h2 class=\"wp-block-heading\"><strong>Vad \u00e4r priset p\u00e5 aluminiumbitar briketteringsmaskin?<\/strong><\/h2>    <p>Bei ya mashine ya briquetting ya chuma ya Shuliy inatofautiana kulingana na mfano, utendaji na usanidi. Sababu kuu za ushawishi ni pamoja na:<\/p>    <ul class=\"wp-block-list\"> <li><strong>Ukubwa wa shinikizo<\/strong>: shinikizo la juu, uwezo wa usindikaji wa juu na bei ya juu.<\/li>    <li><strong>Ukubwa wa vifaa<\/strong>: vifaa vikubwa ndivyo bei inavyopanda.<\/li>    <li><strong>Mahitaji ya ubinafsishaji<\/strong>: bei ni ya juu kwa mashine zilizobinafsishwa kulingana na mahitaji ya wateja.<\/li>    <li><strong>Chapa na msaada wa kiufundi<\/strong>: Chapa zinazojulikana na huduma kamili baada ya mauzo itaathiri bei.<\/li> <\/ul>    <p>Kwa bei maalum, tafadhali wasiliana nasi ili kupata nukuu ya briquetter ya chip ya alumini inayofaa kwa mahitaji yako.<\/p>    <figure class=\"wp-block-gallery has-nested-images columns-default is-cropped wp-block-gallery-5 is-layout-flex wp-block-gallery-is-layout-flex\"> <figure class=\"wp-block-image size-large\"><img loading=\"lazy\" decoding=\"async\" width=\"720\" height=\"720\" data-id=\"4028\" src=\"https:\/\/www.baler-machines.com\/wp-content\/uploads\/2024\/11\/metal-chip-briquetter-factory.webp\" alt=\"metallsp\u00e5n brikettfabrik\" class=\"wp-image-4028\" title=\"\" srcset=\"https:\/\/www.baler-machines.com\/wp-content\/uploads\/2024\/11\/metal-chip-briquetter-factory.webp 720w, https:\/\/www.baler-machines.com\/wp-content\/uploads\/2024\/11\/metal-chip-briquetter-factory-12x12.webp 12w\" sizes=\"auto, (max-width: 720px) 100vw, 720px\" \/><figcaption class=\"wp-element-caption\">Kiwanda cha Briquetter cha Metal Chip<\/figcaption><\/figure>    <figure class=\"wp-block-image size-large\"><img loading=\"lazy\" decoding=\"async\" width=\"720\" height=\"720\" data-id=\"4029\" src=\"https:\/\/www.baler-machines.com\/wp-content\/uploads\/2024\/11\/scrap-metal-chips-briquette-machine-manufacturer.webp\" alt=\"tillverkare av skrotmetallsp\u00e5n brikettmaskin\" class=\"wp-image-4029\" title=\"\" srcset=\"https:\/\/www.baler-machines.com\/wp-content\/uploads\/2024\/11\/scrap-metal-chips-briquette-machine-manufacturer.webp 720w, https:\/\/www.baler-machines.com\/wp-content\/uploads\/2024\/11\/scrap-metal-chips-briquette-machine-manufacturer-12x12.webp 12w\" sizes=\"auto, (max-width: 720px) 100vw, 720px\" \/><figcaption class=\"wp-element-caption\">Mtengenezaji wa Mashine ya Briquette ya Chips chakavu<\/figcaption><\/figure> <\/figure>    <h2 class=\"wp-block-heading\"><strong>Kwa nini kuchagua aina hii ya vyombo vya habari vya briquetting ya chuma?<\/strong><\/h2>    <p class=\"translation-block\">Kama mtengenezaji na mtoaji wa kitaalamu wa mashine za kuchakata chuma, tuna mashine tofauti za kubana vipande vya alumini, kama vile <a href=\"https:\/\/www.baler-machines.com\/sw\/scrap-metal-chip-briquette-machine\/\">mashine ya kubana vipande vya chuma vya wima<\/a>. Sababu za kuchagua mashine hii ya kubana chuma chakavu ni kama ifuatavyo:<\/p>    <ul class=\"wp-block-list\"> <li><strong>Uendeshaji rahisi<\/strong>: mfumo wa udhibiti wa akili, msaada wa uendeshaji wa moja kwa moja, rahisi kutumia.<\/li>    <li><strong>bei nafuu<\/strong>: bei ya mashine hii ni ya chini wakati wa kushughulika na malighafi sawa.<\/li>    <li><strong>Usafiri wa urahisi<\/strong>: Mashine hii ya kompakta ya chip ya chuma ni ndogo kwa ukubwa, nyepesi kwa ubora, ni rahisi kupakia na kupakua, na inaweza kufungwa kwa usafiri.<\/li> <\/ul>    <h2 class=\"wp-block-heading\"><strong>Vifaa vinavyolingana vinavyolingana<\/strong><\/h2>    <div class=\"wp-block-columns is-layout-flex wp-container-core-columns-is-layout-9d6595d7 wp-block-columns-is-layout-flex\"> <div class=\"wp-block-column is-layout-flow wp-block-column-is-layout-flow\"> <figure class=\"wp-block-image size-full\"><img loading=\"lazy\" decoding=\"async\" width=\"720\" height=\"720\" src=\"https:\/\/www.baler-machines.com\/wp-content\/uploads\/2024\/11\/aluminum-chip-briquette-press-machine-with-elevator.webp\" alt=\"alumini chip briquette mashine ya vyombo vya habari na lifti\" class=\"wp-image-4020\" title=\"\" srcset=\"https:\/\/www.baler-machines.com\/wp-content\/uploads\/2024\/11\/aluminum-chip-briquette-press-machine-with-elevator.webp 720w, https:\/\/www.baler-machines.com\/wp-content\/uploads\/2024\/11\/aluminum-chip-briquette-press-machine-with-elevator-12x12.webp 12w\" sizes=\"auto, (max-width: 720px) 100vw, 720px\" \/><figcaption class=\"wp-element-caption\">Aluminium Chip Briquette Press Machine With Elevator<\/figcaption><\/figure> <\/div>    <div class=\"wp-block-column is-vertically-aligned-center is-layout-flow wp-block-column-is-layout-flow\"> <p class=\"has-text-align-center translation-block\"><strong>Mashine ya kubana chuma yenye elevator<\/strong><\/p>    <p>Conveyor husafirisha chips za chuma moja kwa moja kwenye ufunguzi wa malisho ya mashine ya briquetting, kuokoa kazi.<\/p>    <p>Ugawaji huu unatambua kulisha moja kwa moja ya chips za chuma na kuboresha ufanisi wa uzalishaji.<\/p>    <p>Chaguo sahihi la conveyor inategemea saizi ya kifaa unachochagua.<\/p>    <p>Ikiwa unataka kujua maelezo ya kina, karibu kuwasiliana nasi!<\/p> <\/div> <\/div>    <div class=\"wp-block-columns is-layout-flex wp-container-core-columns-is-layout-9d6595d7 wp-block-columns-is-layout-flex\"> <div class=\"wp-block-column is-layout-flow wp-block-column-is-layout-flow\"> <figure class=\"wp-block-image size-full\"><img loading=\"lazy\" decoding=\"async\" width=\"720\" height=\"540\" src=\"https:\/\/www.baler-machines.com\/wp-content\/uploads\/2024\/11\/small-metal-shredder.webp\" alt=\"liten metallshredder\" class=\"wp-image-4021\" title=\"\" srcset=\"https:\/\/www.baler-machines.com\/wp-content\/uploads\/2024\/11\/small-metal-shredder.webp 720w, https:\/\/www.baler-machines.com\/wp-content\/uploads\/2024\/11\/small-metal-shredder-16x12.webp 16w\" sizes=\"auto, (max-width: 720px) 100vw, 720px\" \/><figcaption class=\"wp-element-caption\">Shredder ndogo ya Metal<\/figcaption><\/figure> <\/div>    <div class=\"wp-block-column is-vertically-aligned-center is-layout-flow wp-block-column-is-layout-flow\"> <p class=\"has-text-align-center translation-block\"><strong>Mashine ya kukata chuma<\/strong><\/p>    <p>Kipasua hiki cha shimoni pacha ni cha kusaga mabaki makubwa ya chuma kuwa chips bora ambazo ni rahisi kushughulikia.<\/p>    <p>Hufanya kazi na kompakt ya swarf ya chuma kuunda laini ya mashine ya kuweka briquet ya chip za chuma.<\/p> <\/div> <\/div>    <p class=\"translation-block\">Je, unatafuta vifaa vya kuchakata metali kwa ajili ya <a href=\"https:\/\/en.wikipedia.org\/wiki\/Metal_swarf\" target=\"_blank\" rel=\"noopener\">vipande vya taka<\/a>? Ikiwa ndiyo, wasiliana nasi sasa na tutakupa suluhisho linalofaa zaidi kukidhi mahitaji yako ya kuchakata tena.<\/p>    <figure class=\"wp-block-embed is-type-video is-provider-youtube wp-block-embed-youtube wp-embed-aspect-16-9 wp-has-aspect-ratio\"><div class=\"wp-block-embed__wrapper\"> <iframe loading=\"lazy\" title=\"Jinsi ya kubonyeza chips za chuma kwenye briquettes? Metal Shredder na Aluminium Briquetting Mashine kuchakata\" width=\"500\" height=\"281\" src=\"https:\/\/www.youtube.com\/embed\/2tKM0zjwBpQ?feature=oembed\" frameborder=\"0\" allow=\"accelerometer; autoplay; clipboard-write; encrypted-media; gyroscope; picture-in-picture; web-share\" referrerpolicy=\"strict-origin-when-cross-origin\" allowfullscreen><\/iframe> <\/div><figcaption class=\"wp-element-caption\">Video ya mashine ya briquette ya chuma na crusher<\/figcaption><\/figure>","protected":false},"excerpt":{"rendered":"<p>Vyombo vya habari vya kutengeneza chuma vya Shuliy vinaweza kubana kila aina ya unga wa chuma, chipsi za shaba, chip za alumini, chips za chuma, chips za mbao, n.k. katika maumbo ya keki ya duara.<\/p>","protected":false},"author":1,"featured_media":4019,"parent":0,"template":"","tags":[414,639],"product-type":[563],"class_list":["post-4013","product","type-product","status-publish","has-post-thumbnail","hentry","tag-baler","tag-metal-briquetting","product-type-baler-machine"],"_links":{"self":[{"href":"https:\/\/www.baler-machines.com\/sw\/wp-json\/wp\/v2\/product\/4013","targetHints":{"allow":["GET"]}}],"collection":[{"href":"https:\/\/www.baler-machines.com\/sw\/wp-json\/wp\/v2\/product"}],"about":[{"href":"https:\/\/www.baler-machines.com\/sw\/wp-json\/wp\/v2\/types\/product"}],"author":[{"embeddable":true,"href":"https:\/\/www.baler-machines.com\/sw\/wp-json\/wp\/v2\/users\/1"}],"wp:featuredmedia":[{"embeddable":true,"href":"https:\/\/www.baler-machines.com\/sw\/wp-json\/wp\/v2\/media\/4019"}],"wp:attachment":[{"href":"https:\/\/www.baler-machines.com\/sw\/wp-json\/wp\/v2\/media?parent=4013"}],"wp:term":[{"taxonomy":"post_tag","embeddable":true,"href":"https:\/\/www.baler-machines.com\/sw\/wp-json\/wp\/v2\/tags?post=4013"},{"taxonomy":"product-type","embeddable":true,"href":"https:\/\/www.baler-machines.com\/sw\/wp-json\/wp\/v2\/product-type?post=4013"}],"curies":[{"name":"wp","href":"https:\/\/api.w.org\/{rel}","templated":true}]}}