{"id":3319,"date":"2023-06-30T17:27:11","date_gmt":"2023-06-30T09:27:11","guid":{"rendered":"https:\/\/www.baler-machines.com\/?post_type=product&#038;p=3319"},"modified":"2026-02-13T13:31:21","modified_gmt":"2026-02-13T05:31:21","slug":"vertical-cardboard-baler-machine","status":"publish","type":"product","link":"https:\/\/www.baler-machines.com\/sw\/vertical-cardboard-baler-machine\/","title":{"rendered":"Mashine ya Wima ya Baler ya Kadibodi Inauzwa"},"content":{"rendered":"<p>Mashine ya wima ya baler ya kadibodi ni mashine yenye ufanisi mkubwa iliyoundwa kwa ajili ya kuchakata taka za kadibodi. Kwa kubadilika kwa saizi inayoweza kunyumbulika, bei ya uwekaji wa bei ya kiuchumi na huduma ya kuaminika baada ya mauzo, vyombo vya habari vya hydrualic baling hutoa suluhisho bora kwa wateja.<\/p>    <h2 class=\"wp-block-heading\"><strong>Urejelezaji wa bale wa kadibodi: bei ya bale ya kadibodi yenye faida<\/strong><\/h2>    <p>Urejelezaji wa ufungaji wa kadibodi imekuwa biashara yenye faida. Kwa kuweka kadibodi ya taka kwenye viwanja vya kompakt, sio tu zinaweza kuhifadhiwa na kusafirishwa kwa urahisi, lakini pia zinaweza kuwa na thamani kubwa ya mauzo.<\/p>    <figure class=\"wp-block-gallery aligncenter has-nested-images columns-default is-cropped wp-block-gallery-2 is-layout-flex wp-block-gallery-is-layout-flex\"> <figure class=\"wp-block-image size-large\"><img loading=\"lazy\" decoding=\"async\" width=\"650\" height=\"450\" data-id=\"2880\" src=\"https:\/\/www.baler-machines.com\/wp-content\/uploads\/2022\/12\/cardboard-boxes.webp\" alt=\"kartongl\u00e5dor\" class=\"wp-image-2880\" title=\"\"><figcaption class=\"wp-element-caption\">Masanduku ya Kadibodi<\/figcaption><\/figure>    <figure class=\"wp-block-image size-large\"><img loading=\"lazy\" decoding=\"async\" width=\"540\" height=\"540\" data-id=\"2941\" src=\"https:\/\/www.baler-machines.com\/wp-content\/uploads\/2023\/01\/waste-cardboard.webp\" alt=\"kadibodi ya taka\" class=\"wp-image-2941\" title=\"\"><figcaption class=\"wp-element-caption\">Taka Kadibodi<\/figcaption><\/figure> <\/figure>    <p>Kwa ujumla, bei ya bale ya kadibodi inategemea usambazaji wa soko na mahitaji na ubora wa kadibodi. Bei huwa ya juu wakati mahitaji ya soko ni ya juu na ubora wa kadibodi ni mzuri. Kampuni za kuchakata tena huweka bei ya kadibodi kwa uzani na kuweka bei zao kwenye ubora wa kadibodi, usafi na soko la kuchakata tena.<\/p>    <h2 class=\"wp-block-heading\"><strong>Je! ni vifaa gani vinaweza kutumika kama mashine ya baler ya kadibodi?<\/strong><\/h2>    <p>Kama mtengenezaji wa kitaalamu wa baler, sasa tunaleta kwa dhati mashine ya kiweka wima ya kadibodi ya majimaji. Ufanisi na ubora wa baling unaweza kuboreshwa kupitia ukandamizaji na michakato mingine, na hivyo kuongeza thamani ya viwanja vya kadibodi. Hii sio tu huongeza faida ya kuchakata, lakini pia inachangia ulinzi wa mazingira na kuchakata rasilimali.<\/p>   <div class=\"wp-block-image\"> <figure class=\"aligncenter size-full\"><img loading=\"lazy\" decoding=\"async\" width=\"907\" height=\"920\" src=\"https:\/\/www.baler-machines.com\/wp-content\/uploads\/2023\/06\/industrial-vertical-cardboard-baler-for-recycling.webp\" alt=\"Bale ya katoni ya viwandani ya wima kwa ajili ya urejelezaji\" class=\"wp-image-4300\" title=\"\" srcset=\"https:\/\/www.baler-machines.com\/wp-content\/uploads\/2023\/06\/industrial-vertical-cardboard-baler-for-recycling.webp 907w, https:\/\/www.baler-machines.com\/wp-content\/uploads\/2023\/06\/industrial-vertical-cardboard-baler-for-recycling-768x779.webp 768w, https:\/\/www.baler-machines.com\/wp-content\/uploads\/2023\/06\/industrial-vertical-cardboard-baler-for-recycling-12x12.webp 12w\" sizes=\"auto, (max-width: 907px) 100vw, 907px\" \/><figcaption class=\"wp-element-caption\">Bale ya katoni ya viwandani ya wima kwa ajili ya urejelezaji<\/figcaption><\/figure> <\/div>   <p class=\"translation-block\">Bila shaka, kuna pia <a href=\"https:\/\/www.baler-machines.com\/sw\/hydraulic-cardboard-baler-for-sale\/\" target=\"_blank\" rel=\"noreferrer noopener\">mashine yetu ya kubundika katoni kwa nguvu ya majimaji<\/a>, ambayo ndiyo mashine bora zaidi ya kununua kulingana na mahitaji yako ya kubundika, bajeti, n.k.<\/p>    <h2 class=\"wp-block-heading\"><strong>Maagizo ya baler ya kadibodi ya hydraulic ya Shuliy<\/strong><\/h2>    <ol class=\"wp-block-list\"> <li>Kazi ya maandalizi <ul class=\"wp-block-list\"> <li>Safisha kadibodi, hakikisha uso ni safi na uondoe viambatisho vyovyote vya ziada.<\/li>    <li>Angalia kwamba usambazaji wa nguvu na mfumo wa majimaji wa mashine ya baler ya kadibodi unafanya kazi ipasavyo ili kuhakikisha usalama.<\/li> <\/ul> <\/li>    <li>Uendeshaji wa baler ya wima ya kadibodi  <ul class=\"wp-block-list\"> <li>Weka katoni taka kwenye kifaa cha kuingiza cha mashine ya bale ya katoni taka.<\/li>    <li>Bonyeza kitufe cha kuanza na baler huanza kufanya kazi.<\/li>    <li>Baler itakandamiza kiotomati kadibodi na kuigeuza kuwa viwanja vya kompakt.<\/li>    <li>Wakati kuweka safu kukamilika, simamisha mashine ya wima ya baler ya kadibodi.<\/li> <\/ul> <\/li>    <li>Angalia bale ya kadibodi <ul class=\"wp-block-list\"> <li>Angalia miraba ya kadibodi iliyopigwa ili kuhakikisha kuwa ni fupi na salama.<\/li>    <li>Ikihitajika, rekebisha vigezo vya baler ili kupata matokeo bora ya uwekaji kura.<\/li> <\/ul> <\/li>    <li>Matengenezo <ul class=\"wp-block-list\"> <li>Safisha vumbi na uchafu kutoka ndani na nje ya baler mara kwa mara.<\/li>    <li>Angalia kiowevu cha mfumo wa majimaji ili kuhakikisha kinatosha na ni safi.<\/li>    <li>Angalia mara kwa mara na kaza bolts na sehemu za kuunganisha za mashine ya wima ya kadibodi ya baler.<\/li> <\/ul> <\/li> <\/ol>   <div class=\"wp-block-image\"> <figure class=\"aligncenter size-full\"><img loading=\"lazy\" decoding=\"async\" width=\"875\" height=\"760\" src=\"https:\/\/www.baler-machines.com\/wp-content\/uploads\/2023\/06\/hydraulic-cardboard-baling-machine.webp\" alt=\"Mashine ya bale ya katoni ya majimaji\" class=\"wp-image-4301\" title=\"\" srcset=\"https:\/\/www.baler-machines.com\/wp-content\/uploads\/2023\/06\/hydraulic-cardboard-baling-machine.webp 875w, https:\/\/www.baler-machines.com\/wp-content\/uploads\/2023\/06\/hydraulic-cardboard-baling-machine-768x667.webp 768w, https:\/\/www.baler-machines.com\/wp-content\/uploads\/2023\/06\/hydraulic-cardboard-baling-machine-14x12.webp 14w\" sizes=\"auto, (max-width: 875px) 100vw, 875px\" \/><figcaption class=\"wp-element-caption\">Mashine ya bale ya katoni ya majimaji<\/figcaption><\/figure> <\/div>   <h2 class=\"wp-block-heading\"><strong>Je, vipi kuhusu utatuzi wa utatuzi wa mashine ya wima ya baler ya kadibodi?<\/strong><\/h2>    <figure class=\"wp-block-table\"><table><tbody><tr><td>Masuala ya mashine ya wima ya baler ya kadibodi<\/td><td>utatuzi wa matatizo<\/td><\/tr><tr><td>Baler haitaanza<\/td><td>1. Angalia kwamba umeme umeunganishwa vizuri na uhakikishe kuwa plagi imeingizwa vizuri.<br>2. Angalia kuwa swichi ya nguvu imewashwa.<br>3. Angalia nyaya za umeme na fusi ili kuhakikisha zinafanya kazi ipasavyo.<\/td><\/tr><tr><td>Baler anaendesha polepole au chini ya shinikizo<\/td><td>1. Angalia kiwango cha mafuta ya majimaji na kuongeza au kubadilisha mafuta ya majimaji ikiwa inahitajika.<br>2. Angalia mfumo wa majimaji kwa uvujaji, na ikiwa inahitajika, rekebisha uvujaji.<br>3. Angalia ikiwa silinda ya hydraulic inafanya kazi vizuri, na ikiwa inahitajika, itunze au ibadilishe.<\/td><\/tr><tr><td>Matokeo yasiyoridhisha ya uwekaji alama<\/td><td>1. Kontrollera balerens tryckregulator f\u00f6r att s\u00e4kerst\u00e4lla att trycket \u00e4r inst\u00e4llt korrekt.<br>2. Angalia mpangilio wa wakati wa kufunga wa baler na urekebishe kulingana na ubora na unene wa kadibodi.<br>3. Angalia marekebisho ya mvutano wa ukanda wa kufunga ili kuhakikisha kukazwa sahihi.<\/td><\/tr><tr><td>Kelele isiyo ya kawaida ya baler<\/td><td>1. Angalia bolts na vifungo vya baler ili kuhakikisha kuwa ni salama.<br>2. Kontrollera balerens kolvar och hydraulcylindrar f\u00f6r att s\u00e4kerst\u00e4lla att de fungerar smidigt.<br>3. Om n\u00f6dv\u00e4ndigt, sm\u00f6rj balerns r\u00f6rliga delar.<\/td><\/tr><\/tbody><\/table><figcaption class=\"wp-element-caption\">matatizo yanayowezekana ya wima ya baler ya kadibodi<\/figcaption><\/figure>    <figure class=\"wp-block-gallery has-nested-images columns-default is-cropped wp-block-gallery-3 is-layout-flex wp-block-gallery-is-layout-flex\"> <figure class=\"wp-block-image size-large\"><img loading=\"lazy\" decoding=\"async\" width=\"720\" height=\"540\" data-id=\"3274\" src=\"https:\/\/www.baler-machines.com\/wp-content\/uploads\/2023\/05\/vertical-cardboard-baler-for-sale.webp\" alt=\"baler ya kadibodi ya wima inauzwa\" class=\"wp-image-3274\" title=\"\"><figcaption class=\"wp-element-caption\">Wima Cardboard Baler Inauzwa<\/figcaption><\/figure>    <figure class=\"wp-block-image size-large\"><img loading=\"lazy\" decoding=\"async\" width=\"720\" height=\"540\" data-id=\"2997\" src=\"https:\/\/www.baler-machines.com\/wp-content\/uploads\/2023\/02\/vertical-cardboard-compactor-for-sale.webp\" alt=\"kompakta wima ya kadibodi inauzwa\" class=\"wp-image-2997\" title=\"\"><figcaption class=\"wp-element-caption\">Kompakta Wima ya Kadibodi Inauzwa<\/figcaption><\/figure> <\/figure>    <h2 class=\"wp-block-heading\"><strong>Jinsi ya kuchagua wazalishaji wa kuaminika wa kadibodi ya viwandani?<\/strong><\/h2>    <div class=\"wp-block-columns is-layout-flex wp-container-core-columns-is-layout-9d6595d7 wp-block-columns-is-layout-flex\"> <div class=\"wp-block-column is-layout-flow wp-block-column-is-layout-flow\"> <p class=\"translation-block\"><strong>Ustahili na uzoefu<\/strong><\/p> <\/div>    <div class=\"wp-block-column is-layout-flow wp-block-column-is-layout-flow\"> <p class=\"translation-block\"><strong>Ubora wa bidhaa<\/strong> &amp;<strong> utendaji<\/strong><\/p> <\/div>    <div class=\"wp-block-column is-layout-flow wp-block-column-is-layout-flow\"> <p class=\"translation-block\"><strong>Huduma baada ya mauzo<\/strong><\/p> <\/div> <\/div>    <div class=\"wp-block-columns is-layout-flex wp-container-core-columns-is-layout-9d6595d7 wp-block-columns-is-layout-flex\"> <div class=\"wp-block-column is-layout-flow wp-block-column-is-layout-flow\"> <p class=\"translation-block\"><strong>Bei nzuri ya mashine za kubundika<\/strong><\/p> <\/div>    <div class=\"wp-block-column is-layout-flow wp-block-column-is-layout-flow\"> <p class=\"translation-block\"><strong>Muda wa kujifungua<\/strong><\/p> <\/div>    <div class=\"wp-block-column is-layout-flow wp-block-column-is-layout-flow\"> <p class=\"translation-block\"><strong>Sifa katika soko la dunia<\/strong><\/p> <\/div> <\/div>    <p>Kwa ujumla, vipengele hapo juu vinapaswa kuzingatiwa, lakini sio tu hapo juu. Ikiwa unataka kuchagua mashine sahihi ya baler ya kadibodi, unaweza kuwasiliana nasi, na meneja wetu wa mauzo atatoa ushauri wa kitaalamu kulingana na mahitaji yako.<\/p>","protected":false},"excerpt":{"rendered":"<p>The vertical cardboard baler machine is a highly efficient machine designed for the recycling of waste cardboard. With flexible size adaptability, economical baling price and reliable after-sales service, the hydrualic baling press provides the ideal solution for customers. Cardboard bale recycling: profitable cardboard bale price Cardboard packaging recycling has become a profitable business. By baling [&hellip;]<\/p>\n","protected":false},"author":1,"featured_media":3320,"parent":0,"template":"","tags":[616,570],"product-type":[563],"class_list":["post-3319","product","type-product","status-publish","has-post-thumbnail","hentry","tag-cardboard-baler-machine","tag-hydraulic-baling-press","product-type-baler-machine"],"_links":{"self":[{"href":"https:\/\/www.baler-machines.com\/sw\/wp-json\/wp\/v2\/product\/3319","targetHints":{"allow":["GET"]}}],"collection":[{"href":"https:\/\/www.baler-machines.com\/sw\/wp-json\/wp\/v2\/product"}],"about":[{"href":"https:\/\/www.baler-machines.com\/sw\/wp-json\/wp\/v2\/types\/product"}],"author":[{"embeddable":true,"href":"https:\/\/www.baler-machines.com\/sw\/wp-json\/wp\/v2\/users\/1"}],"wp:featuredmedia":[{"embeddable":true,"href":"https:\/\/www.baler-machines.com\/sw\/wp-json\/wp\/v2\/media\/3320"}],"wp:attachment":[{"href":"https:\/\/www.baler-machines.com\/sw\/wp-json\/wp\/v2\/media?parent=3319"}],"wp:term":[{"taxonomy":"post_tag","embeddable":true,"href":"https:\/\/www.baler-machines.com\/sw\/wp-json\/wp\/v2\/tags?post=3319"},{"taxonomy":"product-type","embeddable":true,"href":"https:\/\/www.baler-machines.com\/sw\/wp-json\/wp\/v2\/product-type?post=3319"}],"curies":[{"name":"wp","href":"https:\/\/api.w.org\/{rel}","templated":true}]}}