{"id":321,"date":"2019-12-12T05:33:59","date_gmt":"2019-12-12T05:33:59","guid":{"rendered":"https:\/\/www.baler-machines.com\/?p=321"},"modified":"2024-08-01T17:58:33","modified_gmt":"2024-08-01T09:58:33","slug":"hydraulic-metal-shears","status":"publish","type":"product","link":"https:\/\/www.baler-machines.com\/sw\/hydraulic-metal-shears\/","title":{"rendered":"Mashine ya Hydraulic Metal Shear | Alligator Shear"},"content":{"rendered":"<p class=\"translation-block\">Shuliy <strong>hydraulic metal shear machine<\/strong> hutumika sana kukata karatasi mbalimbali za chuma chakavu, mabomba ya chuma chakavu, sahani za chuma chakavu, n.k. vipande vipande kwa ajili ya kuchakata tena. Inaweza kukata chakavu mara 8-12 kwa dakika. <\/p>    <p>Shear hii ya alligator inaweza kuandaa conveyor kwa ajili ya kulisha chuma taka. Ina aina za udhibiti wa mwongozo na otomatiki. Unapotumia mashine hii ya kukata chakavu cha chuma ili kukata chuma chakavu, urefu wa kukata unaweza kubadilishwa kwa uhuru.<\/p>    <figure class=\"wp-block-gallery has-nested-images columns-2 is-cropped wp-block-gallery-2 is-layout-flex wp-block-gallery-is-layout-flex\"> <figure class=\"wp-block-image size-large\"><img loading=\"lazy\" decoding=\"async\" width=\"720\" height=\"540\" data-id=\"695\" src=\"https:\/\/www.baler-machines.com\/wp-content\/uploads\/2019\/12\/industrial-metal-shear-machine-for-sale.jpg\" alt=\"mashine ya viwanda ya kukata chuma inauzwa\" class=\"wp-image-695\" title=\"\"><figcaption class=\"wp-element-caption\">Mashine ya Shear ya Viwanda Inauzwa<\/figcaption><\/figure>    <figure class=\"wp-block-image size-full\"><img loading=\"lazy\" decoding=\"async\" width=\"720\" height=\"540\" data-id=\"2524\" src=\"https:\/\/www.baler-machines.com\/wp-content\/uploads\/2022\/08\/scrap-metal-cutting-machine.webp\" alt=\"mashine ya kukata chuma chakavu\" class=\"wp-image-2524\" title=\"\"><figcaption class=\"wp-element-caption\">Mashine ya Kukata vyuma chakavu<\/figcaption><\/figure>    <figure class=\"wp-block-image size-full\"><img loading=\"lazy\" decoding=\"async\" width=\"720\" height=\"540\" data-id=\"2526\" src=\"https:\/\/www.baler-machines.com\/wp-content\/uploads\/2019\/12\/hydraulic-metal-shear-with-the-conveyor.webp\" alt=\"shear ya chuma cha majimaji na koni\" class=\"wp-image-2526\" title=\"\"><figcaption class=\"wp-element-caption\">Kukata Metal Haidraulic Pamoja na Conveyor<\/figcaption><\/figure>    <figure class=\"wp-block-image size-large\"><img loading=\"lazy\" decoding=\"async\" width=\"720\" height=\"539\" data-id=\"517\" src=\"https:\/\/www.baler-machines.com\/wp-content\/uploads\/2020\/01\/metal-cutter-for-shearing-steel-sheets.jpg\" alt=\"mkataji wa chuma kwa kukata karatasi za chuma\" class=\"wp-image-517\" title=\"\"><figcaption class=\"wp-element-caption\">Kikata Chuma cha Kunyoa Karatasi za Chuma<\/figcaption><\/figure> <\/figure>    <p>Det anv\u00e4nds huvudsakligen inom avfallsmaterial\u00e5tervinning och bearbetningsindustrin, samt sm\u00e5 och medelstora st\u00e5lverk. Om du letar efter en l\u00f6sning f\u00f6r avfallsmaterial \u00e4r denna maskin det perfekta valet.<\/p>    <figure class=\"wp-block-embed is-type-video is-provider-youtube wp-block-embed-youtube wp-embed-aspect-16-9 wp-has-aspect-ratio\"><div class=\"wp-block-embed__wrapper\"> <iframe loading=\"lazy\" title=\"Mabaki ya chuma cha kukata manyoya ya mamba: mashine yenye nguvu ya kunyoa chuma ya majimaji inauzwa kutoka Uchina\" width=\"500\" height=\"281\" src=\"https:\/\/www.youtube.com\/embed\/HQ4qlQGTFXw?feature=oembed\" frameborder=\"0\" allow=\"accelerometer; autoplay; clipboard-write; encrypted-media; gyroscope; picture-in-picture; web-share\" referrerpolicy=\"strict-origin-when-cross-origin\" allowfullscreen><\/iframe> <\/div><figcaption class=\"wp-element-caption\">video inayofanya kazi ya kukata mamba<\/figcaption><\/figure>    <h2 class=\"wp-block-heading\"><strong>Ni taka gani ya chuma inaweza kukatwa?<\/strong><\/h2>    <p>Aina hii ya taya ya mashine ya kukata chuma chakavu inafaa kwa kukata taka mbalimbali za chuma, kama vile:<\/p>    <p class=\"translation-block\"><strong>Chuma cha mfereji, chuma chakavu, chuma cha mraba, chuma chakavu cha ujenzi, rebar, chuma cha pembe, I-beam, bomba la chuma<\/strong>, <strong>sahani za chuma, chuma cha kutupwa, sahani za chuma, vigae vya chuma vya rangi, taka za chuma, sahani za aloi za alumini, sahani za shaba, sahani za chuma chakavu, makopo ya alumini, baa za chuma chakavu, sahani za alumini, sahani za chuma, chuma cha pande zote, maganda ya gari chakavu, mizinga ya alumini, mizinga ya petroli, mizinga ya rangi, mizinga ya gesi asilia,<\/strong> na kadhalika<strong>.<\/strong><\/p>   <div class=\"wp-block-image\"> <figure class=\"aligncenter size-full\"><img loading=\"lazy\" decoding=\"async\" width=\"720\" height=\"540\" src=\"https:\/\/www.baler-machines.com\/wp-content\/uploads\/2019\/12\/all-kinds-of-metal-sheets-for-cutting.jpg\" alt=\"kila aina ya karatasi za chuma kwa kukata\" class=\"wp-image-697\" title=\"\"><figcaption class=\"wp-element-caption\">kila aina ya karatasi za chuma kwa kukata<\/figcaption><\/figure> <\/div>   <h2 class=\"wp-block-heading\"><strong>Maombi ya hydraulic alligator shear<\/strong><\/h2>    <p>Efter att ha l\u00e4rt sig vad som kan g\u00f6ras med skrotmetallsk\u00e4rning, \u00e4r det nu dags att se var denna utrustning kan anv\u00e4ndas.<\/p>    <p>Mashine hii ya kukata chuma ya majimaji hutumika sana katika:<\/p>    <ul class=\"wp-block-list\"> <li>Viwanda vya chuma<\/li>    <li>Makampuni ya usindikaji wa chuma taka<\/li>    <li>Mitambo ya kuchakata taka za chuma <\/li>    <li>Mitambo ya kubomoa magari chakavu<\/li>    <li>Viwanda vya kuyeyusha na kutengenezea chuma<\/li> <\/ul>    <h2 class=\"wp-block-heading\" id=\"h-hydraulic-metal-shear-machine-features\"><strong>Vipengele vya mashine ya kukata chuma ya majimaji<\/strong><\/h2>    <ul class=\"wp-block-list\"> <li><strong>Urefu wa blade katika 400mm, 600mm, 700mm, 800mm, 1000mm na 1200mm<\/strong>. Shear hii ya alligator ina vipimo mbalimbali vya kukata, vinavyowapa wateja chaguo zaidi. <ul class=\"wp-block-list\"> <li>Mashine ya kukata chuma ya hydraulic yenye urefu wa blade ya zaidi ya 700mm inafaa hasa kwa kukata magari yaliyopigwa.<\/li> <\/ul> <\/li>    <li><strong>Vikwazo vichache kwa malighafi ya kukata<\/strong>. Njia ya kukata nywele sio kali na ukubwa wa kulisha wa vifaa vya chuma vya taka. Hivyo, kuna vikwazo vichache.<\/li>    <li> <strong>Nguvu ya shear kutoka tani 63 hadi tani 400 katika darasa 8<\/strong>. Mashine ya kunyoa mamba aina ya Shuliy ina aina mbalimbali zinazopatikana, ambayo ni chaguo mbalimbali kwa wateja.<\/li>    <li><strong>Chaguo nyingi za mfumo wa nguvu<\/strong>. Mashine hii inaweza kutumia injini ya umeme au injini ya dizeli kama mfumo wa nguvu. Ambapo hakuna usambazaji wa nguvu, injini ya dizeli inaweza kutumika kama nguvu.<\/li> <\/ul>   <div class=\"wp-block-image\"> <figure class=\"aligncenter size-full\"><img loading=\"lazy\" decoding=\"async\" width=\"720\" height=\"540\" src=\"https:\/\/www.baler-machines.com\/wp-content\/uploads\/2019\/12\/metal-shearing-machine-supplier.jpg\" alt=\"muuzaji wa mashine ya kunyoa chuma\" class=\"wp-image-696\" title=\"\"><figcaption class=\"wp-element-caption\">muuzaji wa mashine ya kunyoa chuma<\/figcaption><\/figure> <\/div>   <h2 class=\"wp-block-heading\"><strong>Vigezo vya mashine ya kunyoa chuma ya majimaji<\/strong><\/h2>    <figure class=\"wp-block-table is-style-stripes\"><table><tbody><tr><td>Mfano<\/td><td>SL-1200<\/td><\/tr><tr><td>Nguvu ya kawaida ya kukata nywele<\/td><td>250t<\/td><\/tr><tr><td>Injini<\/td><td>4-22kw<\/td><\/tr><tr><td>Voltage<\/td><td>380V\/50Hz<\/td><\/tr><tr><td>Pampu ya mafuta<\/td><td>80*1<\/td><\/tr><tr><td>Kukata urefu wa blade<\/td><td>1200 mm<\/td><\/tr><tr><td>Njia ya kudhibiti<\/td><td>Operesheni otomatiki\/kwa mikono<\/td><\/tr><tr><td>Idadi ya kukata kwa dakika<\/td><td>8-12 mara<\/td><\/tr><\/tbody><\/table><figcaption class=\"wp-element-caption\">vipimo vya shear ya alligator<\/figcaption><\/figure>    <p>Mashine hii ya kukata chuma ya majimaji ya SL-1200 ina uwezo mkubwa wa kukata manyoya, yanafaa kwa kila aina ya usindikaji wa vifaa vya chuma chakavu.<\/p>    <p>Tunaweza kubinafsisha voltage, urefu wa blade, shinikizo, nk. Shuliy anaweza kubuni hizi ili kukidhi mahitaji yako.<\/p>    <p>Om du \u00e4r intresserad av \u00e5tervinning av metallavfall, \u00e4r du v\u00e4lkommen att kontakta oss f\u00f6r mer information!<\/p>   <div class=\"wp-block-image\"> <figure class=\"aligncenter size-full\"><img loading=\"lazy\" decoding=\"async\" width=\"720\" height=\"540\" src=\"https:\/\/www.baler-machines.com\/wp-content\/uploads\/2019\/12\/quality-hydraulic-metal-shearing-machine-for-sale.webp\" alt=\"mashine ya kunyoa chuma yenye ubora wa majimaji inauzwa\" class=\"wp-image-3737\" title=\"\" srcset=\"https:\/\/www.baler-machines.com\/wp-content\/uploads\/2019\/12\/quality-hydraulic-metal-shearing-machine-for-sale.webp 720w, https:\/\/www.baler-machines.com\/wp-content\/uploads\/2019\/12\/quality-hydraulic-metal-shearing-machine-for-sale-16x12.webp 16w\" sizes=\"auto, (max-width: 720px) 100vw, 720px\" \/><figcaption class=\"wp-element-caption\">mashine ya kunyoa chuma yenye ubora wa majimaji inauzwa<\/figcaption><\/figure> <\/div>   <h2 class=\"wp-block-heading\" id=\"h-structural-of-the-scrap-metal-cutting-machine\"><strong>Muundo wa mashine ya kukata chuma chakavu<\/strong><\/h2>    <p>Muundo wa mashine ya kunyoa chuma ya majimaji hujumuisha hasa fremu, kichwa cha kunyoa, makucha ya kubofya, silinda ya kitendo cha kukata manyoya, silinda ya kitendo cha makucha, na kifaa cha usambazaji wa mafuta ya majimaji.<\/p>   <div class=\"wp-block-image\"> <figure class=\"aligncenter size-full\"><img loading=\"lazy\" decoding=\"async\" width=\"720\" height=\"540\" src=\"https:\/\/www.baler-machines.com\/wp-content\/uploads\/2022\/08\/structure-of-the-metal-shears.webp\" alt=\"muundo wa shears za chuma\" class=\"wp-image-2527\" title=\"\"><figcaption class=\"wp-element-caption\">muundo wa shears za chuma<\/figcaption><\/figure> <\/div>   <p>Fr\u00e5n dess design \u00e4r det tydligt att denna hydrauliska metallsk\u00e4rare har en bekv\u00e4m och enkel drift.<\/p>    <p>Kinywa cha shear kinaweza kukata na kuacha katika nafasi yoyote wakati wa mchakato wa kufanya kazi. Kwa mujibu wa ukubwa wa nyenzo, udhibiti wa kiholela wa ukubwa wa mdomo wa shear. Hii inaweza kufikia ufanisi wa juu wa kufanya kazi.<\/p>    <h2 class=\"wp-block-heading\"><strong>Kanuni ya kazi ya shear ya alligator ya aina ya mamba<\/strong><\/h2>    <p>Mashine hii inafanya kazi kupitia mfumo wa majimaji. <\/p>    <p>Wakati ukata manyoya unaendelea, kituo cha pampu ya majimaji (chanzo cha pato la nguvu) hutoa mafuta kwa silinda inayobonyeza ili kusukuma kisu cha kubofya kitelezi kwenye kiti cha chini cha kisu. Nyenzo ni fasta na kuunganishwa.<\/p>    <p>Kisha kituo cha pampu ya majimaji hutoa mafuta kwa silinda ya kunyoa ili kufanya kisu cha kunyoa kiende chini ili kukamilisha hatua ya kunyoa. <\/p>    <p>Baada ya kukatwa kwa manyoya kukamilika, kituo cha pampu ya majimaji hukamilisha kiharusi cha kurudi kinachoendeshwa na reflux ya mafuta ya hydraulic ya silinda ya kukata na silinda kubwa.<\/p>    <figure class=\"wp-block-embed is-type-video is-provider-youtube wp-block-embed-youtube wp-embed-aspect-16-9 wp-has-aspect-ratio\"><div class=\"wp-block-embed__wrapper\"> <iframe loading=\"lazy\" title=\"Je, Unaweza Kudhani Jinsi Mishipa ya Alligator ya Hydraulic Ni Mikali? Hivi Ndivyo Wanavyokata Chuma Chakavu Ili Kusasisha\" width=\"500\" height=\"281\" src=\"https:\/\/www.youtube.com\/embed\/X0rK1Pm20sY?feature=oembed\" frameborder=\"0\" allow=\"accelerometer; autoplay; clipboard-write; encrypted-media; gyroscope; picture-in-picture; web-share\" referrerpolicy=\"strict-origin-when-cross-origin\" allowfullscreen><\/iframe> <\/div><figcaption class=\"wp-element-caption\">video ya mashine ya kukata manyoya ya chuma cha majimaji<\/figcaption><\/figure>    <h2 class=\"wp-block-heading\"><strong>Vipi kuhusu bei ya kukata chuma ya majimaji?<\/strong><\/h2>    <p>Bei ya shear ya chuma cha hydraulic ya Shuliy inatofautiana kulingana na mambo mbalimbali, ikiwa ni pamoja na mfano wa vifaa, nguvu ya kukata, usanidi, chapa na huduma ya baada ya mauzo.<\/p>    <ul class=\"wp-block-list\"> <li>Kwa ujumla, kadiri nguvu ya SHEAR inavyokuwa, ndivyo usanidi wa shear ya hydraulic inavyoongezeka, bei yake ni ya juu zaidi.<\/li>    <li>Wakati wa kununua shears za chuma za majimaji, pamoja na kuzingatia bei, unahitaji pia kuzingatia ubora na utendaji wa vifaa. <\/li>    <li>Kuchagua chapa yenye sifa nzuri na dhamana ya huduma baada ya mauzo, kama vile Shuliy, kunaweza kuhakikisha kuwa kifaa kinategemewa na ufanisi zaidi katika mchakato wa matumizi.<\/li> <\/ul>    <p>Ikiwa unahitaji kujua bei mahususi ya kukata chuma cha majimaji, unaweza kupata nukuu ya kina kwa kuwasiliana na timu yetu ya mauzo. Tutapendekeza mfano unaofaa na kutoa mpango bora wa bei kulingana na mahitaji yako maalum.<\/p>   <div class=\"wp-block-image\"> <figure class=\"aligncenter size-full\"><img loading=\"lazy\" decoding=\"async\" width=\"720\" height=\"540\" src=\"https:\/\/www.baler-machines.com\/wp-content\/uploads\/2019\/12\/alligator-shear-manufacturer.webp\" alt=\"mtengenezaji wa shear ya alligator\" class=\"wp-image-3736\" title=\"\" srcset=\"https:\/\/www.baler-machines.com\/wp-content\/uploads\/2019\/12\/alligator-shear-manufacturer.webp 720w, https:\/\/www.baler-machines.com\/wp-content\/uploads\/2019\/12\/alligator-shear-manufacturer-16x12.webp 16w\" sizes=\"auto, (max-width: 720px) 100vw, 720px\" \/><figcaption class=\"wp-element-caption\">mtengenezaji wa shear ya alligator<\/figcaption><\/figure> <\/div>   <h2 class=\"wp-block-heading\" id=\"h-safe-operation-guides-for-the-hydraulic-metal-shears\"><strong>Miongozo ya uendeshaji salama kwa mashine ya kukata chuma ya majimaji<\/strong><\/h2>    <ul class=\"wp-block-list\"> <li>Vifaa vya kukata chuma vitaendeshwa na wafanyakazi maalum.<\/li>    <li>Kabla ya kutumia shear hii ya mamba, angalia kwa uangalifu ikiwa sehemu zote za mashine ni za kawaida na ikiwa vifunga ni thabiti.<\/li>    <li>Mashine ya kukata chuma ni marufuku kukata: <ul class=\"wp-block-list\"> <li>Sehemu za chuma ambazo hazijafungwa, sehemu za chuma zilizopigwa, sehemu za chuma laini, nyenzo nyembamba za chuma, vifaa vyenye urefu wa chini ya 100 mm, na taka za chuma zinazozidi urefu wa mkasi.<\/li> <\/ul> <\/li> <\/ul>   <div class=\"wp-block-image\"> <figure class=\"aligncenter size-full\"><img loading=\"lazy\" decoding=\"async\" width=\"720\" height=\"540\" src=\"https:\/\/www.baler-machines.com\/wp-content\/uploads\/2019\/12\/hydraulic-metal-shear-machine-working-scene.webp\" alt=\"eneo la kufanya kazi la mashine ya kukata chuma ya majimaji\" class=\"wp-image-3734\" title=\"\" srcset=\"https:\/\/www.baler-machines.com\/wp-content\/uploads\/2019\/12\/hydraulic-metal-shear-machine-working-scene.webp 720w, https:\/\/www.baler-machines.com\/wp-content\/uploads\/2019\/12\/hydraulic-metal-shear-machine-working-scene-16x12.webp 16w\" sizes=\"auto, (max-width: 720px) 100vw, 720px\" \/><figcaption class=\"wp-element-caption\">eneo la kufanya kazi la mashine ya kukata chuma ya majimaji<\/figcaption><\/figure> <\/div>   <ul class=\"wp-block-list\"> <li>Wakati wa operesheni, mwili wa mwanadamu hauruhusiwi kukaribia sehemu ya maambukizi na makali ya kisu ya vifaa.  <ul class=\"wp-block-list\"> <li>Usalama wa wafanyikazi wanaozunguka utazingatiwa ili kuzuia nyenzo kutoka kwa kupotosha na kuumiza watu. <\/li>    <li>Wakati wa kukata, jaribu kukata nyenzo karibu na ndani ya kisu. <\/li>    <li>Wakati wa kukata nyenzo fupi, hairuhusiwi kutumia vifaa vya kazi vya mikono kulisha vifaa. Unaweza kulisha vifaa na clamp.<\/li> <\/ul> <\/li>    <li>Wakati kifaa kinapofanya kazi, opereta hataondoka kwenye chapisho bila ruhusa.  <ul class=\"wp-block-list\"> <li>Wakati kazi imekamilika au imesalia kwa muda, usambazaji wa umeme utakatwa. <\/li>    <li>Wakati huo huo, wakati mashine inaendesha, hairuhusiwi kutengeneza au kugusa sehemu zinazohamia kwa mikono. Ni marufuku kabisa kushinikiza vifaa kwenye sanduku la nyenzo kwa mikono au miguu.<\/li> <\/ul> <\/li>    <li>Sehemu za kulainisha za mashine zitajazwa mafuta ya kulainisha angalau mara moja kwa zamu kama inavyotakiwa.<\/li> <\/ul>    <h2 class=\"wp-block-heading\"><strong>Mashine ndogo ya kung'oa mamba ya majimaji ya aina mpya<\/strong><\/h2>    <p>Aina hii mpya ya mashine ya kukata chuma ya majimaji imeundwa hivi karibuni na kiwanda chetu. Mkate huu wa chuma chakavu unafaa kwa nyenzo ambazo haziwezi kukatwa nene sana, kama vile plastiki.<\/p>    <figure class=\"wp-block-gallery has-nested-images columns-default is-cropped wp-block-gallery-3 is-layout-flex wp-block-gallery-is-layout-flex\"> <figure class=\"wp-block-image size-large\"><img loading=\"lazy\" decoding=\"async\" width=\"720\" height=\"540\" data-id=\"3740\" src=\"https:\/\/www.baler-machines.com\/wp-content\/uploads\/2019\/12\/hydraulic-alligator-shear.webp\" alt=\"hydraulisk alligator klippare\" class=\"wp-image-3740\" title=\"\" srcset=\"https:\/\/www.baler-machines.com\/wp-content\/uploads\/2019\/12\/hydraulic-alligator-shear.webp 720w, https:\/\/www.baler-machines.com\/wp-content\/uploads\/2019\/12\/hydraulic-alligator-shear-16x12.webp 16w\" sizes=\"auto, (max-width: 720px) 100vw, 720px\" \/><figcaption class=\"wp-element-caption\">Hydraulic Alligator Shear<\/figcaption><\/figure>    <figure class=\"wp-block-image size-large\"><img loading=\"lazy\" decoding=\"async\" width=\"720\" height=\"540\" data-id=\"3741\" src=\"https:\/\/www.baler-machines.com\/wp-content\/uploads\/2019\/12\/small-metal-shearing-machine.webp\" alt=\"mashine ndogo ya kunyoa chuma\" class=\"wp-image-3741\" title=\"\" srcset=\"https:\/\/www.baler-machines.com\/wp-content\/uploads\/2019\/12\/small-metal-shearing-machine.webp 720w, https:\/\/www.baler-machines.com\/wp-content\/uploads\/2019\/12\/small-metal-shearing-machine-16x12.webp 16w\" sizes=\"auto, (max-width: 720px) 100vw, 720px\" \/><figcaption class=\"wp-element-caption\"><br><br>mashine ndogo ya kunyoa chuma<\/figcaption><\/figure> <\/figure>    <p>Maskinens lilla krokodiltyp har f\u00f6rdelarna av kostnadseffektivitet, l\u00e5g vikt, enkel r\u00f6relse och ett litet fotavtryck. Den \u00e4r idealisk f\u00f6r sm\u00e5 eller nystartade f\u00f6retag.<\/p>    <h2 class=\"wp-block-heading\"><strong>Wasiliana nasi kwa maelezo zaidi ya mashine!<\/strong><\/h2>    <p class=\"translation-block\">Kama mtengenezaji mtaalamu wa kuchakata vifaa vya chuma, sisi pia tuna <a href=\"https:\/\/www.baler-machines.com\/sw\/metal-shear-machine\/\">mashine ya kukata chuma ya kichwa cha tiger<\/a>, <a href=\"https:\/\/www.baler-machines.com\/sw\/metal-shears-metal-shearing-machine\/\">mashine ya kukata gantry<\/a> na kadhalika, ambayo yanaweza kukidhi mahitaji yako tofauti.<\/p>    <p class=\"translation-block\">Ikiwa unatafuta suluhisho bora kwa ajili ya kuchakata <a href=\"https:\/\/en.wikipedia.org\/wiki\/Scrap\" target=\"_blank\" rel=\"noopener\">chuma chakavu<\/a>, wasiliana nasi sasa. Timu yetu ya mauzo itakupa suluhisho bora kulingana na mahitaji yako.<\/p>    <figure class=\"wp-block-embed is-type-video is-provider-youtube wp-block-embed-youtube wp-embed-aspect-16-9 wp-has-aspect-ratio\"><div class=\"wp-block-embed__wrapper\"> <iframe loading=\"lazy\" title=\"Mashine ya Metal Shear | Kukata manyoya ya mamba | Mashine ya Kukata Chuma chakavu ya Kiwanda cha Usafishaji wa Chuma Takataka\" width=\"500\" height=\"281\" src=\"https:\/\/www.youtube.com\/embed\/ZvCyF9NsxDs?feature=oembed\" frameborder=\"0\" allow=\"accelerometer; autoplay; clipboard-write; encrypted-media; gyroscope; picture-in-picture; web-share\" referrerpolicy=\"strict-origin-when-cross-origin\" allowfullscreen><\/iframe> <\/div><figcaption class=\"wp-element-caption\">Mashine ya Kukata Chuma<\/figcaption><\/figure>","protected":false},"excerpt":{"rendered":"<p>Shuliy hydraulic chuma shear mashine ni hasa kutumika kwa ajili ya kukata karatasi taka mbalimbali taka, zilizopo chuma taka, sahani chuma chakavu, nk kwa ajili ya kuchakata.<\/p>","protected":false},"author":1,"featured_media":694,"parent":0,"template":"","tags":[585,583,296,584],"product-type":[562],"class_list":["post-321","product","type-product","status-publish","has-post-thumbnail","hentry","tag-hydraulic-metal-shear-machine","tag-hydraulic-metal-shears","tag-metal-shear","tag-scrap-metal-cutting-machine","product-type-metal-shears"],"_links":{"self":[{"href":"https:\/\/www.baler-machines.com\/sw\/wp-json\/wp\/v2\/product\/321","targetHints":{"allow":["GET"]}}],"collection":[{"href":"https:\/\/www.baler-machines.com\/sw\/wp-json\/wp\/v2\/product"}],"about":[{"href":"https:\/\/www.baler-machines.com\/sw\/wp-json\/wp\/v2\/types\/product"}],"author":[{"embeddable":true,"href":"https:\/\/www.baler-machines.com\/sw\/wp-json\/wp\/v2\/users\/1"}],"wp:featuredmedia":[{"embeddable":true,"href":"https:\/\/www.baler-machines.com\/sw\/wp-json\/wp\/v2\/media\/694"}],"wp:attachment":[{"href":"https:\/\/www.baler-machines.com\/sw\/wp-json\/wp\/v2\/media?parent=321"}],"wp:term":[{"taxonomy":"post_tag","embeddable":true,"href":"https:\/\/www.baler-machines.com\/sw\/wp-json\/wp\/v2\/tags?post=321"},{"taxonomy":"product-type","embeddable":true,"href":"https:\/\/www.baler-machines.com\/sw\/wp-json\/wp\/v2\/product-type?post=321"}],"curies":[{"name":"wp","href":"https:\/\/api.w.org\/{rel}","templated":true}]}}