{"id":3166,"date":"2023-03-29T10:44:02","date_gmt":"2023-03-29T02:44:02","guid":{"rendered":"https:\/\/www.baler-machines.com\/?post_type=product&#038;p=3166"},"modified":"2023-03-29T15:08:16","modified_gmt":"2023-03-29T07:08:16","slug":"waste-wire-cable-shredder-for-recycling","status":"publish","type":"product","link":"https:\/\/www.baler-machines.com\/sw\/waste-wire-cable-shredder-for-recycling\/","title":{"rendered":"Waya Taka\/Kishikio cha Kebo kwa Usafishaji Chakavu"},"content":{"rendered":"<p class=\"translation-block\">Mashine ya kusaga nyaya imeundwa ili kutupa waya\/nyaya\/sahani za umeme taka vipande vidogo vidogo ili kuvunja na kuchakata taka hizi. Hivi karibuni, kutokana na ufanisi wake na uwezo wa kupunguza taka katika tasnia ya elektroniki, <a href=\"https:\/\/www.baler-machines.com\/sw\/industrial-shredder\/\" target=\"_blank\" rel=\"noreferrer noopener\">mashine hii ya kusaga yenye shimoni mbili<\/a> imekuwa maarufu zaidi.<\/p>    <figure class=\"wp-block-gallery aligncenter has-nested-images columns-default is-cropped wp-block-gallery-2 is-layout-flex wp-block-gallery-is-layout-flex\"> <figure class=\"wp-block-image size-large\"><img loading=\"lazy\" decoding=\"async\" width=\"301\" height=\"167\" data-id=\"3179\" src=\"https:\/\/www.baler-machines.com\/wp-content\/uploads\/2023\/03\/electric-cables.webp\" alt=\"elektriska kablar\" class=\"wp-image-3179\" title=\"\"><figcaption class=\"wp-element-caption\">Kebo za Umeme<\/figcaption><\/figure>    <figure class=\"wp-block-image size-large\"><a href=\"https:\/\/en.wikipedia.org\/wiki\/Electronic_circuit\" target=\"_blank\" rel=\"noopener\"><img loading=\"lazy\" decoding=\"async\" width=\"286\" height=\"176\" data-id=\"3180\" src=\"https:\/\/www.baler-machines.com\/wp-content\/uploads\/2023\/03\/electric-circuit-boards.webp\" alt=\"elektriska kretskort\" class=\"wp-image-3180\" title=\"\"><\/a><figcaption class=\"wp-element-caption\">Bodi za Mzunguko wa Umeme<\/figcaption><\/figure>    <figure class=\"wp-block-image size-large\"><img loading=\"lazy\" decoding=\"async\" width=\"733\" height=\"524\" data-id=\"3181\" src=\"https:\/\/www.baler-machines.com\/wp-content\/uploads\/2023\/03\/electric-wires.webp\" alt=\"elektriska kablar\" class=\"wp-image-3181\" title=\"\"><figcaption class=\"wp-element-caption\">Waya za Umeme<\/figcaption><\/figure> <\/figure>    <p>Kipasuaji hiki cha waya wa shaba kina nguvu sana, si tu kwa waya\/nyaya\/mizunguko bali pia kwa metali na plastiki, takataka, mbao n.k. <\/p>    <h2 class=\"wp-block-heading\"><strong>Kwa nini utumie mashine ya kuchakata kebo ya shaba kwa kukatia waya\/kebo?<\/strong><\/h2>    <div class=\"wp-block-columns is-layout-flex wp-container-core-columns-is-layout-9d6595d7 wp-block-columns-is-layout-flex\"> <div class=\"wp-block-column is-layout-flow wp-block-column-is-layout-flow\"> <p class=\"has-text-align-center translation-block\"><strong>Thamani ya juu ya kuchakata tena<\/strong><\/p>    <p class=\"has-cyan-bluish-gray-background-color has-background\">Waya na nyaya zina metali nyingi, kama vile shaba na alumini, ambazo zinaweza kuchakatwa na kubadilishwa kuwa bidhaa nyingine za chuma. Waya na kebo za kuchakata zinaweza kuleta manufaa makubwa kiuchumi.<\/p> <\/div>    <div class=\"wp-block-column is-layout-flow wp-block-column-is-layout-flow\"> <p class=\"has-text-align-center translation-block\"><strong>Okoa rasilimali<\/strong><\/p>    <p class=\"has-cyan-bluish-gray-background-color has-background\">Waya na kebo za kuchakata zinaweza kusaidia kuokoa maliasili kwa sababu zinaweza kutumika tena badala ya kutupwa kwenye madampo au kuchomwa moto. Hii ni muhimu sana kwa ulinzi wa mazingira.<\/p> <\/div> <\/div>    <div class=\"wp-block-columns is-layout-flex wp-container-core-columns-is-layout-9d6595d7 wp-block-columns-is-layout-flex\"> <div class=\"wp-block-column is-layout-flow wp-block-column-is-layout-flow\"> <p class=\"has-text-align-center translation-block\"><strong>Kukidhi mahitaji ya kisheria<\/strong><\/p>    <p class=\"has-cyan-bluish-gray-background-color has-background\">Katika nchi nyingi na mikoa, kuna mahitaji madhubuti ya udhibiti wa utupaji wa waya na kebo ya taka. Kutumia shredder kwa waya na kebo kunaweza kukidhi mahitaji ya udhibiti na hivyo kuepuka faini na hatari za kisheria.<\/p> <\/div>    <div class=\"wp-block-column is-layout-flow wp-block-column-is-layout-flow\"> <p class=\"has-text-align-center translation-block\"><strong>Kupunguza taka hatari<\/strong><\/p>    <p class=\"has-cyan-bluish-gray-background-color has-background\">Waya na kebo zina kemikali nyingi hatari. Ikiwa zinatupwa kwa uhuru, zinaweza kusababisha athari mbaya kwa mazingira na afya ya binadamu. Kipasua kebo ya taka hutumiwa kuzuia kushughulikia haya kwa sababu.<\/p> <\/div> <\/div>    <h2 class=\"wp-block-heading\"><strong>Muundo wa mashine ya kusaga kebo ya Shuliy<\/strong><\/h2>   <div class=\"wp-block-image\"> <figure class=\"aligncenter size-full\"><img loading=\"lazy\" decoding=\"async\" width=\"720\" height=\"540\" src=\"https:\/\/www.baler-machines.com\/wp-content\/uploads\/2023\/03\/structure-of-waste-cable-crusher.webp\" alt=\"muundo wa crusher ya taka ya cable\" class=\"wp-image-3186\" title=\"\"><figcaption class=\"wp-element-caption\">muundo wa crusher ya taka ya cable<\/figcaption><\/figure> <\/div>   <p class=\"translation-block\">Som <a href=\"https:\/\/www.baler-machines.com\/sw\/\" target=\"_blank\" rel=\"noreferrer noopener\">en professionell sk\u00e4rare tillverkare och leverant\u00f6r<\/a>, strukturen hos v\u00e5r sk\u00e4rare har kontinuerligt optimerats och uppgraderats, vilket \u00e4r mycket l\u00e4mpligt f\u00f6r kundernas behov.<\/p>    <p>Kulingana na picha hapo juu, shredder yetu inajumuisha kipunguzaji, motor, bandari ya kulisha na bandari ya kutokwa. Kwa kweli ni rahisi sana na moja kwa moja. Ikiwa unataka kujifunza zaidi, tafadhali wasiliana nasi, na karibu uje kutembelea kiwanda chetu!<\/p>    <h2 class=\"wp-block-heading\"><strong>Faida za kutumia shredder chakavu cable<\/strong><\/h2>    <ol class=\"wp-block-list\"> <li>Ufanisi wa juu: Ikilinganishwa na uondoaji wa waya kwa mikono au mbinu zingine za kitamaduni, utumiaji wa kikata kebo unaweza kuongeza ufanisi wa usindikaji kwa kiasi kikubwa na hivyo tija.<\/li>    <li>Usahihi mkubwa: Kinata cha kebo kinaweza kupasua waya na kebo kwa njia sahihi kabisa kuwa chembe ndogo zinazofaa kuchakatwa, na chembe hizi ndogo zinaweza kuchakatwa tena kwa urahisi zaidi.<\/li>    <li>Usalama mkubwa: Mashine ya kukata kebo inaweza kudhibitiwa kiotomatiki inapofanya kazi, na hivyo kupunguza hatari ya kuingilia kati kwa mikono.<\/li>    <li>Ulinzi wa mazingira: Kuna vitu vyenye madhara kwenye waya na kebo, na kwa kutumia kikata kebo, vitu hivi hatari vinaweza kutupwa kwa ufanisi.<\/li>    <li>Gharama ya chini: Kwa upande wa manufaa ya muda mrefu, matumizi ya shredder ya waya kwa kuchakata waya na cable inaweza kupunguza kwa kiasi kikubwa gharama za kazi.<\/li> <\/ol>    <h2 class=\"wp-block-heading\"><strong>Vipi kuhusu bei ya shredder chakavu?<\/strong><\/h2>    <p>Kwa wateja, moja ya mambo muhimu ya kuzingatia wakati wa kununua mashine ni bei. Bila shaka, wateja kununua mashine ya shredder ya shaba ni sawa.<\/p>    <p class=\"translation-block\">Unaponunua <a href=\"https:\/\/www.baler-machines.com\/sw\/industrial-shredder\/\" target=\"_blank\" rel=\"noreferrer noopener\">mashine ya kusaga kwa taka mbalimbali<\/a>, unaweza kuzingatia pato unalotaka kushughulikia, bajeti yako, mtengenezaji, n.k. Hizi ni kwa ajili ya marejeleo yako tu. Unaweza pia kutuambia mahitaji yako, n.k., na tutakutengenezea suluhisho bora zaidi.<\/p>    <h2 class=\"wp-block-heading\"><strong>Video inayofanya kazi ya shredder ya kebo ya shaba inauzwa<\/strong><\/h2>    <figure class=\"wp-block-embed is-type-video is-provider-youtube wp-block-embed-youtube wp-embed-aspect-16-9 wp-has-aspect-ratio\"><div class=\"wp-block-embed__wrapper\"> <iframe loading=\"lazy\" title=\"Mashine ya Kustaajabisha ya Shredder &amp; Crusher ya Waya za Umeme\/Kebo\/Sahani za Usafishaji Chakavu\" width=\"500\" height=\"281\" src=\"https:\/\/www.youtube.com\/embed\/hHcx_l1vlpk?start=3&#038;feature=oembed\" frameborder=\"0\" allow=\"accelerometer; autoplay; clipboard-write; encrypted-media; gyroscope; picture-in-picture; web-share\" referrerpolicy=\"strict-origin-when-cross-origin\" allowfullscreen><\/iframe> <\/div><\/figure>","protected":false},"excerpt":{"rendered":"<p>The cable shredder is designed to dispose of waste wire\/cables\/electric plates into small pieces to break down and recycle this waste. Recently, due to its efficiency and ability to reduce waste in the electronic industry, this kind of double-shaft shredder machine has become increasingly popular. This copper wire shredder is very powerful, not only for [&hellip;]<\/p>\n","protected":false},"author":1,"featured_media":3178,"parent":0,"template":"","tags":[608],"product-type":[561],"class_list":["post-3166","product","type-product","status-publish","has-post-thumbnail","hentry","tag-cable-shredder","product-type-industrial-shredder"],"_links":{"self":[{"href":"https:\/\/www.baler-machines.com\/sw\/wp-json\/wp\/v2\/product\/3166","targetHints":{"allow":["GET"]}}],"collection":[{"href":"https:\/\/www.baler-machines.com\/sw\/wp-json\/wp\/v2\/product"}],"about":[{"href":"https:\/\/www.baler-machines.com\/sw\/wp-json\/wp\/v2\/types\/product"}],"author":[{"embeddable":true,"href":"https:\/\/www.baler-machines.com\/sw\/wp-json\/wp\/v2\/users\/1"}],"wp:featuredmedia":[{"embeddable":true,"href":"https:\/\/www.baler-machines.com\/sw\/wp-json\/wp\/v2\/media\/3178"}],"wp:attachment":[{"href":"https:\/\/www.baler-machines.com\/sw\/wp-json\/wp\/v2\/media?parent=3166"}],"wp:term":[{"taxonomy":"post_tag","embeddable":true,"href":"https:\/\/www.baler-machines.com\/sw\/wp-json\/wp\/v2\/tags?post=3166"},{"taxonomy":"product-type","embeddable":true,"href":"https:\/\/www.baler-machines.com\/sw\/wp-json\/wp\/v2\/product-type?post=3166"}],"curies":[{"name":"wp","href":"https:\/\/api.w.org\/{rel}","templated":true}]}}