{"id":3095,"date":"2023-03-17T16:29:40","date_gmt":"2023-03-17T08:29:40","guid":{"rendered":"https:\/\/www.baler-machines.com\/?post_type=product&#038;p=3095"},"modified":"2026-02-13T14:33:40","modified_gmt":"2026-02-13T06:33:40","slug":"hydraulic-alfalfa-baler-machine-for-hay-straw-press","status":"publish","type":"product","link":"https:\/\/www.baler-machines.com\/sw\/hydraulic-alfalfa-baler-machine-for-hay-straw-press\/","title":{"rendered":"Hydraulic Alfalfa Baler Machine kwa Hay\/Majani Press"},"content":{"rendered":"<p>Mashine ya hydraulic press alfa alfa baler ni hasa kwa ajili ya ugandaji wa nyasi, majani, nk. Vyombo vya habari vya alfa alfa vina sifa za utendakazi bora, matumizi mapana, na utendakazi wa gharama.<\/p>    <figure class=\"wp-block-gallery aligncenter has-nested-images columns-default is-cropped wp-block-gallery-2 is-layout-flex wp-block-gallery-is-layout-flex\"> <figure class=\"wp-block-image size-large\"><img loading=\"lazy\" decoding=\"async\" width=\"720\" height=\"540\" data-id=\"3098\" src=\"https:\/\/www.baler-machines.com\/wp-content\/uploads\/2023\/03\/alfalfa-compactor-machine.webp\" alt=\"maskin f\u00f6r komprimering av alfalfag\" class=\"wp-image-3098\" title=\"\"><figcaption class=\"wp-element-caption\">Mashine ya Alfalfa Compactor<\/figcaption><\/figure>    <figure class=\"wp-block-image size-large\"><img loading=\"lazy\" decoding=\"async\" width=\"720\" height=\"540\" data-id=\"3099\" src=\"https:\/\/www.baler-machines.com\/wp-content\/uploads\/2023\/03\/hydraulic-baling-machine-for-alfalfa.webp\" alt=\"hydraulisk balpress f\u00f6r alfalfag\" class=\"wp-image-3099\" title=\"\"><figcaption class=\"wp-element-caption\">Hydraulic Baling Machine Kwa Alfalfa<\/figcaption><\/figure>    <figure class=\"wp-block-image size-large\"><img loading=\"lazy\" decoding=\"async\" width=\"720\" height=\"540\" data-id=\"3100\" src=\"https:\/\/www.baler-machines.com\/wp-content\/uploads\/2023\/03\/hydraulic-baling-press-for-alfalfa.webp\" alt=\"hydraulisk balpress f\u00f6r alfalfag\" class=\"wp-image-3100\" title=\"\"><figcaption class=\"wp-element-caption\">Hydraulic Baling Press Kwa Alfalfa<\/figcaption><\/figure> <\/figure>    <p class=\"translation-block\">Kilimo cha Alfalfa kinachouzwa na Shuliy kina sifa nzuri duniani, kinaweza kukandamiza na kubananisha malighafi kuwa mafungu ya mraba ili kufikia malengo ya wateja. Aina hii ya <a href=\"https:\/\/www.baler-machines.com\/sw\/baler-machine\/\" target=\"_blank\" rel=\"noreferrer noopener\">mashine ya kukandamiza majimaji<\/a> inaweza pia kutumika kwa vifaa vingine, kama vile matairi, chupa za PET\/plastiki, nguo, sifongo, vumbi la mbao, n.k.<\/p>    <p>Om du \u00e4r intresserad av denna typ av hydraulisk alfalfabalarmaskin, kom och kontakta mig nu, och du kan ocks\u00e5 bes\u00f6ka v\u00e5r tillverkningsfabrik!<\/p>    <h2 class=\"wp-block-heading\"><strong>Kwa nini utengeneze nyasi\/majani kwa kutumia mashine ya Shuliy alfa alfa baler?<\/strong><\/h2>    <p>Kwanza kabisa, ni muhimu kujua kwa uwazi ni nini alfa alfa, nyasi\/majani.<\/p>    <figure class=\"wp-block-gallery aligncenter has-nested-images columns-default is-cropped wp-block-gallery-3 is-layout-flex wp-block-gallery-is-layout-flex\"> <figure class=\"wp-block-image size-full\"><img loading=\"lazy\" decoding=\"async\" width=\"603\" height=\"403\" data-id=\"3102\" src=\"https:\/\/www.baler-machines.com\/wp-content\/uploads\/2023\/03\/alfalfa.webp\" alt=\"alfalfag\" class=\"wp-image-3102\" title=\"\"><figcaption class=\"wp-element-caption\">Alfalfa<\/figcaption><\/figure>    <figure class=\"wp-block-image size-full\"><img loading=\"lazy\" decoding=\"async\" width=\"757\" height=\"561\" data-id=\"3103\" src=\"https:\/\/www.baler-machines.com\/wp-content\/uploads\/2023\/03\/hay-and-straw.webp\" alt=\"h\u00f6 och halm\" class=\"wp-image-3103\" title=\"\"><figcaption class=\"wp-element-caption\">Nyasi Na Majani<\/figcaption><\/figure> <\/figure>    <p class=\"translation-block\"><a href=\"https:\/\/en.wikipedia.org\/wiki\/Alfalfa\" target=\"_blank\" rel=\"noreferrer noopener\">Alfalfa<\/a> \u00e4r en slags gr\u00e4s som kan \u00e5tervinnas och balas som ensilagesfoder eller f\u00f6r andra \u00e4ndam\u00e5l. Och h\u00f6et\/str\u00e5 \u00e4r materialen som \u00e5terst\u00e5r efter sk\u00f6rd. Det gemensamma \u00e4r att dessa kan \u00e5tervinnas igen, annars kan f\u00f6rbr\u00e4nning av dem orsaka f\u00f6rorening av milj\u00f6n. <\/p>    <p>Kwa hivyo, mashine ya kutengenezea nyasi ya alfalfa ina jukumu muhimu la kuunganisha na kukandamiza nyenzo ili itumike kwa urahisi.<\/p>    <h2 class=\"wp-block-heading\"><strong>Aina mbili za mashine za hydraulic za baling alfa alfa <\/strong><\/h2>    <p>Kama mzalishaji na muuzaji wa vyombo vya habari vya kuegemea vya majimaji anayetegemewa na maarufu, mashine ya kusawazisha ya majimaji ya alfalfa\/nyasi\/majani ina aina mbili za mashine zinazopatikana. Tunagawanya mashine kwenye vyombo vya habari vya usawa na vya wima. <\/p>    <figure class=\"wp-block-gallery aligncenter has-nested-images columns-default is-cropped wp-block-gallery-4 is-layout-flex wp-block-gallery-is-layout-flex\"> <figure class=\"wp-block-image size-full\"><img loading=\"lazy\" decoding=\"async\" width=\"646\" height=\"720\" data-id=\"4310\" src=\"https:\/\/www.baler-machines.com\/wp-content\/uploads\/2023\/03\/vertical-alfalfa-hay-baler-Machine.webp\" alt=\"vertical alfalfa hay baler Machine\" class=\"wp-image-4310\" title=\"\" srcset=\"https:\/\/www.baler-machines.com\/wp-content\/uploads\/2023\/03\/vertical-alfalfa-hay-baler-Machine.webp 646w, https:\/\/www.baler-machines.com\/wp-content\/uploads\/2023\/03\/vertical-alfalfa-hay-baler-Machine-11x12.webp 11w\" sizes=\"auto, (max-width: 646px) 100vw, 646px\" \/><figcaption class=\"wp-element-caption\">Mashine ya Bale ya Maghala ya Alfalfa ya Mstari<\/figcaption><\/figure>    <figure class=\"wp-block-image size-full\"><img loading=\"lazy\" decoding=\"async\" width=\"720\" height=\"720\" data-id=\"4309\" src=\"https:\/\/www.baler-machines.com\/wp-content\/uploads\/2023\/03\/automatic-horizontal-baler-for-alfalfa-hay-bale-with-conveyor.webp\" alt=\"automatic horizontal baler for alfalfa hay bale with conveyor\" class=\"wp-image-4309\" title=\"\" srcset=\"https:\/\/www.baler-machines.com\/wp-content\/uploads\/2023\/03\/automatic-horizontal-baler-for-alfalfa-hay-bale-with-conveyor.webp 720w, https:\/\/www.baler-machines.com\/wp-content\/uploads\/2023\/03\/automatic-horizontal-baler-for-alfalfa-hay-bale-with-conveyor-12x12.webp 12w\" sizes=\"auto, (max-width: 720px) 100vw, 720px\" \/><figcaption class=\"wp-element-caption\">Bale ya Mwelekeo wa Hori ya Moja kwa Moja kwa Maghala ya Alfalfa |<\/figcaption><\/figure> <\/figure>    <p>Hizi aina mbili za mashine za hydraulic balers zina kazi sawa, tu muundo wa mashine na bei ya mashine ni tofauti. Inategemea sana uchaguzi wa mteja.<\/p>    <h2 class=\"wp-block-heading\"><strong>Shuliy Machinery \u2013 den p\u00e5litliga tillverkaren och leverant\u00f6ren av alfalfah\u00f6balarmaskiner<\/strong><\/h2>    <p>Kwa kweli, Mashine ya Shuliy ina uzoefu wa miongo kadhaa katika tasnia ya kuchakata tena. Iwe ni kwa ajili ya utengenezaji wa mashine ya kutengenezea alfa alfa baler au huduma kwa wateja, Shuliy Machinery ni mtengenezaji anayeaminika.<\/p>    <div class=\"wp-block-columns is-layout-flex wp-container-core-columns-is-layout-9d6595d7 wp-block-columns-is-layout-flex\"> <div class=\"wp-block-column is-layout-flow wp-block-column-is-layout-flow\"> <p class=\"translation-block\"><strong>Professionellt tillverkningslag<\/strong><\/p> <\/div>    <div class=\"wp-block-column is-layout-flow wp-block-column-is-layout-flow\"> <p class=\"translation-block\"><strong>Konkurrenskraftigt maskinpris<\/strong><\/p> <\/div>    <div class=\"wp-block-column is-layout-flow wp-block-column-is-layout-flow\"> <p class=\"translation-block\"><strong>Omsorgsfullt eftermarknadsservice<\/strong><\/p> <\/div> <\/div>    <div class=\"wp-block-columns is-layout-flex wp-container-core-columns-is-layout-9d6595d7 wp-block-columns-is-layout-flex\"> <div class=\"wp-block-column is-layout-flow wp-block-column-is-layout-flow\"> <p class=\"has-cyan-bluish-gray-background-color has-background\">Mafundi wetu wa uzalishaji ni miongoni mwa wakubwa katika tasnia hii, ambayo hufanya vyombo vya habari vya hydraulic baling kuwa bora zaidi.<\/p> <\/div>    <div class=\"wp-block-column is-layout-flow wp-block-column-is-layout-flow\"> <p class=\"has-cyan-bluish-gray-background-color has-background\">Kwa sababu sisi ni mchanganyiko wa uzalishaji na biashara, bei ya kuuza ni bei ya kiwanda, ambayo ni faida sana.<\/p> <\/div>    <div class=\"wp-block-column is-layout-flow wp-block-column-is-layout-flow\"> <p class=\"has-cyan-bluish-gray-background-color has-background\">V\u00e5r eftermarknadsservice \u00e4r ocks\u00e5 f\u00f6rstklassig. Efter att maskinen har s\u00e5lts kommer v\u00e5r eftermarknadspersonal att f\u00f6lja upp kundens anv\u00e4ndning.<\/p> <\/div> <\/div>    <h2 class=\"wp-block-heading\"><strong>Jinsi ya kuchagua vyombo vya habari sahihi vya hydraulic alfa alfa baling?<\/strong><\/h2>    <p>Katika soko, kuna wazalishaji wengi wa mashine ya alfa alfa baler inayouzwa. Kulingana na uzoefu wetu tajiri, kuna vidokezo kadhaa juu ya kuchagua mashine inayofaa ya hydraulic alfalfa baler.<\/p>    <ol class=\"wp-block-list\"> <li>Wazi ni nyenzo gani wateja wanataka kubonyeza.<\/li>    <li>Tambua ukubwa wa bidhaa za kumaliza.<\/li>    <li>Pendekeza aina ya mashine ambayo mteja anapendelea. <\/li> <\/ol>    <p>Ya hapo juu ni ushauri tu uliotolewa, kwa kumbukumbu yako wakati wa kuchagua mashine ya baler ya alfalfa. Maalum pia inahitaji kuwasiliana na wafanyakazi wa kitaaluma. Watatoa suluhisho linalofaa zaidi ili kufaidisha biashara yako.<\/p>   <div class=\"wp-block-image\"> <figure class=\"aligncenter size-full\"><img loading=\"lazy\" decoding=\"async\" width=\"1267\" height=\"584\" src=\"https:\/\/www.baler-machines.com\/wp-content\/uploads\/2023\/03\/square-press-baling-machine-for-alfalfa-hay.webp\" alt=\"Mashine ya kubana kwa mviringo kwa maghala ya alfalfa\" class=\"wp-image-4312\" title=\"\" srcset=\"https:\/\/www.baler-machines.com\/wp-content\/uploads\/2023\/03\/square-press-baling-machine-for-alfalfa-hay.webp 1267w, https:\/\/www.baler-machines.com\/wp-content\/uploads\/2023\/03\/square-press-baling-machine-for-alfalfa-hay-768x354.webp 768w, https:\/\/www.baler-machines.com\/wp-content\/uploads\/2023\/03\/square-press-baling-machine-for-alfalfa-hay-18x8.webp 18w\" sizes=\"auto, (max-width: 1267px) 100vw, 1267px\" \/><figcaption class=\"wp-element-caption\">Mashine ya kubana kwa mviringo kwa maghala ya alfalfa<\/figcaption><\/figure> <\/div>   <h2 class=\"wp-block-heading\"><strong>Video ambayo wateja wa kigeni wanatembelea kiwanda cha alfa alfa baler ili Kutazama kazi ya mashine<\/strong><\/h2>    <figure class=\"wp-block-embed is-type-video is-provider-youtube wp-block-embed-youtube wp-embed-aspect-16-9 wp-has-aspect-ratio\"><div class=\"wp-block-embed__wrapper\"> <iframe loading=\"lazy\" title=\"Kihaidroli mlalo cha Hay\/Majani Baling Press - Mashine ya Kuunganisha Kiotomatiki ya Mpunga\/Mchele\/Majani ya Ngano\" width=\"500\" height=\"281\" src=\"https:\/\/www.youtube.com\/embed\/vq3zZfKK3xc?start=47&#038;feature=oembed\" frameborder=\"0\" allow=\"accelerometer; autoplay; clipboard-write; encrypted-media; gyroscope; picture-in-picture; web-share\" referrerpolicy=\"strict-origin-when-cross-origin\" allowfullscreen><\/iframe> <\/div><\/figure>","protected":false},"excerpt":{"rendered":"<p>The hydraulic press alfalfa baler machine is especially for hay, straw, etc. compaction. The alfalfa baling press has the features of great performance, wide applications, and cost performance. The alfalfa baler for sale from Shuliy has a good reputation in the world, it can bale and press the raw materials into square bales to achieve [&hellip;]<\/p>\n","protected":false},"author":1,"featured_media":3106,"parent":0,"template":"","tags":[605],"product-type":[563],"class_list":["post-3095","product","type-product","status-publish","has-post-thumbnail","hentry","tag-alfalfa-baler-machine","product-type-baler-machine"],"_links":{"self":[{"href":"https:\/\/www.baler-machines.com\/sw\/wp-json\/wp\/v2\/product\/3095","targetHints":{"allow":["GET"]}}],"collection":[{"href":"https:\/\/www.baler-machines.com\/sw\/wp-json\/wp\/v2\/product"}],"about":[{"href":"https:\/\/www.baler-machines.com\/sw\/wp-json\/wp\/v2\/types\/product"}],"author":[{"embeddable":true,"href":"https:\/\/www.baler-machines.com\/sw\/wp-json\/wp\/v2\/users\/1"}],"wp:featuredmedia":[{"embeddable":true,"href":"https:\/\/www.baler-machines.com\/sw\/wp-json\/wp\/v2\/media\/3106"}],"wp:attachment":[{"href":"https:\/\/www.baler-machines.com\/sw\/wp-json\/wp\/v2\/media?parent=3095"}],"wp:term":[{"taxonomy":"post_tag","embeddable":true,"href":"https:\/\/www.baler-machines.com\/sw\/wp-json\/wp\/v2\/tags?post=3095"},{"taxonomy":"product-type","embeddable":true,"href":"https:\/\/www.baler-machines.com\/sw\/wp-json\/wp\/v2\/product-type?post=3095"}],"curies":[{"name":"wp","href":"https:\/\/api.w.org\/{rel}","templated":true}]}}