{"id":2448,"date":"2022-08-02T08:26:41","date_gmt":"2022-08-02T08:26:41","guid":{"rendered":"https:\/\/www.baler-machines.com\/?post_type=product&#038;p=2448"},"modified":"2025-10-24T16:30:09","modified_gmt":"2025-10-24T08:30:09","slug":"double-shaft-shredder","status":"publish","type":"product","link":"https:\/\/www.baler-machines.com\/sw\/double-shaft-shredder\/","title":{"rendered":"Shredder ya Shimoni Mbili kwa Upasuaji wa Taka Zote"},"content":{"rendered":"<p class=\"translation-block\">Hii <strong>mashine ya kusaga yenye magurudumu mawili<\/strong> (pia huitwa mashine ya kusaga yenye magurudumu pacha) imeainishwa kwa kusaga nyenzo mbalimbali, kama vile chuma, plastiki, taka za nyumbani, mbao, n.k. vipande vidogo kwa ajili ya kuchakata tena. Inaweza kushughulikia taka za 0.5-25t kwa saa. <\/p>    <p>Shuliy twin-shaft shear shredder ina matumizi mapana, nguvu kubwa ya kupasua na gharama nafuu. Ni maarufu sana katika tasnia ya kuchakata taka.<\/p>    <p>Mashine yetu ya kukata ya 2-shaft imesafirishwa kwenda Malaysia, Italia, Indonesia, Iran, Uzbekistan, Romania, Marekani, Australia, Peru, Urusi, na kadhalika. Ikiwa una nia, njoo uwasiliane nasi kwa maelezo zaidi kuhusu mashine.<\/p>    <figure class=\"wp-block-embed is-type-video is-provider-youtube wp-block-embed-youtube wp-embed-aspect-16-9 wp-has-aspect-ratio\"><div class=\"wp-block-embed__wrapper\"> <iframe loading=\"lazy\" title=\"Kishikio chenye Nguvu cha Shimoni mbili: Kupasua Nyenzo Ngumu na Laini! Crusher kwa Plastiki, Povu, Metali\" width=\"500\" height=\"281\" src=\"https:\/\/www.youtube.com\/embed\/Tw78p96ALVw?feature=oembed\" frameborder=\"0\" allow=\"accelerometer; autoplay; clipboard-write; encrypted-media; gyroscope; picture-in-picture; web-share\" referrerpolicy=\"strict-origin-when-cross-origin\" allowfullscreen><\/iframe> <\/div><figcaption class=\"wp-element-caption\">video ya kazi ya shredder mbili za shimoni kwa kusagwa taka<\/figcaption><\/figure>    <h2 class=\"wp-block-heading\"><strong>Ni nini kinachoweza kupondwa na shredder ya viwanda ya Shuliy?<\/strong><\/h2>    <p>Kishikio chetu cha shimoni mara mbili kina madhumuni yote na kinaweza kupasua kila aina ya taka. Sasa, nitaanzisha ni taka gani zinaweza kusagwa.  <\/p>    <ul class=\"wp-block-list\"> <li><strong>Kitambaa<\/strong>: nguo za kila aina, vitambaa, nguo, shuka na vifuniko.<\/li>    <li><strong>Chuma chakavu<\/strong>: waya za chuma, makombora ya gari, chakavu cha alumini, chakavu cha chuma, sahani ya risasi, upau wa nyuma, n.k.<\/li>    <li><strong>Taka za plastiki<\/strong>: chupa za plastiki za PET, filamu za plastiki, pallet za plastiki, nk. <\/li>    <li><strong>Mabaki ya ujenzi<\/strong>: mabomba ya chuma, chuma, fittings bomba, na mfumo.<\/li>    <li><strong>Matairi chakavu<\/strong>: matairi ya mpira, matairi ya gari, matairi ya lori, matairi ya baiskeli na matairi ya gari.<\/li>    <li><strong>Vifaa vya taka<\/strong>: Seti za TV, mashine za kufulia, makombora ya friji, maganda ya kufungia na majiko ya gesi.<\/li>    <li><strong>Taka za kielektroniki<\/strong>: simu za mkononi, bodi za mzunguko, nyaya, waya za shaba, nk.<\/li>    <li><strong>Vyombo mbalimbali<\/strong>: makopo ya plastiki, ngoma za plastiki, ngoma za chuma, masanduku ya ufungaji, ngoma, makopo ya alumini, nk.<\/li>    <li><strong>Jamii ya mbao<\/strong>: pallets za mbao, mabano ya forklift, na mbao nyingine za taka.<\/li>    <li><strong>Wengine<\/strong>: pikipiki, taka za jikoni, taka za nyumbani, mizoga ya wanyama, vitokanavyo na RDF, taka za matibabu, majani ya kibayolojia, taka za bustani, taka za kichwa cha mpira, kamba iliyosokotwa ya karatasi, n.k.<\/li> <\/ul>   <div class=\"wp-block-image\"> <figure class=\"aligncenter size-full\"><img loading=\"lazy\" decoding=\"async\" width=\"720\" height=\"300\" src=\"https:\/\/www.baler-machines.com\/wp-content\/uploads\/2022\/08\/double-shaft-shredder-applications.webp\" alt=\"maombi ya shredder ya shimoni mbili\" class=\"wp-image-2467\" title=\"\"><figcaption class=\"wp-element-caption\">maombi ya shredder ya shimoni mbili<\/figcaption><\/figure> <\/div>   <p>Muda tu unataka kupasua taka, mpasuaji wetu anaweza kukusaidia kuifanya.<\/p>    <h2 class=\"wp-block-heading\"><strong>Vipengele vya shredder ya shimoni mbili<\/strong><\/h2>    <ul class=\"wp-block-list\"> <li><strong>Pato la 0.5-25t\/h<\/strong>. Kipasua chetu cha viwanda kinaweza kuchakata taka kuanzia 0.5-25t\/h, ambayo ni urejelezaji mzuri. <\/li>    <li><strong>mbalimbali ya maombi<\/strong>. Shredder pacha ya Shuliy inaweza kupasua chuma chakavu, plastiki, umeme, vifaa vya mbao, takataka za nyumbani, nk.<\/li>    <li><strong>Motors mbili bora<\/strong>. Kichimbaji taka cha shimoni mbili kinaweza kutoa nguvu bora ili kuhakikisha mashine inafanya kazi kwa utulivu.<\/li>    <li><strong>Inafaa kwa kazi ya ndani na nje<\/strong>. Kipasua kidijitali cha Shuliy kina kelele ya chini na kinaweza kufanya kazi ndani na nje.<\/li>    <li><strong>Vipu vinavyoweza kutolewa<\/strong>. Vile kwenye shimoni mbili vinaweza kufutwa kwa matengenezo rahisi, ambayo hupunguza sana muda wa matengenezo.<\/li>    <li><strong>Nambari ya blade ya hiari na nyenzo<\/strong>. Unaweza kuchagua nambari inayofaa ya blade na vifaa vya kuchakata taka, ambayo hutoa suluhisho bora kwa kupasua vifaa tofauti. <ul class=\"wp-block-list\"> <li>Kwa blade no., ikiwa unataka uwezo mdogo (kama 900kg \/ h), basi mashine iliyo na 20pcs ya vile inatosha.<\/li>    <li>Kwa vifaa vya blade, 55SiCr ni nzuri kwa kupasua mbao na plastiki, 9CrSi ni nzuri kwa kusagwa mpira na chuma, na H13 ni bora kwa kupasua chuma. <\/li> <\/ul> <\/li> <\/ul>   <div class=\"wp-block-image\"> <figure class=\"aligncenter size-full\"><img loading=\"lazy\" decoding=\"async\" width=\"750\" height=\"563\" src=\"https:\/\/www.baler-machines.com\/wp-content\/uploads\/2022\/08\/shredder-blades.webp\" alt=\"blade za shredder\" class=\"wp-image-2473\" title=\"\"><figcaption class=\"wp-element-caption\">blade za shredder<\/figcaption><\/figure> <\/div>   <ul class=\"wp-block-list\"> <li><strong>Muundo usio na skrini kwenye mlango wa kutokeza maji<\/strong>. Ubunifu huu wa shredder wa shimoni mbili huboresha sana ufanisi wa kupasua.<\/li>    <li><strong>Mfumo wa udhibiti wa PLC wa kujitegemea<\/strong>N\u00e4r du anv\u00e4nder gummid\u00e4ckssorteringsmaskinen \u00e4r det s\u00e4kert och bekv\u00e4mt.<\/li>    <li><strong>Mfumo wa nguvu wa hiari<\/strong>Bulkshreddern kan anv\u00e4nda en motor eller dieselmotor, beroende p\u00e5 behoven i din regions flexibla val.<\/li>    <li><strong>Kubinafsisha<\/strong>. Kulingana na mahitaji yako, tunaweza kubinafsisha voltage, nguvu, ukanda wa conveyor, stendi, skrini, n.k. <ul class=\"wp-block-list\"> <li>Kwa shredders yenye uwezo mkubwa, ukanda wa conveyor na stendi zina vifaa.<\/li>    <li>Kwa nyenzo zisizo za kawaida, skrini ina vifaa. <\/li> <\/ul> <\/li> <\/ul>    <figure class=\"wp-block-gallery aligncenter has-nested-images columns-default is-cropped wp-block-gallery-2 is-layout-flex wp-block-gallery-is-layout-flex\"> <figure class=\"wp-block-image size-large\"><img loading=\"lazy\" decoding=\"async\" width=\"720\" height=\"540\" data-id=\"2470\" src=\"https:\/\/www.baler-machines.com\/wp-content\/uploads\/2022\/08\/double-shaft-shredder-with-the-conveyor.webp\" alt=\"shaft-shredder-na-conveyor\" class=\"wp-image-2470\" title=\"\"><figcaption class=\"wp-element-caption\">Shredder ya Shimoni Mbili Pamoja na Conveyor<\/figcaption><\/figure>    <figure class=\"wp-block-image size-large\"><img loading=\"lazy\" decoding=\"async\" width=\"720\" height=\"540\" data-id=\"2471\" src=\"https:\/\/www.baler-machines.com\/wp-content\/uploads\/2022\/08\/heavy-duty-crusher-.webp\" alt=\"nzito-wajibu-crusher-\" class=\"wp-image-2471\" title=\"\"><figcaption class=\"wp-element-caption\">Heavy Duty Crusher <\/figcaption><\/figure> <\/figure>    <h2 class=\"wp-block-heading\" id=\"h-industrial-dual-shaft-shredder-for-sale\"><strong>Vigezo vya kiufundi vya shredder ya shimoni mbili za viwandani zinauzwa<\/strong><\/h2>    <p>Shuliy viwanda shredder inakuja katika mifano mingi, na pato lake likiwa kutoka ndogo hadi kubwa. Ni hasa ili kukidhi mahitaji yako tofauti ya kukata. Mifano ifuatayo ni kwa ajili ya rejeleo lako.<\/p>    <figure class=\"wp-block-table\"><table><tbody><tr><td>Mfano<\/td><td>Nguvu (kW)<\/td><td>Pato (t\/h)<\/td><td>Kiasi cha blades (pcs)<\/td><\/tr><tr><td>SL-400<\/td><td>7.5*2<\/td><td>0.5-1<\/td><td>20<\/td><\/tr><tr><td>SL-600<\/td><td>11*2<\/td><td>1.5-2<\/td><td>30<\/td><\/tr><tr><td>SL-800<\/td><td>18.5*2<\/td><td>2-3<\/td><td>40<\/td><\/tr><tr><td>SL-1000<\/td><td>22*2<\/td><td>4-5<\/td><td>50<\/td><\/tr><tr><td>SL-1200<\/td><td>37*2<\/td><td>5-7<\/td><td>30<\/td><\/tr><tr><td>SL-1400<\/td><td>45*2<\/td><td>8-10<\/td><td>40<\/td><\/tr><tr><td>SL-1600<\/td><td>75*2<\/td><td>12-15<\/td><td>20<\/td><\/tr><tr><td>SL-1800<\/td><td>75*2<\/td><td>15-18<\/td><td>18<\/td><\/tr><tr><td>SL-2000<\/td><td>90*2<\/td><td>20-25<\/td><td>20<\/td><\/tr><\/tbody><\/table><figcaption class=\"wp-element-caption\">aina tofauti za shredder ya twin-shaft <\/figcaption><\/figure>    <p class=\"translation-block\"><strong>Vidokezo kwa mashine ya kusaga yenye magurudumu mawili<\/strong>:<\/p>    <ul class=\"wp-block-list\"> <li>Kipindi cha udhamini: miaka 2<\/li>    <li>Ugawaji wa hiari: skrini na ukanda wa conveyor<\/li> <\/ul>    <figure class=\"wp-block-gallery aligncenter has-nested-images columns-default is-cropped wp-block-gallery-3 is-layout-flex wp-block-gallery-is-layout-flex\"> <figure class=\"wp-block-image size-large\"><img loading=\"lazy\" decoding=\"async\" width=\"720\" height=\"540\" data-id=\"2468\" src=\"https:\/\/www.baler-machines.com\/wp-content\/uploads\/2022\/08\/industrial-shredder.webp\" alt=\"viwanda-shredder\" class=\"wp-image-2468\" title=\"\"><figcaption class=\"wp-element-caption\">Shredder ya Viwanda<\/figcaption><\/figure>    <figure class=\"wp-block-image size-large\"><img loading=\"lazy\" decoding=\"async\" width=\"720\" height=\"540\" data-id=\"2469\" src=\"https:\/\/www.baler-machines.com\/wp-content\/uploads\/2022\/08\/rubber-tire-recycling-equipment.webp\" alt=\"vifaa vya kuchakata matairi ya mpira\" class=\"wp-image-2469\" title=\"\"><figcaption class=\"wp-element-caption\">Vifaa vya Usafishaji wa Matairi ya Mpira<\/figcaption><\/figure> <\/figure>    <h2 class=\"wp-block-heading\"><strong>Muundo wa kipekee wa shredder ya shimoni mbili<\/strong><\/h2>    <p>Designen av v\u00e5r tvillingaxelshredder \u00e4r i linje med kundens anv\u00e4ndningsvanor, och den \u00e4r mycket bekv\u00e4m att anv\u00e4nda.<\/p>    <p>Inajumuisha injini (au injini ya dizeli), kipunguzaji, hopa, mlango wa kutokwa na shimoni mbili zilizo na vile. <\/p>   <div class=\"wp-block-image\"> <figure class=\"aligncenter size-full\"><img loading=\"lazy\" decoding=\"async\" width=\"720\" height=\"540\" src=\"https:\/\/www.baler-machines.com\/wp-content\/uploads\/2022\/08\/plastic-shredder-machine-structure.webp\" alt=\"muundo wa mashine ya shredder ya plastiki\" class=\"wp-image-2477\" title=\"\"><figcaption class=\"wp-element-caption\">muundo wa mashine ya shredder ya plastiki<\/figcaption><\/figure> <\/div>   <p>Dessutom kan vi ocks\u00e5 utrusta transportbandet, stativet eller sk\u00e4rmen f\u00f6r din bekv\u00e4mlighet. Beroende p\u00e5 din faktiska situation kommer vi att g\u00f6ra den l\u00e4mpliga konfigurationen.<\/p>    <figure class=\"wp-block-gallery aligncenter has-nested-images columns-default is-cropped wp-block-gallery-4 is-layout-flex wp-block-gallery-is-layout-flex\"> <figure class=\"wp-block-image size-large\"><img loading=\"lazy\" decoding=\"async\" width=\"720\" height=\"540\" data-id=\"3550\" src=\"https:\/\/www.baler-machines.com\/wp-content\/uploads\/2022\/08\/heavy-duty-two-shaft-shredder-with-stand.webp\" alt=\"wajibu mzito shredder mbili shimoni na kusimama\" class=\"wp-image-3550\" title=\"\"><figcaption class=\"wp-element-caption\">Wajibu Mzito Kipasua Shimo Mbili Na Stendi<\/figcaption><\/figure>    <figure class=\"wp-block-image size-large\"><img loading=\"lazy\" decoding=\"async\" width=\"720\" height=\"540\" data-id=\"3551\" src=\"https:\/\/www.baler-machines.com\/wp-content\/uploads\/2022\/08\/industrial-shredder-for-sale.webp\" alt=\"industriell shredder till salu\" class=\"wp-image-3551\" title=\"\"><figcaption class=\"wp-element-caption\">Shredder ya Viwanda Inauzwa<\/figcaption><\/figure> <\/figure>    <h2 class=\"wp-block-heading\"><strong>Je, shredder ya viwanda inafanya kazi gani?<\/strong><\/h2>    <p>Kipasua shimoni mara mbili hufanya kazi kwa kutegemea shafts mbili zilizo na vilele vikali.<\/p>    <figure class=\"wp-block-gallery aligncenter has-nested-images columns-default is-cropped wp-block-gallery-5 is-layout-flex wp-block-gallery-is-layout-flex\"> <figure class=\"wp-block-image size-large\"><img loading=\"lazy\" decoding=\"async\" width=\"720\" height=\"540\" data-id=\"2474\" src=\"https:\/\/www.baler-machines.com\/wp-content\/uploads\/2022\/08\/drums-with-the-blades.webp\" alt=\"trummor-med-bladen\" class=\"wp-image-2474\" title=\"\"><figcaption class=\"wp-element-caption\">Ngoma Zenye Blade<\/figcaption><\/figure>    <figure class=\"wp-block-image size-large\"><img loading=\"lazy\" decoding=\"async\" width=\"720\" height=\"540\" data-id=\"2475\" src=\"https:\/\/www.baler-machines.com\/wp-content\/uploads\/2022\/08\/quality-blades.webp\" alt=\"vilka-blad\" class=\"wp-image-2475\" title=\"\"><figcaption class=\"wp-element-caption\">Vipu vya ubora<\/figcaption><\/figure> <\/figure>    <p>Efter att ha g\u00e5tt in i tvillingaxelshreddermaskinen, rivs och klipps materialet av sk\u00e4rbladen i en f\u00f6rskjuten rotation. Sedan delas det och bryts ner i mindre storlekar och avges d\u00e4refter.<\/p>    <h2 class=\"wp-block-heading\"><strong>Vipi kuhusu bei ya mashine ya kuchana shimo mbili?<\/strong><\/h2>    <p>Bei ya shredder ya shimoni mbili huathiriwa na vipengele mbalimbali. Kwa kadiri mashine yenyewe inavyohusika, ni hasa usanidi wa mashine ya kipunguzaji na blade.<\/p>    <ul class=\"wp-block-list\"> <li><strong>Kipunguzaji<\/strong> <ul class=\"wp-block-list\"> <li>Jukumu lake ni kupunguza kasi wakati wa kuongeza torque ya pato, lakini pia kupunguza hali ya mzigo. <\/li>    <li>Reducer ina mifano ya kawaida na mifano customizable. Mifano zinazoweza kubinafsishwa hakika ni ghali zaidi kuliko mifano ya kawaida.<\/li> <\/ul> <\/li>    <li><strong>Vipu vya shredder<\/strong> <ul class=\"wp-block-list\"> <li>I processen f\u00f6r materialshredning \u00e4r bladet k\u00e4rnan. D\u00e4rf\u00f6r p\u00e5verkar bladens tjocklek, antal och kvalitet maskinens pris.<\/li>    <li>Kwa ujumla, kadiri blade zilivyo nene na wingi wake, ndivyo mashine inavyokuwa ghali zaidi.<\/li> <\/ul> <\/li> <\/ul>    <h2 class=\"wp-block-heading\"><strong>Kwa nini uchague shredder ya shimoni mbili ya Shuliy kama chaguo la juu?<\/strong><\/h2>    <ul class=\"wp-block-list\"> <li><strong>Ubora wa juu na wa kudumu wa vifaa<\/strong> <ul class=\"wp-block-list\"> <li>Shuliy double shaft shredder imetengenezwa kwa chuma chenye nguvu ya juu na ina visu zinazostahimili kuvaa na zinazostahimili kutu.<\/li>    <li>Vifaa vinaweza kushughulikia vifaa mbalimbali (kama vile chuma chakavu, matairi, nk) na utulivu bora na maisha ya muda mrefu ya huduma.<\/li> <\/ul> <\/li>    <li><strong>Teknolojia ya kusaga yenye ufanisi wa hali ya juu<\/strong> <ul class=\"wp-block-list\"> <li>Kisuaji chetu cha sehemu mbili za shimoni huchukua muundo wa hali ya juu wa kasi ya polepole na torati ya hali ya juu, ambayo inaweza kukabiliana kwa ufanisi na aina mbalimbali za nyenzo ambazo ni vigumu kupasua. <\/li>    <li>Sio tu kuwa na ufanisi wa juu wa kazi, lakini pia ina matumizi ya chini ya nishati, ambayo inaboresha sana urejeshaji wa rasilimali na utupaji wa taka.<\/li> <\/ul> <\/li>    <li><strong>Huduma za kitaalamu za kuacha moja<\/strong> <ul class=\"wp-block-list\"> <li>Shuliy hutoa huduma ya kituo kimoja kutoka kwa mashauriano ya kabla ya mauzo hadi matengenezo ya baada ya mauzo. <\/li>    <li>Tunaweza kubinafsisha suluhu za shredder kulingana na mahitaji yako maalum ya uzalishaji, kama vile nambari ya blade, nyenzo za blade, voltage, nk.<\/li> <\/ul> <\/li>    <li><strong>Kamilisha mfumo wa huduma baada ya mauzo<\/strong> <ul class=\"wp-block-list\"> <li>Huduma za wakati na za kufikiria baada ya mauzo, pamoja na usakinishaji na mwongozo wa kuwaagiza, mafunzo ya uendeshaji, usambazaji wa sehemu na ukarabati wa makosa, n.k.<\/li> <\/ul> <\/li> <\/ul>    <figure class=\"wp-block-gallery aligncenter has-nested-images columns-default is-cropped wp-block-gallery-6 is-layout-flex wp-block-gallery-is-layout-flex\"> <figure class=\"wp-block-image size-full\"><img loading=\"lazy\" decoding=\"async\" width=\"720\" height=\"540\" data-id=\"3556\" src=\"https:\/\/www.baler-machines.com\/wp-content\/uploads\/2024\/01\/double-shaft-shredder-machine-in-stock.webp\" alt=\"dubbelaxlad shreddermaskin i lager\" class=\"wp-image-3556\" title=\"\"><figcaption class=\"wp-element-caption\">Mashine ya Kupasua Shimoni Mbili Ipo Hisa<\/figcaption><\/figure>    <figure class=\"wp-block-image size-large\"><img loading=\"lazy\" decoding=\"async\" width=\"720\" height=\"540\" data-id=\"3555\" src=\"https:\/\/www.baler-machines.com\/wp-content\/uploads\/2022\/08\/twin-shaft-shredder-manufacturer.webp\" alt=\"twin shaft shredder tillverkare\" class=\"wp-image-3555\" title=\"\"><figcaption class=\"wp-element-caption\">Mtengenezaji wa Shredder wa Twin Shaft<\/figcaption><\/figure> <\/figure>    <h2 class=\"wp-block-heading\"><strong>Wasiliana nasi ili uanzishe biashara yako ya kuchakata taka!<\/strong><\/h2>    <p>Anzisha biashara yako ya kuchakata taka na Shuliy! <\/p>    <p class=\"translation-block\">Tunatoa suluhisho la kuacha moja kwa vifaa vya kuchakata taka, kama vile mashine ya kusaga yenye magurudumu mawili, <a href=\"https:\/\/www.baler-machines.com\/sw\/horizontal-metal-baler\/\">mashine ya kubananisha chuma<\/a>, mkasi wa chuma, n.k.<\/p>    <p class=\"translation-block\">Kuanzia <a href=\"https:\/\/en.wikipedia.org\/wiki\/Scrap\" target=\"_blank\" rel=\"noopener\">chuma chakavu<\/a> hadi tairi za mpira, tunaweza kukusaidia kubadilisha taka kuwa rasilimali muhimu kwa ufanisi. Wasiliana nasi leo kwa njia ya kijani zaidi ya kufanya biashara!<\/p>","protected":false},"excerpt":{"rendered":"<p>Kipasua shimoni mara mbili (kipasua shimoni pacha) ni maalumu kwa kupasua vifaa mbalimbali, kama vile chuma, plastiki, n.k. kuwa chembe ndogo kwa ajili ya kuchakatwa tena.<\/p>","protected":false},"author":1,"featured_media":2476,"parent":0,"template":"","tags":[578,581,579,580,632],"product-type":[561],"class_list":["post-2448","product","type-product","status-publish","has-post-thumbnail","hentry","tag-double-shaft-shredder","tag-dual-shaft-shredder","tag-scrap-metal-crusher","tag-scrap-metal-shredder","tag-shredder","product-type-industrial-shredder"],"_links":{"self":[{"href":"https:\/\/www.baler-machines.com\/sw\/wp-json\/wp\/v2\/product\/2448","targetHints":{"allow":["GET"]}}],"collection":[{"href":"https:\/\/www.baler-machines.com\/sw\/wp-json\/wp\/v2\/product"}],"about":[{"href":"https:\/\/www.baler-machines.com\/sw\/wp-json\/wp\/v2\/types\/product"}],"author":[{"embeddable":true,"href":"https:\/\/www.baler-machines.com\/sw\/wp-json\/wp\/v2\/users\/1"}],"wp:featuredmedia":[{"embeddable":true,"href":"https:\/\/www.baler-machines.com\/sw\/wp-json\/wp\/v2\/media\/2476"}],"wp:attachment":[{"href":"https:\/\/www.baler-machines.com\/sw\/wp-json\/wp\/v2\/media?parent=2448"}],"wp:term":[{"taxonomy":"post_tag","embeddable":true,"href":"https:\/\/www.baler-machines.com\/sw\/wp-json\/wp\/v2\/tags?post=2448"},{"taxonomy":"product-type","embeddable":true,"href":"https:\/\/www.baler-machines.com\/sw\/wp-json\/wp\/v2\/product-type?post=2448"}],"curies":[{"name":"wp","href":"https:\/\/api.w.org\/{rel}","templated":true}]}}