{"id":1089,"date":"2021-12-03T03:16:02","date_gmt":"2021-12-03T03:16:02","guid":{"rendered":"https:\/\/www.baler-machines.com\/?p=1089"},"modified":"2024-07-19T09:07:37","modified_gmt":"2024-07-19T01:07:37","slug":"metal-shear-machine","status":"publish","type":"product","link":"https:\/\/www.baler-machines.com\/sw\/metal-shear-machine\/","title":{"rendered":"Mashine ya Metal Shear kwa Kukata Chakavu"},"content":{"rendered":"<p class=\"translation-block\">Shuliy <strong>metal shear machine<\/strong>, piafahamika pia kama mashine ya kukata chuma ya kichwa cha simbazi, hukata chuma chakavu kama vile vifaa vya chuma vyepesi, mirija ya shaba, karatasi za chuma, n.k. kwa ukubwa unaohitajika. Inaweza kukata chuma chakavu mara 5-8 kwa dakika, ambayo inaweza kurekebishwa. <\/p>    <p>Mashine yetu ya kukata chuma ya majimaji ina upana wa kufanya kazi wa 1m na 1.2m (saizi ya ufunguzi wa blade). Tunaweza pia kuibadilisha ili kukidhi mahitaji yako. <\/p>    <p>Mashine hii ina vile vile viwili, moja ya kukandamiza chuma taka na nyingine ya kukata chakavu. Kwa kukata chuma kwa urahisi, feeder ya mnyororo ni ya hiari. <\/p>    <figure class=\"wp-block-gallery aligncenter has-nested-images columns-default is-cropped wp-block-gallery-2 is-layout-flex wp-block-gallery-is-layout-flex\"> <figure class=\"wp-block-image size-full\"><img loading=\"lazy\" decoding=\"async\" width=\"540\" height=\"540\" data-id=\"1114\" src=\"https:\/\/www.baler-machines.com\/wp-content\/uploads\/2021\/12\/Scrap-metal-shearing-machine.jpg\" alt=\"Mashine ya kunyoa chuma chakavu\" class=\"wp-image-1114\" title=\"\" srcset=\"https:\/\/www.baler-machines.com\/wp-content\/uploads\/2021\/12\/Scrap-metal-shearing-machine.jpg 540w, https:\/\/www.baler-machines.com\/wp-content\/uploads\/2021\/12\/Scrap-metal-shearing-machine-120x120.jpg 120w\" sizes=\"auto, (max-width: 540px) 100vw, 540px\" \/><figcaption class=\"wp-element-caption\">Mashine ya Kunyoa vyuma chakavu<\/figcaption><\/figure>    <figure class=\"wp-block-image size-full\"><img loading=\"lazy\" decoding=\"async\" width=\"540\" height=\"540\" data-id=\"1113\" src=\"https:\/\/www.baler-machines.com\/wp-content\/uploads\/2021\/12\/Sheet-metal-shearing-machine.jpg\" alt=\"Mashine ya kunyoa chuma ya karatasi\" class=\"wp-image-1113\" title=\"\" srcset=\"https:\/\/www.baler-machines.com\/wp-content\/uploads\/2021\/12\/Sheet-metal-shearing-machine.jpg 540w, https:\/\/www.baler-machines.com\/wp-content\/uploads\/2021\/12\/Sheet-metal-shearing-machine-120x120.jpg 120w\" sizes=\"auto, (max-width: 540px) 100vw, 540px\" \/><figcaption class=\"wp-element-caption\">Mashine ya Kunyoa Mabati ya Karatasi<\/figcaption><\/figure>    <figure class=\"wp-block-image size-full\"><img loading=\"lazy\" decoding=\"async\" width=\"540\" height=\"540\" data-id=\"1112\" src=\"https:\/\/www.baler-machines.com\/wp-content\/uploads\/2021\/12\/Metal-shearing-machine.jpg\" alt=\"Mashine ya kunyoa chuma\" class=\"wp-image-1112\" title=\"\" srcset=\"https:\/\/www.baler-machines.com\/wp-content\/uploads\/2021\/12\/Metal-shearing-machine.jpg 540w, https:\/\/www.baler-machines.com\/wp-content\/uploads\/2021\/12\/Metal-shearing-machine-120x120.jpg 120w\" sizes=\"auto, (max-width: 540px) 100vw, 540px\" \/><figcaption class=\"wp-element-caption\">Mashine ya Kunyoa Chuma<\/figcaption><\/figure> <\/figure>    <p>Mashine yetu ya kunyoa chuma ya majimaji ni maarufu sana kwa sababu ya matumizi yake ya nguvu ya kukata manyoya, uendeshaji salama na rahisi, ukataji unaoendelea, na ufanisi wa juu wa uzalishaji.<\/p>    <p>Om du letar efter en l\u00f6sning f\u00f6r skrot som st\u00e5lr\u00f6r, \u00e4r denna metallsk\u00e4rande sax ditt idealiska val.<\/p>    <figure class=\"wp-block-embed is-type-video is-provider-youtube wp-block-embed-youtube wp-embed-aspect-16-9 wp-has-aspect-ratio\"><div class=\"wp-block-embed__wrapper\"> <iframe loading=\"lazy\" title=\"Mashine Bora ya Kunyoa Chuma Inayoonyesha Kukata Alumini, Bamba la Chuma na Mrija wa Shaba! Shear chakavu\" width=\"500\" height=\"281\" src=\"https:\/\/www.youtube.com\/embed\/1-DmsYuy4vM?feature=oembed\" frameborder=\"0\" allow=\"accelerometer; autoplay; clipboard-write; encrypted-media; gyroscope; picture-in-picture; web-share\" referrerpolicy=\"strict-origin-when-cross-origin\" allowfullscreen><\/iframe> <\/div><figcaption class=\"wp-element-caption\">video ya shear ya chuma ya majimaji kwa kukata taka<\/figcaption><\/figure>    <h2 class=\"wp-block-heading\"><strong>Vyuma chakavu vya kukatwa &amp; utumiaji wa mashine ya kunyoa chuma<\/strong><\/h2>    <p>Mashine yetu ya kukata chuma inaweza kukata mabaki kadhaa ya chuma, kama vile:<\/p>    <p class=\"translation-block\"><strong>Chuma cha duara, chuma cha mraba, chuma cha chaneli, chuma cha pembe, boriti, bamba, bomba la chuma, bamba la chuma, I-boriti,<\/strong> <strong>vipande vya alumini, karatasi za chuma, mirija ya shaba,<\/strong> n.k.<\/p>   <div class=\"wp-block-image\"> <figure class=\"aligncenter size-full\"><img loading=\"lazy\" decoding=\"async\" width=\"720\" height=\"540\" src=\"https:\/\/www.baler-machines.com\/wp-content\/uploads\/2021\/12\/applications-of-metal-shearing-machine.webp\" alt=\"matumizi ya mashine ya kunyoa chuma\" class=\"wp-image-3681\" title=\"\" srcset=\"https:\/\/www.baler-machines.com\/wp-content\/uploads\/2021\/12\/applications-of-metal-shearing-machine.webp 720w, https:\/\/www.baler-machines.com\/wp-content\/uploads\/2021\/12\/applications-of-metal-shearing-machine-16x12.webp 16w\" sizes=\"auto, (max-width: 720px) 100vw, 720px\" \/><figcaption class=\"wp-element-caption\">matumizi ya mashine ya kunyoa chuma<\/figcaption><\/figure> <\/div>   <p>Baada ya kujua ni chuma gani kinachoweza kukatwa na shear ya chuma ya majimaji ya tiger-head, ni maeneo gani au viwanda vinavyotumia?<\/p>    <p>Aina hii ya mashine ya kukata chuma hutumiwa sana katika:<\/p>    <ul class=\"wp-block-list\"> <li>Vituo vya kuchakata na kusindika chuma chakavu<\/li>    <li>Vinu vya chuma na chuma<\/li>    <li>Sekta ya metallurgiska<\/li>    <li>Vituo vikubwa vya kuchakata chakavu<\/li> <\/ul>    <h2 class=\"wp-block-heading\"><strong>Faida za mashine ya kunyoa chuma ya majimaji<\/strong><\/h2>    <ul class=\"wp-block-list\"> <li><strong>Kukata chuma taka kwa kasi ya mara 5-8 kwa dakika (inayoweza kubadilishwa)<\/strong>. Mashine yetu ya kukata chuma inaweza kukata chuma mara 5-8 ndani ya dakika moja, ambayo ni ya ufanisi. Na unaweza kurekebisha nyakati za kukata. <\/li>    <li><strong>Kunyoa sahani ya chuma, bomba la chuma, chuma chakavu, chuma chakavu, alumini, nk<\/strong>. Mashine ya kukata chuma ya Shuliy ina uwezo wa kunyoa vifaa mbalimbali vya chuma. Ina anuwai ya maombi. <\/li>    <li><strong>Kukata kwa kuendelea na feeder ya mnyororo<\/strong>. Kwa kukata kwa urahisi na bila kuingiliwa, shears zetu zinaweza kuongeza conveyor ya sahani ya mnyororo, rahisi zaidi na ya haraka.<\/li>    <li><strong>Uendeshaji rahisi<\/strong>. Mashine ya kunyoa chuma chakavu imeundwa kwa njia inayofaa. Wafanyakazi wanaweza kujua matumizi ya vifaa baada ya muda mfupi wa mafunzo.<\/li> <\/ul>   <div class=\"wp-block-image\"> <figure class=\"aligncenter size-full\"><img loading=\"lazy\" decoding=\"async\" width=\"720\" height=\"540\" src=\"https:\/\/www.baler-machines.com\/wp-content\/uploads\/2019\/12\/scrap-metal-shearing-machine-for-sale.jpg\" alt=\"mashine ya kunyoa chuma chakavu inauzwa\" class=\"wp-image-698\" title=\"\"><figcaption class=\"wp-element-caption\">mashine ya kunyoa chuma chakavu inauzwa<\/figcaption><\/figure> <\/div>   <h2 class=\"wp-block-heading\"><strong>Vigezo vya kiufundi vya shear ya karatasi ya chuma<\/strong> <strong>mashine<\/strong><\/h2>    <figure class=\"wp-block-table\"><table class=\"has-fixed-layout\"><tbody><tr><td>Mfano<\/td><td>SL-250<\/td><td>SL-300<\/td><\/tr><tr><td>Max. nguvu ya kukata nywele<\/td><td>2500KN<\/td><td>2500KN<\/td><\/tr><tr><td>Kiharusi cha silinda ya shear<\/td><td>450 mm<\/td><td>\/<\/td><\/tr><tr><td>Max. nguvu ya vyombo vya habari<\/td><td>2500KN<\/td><td>2500KN<\/td><\/tr><tr><td>Bonyeza kiharusi cha silinda<\/td><td>450 mm<\/td><td>\/<\/td><\/tr><tr><td>Urefu wa meza ya kufanya kazi<\/td><td>800 mm<\/td><td>800 mm<\/td><\/tr><tr><td>Uwezo<\/td><td>Mara 5-8 kwa dakika (inaweza kubadilishwa)<\/td><td>Mara 5-8 kwa dakika (inaweza kubadilishwa)<\/td><\/tr><tr><td>Shear kisu urefu wa kufanya kazi<\/td><td>1000 mm<\/td><td>1000 mm<\/td><\/tr><tr><td>Max. ufunguzi wa blade sambamba<\/td><td>550 mm<\/td><td>\/<\/td><\/tr><tr><td>Pampu ya majimaji<\/td><td>80YCY<\/td><td>\/<\/td><\/tr><tr><td>Nguvu ya magari<\/td><td>22kw<\/td><td>22kw<\/td><\/tr><tr><td>Kipimo cha mashine kuu<\/td><td>2000*1200*1800mm<\/td><td>2000*1200*2100mm<\/td><\/tr><tr><td>Ukubwa wa kituo cha majimaji<\/td><td>1600*1200*1400mm<\/td><td>\/<\/td><\/tr><\/tbody><\/table><figcaption class=\"wp-element-caption\">vipimo vya shears za chuma za majimaji<\/figcaption><\/figure>    <p>Vigezo hapo juu ni kwa kumbukumbu yako wakati wa kuchagua mashine ya kukata chuma. <\/p>    <p>Tafadhali tuambie aina yako ya nyenzo, unene, n.k., na meneja wetu wa mauzo atakupendekezea muundo unaofaa.<\/p>    <h2 class=\"wp-block-heading\"><strong>Muundo wa mashine ya kukata chakavu<\/strong><\/h2>    <p>Mashine ya kukata chuma chakavu ina silinda ya mafuta ya kunyoa, kisu cha kunyoa, kisu cha kushinikiza cha kuzuia, kiti cha kisu cha chini, silinda ya kushinikiza ya mafuta, nk.<\/p>    <p>Kitengo kikuu na silinda ya majimaji ni tofauti, kuhakikisha usalama wakati unatumika.<\/p>   <div class=\"wp-block-image\"> <figure class=\"aligncenter size-full\"><img loading=\"lazy\" decoding=\"async\" width=\"720\" height=\"540\" src=\"https:\/\/www.baler-machines.com\/wp-content\/uploads\/2022\/08\/structure-of-the-metal-shear-machine.webp\" alt=\"\" class=\"wp-image-2545\" title=\"\"><figcaption class=\"wp-element-caption\">muundo wa mashine ya kukata chuma<\/figcaption><\/figure> <\/div>   <h2 class=\"wp-block-heading\"><strong>Kanuni ya kazi ya mashine ya kukata chuma ya shear<\/strong><\/h2>    <p>Kanuni ya kazi ya mashine ya kukata chuma ya tiger-head ni kutumia mfumo wa majimaji kuendesha kichwa cha kukata.<\/p>    <p>Weka nyenzo za chuma chakavu chini ya kichwa cha kukata, na kichwa cha kukata kinasisitizwa chini na nguvu ya majimaji ili kukamilisha operesheni ya kukata. <\/p>    <p>Kizuizi cha chuma kilichokatwa kinaweza kubadilishwa kwa saizi inayohitajika kwa uhifadhi na usafirishaji rahisi.<\/p>    <figure class=\"wp-block-embed is-type-video is-provider-youtube wp-block-embed-youtube wp-embed-aspect-16-9 wp-has-aspect-ratio\"><div class=\"wp-block-embed__wrapper\"> <iframe loading=\"lazy\" title=\"Mashine ya Kung&#039;oa Chuma cha Majimaji | Karatasi ya Metal Guillotine | Mashine ya Kukata Metali ya Hydraulic\" width=\"500\" height=\"281\" src=\"https:\/\/www.youtube.com\/embed\/EoQyFYcVNUs?feature=oembed\" frameborder=\"0\" allow=\"accelerometer; autoplay; clipboard-write; encrypted-media; gyroscope; picture-in-picture; web-share\" referrerpolicy=\"strict-origin-when-cross-origin\" allowfullscreen><\/iframe> <\/div><figcaption class=\"wp-element-caption\">video ya kazi ya mashine ya kukata chuma<\/figcaption><\/figure>    <h2 class=\"wp-block-heading\"><strong>Vifaa vya kusaidia kwa cutter ya kukata chuma<\/strong><\/h2>    <p>Mashine ya kunyoa chuma ya majimaji inaweza kuunganishwa kwa chainplate feeder kwa ajili ya kulisha moja kwa moja. <\/p>    <p>Kilisho cha sahani ya mnyororo hutambua ulishaji laini, na kuepuka mlipuko wa nyenzo za utaratibu wa jadi wa kuwasilisha.<\/p>    <figure class=\"wp-block-gallery aligncenter has-nested-images columns-default is-cropped wp-block-gallery-3 is-layout-flex wp-block-gallery-is-layout-flex\"> <figure class=\"wp-block-image size-large\"><img loading=\"lazy\" decoding=\"async\" width=\"720\" height=\"500\" data-id=\"1130\" src=\"https:\/\/www.baler-machines.com\/wp-content\/uploads\/2021\/12\/sheet-metal-guillotine.jpg\" alt=\"karatasi ya guillotine ya chuma\" class=\"wp-image-1130\" title=\"\"><figcaption class=\"wp-element-caption\">Karatasi ya Metal Guillotine<\/figcaption><\/figure>    <figure class=\"wp-block-image size-large\"><img loading=\"lazy\" decoding=\"async\" width=\"540\" height=\"540\" data-id=\"1110\" src=\"https:\/\/www.baler-machines.com\/wp-content\/uploads\/2021\/12\/sheet-metal-guillotine-with-a-chainplate-feeder.jpg\" alt=\"karatasi ya guillotine ya chuma yenye feeder ya chainplate\" class=\"wp-image-1110\" title=\"\" srcset=\"https:\/\/www.baler-machines.com\/wp-content\/uploads\/2021\/12\/sheet-metal-guillotine-with-a-chainplate-feeder.jpg 540w, https:\/\/www.baler-machines.com\/wp-content\/uploads\/2021\/12\/sheet-metal-guillotine-with-a-chainplate-feeder-120x120.jpg 120w\" sizes=\"auto, (max-width: 540px) 100vw, 540px\" \/><figcaption class=\"wp-element-caption\">Karatasi ya Guillotine ya Metali Yenye Kilisho cha Chainplate<\/figcaption><\/figure> <\/figure>    <h2 class=\"wp-block-heading\"><strong>Vidokezo vya kuchagua mashine ya kukata chuma<\/strong><\/h2>    <p>Wakati wa kununua shear ya chuma, ni muhimu kuhakikisha kuwa vifaa vina uwezo wa kukidhi mahitaji ya usindikaji. <\/p>    <p>Ili kununua mashine ya kukata chuma ya hydraulic ya kiuchumi na ya vitendo, inashauriwa kuzingatia mambo yafuatayo:<\/p>    <ol class=\"wp-block-list\"> <li><strong>Fafanua ukubwa na nyenzo za taka<\/strong>. Hii itakusaidia kuchagua tani zinazofaa za mashine ili kuhakikisha ufanisi wa kukata nywele na ufanisi.<\/li>    <li><strong>Chagua blade maalum kwa vifaa maalum<\/strong>. Nyenzo maalum au taka zina ugumu mkubwa. Kwa hivyo, unahitaji blade maalum ili kupunguza shida ya uingizwaji.<\/li>    <li><strong>Chagua vifaa ambavyo ni rahisi kufunga na kufanya kazi<\/strong>. Muundo uliounganishwa wa vifaa hauhitaji ufungaji ngumu, ni rahisi kufanya kazi, na husaidia kuboresha ufanisi wa kazi.<\/li> <\/ol>    <figure class=\"wp-block-gallery has-nested-images columns-default is-cropped wp-block-gallery-4 is-layout-flex wp-block-gallery-is-layout-flex\"> <figure class=\"wp-block-image size-large\"><img loading=\"lazy\" decoding=\"async\" width=\"720\" height=\"540\" data-id=\"3701\" src=\"https:\/\/www.baler-machines.com\/wp-content\/uploads\/2021\/12\/hydrualic-metal-shear-machine-for-sale.webp\" alt=\"maskin f\u00f6r hydraulisk metallsk\u00e4rning till salu\" class=\"wp-image-3701\" title=\"\" srcset=\"https:\/\/www.baler-machines.com\/wp-content\/uploads\/2021\/12\/hydrualic-metal-shear-machine-for-sale.webp 720w, https:\/\/www.baler-machines.com\/wp-content\/uploads\/2021\/12\/hydrualic-metal-shear-machine-for-sale-16x12.webp 16w\" sizes=\"auto, (max-width: 720px) 100vw, 720px\" \/><figcaption class=\"wp-element-caption\">Mashine ya Hydrualic Metal Shear Inauzwa<\/figcaption><\/figure>    <figure class=\"wp-block-image size-large\"><img loading=\"lazy\" decoding=\"async\" width=\"720\" height=\"540\" data-id=\"3700\" src=\"https:\/\/www.baler-machines.com\/wp-content\/uploads\/2021\/12\/high-performance-metal-cutting-machine.webp\" alt=\"h\u00f6gpresterande metallsk\u00e4rmaskin\" class=\"wp-image-3700\" title=\"\" srcset=\"https:\/\/www.baler-machines.com\/wp-content\/uploads\/2021\/12\/high-performance-metal-cutting-machine.webp 720w, https:\/\/www.baler-machines.com\/wp-content\/uploads\/2021\/12\/high-performance-metal-cutting-machine-16x12.webp 16w\" sizes=\"auto, (max-width: 720px) 100vw, 720px\" \/><figcaption class=\"wp-element-caption\">Mashine ya Kukata Vyuma yenye Utendaji wa Juu<\/figcaption><\/figure> <\/figure>    <h2 class=\"wp-block-heading\"><strong>Wasiliana nasi sasa kwa maelezo zaidi!<\/strong><\/h2>    <p class=\"translation-block\">Ikiwa unatafuta suluhisho la kukata <a href=\"https:\/\/en.wikipedia.org\/wiki\/Scrap\" target=\"_blank\" rel=\"noopener\">chuma chakavu<\/a>, wasiliana nasi!<\/p>    <p class=\"translation-block\">Mbali na kikata hiki, pia tunacho <a href=\"https:\/\/www.baler-machines.com\/sw\/hydraulic-metal-shears\/\">kikata mamba<\/a> na <a href=\"https:\/\/www.baler-machines.com\/sw\/metal-shears-metal-shearing-machine\/\">mashine ya kukata lango<\/a>. Haijalishi ni aina gani ya chuma chakavu, tunaweza kukabiliana nayo.<\/p>","protected":false},"excerpt":{"rendered":"<p>Mashine ya kukata chuma ya Shuliy ni kukata taka za chuma kama vile vifaa vya chuma nyepesi, mabomba ya shaba, karatasi za chuma, nk. katika saizi zinazohitajika, ikiwa na uwezo wa kukata mara 5-8 kwa dakika, ambayo inaweza kubadilishwa. <\/p>","protected":false},"author":1,"featured_media":2536,"parent":0,"template":"","tags":[408,296,636],"product-type":[562],"class_list":["post-1089","product","type-product","status-publish","has-post-thumbnail","hentry","tag-metal","tag-metal-shear","tag-scrap-metal","product-type-metal-shears"],"_links":{"self":[{"href":"https:\/\/www.baler-machines.com\/sw\/wp-json\/wp\/v2\/product\/1089","targetHints":{"allow":["GET"]}}],"collection":[{"href":"https:\/\/www.baler-machines.com\/sw\/wp-json\/wp\/v2\/product"}],"about":[{"href":"https:\/\/www.baler-machines.com\/sw\/wp-json\/wp\/v2\/types\/product"}],"author":[{"embeddable":true,"href":"https:\/\/www.baler-machines.com\/sw\/wp-json\/wp\/v2\/users\/1"}],"wp:featuredmedia":[{"embeddable":true,"href":"https:\/\/www.baler-machines.com\/sw\/wp-json\/wp\/v2\/media\/2536"}],"wp:attachment":[{"href":"https:\/\/www.baler-machines.com\/sw\/wp-json\/wp\/v2\/media?parent=1089"}],"wp:term":[{"taxonomy":"post_tag","embeddable":true,"href":"https:\/\/www.baler-machines.com\/sw\/wp-json\/wp\/v2\/tags?post=1089"},{"taxonomy":"product-type","embeddable":true,"href":"https:\/\/www.baler-machines.com\/sw\/wp-json\/wp\/v2\/product-type?post=1089"}],"curies":[{"name":"wp","href":"https:\/\/api.w.org\/{rel}","templated":true}]}}