{"id":461,"date":"2019-12-20T03:54:07","date_gmt":"2019-12-20T03:54:07","guid":{"rendered":"https:\/\/www.baler-machines.com\/?p=461"},"modified":"2022-08-05T07:19:44","modified_gmt":"2022-08-05T07:19:44","slug":"waste-iron-baler-machine-iron-scraps-baling-machine","status":"publish","type":"product","link":"https:\/\/www.baler-machines.com\/pt\/waste-iron-baler-machine-iron-scraps-baling-machine\/","title":{"rendered":"M\u00e1quina enfardadeira de res\u00edduos de ferro | M\u00e1quina enfardadeira de sucatas de ferro"},"content":{"rendered":"<p class=\"translation-block\">A m\u00e1quina prensa de sucata de ferro (m\u00e1quina de prensagem de sucatas de ferro) \u00e9 do tipo hidr\u00e1ulico de <a href=\"https:\/\/www.baler-machines.com\/pt\/horizontal-metal-baler\/\" target=\"_blank\" rel=\"noreferrer noopener\">equipamento de reciclagem de res\u00edduos met\u00e1licos<\/a> para muitas plantas de processamento de metais, especialmente para a maioria das ind\u00fastrias de reciclagem de ferro e a\u00e7o. Esta m\u00e1quina prensa de sucata de ferro pode prensar todos os tipos de chapas de ferro, fios de ferro e sucatas de ferro em briquetes c\u00fabicos ou cil\u00edndricos sob a press\u00e3o hidr\u00e1ulica da m\u00e1quina.<\/p>    <h2 class=\"wp-block-heading\" id=\"h-how-to-recycle-the-waste-iron-scraps-and-iron-wires\"><strong>Como reciclar restos de ferro e fios de ferro?<\/strong><strong><\/strong><\/h2>   <div class=\"wp-block-image\"> <figure class=\"aligncenter size-large is-resized\"><img loading=\"lazy\" decoding=\"async\" src=\"https:\/\/www.baler-machines.com\/wp-content\/uploads\/2019\/12\/horizontal-metal-baler-machine-for-sale.jpg\" alt=\"M\u00e1quina enfardadeira de metal horizontal para venda\" class=\"wp-image-462\" width=\"597\" height=\"448\" title=\"\"><figcaption>M\u00e1quina enfardadeira de metal horizontal para venda<\/figcaption><\/figure> <\/div>   <p>O ferro \u00e9 o metal mais comumente usado em nossa vida di\u00e1ria e nos campos industriais, que \u00e9 relativamente rico em compara\u00e7\u00e3o com outros tipos de metal, como cobre e alum\u00ednio. Ocorrer\u00e3o muitos desperd\u00edcios no processamento de produtos de ferro nas atuais f\u00e1bricas de metal, por isso \u00e9 muito necess\u00e1rio reutilizar esses res\u00edduos de ferro para obter mais lucros para muitos produtores de metal. A enfardadeira de chapas de ferro \u00e9 especialmente projetada para enfardar v\u00e1rios res\u00edduos de sucata em blocos para f\u00e1cil armazenamento e transporte.<\/p>    <h2 class=\"wp-block-heading\" id=\"h-waste-iron-baler-machine-description\"><strong>Descri\u00e7\u00e3o da m\u00e1quina enfardadeira de res\u00edduos de ferro<\/strong><strong><\/strong><\/h2>    <p>A enfardadeira de sucata \u00e9 usada para espremer todos os tipos de sucata em blocos s\u00f3lidos ou colunas em condi\u00e7\u00f5es normais, de modo a reduzir significativamente seu volume, reduzir o volume de entrega, economizar frete e melhorar os benef\u00edcios econ\u00f4micos da empresa. <\/p>    <figure class=\"wp-block-gallery has-nested-images columns-default is-cropped wp-block-gallery-2 is-layout-flex wp-block-gallery-is-layout-flex\"> <figure class=\"wp-block-image size-large\"><img loading=\"lazy\" decoding=\"async\" width=\"405\" height=\"540\" data-id=\"463\" src=\"https:\/\/www.baler-machines.com\/wp-content\/uploads\/2019\/12\/metal-baling-machines-are-in-manufacturing.jpg\" alt=\"m\u00e1quinas de prensagem de metal est\u00e3o em fabrica\u00e7\u00e3o\" class=\"wp-image-463\" title=\"\"><figcaption>M\u00e1quinas enfardadeiras de metal est\u00e3o em fabrica\u00e7\u00e3o<\/figcaption><\/figure>    <figure class=\"wp-block-image size-large\"><img loading=\"lazy\" decoding=\"async\" width=\"405\" height=\"540\" data-id=\"464\" src=\"https:\/\/www.baler-machines.com\/wp-content\/uploads\/2019\/12\/scrap-metal-baler-factory.jpg\" alt=\"f\u00e1brica de prensas de sucata de metal\" class=\"wp-image-464\" title=\"\"><figcaption>F\u00e1brica de enfardadeiras de sucata<\/figcaption><\/figure> <\/figure>    <p>A enfardadeira de sucatas de chapas de ferro tem as vantagens de excelente rigidez e confiabilidade, design exclusivo, opera\u00e7\u00e3o simples, manuten\u00e7\u00e3o conveniente, alta seguran\u00e7a, prote\u00e7\u00e3o ambiental e economia de energia. A m\u00e1quina de embalagem de metal pode ser amplamente utilizada em v\u00e1rias fundi\u00e7\u00f5es de metal, esta\u00e7\u00f5es de reciclagem de materiais usados \u200b\u200be outras empresas. <\/p>    <p>\u00c9 adequado para a reciclagem de diversos res\u00edduos met\u00e1licos. Esta enfardadeira hidr\u00e1ulica de metal \u00e9 um bom equipamento para melhorar a produtividade do trabalho, reduzir a intensidade do trabalho, economizar recursos humanos e reduzir custos de transporte.<\/p>    <h2 class=\"wp-block-heading\" id=\"h-main-features-of-the-iron-scraps-baling-machine\"><strong>Principais caracter\u00edsticas da enfardadeira de sucata de ferro<\/strong><strong><\/strong><\/h2>    <p>1. A enfardadeira de sucata de ferro \u00e9 f\u00e1cil para produ\u00e7\u00e3o autom\u00e1tica. Comparado com outros equipamentos industriais, tem as vantagens de opera\u00e7\u00e3o conveniente, economia de energia, estrutura compacta e alta efici\u00eancia de trabalho.<\/p>    <p>2. O sistema de transmiss\u00e3o hidr\u00e1ulica da enfardadeira de metal adota o design mais recente, com desempenho superior, o que pode garantir um trabalho mais eficiente de todo o processo de embalagem.<\/p>    <p>3. O sistema de controle da m\u00e1quina pode ser controlado por controle autom\u00e1tico PLC ou opera\u00e7\u00e3o manual do balancim, e os clientes podem escolher de acordo com suas necessidades.<\/p>   <div class=\"wp-block-image\"> <figure class=\"aligncenter size-large is-resized\"><img loading=\"lazy\" decoding=\"async\" src=\"https:\/\/www.baler-machines.com\/wp-content\/uploads\/2019\/12\/waste-metal-scraps-are-baled-for-recycling.jpg\" alt=\"restos de metal s\u00e3o enfardados para reciclagem\" class=\"wp-image-466\" width=\"597\" height=\"489\" title=\"\"><figcaption>restos de metal s\u00e3o enfardados para reciclagem<\/figcaption><\/figure> <\/div>   <h2 class=\"wp-block-heading\" id=\"h-technical-data-of-the-iron-wires-baling-machine\"><strong>Dados t\u00e9cnicos da enfardadeira de fios de ferro<\/strong><strong><\/strong><\/h2>    <figure class=\"wp-block-table\"><table><tbody><tr><td>Modelo<\/td><td>Empurre o poder<\/td><td>Armaz\u00e9m comprimido (mm)<\/td><td>Tamanho do fardo<br>(mm)<\/td><td>Densidade do bloco (kg\/h)<\/td><td>&nbsp;Efici\u00eancia (kg\/h)<\/td><td>Tempo(s) de ciclo \u00fanico<\/td><td>Pot\u00eancia (kW)<\/td><\/tr><tr><td>Y81-1250A<\/td><td>1250<\/td><td>1200*700*600<\/td><td>300*300<\/td><td>\u22652000<\/td><td>1200-1800<\/td><td>\u2264120<\/td><td>15<\/td><\/tr><tr><td>Y81-1250B<\/td><td>1250<\/td><td>1400*800*700<\/td><td>300*300<\/td><td>\u22652000<\/td><td>1600-2300<\/td><td>\u2264140<\/td><td>15<\/td><\/tr><tr><td>Y81-1350<\/td><td>1350<\/td><td>1400*600*600<\/td><td>600*240<\/td><td>\u22652000<\/td><td>1600-2500<\/td><td>\u2264100<\/td><td>18.5<\/td><\/tr><tr><td>Y81-1600A<\/td><td>1600<\/td><td>1600*1000*800<\/td><td>400*400<\/td><td>\u22652000<\/td><td>2000-3500<\/td><td>\u2264120<\/td><td>22<\/td><\/tr><tr><td>Y81-1600B<\/td><td>1600<\/td><td>1600*1200*800<\/td><td>400*400<\/td><td>\u22652000<\/td><td>2000-4000<\/td><td>\u2264130<\/td><td>30<\/td><\/tr><tr><td>Y81-2000A<\/td><td>2000<\/td><td>1600*1200*800<\/td><td>400*400<\/td><td>\u22652000<\/td><td>2500-4500<\/td><td>\u2264130<\/td><td>22\/15<\/td><\/tr><tr><td>Y81-2000B<\/td><td>2000<\/td><td>1800*1400*900<\/td><td>450*450<\/td><td>\u22652000<\/td><td>3000-5000<\/td><td>\u2264130<\/td><td>30\/37<\/td><\/tr><tr><td>Y81-2500A<\/td><td>2500<\/td><td>2000*1400*900<\/td><td>500*500<\/td><td>\u22652000<\/td><td>4000-6300<\/td><td>\u2264130<\/td><td>44\/60<\/td><\/tr><tr><td>Y81-2500B<\/td><td>2500<\/td><td>2000*1750*1000<\/td><td>500*500<\/td><td>\u22652000<\/td><td>5000-6300<\/td><td>\u2264150<\/td><td>44<\/td><\/tr><tr><td>Y81-2500C<\/td><td>2500<\/td><td>2000*1750*1200<\/td><td>600*600<\/td><td>\u22652000<\/td><td>5500-6500<\/td><td>\u2264150<\/td><td>60<\/td><\/tr><tr><td>Y81-2500D<\/td><td>2500<\/td><td>2500*2000*1200<\/td><td>600*600<\/td><td>\u22652000<\/td><td>5500-6500<\/td><td>\u2264150<\/td><td>60<\/td><\/tr><tr><td>Y81-3150A<\/td><td>3150<\/td><td>2000*1750*1000<\/td><td>500*500<\/td><td>\u22652000<\/td><td>4000-6500<\/td><td>\u2264150<\/td><td>60<\/td><\/tr><tr><td>Y81-3150B<\/td><td>3150<\/td><td>2000*1750*1200<\/td><td>600*600<\/td><td>\u22652000<\/td><td>5000-7000<\/td><td>\u2264150<\/td><td>60<\/td><\/tr><tr><td>Y81-3150C<\/td><td>3150<\/td><td>2500*2000*1200<\/td><td>600*600<\/td><td>\u22652000<\/td><td>6000-8000<\/td><td>\u2264150<\/td><td>90<\/td><\/tr><tr><td>Y81-3150D<\/td><td>3150<\/td><td>3000*2500*1200<\/td><td>600*600<\/td><td>\u22652000<\/td><td>6000-8000<\/td><td>\u2264160<\/td><td>90<\/td><\/tr><tr><td>Y81-4000A<\/td><td>4000<\/td><td>2500*2000*1200<\/td><td>600*600<\/td><td>\u22652000<\/td><td>5000-7500<\/td><td>\u2264160<\/td><td>90<\/td><\/tr><tr><td>Y81-4000B<\/td><td>4000<\/td><td>3000*2500*1200<\/td><td>600*600<\/td><td>\u22652000<\/td><td>8500-13000<\/td><td>\u2264160<\/td><td>90<\/td><\/tr><tr><td>Y81-4000C<\/td><td>4000<\/td><td>3500*3000*1200<\/td><td>600*600<\/td><td>\u22652000<\/td><td>9500-14000<\/td><td>\u2264160<\/td><td>90<\/td><\/tr><\/tbody><\/table><\/figure>","protected":false},"excerpt":{"rendered":"<p>Esta m\u00e1quina prensa de sucata de ferro pode prensar todos os tipos de chapas de ferro, fios de ferro e sucatas de ferro em briquetes c\u00fabicos ou cil\u00edndricos sob a press\u00e3o hidr\u00e1ulica da m\u00e1quina.<\/p>","protected":false},"author":1,"featured_media":2675,"parent":0,"template":"","tags":[159,22,209,595],"product-type":[563],"class_list":["post-461","product","type-product","status-publish","has-post-thumbnail","hentry","tag-metal-baler","tag-metal-baling-machine","tag-scrap-metal-baling-machine","tag-waste-iron-baler-machine","product-type-baler-machine"],"_links":{"self":[{"href":"https:\/\/www.baler-machines.com\/pt\/wp-json\/wp\/v2\/product\/461","targetHints":{"allow":["GET"]}}],"collection":[{"href":"https:\/\/www.baler-machines.com\/pt\/wp-json\/wp\/v2\/product"}],"about":[{"href":"https:\/\/www.baler-machines.com\/pt\/wp-json\/wp\/v2\/types\/product"}],"author":[{"embeddable":true,"href":"https:\/\/www.baler-machines.com\/pt\/wp-json\/wp\/v2\/users\/1"}],"wp:featuredmedia":[{"embeddable":true,"href":"https:\/\/www.baler-machines.com\/pt\/wp-json\/wp\/v2\/media\/2675"}],"wp:attachment":[{"href":"https:\/\/www.baler-machines.com\/pt\/wp-json\/wp\/v2\/media?parent=461"}],"wp:term":[{"taxonomy":"post_tag","embeddable":true,"href":"https:\/\/www.baler-machines.com\/pt\/wp-json\/wp\/v2\/tags?post=461"},{"taxonomy":"product-type","embeddable":true,"href":"https:\/\/www.baler-machines.com\/pt\/wp-json\/wp\/v2\/product-type?post=461"}],"curies":[{"name":"wp","href":"https:\/\/api.w.org\/{rel}","templated":true}]}}