{"id":4339,"date":"2026-04-24T14:49:56","date_gmt":"2026-04-24T06:49:56","guid":{"rendered":"https:\/\/www.baler-machines.com\/?post_type=product&#038;p=4339"},"modified":"2026-04-24T17:56:08","modified_gmt":"2026-04-24T09:56:08","slug":"vertical-tyre-baler-for-sale","status":"publish","type":"product","link":"https:\/\/www.baler-machines.com\/pt\/vertical-tyre-baler-for-sale\/","title":{"rendered":"Compactadora vertical de pneus \u00e0 venda"},"content":{"rendered":"<p class=\"translation-block\">A balan\u00e7a vertical <strong>de pneus<\/strong> da Shuliy \u00e9 projetada para reciclagem e compacta\u00e7\u00e3o de pneus usados. Ela comprime pneus em blocos retangulares de alta densidade, reduzindo significativamente seu volume para facilitar armazenamento e transporte, melhorando a efici\u00eancia de reciclagem e a gest\u00e3o log\u00edstica.<\/p>    <p class=\"translation-block\">O tamanho do fardo \u00e9 <strong>1500 mm* 1000 mm*1200 mm(L*W*H)<\/strong>, com peso de <strong>1.2 t<\/strong> e capacidade de <strong>3\u20134 fardos\/hora.<\/strong> Sua densidade de fardo \u00e9 <strong>\u2265300-400kg\/m<sup>3<\/sup><\/strong>.<\/p>    <p>\u00c9 amplamente utilizado em centros de reciclagem de pneus usados, plantas de processamento de res\u00edduos, empresas de reciclagem de borracha e projetos de prote\u00e7\u00e3o ambiental urbana.<\/p>    <figure class=\"wp-block-embed is-type-video is-provider-youtube wp-block-embed-youtube wp-embed-aspect-16-9 wp-has-aspect-ratio\"><div class=\"wp-block-embed__wrapper\"> <iframe loading=\"lazy\" title=\"Balan\u00e7a hidr\u00e1ulica vertical de pneus para reciclagem | M\u00e1quina de compress\u00e3o de pneus de alta densidade #pneu\" width=\"500\" height=\"281\" src=\"https:\/\/www.youtube.com\/embed\/M0gsUKjVAxA?feature=oembed\" frameborder=\"0\" allow=\"accelerometer; autoplay; clipboard-write; encrypted-media; gyroscope; picture-in-picture; web-share\" referrerpolicy=\"strict-origin-when-cross-origin\" allowfullscreen><\/iframe> <\/div><figcaption class=\"wp-element-caption\">v\u00eddeo da m\u00e1quina de compress\u00e3o de pneus<\/figcaption><\/figure>    <h2 class=\"wp-block-heading\"><strong>Par\u00e2metros t\u00e9cnicos da balan\u00e7a vertical de pneus<\/strong><\/h2>    <p>A balan\u00e7a vertical geralmente usada para compacta\u00e7\u00e3o de pneus \u00e9 o modelo 200T. As especifica\u00e7\u00f5es espec\u00edficas est\u00e3o na tabela abaixo.<\/p>    <figure class=\"wp-block-table\"><table class=\"has-fixed-layout\"><tbody><tr><td colspan=\"2\">Modelo<\/td><td colspan=\"2\">Modelo 200 Balan\u00e7a Vertical de Pneus<\/td><\/tr><tr><td colspan=\"2\">V\u00e1lvula Hidr\u00e1ulica<\/td><td colspan=\"2\">ZDL-L20-2W<\/td><\/tr><tr><td colspan=\"2\">Bomba de \u00d3leo<\/td><td colspan=\"2\">Bomba de Pist\u00e3o de Alta Press\u00e3o Vari\u00e1vel HY80<\/td><\/tr><tr><td colspan=\"2\">Cilindro de Press\u00e3o Principal<\/td><td colspan=\"2\">Di\u00e2metro Externo: \u0424220mm-1500mm \u00d7 2<\/td><\/tr><tr><td colspan=\"2\">Cilindro de Abertura da Porta<\/td><td colspan=\"2\">Di\u00e2metro Externo: \u0424114mm-400mm \u00d7 2<\/td><\/tr><tr><td colspan=\"2\" rowspan=\"2\">Motor<\/td><td>Motor Principal<\/td><td>Marca do Motor<\/td><\/tr><tr><td>22KW<\/td><td>F\u00e1brica de Motores Hujiang<\/td><\/tr><tr><td colspan=\"2\" rowspan=\"2\">Par\u00e2metros de Opera\u00e7\u00e3o do Sistema<\/td><td colspan=\"2\">Press\u00e3o de Opera\u00e7\u00e3o: 20MPa<\/td><\/tr><tr><td colspan=\"2\">Press\u00e3o Nominal: 31.5MPa<\/td><\/tr><tr><td colspan=\"2\">Especifica\u00e7\u00f5es de Fonte de Energia<\/td><td colspan=\"2\">3-Fases, 380V<\/td><\/tr><tr><td colspan=\"2\">Sistema de Controle<\/td><td colspan=\"2\">Gabinete de Controle Independente (com Prote\u00e7\u00e3o contra Vazamentos)<\/td><\/tr><tr><td colspan=\"2\" rowspan=\"2\">Classe de \u00d3leo Hidr\u00e1ulico<\/td><td colspan=\"2\">#46 \u00d3leo Hidr\u00e1ulico Antidesgaste<\/td><\/tr><tr><td colspan=\"2\">Capacidade do Tanque de \u00d3leo: 600L<\/td><\/tr><tr><td colspan=\"2\">Sistema de Compacta\u00e7\u00e3o<\/td><td colspan=\"2\">Amarra\u00e7\u00e3o com fio de a\u00e7o de 8 fios<\/td><\/tr><tr><td rowspan=\"8\">Especifica\u00e7\u00f5es da M\u00e1quina<\/td><td rowspan=\"2\">Pegada<\/td><td colspan=\"2\">(L x W x H) 5300mm*5000mm*4500mm<\/td><\/tr><tr><td colspan=\"2\">Unidade Principal   Esta\u00e7\u00e3o Hidr\u00e1ulica (Layout Transversal)<\/td><\/tr><tr><td>Dimens\u00e3o da Abertura de Alimenta\u00e7\u00e3o<\/td><td colspan=\"2\">(L x W) 1600mm*1000mm<\/td><\/tr><tr><td>Tamanho do Fardo<\/td><td colspan=\"2\">L 1500 mm * W 1000 mm * H 1200 mm<\/td><\/tr><tr><td>Densidade do Fardo<\/td><td colspan=\"2\">\u2265300-400kg\/m<sup>3<\/sup><\/td><\/tr><tr><td>Sa\u00edda<\/td><td colspan=\"2\">3\u20134 fardos\/hora<\/td><\/tr><tr><td>Peso do fardo<\/td><td colspan=\"2\">1,2 toneladas<\/td><\/tr><tr><td>Peso<\/td><td colspan=\"2\">Aproximadamente 6 toneladas<\/td><\/tr><\/tbody><\/table><figcaption class=\"wp-element-caption\">par\u00e2metros da m\u00e1quina de compacta\u00e7\u00e3o de pneus 200T<\/figcaption><\/figure>    <h2 class=\"wp-block-heading\"><strong>Vantagens de <strong>hidr\u00e1ulico<\/strong><\/strong> <strong>compactadora de pneus<\/strong><\/h2>    <ul class=\"wp-block-list\"> <li>Opera\u00e7\u00e3o hidr\u00e1ulica, design compacto, e <strong>pequena pegada<\/strong><\/li>    <li><strong>Instala\u00e7\u00e3o port\u00e1til<\/strong>opera\u00e7\u00e3o simples e manuten\u00e7\u00e3o f\u00e1cil<\/li>    <li>Veda\u00e7\u00e3o confi\u00e1vel, alta estabilidade e opera\u00e7\u00e3o cont\u00ednua<\/li>    <li><strong>Ajuste flex\u00edvel<\/strong> de <strong>especifica\u00e7\u00f5es e dimens\u00f5es do fardo<\/strong> para f\u00e1cil transporte e armazenamento<\/li>    <li><strong>Compress\u00e3o de alta densidade<\/strong>, economizando custos de m\u00e3o de obra e transporte<\/li>    <li><strong>Amplas aplica\u00e7\u00f5es<\/strong> de v\u00e1rios tipos de pneus <ul class=\"wp-block-list\"> <li>Pneus de carro<\/li>    <li>Pneus de caminh\u00e3o<\/li>    <li>Pneus OTR<\/li> <\/ul> <\/li>    <li><strong>Personalizado<\/strong> configura\u00e7\u00f5es dispon\u00edveis mediante solicita\u00e7\u00e3o <ul class=\"wp-block-list\"> <li>Cor da m\u00e1quina<\/li>    <li>Voltagem e pot\u00eancia da m\u00e1quina<\/li>    <li>Tamanho do fardo<\/li> <\/ul> <\/li> <\/ul>    <h2 class=\"wp-block-heading\"><strong>Compara\u00e7\u00e3o entre balan\u00e7a de pneus vertical e horizontal<\/strong><\/h2>    <p class=\"translation-block\">Para compacta\u00e7\u00e3o de pneus, lan\u00e7amos dois tipos de balan\u00e7as de pneus: <strong>Balan\u00e7a Vertical de Pneus<\/strong> e <strong><a href=\"https:\/\/www.baler-machines.com\/pt\/hydraulic-tyre-tire-baler-for-sale\/\">Balan\u00e7a Horizontal de Pneus<\/a><\/strong>.<\/p>    <p>A compara\u00e7\u00e3o de duas balan\u00e7as \u00e9:<\/p>    <figure class=\"wp-block-table\"><table><tbody><tr><td><strong>Tipo de balan\u00e7a<\/strong><\/td><td><strong>Balan\u00e7a Vertical de Pneus<\/strong><\/td><td><strong>Compactadora de pneus horizontal<\/strong><\/td><\/tr><tr><td><strong>Aplicativos<\/strong><\/td><td>Esta\u00e7\u00f5es de coleta de pneus usados e pequenas plantas de reciclagem com espa\u00e7o limitado<\/td><td>Grandes plantas de processamento de res\u00edduos, comerciantes de exporta\u00e7\u00e3o<\/td><\/tr><tr><td><strong>Principais Caracter\u00edsticas<\/strong><\/td><td>Pegada compacta<br>Opera\u00e7\u00e3o simples<br>F\u00e1cil manuten\u00e7\u00e3o<\/td><td>Grande pegada<br>Alta for\u00e7a de compress\u00e3o<br>Alta produ\u00e7\u00e3o<br>Alta efici\u00eancia de opera\u00e7\u00e3o cont\u00ednua<\/td><\/tr><tr><td><strong>M\u00e9todo de Alimenta\u00e7\u00e3o<\/strong><\/td><td>Carregamento manual ou por guindaste<\/td><td>Carregamento autom\u00e1tico via correia transportadora\/guindaste<\/td><\/tr><tr><td><strong>Escala adequada<\/strong><\/td><td>Capacidade de processamento de pequena a m\u00e9dia escala<\/td><td>Linhas de produ\u00e7\u00e3o cont\u00ednuas de grande escala<\/td><\/tr><\/tbody><\/table><figcaption class=\"wp-element-caption\">balan\u00e7a vertical de pneus vs. balan\u00e7a horizontal de pneus<\/figcaption><\/figure>    <ul class=\"wp-block-list\"> <li>Recomendado para Pequenos Centros de Reciclagem ou PMEs: <strong>Balan\u00e7a Vertical de Pneus<\/strong>\u2014Oferece excelente rela\u00e7\u00e3o custo-benef\u00edcio, requer pouco espa\u00e7o no ch\u00e3o e \u00e9 f\u00e1cil de operar.<\/li>    <li>Recomendado para instala\u00e7\u00f5es de reciclagem de grande escala ou exportadores: <strong>Compactadora de pneus horizontal<\/strong>\u2014Ideal para opera\u00e7\u00f5es cont\u00ednuas de alto volume e requisitos de alta produ\u00e7\u00e3o; suporta solu\u00e7\u00f5es de reciclagem integradas, de ponta a ponta.<\/li> <\/ul>    <figure class=\"wp-block-gallery has-nested-images columns-default is-cropped wp-block-gallery-2 is-layout-flex wp-block-gallery-is-layout-flex\"><div class=\"wp-block-image\"> <figure class=\"aligncenter size-large\"><img loading=\"lazy\" decoding=\"async\" width=\"720\" height=\"540\" data-id=\"4188\" src=\"https:\/\/www.baler-machines.com\/wp-content\/uploads\/2025\/05\/shuliy-tire-baling-machine.webp\" alt=\"m\u00e1quina de prensagem de pneus shuliy\" class=\"wp-image-4188\" title=\"\" srcset=\"https:\/\/www.baler-machines.com\/wp-content\/uploads\/2025\/05\/shuliy-tire-baling-machine.webp 720w, https:\/\/www.baler-machines.com\/wp-content\/uploads\/2025\/05\/shuliy-tire-baling-machine-16x12.webp 16w\" sizes=\"auto, (max-width: 720px) 100vw, 720px\" \/><\/figure> <\/div><\/figure>    <h2 class=\"wp-block-heading\"><strong>Design de estrutura \u00fanico da m\u00e1quina de compacta\u00e7\u00e3o vertical de pneus<\/strong><\/h2>    <p class=\"translation-block\">A <strong>m\u00e1quina de prensa de compacta\u00e7\u00e3o vertical de pneus<\/strong> apresenta uma <strong>estrutura \u00fanica e bem pensada<\/strong> que garante alta efici\u00eancia, seguran\u00e7a e facilidade de opera\u00e7\u00e3o.<\/p>    <ol class=\"wp-block-list\"> <li>Mecanismo Anti-Rebote <ul class=\"wp-block-list\"> <li><strong>Garantir seguran\u00e7a para os operadores<\/strong>, proteger o sistema hidr\u00e1ulico e produzir <strong>fardos de pneus uniformes e de alta densidade<\/strong><\/li> <\/ul> <\/li>    <li>Sistema Autom\u00e1tico de Eje\u00e7\u00e3o de Fardos <ul class=\"wp-block-list\"> <li><strong>Reduzir trabalho manual<\/strong>, aumentar a efici\u00eancia de produ\u00e7\u00e3o e minimizar o risco de les\u00f5es ao manusear fardos pesados<\/li> <\/ul> <\/li>    <li>Design Vertical Compacto <ul class=\"wp-block-list\"> <li><strong>Economize espa\u00e7o no ch\u00e3o<\/strong>, f\u00e1cil integra\u00e7\u00e3o com alimentadores de garra ou sistemas de correia transportadora<\/li> <\/ul> <\/li>    <li>Sistema Hidr\u00e1ulico Dur\u00e1vel <ul class=\"wp-block-list\"> <li>Garantir <strong>Opera\u00e7\u00e3o duradoura e est\u00e1vel<\/strong> mesmo sob trabalho cont\u00ednuo pesado<\/li> <\/ul> <\/li> <\/ol>   <div class=\"wp-block-image\"> <figure class=\"aligncenter size-full\"><img loading=\"lazy\" decoding=\"async\" width=\"720\" height=\"540\" src=\"https:\/\/www.baler-machines.com\/wp-content\/uploads\/2026\/04\/design-of-waste-tyre-baler-machine.webp\" alt=\"design da m\u00e1quina de compacta\u00e7\u00e3o de pneus de res\u00edduos\" class=\"wp-image-4343\" title=\"\" srcset=\"https:\/\/www.baler-machines.com\/wp-content\/uploads\/2026\/04\/design-of-waste-tyre-baler-machine.webp 720w, https:\/\/www.baler-machines.com\/wp-content\/uploads\/2026\/04\/design-of-waste-tyre-baler-machine-16x12.webp 16w\" sizes=\"auto, (max-width: 720px) 100vw, 720px\" \/><figcaption class=\"wp-element-caption\">design da m\u00e1quina de compacta\u00e7\u00e3o de pneus de res\u00edduos<\/figcaption><\/figure> <\/div>   <p class=\"translation-block\"><strong>Benef\u00edcio pretendido para os clientes:<\/strong><\/p>    <p class=\"translation-block\">Este design permite que empresas de reciclagem <strong>compactem pneus de forma segura e eficiente<\/strong>, maximizando o espa\u00e7o de armazenamento, reduzindo custos de m\u00e3o de obra e mantendo a qualidade consistente do fardo, tornando as opera\u00e7\u00f5es mais suaves e econ\u00f4micas.<\/p>    <h2 class=\"wp-block-heading\"><strong>What&#8217;s the hydraulic tyre baler price?<\/strong><\/h2>    <p class=\"translation-block\">Para esta balan\u00e7a hidr\u00e1ulica vertical de pneus, o pre\u00e7o \u00e9 <strong><em>$3,000-10,000 por unidade<\/em><\/strong>.<\/p>    <p>O pre\u00e7o da m\u00e1quina \u00e9 influenciado por:<\/p>    <ul class=\"wp-block-list\"> <li>Press\u00e3o (toneladas)<\/li>    <li>Especifica\u00e7\u00f5es funcionais<\/li>    <li>Requisitos de personaliza\u00e7\u00e3o<\/li> <\/ul>    <p class=\"translation-block\"><strong>Entre em contato conosco hoje para uma cota\u00e7\u00e3o precisa de pre\u00e7o de balan\u00e7a vertical de pneus e solu\u00e7\u00e3o personalizada<\/strong> adaptada \u00e0s suas necessidades de produ\u00e7\u00e3o!<\/p>    <h2 class=\"wp-block-heading\"><strong>Por que escolher a m\u00e1quina compactadora de pneus Shuliy?<\/strong><\/h2>    <ul class=\"wp-block-list\"> <li>Experi\u00eancia extensa <ul class=\"wp-block-list\"> <li>Anos de especializa\u00e7\u00e3o em reciclagem de pneus e fabrica\u00e7\u00e3o de equipamentos de compacta\u00e7\u00e3o hidr\u00e1ulica<\/li> <\/ul> <\/li>    <li>Ampla sele\u00e7\u00e3o <ul class=\"wp-block-list\"> <li>Oferece uma variedade de modelos verticais e horizontais para atender \u00e0s diversas necessidades dos clientes<\/li> <\/ul> <\/li>    <li>Est\u00e1vel e confi\u00e1vel <ul class=\"wp-block-list\"> <li>Sistemas hidr\u00e1ulicos de alta qualidade e componentes principais garantem opera\u00e7\u00e3o cont\u00ednua<\/li> <\/ul> <\/li>    <li>Solu\u00e7\u00f5es personalizadas <ul class=\"wp-block-list\"> <li>Personalizado para se adequar ao local do cliente, tipo de res\u00edduos e volume de produ\u00e7\u00e3o<\/li> <\/ul> <\/li>    <li>Entrega r\u00e1pida e suporte p\u00f3s-venda <ul class=\"wp-block-list\"> <li>Inclui treinamento para operadores, orienta\u00e7\u00e3o de instala\u00e7\u00e3o e garantia de um ano<\/li> <\/ul> <\/li> <\/ul>    <h2 class=\"wp-block-heading\"><strong>Perguntas Frequentes sobre a m\u00e1quina de balan\u00e7a vertical de pneus<\/strong><\/h2>   <div id=\"rank-math-faq\" class=\"rank-math-block\"> <div class=\"rank-math-list\"> <div id=\"faq-question-1777002513670\" class=\"rank-math-list-item\"> <h3 class=\"rank-math-question\">Que tipos de pneus podem ser comprimidos?<\/h3> <div class=\"rank-math-answer\">  <p>Pneus de carros de passeio, caminh\u00e3o, motocicleta e outros.<\/p>  <\/div> <\/div> <div id=\"faq-question-1777002519761\" class=\"rank-math-list-item\"> <h3 class=\"rank-math-question\">Quais s\u00e3o as dimens\u00f5es e densidade dos fardos comprimidos?<\/h3> <div class=\"rank-math-answer\">  <p>Dimens\u00f5es do fardo s\u00e3o personaliz\u00e1veis; o tamanho padr\u00e3o \u00e9 1500 \u00d7 1000 \u00d7 1200 mm, com uma densidade de 300\u2013400 kg\/m\u00b3.<\/p>  <\/div> <\/div> <div id=\"faq-question-1777002530361\" class=\"rank-math-list-item\"> <h3 class=\"rank-math-question\">A voltagem pode ser personalizada?<\/h3> <div class=\"rank-math-answer\">  <p>Suportamos energia trif\u00e1sica de 380V\/50Hz; outras voltagens podem ser personalizadas mediante solicita\u00e7\u00e3o.<\/p>  <\/div> <\/div> <div id=\"faq-question-1777002539208\" class=\"rank-math-list-item\"> <h3 class=\"rank-math-question\">Como \u00e9 o seu servi\u00e7o p\u00f3s-venda?<\/h3> <div class=\"rank-math-answer\">  <p>Oferecemos uma garantia de um ano, suporte t\u00e9cnico remoto e treinamento para operadores.<\/p>  <\/div> <\/div> <\/div> <\/div>   <h2 class=\"wp-block-heading\"><strong>Entre em contato conosco para uma cota\u00e7\u00e3o agora!<\/strong><\/h2>    <p>If you&#8217;re looking for a vertical tyre baler, Shuliy offers:<\/p>    <ul class=\"wp-block-list\"> <li>Alta for\u00e7a de compress\u00e3o e controle automatizado<\/li>    <li>Uma ampla gama de capacidades e solu\u00e7\u00f5es personalizadas<\/li>    <li>Entrega r\u00e1pida e servi\u00e7o p\u00f3s-venda profissional<\/li> <\/ul>    <p>Entre em contato conosco hoje para a melhor cota\u00e7\u00e3o e uma solu\u00e7\u00e3o personalizada!<\/p>    <figure class=\"wp-block-embed is-type-video is-provider-youtube wp-block-embed-youtube wp-embed-aspect-16-9 wp-has-aspect-ratio\"><div class=\"wp-block-embed__wrapper\"> <iframe loading=\"lazy\" title=\"Prensa enfardadeira vertical hidr\u00e1ulica para pneus de autom\u00f3veis, pneus de caminh\u00e3o, pneus de borracha, etc.\" width=\"500\" height=\"281\" src=\"https:\/\/www.youtube.com\/embed\/R5UJdLGn14A?start=4&#038;feature=oembed\" frameborder=\"0\" allow=\"accelerometer; autoplay; clipboard-write; encrypted-media; gyroscope; picture-in-picture; web-share\" referrerpolicy=\"strict-origin-when-cross-origin\" allowfullscreen><\/iframe> <\/div><figcaption class=\"wp-element-caption\">v\u00eddeo do equipamento de compacta\u00e7\u00e3o vertical de pneus<\/figcaption><\/figure>","protected":false},"excerpt":{"rendered":"<p>Shuliy vertical tyre baler is designed for the recycling and compaction of waste tires. It compresses waste tires into high-density rectangular blocks, significantly reducing their volume to facilitate storage and transportation, thereby improving recycling efficiency and logistics management. The bale size is 1500 mm* 1000 mm*1200 mm(L*W*H), with a bale weight of 1.2 t and [&hellip;]<\/p>\n","protected":false},"author":1,"featured_media":4340,"parent":0,"template":"","tags":[414,635],"product-type":[563],"class_list":["post-4339","product","type-product","status-publish","has-post-thumbnail","hentry","tag-baler","tag-tire","product-type-baler-machine"],"_links":{"self":[{"href":"https:\/\/www.baler-machines.com\/pt\/wp-json\/wp\/v2\/product\/4339","targetHints":{"allow":["GET"]}}],"collection":[{"href":"https:\/\/www.baler-machines.com\/pt\/wp-json\/wp\/v2\/product"}],"about":[{"href":"https:\/\/www.baler-machines.com\/pt\/wp-json\/wp\/v2\/types\/product"}],"author":[{"embeddable":true,"href":"https:\/\/www.baler-machines.com\/pt\/wp-json\/wp\/v2\/users\/1"}],"wp:featuredmedia":[{"embeddable":true,"href":"https:\/\/www.baler-machines.com\/pt\/wp-json\/wp\/v2\/media\/4340"}],"wp:attachment":[{"href":"https:\/\/www.baler-machines.com\/pt\/wp-json\/wp\/v2\/media?parent=4339"}],"wp:term":[{"taxonomy":"post_tag","embeddable":true,"href":"https:\/\/www.baler-machines.com\/pt\/wp-json\/wp\/v2\/tags?post=4339"},{"taxonomy":"product-type","embeddable":true,"href":"https:\/\/www.baler-machines.com\/pt\/wp-json\/wp\/v2\/product-type?post=4339"}],"curies":[{"name":"wp","href":"https:\/\/api.w.org\/{rel}","templated":true}]}}