{"id":4147,"date":"2025-03-12T17:47:04","date_gmt":"2025-03-12T09:47:04","guid":{"rendered":"https:\/\/www.baler-machines.com\/?post_type=product&#038;p=4147"},"modified":"2025-03-13T15:52:46","modified_gmt":"2025-03-13T07:52:46","slug":"steel-bar-bending-machine","status":"publish","type":"product","link":"https:\/\/www.baler-machines.com\/pt\/steel-bar-bending-machine\/","title":{"rendered":"M\u00e1quina autom\u00e1tica de barras de barra de a\u00e7o CNC"},"content":{"rendered":"<p class=\"translation-block\">Nossa <strong>m\u00e1quina de dobra de vergalh\u00f5es<\/strong> \u00e9 projetada para a dobra precisa de a\u00e7o redondo e vergalh\u00f5es roscados, amplamente utilizada em constru\u00e7\u00e3o, pontes, t\u00faneis, rodovias e outros projetos. A faixa de dobra de a\u00e7o redondo \u00e9 &lt;60mm e de a\u00e7o roscado \u00e9 &lt;50mm. A velocidade de dobra \u00e9 de 12m por minuto. <\/p>    <p>Equipado com um sistema de controle num\u00e9rico CNC avan\u00e7ado, ele pode facilmente realizar o controle preciso do \u00e2ngulo e comprimento de flex\u00e3o do vergalh\u00e3o. Interessado? Se sim, entre em contato conosco a qualquer momento para obter mais detalhes!<\/p>    <figure class=\"wp-block-embed is-type-video is-provider-youtube wp-block-embed-youtube wp-embed-aspect-16-9 wp-has-aspect-ratio\"><div class=\"wp-block-embed__wrapper\"> <iframe loading=\"lazy\" title=\"M\u00e1quina de flex\u00e3o de vergalh\u00e3o para a\u00e7o redondo e dobra de a\u00e7o rosqueado | Como funciona a barra de a\u00e7o?\" width=\"500\" height=\"281\" src=\"https:\/\/www.youtube.com\/embed\/XM4ipP_scrY?feature=oembed\" frameborder=\"0\" allow=\"accelerometer; autoplay; clipboard-write; encrypted-media; gyroscope; picture-in-picture; web-share\" referrerpolicy=\"strict-origin-when-cross-origin\" allowfullscreen><\/iframe> <\/div><figcaption class=\"wp-element-caption\">M\u00e1quina de flex\u00e3o de vergalh\u00e3o<\/figcaption><\/figure>    <h2 class=\"wp-block-heading\"><strong>Vantagens da m\u00e1quina de flex\u00e3o de barra de a\u00e7o autom\u00e1tica<\/strong><\/h2>    <ul class=\"wp-block-list\"> <li>Tem um <strong>Sistema CNC<\/strong> Para controlar com precis\u00e3o o \u00e2ngulo de flex\u00e3o do vergalh\u00e3o e o comprimento.<\/li>    <li>Esta m\u00e1quina de bender de bar \u00e9 <strong>Adequado para a\u00e7o redondo e a\u00e7o roscado<\/strong> flex\u00e3o.<\/li>    <li><strong>V\u00e1rias formas de flex\u00e3o de vergalh\u00e3o podem ser realizadas<\/strong> para atender \u00e0s diferentes necessidades.<\/li>    <li>A m\u00e1quina \u00e9 adequada para o <strong>Produ\u00e7\u00e3o de componentes estruturais complexos, como molduras de a\u00e7o, aros e membros da ponte<\/strong>.<\/li> <\/ul>    <figure class=\"wp-block-gallery aligncenter has-nested-images columns-default is-cropped wp-block-gallery-2 is-layout-flex wp-block-gallery-is-layout-flex\"> <figure class=\"wp-block-image size-full\"><img loading=\"lazy\" decoding=\"async\" width=\"720\" height=\"540\" data-id=\"4154\" src=\"https:\/\/www.baler-machines.com\/wp-content\/uploads\/2025\/03\/different-shapes-of-bent-reinforcing-bar.webp\" alt=\"Diferentes formas de barra de refor\u00e7o dobradas\" class=\"wp-image-4154\" title=\"\" srcset=\"https:\/\/www.baler-machines.com\/wp-content\/uploads\/2025\/03\/different-shapes-of-bent-reinforcing-bar.webp 720w, https:\/\/www.baler-machines.com\/wp-content\/uploads\/2025\/03\/different-shapes-of-bent-reinforcing-bar-16x12.webp 16w\" sizes=\"auto, (max-width: 720px) 100vw, 720px\" \/><figcaption class=\"wp-element-caption\">Diferentes formas de barra de refor\u00e7o dobradas<\/figcaption><\/figure>    <figure class=\"wp-block-image size-full\"><img loading=\"lazy\" decoding=\"async\" width=\"720\" height=\"540\" data-id=\"4155\" src=\"https:\/\/www.baler-machines.com\/wp-content\/uploads\/2025\/03\/bent-steel-bars.webp\" alt=\"Barras de a\u00e7o dobradas\" class=\"wp-image-4155\" title=\"\" srcset=\"https:\/\/www.baler-machines.com\/wp-content\/uploads\/2025\/03\/bent-steel-bars.webp 720w, https:\/\/www.baler-machines.com\/wp-content\/uploads\/2025\/03\/bent-steel-bars-16x12.webp 16w\" sizes=\"auto, (max-width: 720px) 100vw, 720px\" \/><figcaption class=\"wp-element-caption\">Barras de a\u00e7o dobradas<\/figcaption><\/figure> <\/figure>    <h2 class=\"wp-block-heading\"><strong>Par\u00e2metros t\u00e9cnicos da m\u00e1quina de flex\u00e3o de barra de a\u00e7o CNC<\/strong><\/h2>    <p>Temos nove tipos de m\u00e1quinas de bender de bares dispon\u00edveis para venda. Na tabela abaixo, voc\u00ea sabe que diferentes modelos t\u00eam diferentes faixas de flex\u00e3o, tamanhos e pesos. Esta mesa \u00e9 para sua refer\u00eancia quando voc\u00ea escolhe a m\u00e1quina de flex\u00e3o de barra redonda de a\u00e7o.<\/p>    <figure class=\"wp-block-table\"><table><tbody><tr><td>Modelo<\/td><td>Alcance de flex\u00e3o<\/td><td>Velocidade de flex\u00e3o<\/td><td>Tens\u00e3o de entrada<\/td><td>Tamanho total<\/td><td class=\"has-text-align-left\" data-align=\"left\">Pot\u00eancia do motor<\/td><td>Velocidade do motor<\/td><td>Peso<\/td><\/tr><tr><td>40<\/td><td>A\u00e7o redondo \u226432 mm<br>A\u00e7o roscado \u226428 mm<\/td><td>12m\/min<\/td><td>Trif\u00e1sico 380V<\/td><td>810*760\u2033830mm<\/td><td class=\"has-text-align-left\" data-align=\"left\">3kw<br>(fio de cobre)<\/td><td>1440R\/min<\/td><td>220kg<\/td><\/tr><tr><td>40h<\/td><td>A\u00e7o redondo: 34 mm<br>A\u00e7o roscado \u226432 mm<\/td><td>12m\/min<\/td><td>Trif\u00e1sico 380V<\/td><td>830*770*830mm<\/td><td class=\"has-text-align-left\" data-align=\"left\">3kw<br>(fio de cobre)<\/td><td>1440R\/min<\/td><td>225 kg<\/td><\/tr><tr><td>42<\/td><td>A\u00e7o redondo: 34 mm<br>A\u00e7o roscado \u226432 mm<\/td><td>12m\/min<\/td><td>Trif\u00e1sico 380V<\/td><td>830*750*840mm<\/td><td class=\"has-text-align-left\" data-align=\"left\">3kw<br>(fio de cobre)<\/td><td>1440R\/min<\/td><td>270 kg<\/td><\/tr><tr><td>45<\/td><td>A\u00e7o redondo &lt;40mm<br>A\u00e7o roscado \u226434 mm<\/td><td>12m\/min<\/td><td>Trif\u00e1sico 380V<\/td><td>850*750*830mm<\/td><td class=\"has-text-align-left\" data-align=\"left\">4KW<br>(fio de cobre)<\/td><td>1440R\/min<\/td><td>290kg<\/td><\/tr><tr><td>45<br>(CNC)<\/td><td>A\u00e7o redondo &lt;40mm<br>A\u00e7o roscado \u226434 mm<\/td><td>12m\/min<\/td><td>Trif\u00e1sico 380V<\/td><td>850*750*830mm<\/td><td class=\"has-text-align-left\" data-align=\"left\">4KW<br>(fio de cobre)<\/td><td>1440R\/min<\/td><td>300 kg<\/td><\/tr><tr><td>50<\/td><td>A\u00e7o redondo \u226450mm<br>A\u00e7o roscado \u226445 mm<\/td><td>12m\/min<\/td><td>Trif\u00e1sico 380V<\/td><td>950*850*850mm<\/td><td class=\"has-text-align-left\" data-align=\"left\">4KW<br>(fio de a\u00e7o)<\/td><td>1440R\/min<\/td><td>320kg<\/td><\/tr><tr><td>50<br>(CNC)<\/td><td>A\u00e7o redondo \u226430mm<br>A\u00e7o roscado \u226428 mm<\/td><td>12m\/min<\/td><td>Trif\u00e1sico 380V<\/td><td>950*850*850mm<\/td><td class=\"has-text-align-left\" data-align=\"left\">4KW<br>(fio de a\u00e7o)<\/td><td>1440R\/min<\/td><td>325kg<\/td><\/tr><tr><td>60<\/td><td>A\u00e7o redondo &lt;60mm<br>A\u00e7o roscado &lt;50mm<\/td><td>12m\/min<\/td><td>Trif\u00e1sico 380V<\/td><td>\/<\/td><td class=\"has-text-align-left\" data-align=\"left\">5.5kW<br>(nacional nacional)<\/td><td>1440R\/min<\/td><td>420kg<\/td><\/tr><tr><td>60<br>(CNC)<\/td><td><br>A\u00e7o redondo &lt;60mm<br>A\u00e7o roscado &lt;50mm<\/td><td>12m\/min<\/td><td>Trif\u00e1sico 380V<\/td><td>1050*870*900mm<\/td><td class=\"has-text-align-left\" data-align=\"left\">5.5kW<br>(nacional nacional)<\/td><td>1440R\/min<\/td><td>425 kg<\/td><\/tr><\/tbody><\/table><figcaption class=\"wp-element-caption\">Especifica\u00e7\u00f5es da m\u00e1quina de flex\u00e3o de vergalh\u00f5es de Shuliy<\/figcaption><\/figure>   <div class=\"wp-block-image\"> <figure class=\"aligncenter size-full\"><img loading=\"lazy\" decoding=\"async\" width=\"720\" height=\"540\" src=\"https:\/\/www.baler-machines.com\/wp-content\/uploads\/2025\/03\/automatic-CNC-steel-bar-bending-machine.webp\" alt=\"m\u00e1quina autom\u00e1tica de barras de barra de a\u00e7o CNC\" class=\"wp-image-4158\" title=\"\" srcset=\"https:\/\/www.baler-machines.com\/wp-content\/uploads\/2025\/03\/automatic-CNC-steel-bar-bending-machine.webp 720w, https:\/\/www.baler-machines.com\/wp-content\/uploads\/2025\/03\/automatic-CNC-steel-bar-bending-machine-16x12.webp 16w\" sizes=\"auto, (max-width: 720px) 100vw, 720px\" \/><figcaption class=\"wp-element-caption\">m\u00e1quina autom\u00e1tica de barras de barra de a\u00e7o CNC<\/figcaption><\/figure> <\/div>   <h2 class=\"wp-block-heading\"><strong>Estrutura da m\u00e1quina autom\u00e1tica de barras de barra de a\u00e7o<\/strong><\/h2>    <p>Os principais componentes estruturais do equipamento s\u00e3o rolagem de material, tira, disco redondo, painel de controle, etc. mostrado na figura abaixo para sua refer\u00eancia.<\/p>   <div class=\"wp-block-image\"> <figure class=\"aligncenter size-full\"><img loading=\"lazy\" decoding=\"async\" width=\"720\" height=\"540\" src=\"https:\/\/www.baler-machines.com\/wp-content\/uploads\/2025\/03\/structure-of-CNC-steel-bar-bending-machine.webp\" alt=\"Estrutura da m\u00e1quina de flex\u00e3o de barra de a\u00e7o CNC\" class=\"wp-image-4149\" title=\"\" srcset=\"https:\/\/www.baler-machines.com\/wp-content\/uploads\/2025\/03\/structure-of-CNC-steel-bar-bending-machine.webp 720w, https:\/\/www.baler-machines.com\/wp-content\/uploads\/2025\/03\/structure-of-CNC-steel-bar-bending-machine-16x12.webp 16w\" sizes=\"auto, (max-width: 720px) 100vw, 720px\" \/><figcaption class=\"wp-element-caption\">Estrutura da m\u00e1quina de flex\u00e3o de barra de a\u00e7o CNC<\/figcaption><\/figure> <\/div>   <h2 class=\"wp-block-heading\"><strong>Qual \u00e9 o pre\u00e7o da m\u00e1quina de dobrar barras de a\u00e7o?<\/strong><\/h2>    <p>O pre\u00e7o de uma m\u00e1quina de bender de bar varia de acordo com o modelo, o grau de automa\u00e7\u00e3o e outros fatores. Shuliy oferece uma ampla gama de modelos para escolher e voc\u00ea pode escolher um traje para o seu neg\u00f3cio de processamento de barras de a\u00e7o.<\/p>    <p>Bem -vindo, entre em contato conosco para obter a mais recente cita\u00e7\u00e3o e suporte t\u00e9cnico para fornecer solu\u00e7\u00f5es eficientes para o seu processamento de vergalh\u00f5es!<\/p>    <h2 class=\"wp-block-heading\"><strong>Shuliy: Fabricante de m\u00e1quina de flex\u00e3o de barras de a\u00e7o CNC confi\u00e1vel<\/strong><\/h2>    <p>Entre os muitos fabricantes de m\u00e1quinas de flex\u00e3o de barras de a\u00e7o do mercado, por que Shuliy se destaca? Principalmente porque:<\/p>    <p class=\"translation-block\"><strong>M\u00e1quinas de qualidade e m\u00faltiplas op\u00e7\u00f5es<\/strong><\/p>    <p>A Shuliy oferece uma ampla gama de m\u00e1quinas de dobra de vergalh\u00e3o de alta qualidade e alto desempenho para atender \u00e0s necessidades de diversos clientes. Seja uma m\u00e1quina de dobra padr\u00e3o ou uma m\u00e1quina de dobra de vergalh\u00e3o CNC, temos uma m\u00e1quina para atender a cada requisito de processamento e or\u00e7amento. <\/p>    <figure class=\"wp-block-gallery has-nested-images columns-default is-cropped wp-block-gallery-3 is-layout-flex wp-block-gallery-is-layout-flex\"> <figure class=\"wp-block-image size-full\"><img loading=\"lazy\" decoding=\"async\" width=\"720\" height=\"540\" data-id=\"4157\" src=\"https:\/\/www.baler-machines.com\/wp-content\/uploads\/2025\/03\/bar-bending-machine-made-of-good-materials.webp\" alt=\"m\u00e1quina de dobrar barras feita de bons materiais\" class=\"wp-image-4157\" title=\"\" srcset=\"https:\/\/www.baler-machines.com\/wp-content\/uploads\/2025\/03\/bar-bending-machine-made-of-good-materials.webp 720w, https:\/\/www.baler-machines.com\/wp-content\/uploads\/2025\/03\/bar-bending-machine-made-of-good-materials-16x12.webp 16w\" sizes=\"auto, (max-width: 720px) 100vw, 720px\" \/><figcaption class=\"wp-element-caption\">M\u00e1quina de flex\u00e3o de barra feita de bons materiais<\/figcaption><\/figure>    <figure class=\"wp-block-image size-large\"><img loading=\"lazy\" decoding=\"async\" width=\"720\" height=\"540\" data-id=\"4152\" src=\"https:\/\/www.baler-machines.com\/wp-content\/uploads\/2025\/03\/quality-material-for-bar-bender-machine.webp\" alt=\"material de qualidade para m\u00e1quina de dobrar barras\" class=\"wp-image-4152\" title=\"\" srcset=\"https:\/\/www.baler-machines.com\/wp-content\/uploads\/2025\/03\/quality-material-for-bar-bender-machine.webp 720w, https:\/\/www.baler-machines.com\/wp-content\/uploads\/2025\/03\/quality-material-for-bar-bender-machine-16x12.webp 16w\" sizes=\"auto, (max-width: 720px) 100vw, 720px\" \/><figcaption class=\"wp-element-caption\">Material de qualidade para a m\u00e1quina de curva de barra<\/figcaption><\/figure> <\/figure>    <figure class=\"wp-block-gallery has-nested-images columns-default is-cropped wp-block-gallery-4 is-layout-flex wp-block-gallery-is-layout-flex\"> <figure class=\"wp-block-image size-large\"><img loading=\"lazy\" decoding=\"async\" width=\"720\" height=\"540\" data-id=\"4153\" src=\"https:\/\/www.baler-machines.com\/wp-content\/uploads\/2025\/03\/reliable-round-disc-for-rebar-bending-machine.webp\" alt=\"disco redondo confi\u00e1vel para m\u00e1quina de dobrar vergalh\u00e3o\" class=\"wp-image-4153\" title=\"\" srcset=\"https:\/\/www.baler-machines.com\/wp-content\/uploads\/2025\/03\/reliable-round-disc-for-rebar-bending-machine.webp 720w, https:\/\/www.baler-machines.com\/wp-content\/uploads\/2025\/03\/reliable-round-disc-for-rebar-bending-machine-16x12.webp 16w\" sizes=\"auto, (max-width: 720px) 100vw, 720px\" \/><figcaption class=\"wp-element-caption\">Disco redondo confi\u00e1vel para m\u00e1quina de flex\u00e3o de vergalh\u00e3o<\/figcaption><\/figure>    <figure class=\"wp-block-image size-large\"><img loading=\"lazy\" decoding=\"async\" width=\"720\" height=\"540\" data-id=\"4156\" src=\"https:\/\/www.baler-machines.com\/wp-content\/uploads\/2025\/03\/main-part-for-different-bent-bar-shapes.webp\" alt=\"parte principal para diferentes formas de barras dobradas\" class=\"wp-image-4156\" title=\"\" srcset=\"https:\/\/www.baler-machines.com\/wp-content\/uploads\/2025\/03\/main-part-for-different-bent-bar-shapes.webp 720w, https:\/\/www.baler-machines.com\/wp-content\/uploads\/2025\/03\/main-part-for-different-bent-bar-shapes-16x12.webp 16w\" sizes=\"auto, (max-width: 720px) 100vw, 720px\" \/><figcaption class=\"wp-element-caption\">Parte principal para diferentes formas de barra de dobras<\/figcaption><\/figure> <\/figure>    <p class=\"translation-block\"><strong>Suporte t\u00e9cnico e servi\u00e7os abrangentes<\/strong><\/p>    <p>Desde a instala\u00e7\u00e3o e o comissionamento, o treinamento de opera\u00e7\u00e3o, at\u00e9 a solu\u00e7\u00e3o de problemas e a manuten\u00e7\u00e3o, nossa equipe profissional est\u00e1 sempre pronta para ajudar os clientes a garantir que o equipamento esteja sempre funcionando com efici\u00eancia. Ao mesmo tempo, fornecemos orienta\u00e7\u00f5es remotas e suporte no local, para que os clientes possam us\u00e1-lo sem se preocupar.<\/p>    <p class=\"translation-block\"><strong>Pre\u00e7o acess\u00edvel da m\u00e1quina<\/strong><\/p>    <p>Shuliy sempre adere ao princ\u00edpio de alta qualidade e pre\u00e7o razo\u00e1vel para garantir que os clientes possam obter equipamentos de alta qualidade a um baixo custo de investimento. Nossas m\u00e1quinas de flex\u00e3o de barras de a\u00e7o t\u00eam vantagens \u00f3bvias em desempenho, durabilidade e automa\u00e7\u00e3o, enquanto o pre\u00e7o \u00e9 mais competitivo, verdadeiramente econ\u00f4mico.<\/p>   <div class=\"wp-block-image\"> <figure class=\"aligncenter size-full\"><img loading=\"lazy\" decoding=\"async\" width=\"720\" height=\"540\" src=\"https:\/\/www.baler-machines.com\/wp-content\/uploads\/2025\/03\/steel-round-bar-bending-machine.webp\" alt=\"M\u00e1quina de flex\u00e3o de barra redonda de a\u00e7o\" class=\"wp-image-4150\" title=\"\" srcset=\"https:\/\/www.baler-machines.com\/wp-content\/uploads\/2025\/03\/steel-round-bar-bending-machine.webp 720w, https:\/\/www.baler-machines.com\/wp-content\/uploads\/2025\/03\/steel-round-bar-bending-machine-16x12.webp 16w\" sizes=\"auto, (max-width: 720px) 100vw, 720px\" \/><figcaption class=\"wp-element-caption\">M\u00e1quina de flex\u00e3o de barra redonda de a\u00e7o CNC<\/figcaption><\/figure> <\/div>   <h2 class=\"wp-block-heading\"><strong>Como escolher uma m\u00e1quina de flex\u00e3o de vergalh\u00e3o adequada?<\/strong><\/h2>    <p>Ao comprar uma m\u00e1quina de flex\u00e3o de barra de a\u00e7o, voc\u00ea precisa considerar os seguintes fatores:<\/p>    <ul class=\"wp-block-list\"> <li><strong>Gama de di\u00e2metro do vergalh\u00e3o<\/strong>: Escolha o tipo de equipamento que pode atender \u00e0s suas necessidades de processamento.<\/li>    <li><strong>Requisitos de \u00e2ngulo de flex\u00e3o<\/strong>: Projetos diferentes t\u00eam requisitos diferentes para precis\u00e3o angular; portanto, escolha o sistema CNC apropriado.<\/li>    <li><strong>Grau de automa\u00e7\u00e3o<\/strong>: O equipamento CNC \u00e9 mais eficiente que o equipamento manual ou semi-autom\u00e1tico tradicional, mais adequado para a produ\u00e7\u00e3o em massa.<\/li>    <li><strong>Marca e servi\u00e7o p\u00f3s-venda<\/strong>: Escolha um fabricante com uma rica experi\u00eancia e suporte global ap\u00f3s as vendas, como Shuliy, para garantir uma opera\u00e7\u00e3o est\u00e1vel a longo prazo do equipamento.<\/li> <\/ul>   <div class=\"wp-block-image\"> <figure class=\"aligncenter size-full\"><img loading=\"lazy\" decoding=\"async\" width=\"720\" height=\"540\" src=\"https:\/\/www.baler-machines.com\/wp-content\/uploads\/2025\/03\/industrial-rebar-bending-machine.webp\" alt=\"m\u00e1quina de flex\u00e3o de vergalh\u00e3o industrial\" class=\"wp-image-4151\" title=\"\" srcset=\"https:\/\/www.baler-machines.com\/wp-content\/uploads\/2025\/03\/industrial-rebar-bending-machine.webp 720w, https:\/\/www.baler-machines.com\/wp-content\/uploads\/2025\/03\/industrial-rebar-bending-machine-16x12.webp 16w\" sizes=\"auto, (max-width: 720px) 100vw, 720px\" \/><figcaption class=\"wp-element-caption\">m\u00e1quina de flex\u00e3o de vergalh\u00e3o industrial<\/figcaption><\/figure> <\/div>   <h2 class=\"wp-block-heading\"><strong>Contate-nos para mais informa\u00e7\u00f5es!<\/strong><\/h2>    <p class=\"translation-block\">Se voc\u00ea procura uma m\u00e1quina de dobra de vergalh\u00f5es eficiente, precisa e confi\u00e1vel, nossa m\u00e1quina de dobra de vergalh\u00f5es CNC ser\u00e1 sua escolha ideal. Seja vergalh\u00e3o redondo ou roscado, esta m\u00e1quina pode atender \u00e0s suas diversas necessidades e ajud\u00e1-lo a concluir seus projetos com efici\u00eancia.<\/p>    <p class=\"translation-block\">Al\u00e9m desta m\u00e1quina, tamb\u00e9m temos <a href=\"https:\/\/www.baler-machines.com\/pt\/cnc-spiral-rebar-bending-machine\/\">m\u00e1quina de arredondamento de espiral de vergalh\u00e3o<\/a>, <a href=\"https:\/\/www.baler-machines.com\/pt\/rebar-straightening-machine\/\">m\u00e1quina de endireitar vergalh\u00e3o<\/a>, m\u00e1quina de dobra de estribos e assim por diante. Entre em contato conosco hoje mesmo para mais detalhes do produto e solu\u00e7\u00f5es personalizadas!<\/p>","protected":false},"excerpt":{"rendered":"<p>Nossa m\u00e1quina de flex\u00e3o de barra de a\u00e7o pode dobrar com precis\u00e3o o a\u00e7o redondo e o vergalh\u00e3o roscado, amplamente utilizado em constru\u00e7\u00e3o, pontes, rodovias e outras.<\/p>","protected":false},"author":1,"featured_media":4148,"parent":0,"template":"","tags":[641,643],"product-type":[640],"class_list":["post-4147","product","type-product","status-publish","has-post-thumbnail","hentry","tag-rebar","tag-steel-bar","product-type-rebar-processing-equipment"],"_links":{"self":[{"href":"https:\/\/www.baler-machines.com\/pt\/wp-json\/wp\/v2\/product\/4147","targetHints":{"allow":["GET"]}}],"collection":[{"href":"https:\/\/www.baler-machines.com\/pt\/wp-json\/wp\/v2\/product"}],"about":[{"href":"https:\/\/www.baler-machines.com\/pt\/wp-json\/wp\/v2\/types\/product"}],"author":[{"embeddable":true,"href":"https:\/\/www.baler-machines.com\/pt\/wp-json\/wp\/v2\/users\/1"}],"wp:featuredmedia":[{"embeddable":true,"href":"https:\/\/www.baler-machines.com\/pt\/wp-json\/wp\/v2\/media\/4148"}],"wp:attachment":[{"href":"https:\/\/www.baler-machines.com\/pt\/wp-json\/wp\/v2\/media?parent=4147"}],"wp:term":[{"taxonomy":"post_tag","embeddable":true,"href":"https:\/\/www.baler-machines.com\/pt\/wp-json\/wp\/v2\/tags?post=4147"},{"taxonomy":"product-type","embeddable":true,"href":"https:\/\/www.baler-machines.com\/pt\/wp-json\/wp\/v2\/product-type?post=4147"}],"curies":[{"name":"wp","href":"https:\/\/api.w.org\/{rel}","templated":true}]}}