{"id":4131,"date":"2025-03-11T18:01:41","date_gmt":"2025-03-11T10:01:41","guid":{"rendered":"https:\/\/www.baler-machines.com\/?post_type=product&#038;p=4131"},"modified":"2025-03-12T14:03:14","modified_gmt":"2025-03-12T06:03:14","slug":"cnc-rebar-stirrup-bending-machine","status":"publish","type":"product","link":"https:\/\/www.baler-machines.com\/pt\/cnc-rebar-stirrup-bending-machine\/","title":{"rendered":"M\u00e1quina de flex\u00e3o de estribo de cinco cabe\u00e7as CNC totalmente autom\u00e1tica"},"content":{"rendered":"<p class=\"translation-block\">A m\u00e1quina dobradeira de estribos de vergalh\u00e3o Shuliy adota o avan\u00e7ado design de 5 cabe\u00e7otes para dobrar barras de a\u00e7o de 1500-2000m por hora em formas desejadas. Possui uma velocidade de conforma\u00e7\u00e3o de 5 segundos.<\/p>    <p>Esta m\u00e1quina de dobrar barras de a\u00e7o possui um sistema CNC que permite definir livremente o comprimento e o \u00e2ngulo de dobra da barra de refor\u00e7o. O erro de \u00e2ngulo \u00e9 de \u00b1 1\u00b0.<\/p>    <p>Seja um canteiro de obras, uma planta de processamento de a\u00e7o ou um projeto de infraestrutura em larga escala, esta m\u00e1quina pode fornecer solu\u00e7\u00f5es eficientes e precisas para a flex\u00e3o do vergalh\u00e3o.<\/p>    <figure class=\"wp-block-embed is-type-video is-provider-youtube wp-block-embed-youtube wp-embed-aspect-16-9 wp-has-aspect-ratio\"><div class=\"wp-block-embed__wrapper\"> <iframe loading=\"lazy\" title=\"Como dobrar o vergalh\u00e3o com a m\u00e1quina de flex\u00e3o de barras de a\u00e7o de cinco cabe\u00e7as totalmente autom\u00e1tica?\" width=\"500\" height=\"281\" src=\"https:\/\/www.youtube.com\/embed\/np-546qnCb0?feature=oembed\" frameborder=\"0\" allow=\"accelerometer; autoplay; clipboard-write; encrypted-media; gyroscope; picture-in-picture; web-share\" referrerpolicy=\"strict-origin-when-cross-origin\" allowfullscreen><\/iframe> <\/div><figcaption class=\"wp-element-caption\">M\u00e1quina de curva de estribo CNC<\/figcaption><\/figure>    <h2 class=\"wp-block-heading\"><strong>Vantagens da m\u00e1quina de flex\u00e3o de estribo autom\u00e1tico de vergalh\u00e3o<\/strong><\/h2>    <ul class=\"wp-block-list\"> <li><strong>Design de 5 cabe\u00e7as<\/strong>: Esse design pode processar muitas barras de laje ao mesmo tempo, melhorando significativamente a efici\u00eancia da produ\u00e7\u00e3o.<\/li>    <li><strong>Sistema CNC<\/strong>: Este sistema avan\u00e7ado pode controlar com precis\u00e3o o tamanho e o \u00e2ngulo da flex\u00e3o, garantindo a precis\u00e3o do processamento de cada vergalh\u00e3o.<\/li>    <li><strong>Adapta\u00e7\u00e3o a v\u00e1rias demandas de barras de a\u00e7o<\/strong>: Seja um vergalh\u00e3o curto ou longo, o equipamento pode manipular com precis\u00e3o para atender aos requisitos de processamento de diferentes projetos e alcan\u00e7ar realmente \u201clicen\u00e7a o maior tempo poss\u00edvel, dobrar o maior tempo poss\u00edvel\u201d.<\/li>    <li><strong>Ampla gama de cen\u00e1rios de aplica\u00e7\u00e3o<\/strong>Ela \u00e9 amplamente utilizada em canteiros de obras, f\u00e1bricas de processamento de a\u00e7o de refor\u00e7o e grandes projetos de infraestrutura.<\/li>    <li><strong>Estabilidade e durabilidade<\/strong>: Usando dois motores e feitos de materiais de alta resist\u00eancia, ele pode funcionar de forma est\u00e1vel por um longo tempo, reduzir os custos de manuten\u00e7\u00e3o e prolongar a vida \u00fatil do servi\u00e7o.<\/li> <\/ul>    <figure class=\"wp-block-gallery has-nested-images columns-default is-cropped wp-block-gallery-2 is-layout-flex wp-block-gallery-is-layout-flex\"> <figure class=\"wp-block-image size-large\"><img loading=\"lazy\" decoding=\"async\" width=\"720\" height=\"540\" data-id=\"4137\" src=\"https:\/\/www.baler-machines.com\/wp-content\/uploads\/2025\/03\/five-heads-for-slab-bar-bending-machine.webp\" alt=\"cinco cabe\u00e7otes para m\u00e1quina de dobra de barra de laje\" class=\"wp-image-4137\" title=\"\" srcset=\"https:\/\/www.baler-machines.com\/wp-content\/uploads\/2025\/03\/five-heads-for-slab-bar-bending-machine.webp 720w, https:\/\/www.baler-machines.com\/wp-content\/uploads\/2025\/03\/five-heads-for-slab-bar-bending-machine-16x12.webp 16w\" sizes=\"auto, (max-width: 720px) 100vw, 720px\" \/><figcaption class=\"wp-element-caption\">Cinco cabe\u00e7as para a m\u00e1quina de flex\u00e3o da barra de laje<\/figcaption><\/figure>    <figure class=\"wp-block-image size-large\"><img loading=\"lazy\" decoding=\"async\" width=\"720\" height=\"540\" data-id=\"4138\" src=\"https:\/\/www.baler-machines.com\/wp-content\/uploads\/2025\/03\/PLC-control-panel.webp\" alt=\"painel de controle PLC\" class=\"wp-image-4138\" title=\"\" srcset=\"https:\/\/www.baler-machines.com\/wp-content\/uploads\/2025\/03\/PLC-control-panel.webp 720w, https:\/\/www.baler-machines.com\/wp-content\/uploads\/2025\/03\/PLC-control-panel-16x12.webp 16w\" sizes=\"auto, (max-width: 720px) 100vw, 720px\" \/><figcaption class=\"wp-element-caption\">Painel de controle PLC<\/figcaption><\/figure>    <figure class=\"wp-block-image size-large\"><img loading=\"lazy\" decoding=\"async\" width=\"720\" height=\"540\" data-id=\"4139\" src=\"https:\/\/www.baler-machines.com\/wp-content\/uploads\/2025\/03\/two-motors-for-rebar-stirrup-bender.webp\" alt=\"dois motores para dobradora de estribos de vergalh\u00e3o\" class=\"wp-image-4139\" title=\"\" srcset=\"https:\/\/www.baler-machines.com\/wp-content\/uploads\/2025\/03\/two-motors-for-rebar-stirrup-bender.webp 720w, https:\/\/www.baler-machines.com\/wp-content\/uploads\/2025\/03\/two-motors-for-rebar-stirrup-bender-16x12.webp 16w\" sizes=\"auto, (max-width: 720px) 100vw, 720px\" \/><figcaption class=\"wp-element-caption\">Dois motores para curar o barreiro<\/figcaption><\/figure> <\/figure>    <figure class=\"wp-block-gallery has-nested-images columns-default is-cropped wp-block-gallery-3 is-layout-flex wp-block-gallery-is-layout-flex\"> <figure class=\"wp-block-image size-large\"><img loading=\"lazy\" decoding=\"async\" width=\"720\" height=\"540\" data-id=\"4140\" src=\"https:\/\/www.baler-machines.com\/wp-content\/uploads\/2025\/03\/automatic-stirrup-bending-machine-for-steel-bar.webp\" alt=\"M\u00e1quina de flex\u00e3o de estribo autom\u00e1tica para barra de a\u00e7o\" class=\"wp-image-4140\" title=\"\" srcset=\"https:\/\/www.baler-machines.com\/wp-content\/uploads\/2025\/03\/automatic-stirrup-bending-machine-for-steel-bar.webp 720w, https:\/\/www.baler-machines.com\/wp-content\/uploads\/2025\/03\/automatic-stirrup-bending-machine-for-steel-bar-16x12.webp 16w\" sizes=\"auto, (max-width: 720px) 100vw, 720px\" \/><figcaption class=\"wp-element-caption\">M\u00e1quina de flex\u00e3o de estribo autom\u00e1tica para barra de a\u00e7o<\/figcaption><\/figure>    <figure class=\"wp-block-image size-large\"><img loading=\"lazy\" decoding=\"async\" width=\"720\" height=\"540\" data-id=\"4141\" src=\"https:\/\/www.baler-machines.com\/wp-content\/uploads\/2025\/03\/CNC-rebar-stirrup-bending-machine-for-reinforcing-bar.webp\" alt=\"M\u00e1quina de flex\u00e3o de estribo de vergalh\u00e3o CNC para barra de refor\u00e7o\" class=\"wp-image-4141\" title=\"\" srcset=\"https:\/\/www.baler-machines.com\/wp-content\/uploads\/2025\/03\/CNC-rebar-stirrup-bending-machine-for-reinforcing-bar.webp 720w, https:\/\/www.baler-machines.com\/wp-content\/uploads\/2025\/03\/CNC-rebar-stirrup-bending-machine-for-reinforcing-bar-16x12.webp 16w\" sizes=\"auto, (max-width: 720px) 100vw, 720px\" \/><figcaption class=\"wp-element-caption\">M\u00e1quina de flex\u00e3o de estribo de vergalh\u00e3o CNC para barra de refor\u00e7o<\/figcaption><\/figure> <\/figure>    <h2 class=\"wp-block-heading\"><strong>Par\u00e2metros t\u00e9cnicos da m\u00e1quina de flex\u00e3o de estribo de vergalh\u00e3o CNC<\/strong><\/h2>    <p>Os par\u00e2metros t\u00e9cnicos da m\u00e1quina CNC Stirrup Bender \u00e9 uma base de refer\u00eancia importante para os clientes escolherem o equipamento. A partir dos dados abaixo, voc\u00ea pode conhecer sua press\u00e3o hidr\u00e1lica, velocidade de forma\u00e7\u00e3o, erro de anjo etc. Para clientes com necessidades especiais, tamb\u00e9m fornecemos ajuste de par\u00e2metro personalizado para atender \u00e0s diferentes necessidades de produ\u00e7\u00e3o de flex\u00e3o.<\/p>    <ul class=\"wp-block-list\"> <li><strong>Press\u00e3o hidr\u00e1ulica<\/strong>: 5-16MPa<\/li>    <li><strong>M\u00e9todo de dimensionamento<\/strong>: manual\/autom\u00e1tico<\/li>    <li><strong>Energia da m\u00e1quina<\/strong>: 8kw<\/li>    <li><strong>Press\u00e3o do ar<\/strong>: 0,4-0,6mpa<\/li>    <li><strong>Velocidade de forma\u00e7\u00e3o<\/strong>: 5 segundos<\/li>    <li><strong>Capacidade de processamento<\/strong>: 1500-2000m\/hora<\/li>    <li><strong>Travamento da cabe\u00e7a da m\u00e1quina<\/strong>: bloqueio hidr\u00e1ulico<\/li>    <li><strong>Erro de \u00e2ngulo<\/strong>: \u00b1 1 \u00b0<\/li>    <li><strong>Peso da m\u00e1quina<\/strong>: 1200 kg<\/li> <\/ul>   <div class=\"wp-block-image\"> <figure class=\"aligncenter size-full\"><img loading=\"lazy\" decoding=\"async\" width=\"720\" height=\"540\" src=\"https:\/\/www.baler-machines.com\/wp-content\/uploads\/2025\/03\/fully-automatic-CNC-five-head-steel-bar-bending-machine.webp\" alt=\"M\u00e1quina de dobra de a\u00e7o de cinco cabe\u00e7as CNC totalmente autom\u00e1tica\" class=\"wp-image-4136\" title=\"\" srcset=\"https:\/\/www.baler-machines.com\/wp-content\/uploads\/2025\/03\/fully-automatic-CNC-five-head-steel-bar-bending-machine.webp 720w, https:\/\/www.baler-machines.com\/wp-content\/uploads\/2025\/03\/fully-automatic-CNC-five-head-steel-bar-bending-machine-16x12.webp 16w\" sizes=\"auto, (max-width: 720px) 100vw, 720px\" \/><figcaption class=\"wp-element-caption\">M\u00e1quina de dobra de a\u00e7o de cinco cabe\u00e7as CNC totalmente autom\u00e1tica<\/figcaption><\/figure> <\/div>   <h2 class=\"wp-block-heading\"><strong>Como funciona a m\u00e1quina de flex\u00e3o da barra de laje\uff1f<\/strong><\/h2>    <p>O princ\u00edpio de trabalho da m\u00e1quina de flex\u00e3o de estribo de vergalh\u00e3o CNC autom\u00e1tica \u00e9 definir o \u00e2ngulo de flex\u00e3o, o comprimento e a forma atrav\u00e9s do sistema CNC, posicionamento autom\u00e1tico, comprimento fixo e travamento para completar a moldagem de a\u00e7o. O processo de trabalho \u00e9:<\/p>    <ul class=\"wp-block-list\"> <li><strong>Alimenta\u00e7\u00e3o<\/strong>: A barra de a\u00e7o entra na \u00e1rea de processamento atrav\u00e9s do dispositivo de alimenta\u00e7\u00e3o.<\/li>    <li><strong>Posicionamento<\/strong>: O sistema CNC localiza com precis\u00e3o o comprimento e a posi\u00e7\u00e3o de flex\u00e3o do vergalh\u00e3o de acordo com os par\u00e2metros predefinidos.<\/li>    <li><strong>Flex\u00e3o<\/strong>: A cabe\u00e7a de flex\u00e3o completa a a\u00e7\u00e3o de flex\u00e3o de acordo com as instru\u00e7\u00f5es para garantir que o \u00e2ngulo e a forma atendam aos requisitos.<\/li>    <li><strong>Descarregando<\/strong>: A barra de a\u00e7o acabada precisa ser retirada manualmente para se preparar para a pr\u00f3xima rodada de processamento.<\/li> <\/ul>    <h2 class=\"wp-block-heading\"><strong>Qual \u00e9 o pre\u00e7o da m\u00e1quina de dobrar estribos de a\u00e7o Shuliy?<\/strong><\/h2>    <p>O pre\u00e7o de uma m\u00e1quina de flex\u00e3o de barra de a\u00e7o CNC depende de v\u00e1rios fatores, incluindo materiais de equipamento, capacidade de processamento, grau de automa\u00e7\u00e3o e recursos adicionais. Oferecemos uma ampla gama de tamanhos de equipamento, de pequenas m\u00e1quinas de flex\u00e3o econ\u00f4mica a m\u00e1quinas de flex\u00e3o CNC multifuncionais de alto desempenho, a faixas flex\u00edveis de pre\u00e7os.<\/p>    <p>Os pre\u00e7os espec\u00edficos s\u00e3o baseados nas necessidades de processamento do cliente, na quantidade do pedido e nos requisitos de personaliza\u00e7\u00e3o. Se voc\u00ea precisar de um or\u00e7amento espec\u00edfico, pode nos contatar para recomendar a m\u00e1quina mais econ\u00f4mica para suas necessidades de produ\u00e7\u00e3o.<\/p>   <div class=\"wp-block-image\"> <figure class=\"aligncenter size-full\"><img loading=\"lazy\" decoding=\"async\" width=\"720\" height=\"540\" src=\"https:\/\/www.baler-machines.com\/wp-content\/uploads\/2025\/03\/automatic-rebar-stirrup-bending-machine.webp\" alt=\"M\u00e1quina de flex\u00e3o de estribo autom\u00e1tico de vergalh\u00e3o\" class=\"wp-image-4142\" title=\"\" srcset=\"https:\/\/www.baler-machines.com\/wp-content\/uploads\/2025\/03\/automatic-rebar-stirrup-bending-machine.webp 720w, https:\/\/www.baler-machines.com\/wp-content\/uploads\/2025\/03\/automatic-rebar-stirrup-bending-machine-16x12.webp 16w\" sizes=\"auto, (max-width: 720px) 100vw, 720px\" \/><figcaption class=\"wp-element-caption\">M\u00e1quina de flex\u00e3o de estribo autom\u00e1tico de vergalh\u00e3o<\/figcaption><\/figure> <\/div>   <h2 class=\"wp-block-heading\"><strong>Como encomendar um curral de estribo CNC de Shuliy?<\/strong><\/h2>    <p>Pedir uma m\u00e1quina de flex\u00e3o de estribo de vergalh\u00e3o \u00e9 f\u00e1cil! O processo geral \u00e9:<\/p>    <ol class=\"wp-block-list\"> <li>Voc\u00ea pode entrar em contato conosco por meio de consulta on -line, telefone ou e -mail e nos informar suas necessidades de processamento.<\/li>    <li>Recomendamos o modelo certo para voc\u00ea e fornecer\u00e1 par\u00e2metros detalhados, imagens de equipamentos e v\u00eddeos para garantir que voc\u00ea escolha o equipamento mais adequado.<\/li>    <li>Depois de confirmar o pedido, organizaremos uma produ\u00e7\u00e3o r\u00e1pida, embalagem e remessa global.<\/li>    <li>Ao receber a m\u00e1quina, tamb\u00e9m fornecemos orienta\u00e7\u00f5es de instala\u00e7\u00e3o e servi\u00e7o p\u00f3s-venda para garantir sua produ\u00e7\u00e3o suave.<\/li> <\/ol>    <figure class=\"wp-block-gallery has-nested-images columns-default is-cropped wp-block-gallery-4 is-layout-flex wp-block-gallery-is-layout-flex\"> <figure class=\"wp-block-image size-large\"><img loading=\"lazy\" decoding=\"async\" width=\"720\" height=\"540\" data-id=\"4145\" src=\"https:\/\/www.baler-machines.com\/wp-content\/uploads\/2025\/03\/automatic-stirrup-bender.webp\" alt=\"Bender de estribo autom\u00e1tico\" class=\"wp-image-4145\" title=\"\" srcset=\"https:\/\/www.baler-machines.com\/wp-content\/uploads\/2025\/03\/automatic-stirrup-bender.webp 720w, https:\/\/www.baler-machines.com\/wp-content\/uploads\/2025\/03\/automatic-stirrup-bender-16x12.webp 16w\" sizes=\"auto, (max-width: 720px) 100vw, 720px\" \/><figcaption class=\"wp-element-caption\">Bender de estribo autom\u00e1tico<\/figcaption><\/figure>    <figure class=\"wp-block-image size-large\"><img loading=\"lazy\" decoding=\"async\" width=\"720\" height=\"540\" data-id=\"4146\" src=\"https:\/\/www.baler-machines.com\/wp-content\/uploads\/2025\/03\/stirrup-bar-bending-machine.webp\" alt=\"M\u00e1quina de flex\u00e3o da barra de estribo\" class=\"wp-image-4146\" title=\"\" srcset=\"https:\/\/www.baler-machines.com\/wp-content\/uploads\/2025\/03\/stirrup-bar-bending-machine.webp 720w, https:\/\/www.baler-machines.com\/wp-content\/uploads\/2025\/03\/stirrup-bar-bending-machine-16x12.webp 16w\" sizes=\"auto, (max-width: 720px) 100vw, 720px\" \/><figcaption class=\"wp-element-caption\">M\u00e1quina de flex\u00e3o da barra de estribo<\/figcaption><\/figure> <\/figure>    <p class=\"translation-block\">Al\u00e9m deste equipamento, tamb\u00e9m temos outros equipamentos de manuseio de vergalh\u00f5es, como <a href=\"https:\/\/www.baler-machines.com\/pt\/rebar-straightening-machine\/\">m\u00e1quina endireitadeira de vergalh\u00e3o<\/a>, m\u00e1quina de fazer an\u00e9is de vergalh\u00e3o, <a href=\"https:\/\/www.baler-machines.com\/pt\/cnc-tube-bending-machine\/\">dobradeira de tubos<\/a> e assim por diante.<\/p>    <p class=\"translation-block\">Bem-vindo a entrar em contato conosco para uma cota\u00e7\u00e3o detalhada e suporte t\u00e9cnico para o processamento de <a href=\"https:\/\/en.wikipedia.org\/wiki\/Rebar\" target=\"_blank\" rel=\"noopener\">vergalh\u00e3o<\/a>!<\/p>","protected":false},"excerpt":{"rendered":"<p>A m\u00e1quina de flex\u00e3o de estribo de vergalh\u00e3o Shuliy adota o design avan\u00e7ado de 5 cabe\u00e7as para dobrar as barras de a\u00e7o de 1500-2000m por hora em formas desejadas para uso.<\/p>","protected":false},"author":1,"featured_media":4134,"parent":0,"template":"","tags":[641,643],"product-type":[640],"class_list":["post-4131","product","type-product","status-publish","has-post-thumbnail","hentry","tag-rebar","tag-steel-bar","product-type-rebar-processing-equipment"],"_links":{"self":[{"href":"https:\/\/www.baler-machines.com\/pt\/wp-json\/wp\/v2\/product\/4131","targetHints":{"allow":["GET"]}}],"collection":[{"href":"https:\/\/www.baler-machines.com\/pt\/wp-json\/wp\/v2\/product"}],"about":[{"href":"https:\/\/www.baler-machines.com\/pt\/wp-json\/wp\/v2\/types\/product"}],"author":[{"embeddable":true,"href":"https:\/\/www.baler-machines.com\/pt\/wp-json\/wp\/v2\/users\/1"}],"wp:featuredmedia":[{"embeddable":true,"href":"https:\/\/www.baler-machines.com\/pt\/wp-json\/wp\/v2\/media\/4134"}],"wp:attachment":[{"href":"https:\/\/www.baler-machines.com\/pt\/wp-json\/wp\/v2\/media?parent=4131"}],"wp:term":[{"taxonomy":"post_tag","embeddable":true,"href":"https:\/\/www.baler-machines.com\/pt\/wp-json\/wp\/v2\/tags?post=4131"},{"taxonomy":"product-type","embeddable":true,"href":"https:\/\/www.baler-machines.com\/pt\/wp-json\/wp\/v2\/product-type?post=4131"}],"curies":[{"name":"wp","href":"https:\/\/api.w.org\/{rel}","templated":true}]}}