{"id":4115,"date":"2025-03-07T17:47:58","date_gmt":"2025-03-07T09:47:58","guid":{"rendered":"https:\/\/www.baler-machines.com\/?post_type=product&#038;p=4115"},"modified":"2025-03-10T11:02:55","modified_gmt":"2025-03-10T03:02:55","slug":"cnc-tube-bending-machine","status":"publish","type":"product","link":"https:\/\/www.baler-machines.com\/pt\/cnc-tube-bending-machine\/","title":{"rendered":"M\u00e1quina de flex\u00e3o de tubo CNC para tubos de a\u00e7o de cobre"},"content":{"rendered":"<p class=\"translation-block\">A <strong>m\u00e1quina de dobrar tubo CNC<\/strong> Shuliy \u00e9 usada principalmente para dobrar tubos de a\u00e7o quadrados ou redondos na forma desejada. A faixa de dobra \u00e9 de 10-100mm. A faixa de \u00e2ngulo \u00e9 de 0-180 graus.<\/p>    <p>Este equipamento \u00e9 especialmente adequado para processamento de tubos de alta precis\u00e3o de grande volume, como fabrica\u00e7\u00e3o automotiva, m\u00f3veis, equipamentos de fitness e outras ind\u00fastrias, para melhorar a efici\u00eancia da produ\u00e7\u00e3o e reduzir os custos de m\u00e3o-de-obra. Interessado? Se sim, venha e entre em contato conosco agora para obter mais informa\u00e7\u00f5es!<\/p>    <figure class=\"wp-block-embed is-type-video is-provider-youtube wp-block-embed-youtube wp-embed-aspect-16-9 wp-has-aspect-ratio\"><div class=\"wp-block-embed__wrapper\"> <iframe loading=\"lazy\" title=\"M\u00e1quina de dobra de tubo CNC totalmente automatizada\" width=\"500\" height=\"281\" src=\"https:\/\/www.youtube.com\/embed\/Qc1jzhhx5Uw?feature=oembed\" frameborder=\"0\" allow=\"accelerometer; autoplay; clipboard-write; encrypted-media; gyroscope; picture-in-picture; web-share\" referrerpolicy=\"strict-origin-when-cross-origin\" allowfullscreen><\/iframe> <\/div><figcaption class=\"wp-element-caption\">m\u00e1quina de flex\u00e3o de tubo de arame<\/figcaption><\/figure>    <h2 class=\"wp-block-heading\"><strong>Produtos acabados e aplica\u00e7\u00f5es da m\u00e1quina de flex\u00e3o de tubo CNC<\/strong><\/h2>    <p>Nossa m\u00e1quina de flex\u00e3o de tubo quadrado CNC pode dobrar v\u00e1rios tubos de a\u00e7o na forma desejada. Os produtos finais s\u00e3o mostrados abaixo para sua refer\u00eancia.<\/p>    <p class=\"translation-block\">Os produtos acabados s\u00e3o amplamente utilizados na <strong>fabrica\u00e7\u00e3o de autom\u00f3veis e motocicletas<\/strong>, <strong>aeroespacial, fabrica\u00e7\u00e3o de m\u00f3veis, equipamentos de gin\u00e1stica, navios, petroqu\u00edmicos, energia el\u00e9trica, g\u00e1s natural, ind\u00fastria nuclear, caldeiras, ve\u00edculos, ar condicionado e refrigera\u00e7\u00e3o, artigos esportivos<\/strong>, <strong>decora\u00e7\u00e3o de edif\u00edcios, petroqu\u00edmica<\/strong> e outras ind\u00fastrias.<\/p>    <figure class=\"wp-block-gallery has-nested-images columns-default is-cropped wp-block-gallery-2 is-layout-flex wp-block-gallery-is-layout-flex\"> <figure class=\"wp-block-image size-large\"><img loading=\"lazy\" decoding=\"async\" width=\"540\" height=\"720\" data-id=\"4121\" src=\"https:\/\/www.baler-machines.com\/wp-content\/uploads\/2025\/03\/end-products-of-CNC-tube-bending-machine.webp\" alt=\"produtos finais da m\u00e1quina de dobra de tubos CNC\" class=\"wp-image-4121\" title=\"\" srcset=\"https:\/\/www.baler-machines.com\/wp-content\/uploads\/2025\/03\/end-products-of-CNC-tube-bending-machine.webp 540w, https:\/\/www.baler-machines.com\/wp-content\/uploads\/2025\/03\/end-products-of-CNC-tube-bending-machine-9x12.webp 9w\" sizes=\"auto, (max-width: 540px) 100vw, 540px\" \/><figcaption class=\"wp-element-caption\">Produtos finais da m\u00e1quina de flex\u00e3o de tubo CNC<\/figcaption><\/figure>    <figure class=\"wp-block-image size-large\"><img loading=\"lazy\" decoding=\"async\" width=\"540\" height=\"720\" data-id=\"4120\" src=\"https:\/\/www.baler-machines.com\/wp-content\/uploads\/2025\/03\/applications-of-end-products.webp\" alt=\"aplica\u00e7\u00f5es dos produtos finais\" class=\"wp-image-4120\" title=\"\" srcset=\"https:\/\/www.baler-machines.com\/wp-content\/uploads\/2025\/03\/applications-of-end-products.webp 540w, https:\/\/www.baler-machines.com\/wp-content\/uploads\/2025\/03\/applications-of-end-products-9x12.webp 9w\" sizes=\"auto, (max-width: 540px) 100vw, 540px\" \/><figcaption class=\"wp-element-caption\">Aplica\u00e7\u00f5es de produtos finais<\/figcaption><\/figure> <\/figure>    <h2 class=\"wp-block-heading\"><strong>Vantagens da m\u00e1quina de curva de tubo CNC<\/strong><\/h2>    <ul class=\"wp-block-list\"> <li>O equipamento de flex\u00e3o do tubo CNC tem um <strong>alcance de flex\u00e3o de 10-100 mm<\/strong> e um <strong>faixa de \u00e2ngulo de 0-180mm<\/strong>, o que faz com que os tubos de a\u00e7o se inclinem em v\u00e1rias formas desejadas.<\/li>    <li>Nossa m\u00e1quina de flex\u00e3o de tubo CNC <strong>adota um sistema CNC<\/strong>, garantindo flex\u00e3o precisa de m\u00faltiplos \u00e2ngulos e raios e reduzir o desperd\u00edcio de material.<\/li>    <li>Ele usa um <strong>Sistema de acionamento hidr\u00e1ulico avan\u00e7ado<\/strong>, tornando a opera\u00e7\u00e3o mais custos de manuten\u00e7\u00e3o est\u00e1vel e menor.<\/li>    <li>Seus produtos finais t\u00eam <strong>Aplica\u00e7\u00f5es amplas<\/strong>, como aeroespacial, equipamentos de fitness, navios, etc.<\/li> <\/ul>   <div class=\"wp-block-image\"> <figure class=\"aligncenter size-full\"><img loading=\"lazy\" decoding=\"async\" width=\"720\" height=\"540\" src=\"https:\/\/www.baler-machines.com\/wp-content\/uploads\/2025\/03\/CNC-pipe-bending-machine-for-round-tubes.webp\" alt=\"M\u00e1quina de flex\u00e3o de tubo CNC para tubos redondos\" class=\"wp-image-4122\" title=\"\" srcset=\"https:\/\/www.baler-machines.com\/wp-content\/uploads\/2025\/03\/CNC-pipe-bending-machine-for-round-tubes.webp 720w, https:\/\/www.baler-machines.com\/wp-content\/uploads\/2025\/03\/CNC-pipe-bending-machine-for-round-tubes-16x12.webp 16w\" sizes=\"auto, (max-width: 720px) 100vw, 720px\" \/><figcaption class=\"wp-element-caption\">M\u00e1quina de flex\u00e3o de tubo CNC para tubos redondos<\/figcaption><\/figure> <\/div>   <h2 class=\"wp-block-heading\"><strong>Par\u00e2metros t\u00e9cnicos da m\u00e1quina de flex\u00e3o de tubo CNC<\/strong><\/h2>    <p class=\"translation-block\"><strong>Par\u00e2metros da m\u00e1quina de dobrar tubo com mandril<\/strong><\/p>    <figure class=\"wp-block-table\"><table><tbody><tr><td>Tipo<\/td><td>Modelo 38<\/td><td>Modelo 51<\/td><td>Modelo 76<\/td><td>Modelo 100<\/td><\/tr><tr><td>Faixa de flex\u00e3o (mm)<\/td><td>10-24<\/td><td>20-51<\/td><td>30-76<\/td><td>40-100<\/td><\/tr><tr><td>Faixa de \u00e2ngulo (graus)<\/td><td>0-180 <\/td><td>0-180<\/td><td>0-180<\/td><td>0-180<\/td><\/tr><tr><td>Velocidade principal (RPM)<\/td><td>20<\/td><td>20<\/td><td>16<\/td><td>16<\/td><\/tr><tr><td>Tamanho da m\u00e1quina (mm)<\/td><td>800*650*900<\/td><td>850*700*930<\/td><td>940*780*960<\/td><td>1020*800*960<\/td><\/tr><tr><td>Requisito de espessura da parede (mm)<\/td><td>1-3<\/td><td>1-4<\/td><td>1-5<\/td><td>2-6<\/td><\/tr><tr><td>Pot\u00eancia do motor<\/td><td>3kW 4-POLE<br>(nacional nacional)<\/td><td>3kW 4-POLE<br>(nacional nacional)<\/td><td>4KW 6-POLE<br>(nacional nacional)<\/td><td>5,5kW de 6 polos<br>(nacional nacional)<\/td><\/tr><tr><td>Tens\u00e3o de entrada<\/td><td>380V de 380v<\/td><td>380V de 380v<\/td><td>380V de 380v<\/td><td>380V de 380v<\/td><\/tr><tr><td>Peso da m\u00e1quina (kg)<\/td><td>230<\/td><td>260<\/td><td>290<\/td><td>360<\/td><\/tr><\/tbody><\/table><figcaption class=\"wp-element-caption\">Especifica\u00e7\u00f5es da m\u00e1quina de dobra de tubo<\/figcaption><\/figure>    <p class=\"translation-block\"><strong>Par\u00e2metros da m\u00e1quina de dobrar tubo CNC<\/strong><\/p>    <figure class=\"wp-block-table\"><table><tbody><tr><td>Tipo<\/td><td>Modelo-5 CNC hidr\u00e1ulico<\/td><td>Modelo-9 CNC hidr\u00e1ulico<\/td><td>Modelo-11 CNC hidr\u00e1ulico<\/td><\/tr><tr><td>Di\u00e2metro da barra de a\u00e7o (mm)<\/td><td>4-28<\/td><td>4-32<\/td><td>4-36<\/td><\/tr><tr><td>Di\u00e2metro redondo do tubo (mm)<\/td><td>10-50<\/td><td>10-60<\/td><td>10-60<\/td><\/tr><tr><td>Di\u00e2metro do tubo oval (mm)<\/td><td>30*80<\/td><td>30*80<\/td><td>30*80<\/td><\/tr><tr><td>Peso da m\u00e1quina (kg)<\/td><td>700<\/td><td>900<\/td><td>1050<\/td><\/tr><tr><td>Energia motora hidr\u00e1ulica (KW)<\/td><td>3<\/td><td>3.8<\/td><td>5.5<\/td><\/tr><tr><td>Velocidade de viagem (m\/min)<\/td><td>12<\/td><td>12<\/td><td>12<\/td><\/tr><tr><td>Motor de viagem (KW)<\/td><td>4<\/td><td>4<\/td><td>4<\/td><\/tr><tr><td>Dimens\u00e3o geral (mm)<\/td><td>1100*1500*1200<\/td><td>1100*1800*1200<\/td><td>1100*1800*1200<\/td><\/tr><\/tbody><\/table><figcaption class=\"wp-element-caption\">Especifica\u00e7\u00f5es da m\u00e1quina de enrolamento do tubo CNC<\/figcaption><\/figure>    <h2 class=\"wp-block-heading\"><strong>Como funciona a m\u00e1quina de flex\u00e3o do tubo CNC?<\/strong><\/h2>    <p>Esta m\u00e1quina de enrolamento do tubo CNC controla com precis\u00e3o o processo de flex\u00e3o do tubo atrav\u00e9s do sistema CNC para obter alta precis\u00e3o e alta efici\u00eancia. <\/p>    <p>Em primeiro lugar, o operador define o \u00e2ngulo de flex\u00e3o, o raio, a velocidade de flex\u00e3o e outros par\u00e2metros no painel de controle. <\/p>    <p>Em seguida, o mecanismo de alimenta\u00e7\u00e3o do equipamento alimenta o tubo no molde de flex\u00e3o, o sistema de fixa\u00e7\u00e3o fixa o tubo e o dispositivo de acionamento hidr\u00e1ulico empurra o bra\u00e7o de flex\u00e3o para dobrar no \u00e2ngulo de conjunto.<\/p>    <p>Todo o processo \u00e9 controlado com precis\u00e3o pelo programa CNC para garantir a consist\u00eancia de cada ponto de flex\u00e3o e reduzir erros e res\u00edduos de material.<\/p>    <figure class=\"wp-block-gallery has-nested-images columns-default is-cropped wp-block-gallery-3 is-layout-flex wp-block-gallery-is-layout-flex\"> <figure class=\"wp-block-image size-large\"><img loading=\"lazy\" decoding=\"async\" width=\"720\" height=\"540\" data-id=\"4126\" src=\"https:\/\/www.baler-machines.com\/wp-content\/uploads\/2025\/03\/CNC-tube-coiling-machine.webp\" alt=\"M\u00e1quina de enrolamento de tubo CNC\" class=\"wp-image-4126\" title=\"\" srcset=\"https:\/\/www.baler-machines.com\/wp-content\/uploads\/2025\/03\/CNC-tube-coiling-machine.webp 720w, https:\/\/www.baler-machines.com\/wp-content\/uploads\/2025\/03\/CNC-tube-coiling-machine-16x12.webp 16w\" sizes=\"auto, (max-width: 720px) 100vw, 720px\" \/><figcaption class=\"wp-element-caption\">M\u00e1quina de enrolamento de tubo CNC<\/figcaption><\/figure>    <figure class=\"wp-block-image size-large\"><img loading=\"lazy\" decoding=\"async\" width=\"720\" height=\"540\" data-id=\"4127\" src=\"https:\/\/www.baler-machines.com\/wp-content\/uploads\/2025\/03\/CNC-pipe-bender-machine-for-steel-processing.webp\" alt=\"M\u00e1quina de dobra de tubo CNC para processamento de a\u00e7o\" class=\"wp-image-4127\" title=\"\" srcset=\"https:\/\/www.baler-machines.com\/wp-content\/uploads\/2025\/03\/CNC-pipe-bender-machine-for-steel-processing.webp 720w, https:\/\/www.baler-machines.com\/wp-content\/uploads\/2025\/03\/CNC-pipe-bender-machine-for-steel-processing-16x12.webp 16w\" sizes=\"auto, (max-width: 720px) 100vw, 720px\" \/><figcaption class=\"wp-element-caption\">M\u00e1quina de dobra de tubo CNC para processamento de a\u00e7o<\/figcaption><\/figure> <\/figure>    <h2 class=\"wp-block-heading\"><strong>Quanto custa a m\u00e1quina de flex\u00e3o de tubo CNC Shuliy?<\/strong><\/h2>    <p>O pre\u00e7o do CNC Pipe Bender \u00e9 afetado por uma variedade de fatores, como modelo de equipamento, capacidade de processamento, sistema de controle, marca e recursos adicionais. De um modo geral, o pre\u00e7o da m\u00e1quina b\u00e1sica de flex\u00e3o de tubos CNC \u00e9 mais econ\u00f4mico, enquanto o pre\u00e7o do equipamento de configura\u00e7\u00e3o de ponta \u00e9 maior. <\/p>    <p>Para obter as cota\u00e7\u00f5es de equipamentos mais apropriadas, recomendamos que os clientes forne\u00e7am necessidades espec\u00edficas de processamento, para que possamos recomendar o melhor modelo para voc\u00ea.<\/p>    <figure class=\"wp-block-gallery has-nested-images columns-default is-cropped wp-block-gallery-4 is-layout-flex wp-block-gallery-is-layout-flex\"> <figure class=\"wp-block-image size-large\"><img loading=\"lazy\" decoding=\"async\" width=\"720\" height=\"540\" data-id=\"4123\" src=\"https:\/\/www.baler-machines.com\/wp-content\/uploads\/2025\/03\/CNC-copper-tube-bending-machine-in-the-factory.webp\" alt=\"M\u00e1quina de flex\u00e3o de tubo de cobre CNC na f\u00e1brica\" class=\"wp-image-4123\" title=\"\" srcset=\"https:\/\/www.baler-machines.com\/wp-content\/uploads\/2025\/03\/CNC-copper-tube-bending-machine-in-the-factory.webp 720w, https:\/\/www.baler-machines.com\/wp-content\/uploads\/2025\/03\/CNC-copper-tube-bending-machine-in-the-factory-16x12.webp 16w\" sizes=\"auto, (max-width: 720px) 100vw, 720px\" \/><figcaption class=\"wp-element-caption\">M\u00e1quina de flex\u00e3o de tubo de cobre CNC na f\u00e1brica<\/figcaption><\/figure>    <figure class=\"wp-block-image size-large\"><img loading=\"lazy\" decoding=\"async\" width=\"720\" height=\"540\" data-id=\"4124\" src=\"https:\/\/www.baler-machines.com\/wp-content\/uploads\/2025\/03\/manufactured-CNC-hydraulic-pipe-bending-machine.webp\" alt=\"M\u00e1quina de flex\u00e3o de tubo hidr\u00e1ulico CNC fabricado\" class=\"wp-image-4124\" title=\"\" srcset=\"https:\/\/www.baler-machines.com\/wp-content\/uploads\/2025\/03\/manufactured-CNC-hydraulic-pipe-bending-machine.webp 720w, https:\/\/www.baler-machines.com\/wp-content\/uploads\/2025\/03\/manufactured-CNC-hydraulic-pipe-bending-machine-16x12.webp 16w\" sizes=\"auto, (max-width: 720px) 100vw, 720px\" \/><figcaption class=\"wp-element-caption\">M\u00e1quina de flex\u00e3o de tubo hidr\u00e1ulico CNC fabricado<\/figcaption><\/figure> <\/figure>    <h2 class=\"wp-block-heading\"><strong>Como escolher o fabricante da m\u00e1quina de flex\u00e3o de tubo CNC certo?<\/strong><\/h2>    <p>A escolha do fabricante correto do CNC Pipe Bender requer aten\u00e7\u00e3o a v\u00e1rios fatores -chave. <\/p>    <ul class=\"wp-block-list\"> <li>Primeiro de tudo, \u00e9 necess\u00e1rio examinar o <strong>experi\u00eancia profissional e reputa\u00e7\u00e3o de mercado do fabricante<\/strong>. Escolha a marca com muitos anos de experi\u00eancia em produ\u00e7\u00e3o e bom feedback do cliente. <\/li>    <li>Em segundo lugar, o <strong>Qualidade e for\u00e7a t\u00e9cnica do equipamento de flex\u00e3o do tubo<\/strong> s\u00e3o cruciais. Recomenda-se escolher fabricantes com processos avan\u00e7ados de produ\u00e7\u00e3o, sistema de controle de qualidade estritos e fornecer uma m\u00e1quina de flex\u00e3o de alta precis\u00e3o e alta efici\u00eancia. <\/li>    <li>Al\u00e9m disso, <strong>servi\u00e7o p\u00f3s-venda<\/strong> tamb\u00e9m \u00e9 uma considera\u00e7\u00e3o importante. Os fabricantes de m\u00e1quinas de flex\u00e3o de tubo CNC de alta qualidade devem poder fornecer orienta\u00e7\u00e3o de instala\u00e7\u00e3o e comissionamento, treinamento operacional, manuten\u00e7\u00e3o e outro suporte abrangente. <\/li>    <li>Finalmente, <strong>Pre\u00e7o e custo-efetividade<\/strong> s\u00e3o igualmente importantes. Recomenda -se que uma compara\u00e7\u00e3o abrangente de diferentes fabricantes de desempenho do equipamento, qualidade das pe\u00e7as e ofertas. Escolha o mais adequado para as necessidades de produ\u00e7\u00e3o dos fabricantes de dobras de tubos CNC. <\/li> <\/ul>    <p>Para mais informa\u00e7\u00f5es ou cota\u00e7\u00e3o, seja bem -vindo para entrar em contato conosco!<\/p>   <div class=\"wp-block-image\"> <figure class=\"aligncenter size-full\"><img loading=\"lazy\" decoding=\"async\" width=\"720\" height=\"540\" src=\"https:\/\/www.baler-machines.com\/wp-content\/uploads\/2025\/03\/CNC-tube-bending-machine-supplier.webp\" alt=\"Fornecedor da m\u00e1quina de flex\u00e3o de tubo CNC\" class=\"wp-image-4125\" title=\"\" srcset=\"https:\/\/www.baler-machines.com\/wp-content\/uploads\/2025\/03\/CNC-tube-bending-machine-supplier.webp 720w, https:\/\/www.baler-machines.com\/wp-content\/uploads\/2025\/03\/CNC-tube-bending-machine-supplier-16x12.webp 16w\" sizes=\"auto, (max-width: 720px) 100vw, 720px\" \/><figcaption class=\"wp-element-caption\">Fornecedor da m\u00e1quina de flex\u00e3o de tubo CNC<\/figcaption><\/figure> <\/div>   <h2 class=\"wp-block-heading\"><strong>Entre em contato conosco para uma cota\u00e7\u00e3o agora!<\/strong><\/h2>    <p class=\"translation-block\">Se voc\u00ea estiver interessado na m\u00e1quina dobradeira de tubos CNC, entre em contato conosco para mais detalhes! Tamb\u00e9m temos outras m\u00e1quinas de processamento de vergalh\u00f5es, como <a href=\"https:\/\/www.baler-machines.com\/pt\/rebar-straightening-machine\/\">endireitadeira de vergalh\u00f5es<\/a>, <a href=\"https:\/\/www.baler-machines.com\/pt\/cnc-spiral-rebar-bending-machine\/\">m\u00e1quina de fazer espirais de vergalh\u00f5es<\/a>, dobradeira de estribos de vergalh\u00f5es, etc. N\u00e3o importa o que voc\u00ea queira fazer com seu <a href=\"https:\/\/en.wikipedia.org\/wiki\/Rebar\" target=\"_blank\" rel=\"noopener\">vergalh\u00e3o<\/a>, temos uma m\u00e1quina para atender \u00e0s suas necessidades! Portanto, se tiver alguma demanda, entre em contato conosco a qualquer momento!<\/p>","protected":false},"excerpt":{"rendered":"<p>M\u00e1quina de flex\u00e3o de tubo CNC Shuliy dobra tubos de a\u00e7o quadrados ou redondos em formas desejadas com uma faixa de flex\u00e3o de 10-100 mm e faixa de \u00e2ngulo de 0-180 \u2103.<\/p>","protected":false},"author":1,"featured_media":4119,"parent":0,"template":"","tags":[644,641,643],"product-type":[640],"class_list":["post-4115","product","type-product","status-publish","has-post-thumbnail","hentry","tag-pipe","tag-rebar","tag-steel-bar","product-type-rebar-processing-equipment"],"_links":{"self":[{"href":"https:\/\/www.baler-machines.com\/pt\/wp-json\/wp\/v2\/product\/4115","targetHints":{"allow":["GET"]}}],"collection":[{"href":"https:\/\/www.baler-machines.com\/pt\/wp-json\/wp\/v2\/product"}],"about":[{"href":"https:\/\/www.baler-machines.com\/pt\/wp-json\/wp\/v2\/types\/product"}],"author":[{"embeddable":true,"href":"https:\/\/www.baler-machines.com\/pt\/wp-json\/wp\/v2\/users\/1"}],"wp:featuredmedia":[{"embeddable":true,"href":"https:\/\/www.baler-machines.com\/pt\/wp-json\/wp\/v2\/media\/4119"}],"wp:attachment":[{"href":"https:\/\/www.baler-machines.com\/pt\/wp-json\/wp\/v2\/media?parent=4115"}],"wp:term":[{"taxonomy":"post_tag","embeddable":true,"href":"https:\/\/www.baler-machines.com\/pt\/wp-json\/wp\/v2\/tags?post=4115"},{"taxonomy":"product-type","embeddable":true,"href":"https:\/\/www.baler-machines.com\/pt\/wp-json\/wp\/v2\/product-type?post=4115"}],"curies":[{"name":"wp","href":"https:\/\/api.w.org\/{rel}","templated":true}]}}