{"id":411,"date":"2019-12-13T10:51:22","date_gmt":"2019-12-13T10:51:22","guid":{"rendered":"https:\/\/www.baler-machines.com\/?p=411"},"modified":"2024-11-29T10:49:47","modified_gmt":"2024-11-29T02:49:47","slug":"horizontal-metal-chips-briquetting-machine","status":"publish","type":"product","link":"https:\/\/www.baler-machines.com\/pt\/horizontal-metal-chips-briquetting-machine\/","title":{"rendered":"M\u00e1quina horizontal de briquetagem de cavacos de metal"},"content":{"rendered":"<p class=\"translation-block\">O tipo horizontal de m\u00e1quina de briquetagem de cavacos met\u00e1licos \u00e9 o equipamento comercial de <a href=\"https:\/\/www.baler-machines.com\/pt\/scrap-metal-chip-briquette-machine\/\" target=\"_blank\" rel=\"noreferrer noopener\">prensa de sucata met\u00e1lica<\/a>, que pode ser amplamente utilizado em v\u00e1rias linhas de produ\u00e7\u00e3o de briquetes de metal. As aparas de metal comuns, como cavacos de alum\u00ednio, p\u00f3 de ferro, cavacos e aparas de cobre e outros tipos de sucata met\u00e1lica, podem ser prensados em briquetes de alta densidade para facilitar o transporte.<\/p>    <h2 class=\"wp-block-heading\" id=\"h-brief-introduction-of-the-automatic-metal-chips-briquetting-machine\"><strong>Breve introdu\u00e7\u00e3o da m\u00e1quina autom\u00e1tica de briquetagem de cavacos de metal <\/strong><\/h2>    <p>A m\u00e1quina de briquetagem para bolo de aparas de cobre \u00e9 projetada em uma estrutura horizontal. Ele pode espremer v\u00e1rios tipos de restos de metal horizontalmente. Ele pode comprimir aparas de metal granular e em p\u00f3 em bolos cil\u00edndricos de 2 a 8 kg.\u00a0Com alta efici\u00eancia de trabalho para reciclagem de recursos de sucata, esta m\u00e1quina briquetadeira de cavacos de metal pode ser amplamente utilizada em f\u00e1bricas de fundi\u00e7\u00e3o de a\u00e7o, fundi\u00e7\u00f5es de metal, ind\u00fastria de constru\u00e7\u00e3o, empresas de preven\u00e7\u00e3o de polui\u00e7\u00e3o ambiental e f\u00e1bricas de processamento de m\u00e1quinas.<\/p>   <div class=\"wp-block-image\"> <figure class=\"aligncenter size-full\"><img loading=\"lazy\" decoding=\"async\" width=\"742\" height=\"557\" src=\"https:\/\/www.baler-machines.com\/wp-content\/uploads\/2019\/12\/new-designed-metal-scraps-press-machine.png\" alt=\"nova-m\u00e1quina-de-prensagem-de-res\u00edduos-met\u00e1licos\" class=\"wp-image-414\" title=\"\"><figcaption>m\u00e1quina de prensagem de sucatas de metal com novo design<\/figcaption><\/figure> <\/div>   <h2 class=\"wp-block-heading\" id=\"h-what-are-the-components-of-the-metal-chips-briquetting-machine\"><strong>Quais s\u00e3o os componentes da m\u00e1quina de briquetagem de cavacos de metal?<\/strong><\/h2>    <p>O briquetador de cavacos de metal \u00e9 composto principalmente por um cilindro de \u00f3leo de compress\u00e3o, uma c\u00e2mara de compress\u00e3o, um sistema hidr\u00e1ulico, um sistema el\u00e9trico, um sistema de controle de seguran\u00e7a e um sistema de saco autom\u00e1tico. A m\u00e1quina pode ser equipada com acionamento por gerador a diesel, adequado para \u00e1reas com pouca alimenta\u00e7\u00e3o el\u00e9trica.<\/p>   <div class=\"wp-block-image\"> <figure class=\"aligncenter size-full\"><img loading=\"lazy\" decoding=\"async\" width=\"750\" height=\"750\" src=\"https:\/\/www.baler-machines.com\/wp-content\/uploads\/2019\/12\/horizontal-metal-briquette-machines-for-sale.jpg\" alt=\"m\u00e1quinas horizontais de briquetagem de metal para venda\" class=\"wp-image-412\" title=\"\"><figcaption>m\u00e1quinas horizontais de briquetagem de metal para venda<\/figcaption><\/figure> <\/div>   <h2 class=\"wp-block-heading\" id=\"h-how-to-design-the-metal-chips-briquetting-machine\"><strong>Como projetar a m\u00e1quina de briquetagem de cavacos de metal?<\/strong><\/h2>    <h3 class=\"wp-block-heading\"><strong>Uma estrutura de tr\u00eas vigas e seis postes<\/strong><\/h3>    <p>A briquetadeira de cavacos de metal utiliza esse tipo de estrutura. <\/p>    <p>A viga superior e a bancada da m\u00e1quina de briquetagem s\u00e3o combinadas em uma estrutura fixa atrav\u00e9s de colunas, porcas de fixa\u00e7\u00e3o e porcas de ajuste.<\/p>    <p>A precis\u00e3o da estrutura \u00e9 ajustada pela porca de ajuste, que apresenta boa resist\u00eancia, rigidez e reten\u00e7\u00e3o de precis\u00e3o.<\/p>   <div class=\"wp-block-image\"> <figure class=\"aligncenter size-full\"><img loading=\"lazy\" decoding=\"async\" width=\"720\" height=\"540\" src=\"https:\/\/www.baler-machines.com\/wp-content\/uploads\/2022\/08\/machine-body-construction.webp\" alt=\"constru\u00e7\u00e3o do corpo da m\u00e1quina\" class=\"wp-image-2607\" title=\"\"><figcaption>constru\u00e7\u00e3o do corpo da m\u00e1quina<\/figcaption><\/figure> <\/div>   <h3 class=\"wp-block-heading\"><strong>Chapas de a\u00e7o soldadas<\/strong><\/h3>    <p>A viga superior, mesa, controle deslizante e outras pe\u00e7as grandes usam esta planta. Essas pe\u00e7as s\u00e3o otimizadas e projetadas pelo computador. Sua resist\u00eancia, rigidez, estrutura e resist\u00eancia \u00e0 deforma\u00e7\u00e3o atendem aos padr\u00f5es internacionais e requisitos de uso, al\u00e9m de amplo fator de seguran\u00e7a. A prensa de metal em p\u00f3 usa soldagem protegida com g\u00e1s di\u00f3xido de carbono e soldagem a arco manual para que sua qualidade de soldagem seja muito alta e possa eliminar o estresse de deforma\u00e7\u00e3o por meio do tratamento de vibra\u00e7\u00e3o de envelhecimento.<\/p>    <h3 class=\"wp-block-heading\"><strong>O controle deslizante da m\u00e1quina de briquetagem<\/strong><\/h3>    <p>Na verdade, \u00e9 uma placa de a\u00e7o soldada com uma estrutura em caixa. O material da manga guia em seu furo guia de quatro colunas \u00e9 um material comp\u00f3sito nano-molecular, que possui boa resist\u00eancia e reten\u00e7\u00e3o de precis\u00e3o.<\/p>    <p>No plano inferior do controle deslizante existem ranhuras em T para instala\u00e7\u00e3o do molde.<\/p>    <p>A viga principal possui um cilindro principal de \u00f3leo de trabalho. No cilindro de trabalho principal h\u00e1 um tanque de \u00f3leo cheio de l\u00edquido. A bancada da m\u00e1quina de briquetagem de cavacos de metal tamb\u00e9m \u00e9 uma pe\u00e7a estrutural soldada em placa de a\u00e7o, que \u00e9 conectada \u00e0 viga superior e ao controle deslizante atrav\u00e9s de uma coluna para formar um hospedeiro.<\/p>   <div class=\"wp-block-image\"> <figure class=\"aligncenter size-full\"><img loading=\"lazy\" decoding=\"async\" width=\"720\" height=\"540\" src=\"https:\/\/www.baler-machines.com\/wp-content\/uploads\/2019\/12\/metal-chips-briquetting-machine-manufacturer.webp\" alt=\"fabricante de m\u00e1quina de briquetagem de cavacos de metal\" class=\"wp-image-2614\" title=\"\"><figcaption>fabricante de m\u00e1quina de briquetagem de cavacos de metal<\/figcaption><\/figure> <\/div>   <h3 class=\"wp-block-heading\"><strong>O design do cilindro de cobre<\/strong><\/h3>    <p>O cilindro de cobre da briquetadeira usa um design de cinco cilindros, que \u00e9 disposto no orif\u00edcio da viga superior e selado com uma veda\u00e7\u00e3o de canal duplo. A parte guia \u00e9 tratada com soldagem de cobre, que \u00e9 vedada e possui boa resist\u00eancia ao desgaste. O material do corpo do cilindro \u00e9 a\u00e7o forjado 45. , Os forjados s\u00e3o de grau 3 (os forjados s\u00e3o qualificados por detec\u00e7\u00e3o ultrass\u00f4nica de falhas e temperados e revenidos).<\/p>   <div class=\"wp-block-image\"> <figure class=\"aligncenter size-large\"><img loading=\"lazy\" decoding=\"async\" width=\"750\" height=\"561\" src=\"https:\/\/www.baler-machines.com\/wp-content\/uploads\/2019\/12\/metal-briquettes-production-line-of-our-Korea-customer.jpg\" alt=\"\" class=\"wp-image-416\" title=\"\"><figcaption>linha de produ\u00e7\u00e3o de briquetes de metal do nosso cliente na Coreia<\/figcaption><\/figure> <\/div>   <h2 class=\"wp-block-heading\" id=\"h-how-does-the-hydraulic-aluminum-chip-briquetter-work\"><strong>Como funciona o briquetador hidr\u00e1ulico de cavacos de alum\u00ednio?<\/strong><\/h2>    <p>Esta m\u00e1quina de briquetagem de cavacos de metal utiliza press\u00e3o hidr\u00e1ulica fornecida por cilindros hidr\u00e1ulicos para comprimir materiais. <\/p>    <p>Durante o trabalho, a rota\u00e7\u00e3o do motor pode acionar a bomba de \u00f3leo para funcionar, extrair o \u00f3leo hidr\u00e1ulico do tanque de \u00f3leo, transport\u00e1-lo atrav\u00e9s do tubo de \u00f3leo hidr\u00e1ulico e transferi-lo para cada cilindro de \u00f3leo hidr\u00e1ulico para acionar a haste do cilindro de \u00f3leo para comprimir longitudinalmente v\u00e1rios cavacos de metal no tanque de material.<\/p>   <div class=\"wp-block-image\"> <figure class=\"aligncenter size-large\"><img loading=\"lazy\" decoding=\"async\" width=\"747\" height=\"487\" src=\"https:\/\/www.baler-machines.com\/wp-content\/uploads\/2019\/12\/copper-shavings-briquettes.png\" alt=\"\" class=\"wp-image-417\" title=\"\"><figcaption>briquetes de aparas de cobre<\/figcaption><\/figure> <\/div>   <h2 class=\"wp-block-heading\" id=\"h-maintenance-tips-of-the-horizontal-metal-briquetting-machine\"><strong>M<\/strong><strong>manuten\u00e7\u00e3o<\/strong><strong>&nbsp;pontas da m\u00e1quina de briquetagem de metal horizontal<\/strong><strong><\/strong><\/h2>    <ol class=\"wp-block-list\"><li>Recomenda-se a utiliza\u00e7\u00e3o de \u00f3leo hidr\u00e1ulico antidesgaste 32 e 46 para o \u00f3leo hidr\u00e1ulico utilizado durante o funcionamento da m\u00e1quina. Use a temperatura do \u00f3leo na faixa de 15 a 60\u00b0C.<\/li><li>O \u00f3leo hidr\u00e1ulico \u00e9 rigorosamente filtrado antes de ser adicionado ao tanque. O fluido de trabalho deve ser trocado uma vez por ano e o tempo de troca n\u00e3o deve ultrapassar tr\u00eas meses.<\/li><li> Se a m\u00e1quina n\u00e3o for utilizada por um longo per\u00edodo, a superf\u00edcie de cada pe\u00e7a deve ser limpa e revestida com \u00f3leo antiferrugem.<\/li><li>A corredi\u00e7a da briquetadeira met\u00e1lica deve ser preenchida com \u00f3leo lubrificante frequentemente, a superf\u00edcie externa da coluna deve ser mantida limpa com frequ\u00eancia e o \u00f3leo deve ser injetado antes de cada trabalho. O man\u00f4metro deve ser verificado a cada seis meses.<\/li><\/ol>   <div class=\"wp-block-image\"> <figure class=\"aligncenter size-large\"><img loading=\"lazy\" decoding=\"async\" width=\"750\" height=\"563\" src=\"https:\/\/www.baler-machines.com\/wp-content\/uploads\/2019\/12\/bulks-of-iron-shaving-briquettes-made-by-this-metal-press-machine.jpg\" alt=\"\" class=\"wp-image-418\" title=\"\"><figcaption>volumes de briquetes de barbear de ferro feitos por esta prensa de metal<\/figcaption><\/figure> <\/div>   <h2 class=\"wp-block-heading\" id=\"h-technical-specifications-of-the-metal-briquette-press\"><strong>Especifica\u00e7\u00f5es t\u00e9cnicas da prensa briquetadeira met\u00e1lica<\/strong><\/h2>    <figure class=\"wp-block-table\"><table><tbody><tr><td>Modelo<\/td><td>Di\u00e2metro do briquete (mm)<\/td><td>Velocidade (briquetes\/min)<\/td><td>Motor (kW)<\/td><td>Densidade do briquete (ton\/m\u00b3)<\/td><\/tr><tr><td>SL-2000<\/td><td>60~90<\/td><td>2~3<\/td><td>18.5<\/td><td>Alum\u00ednio\u22642,5<\/td><\/tr><tr><td>SL-2500<\/td><td>90~110<\/td><td>3~5<\/td><td>22<\/td><td>Alum\u00ednio\u22642,5<\/td><\/tr><tr><td>SL-3150<\/td><td>100~110<\/td><td>3~5<\/td><td>30<\/td><td>A\u00e7o, ferro fundido\u22645,5<\/td><\/tr><tr><td>SL-3600<\/td><td>100~130<\/td><td>3~5<\/td><td>30<\/td><td>A\u00e7o, ferro fundido\u22645,5<\/td><\/tr><tr><td>SL-5000<\/td><td>120~160<\/td><td>3~5<\/td><td>22x2<\/td><td>Lat\u00e3o, cobre\u22647,0<\/td><\/tr><tr><td>SL-6300<\/td><td>120~200<\/td><td>3~5<\/td><td>30\u00d72<\/td><td>Lat\u00e3o, cobre\u22647,0<\/td><\/tr><\/tbody><\/table><\/figure>","protected":false},"excerpt":{"rendered":"<p>O tipo horizontal de m\u00e1quina de briquete de aparas de metal (m\u00e1quina de briquetagem de metal) \u00e9 o equipamento comercial de prensagem de sucata met\u00e1lica, que pode ser amplamente utilizado em v\u00e1rias linhas de produ\u00e7\u00e3o de briquetes de metal. <\/p>","protected":false},"author":1,"featured_media":2598,"parent":0,"template":"","tags":[113,639,125,591,112],"product-type":[563],"class_list":["post-411","product","type-product","status-publish","has-post-thumbnail","hentry","tag-metal-briquette-machine","tag-metal-briquetting","tag-metal-chips-briquette-machine","tag-metal-chips-briquetting-machine","tag-scrap-metal-briquette-machine","product-type-baler-machine"],"_links":{"self":[{"href":"https:\/\/www.baler-machines.com\/pt\/wp-json\/wp\/v2\/product\/411","targetHints":{"allow":["GET"]}}],"collection":[{"href":"https:\/\/www.baler-machines.com\/pt\/wp-json\/wp\/v2\/product"}],"about":[{"href":"https:\/\/www.baler-machines.com\/pt\/wp-json\/wp\/v2\/types\/product"}],"author":[{"embeddable":true,"href":"https:\/\/www.baler-machines.com\/pt\/wp-json\/wp\/v2\/users\/1"}],"wp:featuredmedia":[{"embeddable":true,"href":"https:\/\/www.baler-machines.com\/pt\/wp-json\/wp\/v2\/media\/2598"}],"wp:attachment":[{"href":"https:\/\/www.baler-machines.com\/pt\/wp-json\/wp\/v2\/media?parent=411"}],"wp:term":[{"taxonomy":"post_tag","embeddable":true,"href":"https:\/\/www.baler-machines.com\/pt\/wp-json\/wp\/v2\/tags?post=411"},{"taxonomy":"product-type","embeddable":true,"href":"https:\/\/www.baler-machines.com\/pt\/wp-json\/wp\/v2\/product-type?post=411"}],"curies":[{"name":"wp","href":"https:\/\/api.w.org\/{rel}","templated":true}]}}