{"id":4074,"date":"2025-03-04T18:06:14","date_gmt":"2025-03-04T10:06:14","guid":{"rendered":"https:\/\/www.baler-machines.com\/?post_type=product&#038;p=4074"},"modified":"2025-04-11T11:28:47","modified_gmt":"2025-04-11T03:28:47","slug":"cnc-spiral-rebar-bending-machine","status":"publish","type":"product","link":"https:\/\/www.baler-machines.com\/pt\/cnc-spiral-rebar-bending-machine\/","title":{"rendered":"M\u00e1quina de flex\u00e3o de vergalh\u00e3o em espiral CNC para fabrica\u00e7\u00e3o de argolas de anel de barra"},"content":{"rendered":"<p class=\"translation-block\">A <strong>m\u00e1quina de dobrar vergalh\u00f5es em espiral<\/strong> Shuliy pode processar r\u00e1pida e precisamente barras de a\u00e7o de 3-25mm em an\u00e9is redondos com di\u00e2metro de 50-1000mm. Ela produz principalmente \u00e2ncoras de estacas de solo, usadas em ferrovias de alta velocidade, metr\u00f4s, energia fotovoltaica e outros projetos.<\/p>    <p>Os c\u00edrculos produzidos por esta m\u00e1quina de fazer an\u00e9is de vergalh\u00e3o podem ser \u00fanicos ou conectados, dependendo principalmente da demanda do cliente. Se estiver interessado, sinta-se \u00e0 vontade para nos contatar para mais detalhes!<\/p>    <figure class=\"wp-block-embed is-type-video is-provider-youtube wp-block-embed-youtube wp-embed-aspect-16-9 wp-has-aspect-ratio\"><div class=\"wp-block-embed__wrapper\"> <iframe loading=\"lazy\" title=\"M\u00e1quina de fabrica\u00e7\u00e3o de anel de vergalh\u00e3o em espiral CNC | Arm\u00e1rio autom\u00e1tico de fios de estribo de aro autom\u00e1tico\" width=\"500\" height=\"281\" src=\"https:\/\/www.youtube.com\/embed\/q6EycUH_dS4?feature=oembed\" frameborder=\"0\" allow=\"accelerometer; autoplay; clipboard-write; encrypted-media; gyroscope; picture-in-picture; web-share\" referrerpolicy=\"strict-origin-when-cross-origin\" allowfullscreen><\/iframe> <\/div><figcaption class=\"wp-element-caption\">M\u00e1quina de fabrica\u00e7\u00e3o redonda de argolas espirais<\/figcaption><\/figure>    <h2 class=\"wp-block-heading\"><strong>Produtos acabados e aplica\u00e7\u00f5es da m\u00e1quina de flex\u00e3o de vergalh\u00e3o em espiral<\/strong><\/h2>    <p>A m\u00e1quina de forma\u00e7\u00e3o de vergalh\u00f5es em espiral \u00e9 usada principalmente para processar v\u00e1rias especifica\u00e7\u00f5es de vergalh\u00e3o em espiral e redondo em c\u00edrculos com diferentes di\u00e2metros (mostrados abaixo), amplamente utilizados em trilhos, metr\u00f4, ponte, usina fotovoltaica de alta velocidade, engenharia de constru\u00e7\u00e3o e outros campos.<\/p>    <ul class=\"wp-block-list\"> <li><strong>Ancoragem da pilha de terra<\/strong>: Usado para refor\u00e7o e apoio de funda\u00e7\u00f5es em trilhos, metr\u00f4 e outros projetos de alta velocidade.<\/li>    <li><strong>Constru\u00e7\u00e3o de constru\u00e7\u00e3o<\/strong>N: Usado para fabricar componentes de barra de a\u00e7o redondos para v\u00e1rias estruturas de constru\u00e7\u00e3o.<\/li>    <li><strong>Central de energia fotovoltaica<\/strong>: Usado para o refor\u00e7o de funda\u00e7\u00e3o de montagens fotovoltaicas para melhorar a estabilidade da instala\u00e7\u00e3o.<\/li>    <li><strong>Constru\u00e7\u00e3o da ponte<\/strong>: Para processar barras de a\u00e7o espiral para estruturas de ponte para melhorar a estabilidade da ponte.<\/li> <\/ul>   <div class=\"wp-block-image\"> <figure class=\"aligncenter size-full\"><img loading=\"lazy\" decoding=\"async\" width=\"720\" height=\"540\" src=\"https:\/\/www.baler-machines.com\/wp-content\/uploads\/2025\/03\/end-products-and-applications-of-spiral-rebar-bender-machine.webp\" alt=\"Produtos finais e aplica\u00e7\u00f5es da m\u00e1quina de bender de vergalh\u00e3o em espiral\" class=\"wp-image-4077\" title=\"\" srcset=\"https:\/\/www.baler-machines.com\/wp-content\/uploads\/2025\/03\/end-products-and-applications-of-spiral-rebar-bender-machine.webp 720w, https:\/\/www.baler-machines.com\/wp-content\/uploads\/2025\/03\/end-products-and-applications-of-spiral-rebar-bender-machine-16x12.webp 16w\" sizes=\"auto, (max-width: 720px) 100vw, 720px\" \/><figcaption class=\"wp-element-caption\">Produtos finais e aplica\u00e7\u00f5es da m\u00e1quina de bender de vergalh\u00e3o em espiral<\/figcaption><\/figure> <\/div>   <h2 class=\"wp-block-heading\"><strong>Vantagens da m\u00e1quina de forma\u00e7\u00e3o de vergalh\u00f5es em espiral shuliy cnc<\/strong><\/h2>    <ul class=\"wp-block-list\"> <li>Nossa m\u00e1quina pode processar <strong>Verifica\u00e7\u00e3o com um di\u00e2metro de 3-25mm<\/strong> e fazer <strong>c\u00edrculos com um di\u00e2metro de 50-3000mm<\/strong>.<\/li>    <li>M\u00e1quina de arredondamento de vergalh\u00e3o totalmente autom\u00e1tica do CNC Shuliy tem um <strong>velocidade de trabalho de 16-30m\/min<\/strong> e a <strong>Erro de trabalho de \u00b1 0,2 mm<\/strong>.<\/li>    <li>Ele adota um <strong>Sistema de controle do PLC<\/strong>, percebendo opera\u00e7\u00e3o totalmente autom\u00e1tica, que \u00e9 altamente eficiente.<\/li>    <li>Esta m\u00e1quina de flex\u00e3o redonda em espiral tem um <strong>Estrutura resistente<\/strong>, opera\u00e7\u00e3o est\u00e1vel, adequada para processamento de grande volume.<\/li>    <li>O <strong>interface intuitiva<\/strong> \u00e9 simples e f\u00e1cil para os operadores come\u00e7arem.<\/li> <\/ul>    <figure class=\"wp-block-gallery has-nested-images columns-default is-cropped wp-block-gallery-2 is-layout-flex wp-block-gallery-is-layout-flex\"> <figure class=\"wp-block-image size-full\"><img loading=\"lazy\" decoding=\"async\" width=\"720\" height=\"540\" data-id=\"4089\" src=\"https:\/\/www.baler-machines.com\/wp-content\/uploads\/2025\/03\/3-6mm-spiral-hooping-round-bending-machine.webp\" alt=\"M\u00e1quina de flex\u00e3o redonda de arco espiral de 3-6 mm\" class=\"wp-image-4089\" title=\"\" srcset=\"https:\/\/www.baler-machines.com\/wp-content\/uploads\/2025\/03\/3-6mm-spiral-hooping-round-bending-machine.webp 720w, https:\/\/www.baler-machines.com\/wp-content\/uploads\/2025\/03\/3-6mm-spiral-hooping-round-bending-machine-16x12.webp 16w\" sizes=\"auto, (max-width: 720px) 100vw, 720px\" \/><figcaption class=\"wp-element-caption\">M\u00e1quina de flex\u00e3o redonda de arco espiral de 3-6 mm<\/figcaption><\/figure>    <figure class=\"wp-block-image size-full\"><img loading=\"lazy\" decoding=\"async\" width=\"720\" height=\"540\" data-id=\"4090\" src=\"https:\/\/www.baler-machines.com\/wp-content\/uploads\/2025\/03\/8-12mm-spiral-steel-bar-bending-machine.webp\" alt=\"M\u00e1quina de flex\u00e3o de barras de a\u00e7o em espiral de 8 a 12 mm\" class=\"wp-image-4090\" title=\"\" srcset=\"https:\/\/www.baler-machines.com\/wp-content\/uploads\/2025\/03\/8-12mm-spiral-steel-bar-bending-machine.webp 720w, https:\/\/www.baler-machines.com\/wp-content\/uploads\/2025\/03\/8-12mm-spiral-steel-bar-bending-machine-16x12.webp 16w\" sizes=\"auto, (max-width: 720px) 100vw, 720px\" \/><figcaption class=\"wp-element-caption\">M\u00e1quina de flex\u00e3o de barras de a\u00e7o em espiral de 8 a 12 mm<\/figcaption><\/figure> <\/figure>    <h2 class=\"wp-block-heading\"><strong>Par\u00e2metros t\u00e9cnicos da m\u00e1quina autom\u00e1tica de flex\u00e3o em espiral<\/strong><\/h2>    <figure class=\"wp-block-table\"><table><tbody><tr><td>Modelo<\/td><td>3-6<\/td><td>6-10<\/td><td>8-12<\/td><td>10-14<\/td><td>16-20<\/td><td>22-25<\/td><\/tr><tr><td>Di\u00e2metro da barra de a\u00e7o aplic\u00e1vel<\/td><td>3-6mm<\/td><td>6-10mm<\/td><td>8-12mm<\/td><td>10-14mm<\/td><td>16-20mm<\/td><td>22-25mm<\/td><\/tr><tr><td>Energia motora total<\/td><td>4KW<\/td><td>5.5kW<\/td><td>7kw<\/td><td>7kw<\/td><td>11kw<\/td><td>15kw<\/td><\/tr><tr><td>Di\u00e2metro do anel de a\u00e7o acabado<\/td><td>50-1000mm<\/td><td>50-800mm<\/td><td>50-1500mm<\/td><td>50-1800mm<\/td><td>50-2200mm<\/td><td>50-3000mm<\/td><\/tr><tr><td>Velocidade de viagem<\/td><td>16-25m\/min<\/td><td>16-25m\/min<\/td><td>16-25m\/min<\/td><td>16-25m\/min<\/td><td>16-30m\/min<\/td><td>16-30m\/min<\/td><\/tr><tr><td>Erro de trabalho<\/td><td>\u00b1 0,2 mm<\/td><td>\u00b1 0,2 mm<\/td><td>\u00b1 0,2 mm<\/td><td>\u00b1 0,2 mm<\/td><td>\u00b1 0,2 mm<\/td><td>\u00b1 0,2 mm<\/td><\/tr><tr><td>Dimens\u00f5es gerais<\/td><td>1,45*0,8*1,2m<\/td><td>1,55*0,8*1,3m<\/td><td>1,55*0,8*1,3m<\/td><td>1,6*0,8*1,35m<\/td><td>2,1*0,9*1,5m<\/td><td>2,3*0,9*1,7m<\/td><\/tr><tr><td>Peso da m\u00e1quina<\/td><td>480kg<\/td><td>560 kg<\/td><td>640kg<\/td><td>690kg<\/td><td>1150 kg<\/td><td>1350 kg<\/td><\/tr><\/tbody><\/table><figcaption class=\"wp-element-caption\">Especifica\u00e7\u00f5es da m\u00e1quina de fabrica\u00e7\u00e3o de argolas de anel em espiral CNC em espiral<\/figcaption><\/figure>    <figure class=\"wp-block-embed is-type-video is-provider-youtube wp-block-embed-youtube wp-embed-aspect-16-9 wp-has-aspect-ratio\"><div class=\"wp-block-embed__wrapper\"> <iframe loading=\"lazy\" title=\"M\u00e1quina de fabrica\u00e7\u00e3o de a\u00e7o totalmente autom\u00e1tica de a\u00e7o | M\u00e1quina de flex\u00e3o de vergalh\u00e3o em espiral para c\u00edrculo de argolas\" width=\"500\" height=\"281\" src=\"https:\/\/www.youtube.com\/embed\/T6Bkz3QYDrA?feature=oembed\" frameborder=\"0\" allow=\"accelerometer; autoplay; clipboard-write; encrypted-media; gyroscope; picture-in-picture; web-share\" referrerpolicy=\"strict-origin-when-cross-origin\" allowfullscreen><\/iframe> <\/div><figcaption class=\"wp-element-caption\">V\u00eddeo da m\u00e1quina de fazer anel de barra de a\u00e7o<\/figcaption><\/figure>    <h2 class=\"wp-block-heading\"><strong>Estrutura da m\u00e1quina de flex\u00e3o de vergalh\u00e3o em espiral<\/strong><\/h2>    <p>Esta m\u00e1quina de bobina de mola \u00e9 feita de motor, componentes hidr\u00e1ulicos (bomba de \u00f3leo, motor hidr\u00e1ulico, v\u00e1lvula solen\u00f3ide, tanque de \u00f3leo, tubo de \u00f3leo, etc.), roda de pr\u00e9-ajuste, caixa de engrenagens de endireitamento, componente de arredondamento, componente de corte, sistema de controle el\u00e9trico CNC e assim por diante.<\/p>   <div class=\"wp-block-image\"> <figure class=\"aligncenter size-full\"><img loading=\"lazy\" decoding=\"async\" width=\"720\" height=\"540\" src=\"https:\/\/www.baler-machines.com\/wp-content\/uploads\/2025\/03\/structure-of-3-25mm-steel-wire-coil-stirrup-bender.webp\" alt=\"Estrutura da bobina de arame de a\u00e7o de 3 a 25 mm\" class=\"wp-image-4078\" title=\"\" srcset=\"https:\/\/www.baler-machines.com\/wp-content\/uploads\/2025\/03\/structure-of-3-25mm-steel-wire-coil-stirrup-bender.webp 720w, https:\/\/www.baler-machines.com\/wp-content\/uploads\/2025\/03\/structure-of-3-25mm-steel-wire-coil-stirrup-bender-16x12.webp 16w\" sizes=\"auto, (max-width: 720px) 100vw, 720px\" \/><figcaption class=\"wp-element-caption\">Estrutura da bobina de arame de a\u00e7o de 3 a 25 mm<\/figcaption><\/figure> <\/div>   <h2 class=\"wp-block-heading\"><strong>Como funciona a m\u00e1quina de fazer anel de vergalh\u00e3o?<\/strong><\/h2>    <p>Nossa m\u00e1quina de flex\u00e3o de vergalh\u00e3o em espiral \u00e9 acionada por uma placa principal do PLC para iniciar o motor de controle para acionar a bomba de \u00f3leo. Inicie os componentes hidr\u00e1ulicos para acionar a caixa de engrenagens de endireitamento para executar, depois dirija o material para avan\u00e7ar e mover para o conjunto de arredondamento para completar a moldura de arredondamento. Finalmente, corte o cilindro de \u00f3leo para cortar o material para cima para completar a opera\u00e7\u00e3o.<\/p>    <ol class=\"wp-block-list\"> <li><strong>Alimenta\u00e7\u00e3o de barra de a\u00e7o<\/strong>: A barra de a\u00e7o entra na m\u00e1quina de fabrica\u00e7\u00e3o de anel de vergalh\u00e3o e o sistema de endireitamento garante a retid\u00e3o.<\/li>    <li><strong>Flex\u00e3o e forma\u00e7\u00e3o<\/strong>: O vergalh\u00e3o passa pelo molde de flex\u00e3o para o processamento redondo em espiral.<\/li>    <li><strong>Corte<\/strong>: O mecanismo de corte corta a barra moldada e completa todo o fluxo de trabalho.<\/li> <\/ol>   <div class=\"wp-block-image\"> <figure class=\"aligncenter size-full\"><img loading=\"lazy\" decoding=\"async\" width=\"720\" height=\"540\" src=\"https:\/\/www.baler-machines.com\/wp-content\/uploads\/2025\/03\/10-14mm-spiral-rebar-bending-machine.webp\" alt=\"M\u00e1quina de flex\u00e3o em espiral de 10 a 14 mm\" class=\"wp-image-4093\" title=\"\" srcset=\"https:\/\/www.baler-machines.com\/wp-content\/uploads\/2025\/03\/10-14mm-spiral-rebar-bending-machine.webp 720w, https:\/\/www.baler-machines.com\/wp-content\/uploads\/2025\/03\/10-14mm-spiral-rebar-bending-machine-16x12.webp 16w\" sizes=\"auto, (max-width: 720px) 100vw, 720px\" \/><figcaption class=\"wp-element-caption\">M\u00e1quina de flex\u00e3o em espiral de 10 a 14 mm<\/figcaption><\/figure> <\/div>   <h2 class=\"wp-block-heading\"><strong>Qual \u00e9 o pre\u00e7o da m\u00e1quina de molas de primavera?<\/strong><\/h2>    <p>O pre\u00e7o da m\u00e1quina de flex\u00e3o de vergalh\u00e3o em espiral \u00e9 afetado por muitos fatores, incluindo:<\/p>    <ul class=\"wp-block-list\"> <li><strong>Especifica\u00e7\u00f5es do equipamento<\/strong>: Modelos diferentes de m\u00e1quinas de an\u00e9is de vergalh\u00e3o t\u00eam um processamento diferente de vergalh\u00e3o com pre\u00e7os diferentes.<\/li>    <li><strong>Capacidade de processamento<\/strong>: Equipamento de alta pot\u00eancia e alta efici\u00eancia \u00e9 relativamente caro.<\/li>    <li><strong>Requisitos de configura\u00e7\u00e3o<\/strong>: Configura\u00e7\u00e3o personalizada pode afetar o pre\u00e7o da m\u00e1quina de fazer anel de vergalh\u00e3o.<\/li>    <li><strong>Condi\u00e7\u00f5es de mercado<\/strong>: O custo das mat\u00e9rias -primas, oferta e demanda afetar\u00e1 a cota\u00e7\u00e3o final.<\/li> <\/ul>    <p>Se voc\u00ea quiser saber a \u00faltima oferta sobre a m\u00e1quina de flex\u00e3o em espiral, entre em contato conosco diretamente para obter informa\u00e7\u00f5es detalhadas.<\/p>   <div class=\"wp-block-image\"> <figure class=\"aligncenter size-full\"><img loading=\"lazy\" decoding=\"async\" width=\"720\" height=\"540\" src=\"https:\/\/www.baler-machines.com\/wp-content\/uploads\/2025\/03\/12-16mm-spiral-rebar-forming-machine.webp\" alt=\"M\u00e1quina de forma\u00e7\u00e3o de vergalh\u00f5es em espiral de 12 a 16 mm\" class=\"wp-image-4095\" title=\"\" srcset=\"https:\/\/www.baler-machines.com\/wp-content\/uploads\/2025\/03\/12-16mm-spiral-rebar-forming-machine.webp 720w, https:\/\/www.baler-machines.com\/wp-content\/uploads\/2025\/03\/12-16mm-spiral-rebar-forming-machine-16x12.webp 16w\" sizes=\"auto, (max-width: 720px) 100vw, 720px\" \/><figcaption class=\"wp-element-caption\">M\u00e1quina de forma\u00e7\u00e3o de vergalh\u00f5es em espiral de 12 a 16 mm<\/figcaption><\/figure> <\/div>   <h2 class=\"wp-block-heading\"><strong>Por que comprar uma m\u00e1quina de flex\u00e3o de vergalh\u00e3o em espiral shuliy?<\/strong><\/h2>    <p>A Shuliy est\u00e1 comprometida em fornecer equipamentos de processamento de a\u00e7o de alta qualidade e de alta qualidade, os motivos para escolher a m\u00e1quina de flex\u00e3o de a\u00e7o espiral Shuliy incluem:<\/p>    <ul class=\"wp-block-list\"> <li><strong>Garantia de qualidade<\/strong>: Usamos materiais de alta qualidade para fabricar equipamentos de anel de barra de a\u00e7o, dur\u00e1veis \u200b\u200be est\u00e1veis.<\/li>    <li><strong>Tecnologia avan\u00e7ada<\/strong>: Nossa m\u00e1quina adota o controle inteligente do PLC, que possui um alto grau de automa\u00e7\u00e3o.<\/li>    <li><strong>Pre\u00e7o acess\u00edvel<\/strong>: Fabricamos a m\u00e1quina e a vendemos diretamente de nossa f\u00e1brica, que tem um pre\u00e7o competitivo no mercado.<\/li>    <li><strong>Servi\u00e7o p\u00f3s-venda sem preocupa\u00e7\u00f5es<\/strong>: Shuliy fornece suporte t\u00e9cnico e manuten\u00e7\u00e3o de equipamentos, para garantir a estabilidade a longo prazo da opera\u00e7\u00e3o.<\/li> <\/ul>   <div class=\"wp-block-image\"> <figure class=\"aligncenter size-full\"><img loading=\"lazy\" decoding=\"async\" width=\"720\" height=\"540\" src=\"https:\/\/www.baler-machines.com\/wp-content\/uploads\/2025\/03\/16-20mm-automatic-spring-coiling-machine.webp\" alt=\"M\u00e1quina de enrolamento de mola autom\u00e1tica de 16-20mm\" class=\"wp-image-4092\" title=\"\" srcset=\"https:\/\/www.baler-machines.com\/wp-content\/uploads\/2025\/03\/16-20mm-automatic-spring-coiling-machine.webp 720w, https:\/\/www.baler-machines.com\/wp-content\/uploads\/2025\/03\/16-20mm-automatic-spring-coiling-machine-16x12.webp 16w\" sizes=\"auto, (max-width: 720px) 100vw, 720px\" \/><figcaption class=\"wp-element-caption\">M\u00e1quina de enrolamento de mola autom\u00e1tica de 16-20mm<\/figcaption><\/figure> <\/div>   <h2 class=\"wp-block-heading\"><strong>Entre em contato conosco para uma cota\u00e7\u00e3o agora!<\/strong><\/h2>    <p class=\"translation-block\">Como fabricante e fornecedora profissional de equipamentos de processamento de a\u00e7o, temos diferentes m\u00e1quinas de processamento de vergalh\u00f5es, como <a href=\"https:\/\/www.baler-machines.com\/pt\/rebar-straightening-machine\/\">m\u00e1quina endireitadora de vergalh\u00f5es<\/a>, dobradeira de estribos, <a href=\"https:\/\/www.baler-machines.com\/pt\/cnc-tube-bending-machine\/\">m\u00e1quina de dobrar tubos CNC<\/a>, etc.<\/p>    <p class=\"translation-block\">Se voc\u00ea estiver interessado em nossa m\u00e1quina de dobrar vergalh\u00f5es em espiral ou outros equipamentos para processamento de <a href=\"https:\/\/en.wikipedia.org\/wiki\/Steel_bar\" target=\"_blank\" rel=\"noopener\">barras de a\u00e7o<\/a>, sinta-se \u00e0 vontade para nos contatar via WhatsApp, WeChat, telefone ou e-mail! Ofereceremos informa\u00e7\u00f5es detalhadas sobre pre\u00e7os!<\/p>   <div class=\"wp-block-image\"> <figure class=\"aligncenter size-full\"><img loading=\"lazy\" decoding=\"async\" width=\"720\" height=\"540\" src=\"https:\/\/www.baler-machines.com\/wp-content\/uploads\/2025\/03\/20-25mm-spiral-hooping-round-bending-machine.webp\" alt=\"M\u00e1quina de flex\u00e3o redonda de arco espiral de 20-25mm\" class=\"wp-image-4094\" title=\"\" srcset=\"https:\/\/www.baler-machines.com\/wp-content\/uploads\/2025\/03\/20-25mm-spiral-hooping-round-bending-machine.webp 720w, https:\/\/www.baler-machines.com\/wp-content\/uploads\/2025\/03\/20-25mm-spiral-hooping-round-bending-machine-16x12.webp 16w\" sizes=\"auto, (max-width: 720px) 100vw, 720px\" \/><figcaption class=\"wp-element-caption\">M\u00e1quina de flex\u00e3o redonda de arco espiral de 20-25mm<\/figcaption><\/figure> <\/div>","protected":false},"excerpt":{"rendered":"<p>A m\u00e1quina de flex\u00e3o de vergalh\u00e3o em espiral Shuliy pode processar com rapidez e precis\u00e3o barras de a\u00e7o de 3 a 25 mm em an\u00e9is de barra de a\u00e7o redondos com um di\u00e2metro de 50-1000 mm.<\/p>","protected":false},"author":1,"featured_media":4076,"parent":0,"template":"","tags":[641,643],"product-type":[640],"class_list":["post-4074","product","type-product","status-publish","has-post-thumbnail","hentry","tag-rebar","tag-steel-bar","product-type-rebar-processing-equipment"],"_links":{"self":[{"href":"https:\/\/www.baler-machines.com\/pt\/wp-json\/wp\/v2\/product\/4074","targetHints":{"allow":["GET"]}}],"collection":[{"href":"https:\/\/www.baler-machines.com\/pt\/wp-json\/wp\/v2\/product"}],"about":[{"href":"https:\/\/www.baler-machines.com\/pt\/wp-json\/wp\/v2\/types\/product"}],"author":[{"embeddable":true,"href":"https:\/\/www.baler-machines.com\/pt\/wp-json\/wp\/v2\/users\/1"}],"wp:featuredmedia":[{"embeddable":true,"href":"https:\/\/www.baler-machines.com\/pt\/wp-json\/wp\/v2\/media\/4076"}],"wp:attachment":[{"href":"https:\/\/www.baler-machines.com\/pt\/wp-json\/wp\/v2\/media?parent=4074"}],"wp:term":[{"taxonomy":"post_tag","embeddable":true,"href":"https:\/\/www.baler-machines.com\/pt\/wp-json\/wp\/v2\/tags?post=4074"},{"taxonomy":"product-type","embeddable":true,"href":"https:\/\/www.baler-machines.com\/pt\/wp-json\/wp\/v2\/product-type?post=4074"}],"curies":[{"name":"wp","href":"https:\/\/api.w.org\/{rel}","templated":true}]}}