{"id":4013,"date":"2024-11-29T16:05:06","date_gmt":"2024-11-29T08:05:06","guid":{"rendered":"https:\/\/www.baler-machines.com\/?post_type=product&#038;p=4013"},"modified":"2025-04-16T13:27:56","modified_gmt":"2025-04-16T05:27:56","slug":"metal-briquetting-press","status":"publish","type":"product","link":"https:\/\/www.baler-machines.com\/pt\/metal-briquetting-press\/","title":{"rendered":"Prensa hidr\u00e1ulica de briquetagem de metal para reciclagem de limalhas"},"content":{"rendered":"<p class=\"translation-block\">A <strong>prensa de briquetagem de metal<\/strong> Shuliy pode compactar todos os tipos de p\u00f3 de metal, cavacos de cobre, cavacos de alum\u00ednio, cavacos de ferro, cavacos de madeira e outras mat\u00e9rias-primas met\u00e1licas em formatos de bolo redondo. Ap\u00f3s a briquetagem, \u00e9 conveniente para armazenamento, transporte e reutiliza\u00e7\u00e3o no forno.\u00aa<\/p>    <p>Este briquetador de cavacos de alum\u00ednio adota o m\u00e9todo de alimenta\u00e7\u00e3o por parafuso e enfardamento hidr\u00e1ulico. O tamanho da abertura de alimenta\u00e7\u00e3o \u00e9 600-600mm e 800-800mm. O di\u00e2metro final do bolo \u00e9 de 80-160 mm (personalizado). Um bolo de briquetagem precisa de cerca de 20 a 25 segundos para terminar.<\/p>    <p>\u00c9 principalmente utilizado na ind\u00fastria de reciclagem e processamento e na ind\u00fastria de fundi\u00e7\u00e3o de metais. \u00c9 ideal para o tratamento eficiente e reutiliza\u00e7\u00e3o de sucata met\u00e1lica.<\/p>    <figure class=\"wp-block-embed is-type-video is-provider-youtube wp-block-embed-youtube wp-embed-aspect-16-9 wp-has-aspect-ratio\"><div class=\"wp-block-embed__wrapper\"> <iframe loading=\"lazy\" title=\"M\u00e1quina briquetadeira de cavacos de metal: transformando sucata em briquetes s\u00f3lidos! Prensa briquetadeira de chips de alum\u00ednio\" width=\"500\" height=\"281\" src=\"https:\/\/www.youtube.com\/embed\/Ao1HeE5RT4E?feature=oembed\" frameborder=\"0\" allow=\"accelerometer; autoplay; clipboard-write; encrypted-media; gyroscope; picture-in-picture; web-share\" referrerpolicy=\"strict-origin-when-cross-origin\" allowfullscreen><\/iframe> <\/div><figcaption class=\"wp-element-caption\">v\u00eddeo da prensa de briquetagem de chips de alum\u00ednio<\/figcaption><\/figure>    <h2 class=\"wp-block-heading\"><strong>Aplica\u00e7\u00f5es do compactador de cavacos de metal<\/strong><\/h2>    <p>Nossa prensa de briquetagem de metal \u00e9 adequada para prensar e moldar muitos tipos de cavacos de metal, tais como:<\/p>    <p class=\"translation-block\"><strong>Cavacos de alum\u00ednio, aparas de ferro, cavacos de cobre, cavacos de a\u00e7o inoxid\u00e1vel, cavacos de magn\u00e9sio, cavacos de zinco, cavacos de metal mistos<\/strong>, <strong>cavacos de madeira<\/strong>, etc.<\/p>   <div class=\"wp-block-image\"> <figure class=\"aligncenter size-full\"><img loading=\"lazy\" decoding=\"async\" width=\"720\" height=\"540\" src=\"https:\/\/www.baler-machines.com\/wp-content\/uploads\/2024\/11\/final-products-of-metal-briquetting-press.webp\" alt=\"produtos finais da prensa de briquetagem de metal\" class=\"wp-image-4022\" title=\"\" srcset=\"https:\/\/www.baler-machines.com\/wp-content\/uploads\/2024\/11\/final-products-of-metal-briquetting-press.webp 720w, https:\/\/www.baler-machines.com\/wp-content\/uploads\/2024\/11\/final-products-of-metal-briquetting-press-16x12.webp 16w\" sizes=\"auto, (max-width: 720px) 100vw, 720px\" \/><figcaption class=\"wp-element-caption\">produtos finais da prensa de briquetagem de metal<\/figcaption><\/figure> <\/div>   <p>O equipamento de processamento de cavacos met\u00e1licos pode ser usado nos seguintes cen\u00e1rios:<\/p>    <ul class=\"wp-block-list\"> <li>Pequena oficina de processamento de metal<\/li>    <li>Esta\u00e7\u00e3o de reciclagem de sucata<\/li>    <li>F\u00e1brica de ferragens e fundi\u00e7\u00e3o<\/li>    <li>Locais onde a sucata met\u00e1lica precisa ser comprimida e transportada<\/li> <\/ul>    <h2 class=\"wp-block-heading\"><strong>Vantagens da prensa de briquetagem de metal para cavacos de metal<\/strong><\/h2>    <ul class=\"wp-block-list\"> <li>O briquetador de cavacos de metal e alum\u00ednio pode comprimir os cavacos de metal soltos em blocos de alta densidade, <strong>reduzindo o volume em mais de 90%<\/strong>, o que \u00e9 conveniente para transporte e armazenamento.<\/li>    <li>Ele adota um <strong>sistema hidr\u00e1ulico com forte pot\u00eancia<\/strong>, o que garante uma torta de prensagem densa e um bom efeito de briquetagem.<\/li>    <li><strong>Compat\u00edvel com uma variedade de materiais<\/strong>, O compactador de cavacos de metal Shuliy pode processar lascas de sucata, lascas de alum\u00ednio, lascas de madeira, etc.<\/li>    <li>O equipamento <strong>cobre uma pequena \u00e1rea<\/strong>, adequado para pequenas empresas e oficinas com espa\u00e7o limitado.<\/li>    <li>Esta m\u00e1quina <strong>melhora o valor econ\u00f4mico dos cavacos de metal<\/strong>. Os blocos met\u00e1licos prensados \u200b\u200bs\u00e3o f\u00e1ceis de vender e aumentam o valor agregado da sucata.<\/li> <\/ul>    <figure class=\"wp-block-gallery has-nested-images columns-default is-cropped wp-block-gallery-2 is-layout-flex wp-block-gallery-is-layout-flex\"> <figure class=\"wp-block-image size-large\"><img loading=\"lazy\" decoding=\"async\" width=\"720\" height=\"540\" data-id=\"4023\" src=\"https:\/\/www.baler-machines.com\/wp-content\/uploads\/2024\/11\/briquette-machine-for-scrap-metal.webp\" alt=\"m\u00e1quina de briquetagem para sucata\" class=\"wp-image-4023\" title=\"\" srcset=\"https:\/\/www.baler-machines.com\/wp-content\/uploads\/2024\/11\/briquette-machine-for-scrap-metal.webp 720w, https:\/\/www.baler-machines.com\/wp-content\/uploads\/2024\/11\/briquette-machine-for-scrap-metal-16x12.webp 16w\" sizes=\"auto, (max-width: 720px) 100vw, 720px\" \/><figcaption class=\"wp-element-caption\">M\u00e1quina de briquetagem para sucata<\/figcaption><\/figure>    <figure class=\"wp-block-image size-large\"><img loading=\"lazy\" decoding=\"async\" width=\"720\" height=\"540\" data-id=\"4024\" src=\"https:\/\/www.baler-machines.com\/wp-content\/uploads\/2024\/11\/metal-chips-briquetting-press-machine.webp\" alt=\"m\u00e1quina de briquetagem de cavacos de metal\" class=\"wp-image-4024\" title=\"\" srcset=\"https:\/\/www.baler-machines.com\/wp-content\/uploads\/2024\/11\/metal-chips-briquetting-press-machine.webp 720w, https:\/\/www.baler-machines.com\/wp-content\/uploads\/2024\/11\/metal-chips-briquetting-press-machine-16x12.webp 16w\" sizes=\"auto, (max-width: 720px) 100vw, 720px\" \/><figcaption class=\"wp-element-caption\">M\u00e1quina de briquetagem de cavacos de metal<\/figcaption><\/figure> <\/figure>    <h2 class=\"wp-block-heading\"><strong>Par\u00e2metros t\u00e9cnicos da prensa de briquetagem de metal<\/strong><\/h2>    <figure class=\"wp-block-table\"><table><tbody><tr><td>Modelo<\/td><td>SL-70T<\/td><td>SL-200T<\/td><\/tr><tr><td>Press\u00e3o do equipamento<\/td><td>700kn<\/td><td>2.000 kn<\/td><\/tr><tr><td>Di\u00e2metro do bolo<\/td><td>80mm<\/td><td>100-160mm, personalizado de acordo com diferentes materiais<\/td><\/tr><tr><td>Tamanho da abertura de alimenta\u00e7\u00e3o<\/td><td>600mm-600mm<\/td><td>800mm-800mm<\/td><\/tr><tr><td>Bomba de \u00f3leo hidr\u00e1ulico<\/td><td>Bomba de engrenagem F525<\/td><td>Bomba de pist\u00e3o tipo 63<\/td><\/tr><tr><td>Pot\u00eancia do equipamento<\/td><td>Cobre puro padr\u00e3o nacional de 5,5 kw<\/td><td>cobre puro 15kw<\/td><\/tr><tr><td>Controle do sistema<\/td><td>Controle autom\u00e1tico CLP<\/td><td>Controle autom\u00e1tico CLP<\/td><\/tr><tr><td>M\u00e9todo de resfriamento<\/td><td>Resfriamento de ar<\/td><td>Resfriamento de ar<\/td><\/tr><tr><td>Tempo de moldagem<\/td><td>Cerca de 20-25 segundos\/pc<\/td><td>Aprox. 25 seg\/pc<\/td><\/tr><tr><td>M\u00e9todo de alimenta\u00e7\u00e3o<\/td><td>Parafuso de alimenta\u00e7\u00e3o quantitativa<\/td><td>Parafuso de alimenta\u00e7\u00e3o quantitativa<\/td><\/tr><tr><td>Modo de opera\u00e7\u00e3o<\/td><td>Manual+autom\u00e1tico<\/td><td>Manual+autom\u00e1tico<\/td><\/tr><tr><td>Capacidade do tanque de combust\u00edvel<\/td><td>100L<\/td><td>400L<\/td><\/tr><tr><td>Tamanho<\/td><td>1200*1100*1100mm<\/td><td>2100*1400*1400mm<\/td><\/tr><\/tbody><\/table><figcaption class=\"wp-element-caption\">especifica\u00e7\u00f5es do compactador de cavacos de metal<\/figcaption><\/figure>    <h2 class=\"wp-block-heading\"><strong>Estrutura do briquetador de cavacos de alum\u00ednio<\/strong><\/h2>    <p>A m\u00e1quina consiste em entrada, sa\u00edda, tela PLC, parafuso e assim por diante. A estrutura \u00e9 simples, f\u00e1cil de entender e muito conveniente de operar.<\/p>    <figure class=\"wp-block-gallery has-nested-images columns-default is-cropped wp-block-gallery-3 is-layout-flex wp-block-gallery-is-layout-flex\"> <figure class=\"wp-block-image size-large\"><img loading=\"lazy\" decoding=\"async\" width=\"720\" height=\"540\" data-id=\"3448\" src=\"https:\/\/www.baler-machines.com\/wp-content\/uploads\/2023\/11\/aluminum-chip-briquetting-machine.webp\" alt=\"m\u00e1quina de briquetagem de cavacos de alum\u00ednio\" class=\"wp-image-3448\" title=\"\"><figcaption class=\"wp-element-caption\">M\u00e1quina de briquetagem de cavacos de alum\u00ednio<\/figcaption><\/figure>    <figure class=\"wp-block-image size-full\"><img loading=\"lazy\" decoding=\"async\" width=\"720\" height=\"540\" data-id=\"4027\" src=\"https:\/\/www.baler-machines.com\/wp-content\/uploads\/2024\/11\/back-side-of-metal-swarf-compactor-machine.webp\" alt=\"lado traseiro da m\u00e1quina compactadora de aparas de metal\" class=\"wp-image-4027\" title=\"\" srcset=\"https:\/\/www.baler-machines.com\/wp-content\/uploads\/2024\/11\/back-side-of-metal-swarf-compactor-machine.webp 720w, https:\/\/www.baler-machines.com\/wp-content\/uploads\/2024\/11\/back-side-of-metal-swarf-compactor-machine-16x12.webp 16w\" sizes=\"auto, (max-width: 720px) 100vw, 720px\" \/><figcaption class=\"wp-element-caption\">Parte traseira da m\u00e1quina compactadora de cavacos de metal<\/figcaption><\/figure> <\/figure>    <figure class=\"wp-block-gallery has-nested-images columns-default is-cropped wp-block-gallery-4 is-layout-flex wp-block-gallery-is-layout-flex\"> <figure class=\"wp-block-image size-large\"><img loading=\"lazy\" decoding=\"async\" width=\"720\" height=\"540\" data-id=\"4025\" src=\"https:\/\/www.baler-machines.com\/wp-content\/uploads\/2024\/11\/PLC-control-panel.webp\" alt=\"painel de controle PLC\" class=\"wp-image-4025\" title=\"\" srcset=\"https:\/\/www.baler-machines.com\/wp-content\/uploads\/2024\/11\/PLC-control-panel.webp 720w, https:\/\/www.baler-machines.com\/wp-content\/uploads\/2024\/11\/PLC-control-panel-16x12.webp 16w\" sizes=\"auto, (max-width: 720px) 100vw, 720px\" \/><figcaption class=\"wp-element-caption\">Painel de controle PLC<\/figcaption><\/figure>    <figure class=\"wp-block-image size-large\"><img loading=\"lazy\" decoding=\"async\" width=\"720\" height=\"540\" data-id=\"4026\" src=\"https:\/\/www.baler-machines.com\/wp-content\/uploads\/2024\/11\/screw-quantitative-feeding.webp\" alt=\"alimenta\u00e7\u00e3o quantitativa por parafuso\" class=\"wp-image-4026\" title=\"\" srcset=\"https:\/\/www.baler-machines.com\/wp-content\/uploads\/2024\/11\/screw-quantitative-feeding.webp 720w, https:\/\/www.baler-machines.com\/wp-content\/uploads\/2024\/11\/screw-quantitative-feeding-16x12.webp 16w\" sizes=\"auto, (max-width: 720px) 100vw, 720px\" \/><figcaption class=\"wp-element-caption\">Alimenta\u00e7\u00e3o Quantitativa de Parafuso<\/figcaption><\/figure> <\/figure>    <h2 class=\"wp-block-heading\"><strong>Como funciona a prensa briquetadeira para cavacos met\u00e1licos?<\/strong><\/h2>    <p>A prensa de briquetagem de metal comprime os cavacos de metal soltos em blocos de alta densidade atrav\u00e9s do sistema hidr\u00e1ulico, e seu princ\u00edpio de funcionamento \u00e9 o seguinte:<\/p>    <ul class=\"wp-block-list\"> <li><strong>Alimenta\u00e7\u00e3o<\/strong>: os cavacos de metal s\u00e3o alimentados na c\u00e2mara de briquetagem da m\u00e1quina de briquetagem de metal atrav\u00e9s do dispositivo de alimenta\u00e7\u00e3o quantitativa de parafuso.<\/li>    <li><strong>Press\u00e3o hidr\u00e1ulica<\/strong>: o sistema hidr\u00e1ulico fornece alta press\u00e3o para comprimir as aparas de metal em blocos de alta densidade.<\/li>    <li><strong>Formando<\/strong>: as aparas de sucata s\u00e3o prensadas em formas redondas de bolo conforme necess\u00e1rio.<\/li>    <li><strong>Descarregando<\/strong>: os produtos finais s\u00e3o descarregados da sa\u00edda.<\/li> <\/ul>    <figure class=\"wp-block-embed is-type-video is-provider-youtube wp-block-embed-youtube wp-embed-aspect-16-9 wp-has-aspect-ratio\"><div class=\"wp-block-embed__wrapper\"> <iframe loading=\"lazy\" title=\"M\u00e1quina de briquetiza\u00e7\u00e3o de metal para lascas de alum\u00ednio Processo de biquetaniza\u00e7\u00e3o | Press\u00e3o poderosa de briqueta de alum\u00ednio\" width=\"500\" height=\"281\" src=\"https:\/\/www.youtube.com\/embed\/r9arEui4RBQ?feature=oembed\" frameborder=\"0\" allow=\"accelerometer; autoplay; clipboard-write; encrypted-media; gyroscope; picture-in-picture; web-share\" referrerpolicy=\"strict-origin-when-cross-origin\" allowfullscreen><\/iframe> <\/div><figcaption class=\"wp-element-caption\">Pressionamento de brequetiza\u00e7\u00e3o de chips de alum\u00ednio<\/figcaption><\/figure>    <h2 class=\"wp-block-heading\"><strong>Qual \u00e9 o pre\u00e7o da m\u00e1quina de briquetagem de aparas de alum\u00ednio?<\/strong><\/h2>    <p>O pre\u00e7o da m\u00e1quina de briquetagem de metal Shuliy varia de acordo com o modelo, desempenho e configura\u00e7\u00e3o. Os principais fatores de influ\u00eancia incluem:<\/p>    <ul class=\"wp-block-list\"> <li><strong>Tamanho da press\u00e3o<\/strong>: quanto maior a press\u00e3o, maior a capacidade de processamento e maior o pre\u00e7o.<\/li>    <li><strong>Tamanho do equipamento<\/strong>: quanto maior o equipamento, maior o pre\u00e7o.<\/li>    <li><strong>Necessidades de personaliza\u00e7\u00e3o<\/strong>: o pre\u00e7o \u00e9 maior para m\u00e1quinas customizadas de acordo com a necessidade do cliente.<\/li>    <li><strong>Marca e suporte t\u00e9cnico<\/strong>: marcas conhecidas e servi\u00e7o p\u00f3s-venda perfeito afetar\u00e3o o pre\u00e7o.<\/li> <\/ul>    <p>Para pre\u00e7os espec\u00edficos, entre em contato conosco para obter o or\u00e7amento do briquetador de cavacos de alum\u00ednio adequado \u00e0s suas necessidades.<\/p>    <figure class=\"wp-block-gallery has-nested-images columns-default is-cropped wp-block-gallery-5 is-layout-flex wp-block-gallery-is-layout-flex\"> <figure class=\"wp-block-image size-large\"><img loading=\"lazy\" decoding=\"async\" width=\"720\" height=\"720\" data-id=\"4028\" src=\"https:\/\/www.baler-machines.com\/wp-content\/uploads\/2024\/11\/metal-chip-briquetter-factory.webp\" alt=\"f\u00e1brica de briquete de aparas de metal\" class=\"wp-image-4028\" title=\"\" srcset=\"https:\/\/www.baler-machines.com\/wp-content\/uploads\/2024\/11\/metal-chip-briquetter-factory.webp 720w, https:\/\/www.baler-machines.com\/wp-content\/uploads\/2024\/11\/metal-chip-briquetter-factory-12x12.webp 12w\" sizes=\"auto, (max-width: 720px) 100vw, 720px\" \/><figcaption class=\"wp-element-caption\">F\u00e1brica de briquetadores de cavacos de metal<\/figcaption><\/figure>    <figure class=\"wp-block-image size-large\"><img loading=\"lazy\" decoding=\"async\" width=\"720\" height=\"720\" data-id=\"4029\" src=\"https:\/\/www.baler-machines.com\/wp-content\/uploads\/2024\/11\/scrap-metal-chips-briquette-machine-manufacturer.webp\" alt=\"fabricante de m\u00e1quinas de briquete de aparas de metal\" class=\"wp-image-4029\" title=\"\" srcset=\"https:\/\/www.baler-machines.com\/wp-content\/uploads\/2024\/11\/scrap-metal-chips-briquette-machine-manufacturer.webp 720w, https:\/\/www.baler-machines.com\/wp-content\/uploads\/2024\/11\/scrap-metal-chips-briquette-machine-manufacturer-12x12.webp 12w\" sizes=\"auto, (max-width: 720px) 100vw, 720px\" \/><figcaption class=\"wp-element-caption\">Fabricante de m\u00e1quina briquetadeira de chips de sucata<\/figcaption><\/figure> <\/figure>    <h2 class=\"wp-block-heading\"><strong>Por que escolher este tipo de prensa briquetadeira de metal?<\/strong><\/h2>    <p class=\"translation-block\">Como fabricante e fornecedor profissional de m\u00e1quinas de reciclagem de metal, temos diferentes m\u00e1quinas de briquetagem de cavacos de alum\u00ednio, como a <a href=\"https:\/\/www.baler-machines.com\/pt\/scrap-metal-chip-briquette-machine\/\">prensa vertical de briquetagem de cavacos de metal<\/a>. As raz\u00f5es para escolher esta prensa de briquetagem de sucata de metal s\u00e3o as seguintes:<\/p>    <ul class=\"wp-block-list\"> <li><strong>Opera\u00e7\u00e3o simples<\/strong>: sistema de controle inteligente, suporte \u00e0 opera\u00e7\u00e3o autom\u00e1tica, f\u00e1cil de usar.<\/li>    <li><strong>Pre\u00e7o acess\u00edvel<\/strong>: o pre\u00e7o desta m\u00e1quina \u00e9 menor quando se trata da mesma mat\u00e9ria-prima.<\/li>    <li><strong>Transporte conveniente<\/strong>: esta m\u00e1quina compactadora de cavacos de metal \u00e9 menor em tamanho, mais leve em qualidade, f\u00e1cil de carregar e descarregar e pode ser embalada para transporte.<\/li> <\/ul>    <h2 class=\"wp-block-heading\"><strong>Dispositivos correspondentes relacionados<\/strong><\/h2>    <div class=\"wp-block-columns is-layout-flex wp-container-core-columns-is-layout-9d6595d7 wp-block-columns-is-layout-flex\"> <div class=\"wp-block-column is-layout-flow wp-block-column-is-layout-flow\"> <figure class=\"wp-block-image size-full\"><img loading=\"lazy\" decoding=\"async\" width=\"720\" height=\"720\" src=\"https:\/\/www.baler-machines.com\/wp-content\/uploads\/2024\/11\/aluminum-chip-briquette-press-machine-with-elevator.webp\" alt=\"Prensa briquetadeira de chips de alum\u00ednio com elevador\" class=\"wp-image-4020\" title=\"\" srcset=\"https:\/\/www.baler-machines.com\/wp-content\/uploads\/2024\/11\/aluminum-chip-briquette-press-machine-with-elevator.webp 720w, https:\/\/www.baler-machines.com\/wp-content\/uploads\/2024\/11\/aluminum-chip-briquette-press-machine-with-elevator-12x12.webp 12w\" sizes=\"auto, (max-width: 720px) 100vw, 720px\" \/><figcaption class=\"wp-element-caption\">Prensa briquetadeira de chips de alum\u00ednio com elevador<\/figcaption><\/figure> <\/div>    <div class=\"wp-block-column is-vertically-aligned-center is-layout-flow wp-block-column-is-layout-flow\"> <p class=\"has-text-align-center translation-block\"><strong>Prensa de briquetagem de metal com elevador<\/strong><\/p>    <p>O transportador transporta os cavacos de metal diretamente para a abertura de alimenta\u00e7\u00e3o da m\u00e1quina de briquetagem, economizando m\u00e3o de obra.<\/p>    <p>Esta coloca\u00e7\u00e3o realiza a alimenta\u00e7\u00e3o autom\u00e1tica de cavacos de metal e melhora a efici\u00eancia da produ\u00e7\u00e3o.<\/p>    <p>A escolha apropriada do transportador depende do tamanho do equipamento escolhido.<\/p>    <p>Se voc\u00ea quiser saber as informa\u00e7\u00f5es detalhadas, entre em contato conosco!<\/p> <\/div> <\/div>    <div class=\"wp-block-columns is-layout-flex wp-container-core-columns-is-layout-9d6595d7 wp-block-columns-is-layout-flex\"> <div class=\"wp-block-column is-layout-flow wp-block-column-is-layout-flow\"> <figure class=\"wp-block-image size-full\"><img loading=\"lazy\" decoding=\"async\" width=\"720\" height=\"540\" src=\"https:\/\/www.baler-machines.com\/wp-content\/uploads\/2024\/11\/small-metal-shredder.webp\" alt=\"pequeno triturador de metal\" class=\"wp-image-4021\" title=\"\" srcset=\"https:\/\/www.baler-machines.com\/wp-content\/uploads\/2024\/11\/small-metal-shredder.webp 720w, https:\/\/www.baler-machines.com\/wp-content\/uploads\/2024\/11\/small-metal-shredder-16x12.webp 16w\" sizes=\"auto, (max-width: 720px) 100vw, 720px\" \/><figcaption class=\"wp-element-caption\">Triturador de metal pequeno<\/figcaption><\/figure> <\/div>    <div class=\"wp-block-column is-vertically-aligned-center is-layout-flow wp-block-column-is-layout-flow\"> <p class=\"has-text-align-center translation-block\"><strong>Triturador de metal<\/strong><\/p>    <p>Este triturador de eixo duplo destina-se a pulverizar restos de metal maiores em cavacos mais finos que s\u00e3o mais f\u00e1ceis de manusear.<\/p>    <p>Ele funciona com o compactador de cavacos de metal para formar uma linha de m\u00e1quina de briquetagem de cavacos de metal totalmente autom\u00e1tica.<\/p> <\/div> <\/div>    <p class=\"translation-block\">Procurando por equipamentos de processamento de metal para <a href=\"https:\/\/pt.wikipedia.org\/wiki\/Cavaco\" target=\"_blank\" rel=\"noopener\">cavacos de metal<\/a>? Se sim, entre em contato conosco agora e forneceremos a solu\u00e7\u00e3o mais adequada para atender \u00e0s suas demandas de reciclagem.<\/p>    <figure class=\"wp-block-embed is-type-video is-provider-youtube wp-block-embed-youtube wp-embed-aspect-16-9 wp-has-aspect-ratio\"><div class=\"wp-block-embed__wrapper\"> <iframe loading=\"lazy\" title=\"Como pressionar chips de metal em briquetes? Reciclagem de M\u00e1quinas de Briqueta\" width=\"500\" height=\"281\" src=\"https:\/\/www.youtube.com\/embed\/2tKM0zjwBpQ?feature=oembed\" frameborder=\"0\" allow=\"accelerometer; autoplay; clipboard-write; encrypted-media; gyroscope; picture-in-picture; web-share\" referrerpolicy=\"strict-origin-when-cross-origin\" allowfullscreen><\/iframe> <\/div><figcaption class=\"wp-element-caption\">V\u00eddeo da m\u00e1quina de briqueta de metal e triturador<\/figcaption><\/figure>","protected":false},"excerpt":{"rendered":"<p>A prensa de briquetagem de metal Shuliy pode espremer todos os tipos de p\u00f3 de metal, lascas de cobre, lascas de alum\u00ednio, lascas de ferro, lascas de madeira, etc.<\/p>","protected":false},"author":1,"featured_media":4019,"parent":0,"template":"","tags":[414,639],"product-type":[563],"class_list":["post-4013","product","type-product","status-publish","has-post-thumbnail","hentry","tag-baler","tag-metal-briquetting","product-type-baler-machine"],"_links":{"self":[{"href":"https:\/\/www.baler-machines.com\/pt\/wp-json\/wp\/v2\/product\/4013","targetHints":{"allow":["GET"]}}],"collection":[{"href":"https:\/\/www.baler-machines.com\/pt\/wp-json\/wp\/v2\/product"}],"about":[{"href":"https:\/\/www.baler-machines.com\/pt\/wp-json\/wp\/v2\/types\/product"}],"author":[{"embeddable":true,"href":"https:\/\/www.baler-machines.com\/pt\/wp-json\/wp\/v2\/users\/1"}],"wp:featuredmedia":[{"embeddable":true,"href":"https:\/\/www.baler-machines.com\/pt\/wp-json\/wp\/v2\/media\/4019"}],"wp:attachment":[{"href":"https:\/\/www.baler-machines.com\/pt\/wp-json\/wp\/v2\/media?parent=4013"}],"wp:term":[{"taxonomy":"post_tag","embeddable":true,"href":"https:\/\/www.baler-machines.com\/pt\/wp-json\/wp\/v2\/tags?post=4013"},{"taxonomy":"product-type","embeddable":true,"href":"https:\/\/www.baler-machines.com\/pt\/wp-json\/wp\/v2\/product-type?post=4013"}],"curies":[{"name":"wp","href":"https:\/\/api.w.org\/{rel}","templated":true}]}}