{"id":3413,"date":"2023-09-20T15:10:38","date_gmt":"2023-09-20T07:10:38","guid":{"rendered":"https:\/\/www.baler-machines.com\/?post_type=product&#038;p=3413"},"modified":"2023-09-20T17:08:07","modified_gmt":"2023-09-20T09:08:07","slug":"wood-pallet-shredder","status":"publish","type":"product","link":"https:\/\/www.baler-machines.com\/pt\/wood-pallet-shredder\/","title":{"rendered":"Triturador de paletes industrial para tritura\u00e7\u00e3o de paletes de madeira"},"content":{"rendered":"<p class=\"translation-block\">O triturador de paletes de madeira \u00e9 um potente <a href=\"https:\/\/www.baler-machines.com\/pt\/double-shaft-shredder\/\">triturador de eixo duplo<\/a> projetado para processar eficientemente materiais de madeira, como paletes de madeira, placas de madeira. Sua principal fun\u00e7\u00e3o \u00e9 triturar e cortar paletes de madeira em peda\u00e7os menores, tornando-os mais f\u00e1ceis de gerenciar e reciclar. Nosso triturador de paletes de madeira residual \u00e9 conhecido por sua durabilidade e efici\u00eancia no descarte ou reciclagem dos paletes e da madeira de que s\u00e3o feitos. Se voc\u00ea estiver interessado, seja bem-vindo para entrar em contato conosco para mais detalhes!<\/p>    <figure class=\"wp-block-gallery aligncenter has-nested-images columns-default is-cropped wp-block-gallery-2 is-layout-flex wp-block-gallery-is-layout-flex\"> <figure class=\"wp-block-image size-large\"><img loading=\"lazy\" decoding=\"async\" width=\"720\" height=\"540\" data-id=\"3419\" src=\"https:\/\/www.baler-machines.com\/wp-content\/uploads\/2023\/09\/wood-pallet-shredder-for-sale.webp\" alt=\"Vendo triturador de paletes de madeira\" class=\"wp-image-3419\" title=\"\"><figcaption class=\"wp-element-caption\">Triturador de paletes de madeira para venda<\/figcaption><\/figure>    <figure class=\"wp-block-image size-large\"><img loading=\"lazy\" decoding=\"async\" width=\"720\" height=\"540\" data-id=\"3420\" src=\"https:\/\/www.baler-machines.com\/wp-content\/uploads\/2023\/09\/wood-pallet-shredder-machine.webp\" alt=\"m\u00e1quina trituradora de paletes de madeira\" class=\"wp-image-3420\" title=\"\"><figcaption class=\"wp-element-caption\">M\u00e1quina trituradora de paletes de madeira<\/figcaption><\/figure> <\/figure>    <h2 class=\"wp-block-heading\"><strong>Por que destruir os res\u00edduos de paletes de madeira?<\/strong><\/h2>    <figure class=\"wp-block-gallery aligncenter has-nested-images columns-default is-cropped wp-block-gallery-3 is-layout-flex wp-block-gallery-is-layout-flex\"> <figure class=\"wp-block-image size-full\"><img loading=\"lazy\" decoding=\"async\" width=\"390\" height=\"257\" data-id=\"3417\" src=\"https:\/\/www.baler-machines.com\/wp-content\/uploads\/2023\/09\/wooden-pallets.webp\" alt=\"paletes de madeira\" class=\"wp-image-3417\" title=\"\"><figcaption class=\"wp-element-caption\">Paletes de madeira<\/figcaption><\/figure>    <figure class=\"wp-block-image size-full\"><img loading=\"lazy\" decoding=\"async\" width=\"327\" height=\"263\" data-id=\"3416\" src=\"https:\/\/www.baler-machines.com\/wp-content\/uploads\/2023\/09\/crushed-wood-pallets.webp\" alt=\"paletes de madeira triturada\" class=\"wp-image-3416\" title=\"\"><figcaption class=\"wp-element-caption\">Paletes de madeira triturada<\/figcaption><\/figure> <\/figure>    <p>Ao processar uma ampla variedade de tamanhos e tipos de paletes de madeira, o nosso triturador de paletes industriais tornou-se uma solu\u00e7\u00e3o suficientemente eficaz para gerir os res\u00edduos de paletes, ao mesmo tempo que promove o desenvolvimento empresarial sustent\u00e1vel atrav\u00e9s da reciclagem. As vantagens s\u00e3o as seguintes:<\/p>    <ul class=\"wp-block-list\"> <li>Nosso triturador de paletes de madeira reduz o tamanho dos res\u00edduos de paletes de madeira, tornando o armazenamento e o transporte mais eficientes.<\/li>    <li>A tritura\u00e7\u00e3o facilita a reciclagem da madeira e contribui para a sustentabilidade ambiental.<\/li>    <li>Paletes de madeira triturada podem ser utilizadas como biomassa para produ\u00e7\u00e3o de energia ou como mat\u00e9ria-prima para diversas ind\u00fastrias.<\/li>    <li>A tritura\u00e7\u00e3o tamb\u00e9m minimiza os custos de descarte e reduz os res\u00edduos em aterros.<\/li> <\/ul>    <h2 class=\"wp-block-heading\"><strong>Materiais que podem ser triturados<\/strong><\/h2>    <p>A m\u00e1quina trituradora de paletes de madeira \u00e9 um triturador multifuncional que pode lidar com uma ampla variedade de materiais, incluindo:<\/p>    <p class=\"translation-block\"><strong>Todos os tipos de materiais de tratamento \u00e0 base de madeira: edif\u00edcios de madeira, paletes de madeira, molduras de constru\u00e7\u00e3o de madeira, pain\u00e9is de madeira, portas e janelas de madeira.<\/strong> <\/p>    <p class=\"translation-block\"><strong>Papel, cart\u00e3o, pl\u00e1sticos, sucata de metal, madeira, <a href=\"https:\/\/en.wikipedia.org\/wiki\/Textile\" target=\"_blank\" rel=\"noopener\">t\u00eaxteis<\/a>, pneus, ferro, carca\u00e7a de carro, cascas de coco, fibras, vestu\u00e1rio<\/strong>, e mais.<\/p>    <p class=\"translation-block\">N\u00e3o apenas os acima mencionados, \u00e9 claro, mas tamb\u00e9m <strong>barris, latas<\/strong>, etc. Desde que queira triturar, pode contactar-nos.<\/p>    <h2 class=\"wp-block-heading\"><strong>Caracter\u00edsticas do triturador de paletes de madeira para venda<\/strong><\/h2>    <figure class=\"wp-block-gallery aligncenter has-nested-images columns-default is-cropped wp-block-gallery-4 is-layout-flex wp-block-gallery-is-layout-flex\"> <figure class=\"wp-block-image size-large\"><img loading=\"lazy\" decoding=\"async\" width=\"720\" height=\"540\" data-id=\"3352\" src=\"https:\/\/www.baler-machines.com\/wp-content\/uploads\/2023\/07\/blades-in-the-double-shaft-crusher.webp\" alt=\"l\u00e2minas no britador de eixo duplo\" class=\"wp-image-3352\" title=\"\"><figcaption class=\"wp-element-caption\">L\u00e2minas no britador de eixo duplo<\/figcaption><\/figure>    <figure class=\"wp-block-image size-large\"><img loading=\"lazy\" decoding=\"async\" width=\"720\" height=\"540\" data-id=\"3349\" src=\"https:\/\/www.baler-machines.com\/wp-content\/uploads\/2023\/07\/double-shaft-crusher-blades.webp\" alt=\"l\u00e2minas trituradoras de eixo duplo\" class=\"wp-image-3349\" title=\"\"><figcaption class=\"wp-element-caption\">L\u00e2minas trituradoras de eixo duplo<\/figcaption><\/figure> <\/figure>    <ul class=\"wp-block-list\"> <li>A constru\u00e7\u00e3o robusta rasga com efici\u00eancia os paletes de madeira em peda\u00e7os menores para reciclagem ou descarte.<\/li>    <li>As l\u00e2minas do triturador s\u00e3o forjadas, recozidas e tratadas termicamente, temperadas e isoladas, e finamente afiadas no corte do fio, de boa qualidade para uma tritura\u00e7\u00e3o r\u00e1pida e eficaz.<\/li>    <li>A caixa de engrenagens do Shredder \u00e9 soldada com placa de a\u00e7o de alta precis\u00e3o, bom contato, baixo ru\u00eddo e longa vida \u00fatil.<\/li> <\/ul>    <h2 class=\"wp-block-heading\"><strong>E quanto ao pre\u00e7o da trituradora de paletes industrial?<\/strong><\/h2>    <p>O pre\u00e7o de um triturador de paletes de madeira pode variar muito, dependendo de v\u00e1rios fatores. Esses fatores incluem o tamanho do triturador, capacidade, pot\u00eancia, marca e recursos adicionais, como sistemas de automa\u00e7\u00e3o e seguran\u00e7a. O pre\u00e7o de uma trituradora de paletes de madeira pode variar de alguns milhares a dezenas de milhares de d\u00f3lares.<\/p>   <div class=\"wp-block-image\"> <figure class=\"aligncenter size-full\"><img loading=\"lazy\" decoding=\"async\" width=\"720\" height=\"540\" src=\"https:\/\/www.baler-machines.com\/wp-content\/uploads\/2023\/09\/wood-pallet-crusher.webp\" alt=\"triturador de paletes de madeira\" class=\"wp-image-3418\" title=\"\"><figcaption class=\"wp-element-caption\">triturador de paletes de madeira<\/figcaption><\/figure> <\/div>   <p>\u00c9 importante avaliar suas necessidades espec\u00edficas, or\u00e7amento e recursos do triturador antes de fazer uma compra.<\/p>    <h2 class=\"wp-block-heading\"><strong>M\u00e1quina trituradora industrial relacionada<\/strong><\/h2>    <div class=\"wp-block-columns is-layout-flex wp-container-core-columns-is-layout-9d6595d7 wp-block-columns-is-layout-flex\"> <div class=\"wp-block-column is-layout-flow wp-block-column-is-layout-flow\"> <figure class=\"wp-block-embed is-type-wp-embed is-provider-metal-baler-machine-shuliy-group wp-block-embed-metal-baler-machine-shuliy-group\"><div class=\"wp-block-embed__wrapper\"> <blockquote class=\"wp-embedded-content\" data-secret=\"dV7HCv3cBK\"><a href=\"https:\/\/www.baler-machines.com\/pt\/scrap-metal-shredder-machine\/\">Triturador de sucata industrial para reciclagem de metal<\/a><\/blockquote><iframe loading=\"lazy\" class=\"wp-embedded-content\" sandbox=\"allow-scripts\" security=\"restricted\" style=\"position: absolute; clip: rect(1px, 1px, 1px, 1px);\" title=\"\u201cTriturador de sucata industrial para reciclagem de metal\u201d - M\u00e1quina enfardadeira de metal | Grupo Shuliy\" src=\"https:\/\/www.baler-machines.com\/scrap-metal-shredder-machine\/embed\/#?secret=ziQmKYMbxX#?secret=dV7HCv3cBK\" data-secret=\"dV7HCv3cBK\" width=\"500\" height=\"282\" frameborder=\"0\" marginwidth=\"0\" marginheight=\"0\" scrolling=\"no\"><\/iframe> <\/div><\/figure> <\/div>    <div class=\"wp-block-column is-layout-flow wp-block-column-is-layout-flow\"> <figure class=\"wp-block-embed is-type-wp-embed is-provider-metal-baler-machine-shuliy-group wp-block-embed-metal-baler-machine-shuliy-group\"><div class=\"wp-block-embed__wrapper\"> <blockquote class=\"wp-embedded-content\" data-secret=\"Pj24ApbIE7\"><a href=\"https:\/\/www.baler-machines.com\/pt\/double-shaft-waste-plastic-shredder-machine\/\">M\u00e1quina trituradora de pl\u00e1stico de eixo duplo para tritura\u00e7\u00e3o de res\u00edduos de pl\u00e1stico<\/a><\/blockquote><iframe loading=\"lazy\" class=\"wp-embedded-content\" sandbox=\"allow-scripts\" security=\"restricted\" style=\"position: absolute; clip: rect(1px, 1px, 1px, 1px);\" title=\"\u201cM\u00e1quina trituradora de pl\u00e1stico de eixo duplo para tritura\u00e7\u00e3o de res\u00edduos de pl\u00e1stico\u201d - M\u00e1quina enfardadeira de metal | Grupo Shuliy\" src=\"https:\/\/www.baler-machines.com\/double-shaft-waste-plastic-shredder-machine\/embed\/#?secret=lvQ1fQsiN9#?secret=Pj24ApbIE7\" data-secret=\"Pj24ApbIE7\" width=\"500\" height=\"282\" frameborder=\"0\" marginwidth=\"0\" marginheight=\"0\" scrolling=\"no\"><\/iframe> <\/div><\/figure> <\/div> <\/div>    <h2 class=\"wp-block-heading\"><strong>Dados t\u00e9cnicos da m\u00e1quina trituradora de paletes de madeira<\/strong><\/h2>    <p>V\u00e1rios modelos est\u00e3o dispon\u00edveis para venda, e o triturador de paletes industrial pode ser customizado para atender \u00e0s suas necessidades.<\/p>    <p class=\"translation-block\"><strong>Marca<\/strong>: Shuliy<\/p>    <p class=\"translation-block\"><strong>Capacidade<\/strong>: 0,5-25t por hora<\/p>    <p class=\"translation-block\"><strong>Fun\u00e7\u00e3o<\/strong>: Triturar todos os tipos de materiais em peda\u00e7os pequenos<\/p>    <p class=\"translation-block\"><strong>Servi\u00e7os<\/strong>: Personaliza\u00e7\u00e3o, servi\u00e7os p\u00f3s-venda, suporte online, etc.<\/p>","protected":false},"excerpt":{"rendered":"<p>The wood pallet shredder is a powerful twin-shaft shredder designed to efficiently process wooden materials, like wood pallets, wood plates. Its main function is to shred and cut wooden pallets into smaller pieces, making them easier to manage and recycle. Our waste wood pallet crusher is known for its durability and efficiency in disposing or [&hellip;]<\/p>\n","protected":false},"author":1,"featured_media":3421,"parent":0,"template":"","tags":[626],"product-type":[561],"class_list":["post-3413","product","type-product","status-publish","has-post-thumbnail","hentry","tag-wood-pallet-shredding","product-type-industrial-shredder"],"_links":{"self":[{"href":"https:\/\/www.baler-machines.com\/pt\/wp-json\/wp\/v2\/product\/3413","targetHints":{"allow":["GET"]}}],"collection":[{"href":"https:\/\/www.baler-machines.com\/pt\/wp-json\/wp\/v2\/product"}],"about":[{"href":"https:\/\/www.baler-machines.com\/pt\/wp-json\/wp\/v2\/types\/product"}],"author":[{"embeddable":true,"href":"https:\/\/www.baler-machines.com\/pt\/wp-json\/wp\/v2\/users\/1"}],"wp:featuredmedia":[{"embeddable":true,"href":"https:\/\/www.baler-machines.com\/pt\/wp-json\/wp\/v2\/media\/3421"}],"wp:attachment":[{"href":"https:\/\/www.baler-machines.com\/pt\/wp-json\/wp\/v2\/media?parent=3413"}],"wp:term":[{"taxonomy":"post_tag","embeddable":true,"href":"https:\/\/www.baler-machines.com\/pt\/wp-json\/wp\/v2\/tags?post=3413"},{"taxonomy":"product-type","embeddable":true,"href":"https:\/\/www.baler-machines.com\/pt\/wp-json\/wp\/v2\/product-type?post=3413"}],"curies":[{"name":"wp","href":"https:\/\/api.w.org\/{rel}","templated":true}]}}