{"id":3406,"date":"2023-08-25T17:10:45","date_gmt":"2023-08-25T09:10:45","guid":{"rendered":"https:\/\/www.baler-machines.com\/?post_type=product&#038;p=3406"},"modified":"2026-02-13T11:45:02","modified_gmt":"2026-02-13T03:45:02","slug":"vertical-baling-press","status":"publish","type":"product","link":"https:\/\/www.baler-machines.com\/pt\/vertical-baling-press\/","title":{"rendered":"M\u00e1quina enfardadeira hidr\u00e1ulica para res\u00edduos de papel"},"content":{"rendered":"<p class=\"translation-block\">Shuliy <strong>prensa de empacotamento vertical<\/strong> foi projetada para compactar eficientemente materiais como papel de lixo em fardos atrav\u00e9s de seu poderoso sistema hidr\u00e1ulico. Usando esta m\u00e1quina de prensa hidr\u00e1ulica, n\u00e3o apenas o espa\u00e7o de armazenamento \u00e9 otimizado, mas tamb\u00e9m a transporte para instala\u00e7\u00f5es de reciclagem \u00e9 facilitado. Nossas m\u00e1quinas est\u00e3o dispon\u00edveis em v\u00e1rios modelos, 30T, 40T, 50T, 60T, 80T, 100T, etc., para atender \u00e0s suas diferentes necessidades.<\/p>    <figure class=\"wp-block-gallery aligncenter has-nested-images columns-default is-cropped wp-block-gallery-2 is-layout-flex wp-block-gallery-is-layout-flex\"> <figure class=\"wp-block-image size-large\"><img loading=\"lazy\" decoding=\"async\" width=\"720\" height=\"540\" data-id=\"3404\" src=\"https:\/\/www.baler-machines.com\/wp-content\/uploads\/2023\/08\/vertical-waste-baler.webp\" alt=\"enfardadeira de res\u00edduos vertical\" class=\"wp-image-3404\" title=\"\"><figcaption class=\"wp-element-caption\">Enfardadeira vertical para res\u00edduos<\/figcaption><\/figure>    <figure class=\"wp-block-image size-large\"><img loading=\"lazy\" decoding=\"async\" width=\"540\" height=\"720\" data-id=\"2982\" src=\"https:\/\/www.baler-machines.com\/wp-content\/uploads\/2023\/02\/vertical-cardboard-baler-for-sale.webp\" alt=\"enfardadeira de papel\u00e3o vertical para venda\" class=\"wp-image-2982\" title=\"\"><figcaption class=\"wp-element-caption\">Enfardadeira vertical de papel\u00e3o para venda<\/figcaption><\/figure>    <figure class=\"wp-block-image size-large\"><img loading=\"lazy\" decoding=\"async\" width=\"720\" height=\"540\" data-id=\"2840\" src=\"https:\/\/www.baler-machines.com\/wp-content\/uploads\/2022\/12\/vertical-waste-oil-drum-compactor.webp\" alt=\"compactador de tambor de \u00f3leo residual vertical\" class=\"wp-image-2840\" title=\"\"><figcaption class=\"wp-element-caption\">Compactador vertical de tambor de \u00f3leo residual<\/figcaption><\/figure> <\/figure>    <p class=\"translation-block\">Besides, our vertical baler is also popular for its performance among customers all over the world, such as <strong>Thailand, Vietnam, Gabon, Algeria<\/strong> and so on. Welcome to contact us for more details!<\/p>    <h2 class=\"wp-block-heading\"><strong>Por que usar a prensa enfardadeira vertical para reciclagem?<\/strong><\/h2>    <p>A utiliza\u00e7\u00e3o de uma enfardadeira vertical para reciclagem oferece uma solu\u00e7\u00e3o compacta e eficiente para gerenciar materiais recicl\u00e1veis. Esse equipamento comprime materiais como papel, papel\u00e3o e pl\u00e1sticos em fardos densos, otimizando armazenamento e transporte. Com seu mecanismo hidr\u00e1ulico, simplifica o manejo de res\u00edduos, reduz custos log\u00edsticos e promove pr\u00e1ticas sustent\u00e1veis \u200b\u200bde gest\u00e3o de res\u00edduos.<\/p>    <h2 class=\"wp-block-heading\"><strong>Componentes da prensa enfardadeira hidr\u00e1ulica<\/strong><\/h2>   <div class=\"wp-block-image\"> <figure class=\"aligncenter size-full\"><img loading=\"lazy\" decoding=\"async\" width=\"712\" height=\"540\" src=\"https:\/\/www.baler-machines.com\/wp-content\/uploads\/2023\/08\/structure-of-hydraulic-baling-press-for-sale.webp\" alt=\"estrutura da prensa de empacotamento hidr\u00e1ulico \u00e0 venda\" class=\"wp-image-4293\" title=\"\" srcset=\"https:\/\/www.baler-machines.com\/wp-content\/uploads\/2023\/08\/structure-of-hydraulic-baling-press-for-sale.webp 712w, https:\/\/www.baler-machines.com\/wp-content\/uploads\/2023\/08\/structure-of-hydraulic-baling-press-for-sale-16x12.webp 16w\" sizes=\"auto, (max-width: 712px) 100vw, 712px\" \/><figcaption class=\"wp-element-caption\">estrutura da prensa de empacotamento hidr\u00e1ulico \u00e0 venda<\/figcaption><\/figure> <\/div>   <p>Nossa prensa enfardadeira vertical consiste em cilindros hidr\u00e1ulicos, dispositivo anti-ressalto, sistema de energia e c\u00e2mara de compress\u00e3o. Na verdade, a estrutura da enfardadeira vertical \u00e9 simples de entender e voc\u00ea pode operar a m\u00e1quina com muita facilidade.<\/p>    <h2 class=\"wp-block-heading\"><strong>Amplas aplica\u00e7\u00f5es de compactador de prensa enfardadeira vertical<\/strong><\/h2>   <div class=\"wp-block-image\"> <figure class=\"aligncenter size-full\"><img loading=\"lazy\" decoding=\"async\" width=\"634\" height=\"810\" src=\"https:\/\/www.baler-machines.com\/wp-content\/uploads\/2023\/08\/wide-applications-of-hydraulic-vertical-abler.webp\" alt=\"amplas aplica\u00e7\u00f5es do empacotador hidr\u00e1ulico vertical\" class=\"wp-image-4297\" title=\"\" srcset=\"https:\/\/www.baler-machines.com\/wp-content\/uploads\/2023\/08\/wide-applications-of-hydraulic-vertical-abler.webp 634w, https:\/\/www.baler-machines.com\/wp-content\/uploads\/2023\/08\/wide-applications-of-hydraulic-vertical-abler-9x12.webp 9w\" sizes=\"auto, (max-width: 634px) 100vw, 634px\" \/><figcaption class=\"wp-element-caption\">amplas aplica\u00e7\u00f5es do empacotador hidr\u00e1ulico vertical<\/figcaption><\/figure> <\/div>   <p class=\"translation-block\">Esta prensa de empacotamento vertical pode empacotar e comprimir muitos materiais de res\u00edduos al\u00e9m de papel. Como, <strong>latas de alum\u00ednio, papel\u00e3o, roupas, fibras, serragem, l\u00e3, algod\u00e3o, feno, palha, garrafas pl\u00e1sticas, cascas de coco, res\u00edduos agr\u00edcolas, latas de \u00f3leo, lixeiras<\/strong>, e mais.<\/p>    <figure class=\"wp-block-gallery aligncenter has-nested-images columns-default is-cropped wp-block-gallery-3 is-layout-flex wp-block-gallery-is-layout-flex\"> <figure class=\"wp-block-image size-full\"><img loading=\"lazy\" decoding=\"async\" width=\"720\" height=\"540\" data-id=\"3410\" src=\"https:\/\/www.baler-machines.com\/wp-content\/uploads\/2023\/08\/applications-of-vertical-baling-press-1.webp\" alt=\"aplica\u00e7\u00f5es de prensa enfardadeira vertical\" class=\"wp-image-3410\" title=\"\"><figcaption class=\"wp-element-caption\">Aplica\u00e7\u00f5es da prensa de empacotamento vertical<\/figcaption><\/figure>    <figure class=\"wp-block-image size-full\"><img loading=\"lazy\" decoding=\"async\" width=\"589\" height=\"540\" data-id=\"4296\" src=\"https:\/\/www.baler-machines.com\/wp-content\/uploads\/2023\/08\/applicable-materials-of-vertical-baling-machine.webp\" alt=\"applicable materials of vertical baling machine\" class=\"wp-image-4296\" title=\"\" srcset=\"https:\/\/www.baler-machines.com\/wp-content\/uploads\/2023\/08\/applicable-materials-of-vertical-baling-machine.webp 589w, https:\/\/www.baler-machines.com\/wp-content\/uploads\/2023\/08\/applicable-materials-of-vertical-baling-machine-13x12.webp 13w\" sizes=\"auto, (max-width: 589px) 100vw, 589px\" \/><figcaption class=\"wp-element-caption\">Materiais aplic\u00e1veis da m\u00e1quina de empacotamento vertical<\/figcaption><\/figure> <\/figure>    <h2 class=\"wp-block-heading\"><strong>Caracter\u00edsticas da enfardadeira vertical<\/strong><\/h2>    <ul class=\"wp-block-list\"> <li><strong>Design compacto<\/strong>: A enfardadeira vertical foi projetada para ocupar um espa\u00e7o m\u00ednimo, tornando-a adequada para uma variedade de ambientes, incluindo empresas, armaz\u00e9ns e centros de reciclagem.<\/li>    <li><strong>Multifuncional<\/strong>: A prensa enfardadeira hidr\u00e1ulica pode lidar com uma ampla variedade de materiais recicl\u00e1veis, como papel\u00e3o, papel, pl\u00e1stico, t\u00eaxteis e muito mais, tornando-a adequada para uma variedade de reciclagem de res\u00edduos.<\/li>    <li><strong>Tamanhos de fardos personaliz\u00e1veis<\/strong>: Nossa prensa enfardadeira vertical permite que os tamanhos dos fardos sejam ajustados para atender \u00e0s diferentes necessidades de reciclagem e otimizar a efici\u00eancia do transporte.<\/li>    <li><strong>Durabilidade<\/strong>: A constru\u00e7\u00e3o e os componentes de alta qualidade garantem a longevidade e a confiabilidade da enfardadeira vertical, mesmo sob uso intenso.<\/li>    <li><strong>Economia de custos<\/strong>: Ao reduzir o volume de res\u00edduos e otimizar o transporte, a prensa enfardadeira hidr\u00e1ulica pode resultar em economias significativas nos custos de gest\u00e3o de res\u00edduos.<\/li> <\/ul>    <h2 class=\"wp-block-heading\"><strong>Outros equipamentos de enfardamento para reciclagem de res\u00edduos de papel<\/strong><\/h2>    <p class=\"translation-block\">In addition to vertical balers, another essential type of baling equipment for waste paper recycling is the horizontal baler, also known as a <a href=\"https:\/\/www.baler-machines.com\/pt\/horizontal-waste-paper-baling-machine\/\">horizontal waste paper baler<\/a>.<\/p>    <figure class=\"wp-block-gallery aligncenter has-nested-images columns-default is-cropped wp-block-gallery-4 is-layout-flex wp-block-gallery-is-layout-flex\"> <figure class=\"wp-block-image size-full\"><img loading=\"lazy\" decoding=\"async\" width=\"720\" height=\"540\" data-id=\"3218\" src=\"https:\/\/www.baler-machines.com\/wp-content\/uploads\/2023\/04\/hydraulic-horizontal-baler.webp\" alt=\"enfardadeira horizontal hidr\u00e1ulica\" class=\"wp-image-3218\" title=\"\"><figcaption class=\"wp-element-caption\">Enfardadeira Horizontal Hidr\u00e1ulica<\/figcaption><\/figure>    <figure class=\"wp-block-image size-full\"><img loading=\"lazy\" decoding=\"async\" width=\"540\" height=\"540\" data-id=\"2629\" src=\"https:\/\/www.baler-machines.com\/wp-content\/uploads\/2022\/08\/paper-baler-manufacturer.webp\" alt=\"fabricante de enfardadeira de papel\" class=\"wp-image-2629\" title=\"\"><figcaption class=\"wp-element-caption\">Fabricante de enfardadeira de papel<\/figcaption><\/figure> <\/figure>    <p class=\"translation-block\">The <a href=\"https:\/\/shuliybaler.com\/product\/waste-paper-baler-machine\/\" target=\"_blank\" rel=\"noopener\">horizontal baler<\/a> operates differently than the vertical baling press. Instead of compressing material vertically, this baler compresses waste horizontally to form larger, denser bales. This design is especially useful when dealing with large quantities of waste material. Horizontal balers are typically used in industries that need to efficiently process large quantities of paper, cardboard, and other recyclable materials, such as paper mills, printing and packaging, supermarkets and distribution centers, corrugated box manufacturers, and large recycling facilities.<\/p>    <h2 class=\"wp-block-heading\"><strong>Par\u00e2metros t\u00e9cnicos da prensa enfardadeira vertical para venda<\/strong><\/h2>    <figure class=\"wp-block-table\"><table><tbody><tr><td>Modelo<\/td><td>Energia el\u00e9trica (kw)<\/td><td>Cilindro<\/td><td>Dimens\u00e3o (mm)<\/td><td>Tamanho da embalagem (mm)<\/td><td>Bomba de \u00f3leo<\/td><\/tr><tr><td>SL-30<\/td><td>11<\/td><td>115<\/td><td>1650*850*2700<\/td><td>1000*600*800<\/td><td>532<\/td><\/tr><tr><td>SL-60<\/td><td>15<\/td><td>160<\/td><td>1200*800*1000<\/td><td>1200*800*1000<\/td><td>563<\/td><\/tr><tr><td>SL-80<\/td><td>18.5<\/td><td>180<\/td><td>1700*2100*3300<\/td><td>1200*800*1000<\/td><td>563<\/td><\/tr><\/tbody><\/table><figcaption class=\"wp-element-caption\">par\u00e2metros de enfardadeira vertical mais vendidos<\/figcaption><\/figure>","protected":false},"excerpt":{"rendered":"<p>Shuliy vertical baling press is designed to efficiently compact materials such as waste paper into bales through its powerful hydraulic system. By using this hydraulic baling press machine, not only is storage space optimized, but transportation to recycling facilities is also facilitated. Our machines are available in a variety of models, 30T, 40T, 50T, 60T, [&hellip;]<\/p>\n","protected":false},"author":1,"featured_media":3407,"parent":0,"template":"","tags":[625],"product-type":[563],"class_list":["post-3406","product","type-product","status-publish","has-post-thumbnail","hentry","tag-waste-paper-bales","product-type-baler-machine"],"_links":{"self":[{"href":"https:\/\/www.baler-machines.com\/pt\/wp-json\/wp\/v2\/product\/3406","targetHints":{"allow":["GET"]}}],"collection":[{"href":"https:\/\/www.baler-machines.com\/pt\/wp-json\/wp\/v2\/product"}],"about":[{"href":"https:\/\/www.baler-machines.com\/pt\/wp-json\/wp\/v2\/types\/product"}],"author":[{"embeddable":true,"href":"https:\/\/www.baler-machines.com\/pt\/wp-json\/wp\/v2\/users\/1"}],"wp:featuredmedia":[{"embeddable":true,"href":"https:\/\/www.baler-machines.com\/pt\/wp-json\/wp\/v2\/media\/3407"}],"wp:attachment":[{"href":"https:\/\/www.baler-machines.com\/pt\/wp-json\/wp\/v2\/media?parent=3406"}],"wp:term":[{"taxonomy":"post_tag","embeddable":true,"href":"https:\/\/www.baler-machines.com\/pt\/wp-json\/wp\/v2\/tags?post=3406"},{"taxonomy":"product-type","embeddable":true,"href":"https:\/\/www.baler-machines.com\/pt\/wp-json\/wp\/v2\/product-type?post=3406"}],"curies":[{"name":"wp","href":"https:\/\/api.w.org\/{rel}","templated":true}]}}