{"id":3319,"date":"2023-06-30T17:27:11","date_gmt":"2023-06-30T09:27:11","guid":{"rendered":"https:\/\/www.baler-machines.com\/?post_type=product&#038;p=3319"},"modified":"2026-02-13T13:31:21","modified_gmt":"2026-02-13T05:31:21","slug":"vertical-cardboard-baler-machine","status":"publish","type":"product","link":"https:\/\/www.baler-machines.com\/pt\/vertical-cardboard-baler-machine\/","title":{"rendered":"M\u00e1quina enfardadeira vertical de papel\u00e3o para venda"},"content":{"rendered":"<p>A enfardadeira vertical de papel\u00e3o \u00e9 uma m\u00e1quina altamente eficiente projetada para a reciclagem de res\u00edduos de papel\u00e3o. Com adaptabilidade de tamanho flex\u00edvel, pre\u00e7o de enfardamento econ\u00f4mico e servi\u00e7o p\u00f3s-venda confi\u00e1vel, a prensa enfardadeira hidr\u00e1ulica oferece a solu\u00e7\u00e3o ideal para os clientes.<\/p>    <h2 class=\"wp-block-heading\"><strong>Reciclagem de fardos de papel\u00e3o: pre\u00e7o lucrativo de fardos de papel\u00e3o<\/strong><\/h2>    <p>A reciclagem de embalagens de papel\u00e3o tornou-se um neg\u00f3cio lucrativo. Ao enfardar res\u00edduos de papel\u00e3o em quadrados compactos, eles n\u00e3o apenas podem ser facilmente armazenados e transportados, mas tamb\u00e9m podem ter um valor de vendas significativo.<\/p>    <figure class=\"wp-block-gallery aligncenter has-nested-images columns-default is-cropped wp-block-gallery-2 is-layout-flex wp-block-gallery-is-layout-flex\"> <figure class=\"wp-block-image size-large\"><img loading=\"lazy\" decoding=\"async\" width=\"650\" height=\"450\" data-id=\"2880\" src=\"https:\/\/www.baler-machines.com\/wp-content\/uploads\/2022\/12\/cardboard-boxes.webp\" alt=\"caixas de papel\u00e3o\" class=\"wp-image-2880\" title=\"\"><figcaption class=\"wp-element-caption\">Caixas de papel\u00e3o<\/figcaption><\/figure>    <figure class=\"wp-block-image size-large\"><img loading=\"lazy\" decoding=\"async\" width=\"540\" height=\"540\" data-id=\"2941\" src=\"https:\/\/www.baler-machines.com\/wp-content\/uploads\/2023\/01\/waste-cardboard.webp\" alt=\"res\u00edduos de papel\u00e3o\" class=\"wp-image-2941\" title=\"\"><figcaption class=\"wp-element-caption\">Res\u00edduos de papel\u00e3o<\/figcaption><\/figure> <\/figure>    <p>De modo geral, o pre\u00e7o do fardo de papel\u00e3o depende da oferta e demanda do mercado e da qualidade do papel\u00e3o. Os pre\u00e7os tendem a ser mais elevados quando a procura do mercado \u00e9 elevada e a qualidade do cart\u00e3o \u00e9 boa. As empresas de reciclagem geralmente avaliam seu papel\u00e3o por peso e baseiam seus pre\u00e7os na qualidade do papel\u00e3o, na limpeza e no mercado de reciclagem.<\/p>    <h2 class=\"wp-block-heading\"><strong>Que equipamento pode ser usado como enfardadeira de papel\u00e3o?<\/strong><\/h2>    <p>Como fabricante profissional de enfardadeiras, estamos agora apresentando solenemente uma enfardadeira hidr\u00e1ulica vertical de papel\u00e3o. A efici\u00eancia e a qualidade do enfardamento podem ser melhoradas atrav\u00e9s da compress\u00e3o e de outros processos, aumentando assim o valor dos quadrados de papel\u00e3o. Isto n\u00e3o s\u00f3 aumenta os lucros da reciclagem, mas tamb\u00e9m contribui para a prote\u00e7\u00e3o ambiental e a reciclagem de recursos.<\/p>   <div class=\"wp-block-image\"> <figure class=\"aligncenter size-full\"><img loading=\"lazy\" decoding=\"async\" width=\"907\" height=\"920\" src=\"https:\/\/www.baler-machines.com\/wp-content\/uploads\/2023\/06\/industrial-vertical-cardboard-baler-for-recycling.webp\" alt=\"compactadora vertical de papel\u00e3o industrial para reciclagem\" class=\"wp-image-4300\" title=\"\" srcset=\"https:\/\/www.baler-machines.com\/wp-content\/uploads\/2023\/06\/industrial-vertical-cardboard-baler-for-recycling.webp 907w, https:\/\/www.baler-machines.com\/wp-content\/uploads\/2023\/06\/industrial-vertical-cardboard-baler-for-recycling-768x779.webp 768w, https:\/\/www.baler-machines.com\/wp-content\/uploads\/2023\/06\/industrial-vertical-cardboard-baler-for-recycling-12x12.webp 12w\" sizes=\"auto, (max-width: 907px) 100vw, 907px\" \/><figcaption class=\"wp-element-caption\">compactadora vertical de papel\u00e3o industrial para reciclagem<\/figcaption><\/figure> <\/div>   <p class=\"translation-block\">Claro, existe tamb\u00e9m o nosso <a href=\"https:\/\/www.baler-machines.com\/pt\/hydraulic-cardboard-baler-for-sale\/\" target=\"_blank\" rel=\"noreferrer noopener\">fardo hidr\u00e1ulico horizontal<\/a>, que \u00e9 o fardo mais adequado para comprar principalmente de acordo com suas necessidades de enfardamento, or\u00e7amento, etc.<\/p>    <h2 class=\"wp-block-heading\"><strong>Instru\u00e7\u00f5es da enfardadeira hidr\u00e1ulica de papel\u00e3o Shuliy<\/strong><\/h2>    <ol class=\"wp-block-list\"> <li>Trabalho de prepara\u00e7\u00e3o <ul class=\"wp-block-list\"> <li>Arrume o papel\u00e3o, certifique-se de que a superf\u00edcie esteja limpa e retire o excesso de ap\u00eandices.<\/li>    <li>Verifique se a fonte de alimenta\u00e7\u00e3o e o sistema hidr\u00e1ulico da enfardadeira de papel\u00e3o est\u00e3o funcionando corretamente para garantir a seguran\u00e7a.<\/li> <\/ul> <\/li>    <li>Opera\u00e7\u00e3o da enfardadeira vertical de papel\u00e3o  <ul class=\"wp-block-list\"> <li>Coloque o papel\u00e3o descartado no alimentador da m\u00e1quina compactadora de papel\u00e3o descartado.<\/li>    <li>Pressione o bot\u00e3o Iniciar e a enfardadeira come\u00e7a a funcionar.<\/li>    <li>A enfardadeira comprimir\u00e1 automaticamente o papel\u00e3o e o transformar\u00e1 em quadrados compactos.<\/li>    <li>Quando o enfardamento estiver conclu\u00eddo, pare a enfardadeira vertical de papel\u00e3o.<\/li> <\/ul> <\/li>    <li>Verifique o fardo de papel\u00e3o <ul class=\"wp-block-list\"> <li>Verifique os quadrados de papel\u00e3o enfardados para ter certeza de que est\u00e3o compactos e seguros.<\/li>    <li>Se necess\u00e1rio, ajuste os par\u00e2metros da enfardadeira para obter melhores resultados de enfardamento.<\/li> <\/ul> <\/li>    <li>Manuten\u00e7\u00e3o <ul class=\"wp-block-list\"> <li>Limpe regularmente a poeira e os detritos de dentro e de fora da enfardadeira.<\/li>    <li>Verifique o fluido do sistema hidr\u00e1ulico para ter certeza de que est\u00e1 adequado e limpo.<\/li>    <li>Verifique e aperte regularmente os parafusos e as pe\u00e7as de conex\u00e3o da enfardadeira vertical de papel\u00e3o.<\/li> <\/ul> <\/li> <\/ol>   <div class=\"wp-block-image\"> <figure class=\"aligncenter size-full\"><img loading=\"lazy\" decoding=\"async\" width=\"875\" height=\"760\" src=\"https:\/\/www.baler-machines.com\/wp-content\/uploads\/2023\/06\/hydraulic-cardboard-baling-machine.webp\" alt=\"m\u00e1quina hidr\u00e1ulica de compacta\u00e7\u00e3o de papel\u00e3o\" class=\"wp-image-4301\" title=\"\" srcset=\"https:\/\/www.baler-machines.com\/wp-content\/uploads\/2023\/06\/hydraulic-cardboard-baling-machine.webp 875w, https:\/\/www.baler-machines.com\/wp-content\/uploads\/2023\/06\/hydraulic-cardboard-baling-machine-768x667.webp 768w, https:\/\/www.baler-machines.com\/wp-content\/uploads\/2023\/06\/hydraulic-cardboard-baling-machine-14x12.webp 14w\" sizes=\"auto, (max-width: 875px) 100vw, 875px\" \/><figcaption class=\"wp-element-caption\">m\u00e1quina hidr\u00e1ulica de compacta\u00e7\u00e3o de papel\u00e3o<\/figcaption><\/figure> <\/div>   <h2 class=\"wp-block-heading\"><strong>Que tal a solu\u00e7\u00e3o de problemas da enfardadeira vertical de papel\u00e3o?<\/strong><\/h2>    <figure class=\"wp-block-table\"><table><tbody><tr><td>Problemas com enfardadeira vertical de papel\u00e3o<\/td><td>solu\u00e7\u00e3o de problemas<\/td><\/tr><tr><td>A enfardadeira n\u00e3o inicia<\/td><td>1. Verifique se a fonte de alimenta\u00e7\u00e3o est\u00e1 conectada corretamente e se o plugue est\u00e1 bem inserido.<br>2. Verifique se o bot\u00e3o liga\/desliga est\u00e1 ligado.<br>3. Verifique as linhas de energia e os fus\u00edveis para garantir que estejam funcionando corretamente.<\/td><\/tr><tr><td>A enfardadeira funciona lentamente ou sob press\u00e3o<\/td><td>1. Verifique o n\u00edvel do \u00f3leo hidr\u00e1ulico e adicione ou substitua o \u00f3leo hidr\u00e1ulico, se necess\u00e1rio.<br>2. Verifique se h\u00e1 vazamentos no sistema hidr\u00e1ulico e, se necess\u00e1rio, repare os vazamentos.<br>3. Verifique se o cilindro hidr\u00e1ulico est\u00e1 funcionando corretamente e, se necess\u00e1rio, fa\u00e7a manuten\u00e7\u00e3o ou substitua-o.<\/td><\/tr><tr><td>Resultados de enfardamento insatisfat\u00f3rios<\/td><td>1. Verifique o regulador de press\u00e3o da enfardadeira para ter certeza de que a press\u00e3o est\u00e1 ajustada corretamente.<br>2. Verifique o ajuste do tempo de embalagem da enfardadeira e ajuste-o de acordo com a qualidade e espessura do papel\u00e3o.<br>3. Verifique o ajuste da tens\u00e3o da correia da gaxeta para garantir o aperto adequado.<\/td><\/tr><tr><td>Ru\u00eddo anormal da enfardadeira<\/td><td>1. Verifique os parafusos e fixadores da enfardadeira para ter certeza de que est\u00e3o seguros.<br>2. Verifique os pist\u00f5es e os cilindros hidr\u00e1ulicos da enfardadeira para garantir que est\u00e3o funcionando perfeitamente.<br>3. Se necess\u00e1rio, lubrifique as pe\u00e7as m\u00f3veis da enfardadeira.<\/td><\/tr><\/tbody><\/table><figcaption class=\"wp-element-caption\">poss\u00edveis problemas com enfardadeira vertical de papel\u00e3o<\/figcaption><\/figure>    <figure class=\"wp-block-gallery has-nested-images columns-default is-cropped wp-block-gallery-3 is-layout-flex wp-block-gallery-is-layout-flex\"> <figure class=\"wp-block-image size-large\"><img loading=\"lazy\" decoding=\"async\" width=\"720\" height=\"540\" data-id=\"3274\" src=\"https:\/\/www.baler-machines.com\/wp-content\/uploads\/2023\/05\/vertical-cardboard-baler-for-sale.webp\" alt=\"enfardadeira vertical de papel\u00e3o para venda\" class=\"wp-image-3274\" title=\"\"><figcaption class=\"wp-element-caption\">Enfardadeira vertical de papel\u00e3o para venda<\/figcaption><\/figure>    <figure class=\"wp-block-image size-large\"><img loading=\"lazy\" decoding=\"async\" width=\"720\" height=\"540\" data-id=\"2997\" src=\"https:\/\/www.baler-machines.com\/wp-content\/uploads\/2023\/02\/vertical-cardboard-compactor-for-sale.webp\" alt=\"compactador vertical de papel\u00e3o para venda\" class=\"wp-image-2997\" title=\"\"><figcaption class=\"wp-element-caption\">Compactador vertical de papel\u00e3o para venda<\/figcaption><\/figure> <\/figure>    <h2 class=\"wp-block-heading\"><strong>Como escolher fabricantes confi\u00e1veis \u200b\u200bde enfardadeiras industriais de papel\u00e3o?<\/strong><\/h2>    <div class=\"wp-block-columns is-layout-flex wp-container-core-columns-is-layout-9d6595d7 wp-block-columns-is-layout-flex\"> <div class=\"wp-block-column is-layout-flow wp-block-column-is-layout-flow\"> <p class=\"translation-block\"><strong>Qualifica\u00e7\u00f5es e experi\u00eancia<\/strong><\/p> <\/div>    <div class=\"wp-block-column is-layout-flow wp-block-column-is-layout-flow\"> <p class=\"translation-block\"><strong>Qualidade e desempenho do produto<\/strong><\/p> <\/div>    <div class=\"wp-block-column is-layout-flow wp-block-column-is-layout-flow\"> <p class=\"translation-block\"><strong>Servi\u00e7o p\u00f3s-venda<\/strong><\/p> <\/div> <\/div>    <div class=\"wp-block-columns is-layout-flex wp-container-core-columns-is-layout-9d6595d7 wp-block-columns-is-layout-flex\"> <div class=\"wp-block-column is-layout-flow wp-block-column-is-layout-flow\"> <p class=\"translation-block\"><strong>Pre\u00e7o razo\u00e1vel do fardo<\/strong><\/p> <\/div>    <div class=\"wp-block-column is-layout-flow wp-block-column-is-layout-flow\"> <p class=\"translation-block\"><strong>Prazo de entrega<\/strong><\/p> <\/div>    <div class=\"wp-block-column is-layout-flow wp-block-column-is-layout-flow\"> <p class=\"translation-block\"><strong>Reputa\u00e7\u00e3o no mercado mundial<\/strong><\/p> <\/div> <\/div>    <p>De um modo geral, os aspectos acima devem ser considerados, mas n\u00e3o apenas os acima mencionados. Se voc\u00ea deseja escolher a enfardadeira certa para res\u00edduos de papel\u00e3o, entre em contato conosco e nosso gerente de vendas fornecer\u00e1 aconselhamento profissional de acordo com suas necessidades.<\/p>","protected":false},"excerpt":{"rendered":"<p>The vertical cardboard baler machine is a highly efficient machine designed for the recycling of waste cardboard. With flexible size adaptability, economical baling price and reliable after-sales service, the hydrualic baling press provides the ideal solution for customers. Cardboard bale recycling: profitable cardboard bale price Cardboard packaging recycling has become a profitable business. By baling [&hellip;]<\/p>\n","protected":false},"author":1,"featured_media":3320,"parent":0,"template":"","tags":[616,570],"product-type":[563],"class_list":["post-3319","product","type-product","status-publish","has-post-thumbnail","hentry","tag-cardboard-baler-machine","tag-hydraulic-baling-press","product-type-baler-machine"],"_links":{"self":[{"href":"https:\/\/www.baler-machines.com\/pt\/wp-json\/wp\/v2\/product\/3319","targetHints":{"allow":["GET"]}}],"collection":[{"href":"https:\/\/www.baler-machines.com\/pt\/wp-json\/wp\/v2\/product"}],"about":[{"href":"https:\/\/www.baler-machines.com\/pt\/wp-json\/wp\/v2\/types\/product"}],"author":[{"embeddable":true,"href":"https:\/\/www.baler-machines.com\/pt\/wp-json\/wp\/v2\/users\/1"}],"wp:featuredmedia":[{"embeddable":true,"href":"https:\/\/www.baler-machines.com\/pt\/wp-json\/wp\/v2\/media\/3320"}],"wp:attachment":[{"href":"https:\/\/www.baler-machines.com\/pt\/wp-json\/wp\/v2\/media?parent=3319"}],"wp:term":[{"taxonomy":"post_tag","embeddable":true,"href":"https:\/\/www.baler-machines.com\/pt\/wp-json\/wp\/v2\/tags?post=3319"},{"taxonomy":"product-type","embeddable":true,"href":"https:\/\/www.baler-machines.com\/pt\/wp-json\/wp\/v2\/product-type?post=3319"}],"curies":[{"name":"wp","href":"https:\/\/api.w.org\/{rel}","templated":true}]}}