{"id":3166,"date":"2023-03-29T10:44:02","date_gmt":"2023-03-29T02:44:02","guid":{"rendered":"https:\/\/www.baler-machines.com\/?post_type=product&#038;p=3166"},"modified":"2023-03-29T15:08:16","modified_gmt":"2023-03-29T07:08:16","slug":"waste-wire-cable-shredder-for-recycling","status":"publish","type":"product","link":"https:\/\/www.baler-machines.com\/pt\/waste-wire-cable-shredder-for-recycling\/","title":{"rendered":"Triturador de res\u00edduos de fios\/cabos para reciclagem de sucata"},"content":{"rendered":"<p class=\"translation-block\">O triturador de cabos \u00e9 projetado para descartar fios\/cabos\/placas el\u00e9tricas em peda\u00e7os pequenos para quebrar e reciclar esses res\u00edduos. Recentemente, devido \u00e0 sua efici\u00eancia e capacidade de reduzir res\u00edduos na ind\u00fastria eletr\u00f4nica, este tipo de <a href=\"https:\/\/www.baler-machines.com\/pt\/industrial-shredder\/\" target=\"_blank\" rel=\"noreferrer noopener\">m\u00e1quina trituradora de eixo duplo<\/a> tem se tornado cada vez mais popular.<\/p>    <figure class=\"wp-block-gallery aligncenter has-nested-images columns-default is-cropped wp-block-gallery-2 is-layout-flex wp-block-gallery-is-layout-flex\"> <figure class=\"wp-block-image size-large\"><img loading=\"lazy\" decoding=\"async\" width=\"301\" height=\"167\" data-id=\"3179\" src=\"https:\/\/www.baler-machines.com\/wp-content\/uploads\/2023\/03\/electric-cables.webp\" alt=\"cabos el\u00e9tricos\" class=\"wp-image-3179\" title=\"\"><figcaption class=\"wp-element-caption\">Cabos El\u00e9tricos<\/figcaption><\/figure>    <figure class=\"wp-block-image size-large\"><a href=\"https:\/\/en.wikipedia.org\/wiki\/Electronic_circuit\" target=\"_blank\" rel=\"noopener\"><img loading=\"lazy\" decoding=\"async\" width=\"286\" height=\"176\" data-id=\"3180\" src=\"https:\/\/www.baler-machines.com\/wp-content\/uploads\/2023\/03\/electric-circuit-boards.webp\" alt=\"placas de circuito el\u00e9trico\" class=\"wp-image-3180\" title=\"\"><\/a><figcaption class=\"wp-element-caption\">Placas de circuito el\u00e9trico<\/figcaption><\/figure>    <figure class=\"wp-block-image size-large\"><img loading=\"lazy\" decoding=\"async\" width=\"733\" height=\"524\" data-id=\"3181\" src=\"https:\/\/www.baler-machines.com\/wp-content\/uploads\/2023\/03\/electric-wires.webp\" alt=\"fios el\u00e9tricos\" class=\"wp-image-3181\" title=\"\"><figcaption class=\"wp-element-caption\">Fios el\u00e9tricos<\/figcaption><\/figure> <\/figure>    <p>Este triturador de fio de cobre \u00e9 muito poderoso, n\u00e3o apenas para fios\/cabos\/circuitos, mas tamb\u00e9m para metais e pl\u00e1sticos, lixo, madeira, etc. <\/p>    <h2 class=\"wp-block-heading\"><strong>Por que usar a m\u00e1quina trituradora de cabos de cobre para tritura\u00e7\u00e3o de fios\/cabos?<\/strong><\/h2>    <div class=\"wp-block-columns is-layout-flex wp-container-core-columns-is-layout-9d6595d7 wp-block-columns-is-layout-flex\"> <div class=\"wp-block-column is-layout-flow wp-block-column-is-layout-flow\"> <p class=\"has-text-align-center translation-block\"><strong>Alto valor de reciclagem<\/strong><\/p>    <p class=\"has-cyan-bluish-gray-background-color has-background\">Fios e cabos cont\u00eam muitos metais, como cobre e alum\u00ednio, que podem ser reciclados e convertidos em outros produtos met\u00e1licos. A reciclagem de fios e cabos pode trazer benef\u00edcios econ\u00f3micos consider\u00e1veis.<\/p> <\/div>    <div class=\"wp-block-column is-layout-flow wp-block-column-is-layout-flow\"> <p class=\"has-text-align-center translation-block\"><strong>Economizar recursos<\/strong><\/p>    <p class=\"has-cyan-bluish-gray-background-color has-background\">A reciclagem de fios e cabos pode ajudar a economizar recursos naturais porque podem ser reutilizados em vez de serem jogados em aterros ou queimados. Isto \u00e9 muito importante para a prote\u00e7\u00e3o ambiental.<\/p> <\/div> <\/div>    <div class=\"wp-block-columns is-layout-flex wp-container-core-columns-is-layout-9d6595d7 wp-block-columns-is-layout-flex\"> <div class=\"wp-block-column is-layout-flow wp-block-column-is-layout-flow\"> <p class=\"has-text-align-center translation-block\"><strong>Cumprir requisitos regulat\u00f3rios<\/strong><\/p>    <p class=\"has-cyan-bluish-gray-background-color has-background\">Em muitos pa\u00edses e regi\u00f5es, existem requisitos regulamentares rigorosos para a elimina\u00e7\u00e3o de res\u00edduos de fios e cabos. Usar um triturador de fios e cabos pode atender aos requisitos regulat\u00f3rios e, assim, evitar multas e riscos legais.<\/p> <\/div>    <div class=\"wp-block-column is-layout-flow wp-block-column-is-layout-flow\"> <p class=\"has-text-align-center translation-block\"><strong>Redu\u00e7\u00e3o de res\u00edduos de risco<\/strong><\/p>    <p class=\"has-cyan-bluish-gray-background-color has-background\">Fios e cabos cont\u00eam muitos produtos qu\u00edmicos perigosos. Se descartados livremente, podem causar s\u00e9rios impactos ao meio ambiente e \u00e0 sa\u00fade humana. O triturador de res\u00edduos de cabos \u00e9 usado para evitar o manuseio causal.<\/p> <\/div> <\/div>    <h2 class=\"wp-block-heading\"><strong>Estrutura da m\u00e1quina trituradora de cabos Shuliy<\/strong><\/h2>   <div class=\"wp-block-image\"> <figure class=\"aligncenter size-full\"><img loading=\"lazy\" decoding=\"async\" width=\"720\" height=\"540\" src=\"https:\/\/www.baler-machines.com\/wp-content\/uploads\/2023\/03\/structure-of-waste-cable-crusher.webp\" alt=\"estrutura do triturador de cabos de res\u00edduos\" class=\"wp-image-3186\" title=\"\"><figcaption class=\"wp-element-caption\">estrutura do triturador de cabos de res\u00edduos<\/figcaption><\/figure> <\/div>   <p class=\"translation-block\">Como <a href=\"https:\/\/www.baler-machines.com\/pt\/\" target=\"_blank\" rel=\"noreferrer noopener\">um fabricante e fornecedor profissional de trituradores<\/a>, a estrutura do nosso triturador tem sido continuamente otimizada e atualizada, o que \u00e9 muito adequado \u00e0s necessidades dos clientes.<\/p>    <p>De acordo com a foto acima, nosso triturador \u00e9 composto por redutor, motor, porta de alimenta\u00e7\u00e3o e porta de descarga. Na verdade, \u00e9 muito simples e direto. Se voc\u00ea quiser saber mais, entre em contato conosco e seja bem-vindo para visitar nossa f\u00e1brica!<\/p>    <h2 class=\"wp-block-heading\"><strong>Vantagens de usar o triturador de sucata de cabos<\/strong><\/h2>    <ol class=\"wp-block-list\"> <li>Alta efici\u00eancia: Em compara\u00e7\u00e3o com a remo\u00e7\u00e3o manual de fios ou outros m\u00e9todos tradicionais, o uso de um triturador de cabos pode aumentar significativamente a efici\u00eancia do processamento e, portanto, a produtividade.<\/li>    <li>Grande precis\u00e3o: O granulador de cabos pode triturar com precis\u00e3o os fios e cabos em pequenas part\u00edculas adequadas para reciclagem, e essas pequenas part\u00edculas podem ser processadas novamente com mais facilidade.<\/li>    <li>Grande seguran\u00e7a: A m\u00e1quina trituradora de cabos pode ser controlada automaticamente durante o trabalho, reduzindo o risco de interven\u00e7\u00e3o manual.<\/li>    <li>Prote\u00e7\u00e3o ambiental: Existem subst\u00e2ncias nocivas nos fios e cabos e, usando o triturador de cabos, essas subst\u00e2ncias perigosas podem ser eliminadas de forma eficaz.<\/li>    <li>Baixo custo: Em termos de benef\u00edcios a longo prazo, o uso do triturador de fios para reciclagem de fios e cabos pode reduzir significativamente os custos de m\u00e3o de obra.<\/li> <\/ol>    <h2 class=\"wp-block-heading\"><strong>Que tal o pre\u00e7o do triturador de cabos de sucata?<\/strong><\/h2>    <p>Para os clientes, um dos fatores importantes a considerar na hora de comprar uma m\u00e1quina \u00e9 o pre\u00e7o. Obviamente, os clientes que compram a m\u00e1quina trituradora de cabos de cobre s\u00e3o os mesmos.<\/p>    <p class=\"translation-block\">Ao comprar uma <a href=\"https:\/\/www.baler-machines.com\/pt\/industrial-shredder\/\" target=\"_blank\" rel=\"noreferrer noopener\">m\u00e1quina trituradora para v\u00e1rios res\u00edduos<\/a>, voc\u00ea pode considerar a produ\u00e7\u00e3o que deseja processar, seu or\u00e7amento, o fabricante, etc. Estas s\u00e3o apenas para sua refer\u00eancia. Voc\u00ea tamb\u00e9m pode nos informar suas necessidades, etc., e n\u00f3s projetaremos a melhor solu\u00e7\u00e3o para voc\u00ea.<\/p>    <h2 class=\"wp-block-heading\"><strong>V\u00eddeo de trabalho do triturador de cabos de cobre \u00e0 venda<\/strong><\/h2>    <figure class=\"wp-block-embed is-type-video is-provider-youtube wp-block-embed-youtube wp-embed-aspect-16-9 wp-has-aspect-ratio\"><div class=\"wp-block-embed__wrapper\"> <iframe loading=\"lazy\" title=\"M\u00e1quina trituradora e trituradora incr\u00edvel para res\u00edduos de fios\/cabos\/placas el\u00e9tricas para reciclagem de sucata\" width=\"500\" height=\"281\" src=\"https:\/\/www.youtube.com\/embed\/hHcx_l1vlpk?start=3&#038;feature=oembed\" frameborder=\"0\" allow=\"accelerometer; autoplay; clipboard-write; encrypted-media; gyroscope; picture-in-picture; web-share\" referrerpolicy=\"strict-origin-when-cross-origin\" allowfullscreen><\/iframe> <\/div><\/figure>","protected":false},"excerpt":{"rendered":"<p>The cable shredder is designed to dispose of waste wire\/cables\/electric plates into small pieces to break down and recycle this waste. Recently, due to its efficiency and ability to reduce waste in the electronic industry, this kind of double-shaft shredder machine has become increasingly popular. This copper wire shredder is very powerful, not only for [&hellip;]<\/p>\n","protected":false},"author":1,"featured_media":3178,"parent":0,"template":"","tags":[608],"product-type":[561],"class_list":["post-3166","product","type-product","status-publish","has-post-thumbnail","hentry","tag-cable-shredder","product-type-industrial-shredder"],"_links":{"self":[{"href":"https:\/\/www.baler-machines.com\/pt\/wp-json\/wp\/v2\/product\/3166","targetHints":{"allow":["GET"]}}],"collection":[{"href":"https:\/\/www.baler-machines.com\/pt\/wp-json\/wp\/v2\/product"}],"about":[{"href":"https:\/\/www.baler-machines.com\/pt\/wp-json\/wp\/v2\/types\/product"}],"author":[{"embeddable":true,"href":"https:\/\/www.baler-machines.com\/pt\/wp-json\/wp\/v2\/users\/1"}],"wp:featuredmedia":[{"embeddable":true,"href":"https:\/\/www.baler-machines.com\/pt\/wp-json\/wp\/v2\/media\/3178"}],"wp:attachment":[{"href":"https:\/\/www.baler-machines.com\/pt\/wp-json\/wp\/v2\/media?parent=3166"}],"wp:term":[{"taxonomy":"post_tag","embeddable":true,"href":"https:\/\/www.baler-machines.com\/pt\/wp-json\/wp\/v2\/tags?post=3166"},{"taxonomy":"product-type","embeddable":true,"href":"https:\/\/www.baler-machines.com\/pt\/wp-json\/wp\/v2\/product-type?post=3166"}],"curies":[{"name":"wp","href":"https:\/\/api.w.org\/{rel}","templated":true}]}}