{"id":3116,"date":"2023-03-23T11:14:20","date_gmt":"2023-03-23T03:14:20","guid":{"rendered":"https:\/\/www.baler-machines.com\/?post_type=product&#038;p=3116"},"modified":"2026-02-13T13:55:45","modified_gmt":"2026-02-13T05:55:45","slug":"metal-compactor-for-recycling","status":"publish","type":"product","link":"https:\/\/www.baler-machines.com\/pt\/metal-compactor-for-recycling\/","title":{"rendered":"Compactador de metal hidr\u00e1ulico para reciclagem de sucata de a\u00e7o\/cobre"},"content":{"rendered":"<p class=\"translation-block\">Um compactador de metal industrial \u00e9 uma m\u00e1quina que comprime o metal reciclado em uma forma compacta para facilitar o armazenamento, transporte e reciclagem. A <a href=\"https:\/\/www.baler-machines.com\/pt\/horizontal-metal-baler\/\" target=\"_blank\" rel=\"noreferrer noopener\">m\u00e1quina de fardamento de metal horizontal<\/a> vem em diferentes tamanhos e tipos, como a m\u00e1quina de fardamento manual e autom\u00e1tica, dependendo das necessidades espec\u00edficas da empresa.<\/p>    <figure class=\"wp-block-gallery aligncenter has-nested-images columns-default is-cropped wp-block-gallery-2 is-layout-flex wp-block-gallery-is-layout-flex\"> <figure class=\"wp-block-image size-large\"><img loading=\"lazy\" decoding=\"async\" width=\"720\" height=\"540\" data-id=\"3136\" src=\"https:\/\/www.baler-machines.com\/wp-content\/uploads\/2023\/03\/cylindrical-scrap-metal-bales.webp\" alt=\"fardos cil\u00edndricos de sucata\" class=\"wp-image-3136\" title=\"\"><figcaption class=\"wp-element-caption\">Fardos cil\u00edndricos de sucata<\/figcaption><\/figure>    <figure class=\"wp-block-image size-large\"><img loading=\"lazy\" decoding=\"async\" width=\"720\" height=\"540\" data-id=\"3137\" src=\"https:\/\/www.baler-machines.com\/wp-content\/uploads\/2023\/03\/rectangular-waste-metal.webp\" alt=\"res\u00edduos de metal retangulares\" class=\"wp-image-3137\" title=\"\"><figcaption class=\"wp-element-caption\">Res\u00edduos de metal retangulares<\/figcaption><\/figure>    <figure class=\"wp-block-image size-large\"><img loading=\"lazy\" decoding=\"async\" width=\"720\" height=\"540\" data-id=\"3138\" src=\"https:\/\/www.baler-machines.com\/wp-content\/uploads\/2023\/03\/shatted-bales.webp\" alt=\"fardos quebrados\" class=\"wp-image-3138\" title=\"\"><figcaption class=\"wp-element-caption\">Fardos Estilha\u00e7ados<\/figcaption><\/figure> <\/figure>    <figure class=\"wp-block-gallery has-nested-images columns-default is-cropped wp-block-gallery-3 is-layout-flex wp-block-gallery-is-layout-flex\"> <figure class=\"wp-block-image size-large\"><img loading=\"lazy\" decoding=\"async\" width=\"720\" height=\"540\" data-id=\"4305\" src=\"https:\/\/www.baler-machines.com\/wp-content\/uploads\/2023\/03\/scrap-metal-compactor.webp\" alt=\"scrap metal compactor\" class=\"wp-image-4305\" title=\"\" srcset=\"https:\/\/www.baler-machines.com\/wp-content\/uploads\/2023\/03\/scrap-metal-compactor.webp 720w, https:\/\/www.baler-machines.com\/wp-content\/uploads\/2023\/03\/scrap-metal-compactor-16x12.webp 16w\" sizes=\"auto, (max-width: 720px) 100vw, 720px\" \/><figcaption class=\"wp-element-caption\">Compactador de Metal de Sucata<\/figcaption><\/figure>    <figure class=\"wp-block-image size-large\"><img loading=\"lazy\" decoding=\"async\" width=\"720\" height=\"540\" data-id=\"4304\" src=\"https:\/\/www.baler-machines.com\/wp-content\/uploads\/2023\/03\/hydraulic-metal-compactor.webp\" alt=\"hydraulic metal compactor\" class=\"wp-image-4304\" title=\"\" srcset=\"https:\/\/www.baler-machines.com\/wp-content\/uploads\/2023\/03\/hydraulic-metal-compactor.webp 720w, https:\/\/www.baler-machines.com\/wp-content\/uploads\/2023\/03\/hydraulic-metal-compactor-16x12.webp 16w\" sizes=\"auto, (max-width: 720px) 100vw, 720px\" \/><figcaption class=\"wp-element-caption\">Compactador de Metal Hidr\u00e1ulico<\/figcaption><\/figure>    <figure class=\"wp-block-image size-large\"><img loading=\"lazy\" decoding=\"async\" width=\"720\" height=\"540\" data-id=\"4306\" src=\"https:\/\/www.baler-machines.com\/wp-content\/uploads\/2023\/03\/different-shapes-of-baled-scrap-metal.webp\" alt=\"different shapes of baled scrap metal\" class=\"wp-image-4306\" title=\"\" srcset=\"https:\/\/www.baler-machines.com\/wp-content\/uploads\/2023\/03\/different-shapes-of-baled-scrap-metal.webp 720w, https:\/\/www.baler-machines.com\/wp-content\/uploads\/2023\/03\/different-shapes-of-baled-scrap-metal-16x12.webp 16w\" sizes=\"auto, (max-width: 720px) 100vw, 720px\" \/><figcaption class=\"wp-element-caption\">Diferentes Formas de Metal Reciclado em Fardos<\/figcaption><\/figure> <\/figure>    <h2 class=\"wp-block-heading\"><strong>Quem s\u00e3o os potenciais clientes do compactador de sucata?<\/strong><\/h2>    <p class=\"translation-block\"><strong>Fabrica\u00e7\u00e3o de metal<\/strong>: a m\u00e1quina de enfardamento de sucata de metal \u00e9 usada para comprimir sucata de metal gerada durante o processo de fabrica\u00e7\u00e3o.<\/p>    <p class=\"translation-block\"><strong>Ind\u00fastria automotiva<\/strong>: a m\u00e1quina de enfardamento de metal \u00e9 usada para prensar e enfardar sucata de metal gerada durante a produ\u00e7\u00e3o de autom\u00f3veis.<\/p>    <p class=\"translation-block\"><strong>Ind\u00fastria da constru\u00e7\u00e3o<\/strong>: a enfardadeira de reciclagem de metal \u00e9 usada para prensar res\u00edduos de metal gerados durante atividades de demoli\u00e7\u00e3o e constru\u00e7\u00e3o.<\/p>    <p class=\"translation-block\"><strong>Ind\u00fastria de reciclagem<\/strong>: a m\u00e1quina compactadora de sucata de metal \u00e9 usada para comprimir sucata de metal para reciclagem.<\/p>   <div class=\"wp-block-image\"> <figure class=\"aligncenter size-full\"><img loading=\"lazy\" decoding=\"async\" width=\"727\" height=\"324\" src=\"https:\/\/www.baler-machines.com\/wp-content\/uploads\/2023\/03\/scrap-recycling-by-metal-compaction-machine.webp\" alt=\"Reciclagem de sucata por m\u00e1quina de compacta\u00e7\u00e3o de metal\" class=\"wp-image-4308\" title=\"\" srcset=\"https:\/\/www.baler-machines.com\/wp-content\/uploads\/2023\/03\/scrap-recycling-by-metal-compaction-machine.webp 727w, https:\/\/www.baler-machines.com\/wp-content\/uploads\/2023\/03\/scrap-recycling-by-metal-compaction-machine-18x8.webp 18w\" sizes=\"auto, (max-width: 727px) 100vw, 727px\" \/><figcaption class=\"wp-element-caption\">Reciclagem de sucata por m\u00e1quina de compacta\u00e7\u00e3o de metal<\/figcaption><\/figure> <\/div>  <div class=\"wp-block-image\"> <figure class=\"aligncenter size-full\"><img loading=\"lazy\" decoding=\"async\" width=\"727\" height=\"330\" src=\"https:\/\/www.baler-machines.com\/wp-content\/uploads\/2023\/03\/metal-bales-of-metal-compression-machine.webp\" alt=\"Fardos de metal de m\u00e1quina de compress\u00e3o de metal\" class=\"wp-image-4307\" title=\"\" srcset=\"https:\/\/www.baler-machines.com\/wp-content\/uploads\/2023\/03\/metal-bales-of-metal-compression-machine.webp 727w, https:\/\/www.baler-machines.com\/wp-content\/uploads\/2023\/03\/metal-bales-of-metal-compression-machine-18x8.webp 18w\" sizes=\"auto, (max-width: 727px) 100vw, 727px\" \/><figcaption class=\"wp-element-caption\">Fardos de metal de m\u00e1quina de compress\u00e3o de metal<\/figcaption><\/figure> <\/div>   <h2 class=\"wp-block-heading\"><strong>Estrutura da enfardadeira horizontal para res\u00edduos de metal<\/strong><\/h2>    <p>A estrutura de um compactador de metal normalmente consiste em uma tremonha ou recipiente de alimenta\u00e7\u00e3o, que \u00e9 usado para armazenar e alimentar as tiras ou sobras de metal soltas na c\u00e2mara de compress\u00e3o.<\/p>    <p>O cilindro, movido por for\u00e7a hidr\u00e1ulica ou mec\u00e2nica, pressiona e enfarda os res\u00edduos de metal dentro da c\u00e2mara de compress\u00e3o.<\/p>   <div class=\"wp-block-image\"> <figure class=\"aligncenter size-full\"><img loading=\"lazy\" decoding=\"async\" width=\"720\" height=\"540\" src=\"https:\/\/www.baler-machines.com\/wp-content\/uploads\/2023\/03\/structure-of-horizontal-baler-machine.webp\" alt=\"estrutura da m\u00e1quina enfardadeira compactadora de metal horizontal\" class=\"wp-image-3129\" title=\"\"><figcaption class=\"wp-element-caption\">estrutura da m\u00e1quina enfardadeira compactadora de metal horizontal<\/figcaption><\/figure> <\/div>   <h2 class=\"wp-block-heading\"><strong>Vantagens de usar a m\u00e1quina compactadora de metal Shuliy para venda<\/strong><\/h2>    <div class=\"wp-block-columns is-layout-flex wp-container-core-columns-is-layout-9d6595d7 wp-block-columns-is-layout-flex\"> <div class=\"wp-block-column is-layout-flow wp-block-column-is-layout-flow\"> <p class=\"has-text-align-center translation-block\"><strong>Gerenciamento eficiente de res\u00edduos<\/strong><\/p> <\/div>    <div class=\"wp-block-column is-layout-flow wp-block-column-is-layout-flow\"> <p class=\"has-text-align-center translation-block\"><strong>Economia de custos<\/strong><\/p> <\/div> <\/div>    <div class=\"wp-block-columns is-layout-flex wp-container-core-columns-is-layout-9d6595d7 wp-block-columns-is-layout-flex\"> <div class=\"wp-block-column is-layout-flow wp-block-column-is-layout-flow\"> <p class=\"has-cyan-bluish-gray-background-color has-background translation-block\">A enfardadeira de metal de alta resist\u00eancia \u00e9 projetada para lidar com uma ampla gama de <strong>sucatas de metal, incluindo alum\u00ednio, cobre, a\u00e7o e ferro<\/strong>. O processo de compacta\u00e7\u00e3o reduz o volume de res\u00edduos em at\u00e9 90%, o que significa que mais res\u00edduos podem ser armazenados em menos espa\u00e7o.<\/p> <\/div>    <div class=\"wp-block-column is-layout-flow wp-block-column-is-layout-flow\"> <p class=\"has-cyan-bluish-gray-background-color has-background\">Os m\u00e9todos tradicionais de elimina\u00e7\u00e3o de res\u00edduos, como a deposi\u00e7\u00e3o em aterro, podem ser caros. A m\u00e1quina oferece uma solu\u00e7\u00e3o econ\u00f4mica ao reduzir o volume de res\u00edduos, menos espa\u00e7o para armazenamento e transporte. Isso pode levar a economias de custos significativas no longo prazo.<\/p> <\/div> <\/div>    <div class=\"wp-block-columns is-layout-flex wp-container-core-columns-is-layout-9d6595d7 wp-block-columns-is-layout-flex\"> <div class=\"wp-block-column is-layout-flow wp-block-column-is-layout-flow\"> <p class=\"has-text-align-center translation-block\"><strong>Benef\u00edcios ambientais<\/strong><\/p> <\/div>    <div class=\"wp-block-column is-layout-flow wp-block-column-is-layout-flow\"> <p class=\"has-text-align-center translation-block\"><strong>Produtividade aprimorada<\/strong><\/p> <\/div> <\/div>    <div class=\"wp-block-columns is-layout-flex wp-container-core-columns-is-layout-9d6595d7 wp-block-columns-is-layout-flex\"> <div class=\"wp-block-column is-layout-flow wp-block-column-is-layout-flow\"> <p class=\"has-cyan-bluish-gray-background-color has-background\">A m\u00e1quina compactadora hidr\u00e1ulica de metal \u00e9 uma solu\u00e7\u00e3o ecol\u00f3gica para gerenciamento de res\u00edduos. Al\u00e9m disso, a sucata met\u00e1lica compactada pode ser reciclada, reduzindo a demanda por novas mat\u00e9rias-primas e conservando os recursos naturais.<\/p> <\/div>    <div class=\"wp-block-column is-layout-flow wp-block-column-is-layout-flow\"> <p class=\"has-cyan-bluish-gray-background-color has-background\">Gerenciar res\u00edduos pode ser um processo demorado. O compactador met\u00e1lico industrial oferece uma maneira mais r\u00e1pida e eficiente de gerenciar res\u00edduos, permitindo que as organiza\u00e7\u00f5es se concentrem em suas atividades comerciais principais.<\/p> <\/div> <\/div>    <h2 class=\"wp-block-heading\"><strong>Shuliy Machinery - um fabricante e fornecedor credenciado de compactadores de metal<\/strong><\/h2>    <p class=\"translation-block\"><strong>V\u00e1rios tipos de m\u00e1quinas<\/strong><\/p>    <p>A Shuliy Machinery \u00e9 especializada em projetar, fabricar e fornecer compactadores de ferro de res\u00edduos e equipamentos relacionados. Oferece uma ampla variedade de modelos e tamanhos de compactadores de metal para atender \u00e0s necessidades e requisitos espec\u00edficos de seus clientes.<\/p>    <figure class=\"wp-block-gallery aligncenter has-nested-images columns-2 is-cropped wp-block-gallery-4 is-layout-flex wp-block-gallery-is-layout-flex\"> <figure class=\"wp-block-image size-large\"><img loading=\"lazy\" decoding=\"async\" width=\"720\" height=\"540\" data-id=\"2653\" src=\"https:\/\/www.baler-machines.com\/wp-content\/uploads\/2022\/08\/new-designed-scrap-metal-baler.webp\" alt=\"enfardadeira de sucata com novo design\" class=\"wp-image-2653\" title=\"\"><figcaption class=\"wp-element-caption\">Enfardadeira de sucata com novo design<\/figcaption><\/figure>    <figure class=\"wp-block-image size-large\"><img loading=\"lazy\" decoding=\"async\" width=\"720\" height=\"540\" data-id=\"2652\" src=\"https:\/\/www.baler-machines.com\/wp-content\/uploads\/2022\/08\/scrap-metal-baler-manufacturer.webp\" alt=\"fabricante de enfardadeiras de sucata\" class=\"wp-image-2652\" title=\"\"><figcaption class=\"wp-element-caption\">Fabricante de enfardadeira de sucata<\/figcaption><\/figure>    <figure class=\"wp-block-image size-large\"><img loading=\"lazy\" decoding=\"async\" width=\"720\" height=\"540\" data-id=\"2651\" src=\"https:\/\/www.baler-machines.com\/wp-content\/uploads\/2022\/08\/industrial-scrap-baler.webp\" alt=\"enfardadeira de sucata industrial\" class=\"wp-image-2651\" title=\"\"><figcaption class=\"wp-element-caption\">Enfardadeira de sucata industrial<\/figcaption><\/figure>    <figure class=\"wp-block-image size-large\"><img loading=\"lazy\" decoding=\"async\" width=\"720\" height=\"540\" data-id=\"2654\" src=\"https:\/\/www.baler-machines.com\/wp-content\/uploads\/2022\/08\/hydraulic-metal-baler-with-single-cylinder.webp\" alt=\"enfardadeira hidr\u00e1ulica de metal com cilindro \u00fanico\" class=\"wp-image-2654\" title=\"\"><figcaption class=\"wp-element-caption\">Enfardadeira de metal hidr\u00e1ulica com cilindro \u00fanico<\/figcaption><\/figure> <\/figure>    <p class=\"translation-block\"><strong>Servi\u00e7os para a <a href=\"https:\/\/www.baler-machines.com\/pt\/baler-machine\/\" target=\"_blank\" rel=\"noreferrer noopener\">m\u00e1quina enfardadeira hidr\u00e1ulica<\/a><\/strong><\/p>    <p>N\u00f3s, shuliy, fornecemos servi\u00e7os de instala\u00e7\u00e3o, manuten\u00e7\u00e3o e reparo de nossos produtos. Al\u00e9m disso, oferecemos m\u00e1quinas personalizadas que s\u00e3o adaptadas \u00e0s necessidades e exig\u00eancias exclusivas de nossos clientes.<\/p>    <p class=\"translation-block\"><strong>Boa qualidade da m\u00e1quina<\/strong><\/p>    <p>Para garantir a qualidade e confiabilidade da m\u00e1quina, tamb\u00e9m passamos por certifica\u00e7\u00f5es e aderimos aos padr\u00f5es e regulamenta\u00e7\u00f5es do setor.<\/p>    <h2 class=\"wp-block-heading\"><strong>V\u00eddeo do compactador de metal Shuliy para enfardamento de res\u00edduos\/sucata de a\u00e7o, cobre, alum\u00ednio, etc.<\/strong><\/h2>    <figure class=\"wp-block-embed is-type-video is-provider-youtube wp-block-embed-youtube wp-embed-aspect-16-9 wp-has-aspect-ratio\"><div class=\"wp-block-embed__wrapper\"> <iframe loading=\"lazy\" title=\"M\u00e1quina enfardadeira horizontal autom\u00e1tica de metal para sucata, res\u00edduos, ferro, a\u00e7o, aparas - Prensa enfardadeira\" width=\"500\" height=\"281\" src=\"https:\/\/www.youtube.com\/embed\/q1kQ8112Hiw?feature=oembed\" frameborder=\"0\" allow=\"accelerometer; autoplay; clipboard-write; encrypted-media; gyroscope; picture-in-picture; web-share\" referrerpolicy=\"strict-origin-when-cross-origin\" allowfullscreen><\/iframe> <\/div><\/figure>","protected":false},"excerpt":{"rendered":"<p>An industrial metal compactor is a machine that compresses scrap metal into a compact shape for easier storage, transportation, and recycling. The horizontal metal baling machine comes in different sizes and types, such as the manual and automatic baling machine, depending on the specific needs of the company. Who are the potential clients for the [&hellip;]<\/p>\n","protected":false},"author":1,"featured_media":3117,"parent":0,"template":"","tags":[606],"product-type":[563],"class_list":["post-3116","product","type-product","status-publish","has-post-thumbnail","hentry","tag-metal-compactor","product-type-baler-machine"],"_links":{"self":[{"href":"https:\/\/www.baler-machines.com\/pt\/wp-json\/wp\/v2\/product\/3116","targetHints":{"allow":["GET"]}}],"collection":[{"href":"https:\/\/www.baler-machines.com\/pt\/wp-json\/wp\/v2\/product"}],"about":[{"href":"https:\/\/www.baler-machines.com\/pt\/wp-json\/wp\/v2\/types\/product"}],"author":[{"embeddable":true,"href":"https:\/\/www.baler-machines.com\/pt\/wp-json\/wp\/v2\/users\/1"}],"wp:featuredmedia":[{"embeddable":true,"href":"https:\/\/www.baler-machines.com\/pt\/wp-json\/wp\/v2\/media\/3117"}],"wp:attachment":[{"href":"https:\/\/www.baler-machines.com\/pt\/wp-json\/wp\/v2\/media?parent=3116"}],"wp:term":[{"taxonomy":"post_tag","embeddable":true,"href":"https:\/\/www.baler-machines.com\/pt\/wp-json\/wp\/v2\/tags?post=3116"},{"taxonomy":"product-type","embeddable":true,"href":"https:\/\/www.baler-machines.com\/pt\/wp-json\/wp\/v2\/product-type?post=3116"}],"curies":[{"name":"wp","href":"https:\/\/api.w.org\/{rel}","templated":true}]}}