{"id":3044,"date":"2023-02-28T17:00:27","date_gmt":"2023-02-28T09:00:27","guid":{"rendered":"https:\/\/www.baler-machines.com\/?post_type=product&#038;p=3044"},"modified":"2023-03-01T10:48:52","modified_gmt":"2023-03-01T02:48:52","slug":"sawdust-baler-for-sale","status":"publish","type":"product","link":"https:\/\/www.baler-machines.com\/pt\/sawdust-baler-for-sale\/","title":{"rendered":"Enfardadeira de serragem totalmente autom\u00e1tica para venda"},"content":{"rendered":"<p class=\"translation-block\">Este fardo de serragem, na verdade, pertence a um tipo de <a href=\"https:\/\/www.baler-machines.com\/pt\/automatic-horizontal-baler\/\" target=\"_blank\" rel=\"noreferrer noopener\">fardo horizontal<\/a>, que \u00e9 especialmente usado para comprimir e enfardar serragem e outros res\u00edduos de madeira. O principal objetivo \u00e9 facilitar o transporte e o armazenamento.<\/p>    <figure class=\"wp-block-gallery aligncenter has-nested-images columns-default is-cropped wp-block-gallery-2 is-layout-flex wp-block-gallery-is-layout-flex\"> <figure class=\"wp-block-image size-full\"><img loading=\"lazy\" decoding=\"async\" width=\"320\" height=\"250\" data-id=\"3047\" src=\"https:\/\/www.baler-machines.com\/wp-content\/uploads\/2023\/02\/sawdust.webp\" alt=\"serragem\" class=\"wp-image-3047\" title=\"\"><figcaption class=\"wp-element-caption\">Serragem<\/figcaption><\/figure>    <figure class=\"wp-block-image size-full\"><img loading=\"lazy\" decoding=\"async\" width=\"320\" height=\"250\" data-id=\"3049\" src=\"https:\/\/www.baler-machines.com\/wp-content\/uploads\/2023\/02\/sawdust-bale.webp\" alt=\"fardo de serragem-1\" class=\"wp-image-3049\" title=\"\"><figcaption class=\"wp-element-caption\">Fardo de serragem-1<\/figcaption><\/figure>    <figure class=\"wp-block-image size-full\"><img loading=\"lazy\" decoding=\"async\" width=\"320\" height=\"250\" data-id=\"3048\" src=\"https:\/\/www.baler-machines.com\/wp-content\/uploads\/2023\/02\/sawdust-bale-.webp\" alt=\"fardo de serragem-2\" class=\"wp-image-3048\" title=\"\"><figcaption class=\"wp-element-caption\">Fardo de serragem-2<\/figcaption><\/figure> <\/figure>    <p>Para os investidores, investir em uma prensa hidr\u00e1ulica de serragem pode ajudar os clientes a maximizar a integra\u00e7\u00e3o de recursos e o planejamento racional.<\/p>    <h2 class=\"wp-block-heading\"><strong>Que tipo de materiais podem ser enfardados pela enfardadeira de serragem Shuliy?<\/strong><\/h2>    <p class=\"translation-block\">Geralmente falando, <a href=\"https:\/\/en.wikipedia.org\/wiki\/Sawdust\" target=\"_blank\" rel=\"noreferrer noopener\">serragem<\/a>, aparas de madeira, cavacos de madeira, res\u00edduos de madeira, etc., podem ser comprimidos e enfardados.<\/p>    <figure class=\"wp-block-gallery aligncenter has-nested-images columns-default is-cropped wp-block-gallery-3 is-layout-flex wp-block-gallery-is-layout-flex\"> <figure class=\"wp-block-image size-large\"><img loading=\"lazy\" decoding=\"async\" width=\"720\" height=\"500\" data-id=\"2667\" src=\"https:\/\/www.baler-machines.com\/wp-content\/uploads\/2022\/08\/applications-of-the-hydraulic-vertical-baler.webp\" alt=\"aplica\u00e7\u00f5es da enfardadeira vertical hidr\u00e1ulica\" class=\"wp-image-2667\" title=\"\"><figcaption class=\"wp-element-caption\">Aplica\u00e7\u00f5es da enfardadeira vertical hidr\u00e1ulica<\/figcaption><\/figure>    <figure class=\"wp-block-image size-large\"><img loading=\"lazy\" decoding=\"async\" width=\"540\" height=\"540\" data-id=\"2625\" src=\"https:\/\/www.baler-machines.com\/wp-content\/uploads\/2022\/08\/waste-paper-baling-machine-applications.webp\" alt=\"aplica\u00e7\u00f5es de m\u00e1quinas de enfardamento de res\u00edduos de papel\" class=\"wp-image-2625\" title=\"\"><figcaption class=\"wp-element-caption\">Aplica\u00e7\u00f5es de m\u00e1quinas de enfardamento de res\u00edduos de papel<\/figcaption><\/figure> <\/figure>    <p class=\"translation-block\">E, como este fardo de serragem pertence a um tipo de <a href=\"https:\/\/www.baler-machines.com\/pt\/baler-machine\/\" target=\"_blank\" rel=\"noreferrer noopener\">prensa de fardos hidr\u00e1ulica<\/a>, os materiais que podem ser enfardados por uma m\u00e1quina de fardos hidr\u00e1ulica tamb\u00e9m s\u00e3o aplic\u00e1veis a esta m\u00e1quina, como pneus, garrafas pl\u00e1sticas PET, roupas usadas, caixas de papel\u00e3o usadas, papel usado, etc.<\/p>    <h2 class=\"wp-block-heading\"><strong>Por que reciclar serragem de madeira? \u2013 Aplica\u00e7\u00f5es de serragem  <\/strong><\/h2>    <ol class=\"wp-block-list\"> <li>A serragem \u00e9 transformada em mat\u00e9ria-prima semiacabada de carv\u00e3o mec\u00e2nico por alta temperatura e alta press\u00e3o da m\u00e1quina para fazer barras, que \u00e9 um produto ideal com pouco investimento e efeito r\u00e1pido.<\/li>    <li>A serragem de madeira tamb\u00e9m pode ser usada como combust\u00edvel para alimentos defumados.<\/li>    <li>A serragem pode ser usada como substrato de embrulho para prensagens de galhos altos de azal\u00e9ia, kumquat, cam\u00e9lia, osmanthus e outras \u00e1rvores floridas. O material \u00e9 abrangente em nutri\u00e7\u00e3o, textura solta, reten\u00e7\u00e3o de \u00e1gua e permeabilidade ao ar, al\u00e9m de limpo e higi\u00eanico.<\/li> <\/ol>    <h2 class=\"wp-block-heading\"><strong>Como selecionar um fabricante e fornecedor confi\u00e1vel de enfardadeira de serragem?<\/strong><\/h2>    <p>Por se tratar de uma m\u00e1quina de reciclagem, existem diversos fabricantes e fornecedores de briquetadeiras de serragem no mercado. Como encontrar o mais adequado entre tantos fabricantes? De acordo com a nossa experi\u00eancia, as seguintes sugest\u00f5es s\u00e3o dadas na compra da enfardadeira de serragem.<\/p>    <p>A tecnologia do fabricante e fornecedor de prensa briquetadeira de serragem<\/p>    <p>Servi\u00e7o p\u00f3s-venda de fabricantes e fornecedores de enfardadeiras de serragem<\/p>    <p>Experi\u00eancia de exporta\u00e7\u00e3o de m\u00e1quina enfardadeira de serragem de madeira para venda<\/p>    <figure class=\"wp-block-gallery aligncenter has-nested-images columns-default is-cropped wp-block-gallery-4 is-layout-flex wp-block-gallery-is-layout-flex\"> <figure class=\"wp-block-image size-large\"><img loading=\"lazy\" decoding=\"async\" width=\"720\" height=\"540\" data-id=\"3052\" src=\"https:\/\/www.baler-machines.com\/wp-content\/uploads\/2023\/02\/automatic-baling-press-for-export.webp\" alt=\"prensa enfardadeira autom\u00e1tica para exporta\u00e7\u00e3o\" class=\"wp-image-3052\" title=\"\"><figcaption class=\"wp-element-caption\">Prensa enfardadeira autom\u00e1tica para exporta\u00e7\u00e3o<\/figcaption><\/figure>    <figure class=\"wp-block-image size-large\"><img loading=\"lazy\" decoding=\"async\" width=\"720\" height=\"540\" data-id=\"3053\" src=\"https:\/\/www.baler-machines.com\/wp-content\/uploads\/2023\/02\/horizontal-baling-press-loading.webp\" alt=\"carregamento de prensa de enfardamento horizontal\" class=\"wp-image-3053\" title=\"\"><figcaption class=\"wp-element-caption\">Carregamento da prensa enfardadeira horizontal<\/figcaption><\/figure> <\/figure>    <h2 class=\"wp-block-heading\"><strong>V\u00eddeos de m\u00e1quina compactadora de serragem horizontal para venda<\/strong><\/h2>    <figure class=\"wp-block-embed is-type-video is-provider-youtube wp-block-embed-youtube wp-embed-aspect-16-9 wp-has-aspect-ratio\"><div class=\"wp-block-embed__wrapper\"> <iframe loading=\"lazy\" title=\"Prensa hidr\u00e1ulica de serragem 2023 - M\u00e1quina enfardadeira de aparas de madeira\/serragem ao melhor pre\u00e7o na China\" width=\"500\" height=\"281\" src=\"https:\/\/www.youtube.com\/embed\/97yv1wZ274M?feature=oembed\" frameborder=\"0\" allow=\"accelerometer; autoplay; clipboard-write; encrypted-media; gyroscope; picture-in-picture; web-share\" referrerpolicy=\"strict-origin-when-cross-origin\" allowfullscreen><\/iframe> <\/div><\/figure>    <figure class=\"wp-block-embed is-type-video is-provider-youtube wp-block-embed-youtube wp-embed-aspect-16-9 wp-has-aspect-ratio\"><div class=\"wp-block-embed__wrapper\"> <iframe loading=\"lazy\" title=\"Enfardadeira vertical multifuncional para serragem | M\u00e1quinas enfardadeiras industriais da Shuliy Machinery#shorts\" width=\"500\" height=\"281\" src=\"https:\/\/www.youtube.com\/embed\/tIpD5S7gwKk?feature=oembed\" frameborder=\"0\" allow=\"accelerometer; autoplay; clipboard-write; encrypted-media; gyroscope; picture-in-picture; web-share\" referrerpolicy=\"strict-origin-when-cross-origin\" allowfullscreen><\/iframe> <\/div><\/figure>    <p> <\/p>","protected":false},"excerpt":{"rendered":"<p>This sawdust baler actually belongs to a kind of horizontal press baler, which is specially used for compressing and baling sawdust and other wood waste. The main purpose is to facilitate transportation and storage. For investors, investing in a hydraulic sawdust press can help customers to maximize the integration of resources and rational planning. What [&hellip;]<\/p>\n","protected":false},"author":1,"featured_media":3046,"parent":0,"template":"","tags":[602],"product-type":[563],"class_list":["post-3044","product","type-product","status-publish","has-post-thumbnail","hentry","tag-sawdust-baler","product-type-baler-machine"],"_links":{"self":[{"href":"https:\/\/www.baler-machines.com\/pt\/wp-json\/wp\/v2\/product\/3044","targetHints":{"allow":["GET"]}}],"collection":[{"href":"https:\/\/www.baler-machines.com\/pt\/wp-json\/wp\/v2\/product"}],"about":[{"href":"https:\/\/www.baler-machines.com\/pt\/wp-json\/wp\/v2\/types\/product"}],"author":[{"embeddable":true,"href":"https:\/\/www.baler-machines.com\/pt\/wp-json\/wp\/v2\/users\/1"}],"wp:featuredmedia":[{"embeddable":true,"href":"https:\/\/www.baler-machines.com\/pt\/wp-json\/wp\/v2\/media\/3046"}],"wp:attachment":[{"href":"https:\/\/www.baler-machines.com\/pt\/wp-json\/wp\/v2\/media?parent=3044"}],"wp:term":[{"taxonomy":"post_tag","embeddable":true,"href":"https:\/\/www.baler-machines.com\/pt\/wp-json\/wp\/v2\/tags?post=3044"},{"taxonomy":"product-type","embeddable":true,"href":"https:\/\/www.baler-machines.com\/pt\/wp-json\/wp\/v2\/product-type?post=3044"}],"curies":[{"name":"wp","href":"https:\/\/api.w.org\/{rel}","templated":true}]}}