{"id":3008,"date":"2023-02-23T15:10:37","date_gmt":"2023-02-23T07:10:37","guid":{"rendered":"https:\/\/www.baler-machines.com\/?post_type=product&#038;p=3008"},"modified":"2025-02-13T11:26:29","modified_gmt":"2025-02-13T03:26:29","slug":"automatic-plastic-pet-bottle-baling-machine","status":"publish","type":"product","link":"https:\/\/www.baler-machines.com\/pt\/automatic-plastic-pet-bottle-baling-machine\/","title":{"rendered":"M\u00e1quina enfardadeira autom\u00e1tica de garrafas PET de pl\u00e1stico para venda"},"content":{"rendered":"<p class=\"translation-block\">A <strong>m\u00e1quina autom\u00e1tica de enfardamento de garrafas PET<\/strong> (m\u00e1quina de enfardamento de pl\u00e1stico) \u00e9 projetada para res\u00edduos pl\u00e1sticos, garrafas PET, garrafas de \u00e1gua pot\u00e1vel prensadas em formas quadradas. Esta prensa hidr\u00e1ulica de enfardamento tem alta efici\u00eancia, uma ampla gama de aplica\u00e7\u00f5es e bom desempenho.<\/p>    <p> Para o investidor, \u00e9 o desejo de adquirir uma enfardadeira hidr\u00e1ulica com bom desempenho e qualidade para facilitar o seu neg\u00f3cio. Nossa enfardadeira de garrafas PET \u00e9 uma dessas m\u00e1quinas. Al\u00e9m disso, nossa prensa enfardadeira para garrafa PET possui uma taxa de recompra muito alta, o que pode ser constatado em nossos cases de sucesso.<\/p>    <figure class=\"wp-block-embed is-type-video is-provider-youtube wp-block-embed-youtube wp-embed-aspect-16-9 wp-has-aspect-ratio\"><div class=\"wp-block-embed__wrapper\"> <iframe loading=\"lazy\" title=\"Prensa enfardadeira de garrafas PET - M\u00e1quina enfardadeira horizontal autom\u00e1tica hidr\u00e1ulica #recyclingbusiness\" width=\"500\" height=\"281\" src=\"https:\/\/www.youtube.com\/embed\/KdILDBXP9HE?start=8&#038;feature=oembed\" frameborder=\"0\" allow=\"accelerometer; autoplay; clipboard-write; encrypted-media; gyroscope; picture-in-picture; web-share\" referrerpolicy=\"strict-origin-when-cross-origin\" allowfullscreen><\/iframe> <\/div><figcaption class=\"wp-element-caption\">enfardadeira totalmente autom\u00e1tica para enfardamento de garrafas PET v\u00eddeo<\/figcaption><\/figure>    <h2 class=\"wp-block-heading\"><strong>Por que usar a prensa enfardadeira hidr\u00e1ulica para garrafas pl\u00e1sticas PET? <\/strong><\/h2>    <p>As garrafas PET usadas em embalagens de refrigerantes e \u00e1gua mineral s\u00e3o frequentemente apontadas como o pl\u00e1stico mais ecol\u00f3gico, com uma das maiores taxas de reciclagem do setor. <\/p>    <p>De acordo com um estudo da ONG ambiental Zero Waste Europe, a taxa de reciclagem de PET \u00e9 de cerca de 50%. O PET reciclado \u00e9 frequentemente \u201creciclado\u201d em outros produtos, como paletes de pl\u00e1stico, cintas ou fibra.<\/p>    <figure class=\"wp-block-gallery aligncenter has-nested-images columns-default is-cropped wp-block-gallery-2 is-layout-flex wp-block-gallery-is-layout-flex\"> <figure class=\"wp-block-image size-full\"><img loading=\"lazy\" decoding=\"async\" width=\"540\" height=\"350\" data-id=\"3023\" src=\"https:\/\/www.baler-machines.com\/wp-content\/uploads\/2023\/02\/used-PET-bottles.webp\" alt=\"garrafas PET usadas\" class=\"wp-image-3023\" title=\"\"><figcaption class=\"wp-element-caption\">Garrafas Pet Usadas<\/figcaption><\/figure>    <figure class=\"wp-block-image size-full\"><img loading=\"lazy\" decoding=\"async\" width=\"540\" height=\"350\" data-id=\"3024\" src=\"https:\/\/www.baler-machines.com\/wp-content\/uploads\/2023\/02\/baled-PET-bottles.webp\" alt=\"garrafas PET enfardadas\" class=\"wp-image-3024\" title=\"\"><figcaption class=\"wp-element-caption\">Garrafas Pet Enfardadas<\/figcaption><\/figure> <\/figure>    <p>Portanto, dependendo das caracter\u00edsticas das garrafas pl\u00e1sticas PET a serem recicladas, s\u00e3o criadas m\u00e1quinas relevantes. Esta ind\u00fastria de reciclagem torna a enfardadeira de pl\u00e1stico de grande utilidade. Ap\u00f3s a reciclagem das garrafas pl\u00e1sticas, as garrafas s\u00e3o embaladas e classificadas centralmente para facilitar o pr\u00f3ximo passo do investidor.<\/p>    <h2 class=\"wp-block-heading\"><strong>Tipos de enfardadeiras de garrafas PET de pl\u00e1stico para venda<\/strong><\/h2>    <p>Existem dois tipos de enfardadeiras de garrafas pl\u00e1sticas usadas para compactar pl\u00e1stico\/PET de forma r\u00e1pida e eficiente.<\/p>    <div class=\"wp-block-media-text alignwide is-stacked-on-mobile\"><figure class=\"wp-block-media-text__media\"><img loading=\"lazy\" decoding=\"async\" width=\"720\" height=\"540\" src=\"https:\/\/www.baler-machines.com\/wp-content\/uploads\/2022\/12\/hydraulic-oil-drum-baler-machine.webp\" alt=\"m\u00e1quina enfardadeira de tambor de \u00f3leo hidr\u00e1ulico\" class=\"wp-image-2910 size-full\" title=\"\"><\/figure><div class=\"wp-block-media-text__content\"> <p class=\"has-text-align-center translation-block\"><strong>M\u00e1quina enfardadeira vertical para garrafas PET<\/strong><\/p>    <p>Este tipo de enfardadeira vertical para garrafas de pl\u00e1stico possui tipos de cilindro \u00fanico e cilindro duplo. A prensa prensadora de sucata de garrafas PET possui diferentes tipos dispon\u00edveis. <\/p> <\/div><\/div>    <div class=\"wp-block-media-text alignwide has-media-on-the-right is-stacked-on-mobile\"><div class=\"wp-block-media-text__content\"> <p class=\"has-text-align-center translation-block\"><strong>Enfardadeira horizontal totalmente autom\u00e1tica para garrafas PET<\/strong><\/p>    <p>Esta enfardadeira horizontal de garrafas PET \u00e9 dividida em dois tipos, um \u00e9 semiautom\u00e1tico conforme mostrado na imagem e o outro \u00e9 totalmente autom\u00e1tico com correia transportadora.<\/p> <\/div><figure class=\"wp-block-media-text__media\"><img loading=\"lazy\" decoding=\"async\" width=\"720\" height=\"540\" src=\"https:\/\/www.baler-machines.com\/wp-content\/uploads\/2023\/02\/plastic-bottle-baler-machine.webp\" alt=\"m\u00e1quina enfardadeira de garrafas de pl\u00e1stico\" class=\"wp-image-3012 size-full\" title=\"\"><\/figure><\/div>    <h2 class=\"wp-block-heading\"><strong>Par\u00e2metros t\u00e9cnicos da m\u00e1quina enfardadeira de garrafas PET para venda<\/strong><\/h2>    <p class=\"translation-block\"><strong>Enfardadeira vertical mais vendida para garrafas PET de pl\u00e1stico<\/strong><\/p>    <figure class=\"wp-block-table\"><table><tbody><tr><td>Modelo<\/td><td>Press\u00e3o<\/td><td>Motor<\/td><td>O volume da caixa interna<\/td><td>Tamanho final do produto<\/td><td>Capacidade<\/td><td>Peso<\/td><\/tr><tr><td>SL-HZ-15T<\/td><td>15T<\/td><td>5,5 kW<\/td><td>850*600*1300MM<\/td><td>890*610*500MM<\/td><td>1-1,5T\/H<\/td><td>1T<\/td><\/tr><tr><td>SL-HZ-30T<\/td><td>30T<\/td><td>7,5 kW<\/td><td>800*400*1300MM<\/td><td>890*610*500MM<\/td><td>1,5-2T\/H<\/td><td>1,5T<\/td><\/tr><tr><td>SL-HZ-60T<\/td><td>60T<\/td><td>7,5 kW<\/td><td>900*600*1300MM<\/td><td>900*610*500MM<\/td><td>2-2,5T\/H<\/td><td>2T<\/td><\/tr><tr><td>SL-HZ-80T<\/td><td>80T<\/td><td>7,5 kW<\/td><td>1200*800*1500MM<\/td><td>1200*810*500MM<\/td><td>3-3,5T\/H<\/td><td>3T<\/td><\/tr><tr><td>SL-HZ-100T<\/td><td>100T<\/td><td>15KW<\/td><td>1100*900*1500MM<\/td><td>1100*910*500MM<\/td><td>3,5-4T\/H<\/td><td>3,5T<\/td><\/tr><tr><td>SL-HZ-120T<\/td><td>120T<\/td><td>18,5 kW<\/td><td>1200*100*1500MM<\/td><td>1200*100*500MM<\/td><td>4-5T\/H<\/td><td>4T<\/td><\/tr><\/tbody><\/table><figcaption class=\"wp-element-caption\">par\u00e2metros da enfardadeira vertical<\/figcaption><\/figure>    <figure class=\"wp-block-embed is-type-video is-provider-youtube wp-block-embed-youtube wp-embed-aspect-16-9 wp-has-aspect-ratio\"><div class=\"wp-block-embed__wrapper\"> <iframe loading=\"lazy\" title=\"Enfardadeira vertical de alta efici\u00eancia para enfardamento r\u00e1pido de garrafas pl\u00e1sticas | Reciclagem de pl\u00e1stico com m\u00e1quina enfardadeira\" width=\"500\" height=\"281\" src=\"https:\/\/www.youtube.com\/embed\/cbs4mX9GfyI?feature=oembed\" frameborder=\"0\" allow=\"accelerometer; autoplay; clipboard-write; encrypted-media; gyroscope; picture-in-picture; web-share\" referrerpolicy=\"strict-origin-when-cross-origin\" allowfullscreen><\/iframe> <\/div><figcaption class=\"wp-element-caption\">prensa enfardadeira hidr\u00e1ulica para garrafas PET de pl\u00e1stico<\/figcaption><\/figure>    <p class=\"translation-block\"><strong>M\u00e1quina de enfardamento horizontal totalmente autom\u00e1tica para garrafas PET<\/strong><\/p>    <figure class=\"wp-block-table\"><table><tbody><tr><td>Modelo<\/td><td>SL-120<\/td><td>SL-160<\/td><td>SL-180<\/td><td>SL-200<\/td><\/tr><tr><td>Sistema din\u00e2mico<\/td><td>sistema hidr\u00e1ulico&nbsp;<\/td><td>sistema hidr\u00e1ulico&nbsp;<\/td><td>sistema hidr\u00e1ulico&nbsp;<\/td><td>sistema hidr\u00e1ulico&nbsp;<\/td><\/tr><tr><td>Poder<\/td><td>22kw, 3HP, 380V<\/td><td>30Kw+4Kw, 3HP, 380V<\/td><td>37Kw+4Kw, 3HP, 380V<\/td><td>45Kw+4Kw, 3HP, 380V<\/td><\/tr><tr><td>Impulso nominal principal<\/td><td>1200KN<\/td><td>1600KN<\/td><td>1800KN<\/td><td>2.000 KN<\/td><\/tr><tr><td>Press\u00e3o do sistema<\/td><td>28MPa<\/td><td>31,5MPA<\/td><td>31,5MPa<\/td><td>31,5MPa&nbsp;<\/td><\/tr><tr><td>Sistema de controle<\/td><td>Controle autom\u00e1tico CLP<\/td><td>Controle autom\u00e1tico CLP<\/td><td>Controle autom\u00e1tico CLP<\/td><td>Controle autom\u00e1tico CLP<\/td><\/tr><tr><td>Tamanho da alimenta\u00e7\u00e3o<\/td><td>1650mm*1100mm<\/td><td>1650mm*1100mm<\/td><td>2000*1100mm<\/td><td>2.000 mm * 1.100 mm<\/td><\/tr><tr><td>Tamanho do fardo<\/td><td>1100*900mm<\/td><td>1100mm*1250mm<\/td><td>1100*1300mm<\/td><td>1100mm*1400mm<\/td><\/tr><tr><td>Densidade do fardo<\/td><td>800Kg\/fardo,<br>400-450kg\/m\u00b3<\/td><td>1200kg\/fardo,<br>450kg\/m\u00b3<\/td><td>1300kg\/fardo, 500kg\/m\u00b3<\/td><td>1400Kg\/fardo 520kg\/m\u00b3<\/td><\/tr><tr><td>Capacidade<\/td><td>4-7 fardos\/h<\/td><td>5-8 fardos\/h<\/td><td>6-9 fardos\/h<\/td><td>8-10 fardos\/h<\/td><\/tr><tr><td>Agrupamento<\/td><td>3 pe\u00e7as<\/td><td>4-5 pe\u00e7as<\/td><td>4-5 pe\u00e7as<\/td><td>4-5 pe\u00e7as<\/td><\/tr><\/tbody><\/table><figcaption class=\"wp-element-caption\">par\u00e2metros horizontais da m\u00e1quina de enfardamento de garrafas PET<\/figcaption><\/figure>    <p>Ao escolher a prensa enfardadeira para garrafas PET, confiamos muito nas reais necessidades de nossos clientes. Nossa equipe de vendas enviar\u00e1 os par\u00e2metros relevantes do modelo ao cliente e depois os combinar\u00e1 com o tamanho da embalagem desejada pelo cliente para recomendar a m\u00e1quina mais adequada para o cliente.<\/p>    <h2 class=\"wp-block-heading\"><strong>Fatores que afetam o pre\u00e7o da prensa enfardadeira hidr\u00e1ulica de garrafas PET<\/strong><\/h2>    <p>Ao comprar uma m\u00e1quina, voc\u00ea deve considerar o seu pre\u00e7o. O mesmo se aplica \u00e0 prensa hidr\u00e1ulica para prensar garrafas de pl\u00e1stico. Resuma os seguintes fatores que afetam o custo da m\u00e1quina enfardadeira de garrafas PET para sua refer\u00eancia.<\/p>    <div class=\"wp-block-columns is-layout-flex wp-container-core-columns-is-layout-9d6595d7 wp-block-columns-is-layout-flex\"> <div class=\"wp-block-column is-layout-flow wp-block-column-is-layout-flow\"> <p class=\"translation-block\"><strong>Tipos de <a href=\"https:\/\/www.baler-machines.com\/pt\/baler-machine\/\" target=\"_blank\" rel=\"noreferrer noopener\">m\u00e1quina de prensa hidr\u00e1ulica de enfardamento<\/a><\/strong><\/p>    <p class=\"translation-block\"><strong>Modelo da m\u00e1quina de prensa de garrafas PET<\/strong><\/p>    <p class=\"translation-block\"><strong>Configura\u00e7\u00e3o da m\u00e1quina de prensagem de garrafas<\/strong><\/p> <\/div>    <div class=\"wp-block-column is-layout-flow wp-block-column-is-layout-flow\"> <p class=\"translation-block\"><strong>Formas de entrega da m\u00e1quina de enfardamento de garrafas PET<\/strong><\/p>    <p class=\"translation-block\"><strong>Frete para o destino do cliente<\/strong><\/p>    <p class=\"translation-block\"><strong>Taxas de C\u00e2mbio Internacionais<\/strong><\/p> <\/div> <\/div>    <h2 class=\"wp-block-heading\"><strong>Vantagens de enfardar garrafas PET usando enfardadeira de garrafas pl\u00e1sticas<\/strong><\/h2>    <ul class=\"wp-block-list\"> <li><strong>O empilhamento \u00e9 mais limpo e bonito<\/strong>. Em compara\u00e7\u00e3o com garrafas de pl\u00e1stico espalhadas por toda parte, o uso da enfardadeira de garrafas de bebida para classific\u00e1-las \u00e9 mais limpo e mais bonito.<\/li>    <li><strong>Maior efici\u00eancia mec\u00e2nica.<\/strong> O empacotamento manual \u00e9 muito lento e muito cansativo, usando m\u00e1quinas, h\u00e1 uma melhoria de efici\u00eancia muito \u00f3bvia.<\/li>    <li><strong>A pr\u00f3xima etapa do processamento \u00e9 mais conveniente.<\/strong> Depois de prensar e compactar os res\u00edduos de garrafas PET pela prensa de garrafas pl\u00e1sticas PET, \u00e9 o gerenciamento centralizado do processamento, para o processamento posterior facilitar.<\/li> <\/ul>    <h2 class=\"wp-block-heading\"><strong>Entre em contato conosco para lucrar com seu neg\u00f3cio de enfardamento de garrafas PET de res\u00edduos pl\u00e1sticos!<\/strong><\/h2>    <p class=\"translation-block\">Entre em contato conosco para ajudar a tornar seu neg\u00f3cio de enfardamento de garrafas PET de pl\u00e1stico de res\u00edduos lucrativo! Fornecemos solu\u00e7\u00f5es profissionais de enfardamento para aumentar a efici\u00eancia e a lucratividade do seu processamento de <a href=\"https:\/\/en.wikipedia.org\/wiki\/PET_bottle_recycling\" target=\"_blank\" rel=\"noopener\">garrafas PET<\/a> de res\u00edduos. Entre em contato conosco hoje mesmo para iniciar sua jornada lucrativa!<\/p>","protected":false},"excerpt":{"rendered":"<p>A m\u00e1quina enfardadeira de garrafas PET (m\u00e1quina enfardadeira de pl\u00e1stico) \u00e9 projetada para res\u00edduos de pl\u00e1stico, as garrafas PET s\u00e3o prensadas em formatos de densidade quadrada para obter lucros. Este artigo indica os tipos de fardos de garrafas pl\u00e1sticas, aprameers t\u00e9cnicos, etc. para f\u00e1cil refer\u00eancia durante a leitura.<\/p>","protected":false},"author":1,"featured_media":3011,"parent":0,"template":"","tags":[601],"product-type":[563],"class_list":["post-3008","product","type-product","status-publish","has-post-thumbnail","hentry","tag-pet-bottle-baling-machine","product-type-baler-machine"],"_links":{"self":[{"href":"https:\/\/www.baler-machines.com\/pt\/wp-json\/wp\/v2\/product\/3008","targetHints":{"allow":["GET"]}}],"collection":[{"href":"https:\/\/www.baler-machines.com\/pt\/wp-json\/wp\/v2\/product"}],"about":[{"href":"https:\/\/www.baler-machines.com\/pt\/wp-json\/wp\/v2\/types\/product"}],"author":[{"embeddable":true,"href":"https:\/\/www.baler-machines.com\/pt\/wp-json\/wp\/v2\/users\/1"}],"wp:featuredmedia":[{"embeddable":true,"href":"https:\/\/www.baler-machines.com\/pt\/wp-json\/wp\/v2\/media\/3011"}],"wp:attachment":[{"href":"https:\/\/www.baler-machines.com\/pt\/wp-json\/wp\/v2\/media?parent=3008"}],"wp:term":[{"taxonomy":"post_tag","embeddable":true,"href":"https:\/\/www.baler-machines.com\/pt\/wp-json\/wp\/v2\/tags?post=3008"},{"taxonomy":"product-type","embeddable":true,"href":"https:\/\/www.baler-machines.com\/pt\/wp-json\/wp\/v2\/product-type?post=3008"}],"curies":[{"name":"wp","href":"https:\/\/api.w.org\/{rel}","templated":true}]}}