{"id":299,"date":"2019-12-11T07:28:45","date_gmt":"2019-12-11T07:28:45","guid":{"rendered":"https:\/\/www.baler-machines.com\/?p=299"},"modified":"2025-07-18T18:31:03","modified_gmt":"2025-07-18T10:31:03","slug":"horizontal-metal-baler","status":"publish","type":"product","link":"https:\/\/www.baler-machines.com\/pt\/horizontal-metal-baler\/","title":{"rendered":"Enfardadeira hidr\u00e1ulica de sucata para prensa enfardadeira de res\u00edduos"},"content":{"rendered":"<p class=\"translation-block\">O <strong>prensor de metal recuperado horizontal<\/strong> (tamb\u00e9m chamado de prensa de sucata de ferro, m\u00e1quina de empacotar latas, m\u00e1quina de empacotar sucata de a\u00e7o e empacotadeira de latas de alum\u00ednio) \u00e9 principalmente utilizado para compactar v\u00e1rios peda\u00e7os de metal, aparas de a\u00e7o, sucata de a\u00e7o, sucata de alum\u00ednio, sucata de cobre, etc., em fardos densos de sucata para reciclagem e obten\u00e7\u00e3o de lucro.<\/p>    <p>A forma do produto final pode ser cil\u00edndrica, retangular, c\u00fabica, hexagonal e outras formas poliprism\u00e1ticas. Os tamanhos dos blocos s\u00e3o variados, como 30*30cm, 35*35cm, 40*40cm, etc.<\/p>    <p>Este compactador de metal pode usar o motor el\u00e9trico ou um motor a diesel como fonte de energia, funcionando com o sistema hidr\u00e1ulico. Sua press\u00e3o hidr\u00e1ulica pode ser ajustada de acordo com os requisitos reais de prensagem de um determinado tipo de material.<\/p>    <p>Devido \u00e0 sua alta efici\u00eancia, personaliza\u00e7\u00e3o e baixa manuten\u00e7\u00e3o, nossa enfardadeira de metal \u00e9 um sucesso de vendas em pa\u00edses estrangeiros, como Mal\u00e1sia, Kuwait, Filipinas, Afeganist\u00e3o e outros. Se voc\u00ea estiver interessado, seja bem-vindo a entrar em contato conosco a qualquer momento!<\/p>    <figure class=\"wp-block-embed is-type-video is-provider-youtube wp-block-embed-youtube wp-embed-aspect-16-9 wp-has-aspect-ratio\"><div class=\"wp-block-embed__wrapper\"> <iframe loading=\"lazy\" title=\"As 3 principais prensas enfardadeiras de sucata de res\u00edduos hidr\u00e1ulicos - Fabricante e fornecedor de m\u00e1quina enfardadeira de metal Shuliy\" width=\"500\" height=\"281\" src=\"https:\/\/www.youtube.com\/embed\/S6Zx6ofeN14?start=27&#038;feature=oembed\" frameborder=\"0\" allow=\"accelerometer; autoplay; clipboard-write; encrypted-media; gyroscope; picture-in-picture; web-share\" referrerpolicy=\"strict-origin-when-cross-origin\" allowfullscreen><\/iframe> <\/div><figcaption class=\"wp-element-caption\">v\u00eddeo de trabalho da prensa enfardadeira hidr\u00e1ulica para reciclagem de metal <\/figcaption><\/figure>    <h2 class=\"wp-block-heading\" id=\"h-what-is-a-scrap-metal-baler\"><strong>O que \u00e9 uma enfardadeira de sucata?<\/strong><\/h2>    <p>Este compactador de sucata pode ser amplamente utilizado em f\u00e1bricas de reciclagem de recursos met\u00e1licos de m\u00e9dio ou grande porte e f\u00e1bricas de produtos met\u00e1licos. <\/p>    <p>A prensa enfardadeira hidr\u00e1ulica de sucata usa m\u00faltiplas for\u00e7as de seu sistema hidr\u00e1ulico para prensar res\u00edduos de metal de formatos e tamanhos irregulares em colunas compactas. Ap\u00f3s o enfardamento, esses fardos de sucata s\u00e3o f\u00e1ceis de transportar e armazenar nas caixas, al\u00e9m de economizar muita terra ocupada.<\/p>    <figure class=\"wp-block-gallery aligncenter has-nested-images columns-default is-cropped wp-block-gallery-2 is-layout-flex wp-block-gallery-is-layout-flex\"> <figure class=\"wp-block-image size-large\"><img loading=\"lazy\" decoding=\"async\" width=\"720\" height=\"540\" data-id=\"2653\" src=\"https:\/\/www.baler-machines.com\/wp-content\/uploads\/2022\/08\/new-designed-scrap-metal-baler.webp\" alt=\"enfardadeira de sucata com novo design\" class=\"wp-image-2653\" title=\"\"><figcaption class=\"wp-element-caption\">Enfardadeira de sucata com novo design<\/figcaption><\/figure>    <figure class=\"wp-block-image size-large\"><img loading=\"lazy\" decoding=\"async\" width=\"720\" height=\"540\" data-id=\"2651\" src=\"https:\/\/www.baler-machines.com\/wp-content\/uploads\/2022\/08\/industrial-scrap-baler.webp\" alt=\"enfardadeira de sucata industrial\" class=\"wp-image-2651\" title=\"\"><figcaption class=\"wp-element-caption\">Enfardadeira de sucata industrial<\/figcaption><\/figure> <\/figure>    <figure class=\"wp-block-gallery aligncenter has-nested-images columns-default is-cropped wp-block-gallery-3 is-layout-flex wp-block-gallery-is-layout-flex\"> <figure class=\"wp-block-image size-full\"><img loading=\"lazy\" decoding=\"async\" width=\"720\" height=\"540\" data-id=\"2652\" src=\"https:\/\/www.baler-machines.com\/wp-content\/uploads\/2022\/08\/scrap-metal-baler-manufacturer.webp\" alt=\"fabricante de enfardadeiras de sucata\" class=\"wp-image-2652\" title=\"\"><figcaption class=\"wp-element-caption\">Fabricante de enfardadeira de sucata<\/figcaption><\/figure>    <figure class=\"wp-block-image size-full\"><img loading=\"lazy\" decoding=\"async\" width=\"720\" height=\"540\" data-id=\"2654\" src=\"https:\/\/www.baler-machines.com\/wp-content\/uploads\/2022\/08\/hydraulic-metal-baler-with-single-cylinder.webp\" alt=\"enfardadeira hidr\u00e1ulica de metal com cilindro \u00fanico\" class=\"wp-image-2654\" title=\"\"><figcaption class=\"wp-element-caption\">Enfardadeira de metal hidr\u00e1ulica com cilindro \u00fanico<\/figcaption><\/figure> <\/figure>    <h2 class=\"wp-block-heading\" id=\"h-technical-parameters-of-the-hydraulic-metal-baler\"><strong>Par\u00e2metros t\u00e9cnicos da enfardadeira de sucata para venda<\/strong><\/h2>    <figure class=\"wp-block-table\"><table><tbody><tr><td>Modelo de equipamento<\/td><td>&nbsp;Press\u00e3o (tonelada)<\/td><td>Pressione o tamanho da caixa (mm)<\/td><td>Tamanho dos fardos (cm)<\/td><td>Tempo de imprensa (s)&nbsp;<\/td><td>Pot\u00eancia (kW)<\/td><\/tr><tr><td>SL-Y81-125<\/td><td>125<\/td><td>1200*800*500<\/td><td>30*30<\/td><td>100<\/td><td>15<\/td><\/tr><tr><td>SL-Y81-135<\/td><td>135<\/td><td>1200*1000*600<\/td><td>30*30<\/td><td>110<\/td><td>18.5<\/td><\/tr><tr><td>SL-Y81-160<\/td><td>160<\/td><td>1200*1000*600<\/td><td>35*35<\/td><td>110<\/td><td>18.5<\/td><\/tr><tr><td>SL-Y81-180<\/td><td>180<\/td><td>1600*1200*800<\/td><td>40*40<\/td><td>130<\/td><td>22<\/td><\/tr><tr><td>SL-Y81-200<\/td><td>200<\/td><td>1600*1200*800<\/td><td>50*50<\/td><td>140<\/td><td>22+15<\/td><\/tr><tr><td>SL-Y81-250<\/td><td>250<\/td><td>2000*1750*1000<\/td><td>50*50<\/td><td>150<\/td><td>44<\/td><\/tr><tr><td>SL-Y81-315<\/td><td>315<\/td><td>2500*2000*1200<\/td><td>60*60<\/td><td>160<\/td><td>60<\/td><\/tr><tr><td>SL-Y81-400<\/td><td>100<\/td><td>3000*2500*1200<\/td><td>60*60<\/td><td>170<\/td><td>90<\/td><\/tr><\/tbody><\/table><figcaption class=\"wp-element-caption\">par\u00e2metros t\u00e9cnicos da prensa enfardadeira de sucata de metal<\/figcaption><\/figure>    <h2 class=\"wp-block-heading\" id=\"h-what-waste-material-can-be-baled\"><strong>Aplica\u00e7\u00f5es da prensa hidr\u00e1ulica para enfardamento de sucata<\/strong><\/h2>    <p>A prensa de sucata de ferro pode prensar v\u00e1rios produtos met\u00e1licos de desperd\u00edcio em condi\u00e7\u00f5es normais. Os materiais s\u00e3o:<\/p>    <ul class=\"wp-block-list\"> <li>Sucata de metal ferroso <ul class=\"wp-block-list\"> <li>Sucata de ferro e sucata de a\u00e7o<\/li>    <li>Chapinhas de ferro e materiais de ferro leves\/finos<\/li>    <li>Blocos de ferro gusa<\/li>    <li>Carca\u00e7as de carros e estruturas de autom\u00f3veis<\/li>    <li>Barricas de ferro e bicicletas usadas<\/li> <\/ul> <\/li>    <li>Sucata de metal n\u00e3o ferroso <ul class=\"wp-block-list\"> <li>Blocos de cobre reciclado<\/li>    <li>Flocos de alum\u00ednio reciclado<\/li>    <li>Perfis de liga de alum\u00ednio<\/li> <\/ul> <\/li>    <li>Balde de tinta e latas de alum\u00ednio <ul class=\"wp-block-list\"> <li>Baldes de tinta<\/li>    <li>Latas de cerveja e latas de bebidas<\/li>    <li>Latas de metal<\/li> <\/ul> <\/li>    <li>Res\u00edduos de constru\u00e7\u00e3o leve <ul class=\"wp-block-list\"> <li>Telhas de a\u00e7o colorido<\/li>    <li>Chapinhas de ferro finas<\/li> <\/ul> <\/li> <\/ul>    <figure class=\"wp-block-gallery aligncenter has-nested-images columns-default is-cropped wp-block-gallery-4 is-layout-flex wp-block-gallery-is-layout-flex\"> <figure class=\"wp-block-image size-full\"><img loading=\"lazy\" decoding=\"async\" width=\"720\" height=\"540\" data-id=\"2657\" src=\"https:\/\/www.baler-machines.com\/wp-content\/uploads\/2022\/08\/matrials-to-be-baled.webp\" alt=\"materiais-a-ser-enfaixados\" class=\"wp-image-2657\" title=\"\"><figcaption class=\"wp-element-caption\">Materiais a serem enfardados<\/figcaption><\/figure>    <figure class=\"wp-block-image size-full\"><img loading=\"lazy\" decoding=\"async\" width=\"720\" height=\"540\" data-id=\"2656\" src=\"https:\/\/www.baler-machines.com\/wp-content\/uploads\/2022\/08\/final-products.webp\" alt=\"produtos-finais\" class=\"wp-image-2656\" title=\"\"><figcaption class=\"wp-element-caption\">Produtos Finais<\/figcaption><\/figure> <\/figure>    <p class=\"translation-block\">A prensa de sucata \u00e9 adequada para v\u00e1rias sider\u00fargias grandes, m\u00e9dias e pequenas, para a ind\u00fastria de reciclagem de metais usados e para a ind\u00fastria de fundi\u00e7\u00e3o de metais n\u00e3o ferrosos. O formato do produto final pode ser <strong>cubos, cilindros, oct\u00f3gonos, ret\u00e2ngulos, hexagonais<\/strong>, etc.<\/p>    <figure class=\"wp-block-gallery aligncenter has-nested-images columns-default is-cropped wp-block-gallery-5 is-layout-flex wp-block-gallery-is-layout-flex\"> <figure class=\"wp-block-image size-large\"><img loading=\"lazy\" decoding=\"async\" width=\"540\" height=\"540\" data-id=\"365\" src=\"https:\/\/www.baler-machines.com\/wp-content\/uploads\/2019\/12\/baled-steel-plates.jpg\" alt=\"chapas-de-a\u00e7o-enfaixadas\" class=\"wp-image-365\" title=\"\"><figcaption class=\"wp-element-caption\">Placas de a\u00e7o enfardadas<\/figcaption><\/figure>    <figure class=\"wp-block-image size-large\"><img loading=\"lazy\" decoding=\"async\" width=\"540\" height=\"540\" data-id=\"372\" src=\"https:\/\/www.baler-machines.com\/wp-content\/uploads\/2019\/12\/waste-metal-baling-with-eight-prism-shape.jpg\" alt=\"enfardamento de res\u00edduos de metal com formato de oito prismas\" class=\"wp-image-372\" title=\"\"><figcaption class=\"wp-element-caption\">Enfardamento de res\u00edduos de metal com formato de oito prismas<\/figcaption><\/figure>    <figure class=\"wp-block-image size-large\"><img loading=\"lazy\" decoding=\"async\" width=\"540\" height=\"540\" data-id=\"364\" src=\"https:\/\/www.baler-machines.com\/wp-content\/uploads\/2019\/12\/baled-aluminum-sheets-briquettes.jpg\" alt=\"briquetes-de-chapas-de-alum\u00ednio-enfaixadas\" class=\"wp-image-364\" title=\"\"><figcaption class=\"wp-element-caption\">Briquetes de folhas de alum\u00ednio enfardadas<\/figcaption><\/figure> <\/figure>    <h2 class=\"wp-block-heading\" id=\"h-advantages-of-the-hydraulic-scrap-metal-baler\"><strong>Vantagens da enfardadeira hidr\u00e1ulica para sucata<\/strong><\/h2>    <ol class=\"wp-block-list\"> <li>Excelente design de enfardadeira de sucata, economia de espa\u00e7o e transporte mais conveniente.<\/li>    <li>A sucata met\u00e1lica ap\u00f3s a prensagem \u00e9 mais densa e pode ser vendida a um pre\u00e7o mais alto.<\/li>    <li>Nossa prensa enfardadeira de sucata met\u00e1lica pode ser usada para sucata, o que pode gerar novamente renda para a f\u00e1brica.<\/li>    <li>Existem dois tipos de sistemas operacionais, um \u00e9 totalmente autom\u00e1tico e o outro \u00e9 de opera\u00e7\u00e3o manual (a opera\u00e7\u00e3o \u00e9 feita por alavanca de controle manual).<\/li>    <li>A placa pode ser adicionada \u00e0 m\u00e1quina com base no original para que a m\u00e1quina seja mais resistente ao desgaste e tenha maior vida \u00fatil.<\/li>    <li>Voc\u00ea tamb\u00e9m pode adicionar l\u00e2minas, para que seja mais conveniente embalar materiais grandes.<\/li> <\/ol>    <h2 class=\"wp-block-heading\" id=\"h-how-does-the-hydraulic-scrap-press-machine-work\"><strong>Como funciona a prensa enfardadeira de sucata de metal?<\/strong><\/h2>    <p>Os materiais met\u00e1licos t\u00eam a propriedade de deforma\u00e7\u00e3o pl\u00e1stica. A press\u00e3o hidr\u00e1ulica da enfardadeira met\u00e1lica horizontal pode dar aos materiais met\u00e1licos for\u00e7a externa suficiente que pode agregar e produzir deforma\u00e7\u00e3o permanente, formando assim um bloco s\u00f3lido compacto. <\/p>    <p class=\"translation-block\">Quando a <a href=\"https:\/\/www.baler-machines.com\/pt\/waste-iron-baler-machine-iron-scraps-baling-machine\/\" target=\"_blank\" rel=\"noreferrer noopener\">prensa hidr\u00e1ulica de enfardamento de sucata<\/a> est\u00e1 funcionando, podemos usar a garra para colocar os materiais a serem embalados na caixa da enfardadeira. Em seguida, abra a v\u00e1lvula de controle do cilindro hidr\u00e1ulico da m\u00e1quina. A enfardadeira hidr\u00e1ulica de metal comprime rapidamente materiais met\u00e1licos em colunas atrav\u00e9s de tr\u00eas press\u00f5es hidr\u00e1ulicas acumuladas.<\/p>    <figure class=\"wp-block-gallery has-nested-images columns-default is-cropped wp-block-gallery-6 is-layout-flex wp-block-gallery-is-layout-flex\"> <figure class=\"wp-block-image size-large\"><img loading=\"lazy\" decoding=\"async\" width=\"720\" height=\"540\" data-id=\"370\" src=\"https:\/\/www.baler-machines.com\/wp-content\/uploads\/2019\/12\/customer-using-of-the-hydraulic-metal-baler.jpg\" alt=\"cliente usando a enfardadeira hidr\u00e1ulica de metal\" class=\"wp-image-370\" title=\"\"><figcaption class=\"wp-element-caption\">Cliente usando enfardadeira hidr\u00e1ulica de metal<\/figcaption><\/figure>    <figure class=\"wp-block-image size-large\"><img loading=\"lazy\" decoding=\"async\" width=\"400\" height=\"400\" data-id=\"371\" src=\"https:\/\/www.baler-machines.com\/wp-content\/uploads\/2019\/12\/waste-cans-baling-process.jpg\" alt=\"processo de enfardamento de latas de lixo\" class=\"wp-image-371\" title=\"\"><figcaption class=\"wp-element-caption\">Processo de enfardamento de latas de lixo<\/figcaption><\/figure> <\/figure>    <h2 class=\"wp-block-heading\" id=\"h-maintenance-tips-of-the-scrap-metal-baler\"><strong>Dicas de manuten\u00e7\u00e3o da enfardadeira de sucata<\/strong><\/h2>    <ul class=\"wp-block-list\"> <li>Toda semana, limpe os restos ou sujeira da caixa da enfardadeira de metal.<\/li>    <li>Uma vez por m\u00eas, limpe e lubrifique a l\u00e2mina, a faca intermedi\u00e1ria e o ejetor frontal.<\/li>    <li>Adicione lubrificante a todos os rolamentos da m\u00e1quina a cada tr\u00eas meses.<\/li>    <li>Reabaste\u00e7a regularmente o \u00f3leo hidr\u00e1ulico no tanque de \u00f3leo da enfardadeira de metal uma vez a cada dois anos.<\/li>    <li>Cada vez que voc\u00ea adiciona \u00f3leo hidr\u00e1ulico, deve ser apropriado. Lembre-se de n\u00e3o adicionar muito, para evitar mau funcionamento do microinterruptor devido \u00e0 imers\u00e3o em \u00f3leo.<\/li> <\/ul>   <div class=\"wp-block-image\"> <figure class=\"aligncenter size-full\"><img loading=\"lazy\" decoding=\"async\" width=\"540\" height=\"540\" src=\"https:\/\/www.baler-machines.com\/wp-content\/uploads\/2019\/12\/commercial-metal-baler.jpg\" alt=\"enfardadeira de metal comercial\" class=\"wp-image-177\" title=\"\"><figcaption class=\"wp-element-caption\">enfardadeira de metal comercial<\/figcaption><\/figure> <\/div>   <h2 class=\"wp-block-heading\"><strong>Casos de sucesso de enfardadeiras de sucata \u00e0 venda em todo o mundo<\/strong><\/h2>    <p class=\"translation-block\"><strong>Caso de sucesso: a prensa de metal horizontal exportada para a Iraque<\/strong><\/p>    <p>O cliente iraquiano tinha uma grande acumula\u00e7\u00e3o de sucata met\u00e1lica e queria dispor deste material de forma eficiente, de prefer\u00eancia de uma forma que gerasse rendimento secund\u00e1rio. Portanto, este cliente come\u00e7ou a procurar uma enfardadeira de metal e nos contatou ap\u00f3s ver nossas m\u00e1quinas. Depois de conhecer as nossas m\u00e1quinas, ficou muito satisfeito e sentiu que aquela era a m\u00e1quina que queria. Portanto, o contrato foi assinado imediatamente. Aqui est\u00e1 uma foto da nossa entrega no porto.<\/p>    <figure class=\"wp-block-gallery aligncenter has-nested-images columns-default is-cropped wp-block-gallery-7 is-layout-flex wp-block-gallery-is-layout-flex\"> <figure class=\"wp-block-image size-large\"><img loading=\"lazy\" decoding=\"async\" width=\"540\" height=\"540\" data-id=\"368\" src=\"https:\/\/www.baler-machines.com\/wp-content\/uploads\/2019\/12\/large-tonnage-metal-baler-for-shipping.jpg\" alt=\"enfardadeira-de-metal-de-grande-tonelagem-para-transporte\" class=\"wp-image-368\" title=\"\"><figcaption class=\"wp-element-caption\">Enfardadeira de metal de grande tonelagem para transporte<\/figcaption><\/figure>    <figure class=\"wp-block-image size-large\"><img loading=\"lazy\" decoding=\"async\" width=\"540\" height=\"540\" data-id=\"369\" src=\"https:\/\/www.baler-machines.com\/wp-content\/uploads\/2019\/12\/Shuliy-metal-baling-machine-for-sale.jpg\" alt=\"Venda m\u00e1quina enfardadeira de metal Shuliy\" class=\"wp-image-369\" title=\"\"><figcaption class=\"wp-element-caption\">M\u00e1quina enfardadeira de metal Shuliy para venda<\/figcaption><\/figure> <\/figure>    <p class=\"translation-block\"><strong>Prensa hidr\u00e1ulica de sucata SL-125 vendida para o Afeganist\u00e3o<\/strong><\/p>    <p>Nosso compactador de metal foi vendido com sucesso para uma grande empresa de reciclagem de sucata no Afeganist\u00e3o. Devido \u00e0 excelente estabilidade e durabilidade, a empresa consegue processar rapidamente todos os tipos de sucata. A empresa melhorou significativamente a efici\u00eancia do processamento de sucata, reduziu os custos de transporte e aumentou a efic\u00e1cia da recupera\u00e7\u00e3o de recursos.<\/p>    <figure class=\"wp-block-gallery aligncenter has-nested-images columns-default is-cropped wp-block-gallery-8 is-layout-flex wp-block-gallery-is-layout-flex\"> <figure class=\"wp-block-image size-large\"><img loading=\"lazy\" decoding=\"async\" width=\"720\" height=\"540\" data-id=\"3458\" src=\"https:\/\/www.baler-machines.com\/wp-content\/uploads\/2023\/12\/hydraulic-metal-baler.webp\" alt=\"enfardadeira de metal hidr\u00e1ulica\" class=\"wp-image-3458\" title=\"\"><figcaption class=\"wp-element-caption\">Enfardadeira hidr\u00e1ulica de metal<\/figcaption><\/figure>    <figure class=\"wp-block-image size-large\"><img loading=\"lazy\" decoding=\"async\" width=\"720\" height=\"540\" data-id=\"3459\" src=\"https:\/\/www.baler-machines.com\/wp-content\/uploads\/2023\/12\/metal-scrap-baler-machine-for-sale.webp\" alt=\"M\u00e1quina enfardadeira de sucata de metal para venda\" class=\"wp-image-3459\" title=\"\"><figcaption class=\"wp-element-caption\">M\u00e1quina enfardadeira de sucata de metal para venda<\/figcaption><\/figure> <\/figure>    <p class=\"translation-block\"><strong>Compactador de metal SL-125 entregue para a Mal\u00e1sia<\/strong><\/p>    <p>Na Mal\u00e1sia, fornecemos uma solu\u00e7\u00e3o de enfardadeira de sucata para uma empresa especializada em reciclagem de metal. Personalizamos a enfardadeira de metal com pot\u00eancia de 15 kW e tamanho de fardo de 30 * 30 cm com o m\u00e9todo de enfardamento lateral para a Mal\u00e1sia.<\/p>    <figure class=\"wp-block-gallery aligncenter has-nested-images columns-default is-cropped wp-block-gallery-9 is-layout-flex wp-block-gallery-is-layout-flex\"> <figure class=\"wp-block-image size-large\"><img loading=\"lazy\" decoding=\"async\" width=\"720\" height=\"540\" data-id=\"3461\" src=\"https:\/\/www.baler-machines.com\/wp-content\/uploads\/2023\/12\/iron-scrap-baling-press.webp\" alt=\"prensa enfardadeira de sucata de ferro\" class=\"wp-image-3461\" title=\"\"><figcaption class=\"wp-element-caption\">Prensa enfardadeira de sucata de ferro<\/figcaption><\/figure>    <figure class=\"wp-block-image size-large\"><img loading=\"lazy\" decoding=\"async\" width=\"720\" height=\"540\" data-id=\"3465\" src=\"https:\/\/www.baler-machines.com\/wp-content\/uploads\/2023\/12\/motor-for-125T-metal-baler.webp\" alt=\"motor para enfardadeira de metal 125T\" class=\"wp-image-3465\" title=\"\"><figcaption class=\"wp-element-caption\">Motor para enfardadeira de metal 125T<\/figcaption><\/figure> <\/figure>    <h2 class=\"wp-block-heading\"><strong>Entre em contato conosco para um or\u00e7amento!<\/strong><\/h2>    <p class=\"translation-block\">Interessado em qu\u00e3o r\u00e1pido voc\u00ea pode reciclar <a href=\"https:\/\/en.wikipedia.org\/wiki\/Scrap\" target=\"_blank\" rel=\"noopener\">sucata de metal<\/a>? Se sim, entre em contato conosco! N\u00f3s forneceremos a solu\u00e7\u00e3o \u00f3tima e a melhor oferta de acordo com suas necessidades.<\/p>","protected":false},"excerpt":{"rendered":"<p>O enfardador de metal horizontal tamb\u00e9m pode ser chamado de enfardador de ferro descartado, m\u00e1quina de enfardamento de latas, m\u00e1quina de enfardamento de a\u00e7o descartado e enfardador de latas de alum\u00ednio. Esse tipo de equipamento de reciclagem de metal tem aplica\u00e7\u00f5es muito amplas para prensar todos os tipos de res\u00edduos met\u00e1licos e outros res\u00edduos s\u00f3lidos com formas cil\u00edndricas, retangulares, c\u00fabicas, hexagonais e outras formas prism\u00e1ticas.<\/p>","protected":false},"author":1,"featured_media":2665,"parent":0,"template":"","tags":[414,20,408,22,594,21],"product-type":[563],"class_list":["post-299","product","type-product","status-publish","has-post-thumbnail","hentry","tag-baler","tag-horizontal-metal-baler","tag-metal","tag-metal-baling-machine","tag-scrap-metal-baler","tag-waste-metal-baler","product-type-baler-machine"],"_links":{"self":[{"href":"https:\/\/www.baler-machines.com\/pt\/wp-json\/wp\/v2\/product\/299","targetHints":{"allow":["GET"]}}],"collection":[{"href":"https:\/\/www.baler-machines.com\/pt\/wp-json\/wp\/v2\/product"}],"about":[{"href":"https:\/\/www.baler-machines.com\/pt\/wp-json\/wp\/v2\/types\/product"}],"author":[{"embeddable":true,"href":"https:\/\/www.baler-machines.com\/pt\/wp-json\/wp\/v2\/users\/1"}],"wp:featuredmedia":[{"embeddable":true,"href":"https:\/\/www.baler-machines.com\/pt\/wp-json\/wp\/v2\/media\/2665"}],"wp:attachment":[{"href":"https:\/\/www.baler-machines.com\/pt\/wp-json\/wp\/v2\/media?parent=299"}],"wp:term":[{"taxonomy":"post_tag","embeddable":true,"href":"https:\/\/www.baler-machines.com\/pt\/wp-json\/wp\/v2\/tags?post=299"},{"taxonomy":"product-type","embeddable":true,"href":"https:\/\/www.baler-machines.com\/pt\/wp-json\/wp\/v2\/product-type?post=299"}],"curies":[{"name":"wp","href":"https:\/\/api.w.org\/{rel}","templated":true}]}}