{"id":2971,"date":"2023-02-14T15:15:46","date_gmt":"2023-02-14T07:15:46","guid":{"rendered":"https:\/\/www.baler-machines.com\/?post_type=product&#038;p=2971"},"modified":"2023-02-14T15:55:13","modified_gmt":"2023-02-14T07:55:13","slug":"hydraulic-cardboard-baler-for-sale","status":"publish","type":"product","link":"https:\/\/www.baler-machines.com\/pt\/hydraulic-cardboard-baler-for-sale\/","title":{"rendered":"Enfardadeira de papel\u00e3o para res\u00edduos hidr\u00e1ulicos para venda"},"content":{"rendered":"<p>A enfardadeira hidr\u00e1ulica de papel\u00e3o \u00e9 especialmente para res\u00edduos de papel\u00e3o e papel\u00e3o ondulado com a finalidade de formatos quadrados e armazenamento e transporte convenientes.<\/p>    <figure class=\"wp-block-gallery aligncenter has-nested-images columns-default is-cropped wp-block-gallery-2 is-layout-flex wp-block-gallery-is-layout-flex\"> <figure class=\"wp-block-image size-full\"><img loading=\"lazy\" decoding=\"async\" width=\"720\" height=\"540\" data-id=\"2986\" src=\"https:\/\/www.baler-machines.com\/wp-content\/uploads\/2023\/02\/hydraulic-cardboard-compactor.webp\" alt=\"compactador hidr\u00e1ulico de papel\u00e3o\" class=\"wp-image-2986\" title=\"\"><figcaption class=\"wp-element-caption\">Compactador Hidr\u00e1ulico de Papel\u00e3o<\/figcaption><\/figure>    <figure class=\"wp-block-image size-full\"><img loading=\"lazy\" decoding=\"async\" width=\"720\" height=\"540\" data-id=\"2985\" src=\"https:\/\/www.baler-machines.com\/wp-content\/uploads\/2023\/02\/horizontal-cardboard-baling-press.webp\" alt=\"prensa enfardadeira horizontal de papel\u00e3o\" class=\"wp-image-2985\" title=\"\"><figcaption class=\"wp-element-caption\">Prensa enfardadeira horizontal de papel\u00e3o<\/figcaption><\/figure> <\/figure>    <p class=\"translation-block\">O compactador de papel\u00e3o da Shuliy, na verdade, pertence \u00e0 <a href=\"https:\/\/www.baler-machines.com\/pt\/baler-machine\/\" target=\"_blank\" rel=\"noreferrer noopener\">prensa hidr\u00e1ulica<\/a>, que \u00e9 frequentemente usada em v\u00e1rias esta\u00e7\u00f5es de reciclagem de sucata para enfardar e reciclar v\u00e1rios res\u00edduos, como papel\u00e3o, caixas de papel\u00e3o, roupas usadas, pneus, palha, serragem, etc. Se voc\u00ea estiver interessado nisso, entre em contato conosco!<\/p>    <h2 class=\"wp-block-heading\"><strong>Por que reciclar e enfardar <a href=\"https:\/\/en.wikipedia.org\/wiki\/Cardboard\" target=\"_blank\" rel=\"noreferrer noopener\">papel\u00e3o\/caixa<\/a>?<\/strong><\/h2>    <p>O papel\u00e3o pode ser usado para armazenamento, transporte, etc. de v\u00e1rias coisas. Mas quando sua miss\u00e3o \u00e9 cumprida, o papel\u00e3o \u00e9 descartado como lixo. Neste caso, normalmente existem coletores de sucata para reciclagem.<\/p>    <figure class=\"wp-block-gallery aligncenter has-nested-images columns-default is-cropped wp-block-gallery-3 is-layout-flex wp-block-gallery-is-layout-flex\"> <figure class=\"wp-block-image size-full\"><img loading=\"lazy\" decoding=\"async\" width=\"540\" height=\"540\" data-id=\"2941\" src=\"https:\/\/www.baler-machines.com\/wp-content\/uploads\/2023\/01\/waste-cardboard.webp\" alt=\"res\u00edduos de papel\u00e3o\" class=\"wp-image-2941\" title=\"\"><figcaption class=\"wp-element-caption\">Res\u00edduos de papel\u00e3o<\/figcaption><\/figure>    <figure class=\"wp-block-image size-full\"><img loading=\"lazy\" decoding=\"async\" width=\"540\" height=\"540\" data-id=\"2942\" src=\"https:\/\/www.baler-machines.com\/wp-content\/uploads\/2023\/01\/waste-paper.webp\" alt=\"res\u00edduos de papel\" class=\"wp-image-2942\" title=\"\"><figcaption class=\"wp-element-caption\">Res\u00edduos de papel<\/figcaption><\/figure> <\/figure>    <p>Ap\u00f3s a reciclagem, o papel\u00e3o \u00e9 armazenado ou revendido novamente. Neste caso, o uso de uma enfardadeira de papel\u00e3o para compacta\u00e7\u00e3o melhorar\u00e1 muito a efici\u00eancia do armazenamento. E no pr\u00f3ximo processamento reduzir\u00e1 bastante o tempo.<\/p>    <h2 class=\"wp-block-heading\"><strong>Venda enfardadeira de papel\u00e3o comercial <\/strong><\/h2>    <p>Como fabricante e fornecedor profissional de equipamentos de reciclagem, nossas enfardadeiras hidr\u00e1ulicas s\u00e3o muito populares no mercado internacional. Existem dois tipos de enfardadeiras hidr\u00e1ulicas para enfardamento de placas de papel ou materiais semelhantes: enfardadeira hidr\u00e1ulica vertical e enfardadeira hidr\u00e1ulica horizontal.<\/p>    <figure class=\"wp-block-gallery aligncenter has-nested-images columns-default is-cropped wp-block-gallery-4 is-layout-flex wp-block-gallery-is-layout-flex\"> <figure class=\"wp-block-image size-full\"><img loading=\"lazy\" decoding=\"async\" width=\"540\" height=\"720\" data-id=\"2982\" src=\"https:\/\/www.baler-machines.com\/wp-content\/uploads\/2023\/02\/vertical-cardboard-baler-for-sale.webp\" alt=\"enfardadeira de papel\u00e3o vertical para venda\" class=\"wp-image-2982\" title=\"\"><figcaption class=\"wp-element-caption\">Enfardadeira de papel\u00e3o Vertica para venda<\/figcaption><\/figure>    <figure class=\"wp-block-image size-full\"><img loading=\"lazy\" decoding=\"async\" width=\"540\" height=\"720\" data-id=\"2983\" src=\"https:\/\/www.baler-machines.com\/wp-content\/uploads\/2023\/02\/horizontal-cardboard-baler-machine.webp\" alt=\"m\u00e1quina enfardadeira horizontal de papel\u00e3o\" class=\"wp-image-2983\" title=\"\"><figcaption class=\"wp-element-caption\">M\u00e1quina enfardadeira horizontal de papel\u00e3o<\/figcaption><\/figure> <\/figure>    <p>Venda enfardadeira vertical de papel\u00e3o: \u00e9 amplamente utilizada na ind\u00fastria de reciclagem de diversos res\u00edduos. <\/p>    <p>Enfardadeira horizontal autom\u00e1tica de papel\u00e3o: prensas enfardadeiras horizontais totalmente autom\u00e1ticas e semiautom\u00e1ticas est\u00e3o dispon\u00edveis para sua escolha.<\/p>    <h2 class=\"wp-block-heading\"><strong>Qual \u00e9 o pre\u00e7o da enfardadeira industrial para caixas de papel\u00e3o?<\/strong><\/h2>    <p>O pre\u00e7o da m\u00e1quina \u00e9 afetado por v\u00e1rios fatores. Como mencionado acima, a enfardadeira de papel\u00e3o pertence a um tipo de enfardadeira hidr\u00e1ulica e existem 2 tipos de enfardamento de res\u00edduos de papel\u00e3o. Escolha um pre\u00e7o de enfardadeira diferente n\u00e3o \u00e9 o mesmo. Al\u00e9m disso, h\u00e1 o tamanho da caixa que voc\u00ea deseja embalar. Tamanhos diferentes escolhem modelos de m\u00e1quinas diferentes, o pre\u00e7o n\u00e3o \u00e9 o mesmo.<\/p>    <h2 class=\"wp-block-heading\"><strong>Par\u00e2metros t\u00e9cnicos da enfardadeira de papel\u00e3o vertical e horizontal<\/strong><\/h2>    <p class=\"translation-block\"><strong>M\u00e1quina enfardadeira vertical de papel\u00e3o<\/strong><\/p>    <figure class=\"wp-block-table\"><table><tbody><tr><td>Modelo<\/td><td>Press\u00e3o<\/td><td>Motor<\/td><td>Volume da caixa interna<\/td><td>Tamanho final do produto<\/td><td>Capacidade<\/td><td>Peso<\/td><\/tr><tr><td>SL-15T<\/td><td>15T<\/td><td>5,5 kW<\/td><td>850*600*1300MM<\/td><td>890*610*500MM<\/td><td>1-1,5T\/H<\/td><td>1T<\/td><\/tr><tr><td>SL-30T<\/td><td>30T<\/td><td>7,5 kW<\/td><td>800*400*1300MM<\/td><td>890*610*500MM<\/td><td>1,5-2T\/H<\/td><td>1,5T<\/td><\/tr><tr><td>SL-60T<\/td><td>60T<\/td><td>7,5 kW<\/td><td>900*600*1300MM<\/td><td>900*610*500MM<\/td><td>2-2,5T\/H<\/td><td>2T<\/td><\/tr><tr><td>SL-80T<\/td><td>80T<\/td><td>7,5 kW<\/td><td>1200*800*1500MM<\/td><td>1200*810*500MM<\/td><td>3-3,5T\/H<\/td><td>3T<\/td><\/tr><tr><td>SL-100T<\/td><td>100T<\/td><td>15KW<\/td><td>1100*900*1500MM<\/td><td>1100*910*500MM<\/td><td>3,5-4T\/H<\/td><td>3,5T<\/td><\/tr><tr><td>SL-120T<\/td><td>120T<\/td><td>18,5 kW<\/td><td>1200*100*1500MM<\/td><td>1200*100*500MM<\/td><td>4-5T\/H<\/td><td>4T<\/td><\/tr><\/tbody><\/table><\/figure>    <p class=\"translation-block\"><strong>M\u00e1quina compactadora horizontal de papel\u00e3o<\/strong><\/p>    <figure class=\"wp-block-table\"><table><tbody><tr><td>Modelo<\/td><td>SL-120\/100<\/td><td>SL-180\/160<\/td><td>SL-200<\/td><td>SL-220<\/td><\/tr><tr><td>Press\u00e3o<\/td><td>28Mpa<\/td><td>28Mpa<\/td><td>31,5Mpa<\/td><td>31,5Mpa<\/td><\/tr><tr><td>Tamanho da porta de alimenta\u00e7\u00e3o<\/td><td>1700*1020mm<\/td><td>2000*1100mm<\/td><td>1100*200mm<\/td><td>1100*2000mm<\/td><\/tr><tr><td>Tamanho final do produto<\/td><td>1100*900mm<\/td><td>1100*1300mm<\/td><td>1100*1300*1500mm(ajust\u00e1vel)<\/td><td>1500*1100*1400mm<\/td><\/tr><tr><td>Peso final do produto<\/td><td>1100-1550kg<\/td><td>1100-1550kg<\/td><td>1100-1550kg<\/td><td>1100-1550kg<\/td><\/tr><tr><td>Motor total<\/td><td>22 kW<\/td><td>43,5 kW<\/td><td>55 kW<\/td><td>62 kW<\/td><\/tr><tr><td>Maneira de embalagem<\/td><td>Fio temperado manual 2,8-3,2mm 3 linhas<\/td><td>Fio temperado autom\u00e1tico 2,8-3,2mm 4 linhas<\/td><td>Fio 5 linhas autom\u00e1tico12#<\/td><td>Fio 12# autom\u00e1tico 5 linhas<\/td><\/tr><tr><td>Termo de sistema de controle<\/td><td>Termo de sistema PLC<\/td><td>Termo de sistema PLC<\/td><td>Termo de sistema PLC<\/td><td>Termo de sistema PLC<\/td><\/tr><tr><td>Capacidade<\/td><td>7T\/H<\/td><td>10T\/H<\/td><td>12T\/H<\/td><td>14T\/H<\/td><\/tr><tr><td>Tipo de \u00f3leo<\/td><td>\u00d3leo hidr\u00e1ulico 46#<\/td><td>\u00d3leo hidr\u00e1ulico 46#<\/td><td>\u00d3leo hidr\u00e1ulico 46#<\/td><td>\u00d3leo hidr\u00e1ulico 46#<\/td><\/tr><tr><td>Tanque de \u00f3leo<\/td><td>2.000 kg<\/td><td>2.000 kg<\/td><td>2.000 kg<\/td><td>2.000 kg<\/td><\/tr><\/tbody><\/table><\/figure>    <h2 class=\"wp-block-heading\"><strong>V\u00eddeo de trabalho da prensa enfardadeira horizontal para res\u00edduos de papel\u00e3o<\/strong><\/h2>    <figure class=\"wp-block-embed is-type-video is-provider-youtube wp-block-embed-youtube wp-embed-aspect-16-9 wp-has-aspect-ratio\"><div class=\"wp-block-embed__wrapper\"> <iframe loading=\"lazy\" title=\"Prensa enfardadeira hidr\u00e1ulica totalmente autom\u00e1tica para papel\u00e3o - Enfardadeira horizontal de papel\u00e3o para venda 2023\" width=\"500\" height=\"281\" src=\"https:\/\/www.youtube.com\/embed\/2cfZYxAvoXg?feature=oembed\" frameborder=\"0\" allow=\"accelerometer; autoplay; clipboard-write; encrypted-media; gyroscope; picture-in-picture; web-share\" referrerpolicy=\"strict-origin-when-cross-origin\" allowfullscreen><\/iframe> <\/div><\/figure>    <figure class=\"wp-block-embed is-type-video is-provider-youtube wp-block-embed-youtube wp-embed-aspect-4-3 wp-has-aspect-ratio\"><div class=\"wp-block-embed__wrapper\"> <iframe loading=\"lazy\" title=\"Enfardadeira vertical de papel\u00e3o para venda - Prensa enfardadeira hidr\u00e1ulica para reciclagem de res\u00edduos #cardboard\" width=\"500\" height=\"375\" src=\"https:\/\/www.youtube.com\/embed\/-8v8ocY3hAc?feature=oembed\" frameborder=\"0\" allow=\"accelerometer; autoplay; clipboard-write; encrypted-media; gyroscope; picture-in-picture; web-share\" referrerpolicy=\"strict-origin-when-cross-origin\" allowfullscreen><\/iframe> <\/div><\/figure>","protected":false},"excerpt":{"rendered":"<p>The hydraulic cardboard baler is especially for waste cardboard and corrugated cardboard for the purpose of square shapes and convenient storage and transportation. Shuliy&#8217;s cardboard compactor actually belongs to the hydraulic baler, which is often used in various scrap recycling stations for baling and recycling various wastes, such as cardboard, cartons, used clothes, tires, straw, [&hellip;]<\/p>\n","protected":false},"author":1,"featured_media":2980,"parent":0,"template":"","tags":[600],"product-type":[563],"class_list":["post-2971","product","type-product","status-publish","has-post-thumbnail","hentry","tag-cardboard-baler","product-type-baler-machine"],"_links":{"self":[{"href":"https:\/\/www.baler-machines.com\/pt\/wp-json\/wp\/v2\/product\/2971","targetHints":{"allow":["GET"]}}],"collection":[{"href":"https:\/\/www.baler-machines.com\/pt\/wp-json\/wp\/v2\/product"}],"about":[{"href":"https:\/\/www.baler-machines.com\/pt\/wp-json\/wp\/v2\/types\/product"}],"author":[{"embeddable":true,"href":"https:\/\/www.baler-machines.com\/pt\/wp-json\/wp\/v2\/users\/1"}],"wp:featuredmedia":[{"embeddable":true,"href":"https:\/\/www.baler-machines.com\/pt\/wp-json\/wp\/v2\/media\/2980"}],"wp:attachment":[{"href":"https:\/\/www.baler-machines.com\/pt\/wp-json\/wp\/v2\/media?parent=2971"}],"wp:term":[{"taxonomy":"post_tag","embeddable":true,"href":"https:\/\/www.baler-machines.com\/pt\/wp-json\/wp\/v2\/tags?post=2971"},{"taxonomy":"product-type","embeddable":true,"href":"https:\/\/www.baler-machines.com\/pt\/wp-json\/wp\/v2\/product-type?post=2971"}],"curies":[{"name":"wp","href":"https:\/\/api.w.org\/{rel}","templated":true}]}}