{"id":291,"date":"2019-12-11T03:13:48","date_gmt":"2019-12-11T03:13:48","guid":{"rendered":"https:\/\/www.baler-machines.com\/?p=291"},"modified":"2024-08-01T18:03:32","modified_gmt":"2024-08-01T10:03:32","slug":"gantry-shear-hydraulic-metal-shearing-machine","status":"publish","type":"product","link":"https:\/\/www.baler-machines.com\/pt\/metal-shears-metal-shearing-machine\/","title":{"rendered":"Tesoura de p\u00f3rtico hidr\u00e1ulico para corte de metal"},"content":{"rendered":"<p class=\"translation-block\">A <strong>tesoura de p\u00f3rtico<\/strong> Shuliy (m\u00e1quina hidr\u00e1ulica de cisalhamento de metal ou tesoura de chapa met\u00e1lica) \u00e9 usada principalmente para cortar materiais de sucata met\u00e1lica grandes ou longos. Ela tem uma capacidade de 4-6 vezes por minuto para cisalhar sucata met\u00e1lica.<\/p>    <p>Esta tesoura de corte de metal adota corte a frio, cortando sucata em 20-30cm, e a produ\u00e7\u00e3o varia de 2,5-30t por hora. <\/p>    <figure class=\"wp-block-gallery aligncenter has-nested-images columns-default is-cropped wp-block-gallery-2 is-layout-flex wp-block-gallery-is-layout-flex\"> <figure class=\"wp-block-image size-full\"><img loading=\"lazy\" decoding=\"async\" width=\"720\" height=\"540\" data-id=\"2497\" src=\"https:\/\/www.baler-machines.com\/wp-content\/uploads\/2022\/08\/scrap-metal-shear.webp\" alt=\"tesoura de sucata\" class=\"wp-image-2497\" title=\"\"><figcaption class=\"wp-element-caption\">Tesoura de sucata<\/figcaption><\/figure>    <figure class=\"wp-block-image size-large\"><img loading=\"lazy\" decoding=\"async\" width=\"720\" height=\"540\" data-id=\"2494\" src=\"https:\/\/www.baler-machines.com\/wp-content\/uploads\/2022\/08\/materials-feeder.webp\" alt=\"alimentador de materiais\" class=\"wp-image-2494\" title=\"\"><figcaption class=\"wp-element-caption\">Alimentador de Materiais<\/figcaption><\/figure> <\/figure>    <figure class=\"wp-block-gallery aligncenter has-nested-images columns-default is-cropped wp-block-gallery-3 is-layout-flex wp-block-gallery-is-layout-flex\"> <figure class=\"wp-block-image size-large\"><img loading=\"lazy\" decoding=\"async\" width=\"720\" height=\"540\" data-id=\"2495\" src=\"https:\/\/www.baler-machines.com\/wp-content\/uploads\/2022\/08\/gantry-shear.webp\" alt=\"tesoura de p\u00f3rtico\" class=\"wp-image-2495\" title=\"\"><figcaption class=\"wp-element-caption\">Tesoura de p\u00f3rtico<\/figcaption><\/figure>    <figure class=\"wp-block-image size-full\"><img loading=\"lazy\" decoding=\"async\" width=\"720\" height=\"540\" data-id=\"3772\" src=\"https:\/\/www.baler-machines.com\/wp-content\/uploads\/2019\/12\/heavy-duty-metal-shearing-machine-with-conveyor.webp\" alt=\"m\u00e1quina de corte de metal resistente com transportador\" class=\"wp-image-3772\" title=\"\" srcset=\"https:\/\/www.baler-machines.com\/wp-content\/uploads\/2019\/12\/heavy-duty-metal-shearing-machine-with-conveyor.webp 720w, https:\/\/www.baler-machines.com\/wp-content\/uploads\/2019\/12\/heavy-duty-metal-shearing-machine-with-conveyor-16x12.webp 16w\" sizes=\"auto, (max-width: 720px) 100vw, 720px\" \/><figcaption class=\"wp-element-caption\">M\u00e1quina de corte de metal para servi\u00e7o pesado com transportador<\/figcaption><\/figure> <\/figure>    <p> A tesoura hidr\u00e1ulica para metal \u00e9 sempre equipada com esteira para alimenta\u00e7\u00e3o de sucata. \u00c9 adequado para v\u00e1rios formatos de sucata de a\u00e7o, sucata de ferro, barris de gasolina dilapidados e v\u00e1rias pe\u00e7as estruturais met\u00e1licas.<\/p>    <p>Al\u00e9m disso, pode manusear grandes quantidades de sucata e tamb\u00e9m \u00e9 muito amigo do meio ambiente.<\/p>    <p>Assim, a tesoura de sucata \u00e9 amplamente utilizada em v\u00e1rias plantas de processamento de reciclagem de metal, locais de desmantelamento de sucata de autom\u00f3veis, ind\u00fastrias de fundi\u00e7\u00e3o e fundi\u00e7\u00e3o, etc. Se estiver interessado, entre em contato conosco para mais detalhes!<\/p>    <figure class=\"wp-block-embed is-type-video is-provider-youtube wp-block-embed-youtube wp-embed-aspect-16-9 wp-has-aspect-ratio\"><div class=\"wp-block-embed__wrapper\"> <iframe loading=\"lazy\" title=\"Tesoura de p\u00f3rtico industrial | M\u00e1quina de cisalhamento para sucata de metal para servi\u00e7os pesados \u200b\u200b| M\u00e1quina de corte de metal #metal #shear\" width=\"500\" height=\"281\" src=\"https:\/\/www.youtube.com\/embed\/9a8ZnWGbRG8?feature=oembed\" frameborder=\"0\" allow=\"accelerometer; autoplay; clipboard-write; encrypted-media; gyroscope; picture-in-picture; web-share\" referrerpolicy=\"strict-origin-when-cross-origin\" allowfullscreen><\/iframe> <\/div><figcaption class=\"wp-element-caption\">v\u00eddeo de m\u00e1quina de corte de sucata<\/figcaption><\/figure>    <h2 class=\"wp-block-heading\"><strong>Vantagens da tesoura de p\u00f3rtico hidr\u00e1ulico<\/strong><\/h2>    <ul class=\"wp-block-list\"> <li>Esta m\u00e1quina adota press\u00e3o hidr\u00e1ulica para trabalho, baixo ru\u00eddo, opera\u00e7\u00e3o est\u00e1vel e longa vida \u00fatil.<\/li>    <li>A m\u00e1quina de cisalhamento de metal Shuliy adota controle el\u00e9trico, f\u00e1cil e seguro de usar.<\/li>    <li>A m\u00e1quina tem a for\u00e7a de cisalhamento mais forte da Shuliy, que pode lidar com sucata de metal resistente. Sua capacidade tamb\u00e9m \u00e9 muito poderosa.<\/li>    <li>Possui uma ampla gama de processamento de sucata de metal, como vergalh\u00f5es de constru\u00e7\u00e3o e sucata de carroceria. Tem uma praticidade muito forte.<\/li>    <li>Existem v\u00e1rios modelos de m\u00e1quinas e a produ\u00e7\u00e3o varia de 3t a 250t.<\/li>    <li>O tamanho dos produtos acabados pode ser definido. De modo geral, o tamanho do produto acabado \u00e9 de 20 a 30 cm.<\/li> <\/ul>    <figure class=\"wp-block-gallery has-nested-images columns-default is-cropped wp-block-gallery-4 is-layout-flex wp-block-gallery-is-layout-flex\"> <figure class=\"wp-block-image size-large\"><img loading=\"lazy\" decoding=\"async\" width=\"720\" height=\"540\" data-id=\"3779\" src=\"https:\/\/www.baler-machines.com\/wp-content\/uploads\/2019\/12\/Shuliy-big-metal-cutting-machine.webp\" alt=\"Shuliy grande m\u00e1quina de corte de metal\" class=\"wp-image-3779\" title=\"\" srcset=\"https:\/\/www.baler-machines.com\/wp-content\/uploads\/2019\/12\/Shuliy-big-metal-cutting-machine.webp 720w, https:\/\/www.baler-machines.com\/wp-content\/uploads\/2019\/12\/Shuliy-big-metal-cutting-machine-16x12.webp 16w\" sizes=\"auto, (max-width: 720px) 100vw, 720px\" \/><figcaption class=\"wp-element-caption\">M\u00e1quina grande de corte de metal Shuliy<\/figcaption><\/figure>    <figure class=\"wp-block-image size-large\"><img loading=\"lazy\" decoding=\"async\" width=\"720\" height=\"540\" data-id=\"3780\" src=\"https:\/\/www.baler-machines.com\/wp-content\/uploads\/2019\/12\/hydraulic-gantry-shear-machine-for-sale.webp\" alt=\"m\u00e1quina de cisalhamento de p\u00f3rtico hidr\u00e1ulico para venda\" class=\"wp-image-3780\" title=\"\" srcset=\"https:\/\/www.baler-machines.com\/wp-content\/uploads\/2019\/12\/hydraulic-gantry-shear-machine-for-sale.webp 720w, https:\/\/www.baler-machines.com\/wp-content\/uploads\/2019\/12\/hydraulic-gantry-shear-machine-for-sale-16x12.webp 16w\" sizes=\"auto, (max-width: 720px) 100vw, 720px\" \/><figcaption class=\"wp-element-caption\">M\u00e1quina de cisalhamento de p\u00f3rtico hidr\u00e1ulico para venda<\/figcaption><\/figure> <\/figure>    <h2 class=\"wp-block-heading\" id=\"h-technical-parameters-of-the-heavy-duty-metal-shear\"><strong>Par\u00e2metros t\u00e9cnicos de cisalhamento de metal pesado<\/strong><\/h2>    <figure class=\"wp-block-table\"><table><tbody><tr><td>Modelo<\/td><td>MANSO-200T<\/td><td>MANSO-400T<\/td><td>MANSO-600T<\/td><td>MANSO-800T<\/td><td>MANSO-1000T<\/td><td>MANSO-1250T<\/td><\/tr><tr><td>M\u00e1x. for\u00e7a de corte (t)<\/td><td>200<\/td><td>400<\/td><td>600<\/td><td>800<\/td><td>1000<\/td><td>1250<\/td><\/tr><tr><td>Press\u00e3o do sistema (Mpa)<\/td><td>\u226425<\/td><td>\u226425<\/td><td>\u226425<\/td><td>\u226425<\/td><td>\u226425<\/td><td>\u226425<\/td><\/tr><tr><td>Tamanho da caixa (mm)<\/td><td>700*1600*2300<\/td><td>5000*1300*500<\/td><td>5500*1500*700<\/td><td>6000*1700*800<\/td><td>6000*1900*1000<\/td><td>8000*2100*1500<\/td><\/tr><tr><td>Comprimento da l\u00e2mina (mm)<\/td><td>1200<\/td><td>1400<\/td><td>1600<\/td><td>1800<\/td><td>2000<\/td><td>2200<\/td><\/tr><tr><td>Capacidade (t\/h)<\/td><td>2.5-3<\/td><td>4-5<\/td><td>8-10<\/td><td>15-20<\/td><td>20-25<\/td><td>25-30<\/td><\/tr><tr><td>For\u00e7a de cisalhamento (vezes\/min)<\/td><td>4-6<\/td><td>4-6<\/td><td>4-6<\/td><td>4-6<\/td><td>4-6<\/td><td>4-6<\/td><\/tr><tr><td>Pot\u00eancia (kW)<\/td><td>2*18.5<\/td><td>2*45<\/td><td>3*45<\/td><td>4*45<\/td><td>5*45<\/td><td>6*45<\/td><\/tr><tr><td>Peso(t)<\/td><td>11<\/td><td>19<\/td><td>30<\/td><td>38<\/td><td>60<\/td><td>88<\/td><\/tr><\/tbody><\/table><figcaption class=\"wp-element-caption\">especifica\u00e7\u00f5es de cisalhamento de p\u00f3rtico vertical<\/figcaption><\/figure>    <p>Temos v\u00e1rios tipos de tesouras hidr\u00e1ulicas para metal \u00e0 venda e a capacidade \u00e9 de 2,5-30 toneladas por hora. Se voc\u00ea est\u00e1 procurando uma solu\u00e7\u00e3o de reciclagem de res\u00edduos met\u00e1licos, n\u00e3o hesite em nos contatar. Forneceremos as melhores sugest\u00f5es para voc\u00ea. <\/p>    <p>Por exemplo, se voc\u00ea deseja cortar res\u00edduos de a\u00e7o de constru\u00e7\u00e3o com capacidade de 4 a 10 toneladas por hora. Al\u00e9m disso, seu or\u00e7amento \u00e9 suficiente. Ent\u00e3o a tesoura de p\u00f3rtico SLY-800T ser\u00e1 a melhor escolha para voc\u00ea. <\/p>    <p>Se voc\u00ea deseja uma solu\u00e7\u00e3o detalhada, entre em contato conosco a qualquer momento para obter mais informa\u00e7\u00f5es!<\/p>    <h2 class=\"wp-block-heading\" id=\"h-applications-of-the-hydraulic-metal-shear\"><strong>Mat\u00e9rias-primas aplic\u00e1veis \u200b\u200be aplica\u00e7\u00f5es de cisalhamento de p\u00f3rtico hidr\u00e1ulico<\/strong><\/h2>    <p>Esta m\u00e1quina de corte de chapa met\u00e1lica \u00e9 principalmente adequada para cortar v\u00e1rias sucatas de metal, tais como:<\/p>    <p class=\"translation-block\"><strong>Ferro de sucata s\u00f3lido, a\u00e7o de sucata leve e fino, carca\u00e7as de carros de sucata, estruturas leves de metal de a\u00e7o a granel, sucata de a\u00e7o para produ\u00e7\u00e3o e consumo, v\u00e1rios metais n\u00e3o ferrosos pl\u00e1sticos (a\u00e7o inoxid\u00e1vel, ligas de alum\u00ednio, materiais de cobre), sucata de a\u00e7o de constru\u00e7\u00e3o, estruturas de a\u00e7o irregulares grandes, tubos de a\u00e7o, chapas de a\u00e7o, perfis U, vigas I, barras de a\u00e7o,<\/strong> etc. <\/p>   <div class=\"wp-block-image\"> <figure class=\"aligncenter size-full\"><img loading=\"lazy\" decoding=\"async\" width=\"720\" height=\"540\" src=\"https:\/\/www.baler-machines.com\/wp-content\/uploads\/2022\/08\/wide-applications-of-hydraulic-gantry-shear.webp\" alt=\"amplas aplica\u00e7\u00f5es de cisalhamento de p\u00f3rtico hidr\u00e1ulico\" class=\"wp-image-2504\" title=\"\"><figcaption class=\"wp-element-caption\">amplas aplica\u00e7\u00f5es de cisalhamento de p\u00f3rtico hidr\u00e1ulico<\/figcaption><\/figure> <\/div>   <p>Ap\u00f3s o corte, \u00e9 para f\u00e1cil transporte e adequado para enfardamento por compress\u00e3o na carga do forno.<\/p>    <p>A tesoura el\u00e9trica de metal Shuliy \u00e9 um equipamento de processamento ideal para:<\/p>    <ul class=\"wp-block-list\"> <li>Usinas sider\u00fargicas<\/li>    <li>Ind\u00fastria de fundi\u00e7\u00e3o de metais n\u00e3o ferrosos<\/li>    <li>Ind\u00fastria de fundi\u00e7\u00e3o de precis\u00e3o<\/li>    <li>Fabricantes de mat\u00e9rias-primas<\/li> <\/ul>    <h2 class=\"wp-block-heading\" id=\"h-structure-of-the-heavy-duty-metal-gantry-shear\"><strong>Estrutura da tesoura de p\u00f3rtico de metal resistente<\/strong><\/h2>    <p>Esta m\u00e1quina \u00e9 feita de caixa, cabe\u00e7a e cortador.<\/p>    <ul class=\"wp-block-list\"> <li><strong>Lixeira<\/strong>: armazene todos os tipos de sucatas de metal. \u00c0s vezes voc\u00ea precisa do carregador para carregar sucata, de forma conveniente e r\u00e1pida.<\/li>    <li><strong>Cabe\u00e7a da m\u00e1quina<\/strong>: uma estrutura vertical com uma alavanca hidr\u00e1ulica no topo, que \u00e9 pressionada durante o trabalho.<\/li>    <li><strong>L\u00e2mina<\/strong>: uma ferramenta importante para corte de sucata met\u00e1lica.  <ul class=\"wp-block-list\"> <li>Diferentes modelos de m\u00e1quinas possuem l\u00e2minas diferentes. <\/li>    <li>As l\u00e2minas pertencem \u00e0s pe\u00e7as de desgaste, que podem ser devidamente equipadas com mais alguns conjuntos.<\/li> <\/ul> <\/li> <\/ul>   <div class=\"wp-block-image\"> <figure class=\"aligncenter size-full\"><img loading=\"lazy\" decoding=\"async\" width=\"720\" height=\"540\" src=\"https:\/\/www.baler-machines.com\/wp-content\/uploads\/2022\/08\/gantry-shear-structure.webp\" alt=\"estrutura de cisalhamento de p\u00f3rtico\" class=\"wp-image-2493\" title=\"\"><figcaption class=\"wp-element-caption\">estrutura de cisalhamento do p\u00f3rtico<\/figcaption><\/figure> <\/div>   <h2 class=\"wp-block-heading\" id=\"h-how-does-the-gantry-shear-work\"><strong>Como funciona a m\u00e1quina de corte de metal Shuliy?<\/strong><\/h2>    <p>O fluxo de trabalho da m\u00e1quina pode ser descrito como simples.<\/p>    <ul class=\"wp-block-list\"> <li>Primeiro, use a m\u00e1quina carregadeira para carregar o material. <ul class=\"wp-block-list\"> <li>Quando a sucata met\u00e1lica atinge uma determinada quantidade, o carregamento pode ser interrompido e a porta do silo pode ser fechada.<\/li> <\/ul> <\/li>    <li>Ent\u00e3o, a haste hidr\u00e1ulica come\u00e7a a funcionar.  <ul class=\"wp-block-list\"> <li>H\u00e1 uma alavanca hidr\u00e1ulica na parte traseira da caixa que empurra a sucata de metal para frente.<\/li>    <li>A alavanca hidr\u00e1ulica no cabe\u00e7ote da m\u00e1quina \u00e9 respons\u00e1vel pela prensagem do material.<\/li> <\/ul> <\/li>    <li>Por fim, o cortador cai para cortar a sucata e todo o processo \u00e9 conclu\u00eddo. Em seguida, repita todo o processo.<\/li> <\/ul>   <div class=\"wp-block-image is-resized\"> <figure class=\"aligncenter size-full\"><img loading=\"lazy\" decoding=\"async\" width=\"540\" height=\"540\" src=\"https:\/\/www.baler-machines.com\/wp-content\/uploads\/2019\/12\/application-scenes-of-metal-shearing-machine.webp\" alt=\"cenas de aplica\u00e7\u00e3o da m\u00e1quina de corte de metal\" class=\"wp-image-3777\" title=\"\" srcset=\"https:\/\/www.baler-machines.com\/wp-content\/uploads\/2019\/12\/application-scenes-of-metal-shearing-machine.webp 540w, https:\/\/www.baler-machines.com\/wp-content\/uploads\/2019\/12\/application-scenes-of-metal-shearing-machine-12x12.webp 12w\" sizes=\"auto, (max-width: 540px) 100vw, 540px\" \/><figcaption class=\"wp-element-caption\">cenas de aplica\u00e7\u00e3o da m\u00e1quina de corte de metal<\/figcaption><\/figure> <\/div>   <h2 class=\"wp-block-heading\" id=\"h-advanatges-of-shearing-scrap-metal\"><strong>Por que cortar sucata para reciclagem?<\/strong><\/h2>    <ol class=\"wp-block-list\"> <li><strong>Pre\u00e7o de venda mais alto<\/strong>. Ap\u00f3s o corte, pode ser embalado e f\u00e1cil de transportar. Quando vendido, a densidade \u00e9 maior e o pre\u00e7o ser\u00e1 maior.<\/li>    <li><strong>Processamento e utiliza\u00e7\u00e3o adicionais<\/strong>. Ap\u00f3s o corte, v\u00e1rios res\u00edduos met\u00e1licos podem ser colocados em f\u00e1bricas de processamento de metal, fundi\u00e7\u00f5es, etc.<\/li>    <li><strong>Reciclagem conveniente de sucata<\/strong>. Se os res\u00edduos n\u00e3o forem cortados, ser\u00e1 dif\u00edcil process\u00e1-los e recicl\u00e1-los. O corte apenas resolve esse problema.<\/li> <\/ol>   <div class=\"wp-block-image is-resized\"> <figure class=\"aligncenter size-full\"><img loading=\"lazy\" decoding=\"async\" width=\"720\" height=\"495\" src=\"https:\/\/www.baler-machines.com\/wp-content\/uploads\/2019\/12\/large-metal-shear-machine-used-in-recycling-plant.webp\" alt=\"grande m\u00e1quina de cisalhamento de metal usada na planta de reciclagem\" class=\"wp-image-3775\" title=\"\" srcset=\"https:\/\/www.baler-machines.com\/wp-content\/uploads\/2019\/12\/large-metal-shear-machine-used-in-recycling-plant.webp 720w, https:\/\/www.baler-machines.com\/wp-content\/uploads\/2019\/12\/large-metal-shear-machine-used-in-recycling-plant-18x12.webp 18w\" sizes=\"auto, (max-width: 720px) 100vw, 720px\" \/><figcaption class=\"wp-element-caption\">grande m\u00e1quina de cisalhamento de metal usada na planta de reciclagem<\/figcaption><\/figure> <\/div>   <h2 class=\"wp-block-heading\" id=\"h-precautions-in-operation-and-blade-replacement\"><strong>Precau\u00e7\u00f5es na opera\u00e7\u00e3o e substitui\u00e7\u00e3o da l\u00e2mina<\/strong><\/h2>    <p class=\"translation-block\">Verifique este artigo para saber mais detalhes: <a href=\"https:\/\/www.baler-machines.com\/pt\/how-to-use-and-change-blades-of-scrap-metal-guillotine-shear\/\">Como usar e trocar as l\u00e2minas da tesoura guilhotina para sucata met\u00e1lica?<\/a><\/p>   <div class=\"wp-block-image\"> <figure class=\"aligncenter size-full\"><img loading=\"lazy\" decoding=\"async\" width=\"720\" height=\"540\" src=\"https:\/\/www.baler-machines.com\/wp-content\/uploads\/2022\/08\/hydraulic-gantry-shear.webp\" alt=\"tesoura de p\u00f3rtico hidr\u00e1ulico\" class=\"wp-image-2496\" title=\"\"><figcaption class=\"wp-element-caption\">tesoura hidr\u00e1ulica do p\u00f3rtico<\/figcaption><\/figure> <\/div>   <h2 class=\"wp-block-heading\"><strong>Que tal o pre\u00e7o de cisalhamento do p\u00f3rtico para servi\u00e7os pesados?<\/strong><\/h2>    <p>O pre\u00e7o da m\u00e1quina \u00e9 uma das coisas mais importantes a considerar e \u00e9 afetado principalmente pelo seguinte:<\/p>    <ul class=\"wp-block-list\"> <li><strong>For\u00e7a de cisalhamento e capacidade de cisalhamento<\/strong>. Quanto maior a for\u00e7a de cisalhamento, mais tipos e tamanhos de sucata met\u00e1lica o equipamento pode suportar. Conseq\u00fcentemente, o pre\u00e7o ser\u00e1 maior.<\/li>    <li><strong>Sistema hidr\u00e1ulico e pot\u00eancia do motor<\/strong>. Sistemas hidr\u00e1ulicos e motores de maior pot\u00eancia proporcionam mais for\u00e7a de cisalhamento e maior efici\u00eancia, mas tamb\u00e9m aumentam os custos do equipamento.<\/li>    <li><strong>Qualidade e vida \u00fatil da l\u00e2mina<\/strong>. O uso de materiais de alta dureza e alta resist\u00eancia ao desgaste feitos de l\u00e2minas custa mais. No entanto, pode prolongar significativamente a vida \u00fatil do equipamento e reduzir os custos de manuten\u00e7\u00e3o.<\/li>    <li><strong>Marca e servi\u00e7o p\u00f3s-venda<\/strong>. As tesouras de p\u00f3rtico de marcas famosas costumam ter qualidade garantida e servi\u00e7o p\u00f3s-venda perfeito, por isso o pre\u00e7o \u00e9 relativamente alto.<\/li>    <li><strong>Demanda personalizada<\/strong>. Se voc\u00ea quiser personalizar a m\u00e1quina (como tamanho especial, recursos extras ou maior durabilidade), o pre\u00e7o da m\u00e1quina ser\u00e1 maior que o modelo padr\u00e3o.<\/li> <\/ul>    <figure class=\"wp-block-gallery has-nested-images columns-default is-cropped wp-block-gallery-5 is-layout-flex wp-block-gallery-is-layout-flex\"> <figure class=\"wp-block-image size-large\"><img loading=\"lazy\" decoding=\"async\" width=\"540\" height=\"720\" data-id=\"3788\" src=\"https:\/\/www.baler-machines.com\/wp-content\/uploads\/2019\/12\/scrap-metal-shear-machine-for-sale.webp\" alt=\"m\u00e1quina de corte de sucata para venda\" class=\"wp-image-3788\" title=\"\" srcset=\"https:\/\/www.baler-machines.com\/wp-content\/uploads\/2019\/12\/scrap-metal-shear-machine-for-sale.webp 540w, https:\/\/www.baler-machines.com\/wp-content\/uploads\/2019\/12\/scrap-metal-shear-machine-for-sale-9x12.webp 9w\" sizes=\"auto, (max-width: 540px) 100vw, 540px\" \/><figcaption class=\"wp-element-caption\">M\u00e1quina de cisalhamento para sucata para venda<\/figcaption><\/figure>    <figure class=\"wp-block-image size-large\"><img loading=\"lazy\" decoding=\"async\" width=\"540\" height=\"720\" data-id=\"3790\" src=\"https:\/\/www.baler-machines.com\/wp-content\/uploads\/2019\/12\/good-sheet-metal-sheaing-machine.webp\" alt=\"boa m\u00e1quina de corte de chapa met\u00e1lica\" class=\"wp-image-3790\" title=\"\" srcset=\"https:\/\/www.baler-machines.com\/wp-content\/uploads\/2019\/12\/good-sheet-metal-sheaing-machine.webp 540w, https:\/\/www.baler-machines.com\/wp-content\/uploads\/2019\/12\/good-sheet-metal-sheaing-machine-9x12.webp 9w\" sizes=\"auto, (max-width: 540px) 100vw, 540px\" \/><figcaption class=\"wp-element-caption\">Boa m\u00e1quina de corte de chapa met\u00e1lica<\/figcaption><\/figure> <\/figure>    <h2 class=\"wp-block-heading\"><strong>Case de sucesso: tesoura met\u00e1lica hidr\u00e1ulica \u00e0 venda para Bahrein<\/strong><\/h2>    <p>Em julho deste ano, um cliente do Bahrein nos solicitou informa\u00e7\u00f5es sobre a tesoura. De acordo com seu pedido, nosso gerente de vendas recomendou-lhe esta tesoura de p\u00f3rtico. <\/p>    <p>Ele n\u00e3o apenas pode lidar com uma grande quantidade de sucata de metal, mas tamb\u00e9m a for\u00e7a de cisalhamento \u00e9 a mais forte que pode ser manuseada. A m\u00e1quina \u00e9 est\u00e1vel e tamb\u00e9m pode ser usada por muito tempo. <\/p>    <p>Depois de entender a m\u00e1quina, esse cliente do Bahrein ficou muito feliz e assinamos um acordo. Tamb\u00e9m conversamos sobre enviar a m\u00e1quina por mar at\u00e9 a casa dele.<\/p>    <figure class=\"wp-block-gallery has-nested-images columns-default is-cropped wp-block-gallery-6 is-layout-flex wp-block-gallery-is-layout-flex\"> <figure class=\"wp-block-image size-full\"><img loading=\"lazy\" decoding=\"async\" width=\"720\" height=\"540\" data-id=\"3783\" src=\"https:\/\/www.baler-machines.com\/wp-content\/uploads\/2019\/12\/manufacturing-gantry-shearing-machine-in-the-factory.webp\" alt=\"fabrica\u00e7\u00e3o de m\u00e1quina de corte de p\u00f3rtico na f\u00e1brica\" class=\"wp-image-3783\" title=\"\" srcset=\"https:\/\/www.baler-machines.com\/wp-content\/uploads\/2019\/12\/manufacturing-gantry-shearing-machine-in-the-factory.webp 720w, https:\/\/www.baler-machines.com\/wp-content\/uploads\/2019\/12\/manufacturing-gantry-shearing-machine-in-the-factory-16x12.webp 16w\" sizes=\"auto, (max-width: 720px) 100vw, 720px\" \/><figcaption class=\"wp-element-caption\">Fabrica\u00e7\u00e3o de m\u00e1quina de corte de p\u00f3rtico na f\u00e1brica<\/figcaption><\/figure>    <figure class=\"wp-block-image size-full\"><img loading=\"lazy\" decoding=\"async\" width=\"720\" height=\"540\" data-id=\"3782\" src=\"https:\/\/www.baler-machines.com\/wp-content\/uploads\/2019\/12\/hydraulic-metal-shear-before-painting.webp\" alt=\"tesoura hidr\u00e1ulica de metal antes de pintar\" class=\"wp-image-3782\" title=\"\" srcset=\"https:\/\/www.baler-machines.com\/wp-content\/uploads\/2019\/12\/hydraulic-metal-shear-before-painting.webp 720w, https:\/\/www.baler-machines.com\/wp-content\/uploads\/2019\/12\/hydraulic-metal-shear-before-painting-16x12.webp 16w\" sizes=\"auto, (max-width: 720px) 100vw, 720px\" \/><figcaption class=\"wp-element-caption\">Tesoura hidr\u00e1ulica de metal antes da pintura<\/figcaption><\/figure> <\/figure>    <h2 class=\"wp-block-heading\"><strong>Outra solu\u00e7\u00e3o de reciclagem de res\u00edduos met\u00e1licos<\/strong><\/h2>    <p class=\"translation-block\">Ap\u00f3s o cisalhamento, voc\u00ea pode enfardar ainda mais <a href=\"https:\/\/en.wikipedia.org\/wiki\/Scrap\" target=\"_blank\" rel=\"noopener\">sucata<\/a> em cubos de metal de sucata com a <a href=\"https:\/\/www.baler-machines.com\/pt\/horizontal-metal-baler\/\">prensa de metal<\/a>.<\/p>   <div class=\"wp-block-image\"> <figure class=\"aligncenter size-full\"><img loading=\"lazy\" decoding=\"async\" width=\"720\" height=\"200\" src=\"https:\/\/www.baler-machines.com\/wp-content\/uploads\/2022\/08\/scrap-process.webp\" alt=\"processo de sucata\" class=\"wp-image-2491\" title=\"\"><figcaption class=\"wp-element-caption\">processo de sucata<\/figcaption><\/figure> <\/div>   <p>Voc\u00ea est\u00e1 procurando uma solu\u00e7\u00e3o eficiente de reciclagem de metal? Se sim, entre em contato conosco agora e forneceremos a melhor solu\u00e7\u00e3o para beneficiar o seu neg\u00f3cio. <\/p>","protected":false},"excerpt":{"rendered":"<p>A tesoura de p\u00f3rtico Shuliy (m\u00e1quina de corte de metal hidr\u00e1ulico) \u00e9 usada principalmente para cortar v\u00e1rios materiais de sucata grandes ou longos, variando de 2,5-30t\/h. <\/p>","protected":false},"author":1,"featured_media":2515,"parent":0,"template":"","tags":[582,38,296],"product-type":[562],"class_list":["post-291","product","type-product","status-publish","has-post-thumbnail","hentry","tag-gantry-shear","tag-hydraulic-metal-shear","tag-metal-shear","product-type-metal-shears"],"_links":{"self":[{"href":"https:\/\/www.baler-machines.com\/pt\/wp-json\/wp\/v2\/product\/291","targetHints":{"allow":["GET"]}}],"collection":[{"href":"https:\/\/www.baler-machines.com\/pt\/wp-json\/wp\/v2\/product"}],"about":[{"href":"https:\/\/www.baler-machines.com\/pt\/wp-json\/wp\/v2\/types\/product"}],"author":[{"embeddable":true,"href":"https:\/\/www.baler-machines.com\/pt\/wp-json\/wp\/v2\/users\/1"}],"wp:featuredmedia":[{"embeddable":true,"href":"https:\/\/www.baler-machines.com\/pt\/wp-json\/wp\/v2\/media\/2515"}],"wp:attachment":[{"href":"https:\/\/www.baler-machines.com\/pt\/wp-json\/wp\/v2\/media?parent=291"}],"wp:term":[{"taxonomy":"post_tag","embeddable":true,"href":"https:\/\/www.baler-machines.com\/pt\/wp-json\/wp\/v2\/tags?post=291"},{"taxonomy":"product-type","embeddable":true,"href":"https:\/\/www.baler-machines.com\/pt\/wp-json\/wp\/v2\/product-type?post=291"}],"curies":[{"name":"wp","href":"https:\/\/api.w.org\/{rel}","templated":true}]}}