{"id":2868,"date":"2022-12-09T16:14:48","date_gmt":"2022-12-09T08:14:48","guid":{"rendered":"https:\/\/www.baler-machines.com\/?post_type=product&#038;p=2868"},"modified":"2025-02-19T15:03:07","modified_gmt":"2025-02-19T07:03:07","slug":"cardboard-box-shredder","status":"publish","type":"product","link":"https:\/\/www.baler-machines.com\/pt\/cardboard-box-shredder\/","title":{"rendered":"M\u00e1quina trituradora de caixa de papel\u00e3o multifuncional"},"content":{"rendered":"<p class=\"translation-block\">This cardboard box shredder is specially designed to shred all kinds of cartons, mainly for the recycling of all kinds of paper boxes. This machine is an <a href=\"https:\/\/www.baler-machines.com\/pt\/double-shaft-shredder\/\" target=\"_blank\" rel=\"noreferrer noopener\">all-around shredder<\/a> and can therefore shred all kinds of materials such as waste paper, plastic, woven bags, clothes, wood, etc. If you have waste to be shredded, please contact us for more information!<\/p>    <figure class=\"wp-block-embed is-type-video is-provider-youtube wp-block-embed-youtube wp-embed-aspect-16-9 wp-has-aspect-ratio\"><div class=\"wp-block-embed__wrapper\"> <iframe loading=\"lazy\" title=\"Triturador de eixo duplo para esmagar caixas de papel\u00e3o para reciclagem: solu\u00e7\u00e3o eficiente de triturador de caixa!\" width=\"500\" height=\"281\" src=\"https:\/\/www.youtube.com\/embed\/IgabRdBHrWU?feature=oembed\" frameborder=\"0\" allow=\"accelerometer; autoplay; clipboard-write; encrypted-media; gyroscope; picture-in-picture; web-share\" referrerpolicy=\"strict-origin-when-cross-origin\" allowfullscreen><\/iframe> <\/div><figcaption class=\"wp-element-caption\">triturador de caixa de eixo duplo<\/figcaption><\/figure>    <h2 class=\"wp-block-heading\"><strong>Por que usar a m\u00e1quina trituradora industrial de caixas de papel\u00e3o para esmagar as caixas?<\/strong><\/h2>    <p class=\"translation-block\">Cartons are a recyclable resource that can be processed and used as raw material for paper-based products, such as paper. Therefore, the use of Shuliy carton shredder for <a href=\"https:\/\/en.wikipedia.org\/wiki\/Cardboard_box\" target=\"_blank\" rel=\"noreferrer noopener\">cardboard boxes<\/a> processing protects the environment and also recycles resources.<\/p>    <figure class=\"wp-block-gallery aligncenter has-nested-images columns-default is-cropped wp-block-gallery-2 is-layout-flex wp-block-gallery-is-layout-flex\"> <figure class=\"wp-block-image size-large\"><img loading=\"lazy\" decoding=\"async\" width=\"650\" height=\"450\" data-id=\"2880\" src=\"https:\/\/www.baler-machines.com\/wp-content\/uploads\/2022\/12\/cardboard-boxes.webp\" alt=\"caixas de papel\u00e3o\" class=\"wp-image-2880\" title=\"\"><figcaption class=\"wp-element-caption\">Caixas de papel\u00e3o<\/figcaption><\/figure>    <figure class=\"wp-block-image size-large\"><img loading=\"lazy\" decoding=\"async\" width=\"650\" height=\"450\" data-id=\"2881\" src=\"https:\/\/www.baler-machines.com\/wp-content\/uploads\/2022\/12\/carton-boxes.webp\" alt=\"caixas de papel\u00e3o\" class=\"wp-image-2881\" title=\"\"><figcaption class=\"wp-element-caption\">Caixas de papel\u00e3o<\/figcaption><\/figure> <\/figure>    <h2 class=\"wp-block-heading\"><strong>Vantagens da m\u00e1quina trituradora de caixa de papel\u00e3o Shuliy<\/strong><\/h2>    <ol class=\"wp-block-list\"> <li>Esta m\u00e1quina trituradora de eixo duplo tem uma ampla gama de aplica\u00e7\u00f5es e pode ser usada para triturar uma ampla gama de materiais, possibilitando m\u00faltiplos usos.<\/li>    <li>A m\u00e1quina trituradora de papel\u00e3o da Shuliy tem bom desempenho e os componentes principais s\u00e3o constru\u00eddos com materiais de alta qualidade, o que a torna mais f\u00e1cil de usar e tem uma longa vida \u00fatil.<\/li>    <li>As l\u00e2minas s\u00e3o de boa qualidade e s\u00e3o mais robustas e dur\u00e1veis.<\/li>    <li>O equipamento \u00e9 de baixo ru\u00eddo, f\u00e1cil manuten\u00e7\u00e3o e econ\u00f4mico.<\/li> <\/ol>    <figure class=\"wp-block-gallery aligncenter has-nested-images columns-default is-cropped wp-block-gallery-3 is-layout-flex wp-block-gallery-is-layout-flex\"> <figure class=\"wp-block-image size-large\"><img loading=\"lazy\" decoding=\"async\" width=\"720\" height=\"540\" data-id=\"2468\" src=\"https:\/\/www.baler-machines.com\/wp-content\/uploads\/2022\/08\/industrial-shredder.webp\" alt=\"triturador industrial\" class=\"wp-image-2468\" title=\"\"><figcaption class=\"wp-element-caption\">Triturador Industrial<\/figcaption><\/figure>    <figure class=\"wp-block-image size-full\"><img loading=\"lazy\" decoding=\"async\" width=\"720\" height=\"540\" data-id=\"2883\" src=\"https:\/\/www.baler-machines.com\/wp-content\/uploads\/2022\/12\/cardboard-box-shredder-for-sale.webp\" alt=\"Vendo triturador de caixa de papel\u00e3o\" class=\"wp-image-2883\" title=\"\"><figcaption class=\"wp-element-caption\">Triturador de caixa de papel\u00e3o para venda<\/figcaption><\/figure> <\/figure>    <h2 class=\"wp-block-heading\"><strong>Diferen\u00e7as entre a enfardadeira de papel\u00e3o vertical\/horizontal e a trituradora de papel\u00e3o industrial<\/strong><\/h2>    <p class=\"translation-block\"><strong>Functions<\/strong>: the hydraulic cardboard baler machine is mainly to bale the cardboard\/cartons into a regular shape for commercial use, like a sale. The cardboard crusher machine is to shred the cartons into pieces for the preparation of the next process. <\/p>    <p class=\"translation-block\"><strong>M\u00e1quinas usadas<\/strong>: a enfardadeira de papel\u00e3o usa a m\u00e1quina com o nome de prensa de enfardamento, o ponto chave \u00e9 o enfardamento; enquanto o ponto chave da trituradora de caixas de papel\u00e3o \u00e9 a \u201ctritura\u00e7\u00e3o\u201d <\/p>    <figure class=\"wp-block-gallery aligncenter has-nested-images columns-default is-cropped wp-block-gallery-4 is-layout-flex wp-block-gallery-is-layout-flex\"> <figure class=\"wp-block-image size-large\"><img loading=\"lazy\" decoding=\"async\" width=\"720\" height=\"540\" data-id=\"1297\" src=\"https:\/\/www.baler-machines.com\/wp-content\/uploads\/2021\/12\/cardboard-baler.jpg\" alt=\"enfardadeira de papel\u00e3o\" class=\"wp-image-1297\" title=\"\"><figcaption class=\"wp-element-caption\">Enfardadeira de papel\u00e3o<\/figcaption><\/figure>    <figure class=\"wp-block-image size-large\"><img loading=\"lazy\" decoding=\"async\" width=\"720\" height=\"540\" data-id=\"1298\" src=\"https:\/\/www.baler-machines.com\/wp-content\/uploads\/2021\/12\/vertical-cardboard-baling-machine.jpg\" alt=\"m\u00e1quina de enfardamento vertical de papel\u00e3o\" class=\"wp-image-1298\" title=\"\"><figcaption class=\"wp-element-caption\">M\u00e1quina enfardadeira vertical de papel\u00e3o<\/figcaption><\/figure>    <figure class=\"wp-block-image size-full\"><img loading=\"lazy\" decoding=\"async\" width=\"720\" height=\"540\" data-id=\"1434\" src=\"https:\/\/www.baler-machines.com\/wp-content\/uploads\/2022\/01\/industrial-shredder.jpg\" alt=\"triturador industrial\" class=\"wp-image-1434\" title=\"\"><figcaption class=\"wp-element-caption\">Triturador Industrial<\/figcaption><\/figure> <\/figure>    <p>As fun\u00e7\u00f5es que voc\u00ea deseja alcan\u00e7ar s\u00e3o diferentes, ent\u00e3o voc\u00ea precisa de m\u00e1quinas diferentes. O principal \u00e9 escolher uma m\u00e1quina de acordo com a sua necessidade.<\/p>    <h2 class=\"wp-block-heading\"><strong>Par\u00e2metro t\u00e9cnico da m\u00e1quina trituradora de caixa de papel\u00e3o industrial Shuliy <\/strong><\/h2>    <figure class=\"wp-block-table\"><table><tbody><tr><td>Modelo<\/td><td>Pot\u00eancia (kW)<\/td><td>Produ\u00e7\u00e3o (t\/h)<\/td><td>Quantidade de l\u00e2minas (pcs)<\/td><\/tr><tr><td>SL-600<\/td><td>11*2<\/td><td>1.5-2<\/td><td>30<\/td><\/tr><tr><td>SL-800<\/td><td>18.5*2<\/td><td>2-3<\/td><td>40<\/td><\/tr><tr><td>SL-1000<\/td><td>22*2<\/td><td>4-5<\/td><td>50<\/td><\/tr><tr><td>SL-1200<\/td><td>37*2<\/td><td>5-7<\/td><td>30<\/td><\/tr><tr><td>SL-1400<\/td><td>45*2<\/td><td>8-10<\/td><td>40<\/td><\/tr><\/tbody><\/table><\/figure>","protected":false},"excerpt":{"rendered":"<p>This cardboard box shredder is specially designed to shred all kinds of cartons, mainly for the recycling of all kinds of paper boxes. This machine is an all-around shredder and can therefore shred all kinds of materials such as waste paper, plastic, woven bags, clothes, wood, etc. If you have waste to be shredded, please [&hellip;]<\/p>\n","protected":false},"author":1,"featured_media":2877,"parent":0,"template":"","tags":[599,578],"product-type":[561],"class_list":["post-2868","product","type-product","status-publish","has-post-thumbnail","hentry","tag-cardboard-box-shredder","tag-double-shaft-shredder","product-type-industrial-shredder"],"_links":{"self":[{"href":"https:\/\/www.baler-machines.com\/pt\/wp-json\/wp\/v2\/product\/2868","targetHints":{"allow":["GET"]}}],"collection":[{"href":"https:\/\/www.baler-machines.com\/pt\/wp-json\/wp\/v2\/product"}],"about":[{"href":"https:\/\/www.baler-machines.com\/pt\/wp-json\/wp\/v2\/types\/product"}],"author":[{"embeddable":true,"href":"https:\/\/www.baler-machines.com\/pt\/wp-json\/wp\/v2\/users\/1"}],"wp:featuredmedia":[{"embeddable":true,"href":"https:\/\/www.baler-machines.com\/pt\/wp-json\/wp\/v2\/media\/2877"}],"wp:attachment":[{"href":"https:\/\/www.baler-machines.com\/pt\/wp-json\/wp\/v2\/media?parent=2868"}],"wp:term":[{"taxonomy":"post_tag","embeddable":true,"href":"https:\/\/www.baler-machines.com\/pt\/wp-json\/wp\/v2\/tags?post=2868"},{"taxonomy":"product-type","embeddable":true,"href":"https:\/\/www.baler-machines.com\/pt\/wp-json\/wp\/v2\/product-type?post=2868"}],"curies":[{"name":"wp","href":"https:\/\/api.w.org\/{rel}","templated":true}]}}