{"id":2856,"date":"2022-12-08T16:32:38","date_gmt":"2022-12-08T08:32:38","guid":{"rendered":"https:\/\/www.baler-machines.com\/?post_type=product&#038;p=2856"},"modified":"2022-12-13T17:19:10","modified_gmt":"2022-12-13T09:19:10","slug":"garbage-shredder-machine","status":"publish","type":"product","link":"https:\/\/www.baler-machines.com\/pt\/garbage-shredder-machine\/","title":{"rendered":"M\u00e1quina trituradora de lixo dom\u00e9stico e industrial de eixo duplo"},"content":{"rendered":"<p class=\"translation-block\">A m\u00e1quina trituradora de lixo Shuliy \u00e9 um vers\u00e1til <a href=\"https:\/\/www.baler-machines.com\/pt\/double-shaft-shredder\/\" target=\"_blank\" rel=\"noreferrer noopener\">triturador de eixo duplo<\/a> para triturar res\u00edduos dom\u00e9sticos e industriais. Esta m\u00e1quina trituradora de lixo tem as vantagens de \u00f3timo desempenho, alta qualidade e amplas aplica\u00e7\u00f5es, portanto, desempenha um papel importante na ind\u00fastria de reciclagem de res\u00edduos. <\/p>    <h2 class=\"wp-block-heading\"><strong>O que \u00e9 um triturador de lixo?<\/strong><\/h2>    <p>Uma m\u00e1quina trituradora de lixo, como o nome sugere, \u00e9 uma m\u00e1quina que pode triturar todos os tipos de lixo dom\u00e9stico, res\u00edduos de cozinha, res\u00edduos industriais, res\u00edduos de constru\u00e7\u00e3o, etc. Este triturador Shuliy \u00e9 um triturador de eixo duplo, que \u00e9 mais eficiente e eficaz na tritura\u00e7\u00e3o, tamb\u00e9m na prepara\u00e7\u00e3o para a pr\u00f3xima etapa de descarte.<\/p>    <figure class=\"wp-block-gallery aligncenter has-nested-images columns-default is-cropped wp-block-gallery-2 is-layout-flex wp-block-gallery-is-layout-flex\"> <figure class=\"wp-block-image size-large\"><img loading=\"lazy\" decoding=\"async\" width=\"720\" height=\"540\" data-id=\"2468\" src=\"https:\/\/www.baler-machines.com\/wp-content\/uploads\/2022\/08\/industrial-shredder.webp\" alt=\"triturador industrial\" class=\"wp-image-2468\" title=\"\"><figcaption class=\"wp-element-caption\">Triturador Industrial<\/figcaption><\/figure>    <figure class=\"wp-block-image size-large\"><img loading=\"lazy\" decoding=\"async\" width=\"750\" height=\"563\" data-id=\"2473\" src=\"https:\/\/www.baler-machines.com\/wp-content\/uploads\/2022\/08\/shredder-blades.webp\" alt=\"l\u00e2minas trituradoras\" class=\"wp-image-2473\" title=\"\"><figcaption class=\"wp-element-caption\">L\u00e2minas Trituradoras<\/figcaption><\/figure> <\/figure>    <p>Com seus materiais avan\u00e7ados, longa vida \u00fatil e baixo n\u00edvel de ru\u00eddo, este triturador de res\u00edduos \u00e9 uma m\u00e1quina imbat\u00edvel para elimina\u00e7\u00e3o de res\u00edduos.<\/p>    <h2 class=\"wp-block-heading\"><strong>Por que voc\u00ea recicla lixo dom\u00e9stico, de cozinha e industrial?<\/strong><\/h2>    <p>Cada momento da vida produz res\u00edduos, res\u00edduos dom\u00e9sticos, res\u00edduos industriais, res\u00edduos de constru\u00e7\u00e3o, etc. Se os res\u00edduos n\u00e3o forem tratados, ter\u00e3o um impacto negativo no ambiente e na vida das pessoas.<\/p>    <figure class=\"wp-block-gallery aligncenter has-nested-images columns-default is-cropped wp-block-gallery-3 is-layout-flex wp-block-gallery-is-layout-flex\"> <figure class=\"wp-block-image size-full\"><img loading=\"lazy\" decoding=\"async\" width=\"700\" height=\"350\" data-id=\"2885\" src=\"https:\/\/www.baler-machines.com\/wp-content\/uploads\/2022\/12\/household-trash.webp\" alt=\"lixo dom\u00e9stico\" class=\"wp-image-2885\" title=\"\"><figcaption class=\"wp-element-caption\">Lixo Dom\u00e9stico<\/figcaption><\/figure>    <figure class=\"wp-block-image size-full\"><img loading=\"lazy\" decoding=\"async\" width=\"700\" height=\"350\" data-id=\"2887\" src=\"https:\/\/www.baler-machines.com\/wp-content\/uploads\/2022\/12\/industrial-garbage.webp\" alt=\"lixo industrial\" class=\"wp-image-2887\" title=\"\"><figcaption class=\"wp-element-caption\">Lixo Industrial<\/figcaption><\/figure>    <figure class=\"wp-block-image size-full\"><img loading=\"lazy\" decoding=\"async\" width=\"700\" height=\"350\" data-id=\"2886\" src=\"https:\/\/www.baler-machines.com\/wp-content\/uploads\/2022\/12\/construction-deris.webp\" alt=\"constru\u00e7\u00e3o-deris\" class=\"wp-image-2886\" title=\"\"><figcaption class=\"wp-element-caption\">Constru\u00e7\u00e3o Deris<\/figcaption><\/figure> <\/figure>    <h3 class=\"wp-block-heading\"><strong>Fun\u00e7\u00f5es do triturador de lixo industrial<\/strong><\/h3>    <p>Para o ambiente: os res\u00edduos industriais e de constru\u00e7\u00e3o podem poluir o ambiente e, em \u00faltima an\u00e1lise, causar danos \u00e0s pessoas. \u00c9 aqui que entra em a\u00e7\u00e3o o triturador de lixo industrial para reduzir o impacto.<\/p>    <h3 class=\"wp-block-heading\"><strong>Fun\u00e7\u00f5es da m\u00e1quina trituradora de lixo dom\u00e9stico<\/strong><\/h3>    <p>Para a vida: todos os dias produzimos todo tipo de lixo de cozinha e lixo dom\u00e9stico, que, se n\u00e3o forem descartados, podem causar grandes transtornos \u00e0 vida das pessoas. \u00c9 aqui que o triturador de lixo de cozinha entra em a\u00e7\u00e3o e facilita a vida.<\/p>    <h2 class=\"wp-block-heading\"><strong>Quanto custa o triturador de lixo Shuliy?<\/strong><\/h2>    <p>Na verdade, o pre\u00e7o da m\u00e1quina trituradora \u00e9 influenciado por v\u00e1rios aspectos, como a produ\u00e7\u00e3o da m\u00e1quina, a configura\u00e7\u00e3o interna da m\u00e1quina, etc.<\/p>    <p class=\"translation-block\">Por exemplo, se voc\u00ea quiser comprar uma m\u00e1quina trituradora de lixo para casa, o pre\u00e7o da m\u00e1quina que voc\u00ea deseja neste momento \u00e9 definitivamente mais barato do que o pre\u00e7o de um triturador de <a href=\"https:\/\/en.wikipedia.org\/wiki\/Construction_waste\" target=\"_blank\" rel=\"noreferrer noopener\">entulho de constru\u00e7\u00e3o<\/a>.<\/p>    <p>Portanto, quando voc\u00ea estiver planejando comprar este tipo de trituradora de lixo, informe-nos os res\u00edduos que deseja tratar, a produ\u00e7\u00e3o da m\u00e1quina, seu or\u00e7amento, etc., e nosso gerente de vendas poder\u00e1 fornecer a melhor solu\u00e7\u00e3o para o seu neg\u00f3cio.<\/p>    <figure class=\"wp-block-gallery aligncenter has-nested-images columns-default is-cropped wp-block-gallery-4 is-layout-flex wp-block-gallery-is-layout-flex\"> <figure class=\"wp-block-image size-full\"><img loading=\"lazy\" decoding=\"async\" width=\"720\" height=\"540\" data-id=\"2898\" src=\"https:\/\/www.baler-machines.com\/wp-content\/uploads\/2022\/12\/shredder-machine-manufacturer.webp\" alt=\"fabricante de m\u00e1quina trituradora\" class=\"wp-image-2898\" title=\"\"><figcaption class=\"wp-element-caption\">Fabricante de m\u00e1quina trituradora<\/figcaption><\/figure>    <figure class=\"wp-block-image size-full\"><img loading=\"lazy\" decoding=\"async\" width=\"720\" height=\"540\" data-id=\"2900\" src=\"https:\/\/www.baler-machines.com\/wp-content\/uploads\/2022\/12\/double-shaft-shredder-with-the-conveyor.webp\" alt=\"triturador de eixo duplo com transportador\" class=\"wp-image-2900\" title=\"\"><figcaption class=\"wp-element-caption\">Triturador de eixo duplo com transportador<\/figcaption><\/figure> <\/figure>    <h2 class=\"wp-block-heading\"><strong>Par\u00e2metros t\u00e9cnicos da m\u00e1quina trituradora de lixo dom\u00e9stico e industrial<\/strong><\/h2>    <figure class=\"wp-block-table\"><table><tbody><tr><td>Modelo<\/td><td>Pot\u00eancia (kW)<\/td><td>Produ\u00e7\u00e3o (t\/h)<\/td><td>Quantidade de l\u00e2minas (pcs)<\/td><\/tr><tr><td>SL-400<\/td><td>7.5*2<\/td><td>0.5-1<\/td><td>20<\/td><\/tr><tr><td>SL-600<\/td><td>11*2<\/td><td>1.5-2<\/td><td>30<\/td><\/tr><tr><td>SL-800<\/td><td>18.5*2<\/td><td>2-3<\/td><td>40<\/td><\/tr><tr><td>SL-1000<\/td><td>22*2<\/td><td>4-5<\/td><td>50<\/td><\/tr><tr><td>SL-1200<\/td><td>37*2<\/td><td>5-7<\/td><td>30<\/td><\/tr><\/tbody><\/table><\/figure>","protected":false},"excerpt":{"rendered":"<p>Shuliy garbage shredder machine is a versatile twin-shaft shredder for shredding household and industrial waste. This trash shredder machine has the advantages of great performance, high quality, and wide applications, thus, it plays an important role in the waste recycling industry. What is a garbage shredder? A garbage shredder machine, as the name suggests, is [&hellip;]<\/p>\n","protected":false},"author":1,"featured_media":2866,"parent":0,"template":"","tags":[578,598],"product-type":[561],"class_list":["post-2856","product","type-product","status-publish","has-post-thumbnail","hentry","tag-double-shaft-shredder","tag-garbage-shredder-machine","product-type-industrial-shredder"],"_links":{"self":[{"href":"https:\/\/www.baler-machines.com\/pt\/wp-json\/wp\/v2\/product\/2856","targetHints":{"allow":["GET"]}}],"collection":[{"href":"https:\/\/www.baler-machines.com\/pt\/wp-json\/wp\/v2\/product"}],"about":[{"href":"https:\/\/www.baler-machines.com\/pt\/wp-json\/wp\/v2\/types\/product"}],"author":[{"embeddable":true,"href":"https:\/\/www.baler-machines.com\/pt\/wp-json\/wp\/v2\/users\/1"}],"wp:featuredmedia":[{"embeddable":true,"href":"https:\/\/www.baler-machines.com\/pt\/wp-json\/wp\/v2\/media\/2866"}],"wp:attachment":[{"href":"https:\/\/www.baler-machines.com\/pt\/wp-json\/wp\/v2\/media?parent=2856"}],"wp:term":[{"taxonomy":"post_tag","embeddable":true,"href":"https:\/\/www.baler-machines.com\/pt\/wp-json\/wp\/v2\/tags?post=2856"},{"taxonomy":"product-type","embeddable":true,"href":"https:\/\/www.baler-machines.com\/pt\/wp-json\/wp\/v2\/product-type?post=2856"}],"curies":[{"name":"wp","href":"https:\/\/api.w.org\/{rel}","templated":true}]}}