{"id":2846,"date":"2022-12-06T16:33:32","date_gmt":"2022-12-06T08:33:32","guid":{"rendered":"https:\/\/www.baler-machines.com\/?post_type=product&#038;p=2846"},"modified":"2023-07-20T16:05:09","modified_gmt":"2023-07-20T08:05:09","slug":"woven-bag-shredder","status":"publish","type":"product","link":"https:\/\/www.baler-machines.com\/pt\/woven-bag-shredder\/","title":{"rendered":"M\u00e1quina trituradora de saco tecido\/filme PP\/PE de eixo duplo"},"content":{"rendered":"<p class=\"translation-block\">Este triturador de sacos de tecido \u00e9 essencialmente um <a href=\"https:\/\/www.baler-machines.com\/pt\/double-shaft-shredder\/\">triturador de eixo duplo com dupla fun\u00e7\u00e3o<\/a> que pode triturar todos os tipos de sacos de tecido, filmes novos, redes de pesca e outros tipos de tecidos. Este triturador de tecido de eixo duplo \u00e9 amplamente conhecido por sua alta efici\u00eancia, desempenho e versatilidade. <\/p>    <p>Esta m\u00e1quina trituradora de saco tecido \u00e9 uma m\u00e1quina muito popular na ind\u00fastria de reciclagem e \u00e9 frequentemente usada para a reciclagem de v\u00e1rios materiais. Se voc\u00ea estiver interessado neste tipo de m\u00e1quina, entre em contato conosco para mais detalhes!<\/p>    <h2 class=\"wp-block-heading\"><strong>V\u00eddeo de trabalho do triturador de saco tecido de eixo duplo<\/strong><\/h2>    <figure class=\"wp-block-embed is-type-video is-provider-youtube wp-block-embed-youtube wp-embed-aspect-16-9 wp-has-aspect-ratio\"><div class=\"wp-block-embed__wrapper\"> <iframe loading=\"lazy\" title=\"Destruindo sacos de tecido com efici\u00eancia! Assista ao triturador de eixo duplo para britagem de pl\u00e1stico, PP, roupas e metal\" width=\"500\" height=\"281\" src=\"https:\/\/www.youtube.com\/embed\/swdIjAADj6E?feature=oembed\" frameborder=\"0\" allow=\"accelerometer; autoplay; clipboard-write; encrypted-media; gyroscope; picture-in-picture; web-share\" referrerpolicy=\"strict-origin-when-cross-origin\" allowfullscreen><\/iframe> <\/div><\/figure>    <h2 class=\"wp-block-heading\"><strong>Amplas aplica\u00e7\u00f5es da m\u00e1quina trituradora de saco tecido de eixo duplo<\/strong><\/h2>    <p>O triturador de saco tecido Shuliy pode destruir v\u00e1rios materiais tecidos, listados abaixo:<\/p>    <p>Novos filmes, sacos de tecido, redes de pesca, etc;<\/p>    <p class=\"translation-block\">Filme agr\u00edcola usado, <a href=\"https:\/\/en.wikipedia.org\/wiki\/Film_(disambiguation)\" target=\"_blank\" rel=\"noreferrer noopener\">filme de embalagem<\/a>, filme de estufa, sacos ton, sacos de espa\u00e7o, alimentos, sacos de cimento, redes de pesca usadas;<\/p>    <p>Sacos tecidos, sacos de tonelagem, sacos de pele de cobra, sacos pl\u00e1sticos, etc.<\/p>    <figure class=\"wp-block-gallery aligncenter has-nested-images columns-default is-cropped wp-block-gallery-2 is-layout-flex wp-block-gallery-is-layout-flex\"> <figure class=\"wp-block-image size-large\"><img loading=\"lazy\" decoding=\"async\" width=\"450\" height=\"300\" data-id=\"2913\" src=\"https:\/\/www.baler-machines.com\/wp-content\/uploads\/2022\/12\/woven-bags-with-film.webp\" alt=\"sacos de tecido com filme\" class=\"wp-image-2913\" title=\"\"><figcaption class=\"wp-element-caption\">Sacos tecidos com filmes<\/figcaption><\/figure>    <figure class=\"wp-block-image size-large\"><img loading=\"lazy\" decoding=\"async\" width=\"450\" height=\"300\" data-id=\"2915\" src=\"https:\/\/www.baler-machines.com\/wp-content\/uploads\/2022\/12\/woven-bags.webp\" alt=\"sacos de tecido\" class=\"wp-image-2915\" title=\"\"><figcaption class=\"wp-element-caption\">Sacos tecidos<\/figcaption><\/figure> <\/figure>    <figure class=\"wp-block-gallery aligncenter has-nested-images columns-default is-cropped wp-block-gallery-3 is-layout-flex wp-block-gallery-is-layout-flex\"> <figure class=\"wp-block-image size-large\"><img loading=\"lazy\" decoding=\"async\" width=\"450\" height=\"300\" data-id=\"2914\" src=\"https:\/\/www.baler-machines.com\/wp-content\/uploads\/2022\/12\/films.webp\" alt=\"filmes\" class=\"wp-image-2914\" title=\"\"><figcaption class=\"wp-element-caption\">Filmes<\/figcaption><\/figure>    <figure class=\"wp-block-image size-large\"><img loading=\"lazy\" decoding=\"async\" width=\"450\" height=\"300\" data-id=\"2916\" src=\"https:\/\/www.baler-machines.com\/wp-content\/uploads\/2022\/12\/fishing-net.webp\" alt=\"rede de pesca\" class=\"wp-image-2916\" title=\"\"><figcaption class=\"wp-element-caption\">Rede de pesca<\/figcaption><\/figure> <\/figure>    <h2 class=\"wp-block-heading\"><strong>Princ\u00edpio de funcionamento do triturador de sacos tecidos Shuliy PP<\/strong><\/h2>    <p>Esta m\u00e1quina funciona com eixo duplo no acionamento para que ao inserir o material haja um aperto entre os materiais e assim a alimenta\u00e7\u00e3o autom\u00e1tica. Atrav\u00e9s das l\u00e2minas de eixo duplo \u00e9 realizado o corte. As l\u00e2minas s\u00e3o t\u00e3o bem constru\u00eddas que n\u00e3o obstruem umas \u00e0s outras, aumentando assim a efici\u00eancia.<\/p>    <figure class=\"wp-block-gallery aligncenter has-nested-images columns-default is-cropped wp-block-gallery-4 is-layout-flex wp-block-gallery-is-layout-flex\"> <figure class=\"wp-block-image size-large\"><img loading=\"lazy\" decoding=\"async\" width=\"720\" height=\"540\" data-id=\"2475\" src=\"https:\/\/www.baler-machines.com\/wp-content\/uploads\/2022\/08\/quality-blades.webp\" alt=\"l\u00e2minas de qualidade\" class=\"wp-image-2475\" title=\"\"><figcaption class=\"wp-element-caption\">L\u00e2minas de qualidade<\/figcaption><\/figure>    <figure class=\"wp-block-image size-large\"><img loading=\"lazy\" decoding=\"async\" width=\"720\" height=\"540\" data-id=\"2474\" src=\"https:\/\/www.baler-machines.com\/wp-content\/uploads\/2022\/08\/drums-with-the-blades.webp\" alt=\"tambores-com-as-l\u00e2minas\" class=\"wp-image-2474\" title=\"\"><figcaption class=\"wp-element-caption\">Tambores com as l\u00e2minas<\/figcaption><\/figure>    <figure class=\"wp-block-image size-large\"><img loading=\"lazy\" decoding=\"async\" width=\"720\" height=\"540\" data-id=\"1442\" src=\"https:\/\/www.baler-machines.com\/wp-content\/uploads\/2022\/01\/double-shaft-metal-shredder-blade-mold-2.jpg\" alt=\"molde de l\u00e2mina trituradora de metal de eixo duplo 2\" class=\"wp-image-1442\" title=\"\"><figcaption class=\"wp-element-caption\">Molde de l\u00e2mina trituradora de metal de eixo duplo 2<\/figcaption><\/figure> <\/figure>    <h2 class=\"wp-block-heading\"><strong>Caracter\u00edsticas de desempenho deste triturador de saco tecido de eixo duplo<\/strong><\/h2>    <ol class=\"wp-block-list\"> <li>L\u00e2minas: materiais de alta qualidade s\u00e3o usados \u200b\u200bpara fabricar as l\u00e2minas de boa qualidade e longa vida \u00fatil.<\/li>    <li>Eixo duplo: instala\u00e7\u00e3o direcional na m\u00e1quina, fun\u00e7\u00e3o de l\u00e2mina fixa, tornando o uso da l\u00e2mina e a manuten\u00e7\u00e3o mais convenientes.<\/li>    <li>Tanto a entrada quanto o suporte podem ser customizados de acordo com a necessidade do cliente.<\/li>    <li>A m\u00e1quina pode ser equipada com um suporte para facilitar ainda mais a verifica\u00e7\u00e3o do estado de funcionamento.<\/li>    <li>Este triturador de sacos de tecido tem sido continuamente atualizado e agora apresenta baixo ru\u00eddo, bom desempenho e alta efici\u00eancia.<\/li> <\/ol>    <figure class=\"wp-block-gallery aligncenter has-nested-images columns-default is-cropped wp-block-gallery-5 is-layout-flex wp-block-gallery-is-layout-flex\"> <figure class=\"wp-block-image size-large\"><img loading=\"lazy\" decoding=\"async\" width=\"720\" height=\"540\" data-id=\"1537\" src=\"https:\/\/www.baler-machines.com\/wp-content\/uploads\/2022\/02\/rubber-shredder-machine-1.jpg\" alt=\"m\u00e1quina trituradora de borracha--1\" class=\"wp-image-1537\" title=\"\"><figcaption class=\"wp-element-caption\">M\u00e1quina trituradora de borracha<\/figcaption><\/figure>    <figure class=\"wp-block-image size-large\"><img loading=\"lazy\" decoding=\"async\" width=\"720\" height=\"540\" data-id=\"2477\" src=\"https:\/\/www.baler-machines.com\/wp-content\/uploads\/2022\/08\/plastic-shredder-machine-structure.webp\" alt=\"estrutura da m\u00e1quina trituradora de pl\u00e1stico\" class=\"wp-image-2477\" title=\"\"><figcaption class=\"wp-element-caption\">Estrutura da m\u00e1quina trituradora de pl\u00e1stico<\/figcaption><\/figure> <\/figure>    <h2 class=\"wp-block-heading\"><strong>Par\u00e2metros t\u00e9cnicos do triturador de saco tecido<\/strong><\/h2>    <figure class=\"wp-block-table\"><table><tbody><tr><td>Modelo<\/td><td>Pot\u00eancia (kW)<\/td><td>Produ\u00e7\u00e3o (t\/h)<\/td><td>Quantidade de l\u00e2minas (pcs)<\/td><\/tr><tr><td>SL-400<\/td><td>7.5*2<\/td><td>0.5-1<\/td><td>20<\/td><\/tr><tr><td>SL-600<\/td><td>11*2<\/td><td>1.5-2<\/td><td>30<\/td><\/tr><tr><td>SL-800<\/td><td>18.5*2<\/td><td>2-3<\/td><td>40<\/td><\/tr><tr><td>SL-1000<\/td><td>22*2<\/td><td>4-5<\/td><td>50<\/td><\/tr><tr><td>SL-1200<\/td><td>37*2<\/td><td>5-7<\/td><td>30<\/td><\/tr><tr><td>SL-1400<\/td><td>45*2<\/td><td>8-10<\/td><td>40<\/td><\/tr><tr><td>SL-1600<\/td><td>75*2<\/td><td>12-15<\/td><td>20<\/td><\/tr><tr><td>SL-1800<\/td><td>75*2<\/td><td>15-18<\/td><td>18<\/td><\/tr><tr><td>SL-2000<\/td><td>90*2<\/td><td>20-25<\/td><td>20<\/td><\/tr><\/tbody><\/table><\/figure>","protected":false},"excerpt":{"rendered":"<p>This woven bag shredder is essentially a dual-function twin-shaft shredder that can shred all kinds of woven bags, new films, fishing nets, and other kinds of woven fabrics. This twin-shaft woven fabric shredder is widely known for its high efficiency, performance, and versatility. This woven bag shredding machine is a very popular machine in the [&hellip;]<\/p>\n","protected":false},"author":1,"featured_media":2848,"parent":0,"template":"","tags":[578,597],"product-type":[561],"class_list":["post-2846","product","type-product","status-publish","has-post-thumbnail","hentry","tag-double-shaft-shredder","tag-woven-bag-shredder","product-type-industrial-shredder"],"_links":{"self":[{"href":"https:\/\/www.baler-machines.com\/pt\/wp-json\/wp\/v2\/product\/2846","targetHints":{"allow":["GET"]}}],"collection":[{"href":"https:\/\/www.baler-machines.com\/pt\/wp-json\/wp\/v2\/product"}],"about":[{"href":"https:\/\/www.baler-machines.com\/pt\/wp-json\/wp\/v2\/types\/product"}],"author":[{"embeddable":true,"href":"https:\/\/www.baler-machines.com\/pt\/wp-json\/wp\/v2\/users\/1"}],"wp:featuredmedia":[{"embeddable":true,"href":"https:\/\/www.baler-machines.com\/pt\/wp-json\/wp\/v2\/media\/2848"}],"wp:attachment":[{"href":"https:\/\/www.baler-machines.com\/pt\/wp-json\/wp\/v2\/media?parent=2846"}],"wp:term":[{"taxonomy":"post_tag","embeddable":true,"href":"https:\/\/www.baler-machines.com\/pt\/wp-json\/wp\/v2\/tags?post=2846"},{"taxonomy":"product-type","embeddable":true,"href":"https:\/\/www.baler-machines.com\/pt\/wp-json\/wp\/v2\/product-type?post=2846"}],"curies":[{"name":"wp","href":"https:\/\/api.w.org\/{rel}","templated":true}]}}