{"id":2830,"date":"2022-12-02T14:17:06","date_gmt":"2022-12-02T06:17:06","guid":{"rendered":"https:\/\/www.baler-machines.com\/?post_type=product&#038;p=2830"},"modified":"2023-01-13T09:44:49","modified_gmt":"2023-01-13T01:44:49","slug":"waste-oil-drum-baler-machine","status":"publish","type":"product","link":"https:\/\/www.baler-machines.com\/pt\/waste-oil-drum-baler-machine\/","title":{"rendered":"M\u00e1quina enfardadeira de tambor de \u00f3leo residual | M\u00e1quina de enfardamento"},"content":{"rendered":"<p class=\"translation-block\">Esta m\u00e1quina ensacadora de tambores de \u00f3leo usado, tamb\u00e9m conhecida como <a href=\"https:\/\/www.baler-machines.com\/pt\/vertical-baler-machine-for-waste-recycling\/\" target=\"_blank\" rel=\"noreferrer noopener\">prensa enfardadeira hidr\u00e1ulica vertical<\/a>, \u00e9 projetada para enfardar todos os tipos de res\u00edduos, como tanques de \u00f3leo usado, fibras, sacos tecidos, sucata de ferro, sucata de a\u00e7o, etc. Esta \u00e9 uma m\u00e1quina enfardadeira de boa qualidade com bom desempenho e \u00e9 um bom auxiliar para a reciclagem de res\u00edduos.<\/p>    <h2 class=\"wp-block-heading\"><strong>Porqu\u00ea reciclar barris de petr\u00f3leo usados? <\/strong><\/h2>    <ol class=\"wp-block-list\"> <li>Reduzindo espa\u00e7o e removendo odores nocivos. Tambores de \u00f3leo usados \u200b\u200bn\u00e3o podem ser usados \u200b\u200bap\u00f3s muitos usos. Guard\u00e1-los n\u00e3o s\u00f3 ocupa muito espa\u00e7o, mas tamb\u00e9m emite odores desagrad\u00e1veis. E trabalhar nesses espa\u00e7os por muito tempo pode causar alguns danos \u00e0s pessoas. Com a reciclagem pela enfardadeira vertical hidr\u00e1ulica para tambor de \u00f3leo, esta situa\u00e7\u00e3o n\u00e3o ocorre.<\/li>    <li>Gerando renda novamente. Depois de serem comprimidos e embalados pela enfardadeira de tambor de \u00f3leo residual Shuliy, os barris de \u00f3leo residual podem ser vendidos facilmente, seja para um ferro-velho ou para uma planta de reciclagem para uso secund\u00e1rio.<\/li> <\/ol>   <div class=\"wp-block-image\"> <figure class=\"aligncenter size-full\"><img loading=\"lazy\" decoding=\"async\" width=\"716\" height=\"444\" src=\"https:\/\/www.baler-machines.com\/wp-content\/uploads\/2022\/12\/waste-oil-drums.webp\" alt=\"tambores de \u00f3leo usado\" class=\"wp-image-2836\" title=\"\"><figcaption class=\"wp-element-caption\">tambores de \u00f3leo usado<\/figcaption><\/figure> <\/div>   <h2 class=\"wp-block-heading\"><strong>Aplica\u00e7\u00f5es da enfardadeira de tambor de \u00f3leo residual Shuliy <\/strong><\/h2>    <p>Esta enfardadeira de tambor de \u00f3leo hidr\u00e1ulico n\u00e3o \u00e9 apenas para tambores de \u00f3leo usado, mas tamb\u00e9m para res\u00edduos de fibras, roupas, palhas de milho, sucata, latas, garrafas PET, papel\u00e3o, res\u00edduos de papel, pneus, etc. pode ser alcan\u00e7ado com esta prensa enfardadeira hidr\u00e1ulica. Se voc\u00ea possui materiais que gostaria de enfardar, entre em contato conosco e o ajudaremos a resolver seu problema de acordo com sua necessidade.<\/p>   <div class=\"wp-block-image\"> <figure class=\"aligncenter size-full\"><img loading=\"lazy\" decoding=\"async\" width=\"540\" height=\"540\" src=\"https:\/\/www.baler-machines.com\/wp-content\/uploads\/2022\/12\/hydraulic-waste-oil-drum-baler-machine.webp\" alt=\"m\u00e1quina enfardadeira hidr\u00e1ulica de tambor de \u00f3leo residual\" class=\"wp-image-2838\" title=\"\"><figcaption class=\"wp-element-caption\">m\u00e1quina enfardadeira hidr\u00e1ulica de tambor de \u00f3leo residual<\/figcaption><\/figure> <\/div>   <h2 class=\"wp-block-heading\"><strong>Alternativa para enfardamento de tambores de \u00f3leo usado - enfardadeira de tambor de \u00f3leo usado hidr\u00e1ulico<\/strong><\/h2>    <p class=\"translation-block\">A Shuliy Machinery, como <a href=\"https:\/\/www.baler-machines.com\/pt\/\" target=\"_blank\" rel=\"noreferrer noopener\">um fabricante e fornecedor profissional de uma ampla gama de enfardadeiras<\/a>, temos n\u00e3o apenas enfardadeiras verticais, mas tamb\u00e9m enfardadeiras horizontais, que podem ser escolhidas de forma flex\u00edvel de acordo com o material que o cliente precisa manusear. Teoricamente, nossa prensa de enfardamento hidr\u00e1ulica horizontal tamb\u00e9m pode ser usada para enfardar tambores de \u00f3leo residual, mas a escolha \u00e9 feita de acordo com as necessidades reais do cliente. Se voc\u00ea tiver uma necessidade, pode entrar em contato conosco e nosso gerente de vendas fornecer\u00e1 as melhores op\u00e7\u00f5es de m\u00e1quina de prensa de enfardamento hidr\u00e1ulica para tambores de \u00f3leo.<\/p>    <figure class=\"wp-block-gallery aligncenter has-nested-images columns-default is-cropped wp-block-gallery-2 is-layout-flex wp-block-gallery-is-layout-flex\"> <figure class=\"wp-block-image size-full\"><img loading=\"lazy\" decoding=\"async\" width=\"720\" height=\"540\" data-id=\"2840\" src=\"https:\/\/www.baler-machines.com\/wp-content\/uploads\/2022\/12\/vertical-waste-oil-drum-compactor.webp\" alt=\"compactador de tambor de \u00f3leo residual vertical\" class=\"wp-image-2840\" title=\"\"><figcaption class=\"wp-element-caption\">Compactador vertical de tambor de \u00f3leo residual<\/figcaption><\/figure>    <figure class=\"wp-block-image size-full\"><img loading=\"lazy\" decoding=\"async\" width=\"720\" height=\"540\" data-id=\"2839\" src=\"https:\/\/www.baler-machines.com\/wp-content\/uploads\/2022\/12\/horizontal-waste-oil-barrel-baler.webp\" alt=\"enfardadeira horizontal de barril de \u00f3leo residual\" class=\"wp-image-2839\" title=\"\"><figcaption class=\"wp-element-caption\">Enfardadeira horizontal de barril de \u00f3leo residual<\/figcaption><\/figure> <\/figure>    <h2 class=\"wp-block-heading\"><strong>Projetos de sucesso para a enfardadeira de tambores de \u00f3leo residual<\/strong><\/h2>    <p>A enfardadeira de tambor de \u00f3leo residual da Shuliy ocupa um lugar raro no mundo da reciclagem. Devido ao alto desempenho de custo desta enfardadeira hidr\u00e1ulica, ela \u00e9 frequentemente exportada para Indon\u00e9sia, Gab\u00e3o, etc. Em novembro deste ano, um cliente do Gab\u00e3o fez uma compra repetida de nossa enfardadeira hidr\u00e1ulica, que ele usou para enfardar tambores de \u00f3leo usado. Se voc\u00ea estiver interessado em nossa prensa enfardadeira, entre em contato conosco!<\/p>    <h2 class=\"wp-block-heading\"><strong>Par\u00e2metros t\u00e9cnicos da enfardadeira de tambor de \u00f3leo residual Shuliy para venda<\/strong><\/h2>    <figure class=\"wp-block-table\"><table><tbody><tr><td>Modelo<\/td><td>SL-100T<\/td><\/tr><tr><td>Press\u00e3o<\/td><td>100 toneladas<\/td><\/tr><tr><td>Tens\u00e3o<\/td><td>380v 50hz trif\u00e1sico<\/td><\/tr><\/tbody><\/table><\/figure>    <h2 class=\"wp-block-heading\"><strong>V\u00eddeo da enfardadeira de tambores de \u00f3leo usado \u2013 como prensar os tambores de \u00f3leo?<\/strong><\/h2>    <figure class=\"wp-block-embed is-type-video is-provider-youtube wp-block-embed-youtube wp-embed-aspect-16-9 wp-has-aspect-ratio\"><div class=\"wp-block-embed__wrapper\"> <iframe loading=\"lazy\" title=\"Prensa enfardadeira vertical hidr\u00e1ulica para tambor de \u00f3leo #baler #hydraulicpress\" width=\"500\" height=\"281\" src=\"https:\/\/www.youtube.com\/embed\/ASbF3uvGpe8?feature=oembed\" frameborder=\"0\" allow=\"accelerometer; autoplay; clipboard-write; encrypted-media; gyroscope; picture-in-picture; web-share\" referrerpolicy=\"strict-origin-when-cross-origin\" allowfullscreen><\/iframe> <\/div><\/figure>","protected":false},"excerpt":{"rendered":"<p>This waste oil drum baler machine, also known as a hydraulic vertical baler, is designed for baling all kinds of waste such as waste oil tanks, fibers, woven bags, scrap iron, scrap steel, etc. This is a good quality baling press machine with good performance and is a good machine helper for waste recycling. Why [&hellip;]<\/p>\n","protected":false},"author":1,"featured_media":2844,"parent":0,"template":"","tags":[572,596],"product-type":[563],"class_list":["post-2830","product","type-product","status-publish","has-post-thumbnail","hentry","tag-hydraulic-baler-machine","tag-waste-oil-drum-baler-machine","product-type-baler-machine"],"_links":{"self":[{"href":"https:\/\/www.baler-machines.com\/pt\/wp-json\/wp\/v2\/product\/2830","targetHints":{"allow":["GET"]}}],"collection":[{"href":"https:\/\/www.baler-machines.com\/pt\/wp-json\/wp\/v2\/product"}],"about":[{"href":"https:\/\/www.baler-machines.com\/pt\/wp-json\/wp\/v2\/types\/product"}],"author":[{"embeddable":true,"href":"https:\/\/www.baler-machines.com\/pt\/wp-json\/wp\/v2\/users\/1"}],"wp:featuredmedia":[{"embeddable":true,"href":"https:\/\/www.baler-machines.com\/pt\/wp-json\/wp\/v2\/media\/2844"}],"wp:attachment":[{"href":"https:\/\/www.baler-machines.com\/pt\/wp-json\/wp\/v2\/media?parent=2830"}],"wp:term":[{"taxonomy":"post_tag","embeddable":true,"href":"https:\/\/www.baler-machines.com\/pt\/wp-json\/wp\/v2\/tags?post=2830"},{"taxonomy":"product-type","embeddable":true,"href":"https:\/\/www.baler-machines.com\/pt\/wp-json\/wp\/v2\/product-type?post=2830"}],"curies":[{"name":"wp","href":"https:\/\/api.w.org\/{rel}","templated":true}]}}