{"id":2376,"date":"2022-08-01T06:52:35","date_gmt":"2022-08-01T06:52:35","guid":{"rendered":"https:\/\/www.baler-machines.com\/?post_type=product&#038;p=2376"},"modified":"2025-04-30T15:44:21","modified_gmt":"2025-04-30T07:44:21","slug":"waste-tire-shredder","status":"publish","type":"product","link":"https:\/\/www.baler-machines.com\/pt\/waste-tire-shredder\/","title":{"rendered":"Triturador de pneus para res\u00edduos comerciais para reciclagem de pneus"},"content":{"rendered":"<p class=\"translation-block\">O <strong>triturador de pneus<\/strong> Shuliy \u00e9 um triturador industrial de eixo duplo, especialmente para triturar v\u00e1rios tipos de pneus em fim de vida, como pneus de carro, pneus de \u00f4nibus, pneus de caminh\u00e3o, etc. <\/p>    <p>Tem capacidade de processamento de 400-2000kg\/h. O tamanho do pneu triturado \u00e9 de 50-150 mm.<\/p>    <p>Este equipamento de tritura\u00e7\u00e3o de pneus possui dois eixos contra-rotativos equipados com l\u00e2minas de corte afiadas para cortar e triturar o material com efici\u00eancia. Voc\u00ea pode escolher um motor diesel ou motor el\u00e9trico como sistema de energia de acordo com suas necessidades.<\/p>    <p>Al\u00e9m disso, o triturador de pneus \u00e0 venda pode adicionar uma tela extra, que \u00e9 utilizada principalmente para as necessidades espec\u00edficas dos produtos finais.<\/p>    <figure class=\"wp-block-gallery aligncenter has-nested-images columns-default is-cropped wp-block-gallery-2 is-layout-flex wp-block-gallery-is-layout-flex\"> <figure class=\"wp-block-image size-large\"><img loading=\"lazy\" decoding=\"async\" width=\"720\" height=\"540\" data-id=\"2401\" src=\"https:\/\/www.baler-machines.com\/wp-content\/uploads\/2022\/08\/large-tire-recycling-shredder.webp\" alt=\"triturador de reciclagem de pneus grandes\" class=\"wp-image-2401\" title=\"\"><figcaption class=\"wp-element-caption\">Triturador de reciclagem de pneus grande<\/figcaption><\/figure>    <figure class=\"wp-block-image size-large\"><img loading=\"lazy\" decoding=\"async\" width=\"720\" height=\"540\" data-id=\"2402\" src=\"https:\/\/www.baler-machines.com\/wp-content\/uploads\/2022\/08\/truck-tyre-shredder.webp\" alt=\"triturador de pneus de caminh\u00e3o\" class=\"wp-image-2402\" title=\"\"><figcaption class=\"wp-element-caption\">Triturador de pneus de caminh\u00e3o<\/figcaption><\/figure> <\/figure>    <p>Se voc\u00ea est\u00e1 procurando solu\u00e7\u00f5es de reciclagem de pneus usados, esta trituradora de pneus de eixo duplo \u00e9 uma boa escolha para voc\u00ea.<\/p>    <figure class=\"wp-block-embed is-type-video is-provider-youtube wp-block-embed-youtube wp-embed-aspect-16-9 wp-has-aspect-ratio\"><div class=\"wp-block-embed__wrapper\"> <iframe loading=\"lazy\" title=\"Triturador de eixo duplo para pneus de carro, pneu de \u00f4nibus, pneu de caminh\u00e3o para reciclagem de borracha! Vendo triturador de pneus\" width=\"500\" height=\"281\" src=\"https:\/\/www.youtube.com\/embed\/DtpE0U9NzC8?feature=oembed\" frameborder=\"0\" allow=\"accelerometer; autoplay; clipboard-write; encrypted-media; gyroscope; picture-in-picture; web-share\" referrerpolicy=\"strict-origin-when-cross-origin\" allowfullscreen><\/iframe> <\/div><figcaption class=\"wp-element-caption\">v\u00eddeo de triturador de pneus usados<\/figcaption><\/figure>    <h2 class=\"wp-block-heading\"><strong>Quais pneus podem ser esmagados pelo triturador de pneus inserv\u00edveis?<\/strong><\/h2>    <p>Que materiais podem ser triturados pela trituradora de pneus Shuliy? Vamos dar uma olhada abaixo.<\/p>    <p class=\"translation-block\"><strong>Pneus de carro, pneus de \u00f4nibus, pneus de caminh\u00e3o, pneus pneum\u00e1ticos e pneus maci\u00e7os, pneus de engenharia, pneus de borracha, pneus diagonais, pneus radiais<\/strong>, etc.<\/p>    <figure class=\"wp-block-gallery has-nested-images columns-default is-cropped wp-block-gallery-3 is-layout-flex wp-block-gallery-is-layout-flex\"> <figure class=\"wp-block-image size-large\"><img loading=\"lazy\" decoding=\"async\" width=\"720\" height=\"540\" data-id=\"1010\" src=\"https:\/\/www.baler-machines.com\/wp-content\/uploads\/2021\/11\/scrap-tyres.jpg\" alt=\"pneus de sucata\" class=\"wp-image-1010\" title=\"\"><figcaption class=\"wp-element-caption\">Sucata de pneus<\/figcaption><\/figure>    <figure class=\"wp-block-image size-large\"><img loading=\"lazy\" decoding=\"async\" width=\"720\" height=\"540\" data-id=\"1533\" src=\"https:\/\/www.baler-machines.com\/wp-content\/uploads\/2022\/02\/scrap-tires.jpg\" alt=\"pneus de sucata\" class=\"wp-image-1533\" title=\"\"><figcaption class=\"wp-element-caption\">Sucata de pneus<\/figcaption><\/figure> <\/figure>    <figure class=\"wp-block-embed is-type-video is-provider-youtube wp-block-embed-youtube wp-embed-aspect-4-3 wp-has-aspect-ratio\"><div class=\"wp-block-embed__wrapper\"> <iframe loading=\"lazy\" title=\"Destruidor de dupla eixo potente para reciclagem de pneus usados | Destruidor de pneus Shuliy para reutiliza\u00e7\u00e3o de borracha\" width=\"500\" height=\"375\" src=\"https:\/\/www.youtube.com\/embed\/axPWvRhRWy0?feature=oembed\" frameborder=\"0\" allow=\"accelerometer; autoplay; clipboard-write; encrypted-media; gyroscope; picture-in-picture; web-share\" referrerpolicy=\"strict-origin-when-cross-origin\" allowfullscreen><\/iframe> <\/div><figcaption class=\"wp-element-caption\">v\u00eddeo de triturador de pneus de borracha<\/figcaption><\/figure>    <h2 class=\"wp-block-heading\"><strong>Campos de aplica\u00e7\u00e3o de pneu triturado<\/strong><\/h2>    <p>Depois de triturar pneus, quais s\u00e3o os usos dos peda\u00e7os de pneus? Aqui est\u00e3o alguns usos para sua refer\u00eancia.<\/p>    <ul class=\"wp-block-list\"> <li><strong>Remendos de quadra esportiva<\/strong>: pistas de corrida, quadras esportivas escolares, piscinas ao redor e caminhos de jardim, campos de boliche, cal\u00e7adas, quadras esportivas infantis e playgrounds, quadras de t\u00eanis e basquete.<\/li>    <li><strong>Ind\u00fastria automotiva<\/strong>: tapetes para trens, pisos para carros e caminh\u00f5es, materiais n\u00e1uticos di\u00e1rios, pneus e pastilhas para pneus.<\/li>    <li><strong>Ind\u00fastria da constru\u00e7\u00e3o<\/strong>: adesivos\/selantes, hospitais, empresas, pisos de banheiros, materiais isolantes, revestimentos, barragens, armaz\u00e9ns, lagoas, esta\u00e7\u00f5es de tratamento de res\u00edduos, sinaliza\u00e7\u00e3o residencial, len\u00e7\u00f3is, materiais impermeabilizantes, antichoque, bobinas, materiais impermeabilizantes para telhados e paredes.<\/li>    <li><strong>Produ\u00e7\u00e3o de aminas de borracha recicladas<\/strong>: utilizado na produ\u00e7\u00e3o de diversos sistemas de borracha.<\/li> <\/ul>    <figure class=\"wp-block-gallery has-nested-images columns-default is-cropped wp-block-gallery-4 is-layout-flex wp-block-gallery-is-layout-flex\"> <figure class=\"wp-block-image size-large\"><img loading=\"lazy\" decoding=\"async\" width=\"750\" height=\"750\" data-id=\"3846\" src=\"https:\/\/www.baler-machines.com\/wp-content\/uploads\/2022\/08\/rubber-floor-mat.webp\" alt=\"tapete de borracha\" class=\"wp-image-3846\" title=\"\" srcset=\"https:\/\/www.baler-machines.com\/wp-content\/uploads\/2022\/08\/rubber-floor-mat.webp 750w, https:\/\/www.baler-machines.com\/wp-content\/uploads\/2022\/08\/rubber-floor-mat-12x12.webp 12w\" sizes=\"auto, (max-width: 750px) 100vw, 750px\" \/><figcaption class=\"wp-element-caption\">Tapete de borracha<\/figcaption><\/figure>    <figure class=\"wp-block-image size-large\"><img loading=\"lazy\" decoding=\"async\" width=\"1067\" height=\"800\" data-id=\"3847\" src=\"https:\/\/www.baler-machines.com\/wp-content\/uploads\/2022\/08\/sports-track.webp\" alt=\"pista de esportes\" class=\"wp-image-3847\" title=\"\" srcset=\"https:\/\/www.baler-machines.com\/wp-content\/uploads\/2022\/08\/sports-track.webp 1067w, https:\/\/www.baler-machines.com\/wp-content\/uploads\/2022\/08\/sports-track-768x576.webp 768w, https:\/\/www.baler-machines.com\/wp-content\/uploads\/2022\/08\/sports-track-16x12.webp 16w\" sizes=\"auto, (max-width: 1067px) 100vw, 1067px\" \/><figcaption class=\"wp-element-caption\">Pista Esportiva<\/figcaption><\/figure> <\/figure>    <h2 class=\"wp-block-heading\"><strong>Caracter\u00edsticas not\u00e1veis \u200b\u200bdo triturador de pneus de eixo duplo<\/strong><\/h2>    <ul id=\"block-e2b6a6b1-5a27-46b1-909a-c446d950caa5\" class=\"wp-block-list\"> <li><strong>Adicionando uma tela para tritura\u00e7\u00e3o de pneus<\/strong> <ul class=\"wp-block-list\"> <li>Os pneus acabados de tritura\u00e7\u00e3o s\u00e3o irregulares. <\/li>    <li>O uso de telas pode controlar melhor o tamanho do produto acabado.<\/li> <\/ul> <\/li>    <li><strong>Entrada estendida<\/strong> <ul class=\"wp-block-list\"> <li>A porta de entrada \u00e9 estendida e \u00e9 do tipo inclinada. \u00c9 bom que o material entre na c\u00e2mara de trabalho.<\/li> <\/ul> <\/li> <\/ul>   <div class=\"wp-block-image\"> <figure class=\"aligncenter size-full\"><img loading=\"lazy\" decoding=\"async\" width=\"720\" height=\"540\" src=\"https:\/\/www.baler-machines.com\/wp-content\/uploads\/2022\/08\/industrial-waste-tire-shredder-with-screen-and-enlarged-inlet.webp\" alt=\"Triturador de res\u00edduos industriais de pneus com tela e entrada ampliada\" class=\"wp-image-3852\" title=\"\" srcset=\"https:\/\/www.baler-machines.com\/wp-content\/uploads\/2022\/08\/industrial-waste-tire-shredder-with-screen-and-enlarged-inlet.webp 720w, https:\/\/www.baler-machines.com\/wp-content\/uploads\/2022\/08\/industrial-waste-tire-shredder-with-screen-and-enlarged-inlet-16x12.webp 16w\" sizes=\"auto, (max-width: 720px) 100vw, 720px\" \/><figcaption class=\"wp-element-caption\">Triturador de res\u00edduos industriais de pneus com tela e entrada ampliada<\/figcaption><\/figure> <\/div>   <ul id=\"block-e2b6a6b1-5a27-46b1-909a-c446d950caa5\" class=\"wp-block-list\"> <li><strong>Forte for\u00e7a de cisalhamento<\/strong> <ul class=\"wp-block-list\"> <li>A faca rotativa exclusiva \u00e9 projetada e processada em termos de espessura, formato, ordem de disposi\u00e7\u00e3o, etc. <\/li>    <li>Possui uma forte for\u00e7a de cisalhamento e l\u00e2minas afiadas, que podem agarrar materiais para tritura\u00e7\u00e3o com efici\u00eancia.<\/li> <\/ul> <\/li>    <li><strong>Opera\u00e7\u00e3o est\u00e1vel com redutor de engrenagem avan\u00e7ado<\/strong> <ul class=\"wp-block-list\"> <li>Baixa velocidade, baixo ru\u00eddo e menos poeira.<\/li> <\/ul> <\/li>    <li><strong>L\u00e2minas afiadas e dur\u00e1veis<\/strong> <ul class=\"wp-block-list\"> <li>A l\u00e2mina deste triturador de pneus \u00e9 feita de liga de a\u00e7o especial, que \u00e9 forte e dur\u00e1vel. <\/li>    <li>Uma variedade de moldes de l\u00e2mina est\u00e3o dispon\u00edveis.<\/li> <\/ul> <\/li> <\/ul>   <div class=\"wp-block-image\"> <figure class=\"aligncenter size-full\"><img loading=\"lazy\" decoding=\"async\" width=\"720\" height=\"540\" src=\"https:\/\/www.baler-machines.com\/wp-content\/uploads\/2022\/02\/waste-tyre-shredder-blades.jpg\" alt=\"l\u00e2minas trituradoras de pneus usados\" class=\"wp-image-1515\" title=\"\"><figcaption class=\"wp-element-caption\">l\u00e2minas trituradoras de pneus usados<\/figcaption><\/figure> <\/div>   <ul class=\"wp-block-list\"> <li><strong>Equipado com transportador para descarga<\/strong>. Ap\u00f3s a tritura\u00e7\u00e3o, uma correia transportadora pode ser usada para facilitar a descarga.<\/li> <\/ul>   <div class=\"wp-block-image\"> <figure class=\"aligncenter size-full\"><img loading=\"lazy\" decoding=\"async\" width=\"720\" height=\"540\" src=\"https:\/\/www.baler-machines.com\/wp-content\/uploads\/2022\/08\/shredder-with-conveyor-belt.webp\" alt=\"triturador com correia transportadora\" class=\"wp-image-3854\" title=\"\" srcset=\"https:\/\/www.baler-machines.com\/wp-content\/uploads\/2022\/08\/shredder-with-conveyor-belt.webp 720w, https:\/\/www.baler-machines.com\/wp-content\/uploads\/2022\/08\/shredder-with-conveyor-belt-16x12.webp 16w\" sizes=\"auto, (max-width: 720px) 100vw, 720px\" \/><figcaption class=\"wp-element-caption\">triturador com correia transportadora<\/figcaption><\/figure> <\/div>   <h2 class=\"wp-block-heading\" id=\"h-what-are-the-parameters-of-the-tire-recycling-and-shredding-machine\"><strong>Especifica\u00e7\u00f5es do triturador de pneus Shuliy para venda<\/strong><\/h2>    <figure class=\"wp-block-table\"><table><tbody><tr><td>Modelo<\/td><td>SL-1800<\/td><td>SL-1600<\/td><td>SL-1300<\/td><td>SL-1200<\/td><td>SL-1000<\/td><\/tr><tr><td>Motor <\/td><td>Siemens<\/td><td>Siemens<\/td><td>Siemens<\/td><td>Siemens<\/td><td>Siemens<\/td><\/tr><tr><td>Poder<\/td><td>75Kw*2\/55Kw*2<\/td><td>45Kw*2<\/td><td>45kw*2\/37kw*2<\/td><td>45Kw*2\/22Kw*2<\/td><td>22kw*2<\/td><\/tr><tr><td>Tens\u00e3o<\/td><td>Conforme solicitado<\/td><td>Conforme solicitado<\/td><td>Conforme solicitado<\/td><td>Conforme solicitado<\/td><td>Conforme solicitado<\/td><\/tr><tr><td>C\u00e2mara de corte (L*W)<\/td><td>1804*1410mm<\/td><td>1604*1360mm<\/td><td>1304*920mm<\/td><td>1204*920mm<\/td><td>1000*680mm<\/td><\/tr><tr><td>Di\u00e2metro da l\u00e2mina<\/td><td>750mm<\/td><td>560 mm<\/td><td>450mm<\/td><td>450mm<\/td><td>450mm<\/td><\/tr><tr><td>Dimens\u00f5es (C*L*A)<\/td><td>5870*2450*3890mm<\/td><td>5260*2420*3890mm<\/td><td>5120*2010*3100mm<\/td><td>5010*1710*3100mm<\/td><td>3800*1400*2100mm<\/td><\/tr><tr><td>Peso<\/td><td>25.000 kg<\/td><td>2.200kg<\/td><td>17.500 kg<\/td><td>15.500kg<\/td><td>6.000 kg<\/td><\/tr><tr><td>Abertura da ca\u00e7amba (L*W*H)<\/td><td>2790*2450*1100mm<\/td><td>2760*2410*1100mm<\/td><td>2050*1650*1000mm<\/td><td>1850*1650*900mm<\/td><td>1300*1400*700mm<\/td><\/tr><tr><td>Produto final<\/td><td>50-150mm<\/td><td>50-150mm<\/td><td>50-150mm<\/td><td>50-150mm<\/td><td>50-150mm<\/td><\/tr><\/tbody><\/table><figcaption class=\"wp-element-caption\">Par\u00e2metros t\u00e9cnicos do triturador de res\u00edduos de pneus de eixo duplo<\/figcaption><\/figure>    <p>Temos muitos tipos de trituradoras de reciclagem de pneus \u00e0 venda que podem atender \u00e0s suas diferentes necessidades.<\/p>    <p>Por exemplo, se voc\u00ea deseja triturar pneus de carros pequenos e o tamanho exigido \u00e9 de cerca de 10 cm, ent\u00e3o o triturador pequeno \u00e9 adequado para voc\u00ea.<\/p>    <p>Se quiser saber mais, entre em contato conosco a qualquer momento!<\/p>   <div class=\"wp-block-image\"> <figure class=\"aligncenter size-full\"><img loading=\"lazy\" decoding=\"async\" width=\"720\" height=\"540\" src=\"https:\/\/www.baler-machines.com\/wp-content\/uploads\/2022\/08\/commercial-scrap-tire-shredder.webp\" alt=\"triturador comercial de sucata de pneus\" class=\"wp-image-3857\" title=\"\" srcset=\"https:\/\/www.baler-machines.com\/wp-content\/uploads\/2022\/08\/commercial-scrap-tire-shredder.webp 720w, https:\/\/www.baler-machines.com\/wp-content\/uploads\/2022\/08\/commercial-scrap-tire-shredder-16x12.webp 16w\" sizes=\"auto, (max-width: 720px) 100vw, 720px\" \/><figcaption class=\"wp-element-caption\">triturador comercial de sucata de pneus<\/figcaption><\/figure> <\/div>   <h2 class=\"wp-block-heading\"><strong>Estrutura do triturador de res\u00edduos de pneus Shuliy<\/strong><\/h2>    <p>Os principais componentes da m\u00e1quina trituradora de pneus de eixo duplo s\u00e3o a entrada, c\u00e2mara de trabalho, dois motores, caixa de engrenagens, correia transportadora, tela, dois redutores, etc.<\/p>   <div class=\"wp-block-image\"> <figure class=\"aligncenter size-full\"><img loading=\"lazy\" decoding=\"async\" width=\"720\" height=\"540\" src=\"https:\/\/www.baler-machines.com\/wp-content\/uploads\/2022\/08\/structure-of-the-rubber-tire-shredder-.webp\" alt=\"estrutura do triturador de pneus de borracha\" class=\"wp-image-2393\" title=\"\"><figcaption class=\"wp-element-caption\">estrutura do triturador de pneus de borracha<\/figcaption><\/figure> <\/div>   <h2 class=\"wp-block-heading\"><strong>Por que usar uma trituradora de pneus industrial para triturar?<\/strong><\/h2>    <p>Os pneus s\u00e3o muito fortes e \u00e9 dif\u00edcil para m\u00e1quinas comuns destru\u00ed-los.<\/p>    <ul class=\"wp-block-list\"> <li>Algumas pessoas dependem da compra de equipamentos caros ou de alta pot\u00eancia e baixa efici\u00eancia, mas o custo do investimento \u00e9 muito alto.<\/li>    <li>Alguns cortam res\u00edduos de pneus manualmente e depois os trituram, o que reduz a efici\u00eancia da reciclagem e consome muito tempo.<\/li> <\/ul>    <p>Para utilizar res\u00edduos de pneus em grandes quantidades de maneira econ\u00f4mica e eficaz, usamos o triturador de res\u00edduos de pneus Shuliy.<\/p>   <div class=\"wp-block-image\"> <figure class=\"aligncenter size-full\"><img loading=\"lazy\" decoding=\"async\" width=\"720\" height=\"540\" src=\"https:\/\/www.baler-machines.com\/wp-content\/uploads\/2022\/02\/scrap-tire-shredder-with-annular-trommel-screen.jpg\" alt=\"triturador de sucata de pneus com tela trommel anular\" class=\"wp-image-1513\" title=\"\"><figcaption class=\"wp-element-caption\">triturador de sucata de pneus com tela trommel anular<\/figcaption><\/figure> <\/div>   <p>Depois de triturado, apresenta os seguintes benef\u00edcios: <\/p>    <ul class=\"wp-block-list\"> <li>Melhore a densidade aparente e reduza o custo de transporte<\/li>    <li>Moa peda\u00e7os de pneus em p\u00f3 convenientemente para processamento profundo<\/li>    <li>Processar ainda mais pneus em produtos de borracha <\/li>    <li>Venda pe\u00e7as de pneus para esta\u00e7\u00f5es de reciclagem ou concession\u00e1rias de autom\u00f3veis envolvidas no conserto de pneus<\/li> <\/ul>    <figure class=\"wp-block-gallery aligncenter has-nested-images columns-default is-cropped wp-block-gallery-5 is-layout-flex wp-block-gallery-is-layout-flex\"> <figure class=\"wp-block-image size-large\"><img loading=\"lazy\" decoding=\"async\" width=\"720\" height=\"540\" data-id=\"1512\" src=\"https:\/\/www.baler-machines.com\/wp-content\/uploads\/2022\/02\/shredded-tire-pieces.jpg\" alt=\"peda\u00e7os de pneus picados\" class=\"wp-image-1512\" title=\"\"><figcaption class=\"wp-element-caption\">Peda\u00e7os de pneus desfiados<\/figcaption><\/figure>    <figure class=\"wp-block-image size-large\"><img loading=\"lazy\" decoding=\"async\" width=\"720\" height=\"540\" data-id=\"1543\" src=\"https:\/\/www.baler-machines.com\/wp-content\/uploads\/2022\/02\/waste-tire-being-processed-and-shredded-tires-1.jpg\" alt=\"pneus usados \u200b\u200bsendo processados \u200b\u200be pneus triturados--1\" class=\"wp-image-1543\" title=\"\"><figcaption class=\"wp-element-caption\">Res\u00edduos de pneus sendo processados \u200b\u200be triturados <\/figcaption><\/figure> <\/figure>    <h2 class=\"wp-block-heading\" id=\"h-how-to-use-the-scrap-car-tire-shredder-machine-safely\"><strong>Como usar a m\u00e1quina trituradora de pneus de carro com seguran\u00e7a?<\/strong><\/h2>    <ol class=\"wp-block-list\"> <li>Depois de iniciar o triturador de res\u00edduos de pneus e poder oper\u00e1-lo normalmente, ele pode continuar sem alimentar materiais.<\/li>    <li>Durante a opera\u00e7\u00e3o, preste aten\u00e7\u00e3o \u00e0 velocidade do motor, ao som e \u00e0 temperatura do rolamento.<\/li>    <li>Ao alimentar o material manualmente, preste aten\u00e7\u00e3o na pessoa. <ul class=\"wp-block-list\"> <li>Voc\u00ea deve ficar na lateral da tremonha, amarrar as mangas das roupas e usar m\u00e1scara e chap\u00e9u de trabalho.<\/li> <\/ul> <\/li>    <li>Sem pendurar cinto, lubrificar, limpar ou eliminar quando a m\u00e1quina est\u00e1 funcionando.<\/li>    <li>Voc\u00ea deve desligar o motor para verificar quando encontrar os seguintes problemas: <ul class=\"wp-block-list\"> <li>Fuma\u00e7a de motor<\/li>    <li>Bloqueio<\/li>    <li>M\u00e1 qualidade de britagem<\/li>    <li>Superaquecimento do rolamento (mais de 60 graus)<\/li> <\/ul> <\/li> <\/ol>    <figure class=\"wp-block-gallery aligncenter has-nested-images columns-default is-cropped wp-block-gallery-6 is-layout-flex wp-block-gallery-is-layout-flex\"> <figure class=\"wp-block-image size-large\"><img loading=\"lazy\" decoding=\"async\" width=\"720\" height=\"540\" data-id=\"3535\" src=\"https:\/\/www.baler-machines.com\/wp-content\/uploads\/2022\/08\/heavy-duty-double-shaft-tire-shredder-for-sale.webp\" alt=\"Triturador de pneus de eixo duplo resistente para venda\" class=\"wp-image-3535\" title=\"\"><figcaption class=\"wp-element-caption\">Triturador de pneus de eixo duplo para servi\u00e7o pesado para venda<\/figcaption><\/figure>    <figure class=\"wp-block-image size-large\"><img loading=\"lazy\" decoding=\"async\" width=\"720\" height=\"540\" data-id=\"3536\" src=\"https:\/\/www.baler-machines.com\/wp-content\/uploads\/2022\/08\/industrial-rubber-tire-shredder.webp\" alt=\"trituradora industrial de pneus de borracha\" class=\"wp-image-3536\" title=\"\"><figcaption class=\"wp-element-caption\">Triturador de pneus de borracha industrial<\/figcaption><\/figure> <\/figure>    <h2 class=\"wp-block-heading\"><strong>Equipamento relacionado para reciclagem de pneus inserv\u00edveis<\/strong><\/h2>    <p>Como fabricante e fornecedor profissional de trituradora, tamb\u00e9m temos prensa enfardadeira hidr\u00e1ulica para pneus inserv\u00edveis. <\/p>    <p class=\"translation-block\">Atrav\u00e9s do sistema hidr\u00e1ulico, a <a href=\"https:\/\/www.baler-machines.com\/pt\/hydraulic-tyre-tire-baler-for-sale\/\">prensa de pneus para fardos<\/a> pode compactar firmemente grandes quantidades de pneus, reduzindo o volume e economizando espa\u00e7o de armazenamento e custos de transporte.<\/p>    <p>Se estiver interessado, entre em contato conosco para mais detalhes!<\/p>    <figure class=\"wp-block-gallery has-nested-images columns-default is-cropped wp-block-gallery-7 is-layout-flex wp-block-gallery-is-layout-flex\"> <figure class=\"wp-block-image size-large\"><img loading=\"lazy\" decoding=\"async\" width=\"720\" height=\"540\" data-id=\"3075\" src=\"https:\/\/www.baler-machines.com\/wp-content\/uploads\/2023\/03\/automatic-tyre-baler-machine.webp\" alt=\"m\u00e1quina enfardadeira autom\u00e1tica de pneus\" class=\"wp-image-3075\" title=\"\"><figcaption class=\"wp-element-caption\">M\u00e1quina enfardadeira autom\u00e1tica de pneus<\/figcaption><\/figure>    <figure class=\"wp-block-image size-full\"><img loading=\"lazy\" decoding=\"async\" width=\"720\" height=\"540\" data-id=\"3404\" src=\"https:\/\/www.baler-machines.com\/wp-content\/uploads\/2023\/08\/vertical-waste-baler.webp\" alt=\"enfardadeira de res\u00edduos vertical\" class=\"wp-image-3404\" title=\"\"><figcaption class=\"wp-element-caption\">Enfardadeira vertical para res\u00edduos<\/figcaption><\/figure> <\/figure>    <h2 class=\"wp-block-heading\"><strong>Solicite pre\u00e7os de trituradoras de pneus para empresas de reciclagem de pneus!<\/strong><\/h2>    <p class=\"translation-block\">O pre\u00e7o do triturador de pneus \u00e9 inevit\u00e1vel se voc\u00ea quiser iniciar a <a href=\"https:\/\/en.wikipedia.org\/wiki\/Tire_recycling\" target=\"_blank\" rel=\"noopener\">reciclagem de pneus<\/a> para gerar receita. <\/p>    <p>Contate-nos e conte-nos suas necessidades, como tamanho triturado, produ\u00e7\u00e3o, seu or\u00e7amento, etc. Forneceremos a melhor solu\u00e7\u00e3o de reciclagem de pneus, bem como o pre\u00e7o do equipamento.<\/p>    <figure class=\"wp-block-embed is-type-video is-provider-youtube wp-block-embed-youtube wp-embed-aspect-16-9 wp-has-aspect-ratio\"><div class=\"wp-block-embed__wrapper\"> <iframe loading=\"lazy\" title=\"Como reciclar res\u00edduos inteiros de pneus? M\u00e1quina trituradora de pneus incrivelmente afiada para qualquer res\u00edduo de borracha\" width=\"500\" height=\"281\" src=\"https:\/\/www.youtube.com\/embed\/AyZhn2cOwAw?feature=oembed\" frameborder=\"0\" allow=\"accelerometer; autoplay; clipboard-write; encrypted-media; gyroscope; picture-in-picture; web-share\" referrerpolicy=\"strict-origin-when-cross-origin\" allowfullscreen><\/iframe> <\/div><figcaption class=\"wp-element-caption\">v\u00eddeo de triturador de reciclagem de pneus de borracha<\/figcaption><\/figure>","protected":false},"excerpt":{"rendered":"<p>O triturador de res\u00edduos de pneus Shuliy \u00e9 um triturador industrial de eixo duplo,\u00a0especialmente para triturar v\u00e1rios tipos de res\u00edduos de pneus, como pneus de carros, pneus de \u00f4nibus, pneus de caminh\u00f5es, etc. <\/p>","protected":false},"author":1,"featured_media":2392,"parent":0,"template":"","tags":[569,634,637,568],"product-type":[561],"class_list":["post-2376","product","type-product","status-publish","has-post-thumbnail","hentry","tag-rubber-shredder","tag-tyre","tag-tyre-recycling","tag-waste-tire-shredder","product-type-industrial-shredder"],"_links":{"self":[{"href":"https:\/\/www.baler-machines.com\/pt\/wp-json\/wp\/v2\/product\/2376","targetHints":{"allow":["GET"]}}],"collection":[{"href":"https:\/\/www.baler-machines.com\/pt\/wp-json\/wp\/v2\/product"}],"about":[{"href":"https:\/\/www.baler-machines.com\/pt\/wp-json\/wp\/v2\/types\/product"}],"author":[{"embeddable":true,"href":"https:\/\/www.baler-machines.com\/pt\/wp-json\/wp\/v2\/users\/1"}],"wp:featuredmedia":[{"embeddable":true,"href":"https:\/\/www.baler-machines.com\/pt\/wp-json\/wp\/v2\/media\/2392"}],"wp:attachment":[{"href":"https:\/\/www.baler-machines.com\/pt\/wp-json\/wp\/v2\/media?parent=2376"}],"wp:term":[{"taxonomy":"post_tag","embeddable":true,"href":"https:\/\/www.baler-machines.com\/pt\/wp-json\/wp\/v2\/tags?post=2376"},{"taxonomy":"product-type","embeddable":true,"href":"https:\/\/www.baler-machines.com\/pt\/wp-json\/wp\/v2\/product-type?post=2376"}],"curies":[{"name":"wp","href":"https:\/\/api.w.org\/{rel}","templated":true}]}}