{"id":223,"date":"2019-12-10T07:52:25","date_gmt":"2019-12-10T07:52:25","guid":{"rendered":"http:\/\/test.yogurt-machine.com\/?p=223"},"modified":"2024-08-02T15:24:54","modified_gmt":"2024-08-02T07:24:54","slug":"vertical-metal-baler-hydraulic-metal-baling-machine","status":"publish","type":"product","link":"https:\/\/www.baler-machines.com\/pt\/vertical-metal-baler-hydraulic-metal-baling-machine\/","title":{"rendered":"Enfardadeira vertical de metal | Prensa enfardadeira hidr\u00e1ulica"},"content":{"rendered":"<p class=\"translation-block\">A <strong>prensa vertical de metal Shuliy<\/strong> serve para comprimir todos os tipos de res\u00edduos met\u00e1licos (como a\u00e7o sucata, alum\u00ednio sucata, cobre sucata, etc.) em blocos atrav\u00e9s de alta press\u00e3o. Ap\u00f3s a prensagem, os fardos de metal prensados s\u00e3o para f\u00e1cil armazenamento, transporte e reciclagem.<\/p>    <p>A m\u00e1quina tem uma velocidade de enfardamento que varia de 6 a 10 fardos por minuto. Pode prensar fardos com tamanhos de 800*400*800mm, 800*400*600mm, 1150*750*1000mm, etc. Podemos personalizar o tamanho do fardo para atender \u00e0s suas demandas.<\/p>   <div class=\"wp-block-image\"> <figure class=\"aligncenter size-full\"><img loading=\"lazy\" decoding=\"async\" width=\"720\" height=\"540\" src=\"https:\/\/www.baler-machines.com\/wp-content\/uploads\/2019\/12\/vertical-metal-baler-manufacturer.webp\" alt=\"fabricante de enfardadeira vertical de metal\" class=\"wp-image-3951\" title=\"\" srcset=\"https:\/\/www.baler-machines.com\/wp-content\/uploads\/2019\/12\/vertical-metal-baler-manufacturer.webp 720w, https:\/\/www.baler-machines.com\/wp-content\/uploads\/2019\/12\/vertical-metal-baler-manufacturer-16x12.webp 16w\" sizes=\"auto, (max-width: 720px) 100vw, 720px\" \/><figcaption class=\"wp-element-caption\">fabricante de enfardadeira vertical de metal<\/figcaption><\/figure> <\/div>   <p>Esta prensa enfardadeira hidr\u00e1ulica tem as vantagens de opera\u00e7\u00e3o simples, amplas aplica\u00e7\u00f5es e economia. <\/p>    <p>Nossa prensa vertical tamb\u00e9m pode ser usada para prensar caixas de papel\u00e3o, tecido, garrafas pl\u00e1sticas e muito mais. Se estiver interessado, sinta-se \u00e0 vontade para entrar em contato conosco. <\/p>    <figure class=\"wp-block-embed is-type-video is-provider-youtube wp-block-embed-youtube wp-embed-aspect-16-9 wp-has-aspect-ratio\"><div class=\"wp-block-embed__wrapper\"> <iframe loading=\"lazy\" title=\"Enfardadeira vertical Shuliy para sucata de metal, papel\u00e3o, tambores de \u00f3leo, etc.\" width=\"500\" height=\"281\" src=\"https:\/\/www.youtube.com\/embed\/f14rdDsu4WI?feature=oembed\" frameborder=\"0\" allow=\"accelerometer; autoplay; clipboard-write; encrypted-media; gyroscope; picture-in-picture; web-share\" referrerpolicy=\"strict-origin-when-cross-origin\" allowfullscreen><\/iframe> <\/div><figcaption class=\"wp-element-caption\">v\u00eddeo de enfardadeira vertical hidr\u00e1ulica<\/figcaption><\/figure>    <h2 class=\"wp-block-heading\"><strong>Vantagens da prensa enfardadeira hidr\u00e1ulica Shuliy<\/strong><\/h2>    <ul class=\"wp-block-list\"> <li><strong>Capacidade de 6 a 10 fardos por minuto<\/strong>. Nossa enfardadeira usa um poderoso sistema hidr\u00e1ulico para prensar os res\u00edduos de 6 a 10 fardos em um minuto, o que \u00e9 eficiente.<\/li>    <li><strong>Painel de controle inteligente e interface de usu\u00e1rio intuitiva<\/strong>. This design is user-friendly. Even if you&#8217;re a new person can get started quickly.<\/li>    <li><strong>Enfardamento de muitos tipos de materiais met\u00e1licos<\/strong>. Esta enfardadeira vertical de metal \u00e9 adequada para muitos tipos de res\u00edduos met\u00e1licos, como sucata de a\u00e7o, sucata de alum\u00ednio, sucata de cobre, etc. <\/li>    <li><strong>Custo-benef\u00edcio<\/strong>. We&#8217;re factory direct sales. With upgraded technology, we can produce balers in batches, ensuring the quality while reducing the price, which is cost-effective.<\/li>    <li><strong>Baixo custo de manuten\u00e7\u00e3o<\/strong>. A estrutura do equipamento \u00e9 simples e f\u00e1cil de entender. A manuten\u00e7\u00e3o di\u00e1ria \u00e9 muito simples e barata.<\/li>    <li><strong>For\u00e7a de compress\u00e3o personaliz\u00e1vel, tamanho do bloco comprimido e outros<\/strong>. De acordo com suas necessidades, podemos personaliz\u00e1-los. Al\u00e9m disso, podemos personalizar tens\u00e3o, pot\u00eancia, etc. <\/li> <\/ul>   <div class=\"wp-block-image\"> <figure class=\"aligncenter size-full\"><img loading=\"lazy\" decoding=\"async\" width=\"720\" height=\"540\" src=\"https:\/\/www.baler-machines.com\/wp-content\/uploads\/2019\/12\/Shuliy-hydraulic-baling-press-in-the-factory.webp\" alt=\"Prensa enfardadeira hidr\u00e1ulica Shuliy na f\u00e1brica\" class=\"wp-image-3949\" title=\"\" srcset=\"https:\/\/www.baler-machines.com\/wp-content\/uploads\/2019\/12\/Shuliy-hydraulic-baling-press-in-the-factory.webp 720w, https:\/\/www.baler-machines.com\/wp-content\/uploads\/2019\/12\/Shuliy-hydraulic-baling-press-in-the-factory-16x12.webp 16w\" sizes=\"auto, (max-width: 720px) 100vw, 720px\" \/><figcaption class=\"wp-element-caption\">Prensa enfardadeira hidr\u00e1ulica Shuliy na f\u00e1brica<\/figcaption><\/figure> <\/div>   <h2 class=\"wp-block-heading\"><strong>Par\u00e2metros t\u00e9cnicos da enfardadeira met\u00e1lica vertical hidr\u00e1ulica<\/strong><\/h2>    <figure class=\"wp-block-table\"><table><tbody><tr><td>Modelo<\/td><td>SL-10T<\/td><td>SL-20T<\/td><td>SL-30T<\/td><td>SL-60T<\/td><td>SL-80T<\/td><\/tr><tr><td>Poder<\/td><td>5,5 kW<\/td><td>7,5 kW<\/td><td>11kW<\/td><td>15kW<\/td><td>17kW<\/td><\/tr><tr><td>Tamanho do fardo<\/td><td>800*400*800mm<\/td><td>800*400*800mm<\/td><td>800*400*600mm<\/td><td>1150*750*1000mm<\/td><td>1150*750*1000mm<\/td><\/tr><tr><td>Press\u00e3o<\/td><td>10t<\/td><td>20t<\/td><td>30t<\/td><td>60t<\/td><td>80t<\/td><\/tr><tr><td>Dimens\u00e3o<\/td><td>1400*700*2900mm<\/td><td>1400*700*2950mm<\/td><td>1450*800*2950mm<\/td><td>1700*1000*3200mm<\/td><td>1800*1000*3200mm<\/td><\/tr><tr><td>Cilindro de \u00f3leo<\/td><td>\u03c6125<\/td><td>\u03c6160<\/td><td>\u03c6160<\/td><td>\u03c6160<\/td><td>\u03c6180<\/td><\/tr><tr><td>Velocidade de enfardamento<\/td><td>8-10 fardos\/min<\/td><td>8-10 fardos\/min<\/td><td>8-10 fardos\/min<\/td><td>6-10 fardos\/min<\/td><td>6-10 fardos\/min<\/td><\/tr><tr><td>Peso<\/td><td>400kg<\/td><td>850kg<\/td><td>950kg<\/td><td>1600kg<\/td><td>2.000 kg<\/td><\/tr><\/tbody><\/table><figcaption class=\"wp-element-caption\">especifica\u00e7\u00f5es da prensa enfardadeira vertical<\/figcaption><\/figure>    <p>Nossa prensa hidr\u00e1ulica de briquetagem possui v\u00e1rios modelos \u00e0 venda, respectivamente SL-10T, SL-20T, SL-30T, SL-60T, SL-80T, etc. Se estiver interessado, seja bem-vindo para entrar em contato conosco para mais detalhes!<\/p>    <figure class=\"wp-block-gallery aligncenter has-nested-images columns-default is-cropped wp-block-gallery-2 is-layout-flex wp-block-gallery-is-layout-flex\"> <figure class=\"wp-block-image size-full\"><img loading=\"lazy\" decoding=\"async\" width=\"720\" height=\"540\" data-id=\"3947\" src=\"https:\/\/www.baler-machines.com\/wp-content\/uploads\/2019\/12\/vertical-baler-for-sale.webp\" alt=\"enfardadeira vertical para venda\" class=\"wp-image-3947\" title=\"\" srcset=\"https:\/\/www.baler-machines.com\/wp-content\/uploads\/2019\/12\/vertical-baler-for-sale.webp 720w, https:\/\/www.baler-machines.com\/wp-content\/uploads\/2019\/12\/vertical-baler-for-sale-16x12.webp 16w\" sizes=\"auto, (max-width: 720px) 100vw, 720px\" \/><figcaption class=\"wp-element-caption\">Enfardadeira vertical para venda<\/figcaption><\/figure>    <figure class=\"wp-block-image size-full\"><img loading=\"lazy\" decoding=\"async\" width=\"720\" height=\"540\" data-id=\"3953\" src=\"https:\/\/www.baler-machines.com\/wp-content\/uploads\/2019\/12\/small-and-big-vertical-baler-in-stock.webp\" alt=\"prensas verticais pequenas e grandes em estoque\" class=\"wp-image-3953\" title=\"\" srcset=\"https:\/\/www.baler-machines.com\/wp-content\/uploads\/2019\/12\/small-and-big-vertical-baler-in-stock.webp 720w, https:\/\/www.baler-machines.com\/wp-content\/uploads\/2019\/12\/small-and-big-vertical-baler-in-stock-16x12.webp 16w\" sizes=\"auto, (max-width: 720px) 100vw, 720px\" \/><figcaption class=\"wp-element-caption\">Enfardadeiras verticais pequenas e grandes em estoque<\/figcaption><\/figure> <\/figure>    <h2 class=\"wp-block-heading\" id=\"h-main-applications-of-the-vertical-metal-baler\"><strong>Res\u00edduos de metal e outras sucatas a serem enfardadas<\/strong><\/h2>    <p>Nossa enfardadeira vertical \u00e9 multifuncional e adequada para todos os tipos de prensagem de res\u00edduos. Agora, apresentarei os materiais de sucata que podem ser enfardados.<\/p>    <figure class=\"wp-block-gallery has-nested-images columns-default is-cropped wp-block-gallery-3 is-layout-flex wp-block-gallery-is-layout-flex\"> <figure class=\"wp-block-image size-full\"><img loading=\"lazy\" decoding=\"async\" width=\"720\" height=\"440\" data-id=\"456\" src=\"https:\/\/www.baler-machines.com\/wp-content\/uploads\/2019\/12\/waste-aluminium-sheets-baling.jpg\" alt=\"enfardamento de folhas de alum\u00ednio usadas\" class=\"wp-image-456\" title=\"\"><figcaption class=\"wp-element-caption\">Enfardamento de folhas de alum\u00ednio residual<\/figcaption><\/figure>    <figure class=\"wp-block-image size-large\"><img loading=\"lazy\" decoding=\"async\" width=\"720\" height=\"411\" data-id=\"357\" src=\"https:\/\/www.baler-machines.com\/wp-content\/uploads\/2019\/12\/Car-shells-recycling-1.jpg\" alt=\"Reciclagem de carca\u00e7as de carros\" class=\"wp-image-357\" title=\"\"><figcaption class=\"wp-element-caption\">Reciclagem de carca\u00e7as de autom\u00f3veis<\/figcaption><\/figure> <\/figure>    <ul class=\"wp-block-list\"> <li><strong>Sucata de a\u00e7o<\/strong> <ul class=\"wp-block-list\"> <li>Res\u00edduos de a\u00e7o, chapas de a\u00e7o, tubos de a\u00e7o, barras de a\u00e7o e outros materiais de sucata em diversas formas.<\/li> <\/ul> <\/li>    <li><strong>Sucata de alum\u00ednio<\/strong> <ul class=\"wp-block-list\"> <li>Sucata de latas de alum\u00ednio, placas de alum\u00ednio, tubos de alum\u00ednio, folhas de alum\u00ednio e outras formas de materiais de alum\u00ednio.<\/li> <\/ul> <\/li>    <li><strong>Sucata de cobre<\/strong> <ul class=\"wp-block-list\"> <li>Res\u00edduos de fios de cobre, tubos de cobre, placas de cobre, chips de cobre, etc.<\/li> <\/ul> <\/li>    <li><strong>Sucata<\/strong> <ul class=\"wp-block-list\"> <li>V\u00e1rias formas de materiais de ferro, como sucata de ferro, sucata de ferro, fio de ferro, chapa de ferro, etc.<\/li> <\/ul> <\/li>    <li><strong>Sucata de a\u00e7o inoxid\u00e1vel<\/strong> <ul class=\"wp-block-list\"> <li>Res\u00edduos de aparelhos de a\u00e7o inoxid\u00e1vel, chapa de a\u00e7o inoxid\u00e1vel, tubos de a\u00e7o inoxid\u00e1vel e outras formas de materiais de a\u00e7o inoxid\u00e1vel.<\/li> <\/ul> <\/li>    <li><strong>Sucata de chumbo<\/strong> <ul class=\"wp-block-list\"> <li>Res\u00edduos de folhas de chumbo, tubos de chumbo, blocos de chumbo e outras formas de materiais de chumbo.<\/li> <\/ul> <\/li>    <li><strong>Sucata de zinco<\/strong> <ul class=\"wp-block-list\"> <li>Placa de zinco, tubo de zinco, bloco de zinco e outros materiais residuais de zinco.<\/li> <\/ul> <\/li>    <li><strong>Res\u00edduos de liga<\/strong> <ul class=\"wp-block-list\"> <li>Todos os tipos de res\u00edduos de materiais de liga met\u00e1lica, como liga de cobre, liga de alum\u00ednio, liga de n\u00edquel e assim por diante.<\/li> <\/ul> <\/li>    <li><strong>Sucata eletr\u00f4nica<\/strong> <ul class=\"wp-block-list\"> <li>Pe\u00e7as met\u00e1licas em res\u00edduos de produtos eletr\u00f4nicos, como fios e placas de circuito em componentes met\u00e1licos.<\/li> <\/ul> <\/li>    <li><strong>Outros<\/strong>: res\u00edduos de borracha, roupas, res\u00edduos de papel\u00e3o, canos, garrafas pl\u00e1sticas, latas, espuma, esponja, etc.<\/li> <\/ul>   <div class=\"wp-block-image\"> <figure class=\"aligncenter size-full\"><img loading=\"lazy\" decoding=\"async\" width=\"720\" height=\"500\" src=\"https:\/\/www.baler-machines.com\/wp-content\/uploads\/2022\/08\/applications-of-the-hydraulic-vertical-baler.webp\" alt=\"aplica\u00e7\u00f5es da enfardadeira vertical hidr\u00e1ulica\" class=\"wp-image-2667\" title=\"\"><figcaption class=\"wp-element-caption\">aplica\u00e7\u00f5es da enfardadeira vertical hidr\u00e1ulica<\/figcaption><\/figure> <\/div>   <h2 class=\"wp-block-heading\"><strong>Aplica\u00e7\u00f5es da enfardadeira vertical Shuliy<\/strong><\/h2>    <p>Depois de conhecer os materiais de sucata a serem briquetados, agora vamos ver suas aplica\u00e7\u00f5es.<\/p>    <ul class=\"wp-block-list\"> <li><strong>Esta\u00e7\u00e3o de reciclagem de sucata<\/strong> <ul class=\"wp-block-list\"> <li>Usado para comprimir v\u00e1rias sobras de metal em blocos para f\u00e1cil transporte e reutiliza\u00e7\u00e3o.<\/li> <\/ul> <\/li>    <li><strong>Planta de processamento de metal<\/strong> <ul class=\"wp-block-list\"> <li>Sucata met\u00e1lica compacta gerada no processo produtivo em blocos. Isso pode reduzir o espa\u00e7o de armazenamento e melhorar a utiliza\u00e7\u00e3o de recursos.<\/li> <\/ul> <\/li>    <li><strong>Esta\u00e7\u00f5es de coleta de sucata<\/strong> <ul class=\"wp-block-list\"> <li>Comprima v\u00e1rias sobras de metal compradas em blocos. Isso melhora a efici\u00eancia do transporte e reduz custos.<\/li> <\/ul> <\/li> <\/ul>   <div class=\"wp-block-image is-resized\"> <figure class=\"aligncenter size-large\"><img loading=\"lazy\" decoding=\"async\" width=\"720\" height=\"411\" src=\"https:\/\/www.baler-machines.com\/wp-content\/uploads\/2019\/12\/vertical-metal-scraps-baler-applications.jpg\" alt=\"aplica\u00e7\u00f5es de briquetagem de metal vertical\" class=\"wp-image-240\" title=\"\"><figcaption class=\"wp-element-caption\">aplica\u00e7\u00f5es de enfardadeira vertical de sucatas de metal<\/figcaption><\/figure> <\/div>   <h2 class=\"wp-block-heading\"><strong>Estrutura da enfardadeira vertical hidr\u00e1ulica<\/strong><\/h2>    <p>Sua estrutura inclui cilindro hidr\u00e1ulico (duplo), c\u00e2mara de material, abertura r\u00e1pida, interruptor manual, tanque de \u00f3leo, bomba de engrenagens e motor. <\/p>   <div class=\"wp-block-image\"> <figure class=\"aligncenter size-large\"><img loading=\"lazy\" decoding=\"async\" width=\"720\" height=\"540\" src=\"https:\/\/www.baler-machines.com\/wp-content\/uploads\/2019\/12\/vertical-baling-machine-structure.jpg\" alt=\"\" class=\"wp-image-294\" title=\"\"><figcaption class=\"wp-element-caption\">estrutura da m\u00e1quina de enfardamento vertical<\/figcaption><\/figure> <\/div>   <p>Comparado com a prensa de tipo horizontal, esta prensa vertical \u00e9 a menor e a mais comumente utilizada. \u00c9 geralmente usada em plantas de reciclagem de res\u00edduos de pequeno e m\u00e9dio porte. Se estiver interessado, sinta-se \u00e0 vontade para entrar em contato conosco para mais detalhes!<\/p>    <h2 class=\"wp-block-heading\"><strong>Processo de trabalho da enfardadeira vertical<\/strong><\/h2>   <div id=\"rank-math-howto\" class=\"rank-math-block\" > <div class=\"rank-math-howto-description\">  <\/div>  <div class=\"rank-math-steps\"> <div id=\"howto-step-1722246807953\" class=\"rank-math-step\"> <h3 class=\"rank-math-step-title\"><strong>Carregando<\/strong><\/h3> <div class=\"rank-math-step-content\"><p>Coloque a sucata de metal na c\u00e2mara de compress\u00e3o da enfardadeira de metal vertical.<\/p> <\/div> <\/div> <div id=\"howto-step-1722246821681\" class=\"rank-math-step\"> <h3 class=\"rank-math-step-title\"><strong>Compress\u00e3o<\/strong><\/h3> <div class=\"rank-math-step-content\"><p>Ative o sistema hidr\u00e1ulico e a placa de compress\u00e3o se mover\u00e1 para baixo para comprimir a sucata met\u00e1lica em blocos. <br \/>A forte press\u00e3o hidr\u00e1ulica garante que a sucata seja comprimida at\u00e9 um volume m\u00ednimo.<\/p> <\/div> <\/div> <div id=\"howto-step-1722246838296\" class=\"rank-math-step\"> <h3 class=\"rank-math-step-title\"><strong>Cintagem<\/strong><\/h3> <div class=\"rank-math-step-content\"><p>Assim que a compacta\u00e7\u00e3o for conclu\u00edda, a m\u00e1quina agrupar\u00e1 automaticamente\/manualmente os blocos compactados. Isso os mant\u00e9m apertados para f\u00e1cil manuseio e armazenamento.<\/p> <\/div> <\/div> <div id=\"howto-step-1722246850904\" class=\"rank-math-step\"> <h3 class=\"rank-math-step-title\"><strong>Descarregando<\/strong><\/h3> <div class=\"rank-math-step-content\"><p>Ap\u00f3s a compress\u00e3o e cintagem, a m\u00e1quina empurra automaticamente os blocos de metal comprimidos. Ent\u00e3o a m\u00e1quina est\u00e1 pronta para o pr\u00f3ximo lote de sucata ser compactado.<\/p> <\/div> <\/div> <\/div> <\/div>       <h2 class=\"wp-block-heading\" id=\"h-precautions-for-use-of-hydraulic-metal-baler-machine\"><strong>Precau\u00e7\u00f5es para usar a enfardadeira hidr\u00e1ulica de metal<\/strong><\/h2>    <p>Para usar corretamente esta enfardadeira vertical de metal, voc\u00ea deve dominar a estrutura da m\u00e1quina e os procedimentos de opera\u00e7\u00e3o. Al\u00e9m disso, existem alguns pontos aos quais voc\u00ea deve prestar aten\u00e7\u00e3o.<\/p>    <figure class=\"wp-block-gallery aligncenter has-nested-images columns-default is-cropped wp-block-gallery-4 is-layout-flex wp-block-gallery-is-layout-flex\"> <figure class=\"wp-block-image size-large\"><img loading=\"lazy\" decoding=\"async\" width=\"405\" height=\"540\" data-id=\"232\" src=\"https:\/\/www.baler-machines.com\/wp-content\/uploads\/2019\/12\/vertical-metal-balers-are-in-stock.jpg\" alt=\"prensas verticais de metal est\u00e3o em estoque\" class=\"wp-image-232\" title=\"\"><figcaption class=\"wp-element-caption\">Enfardadeiras verticais de metal est\u00e3o em estoque<\/figcaption><\/figure>    <figure class=\"wp-block-image size-large\"><img loading=\"lazy\" decoding=\"async\" width=\"405\" height=\"540\" data-id=\"230\" src=\"https:\/\/www.baler-machines.com\/wp-content\/uploads\/2019\/12\/various-metal-balers.jpg\" alt=\"diversas prensas de metal\" class=\"wp-image-230\" title=\"\"><figcaption class=\"wp-element-caption\">V\u00e1rias enfardadeiras de metal<\/figcaption><\/figure> <\/figure>    <ul class=\"wp-block-list\"> <li>O \u00f3leo hidr\u00e1ulico antidesgaste de alta qualidade deve ser usado estritamente para adicionar \u00f3leo hidr\u00e1ulico ao tanque de \u00f3leo.    <ul class=\"wp-block-list\"> <li>Filtre rigorosamente o \u00f3leo hidr\u00e1ulico e mantenha regularmente um volume de \u00f3leo suficiente. <\/li>    <li>Encha o \u00f3leo imediatamente quando for insuficiente.<\/li> <\/ul> <\/li>    <li>Limpe o tanque de \u00f3leo da prensa vertical de metal e substitua-o por \u00f3leo novo a cada meio ano.  <ul class=\"wp-block-list\"> <li>A primeira limpeza e filtra\u00e7\u00e3o do \u00f3leo n\u00e3o deve ultrapassar um m\u00eas. <\/li>    <li>O \u00f3leo novo que foi usado uma vez s\u00f3 pode ser usado novamente ap\u00f3s uma filtra\u00e7\u00e3o rigorosa.<\/li> <\/ul> <\/li> <\/ul>    <ul class=\"wp-block-list\"> <li>As pe\u00e7as lubrificantes desta enfardadeira vertical devem ser abastecidas com \u00f3leo lubrificante pelo menos uma vez por turno, conforme necess\u00e1rio.<\/li>    <li>Limpe os artigos diversos na caixa de material a tempo.<\/li>    <li>N\u00e3o ligue a m\u00e1quina sem conhecer e compreender sua estrutura, desempenho e procedimentos de opera\u00e7\u00e3o.<\/li>    <li>Em caso de vazamento grave de \u00f3leo ou fen\u00f4menos anormais durante a opera\u00e7\u00e3o, pare a m\u00e1quina imediatamente. <ul class=\"wp-block-list\"> <li>Analise as causas e elimine as falhas.<\/li>    <li>A opera\u00e7\u00e3o for\u00e7ada com falha n\u00e3o \u00e9 permitida.<\/li> <\/ul> <\/li> <\/ul>   <div class=\"wp-block-image\"> <figure class=\"aligncenter size-full\"><img loading=\"lazy\" decoding=\"async\" width=\"720\" height=\"540\" src=\"https:\/\/www.baler-machines.com\/wp-content\/uploads\/2019\/12\/quality-hydraulic-vertical-baler.webp\" alt=\"enfardadeira vertical hidr\u00e1ulica de qualidade\" class=\"wp-image-3955\" title=\"\" srcset=\"https:\/\/www.baler-machines.com\/wp-content\/uploads\/2019\/12\/quality-hydraulic-vertical-baler.webp 720w, https:\/\/www.baler-machines.com\/wp-content\/uploads\/2019\/12\/quality-hydraulic-vertical-baler-16x12.webp 16w\" sizes=\"auto, (max-width: 720px) 100vw, 720px\" \/><figcaption class=\"wp-element-caption\">enfardadeira vertical hidr\u00e1ulica de qualidade<\/figcaption><\/figure> <\/div>   <ul class=\"wp-block-list\"> <li>Durante a opera\u00e7\u00e3o da enfardadeira met\u00e1lica vertical hidr\u00e1ulica, n\u00e3o \u00e9 permitido: <ul class=\"wp-block-list\"> <li>Repare ou entre em contato com as pe\u00e7as m\u00f3veis. <\/li>    <li>Pressione os materiais na caixa de materiais com as m\u00e3os ou os p\u00e9s.<\/li> <\/ul> <\/li>    <li>O ajuste da bomba, v\u00e1lvula e man\u00f4metro deve ser realizado por t\u00e9cnicos experientes.  <ul class=\"wp-block-list\"> <li>Se um man\u00f4metro estiver com defeito, ele dever\u00e1 ser verificado ou substitu\u00eddo imediatamente.<\/li> <\/ul> <\/li>    <li>Voc\u00ea deve formular procedimentos detalhados de manuten\u00e7\u00e3o e opera\u00e7\u00e3o de seguran\u00e7a de acordo com a situa\u00e7\u00e3o espec\u00edfica.<\/li> <\/ul>    <h2 class=\"wp-block-heading\"><strong>Contacte-nos para solu\u00e7\u00f5es de reciclagem de res\u00edduos!<\/strong><\/h2>    <p class=\"translation-block\">Voc\u00ea est\u00e1 procurando solu\u00e7\u00f5es custo-benef\u00edcio para reciclagem de <a href=\"https:\/\/en.wikipedia.org\/wiki\/Scrap\" target=\"_blank\" rel=\"noopener\">metais residuais<\/a>? Temos prensa vertical de metal e <a href=\"https:\/\/www.baler-machines.com\/pt\/horizontal-metal-baler\/\">m\u00e1quina de prensa de metal horizontal<\/a> para beneficiar seu neg\u00f3cio. <\/p>   <div class=\"wp-block-image\"> <figure class=\"aligncenter size-large\"><img loading=\"lazy\" decoding=\"async\" width=\"540\" height=\"540\" src=\"https:\/\/www.baler-machines.com\/wp-content\/uploads\/2019\/12\/Cans-baling-and-recycling-2.jpg\" alt=\"Enfardamento e reciclagem de latas\" class=\"wp-image-358\" title=\"\"><figcaption class=\"wp-element-caption\">Enfardamento e reciclagem de latas<\/figcaption><\/figure> <\/div>   <p>Se estiver interessado, entre em contato conosco agora e forneceremos a melhor solu\u00e7\u00e3o para voc\u00ea!<\/p>","protected":false},"excerpt":{"rendered":"<p>A enfardadeira vertical de metal Shuliy serve para comprimir res\u00edduos de metal (como sucata de a\u00e7o, sucata de alum\u00ednio, sucata de cobre, etc.) em blocos por meio de alta press\u00e3o.<\/p>","protected":false},"author":1,"featured_media":2669,"parent":0,"template":"","tags":[414,537,12],"product-type":[563],"class_list":["post-223","product","type-product","status-publish","has-post-thumbnail","hentry","tag-baler","tag-hydraulic-baler","tag-vertical-metal-baler","product-type-baler-machine"],"_links":{"self":[{"href":"https:\/\/www.baler-machines.com\/pt\/wp-json\/wp\/v2\/product\/223","targetHints":{"allow":["GET"]}}],"collection":[{"href":"https:\/\/www.baler-machines.com\/pt\/wp-json\/wp\/v2\/product"}],"about":[{"href":"https:\/\/www.baler-machines.com\/pt\/wp-json\/wp\/v2\/types\/product"}],"author":[{"embeddable":true,"href":"https:\/\/www.baler-machines.com\/pt\/wp-json\/wp\/v2\/users\/1"}],"wp:featuredmedia":[{"embeddable":true,"href":"https:\/\/www.baler-machines.com\/pt\/wp-json\/wp\/v2\/media\/2669"}],"wp:attachment":[{"href":"https:\/\/www.baler-machines.com\/pt\/wp-json\/wp\/v2\/media?parent=223"}],"wp:term":[{"taxonomy":"post_tag","embeddable":true,"href":"https:\/\/www.baler-machines.com\/pt\/wp-json\/wp\/v2\/tags?post=223"},{"taxonomy":"product-type","embeddable":true,"href":"https:\/\/www.baler-machines.com\/pt\/wp-json\/wp\/v2\/product-type?post=223"}],"curies":[{"name":"wp","href":"https:\/\/api.w.org\/{rel}","templated":true}]}}