{"id":1415,"date":"2022-01-20T08:56:33","date_gmt":"2022-01-20T08:56:33","guid":{"rendered":"https:\/\/www.baler-machines.com\/?p=1415"},"modified":"2024-01-09T17:39:35","modified_gmt":"2024-01-09T09:39:35","slug":"double-shaft-waste-plastic-shredder-machine","status":"publish","type":"product","link":"https:\/\/www.baler-machines.com\/pt\/double-shaft-waste-plastic-shredder-machine\/","title":{"rendered":"M\u00e1quina trituradora de pl\u00e1stico de eixo duplo para tritura\u00e7\u00e3o de res\u00edduos de pl\u00e1stico"},"content":{"rendered":"<p class=\"translation-block\">A <strong>m\u00e1quina trituradora de pl\u00e1stico<\/strong> serve para triturar v\u00e1rios pl\u00e1sticos residuais como garrafas PET, sacos pl\u00e1sticos, filmes, etc. em peda\u00e7os pequenos para reciclagem. Esta m\u00e1quina \u00e9 um triturador de eixo duplo, com amplas aplica\u00e7\u00f5es, longa vida \u00fatil e baixa manuten\u00e7\u00e3o. <\/p>    <p>A m\u00e1quina trituradora de res\u00edduos pl\u00e1sticos reduz o volume de res\u00edduos pl\u00e1sticos e facilita o processo de granula\u00e7\u00e3o subsequente. Com o impulso da ind\u00fastria ambiental, muitas empresas relacionadas est\u00e3o equipadas com triturador de eixo duplo para triturar res\u00edduos pl\u00e1sticos para reciclagem. Se estiver interessado, entre em contato conosco para obter mais detalhes da m\u00e1quina.<\/p>    <figure class=\"wp-block-embed is-type-video is-provider-youtube wp-block-embed-youtube wp-embed-aspect-16-9 wp-has-aspect-ratio\"><div class=\"wp-block-embed__wrapper\"> <iframe loading=\"lazy\" title=\"Triturador de eixo duplo de alta pot\u00eancia enfrenta o desafio de destrui\u00e7\u00e3o de garrafas de pl\u00e1stico!  #triturador #reciclagem\" width=\"500\" height=\"281\" src=\"https:\/\/www.youtube.com\/embed\/4QKYEw3Ath4?feature=oembed\" frameborder=\"0\" allow=\"accelerometer; autoplay; clipboard-write; encrypted-media; gyroscope; picture-in-picture; web-share\" referrerpolicy=\"strict-origin-when-cross-origin\" allowfullscreen><\/iframe> <\/div><figcaption class=\"wp-element-caption\">Triturador de eixo duplo para v\u00eddeo de trabalho de pl\u00e1stico<\/figcaption><\/figure>    <h2 class=\"wp-block-heading\"><strong>Uma breve introdu\u00e7\u00e3o \u00e0 m\u00e1quina trituradora de pl\u00e1stico<\/strong><\/h2>    <p>A m\u00e1quina trituradora de pl\u00e1stico \u00e9 uma trituradora de corte em rolo que rasga materiais residuais cortando, rasgando e apertando l\u00e2minas rolantes com ganchos. <\/p>    <figure class=\"wp-block-gallery aligncenter has-nested-images columns-default is-cropped wp-block-gallery-2 is-layout-flex wp-block-gallery-is-layout-flex\"> <figure class=\"wp-block-image size-large\"><img loading=\"lazy\" decoding=\"async\" width=\"720\" height=\"540\" data-id=\"3513\" src=\"https:\/\/www.baler-machines.com\/wp-content\/uploads\/2022\/01\/plastic-shredder-machine-for-recycling.webp\" alt=\"m\u00e1quina trituradora de pl\u00e1stico para reciclagem\" class=\"wp-image-3513\" title=\"\"><figcaption class=\"wp-element-caption\">M\u00e1quina trituradora de pl\u00e1stico para reciclagem<\/figcaption><\/figure>    <figure class=\"wp-block-image size-large\"><img loading=\"lazy\" decoding=\"async\" width=\"720\" height=\"540\" data-id=\"3514\" src=\"https:\/\/www.baler-machines.com\/wp-content\/uploads\/2022\/01\/waste-plastic-double-shaft-shredder.webp\" alt=\"triturador de res\u00edduos de pl\u00e1stico de eixo duplo\" class=\"wp-image-3514\" title=\"\"><figcaption class=\"wp-element-caption\">Triturador de eixo duplo de pl\u00e1stico para res\u00edduos<\/figcaption><\/figure> <\/figure>    <p class=\"translation-block\">O triturador industrial de pl\u00e1stico (tamb\u00e9m conhecido como triturador de pl\u00e1stico de eixo duplo) \u00e9 usado principalmente para tritura\u00e7\u00e3o preliminar, adequado para todos os tipos de <strong>materiais s\u00f3lidos a granel, materiais refrat\u00e1rios, recipientes de pl\u00e1stico e outros produtos pl\u00e1sticos<\/strong>. Forte capacidade de corte, alta efici\u00eancia de produ\u00e7\u00e3o, longa vida \u00fatil e ampla faixa de aplica\u00e7\u00e3o s\u00e3o todas vantagens da m\u00e1quina trituradora de pl\u00e1stico.<\/p>    <figure class=\"wp-block-gallery aligncenter has-nested-images columns-default is-cropped wp-block-gallery-3 is-layout-flex wp-block-gallery-is-layout-flex\"> <figure class=\"wp-block-image size-large\"><img loading=\"lazy\" decoding=\"async\" width=\"500\" height=\"375\" data-id=\"3522\" src=\"https:\/\/www.baler-machines.com\/wp-content\/uploads\/2022\/01\/waste-plastics.webp\" alt=\"res\u00edduos de pl\u00e1stico\" class=\"wp-image-3522\" title=\"\"><figcaption class=\"wp-element-caption\">Res\u00edduos de Pl\u00e1sticos<\/figcaption><\/figure>    <figure class=\"wp-block-image size-large\"><img loading=\"lazy\" decoding=\"async\" width=\"348\" height=\"352\" data-id=\"3521\" src=\"https:\/\/www.baler-machines.com\/wp-content\/uploads\/2022\/01\/shredded-plastics.webp\" alt=\"pl\u00e1sticos picados\" class=\"wp-image-3521\" title=\"\"><figcaption class=\"wp-element-caption\">Pl\u00e1sticos Triturados<\/figcaption><\/figure> <\/figure>    <h2 class=\"wp-block-heading\"><strong>Par\u00e2metros t\u00e9cnicos do triturador de eixo duplo para pl\u00e1sticos<\/strong><\/h2>    <p class=\"translation-block\"><strong>Par\u00e2metros do Modelo SL-400<\/strong>:<\/p>    <p class=\"translation-block\"><strong>Capacidade<\/strong>: 0,5-1t\/h<\/p>    <p class=\"translation-block\"><strong>Tens\u00e3o<\/strong>: 440V, 60Hz, 3 fases<\/p>    <p class=\"translation-block\"><strong>Pot\u00eancia<\/strong>: 7,5KW*2<\/p>    <p class=\"translation-block\"><strong>Espessura da l\u00e2mina<\/strong>: 20mm<\/p>    <p class=\"translation-block\"><strong>Quantidade de l\u00e2minas<\/strong>: 20 pe\u00e7as<\/p>    <p class=\"translation-block\"><strong>Material da placa da l\u00e2mina<\/strong>: 9CrSi<\/p>    <p class=\"translation-block\"><strong>Tamanho do equipamento<\/strong>: 2000*1100*1620mm<\/p>    <p class=\"translation-block\"><strong>Peso<\/strong>: 1100kg<\/p>    <h2 class=\"wp-block-heading\" id=\"h-application-scope-of-the-plastic-film-shredder\"><strong>Escopo de aplica\u00e7\u00e3o do triturador de filme pl\u00e1stico<\/strong><\/h2>    <p class=\"translation-block\">A m\u00e1quina trituradora de pl\u00e1stico pode ser usada para a tritura\u00e7\u00e3o e reciclagem de pl\u00e1sticos de sucata como <strong>caixas, tubos finos, pe\u00e7as moldadas por sopro, garrafas, carca\u00e7as<\/strong>, etc. Ou, como m\u00e1quina auxiliar para a m\u00e1quina de moldagem por inje\u00e7\u00e3o para triturar novamente os materiais do bico ou pe\u00e7as defeituosas da m\u00e1quina de moldagem por inje\u00e7\u00e3o.<\/p>    <p class=\"translation-block\"> Seu escopo de aplica\u00e7\u00e3o envolve tubos e perfis volumosos, pe\u00e7as grandes moldadas por sopro e outros res\u00edduos de produ\u00e7\u00e3o, como <strong>garrafas PET, filme de PE, fardos de filme pl\u00e1stico, tambores pl\u00e1sticos, chapas pl\u00e1sticas, placas pl\u00e1sticas, pisos pl\u00e1sticos, recipientes<\/strong>, e assim por diante.<\/p>   <div class=\"wp-block-image\"> <figure class=\"aligncenter size-full\"><img loading=\"lazy\" decoding=\"async\" width=\"720\" height=\"540\" src=\"https:\/\/www.baler-machines.com\/wp-content\/uploads\/2022\/01\/machine-application-2.jpg\" alt=\"aplica\u00e7\u00e3o de m\u00e1quina de tritura\u00e7\u00e3o de pl\u00e1stico\" class=\"wp-image-1427\" title=\"\"><figcaption class=\"wp-element-caption\">aplica\u00e7\u00e3o de m\u00e1quina de tritura\u00e7\u00e3o de pl\u00e1stico<\/figcaption><\/figure> <\/div>   <p>A trituradora de sacos pl\u00e1sticos tamb\u00e9m pode processar os seguintes materiais:<\/p>    <ul class=\"wp-block-list\"> <li><strong>Sucata<\/strong>: baldes de tinta, sucata de a\u00e7o, sucata de ferro, sucata de alum\u00ednio, briquetes met\u00e1licos, etc.<\/li>    <li><strong>Madeira<\/strong>: madeira serrada, ra\u00edzes de \u00e1rvores, paletes de madeira, restos de m\u00f3veis<\/li>    <li><strong>Borracha<\/strong>: pneus, pneu de caminh\u00e3o, pneu de carro<\/li>    <li><strong>Cart\u00e3o<\/strong>, caixa, papel, livros<\/li>    <li><strong>Res\u00edduos de eletrodom\u00e9sticos, ve\u00edculos<\/strong>: Aparelhos de TV, m\u00e1quinas de lavar, motocicletas, carros, bicicletas, etc.<\/li>    <li><strong>El\u00e9trica<\/strong>: cabos e fios, placas de circuito<\/li>    <li><strong>Res\u00edduos de roupas ou tecidos<\/strong><\/li> <\/ul>    <h2 class=\"wp-block-heading\" id=\"h-outstanding-features-of-plastic-shredder-machine\"><strong>Caracter\u00edsticas not\u00e1veis \u200b\u200bda m\u00e1quina trituradora de pl\u00e1stico para venda<\/strong><\/h2>    <ol class=\"wp-block-list\"> <li>Comparado com o triturador de pl\u00e1stico de eixo \u00fanico, este triturador de pl\u00e1stico tem uma gama mais ampla de aplica\u00e7\u00f5es e pode lidar com maiores volumes de mat\u00e9rias-primas e maior efici\u00eancia.<\/li>    <li><strong>Facas m\u00f3veis grossas e pesadas<\/strong>: todas as facas s\u00e3o fundidas com liga de a\u00e7o, resistentes e de longa vida \u00fatil com alta efici\u00eancia de britagem.<\/li>    <li>Nosso triturador de eixo duplo possui caracter\u00edsticas de baixa velocidade, alto torque, baixo ru\u00eddo e poeira que podem atender aos padr\u00f5es de prote\u00e7\u00e3o ambiental.\u2003<\/li>    <li>A placa da estrutura \u00e9 espessa, resistente a altos torques e muito forte.<\/li>    <li>F\u00e1cil de ajustar, baixo custo de manuten\u00e7\u00e3o e\u00a0muito\u00a0dur\u00e1vel.<\/li>    <li>Adote o controle autom\u00e1tico do microcomputador, defina as fun\u00e7\u00f5es de controle reverso autom\u00e1tico de partida, parada, revers\u00e3o e sobrecarga.<\/li>    <li>A espessura da ferramenta e o n\u00famero de garras podem ser alterados de acordo com os diferentes materiais, e o tamanho das part\u00edculas descarregadas \u00e9 uniforme.<\/li>    <li>Grande porta de alimenta\u00e7\u00e3o, que tamb\u00e9m pode ser personalizada. <\/li> <\/ol>    <figure class=\"wp-block-gallery aligncenter has-nested-images columns-default is-cropped wp-block-gallery-4 is-layout-flex wp-block-gallery-is-layout-flex\"> <figure class=\"wp-block-image size-large\"><img loading=\"lazy\" decoding=\"async\" width=\"720\" height=\"540\" data-id=\"1419\" src=\"https:\/\/www.baler-machines.com\/wp-content\/uploads\/2022\/01\/double-shaft-of-plastic-shredder.jpg\" alt=\"eixo duplo de triturador de pl\u00e1stico\" class=\"wp-image-1419\" title=\"\"><figcaption class=\"wp-element-caption\">Eixo duplo de triturador de pl\u00e1stico<\/figcaption><\/figure>    <figure class=\"wp-block-image size-large\"><img loading=\"lazy\" decoding=\"async\" width=\"720\" height=\"540\" data-id=\"1418\" src=\"https:\/\/www.baler-machines.com\/wp-content\/uploads\/2022\/01\/plastic-shredding-machine-blade-molds.jpg\" alt=\"moldes de l\u00e2mina de m\u00e1quina de tritura\u00e7\u00e3o de pl\u00e1stico\" class=\"wp-image-1418\" title=\"\"><figcaption class=\"wp-element-caption\">Moldes de l\u00e2mina para m\u00e1quina de tritura\u00e7\u00e3o de pl\u00e1stico<\/figcaption><\/figure> <\/figure>    <h2 class=\"wp-block-heading\" id=\"h-how-does-the-plastic-lumps-shredder-work\"><strong>Como funciona o triturador de peda\u00e7os de pl\u00e1stico?<\/strong><\/h2>    <p>O material entra no interior da caixa de tritura\u00e7\u00e3o atrav\u00e9s do sistema de alimenta\u00e7\u00e3o, e a caixa carrega a l\u00e2mina de tritura\u00e7\u00e3o. O material \u00e9 triturado em pequenos peda\u00e7os ap\u00f3s a a\u00e7\u00e3o combinada de duas fileiras de l\u00e2minas trituradoras, como rasgar, apertar e cisalhar, e descarregado da parte inferior da trituradora de pl\u00e1stico.<\/p>    <h2 class=\"wp-block-heading\" id=\"h-precautions-for-use\"><strong>Precau\u00e7\u00f5es ao usar a m\u00e1quina trituradora de pl\u00e1stico<\/strong><\/h2>    <ul class=\"wp-block-list\"> <li>Antes de iniciar a trituradora de pl\u00e1stico, \u00e9 necess\u00e1rio verificar rigorosamente se a instala\u00e7\u00e3o de cada componente \u00e9 razo\u00e1vel e se os parafusos est\u00e3o soltos.<\/li>    <li>O <a href=\"https:\/\/www.baler-machines.com\/pt\/double-shaft-shredder\/\">triturador de eixo duplo<\/a> deve ser pr\u00e9-aquecido e em marcha lenta antes de iniciar. Esta etapa pode melhorar o estado de funcionamento do equipamento e prolongar sua vida \u00fatil.<\/li>    <li>O triturador de pl\u00e1stico deve ser mantido regularmente para obter suavidade, mas deve-se observar que o \u00f3leo lubrificante n\u00e3o deve ser adicionado muito de uma s\u00f3 vez.<\/li>    <li>Ap\u00f3s a opera\u00e7\u00e3o, o pl\u00e1stico quebrado deve ser completamente esvaziado e, em seguida, a m\u00e1quina deve ser fechada. O estado da l\u00e2mina deve ser verificado a tempo, e a l\u00e2mina desgastada deve ser polida e substitu\u00edda a tempo para evitar danos a outras partes do equipamento causados \u200b\u200bpelo desgaste da l\u00e2mina.<\/li>    <li>Durante o processo de alimenta\u00e7\u00e3o, deve-se adicionar materiais de britagem adequados de acordo com o modelo, e adicionar materiais duros que excedam a capacidade de britagem pode causar danos \u00e0 l\u00e2mina e ao motor, resultando em falha do equipamento.<\/li> <\/ul>    <h2 class=\"wp-block-heading\"><strong>Comece sua reciclagem de pl\u00e1sticos agora!<\/strong><\/h2>    <p class=\"translation-block\">Se voc\u00ea deseja fazer reciclagem de res\u00edduos \u00e0 base de <a href=\"https:\/\/en.wikipedia.org\/wiki\/Plastic\" target=\"_blank\" rel=\"noopener\">pl\u00e1stico<\/a>, nosso triturador de pl\u00e1stico de eixo duplo \u00e9 sua primeira escolha. Venha e entre em contato conosco, forneceremos a melhor oferta de acordo com suas necessidades.<\/p>","protected":false},"excerpt":{"rendered":"<p>A m\u00e1quina trituradora de pl\u00e1stico serve para esmagar com efici\u00eancia v\u00e1rios res\u00edduos de pl\u00e1stico, como garrafas PET, sacos pl\u00e1sticos, filmes, etc., em pequenos peda\u00e7os para reciclagem. Descrevemos os tipos de pl\u00e1sticos que podem ser triturados, bem como outros res\u00edduos que podem ser triturados, e as caracter\u00edsticas dos nossos trituradores para ajud\u00e1-lo a reciclar melhor os pl\u00e1sticos.<\/p>","protected":false},"author":1,"featured_media":2560,"parent":0,"template":"","tags":[578,543,588],"product-type":[561],"class_list":["post-1415","product","type-product","status-publish","has-post-thumbnail","hentry","tag-double-shaft-shredder","tag-industrial-shredder","tag-plastic-shredder-machine","product-type-industrial-shredder"],"_links":{"self":[{"href":"https:\/\/www.baler-machines.com\/pt\/wp-json\/wp\/v2\/product\/1415","targetHints":{"allow":["GET"]}}],"collection":[{"href":"https:\/\/www.baler-machines.com\/pt\/wp-json\/wp\/v2\/product"}],"about":[{"href":"https:\/\/www.baler-machines.com\/pt\/wp-json\/wp\/v2\/types\/product"}],"author":[{"embeddable":true,"href":"https:\/\/www.baler-machines.com\/pt\/wp-json\/wp\/v2\/users\/1"}],"wp:featuredmedia":[{"embeddable":true,"href":"https:\/\/www.baler-machines.com\/pt\/wp-json\/wp\/v2\/media\/2560"}],"wp:attachment":[{"href":"https:\/\/www.baler-machines.com\/pt\/wp-json\/wp\/v2\/media?parent=1415"}],"wp:term":[{"taxonomy":"post_tag","embeddable":true,"href":"https:\/\/www.baler-machines.com\/pt\/wp-json\/wp\/v2\/tags?post=1415"},{"taxonomy":"product-type","embeddable":true,"href":"https:\/\/www.baler-machines.com\/pt\/wp-json\/wp\/v2\/product-type?post=1415"}],"curies":[{"name":"wp","href":"https:\/\/api.w.org\/{rel}","templated":true}]}}