{"id":1305,"date":"2021-12-28T08:30:22","date_gmt":"2021-12-28T08:30:22","guid":{"rendered":"https:\/\/www.baler-machines.com\/?p=1305"},"modified":"2023-01-17T09:51:33","modified_gmt":"2023-01-17T01:51:33","slug":"vertical-baler-machine-for-waste-recycling","status":"publish","type":"product","link":"https:\/\/www.baler-machines.com\/pt\/vertical-baler-machine-for-waste-recycling\/","title":{"rendered":"Enfardadeira vertical hidr\u00e1ulica para diversas prensas de reciclagem de res\u00edduos"},"content":{"rendered":"<p>Esta enfardadeira vertical \u00e9 projetada para enfardar e compactar v\u00e1rias caixas de papel\u00e3o, pl\u00e1sticos e outros materiais. A m\u00e1quina \u00e9 bem projetada e os contentores podem ser projetados para atender ao produto acabado \u00e0s necessidades do cliente. Al\u00e9m disso, \u00e9 uma m\u00e1quina muito pr\u00e1tica que pode ser usada em uma ampla gama de aplica\u00e7\u00f5es, como usinas de reciclagem, agricultores, etc. Al\u00e9m disso, nossa enfardadeira de reciclagem \u00e9 exportada para It\u00e1lia, Iraque, Indon\u00e9sia, Mal\u00e1sia, Arg\u00e9lia, Uzbequist\u00e3o, etc.<\/p>    <p class=\"translation-block\">A Shuliy Machinery \u00e9 muito madura na tecnologia de fabrica\u00e7\u00e3o de m\u00e1quinas recicladoras e pode considerar totalmente os interesses dos clientes. Nossa empresa tamb\u00e9m fornece a <a href=\"https:\/\/www.baler-machines.com\/pt\/horizontal-metal-baler\/\">prensa de sucata met\u00e1lica<\/a> e a <a href=\"https:\/\/www.baler-machines.com\/pt\/automatic-horizontal-baler\/\">prensa horizontal<\/a>.<\/p>    <h2 class=\"wp-block-heading\"><strong>O que \u00e9 uma enfardadeira vertical?<\/strong><\/h2>    <p>Uma enfardadeira vertical\u00a0\u00e9\u00a0um equipamento que comprime e embala res\u00edduos de sacos pl\u00e1sticos, garrafas pl\u00e1sticas, res\u00edduos de papel\u00e3o e outros materiais. Sua embalagem \u00e9 compacta, organizada e bonita, o que pode reduzir bastante os custos de transporte. Os materiais processados \u200b\u200bpela enfardadeira de reciclagem t\u00eam caracter\u00edsticas de alta densidade e f\u00e1cil armazenamento e transporte em formatos regulares. \u00c9 especialmente adequado para grandes lojas de varejo, \u00e1reas produtoras de algod\u00e3o, empresas t\u00eaxteis, hot\u00e9is, f\u00e1bricas de vestu\u00e1rio, esta\u00e7\u00f5es de reciclagem de res\u00edduos e v\u00e1rias outras empresas da ind\u00fastria leve.<\/p>    <figure class=\"wp-block-gallery aligncenter has-nested-images columns-default is-cropped wp-block-gallery-2 is-layout-flex wp-block-gallery-is-layout-flex\"> <figure class=\"wp-block-image size-large\"><img loading=\"lazy\" decoding=\"async\" width=\"720\" height=\"540\" data-id=\"2415\" src=\"https:\/\/www.baler-machines.com\/wp-content\/uploads\/2022\/08\/hydraulic-vertical-baler.webp\" alt=\"enfardadeira vertical hidr\u00e1ulica\" class=\"wp-image-2415\" title=\"\"><figcaption class=\"wp-element-caption\">Enfardadeira Vertical Hidr\u00e1ulica<\/figcaption><\/figure>    <figure class=\"wp-block-image size-large\"><img loading=\"lazy\" decoding=\"async\" width=\"720\" height=\"540\" data-id=\"2416\" src=\"https:\/\/www.baler-machines.com\/wp-content\/uploads\/2022\/08\/recycle-baler-manufacturer.webp\" alt=\"fabricante-de-enfardadeira-de-reciclagem\" class=\"wp-image-2416\" title=\"\"><figcaption class=\"wp-element-caption\">Fabricante de enfardadeira de reciclagem<\/figcaption><\/figure> <\/figure>    <h2 class=\"wp-block-heading\" id=\"h-application-scope-of-hydraulic-vertical-baler\"><strong>Escopo de aplica\u00e7\u00e3o da enfardadeira vertical hidr\u00e1ulica<\/strong><\/h2>    <p>S\u00e3o in\u00fameras as embalagens que s\u00e3o desempacotadas todos os dias nas principais superf\u00edcies comerciais, variam em tamanho e ocupam muito espa\u00e7o. Se n\u00e3o forem manuseados adequadamente, aumentar\u00e3o o custo do descarte de lixo e consumir\u00e3o muita m\u00e3o de obra e espa\u00e7o.<\/p>    <p class=\"translation-block\">A enfardadeira vertical \u00e9 um m\u00e9todo de compress\u00e3o de materiais recicl\u00e1veis em formas regulares, como <a href=\"https:\/\/en.wikipedia.org\/wiki\/Cuboid\" target=\"_blank\" rel=\"noreferrer noopener\">paralelep\u00edpedos<\/a>, cubos, etc., por meio de um sistema hidr\u00e1ulico. O compactador hidr\u00e1ulico \u00e9 adequado para comprimir e embalar papel de sucata, algod\u00e3o, roupas usadas, palha, feno, garrafas pl\u00e1sticas, l\u00e3 e lixo recicl\u00e1vel. Tamb\u00e9m pode ser usado para caixas de sucata, papel\u00e3o de sucata, papel\u00e3o de sucata, pneus, fios, tabaco, tecido, saco tecido, veludo de malha, bola de l\u00e3 e todos os outros materiais soltos.<\/p>    <p>Ap\u00f3s a prensagem, os usu\u00e1rios podem agrupar os materiais com arame de ferro ou fita pl\u00e1stica e retir\u00e1-los para armazenamento, transporte e reciclagem.<\/p>   <div class=\"wp-block-image\"> <figure class=\"aligncenter size-full\"><img loading=\"lazy\" decoding=\"async\" width=\"720\" height=\"540\" src=\"https:\/\/www.baler-machines.com\/wp-content\/uploads\/2021\/12\/raw-materials-and-final-products.jpg\" alt=\"mat\u00e9rias-primas e produtos finais\" class=\"wp-image-1308\" title=\"\"><figcaption class=\"wp-element-caption\">mat\u00e9rias-primas e produtos finais<\/figcaption><\/figure> <\/div>   <h2 class=\"wp-block-heading\" id=\"h-what-industries-are-suitable-to-buy-this-vertical-baler\"><strong>Quais ind\u00fastrias s\u00e3o adequadas para comprar esta enfardadeira vertical?<\/strong><\/h2>    <p>Esta enfardadeira \u00e9 utilizada principalmente em ind\u00fastrias que podem produzir grandes quantidades de res\u00edduos de papel, pl\u00e1stico, papel\u00e3o, latas de alum\u00ednio, algod\u00e3o, etc.<\/p>    <p>Como a ind\u00fastria de embalagens, ind\u00fastria de papel\u00e3o, ind\u00fastria gr\u00e1fica, ind\u00fastria de papel, ind\u00fastria aliment\u00edcia, ind\u00fastria de coleta de lixo, fundi\u00e7\u00f5es, fazendas, organiza\u00e7\u00f5es de reciclagem de roupas, f\u00e1bricas de reciclagem de res\u00edduos, centros de produ\u00e7\u00e3o de papel\u00e3o, supermercados, lojas de departamentos, mercearias e impressoras, reciclagem secund\u00e1ria organiza\u00e7\u00f5es.<\/p>    <p>Porque para eles isso significar\u00e1 menos \u00e1rea de armazenamento de res\u00edduos, simplificar\u00e1 as opera\u00e7\u00f5es gerais de manuseio de res\u00edduos e economizar\u00e1 em custos de transporte e m\u00e3o de obra.<\/p>    <h2 class=\"wp-block-heading\" id=\"h-structure-of-the-heavy-duty-vertical-baler\"><strong>Estrutura da enfardadeira vertical para servi\u00e7o pesado<\/strong><\/h2>    <p>A prensa enfardadeira de sucata \u00e9 composta principalmente de cilindro hidr\u00e1ulico, motor e tanque de \u00f3leo, placa de press\u00e3o, caixa e base, porta superior, porta inferior, trava de porta, suporte de cinta, suporte de ferro, etc.&nbsp;<\/p>    <p>O papel do sistema hidr\u00e1ulico \u00e9 aumentar a for\u00e7a alterando a press\u00e3o. Um sistema hidr\u00e1ulico completo consiste em cinco partes, nomeadamente componentes de pot\u00eancia, componentes executivos, componentes de controle, componentes auxiliares e \u00f3leo hidr\u00e1ulico. Os sistemas hidr\u00e1ulicos podem ser divididos em duas categorias: sistemas de acionamento hidr\u00e1ulico e sistemas de controle hidr\u00e1ulico. A principal fun\u00e7\u00e3o do sistema de transmiss\u00e3o hidr\u00e1ulica \u00e9 transmitir pot\u00eancia e movimento. De um modo geral, o sistema hidr\u00e1ulico refere-se principalmente ao sistema de transmiss\u00e3o hidr\u00e1ulica.<\/p>    <p>A pot\u00eancia de transmiss\u00e3o hidromec\u00e2nica \u00e9 grande e \u00e9 transmitida por tubos finos e mangueiras flex\u00edveis, portanto sua densidade de pot\u00eancia \u00e9 alta. Al\u00e9m disso, o atuador com pot\u00eancia aplic\u00e1vel \u00e9 amplo e flex\u00edvel, e a \u00e1rea de press\u00e3o \u00e9 alterada adequadamente para aumentar a for\u00e7a.<\/p>   <div class=\"wp-block-image\"> <figure class=\"aligncenter size-full\"><img loading=\"lazy\" decoding=\"async\" width=\"720\" height=\"540\" src=\"https:\/\/www.baler-machines.com\/wp-content\/uploads\/2021\/12\/vertical-baling-press-compactor-structure.jpg\" alt=\"estrutura compactadora de prensa enfardadeira vertical\" class=\"wp-image-1311\" title=\"\"><figcaption class=\"wp-element-caption\">estrutura compactadora de prensa enfardadeira vertical<\/figcaption><\/figure> <\/div>   <h2 class=\"wp-block-heading\" id=\"h-advantages-of-vertical-baler-machine-for-sale\"><strong>Vantagens\u00a0da enfardadeira vertical para venda<\/strong><\/h2>    <ol class=\"wp-block-list\" type=\"1\"> <li>Alta press\u00e3o e taxa de compacta\u00e7\u00e3o. A taxa de compacta\u00e7\u00e3o pode chegar a 5:1.<\/li>    <li>Uma grande for\u00e7a motriz, adequada para acionamento direto de carga pesada;<\/li>    <li>Alta precis\u00e3o e resposta r\u00e1pida;<\/li>    <li>Pegada pequena e peso leve;<\/li>    <li>Ampla gama de regula\u00e7\u00e3o de velocidade e v\u00e1rios m\u00e9todos de controle de velocidade;<\/li>    <li>Farpa anti-rebote para manter o efeito de compress\u00e3o.<\/li>    <li>A placa de press\u00e3o retorna automaticamente.<\/li> <\/ol>   <div class=\"wp-block-image\"> <figure class=\"aligncenter size-full\"><img loading=\"lazy\" decoding=\"async\" width=\"720\" height=\"540\" src=\"https:\/\/www.baler-machines.com\/wp-content\/uploads\/2021\/12\/baling-press-machine-working-show.jpg\" alt=\"show de trabalho da m\u00e1quina de enfardamento\" class=\"wp-image-1312\" title=\"\"><figcaption class=\"wp-element-caption\">show de trabalho da m\u00e1quina de enfardamento<\/figcaption><\/figure> <\/div>   <h2 class=\"wp-block-heading\" id=\"h-specification-of-the-vertical-bale-press\"><strong>Especifica\u00e7\u00e3o da prensa de fardos verticais<\/strong><\/h2>    <figure class=\"wp-block-table\"><table><tbody><tr><td>Modelo<\/td><td>Press\u00e3o<\/td><td>Motor<\/td><td>O volume da caixa interna<\/td><td>Tamanho final do produto<\/td><td>Capacidade<\/td><td>Peso<\/td><\/tr><tr><td>SL-HZ-15T<\/td><td>15T<\/td><td>5,5 kW<\/td><td>850*600*1300MM<\/td><td>890*610*500MM<\/td><td>1-1,5T\/H<\/td><td>1T<\/td><\/tr><tr><td>SL-HZ-30T<\/td><td>30T<\/td><td>7,5 kW<\/td><td>800*400*1300MM<\/td><td>890*610*500MM<\/td><td>1,5-2T\/H<\/td><td>1,5T<\/td><\/tr><tr><td>SL-HZ-60T<\/td><td>60T<\/td><td>7,5 kW<\/td><td>900*600*1300MM<\/td><td>900*610*500MM<\/td><td>2-2,5T\/H<\/td><td>2T<\/td><\/tr><tr><td>SL-HZ-80T<\/td><td>80T<\/td><td>7,5 kW<\/td><td>1200*800*1500MM<\/td><td>1200*810*500MM<\/td><td>3-3,5T\/H<\/td><td>3T<\/td><\/tr><tr><td>SL-HZ-100T<\/td><td>100T<\/td><td>15KW<\/td><td>1100*900*1500MM<\/td><td>1100*910*500MM<\/td><td>3,5-4T\/H<\/td><td>3,5T<\/td><\/tr><tr><td>SL-HZ-120T<\/td><td>120T<\/td><td>18,5 kW<\/td><td>1200*100*1500MM<\/td><td>1200*100*500MM<\/td><td>4-5T\/H<\/td><td>4T<\/td><\/tr><\/tbody><\/table><\/figure>    <h2 class=\"wp-block-heading\" id=\"h-how-much-does-a-vertical-baler-cost\"><strong><strong>Quanto custa uma enfardadeira vertical?<\/strong><\/strong><\/h2>    <ol class=\"wp-block-list\"> <li><strong>Sa\u00edda<\/strong>. Como a m\u00e1quina tem muita produ\u00e7\u00e3o, quando voc\u00ea quer mais produ\u00e7\u00e3o, com certeza a m\u00e1quina fica mais cara.<\/li>    <li><strong>Configura\u00e7\u00e3o da m\u00e1quina<\/strong>. A haste hidr\u00e1ulica da nossa m\u00e1quina tem configura\u00e7\u00e3o simples e dupla, o pre\u00e7o certamente \u00e9 diferente.<\/li>    <li><strong>Personaliza\u00e7\u00e3o. <\/strong>Se voc\u00ea deseja customizar uma m\u00e1quina, o pre\u00e7o da m\u00e1quina \u00e9 definitivamente diferente do convencional.<\/li> <\/ol>    <h2 class=\"wp-block-heading\" id=\"h-how-to-make-money-with-industrial-baler\"><strong>Como ganhar dinheiro com enfardadeira industrial?<\/strong><\/h2>    <p>A enfardadeira industrial possui uma enfardadeira vertical e uma enfardadeira horizontal. \u00c9 dividido em enfardadeira totalmente autom\u00e1tica e enfardadeira semiautom\u00e1tica. \u00c9 usado para compactar res\u00edduos e itens reciclados. Ap\u00f3s ser processado pela enfardadeira hidr\u00e1ulica, o espa\u00e7o ocupado pelos res\u00edduos \u00e9 reduzido diretamente em 80% e, ao mesmo tempo, o n\u00famero de transportes e o custo s\u00e3o reduzidos. Os clientes que desejam investir em uma enfardadeira podem primeiro investir em uma prensa enfardadeira vertical, que ocupa pouco espa\u00e7o e \u00e9 muito adequada para uso em espa\u00e7os pequenos.<\/p>   <div class=\"wp-block-image\"> <figure class=\"aligncenter size-full\"><img loading=\"lazy\" decoding=\"async\" width=\"720\" height=\"540\" src=\"https:\/\/www.baler-machines.com\/wp-content\/uploads\/2021\/12\/vertical-baler-machines.jpg\" alt=\"enfardadeiras verticais\" class=\"wp-image-1309\" title=\"\"><figcaption class=\"wp-element-caption\">enfardadeiras verticais<\/figcaption><\/figure> <\/div>   <h2 class=\"wp-block-heading\" id=\"h-company-advantages-of-buying-this-hydraulic-baler-machine\"><strong>Vantagens da empresa em comprar esta enfardadeira hidr\u00e1ulica<\/strong><\/h2>    <ol class=\"wp-block-list\"> <li><a href=\"https:\/\/www.baler-machines.com\/pt\/\" target=\"_blank\" rel=\"noreferrer noopener\">M\u00e1quinas Shuliy<\/a> tem uma equipe de pesquisa jovem, inovadora e de alta qualidade. Nossa equipe projetar\u00e1 os produtos mais adequados de acordo com a demanda dos clientes no mercado.<\/li>    <li>Nossas enfardadeiras t\u00eam alta cobertura de mercado, n\u00e3o apenas populares na China, mas tamb\u00e9m exportadas para Europa, Sudeste Asi\u00e1tico, Am\u00e9rica e outros pa\u00edses e regi\u00f5es.<\/li>    <li>Temos uma equipe de vendas profissional e tamb\u00e9m oferecemos servi\u00e7o p\u00f3s-venda. O conhecimento profissional \u00e9 fundamental e, ap\u00f3s a venda da m\u00e1quina, nosso pessoal tamb\u00e9m prestar\u00e1 aos nossos clientes um atendimento atencioso 24 horas por dia, caso necessitem.<\/li> <\/ol>    <h2 class=\"wp-block-heading\"><strong>Como embalar a enfardadeira vertical?<\/strong><\/h2>    <div class=\"wp-block-media-text alignwide is-stacked-on-mobile\"><figure class=\"wp-block-media-text__media\"><img loading=\"lazy\" decoding=\"async\" width=\"540\" height=\"720\" src=\"https:\/\/www.baler-machines.com\/wp-content\/uploads\/2022\/08\/packing-and-shipping-for-vertical-baler.webp\" alt=\"embalagem e envio para enfardadeira vertical\" class=\"wp-image-2425 size-full\" title=\"\"><\/figure><div class=\"wp-block-media-text__content\"> <p>Durante o transporte da prensa enfardadeira hidr\u00e1ulica de sucata (geralmente por mar), ela pode esbarrar nas condi\u00e7\u00f5es clim\u00e1ticas, como ventos fortes e ondas. <\/p>    <p>Portanto, para proteger a seguran\u00e7a dos bens de nossos clientes, forneceremos servi\u00e7os de embalagem profissionais, ecologicamente corretos, convenientes e eficientes. <\/p>    <p>As m\u00e1quinas ser\u00e3o embaladas com caixas e suportes de madeira, \u00e0 prova de umidade e de colis\u00e3o.<\/p> <\/div><\/div>    <h2 class=\"wp-block-heading\"><strong>Quais s\u00e3o os servi\u00e7os prestados?<\/strong><\/h2>    <ul class=\"wp-block-list\"> <li>Garantia de um ano e manuten\u00e7\u00e3o vital\u00edcia.<\/li>    <li>Pe\u00e7as sobressalentes: um conjunto de pe\u00e7as sobressalentes, caixa de ferramentas e manual de opera\u00e7\u00e3o ser\u00e3o fornecidos gratuitamente.<\/li>    <li>Se houver algum problema, voc\u00ea pode nos ligar diretamente.<\/li>    <li>Sobre o servi\u00e7o p\u00f3s-venda, voc\u00ea pode entrar em contato conosco a qualquer momento se tiver algum problema p\u00f3s-venda.<\/li> <\/ul>    <h2 class=\"wp-block-heading\" id=\"h-conclusion\"><strong>Conclus\u00e3o<\/strong><\/h2>    <p>A enfardadeira vertical produzida por nossa empresa possui especifica\u00e7\u00f5es completas e o volume da embalagem do produto pode ser ajustado. Os produtos que produzimos s\u00e3o rigorosamente testados e com pre\u00e7os razo\u00e1veis. Se voc\u00ea estiver interessado em nossa prensa enfardadeira vertical, poder\u00e1 obter servi\u00e7os de consultoria gratuitos. Voc\u00ea pode entrar em contato conosco a tempo de fornecer pre\u00e7os preferenciais.<\/p>    <p>As enfardadeiras verticais que produzimos economizam espa\u00e7o, s\u00e3o f\u00e1ceis de usar, s\u00e3o dur\u00e1veis \u200b\u200be atendem \u00e0s necessidades de muitos clientes. Temos muitos anos de experi\u00eancia na produ\u00e7\u00e3o de equipamentos de reciclagem e atribu\u00edmos grande import\u00e2ncia \u00e0s necessidades do cliente. Tamb\u00e9m fornecemos manuten\u00e7\u00e3o p\u00f3s-venda garantida, treinamento t\u00e9cnico e instru\u00e7\u00f5es detalhadas de opera\u00e7\u00e3o do produto. Esperamos cooperar com voc\u00ea e esperamos receber uma resposta o mais r\u00e1pido poss\u00edvel.<\/p>","protected":false},"excerpt":{"rendered":"<p>O prensa vertical \u00e9 um equipamento que comprime e embala sacos pl\u00e1sticos, garrafas pl\u00e1sticas, papel\u00e3o recicl\u00e1vel e outros materiais. Seu pacote \u00e9 compacto, organizado e bonito, o que pode reduzir significativamente os custos de transporte.<\/p>","protected":false},"author":1,"featured_media":2428,"parent":0,"template":"","tags":[537,572,570,11,571],"product-type":[563],"class_list":["post-1305","product","type-product","status-publish","has-post-thumbnail","hentry","tag-hydraulic-baler","tag-hydraulic-baler-machine","tag-hydraulic-baling-press","tag-vertical-baler","tag-vertical-baler-machine","product-type-baler-machine"],"_links":{"self":[{"href":"https:\/\/www.baler-machines.com\/pt\/wp-json\/wp\/v2\/product\/1305","targetHints":{"allow":["GET"]}}],"collection":[{"href":"https:\/\/www.baler-machines.com\/pt\/wp-json\/wp\/v2\/product"}],"about":[{"href":"https:\/\/www.baler-machines.com\/pt\/wp-json\/wp\/v2\/types\/product"}],"author":[{"embeddable":true,"href":"https:\/\/www.baler-machines.com\/pt\/wp-json\/wp\/v2\/users\/1"}],"wp:featuredmedia":[{"embeddable":true,"href":"https:\/\/www.baler-machines.com\/pt\/wp-json\/wp\/v2\/media\/2428"}],"wp:attachment":[{"href":"https:\/\/www.baler-machines.com\/pt\/wp-json\/wp\/v2\/media?parent=1305"}],"wp:term":[{"taxonomy":"post_tag","embeddable":true,"href":"https:\/\/www.baler-machines.com\/pt\/wp-json\/wp\/v2\/tags?post=1305"},{"taxonomy":"product-type","embeddable":true,"href":"https:\/\/www.baler-machines.com\/pt\/wp-json\/wp\/v2\/product-type?post=1305"}],"curies":[{"name":"wp","href":"https:\/\/api.w.org\/{rel}","templated":true}]}}