{"id":1279,"date":"2021-12-28T05:56:30","date_gmt":"2021-12-28T05:56:30","guid":{"rendered":"https:\/\/www.baler-machines.com\/?p=1279"},"modified":"2022-09-28T11:02:12","modified_gmt":"2022-09-28T03:02:12","slug":"horizontal-waste-paper-baling-machine","status":"publish","type":"product","link":"https:\/\/www.baler-machines.com\/pt\/horizontal-waste-paper-baling-machine\/","title":{"rendered":"M\u00e1quina enfardadeira de res\u00edduos de papel | Reciclar enfardadeira"},"content":{"rendered":"<p>A\u00a0m\u00e1quina enfardadeira de res\u00edduos de papel\u00a0comprime todos os tipos de papel recicl\u00e1vel de um estado confuso e solto para um estado regular e compacto. A enfardadeira de reciclagem pode economizar custos de armazenamento e transporte na reciclagem de lixo para empresas, incluindo caixas de papel\u00e3o, jornais, res\u00edduos de papel de embalagens industriais, etc., o que conduz \u00e0 reciclagem de recursos residuais.\u00a0<\/p>    <p class=\"translation-block\">A m\u00e1quina enfardadeira horizontal de papel, tamb\u00e9m conhecida como <a href=\"https:\/\/www.baler-machines.com\/pt\/automatic-horizontal-baler\/\">m\u00e1quina de enfardar horizontal<\/a>, tem as caracter\u00edsticas de m\u00faltiplas fun\u00e7\u00f5es, grande produ\u00e7\u00e3o, alta efici\u00eancia e seguran\u00e7a. Se estiver interessado, seja bem-vindo a entrar em contato <\/p>    <h2 class=\"wp-block-heading\" id=\"h-why-do-you-need-a-waste-paper-baling-machine\">Por que voc\u00ea precisa de uma enfardadeira de res\u00edduos de papel?<\/h2>    <p class=\"translation-block\">O crescimento das compras aumentou muito a oferta e a demanda por bens. Isso causa dor de cabe\u00e7a para grandes empresas em rela\u00e7\u00e3o a algumas quest\u00f5es de manuseio de materiais de pequeno e grande porte, como espuma de papel\u00e3o e caixas antigas. Ao mesmo tempo, alguns empres\u00e1rios envolvidos em <a href=\"https:\/\/en.wikipedia.org\/wiki\/Recycling\" target=\"_blank\" rel=\"noreferrer noopener\">reciclagem<\/a> de res\u00edduos viram oportunidades. <\/p>    <h3 class=\"wp-block-heading\"><strong>V\u00e1rios problemas importantes causados \u200b\u200bpor res\u00edduos<\/strong><\/h3>    <ol class=\"wp-block-list\" type=\"1\"><li>Res\u00edduos de papel ocupam um grande espa\u00e7o<\/li><li>O manuseio\u00a0de caixas empilhadas ou garrafas pl\u00e1sticas\u00a0\u00e9 trabalhoso e demorado<\/li><li>Taxas caras de elimina\u00e7\u00e3o de res\u00edduos<\/li><\/ol>    <h3 class=\"wp-block-heading\"><strong>Benef\u00edcios de usar a enfardadeira de papel\u00e3o para venda<\/strong><\/h3>    <p>No entanto, os res\u00edduos de papel podem trazer benef\u00edcios se reciclados. Os res\u00edduos de papel compactados economizam espa\u00e7o e s\u00e3o convenientes para transporte para processamento. Os res\u00edduos de papel podem ser usados \u200b\u200bpara produzir produtos de papel reciclado. De acordo com as diferentes composi\u00e7\u00f5es de fibras, a reciclagem correspondente de acordo com o tipo de papel pode dar plena import\u00e2ncia ao valor do recurso. Al\u00e9m da produ\u00e7\u00e3o de papel reciclado, os res\u00edduos de papel t\u00eam outros usos extensivos de reciclagem. Portanto, a enfardadeira de res\u00edduos de papel desempenha um papel na ind\u00fastria de reciclagem.<\/p>   <div class=\"wp-block-image\"> <figure class=\"aligncenter size-full\"><img loading=\"lazy\" decoding=\"async\" width=\"720\" height=\"540\" src=\"https:\/\/www.baler-machines.com\/wp-content\/uploads\/2021\/12\/waste-paper-baler-machine-1.jpg\" alt=\"m\u00e1quina enfardadeira de res\u00edduos de papel 1\" class=\"wp-image-1288\" title=\"\"><figcaption>m\u00e1quina enfardadeira de res\u00edduos de papel <\/figcaption><\/figure> <\/div>   <h2 class=\"wp-block-heading\"><strong>Quais s\u00e3o as aplica\u00e7\u00f5es da enfardadeira de reciclagem?<\/strong><\/h2>    <p>Esta enfardadeira totalmente autom\u00e1tica pode enfardar n\u00e3o apenas papel usado, mas tamb\u00e9m caixas de papel\u00e3o usadas, pneus, latas de alum\u00ednio, etc. Se voc\u00ea deseja comprar uma m\u00e1quina enfardadeira de papel usado agora e n\u00e3o sabe se o seu material pode ser enfardado, entre em contato conosco rapidamente. Nossa equipe de vendas lhe dar\u00e1 uma resposta detalhada de acordo com suas demandas.<\/p>   <div class=\"wp-block-image\"> <figure class=\"aligncenter size-full\"><img loading=\"lazy\" decoding=\"async\" width=\"540\" height=\"540\" src=\"https:\/\/www.baler-machines.com\/wp-content\/uploads\/2022\/08\/waste-paper-baling-machine-applications.webp\" alt=\"aplica\u00e7\u00f5es de m\u00e1quinas de enfardamento de res\u00edduos de papel\" class=\"wp-image-2625\" title=\"\"><figcaption>aplica\u00e7\u00f5es de m\u00e1quinas de enfardamento de res\u00edduos de papel<\/figcaption><\/figure> <\/div>   <h2 class=\"wp-block-heading\" id=\"h-advantages-of-the-fully-automatic-recycle-baler\"><strong>Vantagens da enfardadeira de reciclagem totalmente autom\u00e1tica <\/strong><\/h2>    <ol class=\"wp-block-list\"><li>A prensa enfardadeira de res\u00edduos de papel adota press\u00e3o hidr\u00e1ulica de at\u00e9 10 toneladas ou mais para compactar os materiais.<\/li><li>A enfardadeira hidr\u00e1ulica de pl\u00e1stico pode ser equipada com um transportador e uma m\u00e1quina rosqueadora para atingir um alto grau de automa\u00e7\u00e3o.<\/li><li>Opera\u00e7\u00e3o f\u00e1cil. Com uma enfardadeira de res\u00edduos de papel, basta jogar os res\u00edduos de papel na porta de alimenta\u00e7\u00e3o at\u00e9 que esteja cheio e, em seguida, comprimi-los com a m\u00e1quina para obter um pacote de fardos de papel normais.<\/li><li>Comparado com o volume original do material, o espa\u00e7o ocupado \u00e9 reduzido em 80%.<\/li><li>Amplas aplica\u00e7\u00f5es. A enfardadeira de res\u00edduos de papel pode ser utilizada para diversas finalidades, sendo capaz de manusear muitos outros materiais do dia a dia, como pneus, garrafas pl\u00e1sticas, feno, forragem, algod\u00e3o, l\u00e3, serragem, roupas e sacos de tecido.<\/li><\/ol>    <figure class=\"wp-block-gallery aligncenter has-nested-images columns-default is-cropped wp-block-gallery-2 is-layout-flex wp-block-gallery-is-layout-flex\"> <figure class=\"wp-block-image size-large\"><img loading=\"lazy\" decoding=\"async\" width=\"540\" height=\"540\" data-id=\"2630\" src=\"https:\/\/www.baler-machines.com\/wp-content\/uploads\/2022\/08\/hydraulic-push-pod-for-the-recycle-baler.webp\" alt=\"pod-com-empurr\u00e3o-hidr\u00e1ulico-para-a-enfardadeira-de-reciclagem\" class=\"wp-image-2630\" title=\"\"><figcaption>Pod hidr\u00e1ulico para enfardadeira de reciclagem<\/figcaption><\/figure>    <figure class=\"wp-block-image size-large\"><img loading=\"lazy\" decoding=\"async\" width=\"540\" height=\"540\" data-id=\"2629\" src=\"https:\/\/www.baler-machines.com\/wp-content\/uploads\/2022\/08\/paper-baler-manufacturer.webp\" alt=\"fabricante de enfardadeira de papel\" class=\"wp-image-2629\" title=\"\"><figcaption>Fabricante de enfardadeira de papel<\/figcaption><\/figure> <\/figure>    <h2 class=\"wp-block-heading\" id=\"h-working-principle-of-automatic-paper-baler\"><strong>Princ\u00edpio de funcionamento da enfardadeira autom\u00e1tica de papel<\/strong><\/h2>    <p>Esta enfardadeira de res\u00edduos de papel usa um cilindro hidr\u00e1ulico para comprimir materiais. <\/p>    <p>Durante a opera\u00e7\u00e3o, a rota\u00e7\u00e3o do motor aciona a bomba de \u00f3leo para funcionar, e o tubo de \u00f3leo hidr\u00e1ulico do tanque de \u00f3leo \u00e9 transportado e transmitido para cada cilindro hidr\u00e1ulico. Acione a haste do cilindro de \u00f3leo para se mover lateralmente e, em seguida, comprima todos os tipos de papel\u00e3o na caixa de sucata. Ap\u00f3s o processo de rosqueamento, os res\u00edduos de papel ou papel\u00e3o s\u00e3o expelidos atrav\u00e9s do cilindro de compress\u00e3o.<\/p>   <div class=\"wp-block-image\"> <figure class=\"aligncenter size-full\"><img loading=\"lazy\" decoding=\"async\" width=\"720\" height=\"540\" src=\"https:\/\/www.baler-machines.com\/wp-content\/uploads\/2021\/12\/waste-paper-baling-machine-2.jpg\" alt=\"m\u00e1quina-enfardadeira-de-papel-usado-2\" class=\"wp-image-1300\" title=\"\"><figcaption>cena de trabalho da m\u00e1quina de enfardamento de res\u00edduos de papel<\/figcaption><\/figure> <\/div>   <p>Para mais detalhes da m\u00e1quina, informe-nos sobre seus requisitos espec\u00edficos.<\/p>    <h2 class=\"wp-block-heading\" id=\"h-technical-parameters-of-the-waste-paper-baling-machine\"><strong>Par\u00e2metros t\u00e9cnicos da enfardadeira de res\u00edduos de papel<\/strong><\/h2>    <figure class=\"wp-block-table\"><table><tbody><tr><td>Modelo<\/td><td>SL13-20<\/td><td>SL10-14<\/td><\/tr><tr><td>Tamanho do fardo<br>(C\u00d7L\u00d7A)<\/td><td>1600\u00d71100\u00d71250mm<br>O comprimento \u00e9 ajust\u00e1vel<\/td><td>1600\u00d71100\u00d7850mm<br>O comprimento \u00e9 ajust\u00e1vel<\/td><\/tr><tr><td>Cilindro<\/td><td>\u03a6280<\/td><td>\u03a6250<\/td><\/tr><tr><td>For\u00e7a de press\u00e3o<\/td><td>1200KN<\/td><td>1000KN<\/td><\/tr><tr><td>Tempo de ciclo<\/td><td>24s<\/td><td>24s<\/td><\/tr><tr><td>Densidade<\/td><td>450-500kg\/m\u00b3<\/td><td>500-550kg\/m\u00b3<\/td><\/tr><tr><td>Peso do fardo<\/td><td>900-1000kg\/fardo<\/td><td>750\u00b150kg\/fardo<\/td><\/tr><tr><td>Capacidade<\/td><td>13-20t\/h<\/td><td>10-14t\/h<\/td><\/tr><tr><td>Abertura de alimenta\u00e7\u00e3o<\/td><td>2000\u00d71100mm<\/td><td>2000\u00d71100mm<\/td><\/tr><tr><td>Arame<\/td><td>5 linhas<\/td><td>4 linhas<\/td><\/tr><tr><td>Poder<\/td><td>45\u00d72 conjuntos+5,5+7,5kW<\/td><td>37\u00d72 conjuntos+5,5+7,5kW<br><\/td><\/tr><tr><td>Peso da m\u00e1quina<\/td><td>28T<\/td><td>25T<\/td><\/tr><tr><td>Materiais<\/td><td>Res\u00edduos de papel, papel\u00e3o, jornal, revista, tecido, pl\u00e1stico, etc.<br>&nbsp;<\/td><td>Res\u00edduos de papel, papel\u00e3o, jornal, revista, tecido, pl\u00e1stico, etc.<\/td><\/tr><\/tbody><\/table><\/figure>","protected":false},"excerpt":{"rendered":"<p>A m\u00e1quina de prensagem de papel recicl\u00e1vel serve para comprimir todos os tipos de papel recicl\u00e1vel de um estado bagun\u00e7ado e solto para um estado regular e compacto. A prensa de papel recicl\u00e1vel pode economizar os custos de armazenamento e transporte na reciclagem de lixo para as empresas, incluindo caixas de papel\u00e3o, jornais velhos, papel de embalagem industrial usado, etc., o que \u00e9 ben\u00e9fico para a reciclagem de recursos descartados.\u00a0<\/p>","protected":false},"author":1,"featured_media":2639,"parent":0,"template":"","tags":[539,593,574,573,592],"product-type":[563],"class_list":["post-1279","product","type-product","status-publish","has-post-thumbnail","hentry","tag-horizontal-baler","tag-paper-baler","tag-recycle-baler","tag-recycling-baler","tag-waste-paper-baling-machine","product-type-baler-machine"],"_links":{"self":[{"href":"https:\/\/www.baler-machines.com\/pt\/wp-json\/wp\/v2\/product\/1279","targetHints":{"allow":["GET"]}}],"collection":[{"href":"https:\/\/www.baler-machines.com\/pt\/wp-json\/wp\/v2\/product"}],"about":[{"href":"https:\/\/www.baler-machines.com\/pt\/wp-json\/wp\/v2\/types\/product"}],"author":[{"embeddable":true,"href":"https:\/\/www.baler-machines.com\/pt\/wp-json\/wp\/v2\/users\/1"}],"wp:featuredmedia":[{"embeddable":true,"href":"https:\/\/www.baler-machines.com\/pt\/wp-json\/wp\/v2\/media\/2639"}],"wp:attachment":[{"href":"https:\/\/www.baler-machines.com\/pt\/wp-json\/wp\/v2\/media?parent=1279"}],"wp:term":[{"taxonomy":"post_tag","embeddable":true,"href":"https:\/\/www.baler-machines.com\/pt\/wp-json\/wp\/v2\/tags?post=1279"},{"taxonomy":"product-type","embeddable":true,"href":"https:\/\/www.baler-machines.com\/pt\/wp-json\/wp\/v2\/product-type?post=1279"}],"curies":[{"name":"wp","href":"https:\/\/api.w.org\/{rel}","templated":true}]}}