{"id":1089,"date":"2021-12-03T03:16:02","date_gmt":"2021-12-03T03:16:02","guid":{"rendered":"https:\/\/www.baler-machines.com\/?p=1089"},"modified":"2024-07-19T09:07:37","modified_gmt":"2024-07-19T01:07:37","slug":"metal-shear-machine","status":"publish","type":"product","link":"https:\/\/www.baler-machines.com\/pt\/metal-shear-machine\/","title":{"rendered":"M\u00e1quina de cisalhamento de metal para corte de sucata"},"content":{"rendered":"<p class=\"translation-block\">A <strong>m\u00e1quina de cisalhamento de metal<\/strong> Shuliy, tamb\u00e9m conhecida como \u201cm\u00e1quina de cisalhamento cabe\u00e7a de tigre\u201d, serve para cortar sucata de metal, como materiais de a\u00e7o leve, tubos de cobre, chapas de ferro, etc., nos tamanhos necess\u00e1rios. Ela pode cortar res\u00edduos de metal 5-8 vezes por minuto, o que \u00e9 ajust\u00e1vel. <\/p>    <p>Nossa m\u00e1quina hidr\u00e1ulica de corte de metal tem larguras de trabalho de 1m e 1,2m (o tamanho da abertura da l\u00e2mina). Tamb\u00e9m podemos personaliz\u00e1-lo para atender \u00e0s suas demandas. <\/p>    <p>Esta m\u00e1quina possui duas l\u00e2minas, uma para prensar res\u00edduos de metal e outra para cortar sucata. Para um corte conveniente de metal, o alimentador de corrente \u00e9 opcional. <\/p>    <figure class=\"wp-block-gallery aligncenter has-nested-images columns-default is-cropped wp-block-gallery-2 is-layout-flex wp-block-gallery-is-layout-flex\"> <figure class=\"wp-block-image size-full\"><img loading=\"lazy\" decoding=\"async\" width=\"540\" height=\"540\" data-id=\"1114\" src=\"https:\/\/www.baler-machines.com\/wp-content\/uploads\/2021\/12\/Scrap-metal-shearing-machine.jpg\" alt=\"M\u00e1quina de corte de sucata\" class=\"wp-image-1114\" title=\"\" srcset=\"https:\/\/www.baler-machines.com\/wp-content\/uploads\/2021\/12\/Scrap-metal-shearing-machine.jpg 540w, https:\/\/www.baler-machines.com\/wp-content\/uploads\/2021\/12\/Scrap-metal-shearing-machine-120x120.jpg 120w\" sizes=\"auto, (max-width: 540px) 100vw, 540px\" \/><figcaption class=\"wp-element-caption\">M\u00e1quina de corte de sucata<\/figcaption><\/figure>    <figure class=\"wp-block-image size-full\"><img loading=\"lazy\" decoding=\"async\" width=\"540\" height=\"540\" data-id=\"1113\" src=\"https:\/\/www.baler-machines.com\/wp-content\/uploads\/2021\/12\/Sheet-metal-shearing-machine.jpg\" alt=\"M\u00e1quina de corte de chapa met\u00e1lica\" class=\"wp-image-1113\" title=\"\" srcset=\"https:\/\/www.baler-machines.com\/wp-content\/uploads\/2021\/12\/Sheet-metal-shearing-machine.jpg 540w, https:\/\/www.baler-machines.com\/wp-content\/uploads\/2021\/12\/Sheet-metal-shearing-machine-120x120.jpg 120w\" sizes=\"auto, (max-width: 540px) 100vw, 540px\" \/><figcaption class=\"wp-element-caption\">M\u00e1quina de corte de chapa met\u00e1lica<\/figcaption><\/figure>    <figure class=\"wp-block-image size-full\"><img loading=\"lazy\" decoding=\"async\" width=\"540\" height=\"540\" data-id=\"1112\" src=\"https:\/\/www.baler-machines.com\/wp-content\/uploads\/2021\/12\/Metal-shearing-machine.jpg\" alt=\"M\u00e1quina de corte de metal\" class=\"wp-image-1112\" title=\"\" srcset=\"https:\/\/www.baler-machines.com\/wp-content\/uploads\/2021\/12\/Metal-shearing-machine.jpg 540w, https:\/\/www.baler-machines.com\/wp-content\/uploads\/2021\/12\/Metal-shearing-machine-120x120.jpg 120w\" sizes=\"auto, (max-width: 540px) 100vw, 540px\" \/><figcaption class=\"wp-element-caption\">M\u00e1quina de corte de metal<\/figcaption><\/figure> <\/figure>    <p>Nossa m\u00e1quina de corte hidr\u00e1ulica de metal \u00e9 muito popular devido \u00e0s suas poderosas aplica\u00e7\u00f5es de corte, opera\u00e7\u00e3o simples e segura, corte cont\u00ednuo e alta efici\u00eancia de produ\u00e7\u00e3o.<\/p>    <p>Se voc\u00ea est\u00e1 procurando uma solu\u00e7\u00e3o para sucata como tubos de a\u00e7o, esta tesoura para corte de metal \u00e9 a escolha ideal.<\/p>    <figure class=\"wp-block-embed is-type-video is-provider-youtube wp-block-embed-youtube wp-embed-aspect-16-9 wp-has-aspect-ratio\"><div class=\"wp-block-embed__wrapper\"> <iframe loading=\"lazy\" title=\"M\u00e1quina de corte de metal eficiente mostrando corte de alum\u00ednio, chapa de ferro e tubo de cobre! Tesoura de sucata\" width=\"500\" height=\"281\" src=\"https:\/\/www.youtube.com\/embed\/1-DmsYuy4vM?feature=oembed\" frameborder=\"0\" allow=\"accelerometer; autoplay; clipboard-write; encrypted-media; gyroscope; picture-in-picture; web-share\" referrerpolicy=\"strict-origin-when-cross-origin\" allowfullscreen><\/iframe> <\/div><figcaption class=\"wp-element-caption\">v\u00eddeo de tesoura hidr\u00e1ulica de metal para corte de res\u00edduos<\/figcaption><\/figure>    <h2 class=\"wp-block-heading\"><strong>Sucata a ser cortada e aplica\u00e7\u00f5es de m\u00e1quina de corte de metal<\/strong><\/h2>    <p>Nossa m\u00e1quina de corte de metal pode cortar v\u00e1rias sucatas de metal, tais como:<\/p>    <p class=\"translation-block\"><strong>A\u00e7o redondo, a\u00e7o quadrado, a\u00e7o em canal, a\u00e7o em \u00e2ngulo, viga, chapa, tubo de a\u00e7o, chapa de a\u00e7o, I-beam,<\/strong> <strong>bolotas de alum\u00ednio, placas de ferro, tubos de cobre,<\/strong> etc.<\/p>   <div class=\"wp-block-image\"> <figure class=\"aligncenter size-full\"><img loading=\"lazy\" decoding=\"async\" width=\"720\" height=\"540\" src=\"https:\/\/www.baler-machines.com\/wp-content\/uploads\/2021\/12\/applications-of-metal-shearing-machine.webp\" alt=\"aplica\u00e7\u00f5es de m\u00e1quina de corte de metal\" class=\"wp-image-3681\" title=\"\" srcset=\"https:\/\/www.baler-machines.com\/wp-content\/uploads\/2021\/12\/applications-of-metal-shearing-machine.webp 720w, https:\/\/www.baler-machines.com\/wp-content\/uploads\/2021\/12\/applications-of-metal-shearing-machine-16x12.webp 16w\" sizes=\"auto, (max-width: 720px) 100vw, 720px\" \/><figcaption class=\"wp-element-caption\">aplica\u00e7\u00f5es de m\u00e1quina de corte de metal<\/figcaption><\/figure> <\/div>   <p>Depois de saber qual metal pode ser cortado com a tesoura hidr\u00e1ulica para metal com cabe\u00e7a de tigre, quais locais ou ind\u00fastrias a utilizam?<\/p>    <p>Este tipo de m\u00e1quina de corte de metal \u00e9 amplamente utilizada em:<\/p>    <ul class=\"wp-block-list\"> <li>Esta\u00e7\u00f5es de reciclagem e processamento de sucata<\/li>    <li>Usinas de ferro e a\u00e7o<\/li>    <li>Ind\u00fastria metal\u00fargica<\/li>    <li>Centros de reciclagem de sucata em grande escala<\/li> <\/ul>    <h2 class=\"wp-block-heading\"><strong>Vantagens da m\u00e1quina de corte hidr\u00e1ulica de metal<\/strong><\/h2>    <ul class=\"wp-block-list\"> <li><strong>Corte de res\u00edduos de metal com uma velocidade de 5 a 8 vezes por minuto (ajust\u00e1vel)<\/strong>. Nossa m\u00e1quina de corte de metal pode cortar res\u00edduos de metal de 5 a 8 vezes em um minuto, o que \u00e9 eficiente. E voc\u00ea pode ajustar os tempos de corte. <\/li>    <li><strong>Corte de chapa de a\u00e7o, tubo de a\u00e7o, sucata de ferro, sucata de a\u00e7o, alum\u00ednio, etc.<\/strong>. A m\u00e1quina cortadora de chapa Shuliy \u00e9 capaz de cortar v\u00e1rios materiais met\u00e1licos. Possui uma ampla gama de aplica\u00e7\u00f5es. <\/li>    <li><strong>Corte cont\u00ednuo com alimentador de corrente<\/strong>. Para um corte conveniente e ininterrupto, nossas tesouras podem adicionar o transportador de placas de corrente, mais conveniente e r\u00e1pido.<\/li>    <li><strong>Opera\u00e7\u00e3o f\u00e1cil<\/strong>. A m\u00e1quina de corte de sucata \u00e9 razoavelmente projetada. Os trabalhadores podem dominar o uso do equipamento ap\u00f3s um curto per\u00edodo de treinamento.<\/li> <\/ul>   <div class=\"wp-block-image\"> <figure class=\"aligncenter size-full\"><img loading=\"lazy\" decoding=\"async\" width=\"720\" height=\"540\" src=\"https:\/\/www.baler-machines.com\/wp-content\/uploads\/2019\/12\/scrap-metal-shearing-machine-for-sale.jpg\" alt=\"m\u00e1quina de corte de sucata para venda\" class=\"wp-image-698\" title=\"\"><figcaption class=\"wp-element-caption\">m\u00e1quina de corte de sucata para venda<\/figcaption><\/figure> <\/div>   <h2 class=\"wp-block-heading\"><strong>Par\u00e2metros t\u00e9cnicos de cisalhamento de chapa met\u00e1lica<\/strong> <strong>m\u00e1quina<\/strong><\/h2>    <figure class=\"wp-block-table\"><table class=\"has-fixed-layout\"><tbody><tr><td>Modelo<\/td><td>SL-250<\/td><td>SL-300<\/td><\/tr><tr><td>M\u00e1x. for\u00e7a de cisalhamento<\/td><td>2500KN<\/td><td>2500KN<\/td><\/tr><tr><td>Curso do cilindro de cisalhamento<\/td><td>450mm<\/td><td>\/<\/td><\/tr><tr><td>M\u00e1x. for\u00e7a de imprensa<\/td><td>2500KN<\/td><td>2500KN<\/td><\/tr><tr><td>Curso do cilindro de press\u00e3o<\/td><td>450mm<\/td><td>\/<\/td><\/tr><tr><td>Altura da mesa de trabalho<\/td><td>800mm<\/td><td>800mm<\/td><\/tr><tr><td>Capacidade<\/td><td>5-8 vezes por minuto (ajust\u00e1vel)<\/td><td>5-8 vezes por minuto (ajust\u00e1vel)<\/td><\/tr><tr><td>Comprimento de trabalho da faca de corte<\/td><td>1000 mm<\/td><td>1000 mm<\/td><\/tr><tr><td>M\u00e1x. abertura da l\u00e2mina correspondente<\/td><td>550mm<\/td><td>\/<\/td><\/tr><tr><td>Bomba hidr\u00e1ulica<\/td><td>80 anos<\/td><td>\/<\/td><\/tr><tr><td>Pot\u00eancia do motor<\/td><td>22 kW<\/td><td>22 kW<\/td><\/tr><tr><td>Dimens\u00e3o da m\u00e1quina principal<\/td><td>2000*1200*1800mm<\/td><td>2000*1200*2100mm<\/td><\/tr><tr><td>Tamanho da esta\u00e7\u00e3o hidr\u00e1ulica<\/td><td>1600*1200*1400mm<\/td><td>\/<\/td><\/tr><\/tbody><\/table><figcaption class=\"wp-element-caption\">especifica\u00e7\u00f5es de tesouras hidr\u00e1ulicas de metal<\/figcaption><\/figure>    <p>Os par\u00e2metros acima s\u00e3o para sua refer\u00eancia ao escolher uma m\u00e1quina de corte de metal. <\/p>    <p>Informe-nos o tipo de material, espessura, etc., e nosso gerente de vendas recomendar\u00e1 o modelo certo para voc\u00ea.<\/p>    <h2 class=\"wp-block-heading\"><strong>Estrutura da m\u00e1quina de corte de sucata<\/strong><\/h2>    <p>A m\u00e1quina de cisalhamento para sucata cont\u00e9m principalmente o cilindro de \u00f3leo de corte, faca de corte, faca de prensagem de bloco deslizante, assento inferior da faca, cilindro de \u00f3leo de prensagem, etc.<\/p>    <p>A unidade principal e o cilindro hidr\u00e1ulico s\u00e3o separados, garantindo seguran\u00e7a durante o uso.<\/p>   <div class=\"wp-block-image\"> <figure class=\"aligncenter size-full\"><img loading=\"lazy\" decoding=\"async\" width=\"720\" height=\"540\" src=\"https:\/\/www.baler-machines.com\/wp-content\/uploads\/2022\/08\/structure-of-the-metal-shear-machine.webp\" alt=\"\" class=\"wp-image-2545\" title=\"\"><figcaption class=\"wp-element-caption\">estrutura da m\u00e1quina de cisalhamento de metal<\/figcaption><\/figure> <\/div>   <h2 class=\"wp-block-heading\"><strong>Princ\u00edpio de funcionamento da m\u00e1quina de corte de metal<\/strong><\/h2>    <p>O princ\u00edpio de funcionamento da m\u00e1quina de cisalhamento de metal com cabe\u00e7a de tigre \u00e9 usar o sistema hidr\u00e1ulico para acionar a cabe\u00e7a de corte.<\/p>    <p>Coloque a sucata sob a cabe\u00e7a do cortador e a cabe\u00e7a do cortador \u00e9 pressionada para baixo pela energia hidr\u00e1ulica para completar a opera\u00e7\u00e3o de corte. <\/p>    <p>O bloco de metal cortado pode ser ajustado ao tamanho necess\u00e1rio para f\u00e1cil armazenamento e transporte.<\/p>    <figure class=\"wp-block-embed is-type-video is-provider-youtube wp-block-embed-youtube wp-embed-aspect-16-9 wp-has-aspect-ratio\"><div class=\"wp-block-embed__wrapper\"> <iframe loading=\"lazy\" title=\"M\u00e1quina de cisalhamento hidr\u00e1ulico para sucata | Guilhotina de chapa met\u00e1lica | M\u00e1quina hidr\u00e1ulica de corte de metal\" width=\"500\" height=\"281\" src=\"https:\/\/www.youtube.com\/embed\/EoQyFYcVNUs?feature=oembed\" frameborder=\"0\" allow=\"accelerometer; autoplay; clipboard-write; encrypted-media; gyroscope; picture-in-picture; web-share\" referrerpolicy=\"strict-origin-when-cross-origin\" allowfullscreen><\/iframe> <\/div><figcaption class=\"wp-element-caption\">v\u00eddeo de trabalho da m\u00e1quina de corte de metal<\/figcaption><\/figure>    <h2 class=\"wp-block-heading\"><strong>Equipamento de suporte para cortador de metal<\/strong><\/h2>    <p>A m\u00e1quina de corte hidr\u00e1ulica de metal pode ser conectada a um alimentador de placa de corrente para alimenta\u00e7\u00e3o autom\u00e1tica. <\/p>    <p>O alimentador de placas de corrente realiza uma alimenta\u00e7\u00e3o suave, evitando o incha\u00e7o do material do mecanismo de transporte tradicional.<\/p>    <figure class=\"wp-block-gallery aligncenter has-nested-images columns-default is-cropped wp-block-gallery-3 is-layout-flex wp-block-gallery-is-layout-flex\"> <figure class=\"wp-block-image size-large\"><img loading=\"lazy\" decoding=\"async\" width=\"720\" height=\"500\" data-id=\"1130\" src=\"https:\/\/www.baler-machines.com\/wp-content\/uploads\/2021\/12\/sheet-metal-guillotine.jpg\" alt=\"guilhotina de chapa met\u00e1lica\" class=\"wp-image-1130\" title=\"\"><figcaption class=\"wp-element-caption\">Guilhotina de chapa met\u00e1lica<\/figcaption><\/figure>    <figure class=\"wp-block-image size-large\"><img loading=\"lazy\" decoding=\"async\" width=\"540\" height=\"540\" data-id=\"1110\" src=\"https:\/\/www.baler-machines.com\/wp-content\/uploads\/2021\/12\/sheet-metal-guillotine-with-a-chainplate-feeder.jpg\" alt=\"guilhotina de chapa met\u00e1lica com alimentador de corrente\" class=\"wp-image-1110\" title=\"\" srcset=\"https:\/\/www.baler-machines.com\/wp-content\/uploads\/2021\/12\/sheet-metal-guillotine-with-a-chainplate-feeder.jpg 540w, https:\/\/www.baler-machines.com\/wp-content\/uploads\/2021\/12\/sheet-metal-guillotine-with-a-chainplate-feeder-120x120.jpg 120w\" sizes=\"auto, (max-width: 540px) 100vw, 540px\" \/><figcaption class=\"wp-element-caption\">Guilhotina de chapa met\u00e1lica com alimentador de placa de corrente<\/figcaption><\/figure> <\/figure>    <h2 class=\"wp-block-heading\"><strong>Dicas sobre como escolher uma m\u00e1quina de corte de metal<\/strong><\/h2>    <p>Ao adquirir uma tesoura para metal, \u00e9 importante garantir que o equipamento seja capaz de atender aos requisitos de processamento. <\/p>    <p>Para adquirir uma m\u00e1quina de corte hidr\u00e1ulica de metal econ\u00f4mica e pr\u00e1tica, \u00e9 recomend\u00e1vel atentar para os seguintes pontos:<\/p>    <ol class=\"wp-block-list\"> <li><strong>Esclare\u00e7a o tamanho e o material dos res\u00edduos<\/strong>. Isso o ajudar\u00e1 a escolher a tonelagem apropriada da m\u00e1quina para garantir a efici\u00eancia e efic\u00e1cia do corte.<\/li>    <li><strong>Escolha l\u00e2minas especiais para materiais especiais<\/strong>. Materiais ou res\u00edduos especiais apresentam grande dureza. Portanto, voc\u00ea precisa de l\u00e2minas especiais para reduzir o problema de substitui\u00e7\u00e3o.<\/li>    <li><strong>Selecione equipamentos f\u00e1ceis de instalar e operar<\/strong>. O design integrado do equipamento n\u00e3o requer instala\u00e7\u00e3o complicada, \u00e9 f\u00e1cil de operar e ajuda a melhorar a efici\u00eancia do trabalho.<\/li> <\/ol>    <figure class=\"wp-block-gallery has-nested-images columns-default is-cropped wp-block-gallery-4 is-layout-flex wp-block-gallery-is-layout-flex\"> <figure class=\"wp-block-image size-large\"><img loading=\"lazy\" decoding=\"async\" width=\"720\" height=\"540\" data-id=\"3701\" src=\"https:\/\/www.baler-machines.com\/wp-content\/uploads\/2021\/12\/hydrualic-metal-shear-machine-for-sale.webp\" alt=\"M\u00e1quina de cisalhamento de metal hidr\u00e1ulico para venda\" class=\"wp-image-3701\" title=\"\" srcset=\"https:\/\/www.baler-machines.com\/wp-content\/uploads\/2021\/12\/hydrualic-metal-shear-machine-for-sale.webp 720w, https:\/\/www.baler-machines.com\/wp-content\/uploads\/2021\/12\/hydrualic-metal-shear-machine-for-sale-16x12.webp 16w\" sizes=\"auto, (max-width: 720px) 100vw, 720px\" \/><figcaption class=\"wp-element-caption\">M\u00e1quina de cisalhamento de metal hidr\u00e1ulico para venda<\/figcaption><\/figure>    <figure class=\"wp-block-image size-large\"><img loading=\"lazy\" decoding=\"async\" width=\"720\" height=\"540\" data-id=\"3700\" src=\"https:\/\/www.baler-machines.com\/wp-content\/uploads\/2021\/12\/high-performance-metal-cutting-machine.webp\" alt=\"m\u00e1quina de corte de metal de alto desempenho\" class=\"wp-image-3700\" title=\"\" srcset=\"https:\/\/www.baler-machines.com\/wp-content\/uploads\/2021\/12\/high-performance-metal-cutting-machine.webp 720w, https:\/\/www.baler-machines.com\/wp-content\/uploads\/2021\/12\/high-performance-metal-cutting-machine-16x12.webp 16w\" sizes=\"auto, (max-width: 720px) 100vw, 720px\" \/><figcaption class=\"wp-element-caption\">M\u00e1quina de corte de metal de alto desempenho<\/figcaption><\/figure> <\/figure>    <h2 class=\"wp-block-heading\"><strong>Contate-nos agora para mais detalhes!<\/strong><\/h2>    <p class=\"translation-block\">Se voc\u00ea est\u00e1 procurando uma solu\u00e7\u00e3o para <a href=\"https:\/\/en.wikipedia.org\/wiki\/Scrap\" target=\"_blank\" rel=\"noopener\">cisalhamento de sucata met\u00e1lica<\/a>, entre em contato conosco!<\/p>    <p class=\"translation-block\">Al\u00e9m desta cisalhadora, tamb\u00e9m temos a <a href=\"https:\/\/www.baler-machines.com\/pt\/hydraulic-metal-shears\/\">cisalhadora jacar\u00e9<\/a> e a <a href=\"https:\/\/www.baler-machines.com\/pt\/metal-shears-metal-shearing-machine\/\">m\u00e1quina de cisalhamento com ponte rolante<\/a>. N\u00e3o importa o tipo de sucata, podemos lidar com ela.<\/p>","protected":false},"excerpt":{"rendered":"<p>A m\u00e1quina de cisalhamento de metal Shuliy serve para cortar sucata como materiais de a\u00e7o leve, tubos de cobre, chapas de ferro, etc. nos tamanhos necess\u00e1rios, com capacidade de 5 a 8 vezes por minuto, que \u00e9 ajust\u00e1vel. <\/p>","protected":false},"author":1,"featured_media":2536,"parent":0,"template":"","tags":[408,296,636],"product-type":[562],"class_list":["post-1089","product","type-product","status-publish","has-post-thumbnail","hentry","tag-metal","tag-metal-shear","tag-scrap-metal","product-type-metal-shears"],"_links":{"self":[{"href":"https:\/\/www.baler-machines.com\/pt\/wp-json\/wp\/v2\/product\/1089","targetHints":{"allow":["GET"]}}],"collection":[{"href":"https:\/\/www.baler-machines.com\/pt\/wp-json\/wp\/v2\/product"}],"about":[{"href":"https:\/\/www.baler-machines.com\/pt\/wp-json\/wp\/v2\/types\/product"}],"author":[{"embeddable":true,"href":"https:\/\/www.baler-machines.com\/pt\/wp-json\/wp\/v2\/users\/1"}],"wp:featuredmedia":[{"embeddable":true,"href":"https:\/\/www.baler-machines.com\/pt\/wp-json\/wp\/v2\/media\/2536"}],"wp:attachment":[{"href":"https:\/\/www.baler-machines.com\/pt\/wp-json\/wp\/v2\/media?parent=1089"}],"wp:term":[{"taxonomy":"post_tag","embeddable":true,"href":"https:\/\/www.baler-machines.com\/pt\/wp-json\/wp\/v2\/tags?post=1089"},{"taxonomy":"product-type","embeddable":true,"href":"https:\/\/www.baler-machines.com\/pt\/wp-json\/wp\/v2\/product-type?post=1089"}],"curies":[{"name":"wp","href":"https:\/\/api.w.org\/{rel}","templated":true}]}}