{"id":1043,"date":"2021-12-02T06:08:44","date_gmt":"2021-12-02T06:08:44","guid":{"rendered":"https:\/\/www.baler-machines.com\/?p=1043"},"modified":"2023-03-16T11:02:52","modified_gmt":"2023-03-16T03:02:52","slug":"automatic-horizontal-baler","status":"publish","type":"product","link":"https:\/\/www.baler-machines.com\/pt\/automatic-horizontal-baler\/","title":{"rendered":"Enfardadeira horizontal semiautom\u00e1tica para reciclagem"},"content":{"rendered":"<p>Esta enfardadeira horizontal da Shuliy Machinery foi projetada para res\u00edduos de papel, caixas, etc. Ela pode enfardar v\u00e1rios materiais de forma r\u00e1pida e eficaz, economizando espa\u00e7o de armazenamento e facilitando o transporte. Todos os dias, \u00e0 medida que a produ\u00e7\u00e3o avan\u00e7a, \u00e9 produzido um grande n\u00famero de res\u00edduos, como papel, pl\u00e1stico, etc. Como eles podem ser processados \u200b\u200bde forma r\u00e1pida e eficaz? Assim surgiu a nossa enfardadeira hidr\u00e1ulica. A m\u00e1quina tem desempenho muito est\u00e1vel, excelente qualidade e longa vida \u00fatil. Esta m\u00e1quina \u00e9 uma das m\u00e1quinas de reciclagem mais importantes. Se voc\u00ea estiver interessado, fique \u00e0 vontade para perguntar!<\/p>    <h2 class=\"wp-block-heading\"><strong>O que \u00e9 uma enfardadeira horizontal<\/strong>?<\/h2>    <p class=\"translation-block\">Uma prensa horizontal \u00e9 projetada para comprimir e empacotar eficientemente v\u00e1rios tipos de materiais soltos em fardos densos, convenientes para armazenamento e transporte. A prensa horizontal hidr\u00e1ulica \u00e9 caracterizada por uma grande taxa de compress\u00e3o, embalagem compacta, apar\u00eancia limpa e bonita, e ampla gama de aplica\u00e7\u00f5es. A prensa horizontal para res\u00edduos \u00e9 adequada para comprimir e empacotar v\u00e1rios materiais, como<strong> caixas de papel\u00e3o usadas, papel\u00e3o, papel, roupas velhas, pl\u00e1sticos, pneus, palha, forragem, algod\u00e3o, <a href=\"https:\/\/en.wikipedia.org\/wiki\/Wool\" target=\"_blank\" rel=\"noreferrer noopener\">l\u00e3<\/a>, serragem e sacos de tecido.<\/strong> Al\u00e9m disso, nossas m\u00e1quinas podem ser personalizadas para atender a todas as necessidades razo\u00e1veis de nossos clientes. Portanto, se voc\u00ea atua em uma ind\u00fastria relacionada e precisa de uma enfardadeira, seja bem-vindo a entrar em contato conosco a qualquer momento!<\/p>    <figure class=\"wp-block-gallery aligncenter has-nested-images columns-default is-cropped wp-block-gallery-2 is-layout-flex wp-block-gallery-is-layout-flex\"> <figure class=\"wp-block-image size-large\"><img loading=\"lazy\" decoding=\"async\" width=\"720\" height=\"540\" data-id=\"2436\" src=\"https:\/\/www.baler-machines.com\/wp-content\/uploads\/2022\/08\/horizontal-baler-machine-.webp\" alt=\"m\u00e1quina-enfardadeira-horizontal-\" class=\"wp-image-2436\" title=\"\"><figcaption class=\"wp-element-caption\">M\u00e1quina enfardadeira horizontal <\/figcaption><\/figure>    <figure class=\"wp-block-image size-large\"><img loading=\"lazy\" decoding=\"async\" width=\"720\" height=\"540\" data-id=\"2437\" src=\"https:\/\/www.baler-machines.com\/wp-content\/uploads\/2022\/08\/recycle-baler-in-stock.webp\" alt=\"prensa de reciclagem em estoque\" class=\"wp-image-2437\" title=\"\"><figcaption class=\"wp-element-caption\">Reciclar enfardadeira em estoque<\/figcaption><\/figure> <\/figure>    <h2 class=\"wp-block-heading\"><strong>Venda enfardadeira horizontal autom\u00e1tica<\/strong><\/h2>    <p class=\"translation-block\">A m\u00e1quina de enfardamento horizontal autom\u00e1tica \u00e9 uma m\u00e1quina potente e multifuncional para \u00e1reas de cultivo de algod\u00e3o, empresas t\u00eaxteis, f\u00e1bricas de vestu\u00e1rio, esta\u00e7\u00f5es de reciclagem de materiais residuais e outras empresas agr\u00edcolas e industriais. A m\u00e1quina de enfardamento hidr\u00e1ulica \u00e9 dividida principalmente em tipos horizontal e vertical. A prensa horizontal hidr\u00e1ulica tem um formato grande, com maior for\u00e7a de compress\u00e3o e tamanho de embalagem do que a <a href=\"https:\/\/www.baler-machines.com\/pt\/vertical-metal-baler-hydraulic-metal-baling-machine\/\">prensa vertical de metal<\/a>, e \u00e9 f\u00e1cil de operar automaticamente, o que pode melhorar a efici\u00eancia geral do enfardamento.<\/p>    <h3 class=\"wp-block-heading\"><strong>Enfardadeira horizontal semiautom\u00e1tica<\/strong><\/h3>    <p>Sem carregamento autom\u00e1tico do transportador, \u00e9 necess\u00e1rio encontrar uma maneira de colocar os res\u00edduos na lixeira. Outras fun\u00e7\u00f5es permanecem as mesmas.<\/p>   <div class=\"wp-block-image\"> <figure class=\"aligncenter size-full\"><img loading=\"lazy\" decoding=\"async\" width=\"720\" height=\"540\" src=\"https:\/\/www.baler-machines.com\/wp-content\/uploads\/2021\/12\/semi-automatic-horizontal-baler-machine.webp\" alt=\"enfardadeira horizontal semiautom\u00e1tica\" class=\"wp-image-2433\" title=\"\"><figcaption class=\"wp-element-caption\">enfardadeira horizontal semiautom\u00e1tica<\/figcaption><\/figure> <\/div>   <h3 class=\"wp-block-heading\" id=\"h-fully-automatic-horizontal-baling-press\"><strong>Prensa enfardadeira horizontal totalmente autom\u00e1tica<\/strong><\/h3>    <p>Equipado com uma m\u00e1quina de carregamento autom\u00e1tico, pode economizar muito m\u00e3o de obra e trabalhar com rapidez e efici\u00eancia.<\/p>   <div class=\"wp-block-image\"> <figure class=\"aligncenter size-full\"><img loading=\"lazy\" decoding=\"async\" width=\"584\" height=\"448\" src=\"https:\/\/www.baler-machines.com\/wp-content\/uploads\/2021\/12\/Automatic-horizontal-baling-machine-with-conveyor-1.jpg\" alt=\"Enfardadeira horizontal autom\u00e1tica com transportador 1\" class=\"wp-image-1065\" title=\"\"><figcaption class=\"wp-element-caption\">Enfardadeira horizontal autom\u00e1tica com transportador <\/figcaption><\/figure> <\/div>   <h2 class=\"wp-block-heading\" id=\"h-scope-of-application-of-the-recycling-baler-machine\"><strong>\u00c2mbito de aplica\u00e7\u00e3o da enfardadeira de reciclagem<\/strong><\/h2>    <p>A enfardadeira horizontal \u00e9 adequada para uma ampla variedade de materiais recicl\u00e1veis \u200b\u200be pode ser usada com um transportador e outros equipamentos. Palha, feno, res\u00edduos de papel, pneus, algod\u00e3o, roupas velhas, palha, pl\u00e1stico, l\u00e3 e lixo recicl\u00e1vel podem ser comprimidos e embalados usando uma enfardadeira hidr\u00e1ulica. Caixas de papel\u00e3o, res\u00edduos de papel\u00e3o, fios, tabaco, tecido, saco de tecido, veludo tricotado, saco, novelo de l\u00e3, seda, l\u00fapulo e quaisquer outros materiais soltos tamb\u00e9m podem ser utilizados nele. <\/p>   <div class=\"wp-block-image\"> <figure class=\"aligncenter size-full\"><img loading=\"lazy\" decoding=\"async\" width=\"670\" height=\"462\" src=\"https:\/\/www.baler-machines.com\/wp-content\/uploads\/2021\/12\/raw-materials.jpg\" alt=\"mat\u00e9rias-primas\" class=\"wp-image-1063\" title=\"\"><figcaption class=\"wp-element-caption\">mat\u00e9rias-primas<\/figcaption><\/figure> <\/div>   <p>\u00c9 frequentemente usado em f\u00e1bricas de embalagens, f\u00e1bricas de papel\u00e3o, gr\u00e1ficas, esta\u00e7\u00f5es de classifica\u00e7\u00e3o e tratamento de res\u00edduos, esta\u00e7\u00f5es de reciclagem profissionais, \u00e1reas de produ\u00e7\u00e3o de algod\u00e3o, empresas t\u00eaxteis, f\u00e1bricas de vestu\u00e1rio e outros locais. A enfardadeira horizontal pode cooperar com uma m\u00e1quina de rosqueamento para enfardamento autom\u00e1tico.<\/p>    <h2 class=\"wp-block-heading\" id=\"h-highlights-of-the-automatic-horizontal-baler\"><strong>Destaques da enfardadeira horizontal autom\u00e1tica<\/strong><\/h2>    <p>A prensa enfardadeira de papel tem as vantagens de alta efici\u00eancia, estrutura compacta, opera\u00e7\u00e3o simples, transmiss\u00e3o est\u00e1vel, mobilidade flex\u00edvel, entre outras.<\/p>    <ul class=\"wp-block-list\"> <li>Tecnologia hidr\u00e1ulica, alta press\u00e3o, economia de energia e prote\u00e7\u00e3o ambiental.<\/li>    <li>A estrutura aberta torna a retirada da bolsa conveniente e r\u00e1pida e melhora a efici\u00eancia.<\/li>    <li>Adota fechamento de tr\u00eas lados e tipo de tra\u00e7\u00e3o reversa, que \u00e9 automaticamente apertado e relaxado pelo cilindro de \u00f3leo.<\/li>    <li>Programa PLC, controle de tela sens\u00edvel ao toque, opera\u00e7\u00e3o simples, compress\u00e3o autom\u00e1tica.<\/li>    <li>O dispositivo de enfardamento autom\u00e1tico exclusivo tem as vantagens de alta velocidade, estrutura simples, a\u00e7\u00e3o est\u00e1vel, baixa taxa de falhas e f\u00e1cil limpeza e manuten\u00e7\u00e3o.<\/li>    <li>O tamanho e a tens\u00e3o do pacote podem ser personalizados de acordo com os requisitos razo\u00e1veis \u200b\u200bdos clientes. <\/li>    <li>Pode ser equipado com linha de transporte de material e rosqueadora, com maior efici\u00eancia.<\/li> <\/ul>   <div class=\"wp-block-image\"> <figure class=\"aligncenter size-full\"><img loading=\"lazy\" decoding=\"async\" width=\"720\" height=\"540\" src=\"https:\/\/www.baler-machines.com\/wp-content\/uploads\/2022\/08\/recycling-baler-manufacturer.webp\" alt=\"fabricante de enfardadeira de reciclagem\" class=\"wp-image-2439\" title=\"\"><figcaption class=\"wp-element-caption\">fabricante de enfardadeira de reciclagem<\/figcaption><\/figure> <\/div>   <h2 class=\"wp-block-heading\" id=\"h-how-does-the-horizontal-waste-baler-work\"><strong>Como funciona a enfardadeira horizontal de res\u00edduos?<\/strong><\/h2>    <p class=\"translation-block\">Esta s\u00e9rie de prensas horizontais \u00e9 composta principalmente por sistema hidr\u00e1ulico, sistema de armazenamento de materiais, mecanismo de compress\u00e3o, mecanismo de ensacamento e sistema el\u00e9trico. A efici\u00eancia de produ\u00e7\u00e3o \u00e9 5-10 vezes maior do que a da <a href=\"https:\/\/www.baler-machines.com\/pt\/vertical-baler-machine-for-waste-recycling\/\" target=\"_blank\" rel=\"noreferrer noopener\">prensa vertical hidr\u00e1ulica<\/a>, e o consumo de energia \u00e9 menor. A press\u00e3o hidr\u00e1ulica pode atingir mais de 100 toneladas. A m\u00e1quina de enfardamento horizontal autom\u00e1tica inclui tipos totalmente autom\u00e1ticos e semi-autom\u00e1ticos. O modelo totalmente autom\u00e1tico pode ser equipado com uma m\u00e1quina de rosquear para amarrar automaticamente o fardo comprimido.<\/p>   <div class=\"wp-block-image\"> <figure class=\"aligncenter size-full\"><img loading=\"lazy\" decoding=\"async\" width=\"924\" height=\"686\" src=\"https:\/\/www.baler-machines.com\/wp-content\/uploads\/2021\/12\/hydraulic-horizontal-baler-structure.jpg\" alt=\"estrutura hidr\u00e1ulica da enfardadeira horizontal\" class=\"wp-image-1062\" title=\"\" srcset=\"https:\/\/www.baler-machines.com\/wp-content\/uploads\/2021\/12\/hydraulic-horizontal-baler-structure.jpg 924w, https:\/\/www.baler-machines.com\/wp-content\/uploads\/2021\/12\/hydraulic-horizontal-baler-structure-768x570.jpg 768w\" sizes=\"auto, (max-width: 924px) 100vw, 924px\" \/><figcaption class=\"wp-element-caption\">estrutura hidr\u00e1ulica da enfardadeira horizontal<\/figcaption><\/figure> <\/div>   <h2 class=\"wp-block-heading\"><strong>Quanto custa uma enfardadeira horizontal?<\/strong><\/h2>    <ol class=\"wp-block-list\"> <li>O <strong>grau de automa\u00e7\u00e3o<\/strong>. O pre\u00e7o de uma enfardadeira semiautom\u00e1tica e de uma enfardadeira totalmente autom\u00e1tica \u00e9 completamente diferente devido \u00e0 diferen\u00e7a no sistema de carregamento autom\u00e1tico.<\/li>    <li><strong>Acess\u00f3rios para m\u00e1quinas<\/strong>. Para a mesma m\u00e1quina, se utilizar acess\u00f3rios diferentes, o pre\u00e7o tamb\u00e9m \u00e9 diferente. \u00c9 claro que a vida \u00fatil e as condi\u00e7\u00f5es de uso n\u00e3o s\u00e3o as mesmas.<\/li>    <li><strong>Embalagem e transporte de m\u00e1quinas<\/strong>. Nas mesmas condi\u00e7\u00f5es de transporte, sem embalagem e embalagem em caixa de madeira, o pre\u00e7o total da m\u00e1quina n\u00e3o \u00e9 o mesmo. Da mesma forma, se transportar a m\u00e1quina nas mesmas condi\u00e7\u00f5es de embalagem, o pre\u00e7o tamb\u00e9m ser\u00e1 diferente.<\/li> <\/ol>    <h2 class=\"wp-block-heading\" id=\"h-horizontal-baler-operating-manual\"><strong>Manual de opera\u00e7\u00e3o da enfardadeira horizontal<\/strong><\/h2>    <ol class=\"wp-block-list\"> <li>Antes de a m\u00e1quina come\u00e7ar a trabalhar, certifique-se de verificar se cada pe\u00e7a da m\u00e1quina est\u00e1 intacta e se o \u00f3leo hidr\u00e1ulico \u00e9 suficiente.<\/li>    <li>Ao operar a m\u00e1quina, preste aten\u00e7\u00e3o \u00e0 seguran\u00e7a pessoal, portanto o local deve ser adequado.<\/li>    <li>Quando a m\u00e1quina estiver funcionando, mantenha uma certa dist\u00e2ncia de seguran\u00e7a. Porque nossa m\u00e1quina adota controle PLC e pode avan\u00e7ar em tempo real, aproveitando bem isso.<\/li>    <li>Seguran\u00e7a em primeiro lugar durante o uso da m\u00e1quina. Verifique constantemente o status e a fun\u00e7\u00e3o do dispositivo de intertravamento de seguran\u00e7a e do dispositivo de parada de emerg\u00eancia.<\/li>    <li>Depois de concluir o trabalho, verifique a m\u00e1quina quando ela parar completamente para garantir que ela esteja livre de erros antes da sa\u00edda do pessoal.<\/li> <\/ol>    <h2 class=\"wp-block-heading\" id=\"h-working-video-of-horizontal-baler\"><strong>V\u00eddeo de trabalho da enfardadeira horizontal<\/strong><\/h2>    <figure class=\"wp-block-embed aligncenter is-type-video is-provider-youtube wp-block-embed-youtube wp-embed-aspect-16-9 wp-has-aspect-ratio\"><div class=\"wp-block-embed__wrapper\"> <iframe loading=\"lazy\" title=\"Enfardadeira horizontal hidr\u00e1ulica autom\u00e1tica | M\u00e1quina hidr\u00e1ulica da imprensa de empacotamento para pneus dos pl\u00e1sticos da papelada\" width=\"500\" height=\"281\" src=\"https:\/\/www.youtube.com\/embed\/xsLypM133-g?feature=oembed\" frameborder=\"0\" allow=\"accelerometer; autoplay; clipboard-write; encrypted-media; gyroscope; picture-in-picture; web-share\" referrerpolicy=\"strict-origin-when-cross-origin\" allowfullscreen><\/iframe> <\/div><\/figure>    <figure class=\"wp-block-embed aligncenter is-type-video is-provider-youtube wp-block-embed-youtube wp-embed-aspect-16-9 wp-has-aspect-ratio\"><div class=\"wp-block-embed__wrapper\"> <iframe loading=\"lazy\" title=\"Prensa enfardadeira hidr\u00e1ulica horizontal | enfardadeira de res\u00edduos de papel\u00e3o carregada para entrega\" width=\"500\" height=\"281\" src=\"https:\/\/www.youtube.com\/embed\/JJmSzdCuC-4?feature=oembed\" frameborder=\"0\" allow=\"accelerometer; autoplay; clipboard-write; encrypted-media; gyroscope; picture-in-picture; web-share\" referrerpolicy=\"strict-origin-when-cross-origin\" allowfullscreen><\/iframe> <\/div><\/figure>    <h2 class=\"wp-block-heading\" id=\"h-specification-of-semi-automatic-hydraulic-horizontal-baling-machine\"><strong>Especifica\u00e7\u00e3o da enfardadeira horizontal hidr\u00e1ulica semiautom\u00e1tica<\/strong><\/h2>    <figure class=\"wp-block-table\"><table><tbody><tr><td>Modelo<\/td><td>SL-120<\/td><td>SL-160<\/td><td>SL-180<\/td><td>SL-200<\/td><\/tr><tr><td>Sistema din\u00e2mico<\/td><td>sistema hidr\u00e1ulico&nbsp;<\/td><td>sistema hidr\u00e1ulico&nbsp;<\/td><td>sistema hidr\u00e1ulico&nbsp;<\/td><td>sistema hidr\u00e1ulico&nbsp;<\/td><\/tr><tr><td>Poder<\/td><td>22kw, 3HP, 380V<\/td><td>30Kw+4Kw, 3HP, 380V<\/td><td>37Kw+4Kw, 3HP, 380V<\/td><td>45Kw+4Kw, 3HP, 380V <\/td><\/tr><tr><td>Impulso nominal principal<\/td><td>1200KN<\/td><td>1600KN<\/td><td>1800KN<\/td><td>2.000 KN<\/td><\/tr><tr><td>Press\u00e3o do sistema<\/td><td>28MPa<\/td><td>31,5MPA<\/td><td>31,5MPa<\/td><td>31,5MPa&nbsp;<\/td><\/tr><tr><td>Sistema de controle<\/td><td>Controle autom\u00e1tico CLP<\/td><td>Controle autom\u00e1tico CLP<\/td><td>Controle autom\u00e1tico CLP<\/td><td>Controle autom\u00e1tico CLP<\/td><\/tr><tr><td>Tamanho da alimenta\u00e7\u00e3o<\/td><td>1650mm*1100mm<\/td><td>1650mm*1100mm<\/td><td>2000*1100mm<\/td><td>2.000 mm * 1.100 mm<\/td><\/tr><tr><td>Tamanho do fardo<\/td><td>1100*900mm<\/td><td>1100mm*1250mm<\/td><td>1100*1300mm<\/td><td>1100mm*1400mm<\/td><\/tr><tr><td>Densidade do fardo<\/td><td>800Kg\/fardo, <br>400-450kg\/m\u00b3<\/td><td>1200kg\/fardo,<br>450kg\/m\u00b3<\/td><td>1300kg\/fardo, 500kg\/m\u00b3<\/td><td>1400Kg\/fardo 520kg\/m\u00b3<\/td><\/tr><tr><td>Capacidade<\/td><td>4-7 fardos\/h<\/td><td>5-8 fardos\/h<\/td><td>6-9 fardos\/h<\/td><td>8-10 fardos\/h<\/td><\/tr><tr><td>Agrupamento<\/td><td>3 pe\u00e7as<\/td><td>4-5 pe\u00e7as<\/td><td>4-5 pe\u00e7as<\/td><td>4-5 pe\u00e7as<\/td><\/tr><\/tbody><\/table><\/figure>    <p class=\"translation-block\">Para mais detalhes sobre a enfardadeira ou requisitos especiais, seja bem-vindo a <a href=\"https:\/\/www.baler-machines.com\/pt\/contact-service\/\" target=\"_blank\" rel=\"noreferrer noopener\">entrar em contato<\/a> conosco.<\/p>    <h2 class=\"wp-block-heading\" id=\"h-faq\"><strong>Perguntas frequentes<\/strong><\/h2>    <div class=\"schema-faq wp-block-yoast-faq-block\"><div class=\"schema-faq-section\" id=\"faq-question-1659427226038\"><strong class=\"schema-faq-question\">P: Voc\u00ea \u00e9 uma empresa comercial ou fabricante?<\/strong> <p class=\"schema-faq-answer\">R: N\u00f3s mesmos podemos fabricar e vender m\u00e1quinas. Freq\u00fcentemente exportamos para pa\u00edses estrangeiros, o que representa cerca de 70%.<\/p> <\/div> <div class=\"schema-faq-section\" id=\"faq-question-1659427250002\"><strong class=\"schema-faq-question\">P: Suas m\u00e1quinas t\u00eam per\u00edodo de garantia?<\/strong> <p class=\"schema-faq-answer\">R: Geralmente, nossa empresa tem garantia de um ano em nossas m\u00e1quinas.<\/p> <\/div> <div class=\"schema-faq-section\" id=\"faq-question-1659427335441\"><strong class=\"schema-faq-question\">P: Como posso confiar na sua empresa?<\/strong> <p class=\"schema-faq-answer\">R: Nossa empresa \u00e9 l\u00edder no setor h\u00e1 d\u00e9cadas. Existem tamb\u00e9m certificados do setor para voc\u00ea verificar. Al\u00e9m disso, tamb\u00e9m podemos fazer com voc\u00ea uma visita \u00e0 f\u00e1brica em tempo real (via v\u00eddeo).<\/p> <\/div> <\/div>","protected":false},"excerpt":{"rendered":"<p>A prensa horizontal \u00e9 projetada para comprimir e embalar de forma eficiente materiais soltos em pacotes densos, convenientes para armazenamento e transporte. A prensa horizontal hidr\u00e1ulica \u00e9 caracterizada por uma grande rela\u00e7\u00e3o de compress\u00e3o, pacote compacto, apar\u00eancia limpa e bonita, e ampla gama de aplica\u00e7\u00f5es. <\/p>","protected":false},"author":1,"featured_media":2446,"parent":0,"template":"","tags":[539,577,537,574,573,575],"product-type":[563],"class_list":["post-1043","product","type-product","status-publish","has-post-thumbnail","hentry","tag-horizontal-baler","tag-horizontal-baler-machine","tag-hydraulic-baler","tag-recycle-baler","tag-recycling-baler","tag-recycling-baler-machine","product-type-baler-machine"],"_links":{"self":[{"href":"https:\/\/www.baler-machines.com\/pt\/wp-json\/wp\/v2\/product\/1043","targetHints":{"allow":["GET"]}}],"collection":[{"href":"https:\/\/www.baler-machines.com\/pt\/wp-json\/wp\/v2\/product"}],"about":[{"href":"https:\/\/www.baler-machines.com\/pt\/wp-json\/wp\/v2\/types\/product"}],"author":[{"embeddable":true,"href":"https:\/\/www.baler-machines.com\/pt\/wp-json\/wp\/v2\/users\/1"}],"wp:featuredmedia":[{"embeddable":true,"href":"https:\/\/www.baler-machines.com\/pt\/wp-json\/wp\/v2\/media\/2446"}],"wp:attachment":[{"href":"https:\/\/www.baler-machines.com\/pt\/wp-json\/wp\/v2\/media?parent=1043"}],"wp:term":[{"taxonomy":"post_tag","embeddable":true,"href":"https:\/\/www.baler-machines.com\/pt\/wp-json\/wp\/v2\/tags?post=1043"},{"taxonomy":"product-type","embeddable":true,"href":"https:\/\/www.baler-machines.com\/pt\/wp-json\/wp\/v2\/product-type?post=1043"}],"curies":[{"name":"wp","href":"https:\/\/api.w.org\/{rel}","templated":true}]}}