{"id":980,"date":"2021-11-24T02:05:49","date_gmt":"2021-11-24T02:05:49","guid":{"rendered":"https:\/\/www.baler-machines.com\/?page_id=980"},"modified":"2022-08-05T08:51:50","modified_gmt":"2022-08-05T08:51:50","slug":"about-us","status":"publish","type":"page","link":"https:\/\/www.baler-machines.com\/pt\/about-us\/","title":{"rendered":"Sobre n\u00f3s"},"content":{"rendered":"<h2 class=\"wp-block-heading\" id=\"h-company-profile\"><strong>Perfil de companhia<\/strong><\/h2>    <div class=\"wp-block-media-text alignwide is-stacked-on-mobile\"><figure class=\"wp-block-media-text__media\"><img loading=\"lazy\" decoding=\"async\" width=\"750\" height=\"500\" src=\"https:\/\/www.baler-machines.com\/wp-content\/uploads\/2022\/08\/company-about-us-1.webp\" alt=\"\" class=\"wp-image-2693 size-full\" title=\"\"><\/figure><div class=\"wp-block-media-text__content\"> <p>Zhengzhou Shuliy\u00a0Machinery \u00e9 uma empresa de manufatura que integra o desenvolvimento, design, fabrica\u00e7\u00e3o e vendas de equipamentos mec\u00e2nicos. A empresa tem \u201cci\u00eancia e tecnologia, meio ambiente, recursos\u201d como seu conceito central e est\u00e1 comprometida em criar uma cole\u00e7\u00e3o de \u201cpesquisa e desenvolvimento de m\u00e1quinas de reciclagem ambiental\u201d, \u201creciclagem e desmantelamento de res\u00edduos met\u00e1licos e sucata de autom\u00f3veis\u201d \u201cUtiliza\u00e7\u00e3o de res\u00edduos urbanos e Desenvolvimento de Res\u00edduos Dom\u00e9sticos como Recursos\u201d, \u201cRecursos Renov\u00e1veis\u201d e \u201cEnergia Verde\u201d numa cadeia industrial de economia circular.<\/p> <\/div><\/div>    <p><\/p>    <p>Shuliy\u00a0tem centros avan\u00e7ados de P&amp;D e v\u00e1rios equipamentos de processamento e instala\u00e7\u00f5es de teste. A empresa conta com um total de mais de 100 funcion\u00e1rios, dos quais mais de 10 s\u00e3o engenheiros respons\u00e1veis \u200b\u200bpelo desenvolvimento de tecnologia. Agora tornou-se uma empresa moderna focada na \u201ctritura\u00e7\u00e3o\u201d e na \u201creciclagem de res\u00edduos s\u00f3lidos\u201d.<\/p>    <h2 class=\"wp-block-heading\" id=\"h-hot-products\"><strong>Produtos quentes<\/strong><\/h2>    <p class=\"translation-block\">O escopo de neg\u00f3cios da Shuliy Machinery abrange a reciclagem, tritura\u00e7\u00e3o e classifica\u00e7\u00e3o de sucata de metal, pneus, pl\u00e1sticos, madeira, vidro, produtos de papel, fios e cabos, e carca\u00e7as de eletrodom\u00e9sticos. Produtos independentes incluem principalmente o <strong><a href=\"https:\/\/www.baler-machines.com\/pt\/double-shaft-shredder\/\" target=\"_blank\" rel=\"noreferrer noopener\">triturador de eixo duplo<\/a>,<a href=\"https:\/\/www.baler-machines.com\/pt\/horizontal-metal-baler\/\" target=\"_blank\" rel=\"noreferrer noopener\">compactador de metal<\/a>, <a href=\"https:\/\/www.baler-machines.com\/pt\/scrap-metal-chip-briquette-machine\/\" target=\"_blank\" rel=\"noreferrer noopener\"> Briquetadeira de farinhas de metal<\/a>, <a href=\"https:\/\/www.baler-machines.com\/pt\/metal-shears\/\" target=\"_blank\" rel=\"noreferrer noopener\">cortador de metal<\/a>, <\/strong>etc. Dentre essas m\u00e1quinas, o triturador inclui <a href=\"https:\/\/www.baler-machines.com\/pt\/double-shaft-waste-plastic-shredder-machine\/\" target=\"_blank\" rel=\"noreferrer noopener\">triturador de pl\u00e1stico<\/a>, e <a href=\"https:\/\/www.baler-machines.com\/pt\/scrap-metal-shredder-machine\/\" target=\"_blank\" rel=\"noreferrer noopener\">triturador de a\u00e7o de sucata<\/a>. <\/p>    <div class=\"wp-block-columns is-layout-flex wp-container-core-columns-is-layout-9d6595d7 wp-block-columns-is-layout-flex\"> <div class=\"wp-block-column is-layout-flow wp-block-column-is-layout-flow\"> <figure class=\"wp-block-embed aligncenter is-type-wp-embed is-provider-metal-baler-machine-shuliy-group wp-block-embed-metal-baler-machine-shuliy-group\"><div class=\"wp-block-embed__wrapper\"> <blockquote class=\"wp-embedded-content\" data-secret=\"IRSERQRKM7\"><a href=\"https:\/\/www.baler-machines.com\/pt\/vertical-baler-machine-for-waste-recycling\/\">Enfardadeira vertical hidr\u00e1ulica para diversas prensas de reciclagem de res\u00edduos<\/a><\/blockquote><iframe loading=\"lazy\" class=\"wp-embedded-content\" sandbox=\"allow-scripts\" security=\"restricted\" style=\"position: absolute; clip: rect(1px, 1px, 1px, 1px);\" title=\"\u201cEnfardadeira vertical hidr\u00e1ulica para prensa de reciclagem de v\u00e1rios res\u00edduos\u201d - M\u00e1quina enfardadeira de metal | Grupo Shuliy\" src=\"https:\/\/www.baler-machines.com\/vertical-baler-machine-for-waste-recycling\/embed\/#?secret=ydCtlD8exN#?secret=IRSERQRKM7\" data-secret=\"IRSERQRKM7\" width=\"500\" height=\"282\" frameborder=\"0\" marginwidth=\"0\" marginheight=\"0\" scrolling=\"no\"><\/iframe> <\/div><\/figure> <\/div>    <div class=\"wp-block-column is-layout-flow wp-block-column-is-layout-flow\"> <figure class=\"wp-block-embed aligncenter is-type-wp-embed is-provider-metal-baler-machine-shuliy-group wp-block-embed-metal-baler-machine-shuliy-group\"><div class=\"wp-block-embed__wrapper\"> <blockquote class=\"wp-embedded-content\" data-secret=\"9LwWYJ5YEo\"><a href=\"https:\/\/www.baler-machines.com\/pt\/horizontal-metal-baler\/\">Enfardadeira hidr\u00e1ulica de sucata para prensa enfardadeira de res\u00edduos<\/a><\/blockquote><iframe loading=\"lazy\" class=\"wp-embedded-content\" sandbox=\"allow-scripts\" security=\"restricted\" style=\"position: absolute; clip: rect(1px, 1px, 1px, 1px);\" title=\"\u201cEnfardadeira hidr\u00e1ulica de sucata para prensa enfardadeira de res\u00edduos\u201d - M\u00e1quina enfardadeira de metal | Grupo Shuliy\" src=\"https:\/\/www.baler-machines.com\/horizontal-metal-baler\/embed\/#?secret=HKaYa9kYNZ#?secret=9LwWYJ5YEo\" data-secret=\"9LwWYJ5YEo\" width=\"500\" height=\"282\" frameborder=\"0\" marginwidth=\"0\" marginheight=\"0\" scrolling=\"no\"><\/iframe> <\/div><\/figure> <\/div> <\/div>    <div class=\"wp-block-columns is-layout-flex wp-container-core-columns-is-layout-9d6595d7 wp-block-columns-is-layout-flex\"> <div class=\"wp-block-column is-layout-flow wp-block-column-is-layout-flow\"> <figure class=\"wp-block-embed\"><div class=\"wp-block-embed__wrapper\"> <blockquote class=\"wp-embedded-content\" data-secret=\"UvO7JXOTsR\"><a href=\"https:\/\/www.baler-machines.com\/pt\/double-shaft-shredder\/\">Triturador de eixo duplo para tritura\u00e7\u00e3o de todos os res\u00edduos<\/a><\/blockquote><iframe loading=\"lazy\" class=\"wp-embedded-content\" sandbox=\"allow-scripts\" security=\"restricted\" style=\"position: absolute; clip: rect(1px, 1px, 1px, 1px);\" title=\"\u201cTriturador de eixo duplo para tritura\u00e7\u00e3o de todos os res\u00edduos\u201d - M\u00e1quina enfardadeira de metal | Grupo Shuliy\" src=\"https:\/\/www.baler-machines.com\/double-shaft-shredder\/embed\/#?secret=s8sqFAiQ5L#?secret=UvO7JXOTsR\" data-secret=\"UvO7JXOTsR\" width=\"500\" height=\"282\" frameborder=\"0\" marginwidth=\"0\" marginheight=\"0\" scrolling=\"no\"><\/iframe> <\/div><\/figure> <\/div>    <div class=\"wp-block-column is-layout-flow wp-block-column-is-layout-flow\"> <figure class=\"wp-block-embed aligncenter is-type-wp-embed is-provider-metal-baler-machine-shuliy-group wp-block-embed-metal-baler-machine-shuliy-group\"><div class=\"wp-block-embed__wrapper\"> <blockquote class=\"wp-embedded-content\" data-secret=\"n65mtnwAsA\"><a href=\"https:\/\/www.baler-machines.com\/pt\/metal-shears-metal-shearing-machine\/\">Tesoura de p\u00f3rtico | Tesoura Hidr\u00e1ulica de Metal<\/a><\/blockquote><iframe loading=\"lazy\" class=\"wp-embedded-content\" sandbox=\"allow-scripts\" security=\"restricted\" style=\"position: absolute; clip: rect(1px, 1px, 1px, 1px);\" title=\"\u201cTesoura de p\u00f3rtico | Tesoura Hidr\u00e1ulica de Metal\u201d - M\u00e1quina enfardadeira de metal | Grupo Shuliy\" src=\"https:\/\/www.baler-machines.com\/metal-shears-metal-shearing-machine\/embed\/#?secret=oa1rEyMTvZ#?secret=n65mtnwAsA\" data-secret=\"n65mtnwAsA\" width=\"500\" height=\"282\" frameborder=\"0\" marginwidth=\"0\" marginheight=\"0\" scrolling=\"no\"><\/iframe> <\/div><\/figure> <\/div> <\/div>    <p><\/p>    <p>Os produtos s\u00e3o vendidos em todo o pa\u00eds e exportados para Jap\u00e3o, Sudeste Asi\u00e1tico, Indon\u00e9sia, Mayasipan, Estados Unidos, Filipinas, Espanha e outros pa\u00edses. Ela opera seus pr\u00f3prios direitos de produ\u00e7\u00e3o h\u00e1 12 anos.<\/p>    <h2 class=\"wp-block-heading\"><strong>Certificados<\/strong><\/h2>   <div class=\"wp-block-image\"> <figure class=\"aligncenter size-full\"><img loading=\"lazy\" decoding=\"async\" width=\"750\" height=\"934\" src=\"https:\/\/www.baler-machines.com\/wp-content\/uploads\/2022\/08\/certificates.webp\" alt=\"certificados\" class=\"wp-image-2709\" title=\"\"><figcaption>certificados<\/figcaption><\/figure> <\/div>   <h2 class=\"wp-block-heading\" id=\"h-aim-of-shuliy-machinery\"><strong>Objetivo da maquinaria Shuliy<\/strong><\/h2>    <p>Diante da oportunidade hist\u00f3rica de \u201cesfor\u00e7ar-se para construir uma bela China e realizar o desenvolvimento sustent\u00e1vel da na\u00e7\u00e3o chinesa\u201d, a empresa estar\u00e1 mais determinada a alcan\u00e7ar um salto de desenvolvimento impulsionado pela inova\u00e7\u00e3o e est\u00e1 comprometida em construir uma empresa de recursos e servi\u00e7os ambientais para construir uma sociedade poupadora de recursos e amiga do ambiente.<\/p>    <p>O desenvolvimento sustent\u00e1vel da sociedade humana contribui para uma maior for\u00e7a. D\u00ea boas-vindas a clientes novos e antigos de todas as esferas da vida para negociar neg\u00f3cios!<\/p>","protected":false},"excerpt":{"rendered":"<p>Company profile Zhengzhou Shuliy\u00a0Machinery is a manufacturing enterprise integrating the development, design, manufacturing, and sales of mechanical equipment. The company takes &#8220;science and technology, environment, resources&#8221; as its core concept, and is committed to creating a collection of &#8220;environmental recycling machinery research and development&#8221;, &#8220;metal waste and scrap car recycling and dismantling&#8221; \u201cUtilization of Urban [&hellip;]<\/p>\n","protected":false},"author":1,"featured_media":0,"parent":0,"menu_order":0,"comment_status":"closed","ping_status":"closed","template":"","meta":{"footnotes":""},"class_list":["post-980","page","type-page","status-publish","hentry"],"_links":{"self":[{"href":"https:\/\/www.baler-machines.com\/pt\/wp-json\/wp\/v2\/pages\/980","targetHints":{"allow":["GET"]}}],"collection":[{"href":"https:\/\/www.baler-machines.com\/pt\/wp-json\/wp\/v2\/pages"}],"about":[{"href":"https:\/\/www.baler-machines.com\/pt\/wp-json\/wp\/v2\/types\/page"}],"author":[{"embeddable":true,"href":"https:\/\/www.baler-machines.com\/pt\/wp-json\/wp\/v2\/users\/1"}],"replies":[{"embeddable":true,"href":"https:\/\/www.baler-machines.com\/pt\/wp-json\/wp\/v2\/comments?post=980"}],"version-history":[{"count":0,"href":"https:\/\/www.baler-machines.com\/pt\/wp-json\/wp\/v2\/pages\/980\/revisions"}],"wp:attachment":[{"href":"https:\/\/www.baler-machines.com\/pt\/wp-json\/wp\/v2\/media?parent=980"}],"curies":[{"name":"wp","href":"https:\/\/api.w.org\/{rel}","templated":true}]}}