{"id":114,"date":"2019-12-04T03:28:48","date_gmt":"2019-12-04T03:28:48","guid":{"rendered":"http:\/\/test.yogurt-machine.com\/?page_id=114"},"modified":"2022-08-05T09:12:17","modified_gmt":"2022-08-05T09:12:17","slug":"contact-service","status":"publish","type":"page","link":"https:\/\/www.baler-machines.com\/pt\/contact-service\/","title":{"rendered":"Contato e servi\u00e7o"},"content":{"rendered":"<h2 class=\"wp-block-heading\" id=\"h-cooperation-and-win-win\"><strong>Coopera\u00e7\u00e3o e WIN-WIN<\/strong><\/h2>    <p>Forne\u00e7a uma gama completa de suporte t\u00e9cnico e servi\u00e7os \u00edntimos para os clientes criarem os maiores benef\u00edcios econ\u00f4micos!<\/p>    <div class=\"wp-block-columns is-layout-flex wp-container-core-columns-is-layout-9d6595d7 wp-block-columns-is-layout-flex\"> <div class=\"wp-block-column is-layout-flow wp-block-column-is-layout-flow\"> <figure class=\"wp-block-image\"><img decoding=\"async\" src=\"https:\/\/www.baler-machines.com\/wp-content\/uploads\/2019\/12\/Group-30-2.png\" alt=\"\" title=\"\"><\/figure>    <p class=\"translation-block\"><strong>Informa\u00e7\u00f5es de Contato<\/strong><\/p>    <p class=\"translation-block\">WhatsApp\/Wechat\/Tel\uff1a<br><strong><em> +86-13673689272<\/em><\/strong><br> Endere\u00e7o de Email:<br><strong><em> info@baler-machines.com<\/em><\/strong><\/p> <\/div>    <div class=\"wp-block-column is-layout-flow wp-block-column-is-layout-flow\"> <figure class=\"wp-block-image\"><img decoding=\"async\" src=\"https:\/\/www.baler-machines.com\/wp-content\/uploads\/2019\/12\/Group-34.png\" alt=\"\" title=\"\"><\/figure>    <p class=\"translation-block\"><strong>Localiza\u00e7\u00e3o da F\u00e1brica<\/strong><\/p>    <p>Estrada N\u00e1utica Leste, Zona de Desenvolvimento Econ\u00f4mico de Zhengzhou, Henan, China. Bem-vindo a visitar nossa f\u00e1brica!<\/p> <\/div>    <div class=\"wp-block-column is-layout-flow wp-block-column-is-layout-flow\"> <figure class=\"wp-block-image\"><img decoding=\"async\" src=\"https:\/\/www.baler-machines.com\/wp-content\/uploads\/2019\/12\/Group-35.png\" alt=\"\" title=\"\"><\/figure>    <p class=\"translation-block\"><strong>Certificados Honor\u00e1rios<\/strong><\/p>    <p>A empresa Shuliy passou por uma s\u00e9rie de certificados, como CE, SGS, ISO, T\u00dcV, BV e assim por diante, e tamb\u00e9m foi classificada como uma \u201cEmpresa que honra contratos e mant\u00e9m promessas\u201d.<\/p> <\/div> <\/div>    <h2 class=\"wp-block-heading\" id=\"h-customer-service\"><strong>Atendimento ao Cliente<\/strong><\/h2>    <h3 class=\"wp-block-heading\"><b>Antes da venda<\/b><\/h3>    <ul class=\"wp-block-list\"><li>Ajude os clientes a selecionar o equipamento adequado.<\/li><li>Orientar o planejamento e a sele\u00e7\u00e3o do local da oficina de produ\u00e7\u00e3o.<\/li><li>Gratuito para enviar engenheiros ao local do cliente para engenharia e concep\u00e7\u00e3o do projeto.<\/li><\/ul>    <h3 class=\"wp-block-heading\"><strong><b>\u00c0 venda<\/b><\/strong><\/h3>    <ul class=\"wp-block-list\"><li>Forne\u00e7a uma s\u00e9rie de certificados de inspe\u00e7\u00e3o de qualidade e inspecione rigorosamente os produtos antes de sair da f\u00e1brica.<\/li><li>Forne\u00e7a informa\u00e7\u00f5es log\u00edsticas gratuitas e organize a entrega no prazo.<\/li><\/ul>    <h3 class=\"wp-block-heading\"><strong>P\u00f3s-venda<\/strong><\/h3>    <ul class=\"wp-block-list\"><li>Orienta\u00e7\u00e3o gratuita sobre a produ\u00e7\u00e3o da base do local de produ\u00e7\u00e3o.<\/li><li>Fornece orienta\u00e7\u00e3o gratuita de instala\u00e7\u00e3o e depura\u00e7\u00e3o p\u00f3s-venda e treinamento de manuten\u00e7\u00e3o de equipamentos.<\/li><li>Belas m\u00e1quinas de processamento de metal, obrigado pela empresa Shuliy!<\/li><\/ul>    <h2 class=\"wp-block-heading\" id=\"h-feedback\"><strong>Opini\u00e3o<\/strong><\/h2>    <p>Por causa de nossos servi\u00e7os, recebemos bons coment\u00e1rios de nossos clientes! Por exemplo:<\/p>    <div class=\"wp-block-columns is-layout-flex wp-container-core-columns-is-layout-9d6595d7 wp-block-columns-is-layout-flex\"> <div class=\"wp-block-column is-layout-flow wp-block-column-is-layout-flow\"> <p><img decoding=\"async\" src=\"https:\/\/www.baler-machines.com\/wp-content\/uploads\/2019\/12\/shuliy-customer.jpg\" alt=\"Caio Luiz\" title=\"\"><\/p> <\/div>    <div class=\"wp-block-column is-vertically-aligned-center is-layout-flow wp-block-column-is-layout-flow\"> <p>Boas m\u00e1quinas Shuliy! Muito obrigado por apoiar meu neg\u00f3cio de reciclagem e venda de sucata.<\/p>    <p><\/p>    <p><\/p> <\/div> <\/div>","protected":false},"excerpt":{"rendered":"<p>Cooperation and WIN-WIN Provide a full range of technical support and intimate services for customers to create the greatest economic benefits! Contact Information WhatsApp\/Wechat\/Tel\uff1a +86-13673689272 Email Address: info@baler-machines.com Factory Location Nautical Road East, Zhengzhou Economic Development Zone, Henan, China. Welcome to visit our factory! Honorary Certificates Shuliy company has passed a series of certificates, such [&hellip;]<\/p>\n","protected":false},"author":1,"featured_media":0,"parent":0,"menu_order":0,"comment_status":"closed","ping_status":"closed","template":"","meta":{"footnotes":""},"class_list":["post-114","page","type-page","status-publish","hentry"],"_links":{"self":[{"href":"https:\/\/www.baler-machines.com\/pt\/wp-json\/wp\/v2\/pages\/114","targetHints":{"allow":["GET"]}}],"collection":[{"href":"https:\/\/www.baler-machines.com\/pt\/wp-json\/wp\/v2\/pages"}],"about":[{"href":"https:\/\/www.baler-machines.com\/pt\/wp-json\/wp\/v2\/types\/page"}],"author":[{"embeddable":true,"href":"https:\/\/www.baler-machines.com\/pt\/wp-json\/wp\/v2\/users\/1"}],"replies":[{"embeddable":true,"href":"https:\/\/www.baler-machines.com\/pt\/wp-json\/wp\/v2\/comments?post=114"}],"version-history":[{"count":0,"href":"https:\/\/www.baler-machines.com\/pt\/wp-json\/wp\/v2\/pages\/114\/revisions"}],"wp:attachment":[{"href":"https:\/\/www.baler-machines.com\/pt\/wp-json\/wp\/v2\/media?parent=114"}],"curies":[{"name":"wp","href":"https:\/\/api.w.org\/{rel}","templated":true}]}}