{"id":4339,"date":"2026-04-24T14:49:56","date_gmt":"2026-04-24T06:49:56","guid":{"rendered":"https:\/\/www.baler-machines.com\/?post_type=product&#038;p=4339"},"modified":"2026-04-24T17:56:08","modified_gmt":"2026-04-24T09:56:08","slug":"vertical-tyre-baler-for-sale","status":"publish","type":"product","link":"https:\/\/www.baler-machines.com\/fr\/vertical-tyre-baler-for-sale\/","title":{"rendered":"Presse \u00e0 pneus verticale \u00e0 vendre"},"content":{"rendered":"<p class=\"translation-block\">La presse \u00e0 pneus verticale <strong>Shuliy<\/strong> est con\u00e7ue pour le recyclage et la compression de pneus usag\u00e9s. Elle compresse les pneus en blocs rectangulaires \u00e0 haute densit\u00e9, r\u00e9duisant consid\u00e9rablement leur volume pour faciliter le stockage et le transport, am\u00e9liorant ainsi l'efficacit\u00e9 du recyclage et la gestion logistique.<\/p>    <p class=\"translation-block\">La taille de la balle est <strong>1500 mm* 1000 mm*1200 mm (L*l*h)<\/strong>, avec un poids de <strong>1,2 t<\/strong> et une capacit\u00e9 de <strong>3\u20134 balles\/heure.<\/strong> Sa densit\u00e9 est <strong>\u2265300-400kg\/m<sup>3<\/sup><\/strong>.<\/p>    <p>Il est largement utilis\u00e9 dans les centres de recyclage de pneus usag\u00e9s, les usines de traitement des d\u00e9chets, les entreprises de recyclage du caoutchouc, et les projets de protection environnementale urbaine.<\/p>    <figure class=\"wp-block-embed is-type-video is-provider-youtube wp-block-embed-youtube wp-embed-aspect-16-9 wp-has-aspect-ratio\"><div class=\"wp-block-embed__wrapper\"> <iframe loading=\"lazy\" title=\"Presse \u00e0 pneus hydraulique verticale pour recyclage | Machine de compression de pneus \u00e0 haute densit\u00e9 #pneu\" width=\"500\" height=\"281\" src=\"https:\/\/www.youtube.com\/embed\/M0gsUKjVAxA?feature=oembed\" frameborder=\"0\" allow=\"accelerometer; autoplay; clipboard-write; encrypted-media; gyroscope; picture-in-picture; web-share\" referrerpolicy=\"strict-origin-when-cross-origin\" allowfullscreen><\/iframe> <\/div><figcaption class=\"wp-element-caption\">vid\u00e9o de la machine de compression de pneus<\/figcaption><\/figure>    <h2 class=\"wp-block-heading\"><strong>Param\u00e8tres techniques de la presse \u00e0 pneus verticale<\/strong><\/h2>    <p>La presse verticale utilis\u00e9e g\u00e9n\u00e9ralement pour le ballottage de pneus est le mod\u00e8le 200T. Les sp\u00e9cifications exactes sont indiqu\u00e9es dans le tableau ci-dessous.<\/p>    <figure class=\"wp-block-table\"><table class=\"has-fixed-layout\"><tbody><tr><td colspan=\"2\">Mod\u00e8le<\/td><td colspan=\"2\">Mod\u00e8le 200 Presse \u00e0 pneus verticale<\/td><\/tr><tr><td colspan=\"2\">Vanne hydraulique<\/td><td colspan=\"2\">ZDL-L20-2W<\/td><\/tr><tr><td colspan=\"2\">Pompe \u00e0 huile<\/td><td colspan=\"2\">Pompe \u00e0 piston \u00e0 haute pression variable HY80<\/td><\/tr><tr><td colspan=\"2\">Cylindre principal de pression<\/td><td colspan=\"2\">Diam\u00e8tre ext\u00e9rieur : \u0424220mm-1500mm \u00d7 2<\/td><\/tr><tr><td colspan=\"2\">Cylindre d'ouverture de porte<\/td><td colspan=\"2\">Diam\u00e8tre ext\u00e9rieur : \u0424114mm-400mm \u00d7 2<\/td><\/tr><tr><td colspan=\"2\" rowspan=\"2\">Moteur<\/td><td>Moteur principal<\/td><td>Marque du moteur<\/td><\/tr><tr><td>22KW<\/td><td>Usine Hujiang Motor<\/td><\/tr><tr><td colspan=\"2\" rowspan=\"2\">Param\u00e8tres de fonctionnement du syst\u00e8me<\/td><td colspan=\"2\">Pression de fonctionnement : 20MPa<\/td><\/tr><tr><td colspan=\"2\">Pression nominale : 31,5MPa<\/td><\/tr><tr><td colspan=\"2\">Sp\u00e9cifications de l'alimentation \u00e9lectrique<\/td><td colspan=\"2\">3-Phases, 380V<\/td><\/tr><tr><td colspan=\"2\">Syst\u00e8me de contr\u00f4le<\/td><td colspan=\"2\">Armoire de contr\u00f4le ind\u00e9pendante (avec protection contre les fuites)<\/td><\/tr><tr><td colspan=\"2\" rowspan=\"2\">Qualit\u00e9 de l'huile hydraulique<\/td><td colspan=\"2\">#46 Huile hydraulique anti-usure<\/td><\/tr><tr><td colspan=\"2\">Capacit\u00e9 du r\u00e9servoir d'huile : 600L<\/td><\/tr><tr><td colspan=\"2\">Syst\u00e8me de ballottage<\/td><td colspan=\"2\">Fixation \u00e0 8 fils (attaches en fil d'acier)<\/td><\/tr><tr><td rowspan=\"8\">Sp\u00e9cifications de la machine<\/td><td rowspan=\"2\">Empreinte<\/td><td colspan=\"2\">(L x l x H) 5300mm*5000mm*4500mm<\/td><\/tr><tr><td colspan=\"2\">Unit\u00e9 principale   station hydraulique (disposition transversale)<\/td><\/tr><tr><td>Dimension d'ouverture d'alimentation<\/td><td colspan=\"2\">(L x l) 1600mm*1000mm<\/td><\/tr><tr><td>Taille de la balle<\/td><td colspan=\"2\">L 1500 mm * l 1000 mm * H 1200 mm<\/td><\/tr><tr><td>Densit\u00e9 de la balle<\/td><td colspan=\"2\">\u2265300-400kg\/m<sup>3<\/sup><\/td><\/tr><tr><td>Sortir<\/td><td colspan=\"2\">3\u20134 balles\/heure<\/td><\/tr><tr><td>Poids de la balle<\/td><td colspan=\"2\">1,2 tonnes<\/td><\/tr><tr><td>Poids<\/td><td colspan=\"2\">Environ 6 tonnes<\/td><\/tr><\/tbody><\/table><figcaption class=\"wp-element-caption\">param\u00e8tres de la presse \u00e0 pneus 200T<\/figcaption><\/figure>    <h2 class=\"wp-block-heading\"><strong>Avantages de <strong>hydraulique<\/strong><\/strong> <strong>Machine \u00e0 balloter les pneus<\/strong><\/h2>    <ul class=\"wp-block-list\"> <li>Fonctionnement hydraulique, conception compacte, et <strong>Petite empreinte<\/strong><\/li>    <li><strong>Installation portable<\/strong>, op\u00e9ration simple, et maintenance facile<\/li>    <li>\u00c9tanch\u00e9it\u00e9 fiable, haute stabilit\u00e9 et fonctionnement continu<\/li>    <li><strong>Ajustement flexible<\/strong> de <strong>Sp\u00e9cifications et dimensions de la balle<\/strong> pour un transport et un stockage faciles<\/li>    <li><strong>Compression \u00e0 haute densit\u00e9<\/strong>, \u00e9conomisant main-d'\u0153uvre et co\u00fbts de transport<\/li>    <li><strong>Applications diverses<\/strong> de divers pneus <ul class=\"wp-block-list\"> <li>Pneus de voiture<\/li>    <li>Pneus de camion<\/li>    <li>Pneus OTR<\/li> <\/ul> <\/li>    <li><strong>Personnalis\u00e9<\/strong> configurations disponibles sur demande <ul class=\"wp-block-list\"> <li>Couleur de la machine<\/li>    <li>Tension et puissance de la machine<\/li>    <li>Taille des balles<\/li> <\/ul> <\/li> <\/ul>    <h2 class=\"wp-block-heading\"><strong>Comparaison entre presse \u00e0 pneus verticale et horizontale<\/strong><\/h2>    <p class=\"translation-block\">Pour le ballottage de pneus, nous avons lanc\u00e9 deux types de presses \u00e0 pneus : <strong>Presse \u00e0 pneus verticale<\/strong> et <strong><a href=\"https:\/\/www.baler-machines.com\/fr\/hydraulic-tyre-tire-baler-for-sale\/\">Presse \u00e0 pneus horizontale<\/a><\/strong>.<\/p>    <p>La comparaison de deux presses est :<\/p>    <figure class=\"wp-block-table\"><table><tbody><tr><td><strong>Type de presse<\/strong><\/td><td><strong>Presse \u00e0 pneus verticale<\/strong><\/td><td><strong>Compacteur de pneus horizontal<\/strong><\/td><\/tr><tr><td><strong>Applications<\/strong><\/td><td>Stations de collecte de pneus usag\u00e9s et petites usines de recyclage avec espace limit\u00e9<\/td><td>Grandes usines de traitement des d\u00e9chets, commer\u00e7ants exportateurs<\/td><\/tr><tr><td><strong>Caract\u00e9ristiques cl\u00e9s<\/strong><\/td><td>Empreinte compacte<br>Op\u00e9ration simple<br>Entretien facile<\/td><td>Grand empreinte<br>Force de compression \u00e9lev\u00e9e<br>Haute production<br>Haute efficacit\u00e9 de fonctionnement continue<\/td><\/tr><tr><td><strong>M\u00e9thode d'alimentation<\/strong><\/td><td>Chargement manuel ou par grue<\/td><td>Chargement automatique via convoyeur\/grue<\/td><\/tr><tr><td><strong>\u00c9chelle adapt\u00e9e<\/strong><\/td><td>Capacit\u00e9 de traitement petite \u00e0 moyenne<\/td><td>Lignes de production continues \u00e0 grande \u00e9chelle<\/td><\/tr><\/tbody><\/table><figcaption class=\"wp-element-caption\">presse \u00e0 pneus verticale vs presse \u00e0 pneus horizontale<\/figcaption><\/figure>    <ul class=\"wp-block-list\"> <li>Recommand\u00e9 pour les petites centres de recyclage ou PME : <strong>Presse \u00e0 pneus verticale<\/strong>\u2014Offre un excellent rapport qualit\u00e9-prix, n\u00e9cessite un espace au sol minimal, et est facile \u00e0 utiliser.<\/li>    <li>Recommand\u00e9 pour les grandes installations de recyclage ou exportateurs : <strong>Compacteur de pneus horizontal<\/strong>\u2014Id\u00e9al pour des op\u00e9rations continues \u00e0 volume \u00e9lev\u00e9 et des exigences de haute production ; supporte des solutions de recyclage int\u00e9gr\u00e9es, de bout en bout.<\/li> <\/ul>    <figure class=\"wp-block-gallery has-nested-images columns-default is-cropped wp-block-gallery-2 is-layout-flex wp-block-gallery-is-layout-flex\"><div class=\"wp-block-image\"> <figure class=\"aligncenter size-large\"><img loading=\"lazy\" decoding=\"async\" width=\"720\" height=\"540\" data-id=\"4188\" src=\"https:\/\/www.baler-machines.com\/wp-content\/uploads\/2025\/05\/shuliy-tire-baling-machine.webp\" alt=\"machine de pressage de pneus shuliy\" class=\"wp-image-4188\" title=\"\" srcset=\"https:\/\/www.baler-machines.com\/wp-content\/uploads\/2025\/05\/shuliy-tire-baling-machine.webp 720w, https:\/\/www.baler-machines.com\/wp-content\/uploads\/2025\/05\/shuliy-tire-baling-machine-16x12.webp 16w\" sizes=\"auto, (max-width: 720px) 100vw, 720px\" \/><\/figure> <\/div><\/figure>    <h2 class=\"wp-block-heading\"><strong>Conception unique de la structure de la presse \u00e0 pneus verticale<\/strong><\/h2>    <p class=\"translation-block\">La <strong>presse \u00e0 balles de pneus verticale<\/strong> poss\u00e8de une <strong>structure unique et bien pens\u00e9e<\/strong> qui garantit efficacit\u00e9, s\u00e9curit\u00e9, et facilit\u00e9 d'utilisation.<\/p>    <ol class=\"wp-block-list\"> <li>M\u00e9canisme anti-rebond <ul class=\"wp-block-list\"> <li><strong>Assurer la s\u00e9curit\u00e9 des op\u00e9rateurs<\/strong>, prot\u00e9ger le syst\u00e8me hydraulique, et produire <strong>balles de pneus uniformes et \u00e0 haute densit\u00e9<\/strong><\/li> <\/ul> <\/li>    <li>Syst\u00e8me d'\u00e9jection automatique de la balle <ul class=\"wp-block-list\"> <li><strong>R\u00e9duire la main-d'\u0153uvre<\/strong>, augmenter l'efficacit\u00e9 de la production, et minimiser le risque de blessures lors de la manipulation de balles lourdes<\/li> <\/ul> <\/li>    <li>Conception compacte verticale <ul class=\"wp-block-list\"> <li><strong>\u00c9conomiser de l'espace au sol<\/strong>, facile \u00e0 int\u00e9grer avec des chargeurs ou syst\u00e8mes de convoyage<\/li> <\/ul> <\/li>    <li>Syst\u00e8me hydraulique durable <ul class=\"wp-block-list\"> <li>Assurer <strong>Fonctionnement durable et stable<\/strong> m\u00eame en cas de travail intensif continu<\/li> <\/ul> <\/li> <\/ol>   <div class=\"wp-block-image\"> <figure class=\"aligncenter size-full\"><img loading=\"lazy\" decoding=\"async\" width=\"720\" height=\"540\" src=\"https:\/\/www.baler-machines.com\/wp-content\/uploads\/2026\/04\/design-of-waste-tyre-baler-machine.webp\" alt=\"Conception de la machine \u00e0 balle de pneus usag\u00e9s\" class=\"wp-image-4343\" title=\"\" srcset=\"https:\/\/www.baler-machines.com\/wp-content\/uploads\/2026\/04\/design-of-waste-tyre-baler-machine.webp 720w, https:\/\/www.baler-machines.com\/wp-content\/uploads\/2026\/04\/design-of-waste-tyre-baler-machine-16x12.webp 16w\" sizes=\"auto, (max-width: 720px) 100vw, 720px\" \/><figcaption class=\"wp-element-caption\">Conception de la machine \u00e0 balle de pneus usag\u00e9s<\/figcaption><\/figure> <\/div>   <p class=\"translation-block\"><strong>Avantage pr\u00e9vu pour les clients :<\/strong><\/p>    <p class=\"translation-block\">Ce design permet aux entreprises de recyclage de <strong>compresser les pneus en toute s\u00e9curit\u00e9 et efficacement<\/strong>, maximiser l'espace de stockage, r\u00e9duire les co\u00fbts de main-d'\u0153uvre, et maintenir une qualit\u00e9 constante des balles, rendant les op\u00e9rations plus fluides et plus rentables.<\/p>    <h2 class=\"wp-block-heading\"><strong>What&#8217;s the hydraulic tyre baler price?<\/strong><\/h2>    <p class=\"translation-block\">Pour cette presse \u00e0 pneus hydraulique verticale, le prix est <strong><em>3 000 \u00e0 10 000 dollars par unit\u00e9<\/em><\/strong>.<\/p>    <p>Le prix de la machine est influenc\u00e9 par :<\/p>    <ul class=\"wp-block-list\"> <li>Pression (tonnes)<\/li>    <li>Sp\u00e9cifications fonctionnelles<\/li>    <li>Exigences de personnalisation<\/li> <\/ul>    <p class=\"translation-block\"><strong>Contactez-nous d\u00e8s aujourd'hui pour un devis pr\u00e9cis et une solution personnalis\u00e9e<\/strong> adapt\u00e9e \u00e0 vos besoins de production !<\/p>    <h2 class=\"wp-block-heading\"><strong>Pourquoi choisir la machine \u00e0 compacter les pneus Shuliy ?<\/strong><\/h2>    <ul class=\"wp-block-list\"> <li>Exp\u00e9rience \u00e9tendue <ul class=\"wp-block-list\"> <li>Ann\u00e9es de sp\u00e9cialisation dans le recyclage de pneus et la fabrication d'\u00e9quipements de compression hydraulique<\/li> <\/ul> <\/li>    <li>Large choix <ul class=\"wp-block-list\"> <li>Proposer une vari\u00e9t\u00e9 de mod\u00e8les verticaux et horizontaux pour r\u00e9pondre aux besoins divers des clients<\/li> <\/ul> <\/li>    <li>Stable et fiable <ul class=\"wp-block-list\"> <li>Des syst\u00e8mes hydrauliques de haute qualit\u00e9 et des composants principaux garantissent un fonctionnement continu<\/li> <\/ul> <\/li>    <li>Solutions personnalis\u00e9es <ul class=\"wp-block-list\"> <li>Adapt\u00e9 au site du client, au type de d\u00e9chet, et au volume de production<\/li> <\/ul> <\/li>    <li>Livraison rapide et support apr\u00e8s-vente <ul class=\"wp-block-list\"> <li>Inclure formation pour l'op\u00e9rateur, guidance d'installation, et garantie d'un an<\/li> <\/ul> <\/li> <\/ul>    <h2 class=\"wp-block-heading\"><strong>FAQ de la machine \u00e0 \u00e9quilibrer les pneus verticale<\/strong><\/h2>   <div id=\"rank-math-faq\" class=\"rank-math-block\"> <div class=\"rank-math-list\"> <div id=\"faq-question-1777002513670\" class=\"rank-math-list-item\"> <h3 class=\"rank-math-question\">Quels types de pneus peuvent \u00eatre compress\u00e9s ?<\/h3> <div class=\"rank-math-answer\">  <p>Pneus de voiture particuli\u00e8re, pneus de camion, pneus de moto, et autres.<\/p>  <\/div> <\/div> <div id=\"faq-question-1777002519761\" class=\"rank-math-list-item\"> <h3 class=\"rank-math-question\">Quelles sont les dimensions et la densit\u00e9 des balles compress\u00e9es ?<\/h3> <div class=\"rank-math-answer\">  <p>Les dimensions de la balle sont personnalisables ; la taille standard est 1500 \u00d7 1000 \u00d7 1200 mm, avec une densit\u00e9 de 300\u2013400 kg\/m\u00b3.<\/p>  <\/div> <\/div> <div id=\"faq-question-1777002530361\" class=\"rank-math-list-item\"> <h3 class=\"rank-math-question\">La tension peut-elle \u00eatre personnalis\u00e9e ?<\/h3> <div class=\"rank-math-answer\">  <p>Nous supportons une alimentation triphas\u00e9e 380V\/50Hz ; d'autres tensions peuvent \u00eatre personnalis\u00e9es sur demande.<\/p>  <\/div> <\/div> <div id=\"faq-question-1777002539208\" class=\"rank-math-list-item\"> <h3 class=\"rank-math-question\">Quel est votre service apr\u00e8s-vente ?<\/h3> <div class=\"rank-math-answer\">  <p>Nous offrons une garantie d'un an, un support technique \u00e0 distance, et une formation pour l'op\u00e9rateur.<\/p>  <\/div> <\/div> <\/div> <\/div>   <h2 class=\"wp-block-heading\"><strong>Contactez-nous pour un devis maintenant!<\/strong><\/h2>    <p>If you&#8217;re looking for a vertical tyre baler, Shuliy offers:<\/p>    <ul class=\"wp-block-list\"> <li>Force de compression \u00e9lev\u00e9e et contr\u00f4le automatis\u00e9<\/li>    <li>Une large gamme de tonnages et de solutions personnalis\u00e9es<\/li>    <li>Livraison rapide et service apr\u00e8s-vente professionnel<\/li> <\/ul>    <p>Contactez-nous d\u00e8s aujourd'hui pour obtenir le meilleur devis et une solution personnalis\u00e9e !<\/p>    <figure class=\"wp-block-embed is-type-video is-provider-youtube wp-block-embed-youtube wp-embed-aspect-16-9 wp-has-aspect-ratio\"><div class=\"wp-block-embed__wrapper\"> <iframe loading=\"lazy\" title=\"Presse \u00e0 balles verticale hydraulique pour pneus de voiture, pneus de camion, pneus en caoutchouc, etc. #recyclingbusiness\" width=\"500\" height=\"281\" src=\"https:\/\/www.youtube.com\/embed\/R5UJdLGn14A?start=4&#038;feature=oembed\" frameborder=\"0\" allow=\"accelerometer; autoplay; clipboard-write; encrypted-media; gyroscope; picture-in-picture; web-share\" referrerpolicy=\"strict-origin-when-cross-origin\" allowfullscreen><\/iframe> <\/div><figcaption class=\"wp-element-caption\">vid\u00e9o de l'\u00e9quipement de compression de pneus vertical<\/figcaption><\/figure>","protected":false},"excerpt":{"rendered":"<p>Shuliy vertical tyre baler is designed for the recycling and compaction of waste tires. It compresses waste tires into high-density rectangular blocks, significantly reducing their volume to facilitate storage and transportation, thereby improving recycling efficiency and logistics management. The bale size is 1500 mm* 1000 mm*1200 mm(L*W*H), with a bale weight of 1.2 t and [&hellip;]<\/p>\n","protected":false},"author":1,"featured_media":4340,"parent":0,"template":"","tags":[414,635],"product-type":[563],"class_list":["post-4339","product","type-product","status-publish","has-post-thumbnail","hentry","tag-baler","tag-tire","product-type-baler-machine"],"_links":{"self":[{"href":"https:\/\/www.baler-machines.com\/fr\/wp-json\/wp\/v2\/product\/4339","targetHints":{"allow":["GET"]}}],"collection":[{"href":"https:\/\/www.baler-machines.com\/fr\/wp-json\/wp\/v2\/product"}],"about":[{"href":"https:\/\/www.baler-machines.com\/fr\/wp-json\/wp\/v2\/types\/product"}],"author":[{"embeddable":true,"href":"https:\/\/www.baler-machines.com\/fr\/wp-json\/wp\/v2\/users\/1"}],"wp:featuredmedia":[{"embeddable":true,"href":"https:\/\/www.baler-machines.com\/fr\/wp-json\/wp\/v2\/media\/4340"}],"wp:attachment":[{"href":"https:\/\/www.baler-machines.com\/fr\/wp-json\/wp\/v2\/media?parent=4339"}],"wp:term":[{"taxonomy":"post_tag","embeddable":true,"href":"https:\/\/www.baler-machines.com\/fr\/wp-json\/wp\/v2\/tags?post=4339"},{"taxonomy":"product-type","embeddable":true,"href":"https:\/\/www.baler-machines.com\/fr\/wp-json\/wp\/v2\/product-type?post=4339"}],"curies":[{"name":"wp","href":"https:\/\/api.w.org\/{rel}","templated":true}]}}