{"id":431,"date":"2019-12-17T10:02:50","date_gmt":"2019-12-17T10:02:50","guid":{"rendered":"https:\/\/www.baler-machines.com\/?p=431"},"modified":"2026-02-13T16:36:21","modified_gmt":"2026-02-13T08:36:21","slug":"aluminum-can-baler","status":"publish","type":"product","link":"https:\/\/www.baler-machines.com\/fr\/aluminum-can-baler\/","title":{"rendered":"Presse \u00e0 canettes en aluminium | Machine de presse \u00e0 ferraille hydraulique"},"content":{"rendered":"<p class=\"translation-block\">La presse \u00e0 balles pour canettes en aluminium est le nouvel \u00e9quipement de <a href=\"https:\/\/www.baler-machines.com\/fr\/vertical-baler-machine-for-waste-recycling\/\" target=\"_blank\" rel=\"noreferrer noopener\">mise en balles hydraulique<\/a> con\u00e7u pour le recyclage de toutes sortes de canettes en m\u00e9tal, telles que les canettes en aluminium, les bo\u00eetes de conserve alimentaires, les canettes de boissons, les canettes laiti\u00e8res, etc. Cette machine de mise en balles hydraulique pour canettes en aluminium est particuli\u00e8rement utile pour presser et mettre en balles toutes sortes de canettes en aluminium, de canettes en fer, de bo\u00eetes de peinture et de bidons d'essence en balles solides. Les canettes mises en balles seront faciles \u00e0 transporter et \u00e0 stocker. <\/p>    <p>La presse \u00e0 balles hydraulique en aluminium de cette industrie utilise la pression hydraulique pour presser les mati\u00e8res premi\u00e8res m\u00e9talliques en blocs solides. La pression hydraulique de la machine peut \u00eatre s\u00e9lectionn\u00e9e en fonction des diff\u00e9rentes mati\u00e8res premi\u00e8res \u00e0 traiter et du volume de traitement.<\/p>    <figure class=\"wp-block-embed is-type-video is-provider-youtube wp-block-embed-youtube wp-embed-aspect-16-9 wp-has-aspect-ratio\"><div class=\"wp-block-embed__wrapper\"> <iframe loading=\"lazy\" title=\"Machine \u00e0 balleuse de canettes en aluminium | Vid\u00e9o de fonctionnement de la presse de recyclage de m\u00e9taux ferreux #balleur #recyclage\" width=\"500\" height=\"281\" src=\"https:\/\/www.youtube.com\/embed\/76vzjCJVgj4?feature=oembed\" frameborder=\"0\" allow=\"accelerometer; autoplay; clipboard-write; encrypted-media; gyroscope; picture-in-picture; web-share\" referrerpolicy=\"strict-origin-when-cross-origin\" allowfullscreen><\/iframe> <\/div><figcaption class=\"wp-element-caption\">vid\u00e9o de presse hydraulique de ballage pour canettes en aluminium <\/figcaption><\/figure>    <h2 class=\"wp-block-heading\" id=\"h-why-recycle-aluminum-cans-with-the-hydraulic-aluminum-can-baler\"><strong>Pourquoi recycler les canettes en aluminium avec la presse hydraulique pour canettes en aluminium ?<\/strong><\/h2>    <p>L\u2019aluminium est une ressource m\u00e9tallique tr\u00e8s pr\u00e9cieuse sur terre et il est \u00e9galement largement utilis\u00e9 dans la vie. Le recyclage des canettes en aluminium a souvent plus de valeur que les canettes en fer. Le prix de l'aluminium peut atteindre plus de 20 000 yuans par tonne, tandis que celui du fer est inf\u00e9rieur \u00e0 10 000 yuans par tonne. <\/p>    <p>Parce que la composition de la bo\u00eete de fer est compliqu\u00e9e, de l'\u00e9tain et du zinc y sont souvent plaqu\u00e9s et le co\u00fbt du raffinage est \u00e9galement \u00e9lev\u00e9. L'aluminium entrant dans la composition des canettes en aluminium est beaucoup plus pur et il est facile \u00e0 recycler et \u00e0 raffiner \u00e0 nouveau. Dans le processus de recyclage et de traitement des d\u00e9chets de canettes d'aluminium en grandes quantit\u00e9s, les presses \u00e0 balles hydrauliques en aluminium sont des machines largement utilis\u00e9es.<\/p>    <figure class=\"wp-block-gallery aligncenter has-nested-images columns-2 is-cropped wp-block-gallery-2 is-layout-flex wp-block-gallery-is-layout-flex\"> <figure class=\"wp-block-image size-large\"><img loading=\"lazy\" decoding=\"async\" width=\"720\" height=\"480\" data-id=\"619\" src=\"https:\/\/www.baler-machines.com\/wp-content\/uploads\/2019\/12\/Beverage-cans-for-recyling.jpg\" alt=\"Canettes de boissons \u00e0 recycler\" class=\"wp-image-619\" title=\"\"><figcaption class=\"wp-element-caption\">Canettes de boissons \u00e0 recycler<\/figcaption><\/figure>    <figure class=\"wp-block-image size-large\"><img loading=\"lazy\" decoding=\"async\" width=\"720\" height=\"480\" data-id=\"620\" src=\"https:\/\/www.baler-machines.com\/wp-content\/uploads\/2019\/12\/caned-food-cans-for-recycling.jpg\" alt=\"bo\u00eetes de conserve comestibles pour recyclage\" class=\"wp-image-620\" title=\"\"><figcaption class=\"wp-element-caption\">Bo\u00eetes de conserve en conserve pour le recyclage<\/figcaption><\/figure>    <figure class=\"wp-block-image size-large\"><img loading=\"lazy\" decoding=\"async\" width=\"720\" height=\"540\" data-id=\"621\" src=\"https:\/\/www.baler-machines.com\/wp-content\/uploads\/2019\/12\/aluminum-cans-bales.jpg\" alt=\"balles de bo\u00eetes en aluminium\" class=\"wp-image-621\" title=\"\"><figcaption class=\"wp-element-caption\">Balles de canettes en aluminium<\/figcaption><\/figure>    <figure class=\"wp-block-image size-large\"><img loading=\"lazy\" decoding=\"async\" width=\"720\" height=\"540\" data-id=\"622\" src=\"https:\/\/www.baler-machines.com\/wp-content\/uploads\/2019\/12\/cans-recycling-with-the-aluminum-can-baler.jpg\" alt=\"recyclage des canettes avec la presse \u00e0 canettes en aluminium\" class=\"wp-image-622\" title=\"\"><figcaption class=\"wp-element-caption\">Recyclage des canettes avec la presse \u00e0 canettes en aluminium<\/figcaption><\/figure> <\/figure>    <h2 class=\"wp-block-heading\" id=\"h-what-are-the-functions-of-the-hydraulic-scrap-press-machine\"><strong>Quelles sont les fonctions de la presse \u00e0 ferraille hydraulique\u00a0?<\/strong><\/h2>    <p>Pendant le processus de recyclage de grandes quantit\u00e9s de d\u00e9chets d'aluminium, tels que des canettes d'aluminium, des feuilles d'aluminium, des d\u00e9chets d'aluminium, etc., nous devons toujours compter sur des presses \u00e0 balles pour presser ces d\u00e9chets m\u00e9talliques en petits blocs afin de faciliter leur stockage et leur transport. <\/p>    <p>La presse hydraulique \u00e0 balles de ferraille est l'\u00e9quipement de recyclage de m\u00e9taux couramment utilis\u00e9 pour le pressage rapide de ces ferraille avec moins de d\u00e9chets de mat\u00e9riaux en aluminium et moins de pollution de l'environnement.<\/p>   <div class=\"wp-block-image\"> <figure class=\"aligncenter size-full\"><img loading=\"lazy\" decoding=\"async\" width=\"720\" height=\"540\" src=\"https:\/\/www.baler-machines.com\/wp-content\/uploads\/2021\/12\/vertical-baler-machines.jpg\" alt=\"presses \u00e0 balles verticales\" class=\"wp-image-1309\" title=\"\"><figcaption class=\"wp-element-caption\">presses \u00e0 balles verticales<\/figcaption><\/figure> <\/div>   <h2 class=\"wp-block-heading\" id=\"h-the-main-features-of-the-aluminum-can-baler\"><strong>Les principales caract\u00e9ristiques de la presse \u00e0 canettes en aluminium<\/strong><\/h2>    <p>Une presse \u00e0 balles en aluminium est une machine de recyclage de m\u00e9taux \u00e9conome en \u00e9nergie et respectueuse de l'environnement. Il utilise le principe de la mise en balles sous pression hydraulique pour comprimer des mat\u00e9riaux m\u00e9talliques tels que des canettes en aluminium, des morceaux de fer, etc., afin de r\u00e9aliser le recyclage et la r\u00e9utilisation des ressources. <\/p>    <p>La balle \u00e0 feuilles m\u00e9talliques utilise une transmission hydraulique et pr\u00e9sente les avantages d'une structure compacte, d'une installation pratique, d'un fonctionnement simple et d'une maintenance facile. La machine \u00e0 balles en aluminium peut ne n\u00e9cessite pas de vis \u00e0 pied lors de l'installation, combine tous les avantages d'un emballeur et est un \u00e9quipement de balle avanc\u00e9.<\/p>    <figure class=\"wp-block-gallery has-nested-images columns-default is-cropped wp-block-gallery-3 is-layout-flex wp-block-gallery-is-layout-flex\"> <figure class=\"wp-block-image size-large\"><img loading=\"lazy\" decoding=\"async\" width=\"540\" height=\"540\" data-id=\"437\" src=\"https:\/\/www.baler-machines.com\/wp-content\/uploads\/2019\/12\/Vertical-metal-baler-machine-for-sale.jpg\" alt=\"Presse \u00e0 balles m\u00e9talliques verticale \u00e0 vendre\" class=\"wp-image-437\" title=\"\"><figcaption class=\"wp-element-caption\">Presse \u00e0 balles verticale en m\u00e9tal \u00e0 vendre<\/figcaption><\/figure>    <figure class=\"wp-block-image size-full\"><img loading=\"lazy\" decoding=\"async\" width=\"540\" height=\"540\" data-id=\"231\" src=\"https:\/\/www.baler-machines.com\/wp-content\/uploads\/2019\/12\/vertial-baler-manufacturer.jpg\" alt=\"fabricant de presses verticales\" class=\"wp-image-231\" title=\"\"><figcaption class=\"wp-element-caption\">Fabricant de presses verticales<\/figcaption><\/figure> <\/figure>    <h2 class=\"wp-block-heading\" id=\"h-how-much-is-an-aluminum-can-baler-machine\"><strong>Combien co\u00fbte une presse \u00e0 balles en aluminium ?<\/strong><\/h2>    <h3 class=\"wp-block-heading\"><strong>Capacit\u00e9s de travail<\/strong><\/h3>    <p class=\"translation-block\">Pour le pressage de la ferraille, nous, Shuliy machinery, pouvons fournir l'ensemble complet d'\u00e9quipements professionnels de <a href=\"https:\/\/www.baler-machines.com\/fr\/horizontal-metal-baler\/\" target=\"_blank\" rel=\"noreferrer noopener\">mise en balles de m\u00e9tal<\/a> avec diff\u00e9rentes capacit\u00e9s de travail. Quelle que soit votre capacit\u00e9 de traitement pour la mise en balles et le recyclage des canettes en aluminium, nous pouvons vous fournir la presse \u00e0 balles m\u00e9talliques la plus adapt\u00e9e. <\/p>    <h3 class=\"wp-block-heading\"><strong>Types de presses<\/strong><\/h3>    <p>Nos machines \u00e0 pression sur les canettes en aluminium \u00e0 chaud sont principalement la balle m\u00e9tallique de type vertical et la balle m\u00e9tallique de type horizontal. Ces deux types de balles de ferraille en aluminium peuvent r\u00e9pondre aux diff\u00e9rents besoins de production des clients. Le client qui souhaite traiter les canettes en aluminium \u00e0 petite \u00e9chelle peut choisir le type vertical de machine \u00e0 balles, et la balle m\u00e9tallique horizontale convient aux grandes usines de recyclage m\u00e9tallique.<\/p>    <figure class=\"wp-block-gallery aligncenter has-nested-images columns-default is-cropped wp-block-gallery-4 is-layout-flex wp-block-gallery-is-layout-flex\"> <figure class=\"wp-block-image size-full\"><img loading=\"lazy\" decoding=\"async\" width=\"405\" height=\"540\" data-id=\"511\" src=\"https:\/\/www.baler-machines.com\/wp-content\/uploads\/2020\/01\/hydraulic-metal-baler.jpg\" alt=\"presse \u00e0 balles hydraulique pour m\u00e9taux\" class=\"wp-image-511\" title=\"\"><figcaption class=\"wp-element-caption\">Presse \u00e0 balles hydraulique en m\u00e9tal<\/figcaption><\/figure>    <figure class=\"wp-block-image size-large\"><img loading=\"lazy\" decoding=\"async\" width=\"720\" height=\"540\" data-id=\"465\" src=\"https:\/\/www.baler-machines.com\/wp-content\/uploads\/2019\/12\/Shuliy-metal-sheets-press-machine.jpg\" alt=\"Presse \u00e0 t\u00f4les Shuliy\" class=\"wp-image-465\" title=\"\"><figcaption class=\"wp-element-caption\">Machine de presse de t\u00f4les Shuliy<\/figcaption><\/figure> <\/figure>    <p>Par cons\u00e9quent, pour diff\u00e9rentes machines \u00e0 balles de m\u00e9taux, leurs prix sont \u00e9galement diff\u00e9rents et les utilisateurs doivent acheter celle qui peut r\u00e9pondre au mieux \u00e0 leurs besoins r\u00e9els.<\/p>   <div class=\"wp-block-image is-resized\"> <figure class=\"aligncenter size-large\"><img loading=\"lazy\" decoding=\"async\" width=\"720\" height=\"540\" src=\"https:\/\/www.baler-machines.com\/wp-content\/uploads\/2019\/12\/baled-aluminum-cans-for-selling-with-good-price.jpg\" alt=\"Canettes en aluminium en balles \u00e0 vendre \u00e0 bon prix\" class=\"wp-image-435\" title=\"\"><figcaption class=\"wp-element-caption\">Canettes en aluminium en balles \u00e0 vendre \u00e0 bon prix<\/figcaption><\/figure> <\/div>   <figure class=\"wp-block-embed is-type-video is-provider-youtube wp-block-embed-youtube wp-embed-aspect-16-9 wp-has-aspect-ratio\"><div class=\"wp-block-embed__wrapper\"> <iframe loading=\"lazy\" title=\"Machine \u00e0 balles m\u00e9talliques pressant des canettes en aluminium en blocs | Machine \u00e0 balles en aluminium pour recyclage\" width=\"500\" height=\"281\" src=\"https:\/\/www.youtube.com\/embed\/26TAR_g6HSQ?feature=oembed\" frameborder=\"0\" allow=\"accelerometer; autoplay; clipboard-write; encrypted-media; gyroscope; picture-in-picture; web-share\" referrerpolicy=\"strict-origin-when-cross-origin\" allowfullscreen><\/iframe> <\/div><figcaption class=\"wp-element-caption\">Vid\u00e9o de la balle m\u00e9tal pour l'aluminium peut recycler<\/figcaption><\/figure>    <h2 class=\"wp-block-heading\"><strong>Param\u00e8tres de la presse \u00e0 balles en aluminium<\/strong><\/h2>    <figure class=\"wp-block-table\"><table><tbody><tr><td>Mod\u00e8le<\/td><td>Pression<\/td><td>Moteur<\/td><td>Le volume de la bo\u00eete int\u00e9rieure<\/td><td>Taille du produit final<\/td><td>Capacit\u00e9<\/td><td>Poids<\/td><\/tr><tr><td>SL-HZ-15T<\/td><td>15T<\/td><td>5,5 kW<\/td><td>850*600*1300MM<\/td><td>890*610*500MM<\/td><td>1-1,5T\/H<\/td><td>1T<\/td><\/tr><tr><td>SL-HZ-30T<\/td><td>30T<\/td><td>7,5 kW<\/td><td>800*400*1300MM<\/td><td>890*610*500MM<\/td><td>1,5-2T\/H<\/td><td>1,5T<\/td><\/tr><tr><td>SL-HZ-60T<\/td><td>60T<\/td><td>7,5 kW<\/td><td>900*600*1300MM<\/td><td>900*610*500MM<\/td><td>2-2,5T\/H<\/td><td>2T<\/td><\/tr><tr><td>SL-HZ-80T<\/td><td>80T<\/td><td>7,5 kW<\/td><td>1200*800*1500MM<\/td><td>1200*810*500MM<\/td><td>3-3,5T\/H<\/td><td>3T<\/td><\/tr><tr><td>SL-HZ-100T<\/td><td>100 tonnes<\/td><td>15KW<\/td><td>1100*900*1500MM<\/td><td>1100*910*500MM<\/td><td>3,5-4T\/H<\/td><td>3,5T<\/td><\/tr><tr><td>SL-HZ-120T<\/td><td>120T<\/td><td>18,5 kW<\/td><td>1200*100*1500MM<\/td><td>1200*100*500MM<\/td><td>4-5T\/H<\/td><td>4T<\/td><\/tr><\/tbody><\/table><figcaption class=\"wp-element-caption\">sp\u00e9cifications du balleur de canettes en aluminium<\/figcaption><\/figure>    <p>Diff\u00e9rents mod\u00e8les de compacteurs de canettes en aluminium produisent des r\u00e9sultats de ballage diff\u00e9rents. Plus la pression de la machine que vous utilisez est \u00e9lev\u00e9e, meilleur sera l'effet de ballage. Tels que :<\/p>    <figure class=\"wp-block-table\"><table class=\"has-fixed-layout\"><tbody><tr><td>Effet de ballage de 40-60T<\/td><td><img loading=\"lazy\" decoding=\"async\" width=\"150\" height=\"203\" class=\"wp-image-4319\" style=\"width: 150px;\" src=\"https:\/\/www.baler-machines.com\/wp-content\/uploads\/2019\/12\/40-60T-Bailing-Effect.webp\" alt=\"40-60T Bailing Effect\" title=\"\" srcset=\"https:\/\/www.baler-machines.com\/wp-content\/uploads\/2019\/12\/40-60T-Bailing-Effect.webp 530w, https:\/\/www.baler-machines.com\/wp-content\/uploads\/2019\/12\/40-60T-Bailing-Effect-9x12.webp 9w\" sizes=\"auto, (max-width: 150px) 100vw, 150px\" \/><\/td><\/tr><tr><td>Effet de ballage de 100-120t<\/td><td><img loading=\"lazy\" decoding=\"async\" width=\"150\" height=\"219\" class=\"wp-image-4320\" style=\"width: 150px;\" src=\"https:\/\/www.baler-machines.com\/wp-content\/uploads\/2019\/12\/100-120T-Bailing-Effect.webp\" alt=\"100-120T Bailing Effect\" title=\"\" srcset=\"https:\/\/www.baler-machines.com\/wp-content\/uploads\/2019\/12\/100-120T-Bailing-Effect.webp 416w, https:\/\/www.baler-machines.com\/wp-content\/uploads\/2019\/12\/100-120T-Bailing-Effect-8x12.webp 8w\" sizes=\"auto, (max-width: 150px) 100vw, 150px\" \/><\/td><\/tr><\/tbody><\/table><figcaption class=\"wp-element-caption\">Effet de ballage de diff\u00e9rents balleuses<\/figcaption><\/figure>","protected":false},"excerpt":{"rendered":"<p>La presse \u00e0 balles hydraulique pour canettes en aluminium (machine de pressage de m\u00e9tal) est un \u00e9quipement de compactage de m\u00e9tal usag\u00e9 r\u00e9cemment con\u00e7u pour le recyclage de divers d\u00e9chets m\u00e9talliques, tels que les chutes d'aluminium, les t\u00f4les en fer, les d\u00e9chets d'acier, les coques de voiture d\u00e9sint\u00e9gr\u00e9es, etc. <\/p>","protected":false},"author":1,"featured_media":4267,"parent":0,"template":"","tags":[157,537,574],"product-type":[563],"class_list":["post-431","product","type-product","status-publish","has-post-thumbnail","hentry","tag-aluminum-can-baler","tag-hydraulic-baler","tag-recycle-baler","product-type-baler-machine"],"_links":{"self":[{"href":"https:\/\/www.baler-machines.com\/fr\/wp-json\/wp\/v2\/product\/431","targetHints":{"allow":["GET"]}}],"collection":[{"href":"https:\/\/www.baler-machines.com\/fr\/wp-json\/wp\/v2\/product"}],"about":[{"href":"https:\/\/www.baler-machines.com\/fr\/wp-json\/wp\/v2\/types\/product"}],"author":[{"embeddable":true,"href":"https:\/\/www.baler-machines.com\/fr\/wp-json\/wp\/v2\/users\/1"}],"wp:featuredmedia":[{"embeddable":true,"href":"https:\/\/www.baler-machines.com\/fr\/wp-json\/wp\/v2\/media\/4267"}],"wp:attachment":[{"href":"https:\/\/www.baler-machines.com\/fr\/wp-json\/wp\/v2\/media?parent=431"}],"wp:term":[{"taxonomy":"post_tag","embeddable":true,"href":"https:\/\/www.baler-machines.com\/fr\/wp-json\/wp\/v2\/tags?post=431"},{"taxonomy":"product-type","embeddable":true,"href":"https:\/\/www.baler-machines.com\/fr\/wp-json\/wp\/v2\/product-type?post=431"}],"curies":[{"name":"wp","href":"https:\/\/api.w.org\/{rel}","templated":true}]}}