{"id":4160,"date":"2025-03-19T16:22:01","date_gmt":"2025-03-19T08:22:01","guid":{"rendered":"https:\/\/www.baler-machines.com\/?post_type=product&#038;p=4160"},"modified":"2025-03-19T16:22:19","modified_gmt":"2025-03-19T08:22:19","slug":"h-i-beam-cold-bending-machine","status":"publish","type":"product","link":"https:\/\/www.baler-machines.com\/fr\/h-i-beam-cold-bending-machine\/","title":{"rendered":"Machine de flexion \u00e0 froid H &amp; I"},"content":{"rendered":"<p class=\"translation-block\">Cette <strong>machine de cintrage \u00e0 froid pour profil\u00e9s en I<\/strong> est un \u00e9quipement haute efficacit\u00e9 con\u00e7u pour le cintrage de profil\u00e9s en I, en H, de profil\u00e9s en U, de tubes ronds et carr\u00e9s, etc., largement utilis\u00e9 dans les domaines de la construction, des ponts et de la fabrication de structures en acier.<\/p>    <p>Les moisissures de cet \u00e9quipement peuvent \u00eatre personnalis\u00e9es en fonction de la demande de transmission hydraulique haute puissance.<\/p>    <p>Notre machine de flexion en arc automatique pour les poutres en acier I est conduite par hydrauliquement, avec une forte capacit\u00e9 de flexion et des performances op\u00e9rationnelles pr\u00e9cises, pour r\u00e9pondre \u00e0 la demande des clients pour un traitement \u00e0 haute pr\u00e9cision et \u00e0 haute efficacit\u00e9.<\/p>    <figure class=\"wp-block-embed is-type-video is-provider-youtube wp-block-embed-youtube wp-embed-aspect-16-9 wp-has-aspect-ratio\"><div class=\"wp-block-embed__wrapper\"> <iframe loading=\"lazy\" title=\"Vid\u00e9o de travail de la machine \u00e0 flexion froide \u00e0 faisceau et \u00e0 poutre H\" width=\"500\" height=\"281\" src=\"https:\/\/www.youtube.com\/embed\/SxgJiCJH_DM?feature=oembed\" frameborder=\"0\" allow=\"accelerometer; autoplay; clipboard-write; encrypted-media; gyroscope; picture-in-picture; web-share\" referrerpolicy=\"strict-origin-when-cross-origin\" allowfullscreen><\/iframe> <\/div><figcaption class=\"wp-element-caption\">Machine de flexion \u00e0 froid automatique pour les poutres en acier<\/figcaption><\/figure>    <h2 class=\"wp-block-heading\"><strong>Produits finaux de la machine \u00e0 flexion \u00e0 froid automatique en I-Paire<\/strong><\/h2>    <p>Notre machine de pliage de poutres H peut traiter tous les types de structures en acier courb\u00e9es, rondes et de formes sp\u00e9ciales. Les produits finis varient selon les demandes des clients et sont largement utilis\u00e9s dans des projets tels que des ponts, des tunnels, des m\u00e9tros, des autoroutes, des structures en acier de b\u00e2timents, des poutres d'usine, des panneaux d'affichage, etc. Diff\u00e9rentes formes de pliage de l'acier et pr\u00e9cisions sont d\u00e9montr\u00e9es :<\/p>    <figure class=\"wp-block-gallery has-nested-images columns-default is-cropped wp-block-gallery-2 is-layout-flex wp-block-gallery-is-layout-flex\"> <figure class=\"wp-block-image size-large\"><img loading=\"lazy\" decoding=\"async\" width=\"720\" height=\"540\" data-id=\"4167\" src=\"https:\/\/www.baler-machines.com\/wp-content\/uploads\/2025\/03\/end-products-of-I-steel-H-beam-bending-machine.webp\" alt=\"Produits finaux de la machine de flexion de poutre I Steel H\" class=\"wp-image-4167\" title=\"\" srcset=\"https:\/\/www.baler-machines.com\/wp-content\/uploads\/2025\/03\/end-products-of-I-steel-H-beam-bending-machine.webp 720w, https:\/\/www.baler-machines.com\/wp-content\/uploads\/2025\/03\/end-products-of-I-steel-H-beam-bending-machine-16x12.webp 16w\" sizes=\"auto, (max-width: 720px) 100vw, 720px\" \/><figcaption class=\"wp-element-caption\">Produits finaux de la machine de flexion de poutre I Steel H<\/figcaption><\/figure>    <figure class=\"wp-block-image size-large\"><img loading=\"lazy\" decoding=\"async\" width=\"720\" height=\"540\" data-id=\"4166\" src=\"https:\/\/www.baler-machines.com\/wp-content\/uploads\/2025\/03\/applications-of-automatic-H-beam-hydraulic-arch-bending-machine.webp\" alt=\"Applications de la machine de flexion \u00e0 arc hydraulique de faisceau H faisant automatique\" class=\"wp-image-4166\" title=\"\" srcset=\"https:\/\/www.baler-machines.com\/wp-content\/uploads\/2025\/03\/applications-of-automatic-H-beam-hydraulic-arch-bending-machine.webp 720w, https:\/\/www.baler-machines.com\/wp-content\/uploads\/2025\/03\/applications-of-automatic-H-beam-hydraulic-arch-bending-machine-16x12.webp 16w\" sizes=\"auto, (max-width: 720px) 100vw, 720px\" \/><figcaption class=\"wp-element-caption\">Applications de la machine de flexion \u00e0 arc hydraulique de faisceau H faisant automatique<\/figcaption><\/figure> <\/figure>    <h2 class=\"wp-block-heading\"><strong>Avantages de la machine de flexion de la vo\u00fbte hydraulique<\/strong><\/h2>    <p>Avec ses performances puissantes et son fonctionnement efficace, la machine \u00e0 flexion \u00e0 froid en I \u00e0 faisceau est devenue l'\u00e9quipement pr\u00e9f\u00e9r\u00e9 pour le traitement de flexion en I, ses principaux avantages comprennent:<\/p>    <ul class=\"wp-block-list\"> <li>Il fonctionne par le <strong>entra\u00eenement hydraulique<\/strong> avec une puissante capacit\u00e9 de flexion.<\/li>    <li>\u00c9quip\u00e9 d'un syst\u00e8me de contr\u00f4le intelligent, la machine \u00e0 flexion \u00e0 froid en I a <strong>Contr\u00f4le de haute pr\u00e9cision sur les angles de flexion<\/strong>.<\/li>    <li>Il y a un <strong>Plage de rayon de flexion r\u00e9glable de 2 m<\/strong>.<\/li>    <li><strong>En utilisant des pi\u00e8ces d'acier et de pr\u00e9cision de haute qualit\u00e9<\/strong>, la structure de l'\u00e9quipement est robuste et durable, adapt\u00e9e au traitement de profil de grande taille et \u00e0 haute r\u00e9sistance.<\/li>    <li>Le syst\u00e8me hydraulique fonctionne avec stage avec <strong>faible consommation d'\u00e9nergie<\/strong>, qui aide les clients \u00e0 <strong>r\u00e9duire les co\u00fbts d'exploitation<\/strong>.<\/li>    <li>Avec <strong>conception humanis\u00e9e et une interface de fonctionnement intuitive<\/strong>, m\u00eame le novice peut rapidement commencer.<\/li>    <li>La machine a <strong>diff\u00e9rentes sections de flexion (moules)<\/strong> pour r\u00e9pondre aux demandes de flexion en acier Difffente.<\/li> <\/ul>    <figure class=\"wp-block-gallery has-nested-images columns-default is-cropped wp-block-gallery-3 is-layout-flex wp-block-gallery-is-layout-flex\"> <figure class=\"wp-block-image size-large\"><img loading=\"lazy\" decoding=\"async\" width=\"720\" height=\"540\" data-id=\"4168\" src=\"https:\/\/www.baler-machines.com\/wp-content\/uploads\/2025\/03\/automatic-H-I-beam-arch-bending-machine.webp\" alt=\"Machine de flexion automatique de la flexion H&amp;I Beam.\" class=\"wp-image-4168\" title=\"\" srcset=\"https:\/\/www.baler-machines.com\/wp-content\/uploads\/2025\/03\/automatic-H-I-beam-arch-bending-machine.webp 720w, https:\/\/www.baler-machines.com\/wp-content\/uploads\/2025\/03\/automatic-H-I-beam-arch-bending-machine-16x12.webp 16w\" sizes=\"auto, (max-width: 720px) 100vw, 720px\" \/><figcaption class=\"wp-element-caption\">Machine de cintrage automatique de poutres H et I<\/figcaption><\/figure>    <figure class=\"wp-block-image size-large\"><img loading=\"lazy\" decoding=\"async\" width=\"720\" height=\"540\" data-id=\"4169\" src=\"https:\/\/www.baler-machines.com\/wp-content\/uploads\/2025\/03\/moulds-of-I-beam-cold-bending-machine.webp\" alt=\"Moules de machine \u00e0 flexion froide \u00e0 faisceau en I\" class=\"wp-image-4169\" title=\"\" srcset=\"https:\/\/www.baler-machines.com\/wp-content\/uploads\/2025\/03\/moulds-of-I-beam-cold-bending-machine.webp 720w, https:\/\/www.baler-machines.com\/wp-content\/uploads\/2025\/03\/moulds-of-I-beam-cold-bending-machine-16x12.webp 16w\" sizes=\"auto, (max-width: 720px) 100vw, 720px\" \/><figcaption class=\"wp-element-caption\">Moules de machine \u00e0 flexion froide \u00e0 faisceau en I<\/figcaption><\/figure> <\/figure>    <h2 class=\"wp-block-heading\"><strong>Param\u00e8tres techniques de la machine \u00e0 flexion \u00e0 froid H &amp; I<\/strong><\/h2>    <p>Les param\u00e8tres suivants sont pour votre r\u00e9f\u00e9rence lorsque vous choisissez l'\u00e9quipement. Nos informations de param\u00e8tre comprennent des mat\u00e9riaux adaptables, une puissance, une taille de machine, un poids, etc.<\/p>    <ul class=\"wp-block-list\"> <li><strong>Plage de traitement<\/strong>: 25# I-PORD, 140H Steel \/ 14 canaux en acier, 150 tube ronde \/ tube carr\u00e9 150<\/li>    <li><strong>Puissance totale<\/strong>: 3 + 3 + 3kw<\/li>    <li><strong>Plage de rayon de flexion<\/strong>: 2m<\/li>    <li><strong>Pression du syst\u00e8me hydraulique<\/strong>: 16MPA<\/li>    <li><strong>Vitesse de roue d'entra\u00eenement principale<\/strong>: 7.7r \/ min<\/li>    <li><strong>Poids de la machine<\/strong>: environ 1600kg<\/li>    <li><strong>Dimensions globales<\/strong>: 250 * 150 * 80cm<\/li> <\/ul>    <h2 class=\"wp-block-heading\"><strong>Qu'en est-il du prix de la machine \u00e0 flexion froide \u00e0 faire \u00e0 l'offre \u00e0 faire?<\/strong><\/h2>    <p>Le prix de notre machine \u00e0 flexion de faisceau H \/ I est affect\u00e9 par le mod\u00e8le d'\u00e9quipement, la configuration du syst\u00e8me hydraulique, les exigences de personnalisation, etc. <\/p>    <ul class=\"wp-block-list\"> <li><strong>Sp\u00e9cifications de l'\u00e9quipement<\/strong>: Plus la plage de traitement est grande et plus l'\u00e9quipement est puissant, plus le prix est \u00e9lev\u00e9.<\/li>    <li><strong>Niveau de configuration<\/strong>: s'il est \u00e9quip\u00e9 d'un syst\u00e8me de contr\u00f4le num\u00e9rique CNC, de niveau du syst\u00e8me hydraulique, etc.<\/li>    <li><strong>Besoins de personnalisation<\/strong>un design personnalis\u00e9 selon les besoins sp\u00e9cifiques du client peut augmenter le co\u00fbt.<\/li> <\/ul>    <p>Shuliy adh\u00e8re toujours au principe des performances \u00e0 co\u00fbt \u00e9lev\u00e9 et offre aux clients un \u00e9quipement de haute qualit\u00e9 et un service parfait. Si vous avez besoin d'une citation d\u00e9taill\u00e9e, veuillez nous contacter et nous fournirons la solution la plus appropri\u00e9e en fonction de vos besoins.<\/p>   <div class=\"wp-block-image\"> <figure class=\"aligncenter size-full\"><img loading=\"lazy\" decoding=\"async\" width=\"720\" height=\"540\" src=\"https:\/\/www.baler-machines.com\/wp-content\/uploads\/2025\/03\/special-equipment-for-tunnel-U-beam-arch-support.webp\" alt=\"\u00c9quipement sp\u00e9cial pour le support d&#039;arc de tunnel en U-Bream\" class=\"wp-image-4172\" title=\"\" srcset=\"https:\/\/www.baler-machines.com\/wp-content\/uploads\/2025\/03\/special-equipment-for-tunnel-U-beam-arch-support.webp 720w, https:\/\/www.baler-machines.com\/wp-content\/uploads\/2025\/03\/special-equipment-for-tunnel-U-beam-arch-support-16x12.webp 16w\" sizes=\"auto, (max-width: 720px) 100vw, 720px\" \/><figcaption class=\"wp-element-caption\">\u00c9quipement sp\u00e9cial pour le support d'arc de tunnel en U-Bream<\/figcaption><\/figure> <\/div>   <h2 class=\"wp-block-heading\"><strong>Service sur la machine \u00e0 flexion \u00e0 froid hydraulique I-Paire<\/strong><\/h2>    <p>Nous fournissons non seulement une machine \u00e0 flexion de faisceau H de haute qualit\u00e9, mais nous prenons \u00e9galement en charge la fourniture d'un support technique complet et d'un service apr\u00e8s-vente. Nous nous assurons que tous les aspects de l'\u00e9quipement de l'achat \u00e0 l'utilisation sont lisses et sans souci.<\/p>    <ul class=\"wp-block-list\"> <li><strong>Conseil des pr\u00e9ventes<\/strong>: Recommander le bon mod\u00e8le d'\u00e9quipement et la configuration en fonction des besoins des clients.<\/li>    <li><strong>Installation et mise en service<\/strong>: Avant de quitter l'usine, installez et d\u00e9boguez l'\u00e9quipement pour assurer un fonctionnement normal.<\/li>    <li><strong>Formation de l'op\u00e9ration<\/strong>: Fournir aux clients une formation d\u00e9taill\u00e9e pour aider les op\u00e9rateurs \u00e0 ma\u00eetriser rapidement l'utilisation de l'\u00e9quipement.<\/li>    <li><strong>Entretien apr\u00e8s-vente<\/strong>: Fournir un support apr\u00e8s-vente \u00e0 long terme, y compris les services de maintenance, de d\u00e9pannage et de mise \u00e0 niveau technique r\u00e9guliers.<\/li>    <li><strong>Fourniture de pi\u00e8ces<\/strong>: Assurez-vous l'offre en temps opportun des pi\u00e8ces d'origine pour prolonger la dur\u00e9e de vie de l'\u00e9quipement.<\/li> <\/ul>    <p>Notre \u00e9quipe de services est en veille 24 heures sur 24 pour r\u00e9soudre des probl\u00e8mes pour les clients et s'assurer que l'\u00e9quipement est toujours en meilleure condition.<\/p>    <figure class=\"wp-block-gallery has-nested-images columns-default is-cropped wp-block-gallery-4 is-layout-flex wp-block-gallery-is-layout-flex\"> <figure class=\"wp-block-image size-large\"><img loading=\"lazy\" decoding=\"async\" width=\"720\" height=\"540\" data-id=\"4170\" src=\"https:\/\/www.baler-machines.com\/wp-content\/uploads\/2025\/03\/hydrualic-arch-bending-machine-for-I-H-beam.webp\" alt=\"Machine de flexion de la vo\u00fbte en arc hydrauque pour le faisceau\" class=\"wp-image-4170\" title=\"\" srcset=\"https:\/\/www.baler-machines.com\/wp-content\/uploads\/2025\/03\/hydrualic-arch-bending-machine-for-I-H-beam.webp 720w, https:\/\/www.baler-machines.com\/wp-content\/uploads\/2025\/03\/hydrualic-arch-bending-machine-for-I-H-beam-16x12.webp 16w\" sizes=\"auto, (max-width: 720px) 100vw, 720px\" \/><figcaption class=\"wp-element-caption\">Machine de flexion de la vo\u00fbte en arc hydrauque pour le faisceau<\/figcaption><\/figure>    <figure class=\"wp-block-image size-large\"><img loading=\"lazy\" decoding=\"async\" width=\"720\" height=\"540\" data-id=\"4171\" src=\"https:\/\/www.baler-machines.com\/wp-content\/uploads\/2025\/03\/I-steel-H-beam-bending-machine-from-Shuliy.webp\" alt=\"I ICEAU H MACHINE DE BADENDE DE BOURNE DE CHOSE DE\" class=\"wp-image-4171\" title=\"\" srcset=\"https:\/\/www.baler-machines.com\/wp-content\/uploads\/2025\/03\/I-steel-H-beam-bending-machine-from-Shuliy.webp 720w, https:\/\/www.baler-machines.com\/wp-content\/uploads\/2025\/03\/I-steel-H-beam-bending-machine-from-Shuliy-16x12.webp 16w\" sizes=\"auto, (max-width: 720px) 100vw, 720px\" \/><figcaption class=\"wp-element-caption\">I ICEAU H MACHINE DE BADENDE DE BOURNE DE CHOSE DE<\/figcaption><\/figure> <\/figure>    <p class=\"translation-block\">En tant que fabricant professionnel d'\u00e9quipements de manutention de barres d'armature, nous avons \u00e9galement une <a href=\"https:\/\/www.baler-machines.com\/fr\/rebar-straightening-machine\/\">machine \u00e0 redresser les barres d'armature<\/a>, une <a href=\"https:\/\/www.baler-machines.com\/fr\/cnc-tube-bending-machine\/\">machine \u00e0 cintrer les tubes<\/a> et une machine \u00e0 cintrer les \u00e9triers \u00e0 choisir. Pour plus de d\u00e9tails ou pour obtenir le dernier devis, n'h\u00e9sitez pas \u00e0 nous contacter pour b\u00e9n\u00e9ficier de votre activit\u00e9 de traitement de <a href=\"https:\/\/en.wikipedia.org\/wiki\/Rebar\" target=\"_blank\" rel=\"noopener\">barres d'armature<\/a> !<\/p>","protected":false},"excerpt":{"rendered":"<p>Cette machine de pliage \u00e0 froid de poutres en I est con\u00e7ue pour plier des poutres en I, des poutres en H, des aciers en U, des tubes ronds et carr\u00e9s, etc. avec un entra\u00eenement hydraulique.<\/p>","protected":false},"author":1,"featured_media":4163,"parent":0,"template":"","tags":[641,643],"product-type":[640],"class_list":["post-4160","product","type-product","status-publish","has-post-thumbnail","hentry","tag-rebar","tag-steel-bar","product-type-rebar-processing-equipment"],"_links":{"self":[{"href":"https:\/\/www.baler-machines.com\/fr\/wp-json\/wp\/v2\/product\/4160","targetHints":{"allow":["GET"]}}],"collection":[{"href":"https:\/\/www.baler-machines.com\/fr\/wp-json\/wp\/v2\/product"}],"about":[{"href":"https:\/\/www.baler-machines.com\/fr\/wp-json\/wp\/v2\/types\/product"}],"author":[{"embeddable":true,"href":"https:\/\/www.baler-machines.com\/fr\/wp-json\/wp\/v2\/users\/1"}],"wp:featuredmedia":[{"embeddable":true,"href":"https:\/\/www.baler-machines.com\/fr\/wp-json\/wp\/v2\/media\/4163"}],"wp:attachment":[{"href":"https:\/\/www.baler-machines.com\/fr\/wp-json\/wp\/v2\/media?parent=4160"}],"wp:term":[{"taxonomy":"post_tag","embeddable":true,"href":"https:\/\/www.baler-machines.com\/fr\/wp-json\/wp\/v2\/tags?post=4160"},{"taxonomy":"product-type","embeddable":true,"href":"https:\/\/www.baler-machines.com\/fr\/wp-json\/wp\/v2\/product-type?post=4160"}],"curies":[{"name":"wp","href":"https:\/\/api.w.org\/{rel}","templated":true}]}}