{"id":4147,"date":"2025-03-12T17:47:04","date_gmt":"2025-03-12T09:47:04","guid":{"rendered":"https:\/\/www.baler-machines.com\/?post_type=product&#038;p=4147"},"modified":"2025-03-13T15:52:46","modified_gmt":"2025-03-13T07:52:46","slug":"steel-bar-bending-machine","status":"publish","type":"product","link":"https:\/\/www.baler-machines.com\/fr\/steel-bar-bending-machine\/","title":{"rendered":"Machine de flexion automatique de la barre en acier CNC"},"content":{"rendered":"<p class=\"translation-block\">Notre <strong>machine de cintrage d'armature<\/strong> est con\u00e7ue pour le pliage pr\u00e9cis de l'acier rond et de l'acier filet\u00e9, largement utilis\u00e9e dans la construction, les ponts, les tunnels, les autoroutes et autres projets. La plage de pliage de l'acier rond est &lt;60mm et de l&#039;acier filet\u00e9 &lt;50mm. La vitesse de pliage est de 12m par minute. <\/p>    <p>\u00c9quip\u00e9 d'un syst\u00e8me de contr\u00f4le num\u00e9rique CNC avanc\u00e9, il peut facilement r\u00e9aliser le contr\u00f4le pr\u00e9cis de l'angle et de la longueur de flexion des barres d'armature. Int\u00e9ress\u00e9? Si oui, contactez-nous \u00e0 tout moment pour plus de d\u00e9tails!<\/p>    <figure class=\"wp-block-embed is-type-video is-provider-youtube wp-block-embed-youtube wp-embed-aspect-16-9 wp-has-aspect-ratio\"><div class=\"wp-block-embed__wrapper\"> <iframe loading=\"lazy\" title=\"Machine de flexion des barres d&#039;armature pour l&#039;acier rond et la flexion en acier filet\u00e9 | Comment fonctionne la cintreuse en acier?\" width=\"500\" height=\"281\" src=\"https:\/\/www.youtube.com\/embed\/XM4ipP_scrY?feature=oembed\" frameborder=\"0\" allow=\"accelerometer; autoplay; clipboard-write; encrypted-media; gyroscope; picture-in-picture; web-share\" referrerpolicy=\"strict-origin-when-cross-origin\" allowfullscreen><\/iframe> <\/div><figcaption class=\"wp-element-caption\">Machine de flexion des barres d'armature<\/figcaption><\/figure>    <h2 class=\"wp-block-heading\"><strong>Avantages de la machine de flexion automatique des barres en acier<\/strong><\/h2>    <ul class=\"wp-block-list\"> <li>Il a un <strong>Syst\u00e8me CNC<\/strong> Pour contr\u00f4ler avec pr\u00e9cision l'angle de flexion des barres d'armature et la longueur.<\/li>    <li>Cette machine \u00e0 cintre <strong>Convient pour l'acier rond et l'acier filet\u00e9<\/strong> flexion.<\/li>    <li><strong>Diverses formes de flexion des barres d'armature peuvent \u00eatre effectu\u00e9es<\/strong> pour r\u00e9pondre \u00e0 diff\u00e9rents besoins.<\/li>    <li>La machine convient au <strong>Production de composants structurels complexes tels que les cadres en acier, les cerceaux et les membres du pont<\/strong>.<\/li> <\/ul>    <figure class=\"wp-block-gallery aligncenter has-nested-images columns-default is-cropped wp-block-gallery-2 is-layout-flex wp-block-gallery-is-layout-flex\"> <figure class=\"wp-block-image size-full\"><img loading=\"lazy\" decoding=\"async\" width=\"720\" height=\"540\" data-id=\"4154\" src=\"https:\/\/www.baler-machines.com\/wp-content\/uploads\/2025\/03\/different-shapes-of-bent-reinforcing-bar.webp\" alt=\"diff\u00e9rentes formes de barre de renforcement courb\u00e9e\" class=\"wp-image-4154\" title=\"\" srcset=\"https:\/\/www.baler-machines.com\/wp-content\/uploads\/2025\/03\/different-shapes-of-bent-reinforcing-bar.webp 720w, https:\/\/www.baler-machines.com\/wp-content\/uploads\/2025\/03\/different-shapes-of-bent-reinforcing-bar-16x12.webp 16w\" sizes=\"auto, (max-width: 720px) 100vw, 720px\" \/><figcaption class=\"wp-element-caption\">Diff\u00e9rentes formes de barre de renforcement courb\u00e9e<\/figcaption><\/figure>    <figure class=\"wp-block-image size-full\"><img loading=\"lazy\" decoding=\"async\" width=\"720\" height=\"540\" data-id=\"4155\" src=\"https:\/\/www.baler-machines.com\/wp-content\/uploads\/2025\/03\/bent-steel-bars.webp\" alt=\"Barres en acier pli\u00e9es\" class=\"wp-image-4155\" title=\"\" srcset=\"https:\/\/www.baler-machines.com\/wp-content\/uploads\/2025\/03\/bent-steel-bars.webp 720w, https:\/\/www.baler-machines.com\/wp-content\/uploads\/2025\/03\/bent-steel-bars-16x12.webp 16w\" sizes=\"auto, (max-width: 720px) 100vw, 720px\" \/><figcaption class=\"wp-element-caption\">Barres en acier pli\u00e9es<\/figcaption><\/figure> <\/figure>    <h2 class=\"wp-block-heading\"><strong>Param\u00e8tres techniques de la machine de flexion de la barre en acier CNC<\/strong><\/h2>    <p>Nous avons neuf types de machines \u00e0 barre de bar disponibles \u00e0 la vente. Depuis le tableau ci-dessous, vous savez que diff\u00e9rents mod\u00e8les ont des gammes de flexions, des tailles et des poids de flexion diff\u00e9rents. Ce tableau est pour votre r\u00e9f\u00e9rence lorsque vous choisissez la machine de flexion de la barre ronde en acier.<\/p>    <figure class=\"wp-block-table\"><table><tbody><tr><td>Mod\u00e8le<\/td><td>Gamme de flexion<\/td><td>Vitesse de flexion<\/td><td>Tension d'entr\u00e9e<\/td><td>Taille globale<\/td><td class=\"has-text-align-left\" data-align=\"left\">Puissance du moteur<\/td><td>Vitesse du moteur<\/td><td>Poids<\/td><\/tr><tr><td>40<\/td><td>Acier rond \u226432 mm<br>Acier filet\u00e9 \u226428 mm<\/td><td>12m \/ min<\/td><td>380 V trois phases<\/td><td>810*760\u2033830mm<\/td><td class=\"has-text-align-left\" data-align=\"left\">3KW<br>(fil de cuivre)<\/td><td>1440r \/ min<\/td><td>220 kg<\/td><\/tr><tr><td>40h<\/td><td>Acier rond: 34 mm<br>Acier filet\u00e9 \u226432 mm<\/td><td>12m \/ min<\/td><td>380 V trois phases<\/td><td>830 * 770 * 830 mm<\/td><td class=\"has-text-align-left\" data-align=\"left\">3KW<br>(fil de cuivre)<\/td><td>1440r \/ min<\/td><td>225 kg<\/td><\/tr><tr><td>42<\/td><td>Acier rond: 34 mm<br>Acier filet\u00e9 \u226432 mm<\/td><td>12m \/ min<\/td><td>380 V trois phases<\/td><td>830 * 750 * 840 mm<\/td><td class=\"has-text-align-left\" data-align=\"left\">3KW<br>(fil de cuivre)<\/td><td>1440r \/ min<\/td><td>270 kg<\/td><\/tr><tr><td>45<\/td><td>Acier rond &lt;40 mm<br>Acier filet\u00e9 \u226434 mm<\/td><td>12m \/ min<\/td><td>380 V trois phases<\/td><td>850 * 750 * 830 mm<\/td><td class=\"has-text-align-left\" data-align=\"left\">4KW<br>(fil de cuivre)<\/td><td>1440r \/ min<\/td><td>290 kg<\/td><\/tr><tr><td>45<br>(CNC)<\/td><td>Acier rond &lt;40 mm<br>Acier filet\u00e9 \u226434 mm<\/td><td>12m \/ min<\/td><td>380 V trois phases<\/td><td>850 * 750 * 830 mm<\/td><td class=\"has-text-align-left\" data-align=\"left\">4KW<br>(fil de cuivre)<\/td><td>1440r \/ min<\/td><td>300 kg<\/td><\/tr><tr><td>50<\/td><td>Acier rond \u2264 50 mm<br>Acier filet\u00e9 \u226445 mm<\/td><td>12m \/ min<\/td><td>380 V trois phases<\/td><td>950 * 850 * 850 mm<\/td><td class=\"has-text-align-left\" data-align=\"left\">4KW<br>(Fil en acier)<\/td><td>1440r \/ min<\/td><td>320 kg<\/td><\/tr><tr><td>50<br>(CNC)<\/td><td>Acier rond \u2264 30 mm<br>Acier filet\u00e9 \u226428 mm<\/td><td>12m \/ min<\/td><td>380 V trois phases<\/td><td>950 * 850 * 850 mm<\/td><td class=\"has-text-align-left\" data-align=\"left\">4KW<br>(Fil en acier)<\/td><td>1440r \/ min<\/td><td>325 kg<\/td><\/tr><tr><td>60<\/td><td>Acier rond &lt;60 mm<br>Acier filet\u00e9 &lt;50 mm<\/td><td>12m \/ min<\/td><td>380 V trois phases<\/td><td>\/<\/td><td class=\"has-text-align-left\" data-align=\"left\">5,5 kW<br>(Norme nationale)<\/td><td>1440r \/ min<\/td><td>420 kg<\/td><\/tr><tr><td>60<br>(CNC)<\/td><td><br>Acier rond &lt;60 mm<br>Acier filet\u00e9 &lt;50 mm<\/td><td>12m \/ min<\/td><td>380 V trois phases<\/td><td>1050 * 870 * 900 mm<\/td><td class=\"has-text-align-left\" data-align=\"left\">5,5 kW<br>(Norme nationale)<\/td><td>1440r \/ min<\/td><td>425 kg<\/td><\/tr><\/tbody><\/table><figcaption class=\"wp-element-caption\">Sp\u00e9cifications de la machine de flexion des barres d'armature de Shuliy<\/figcaption><\/figure>   <div class=\"wp-block-image\"> <figure class=\"aligncenter size-full\"><img loading=\"lazy\" decoding=\"async\" width=\"720\" height=\"540\" src=\"https:\/\/www.baler-machines.com\/wp-content\/uploads\/2025\/03\/automatic-CNC-steel-bar-bending-machine.webp\" alt=\"Machine de flexion automatique de la barre en acier CNC\" class=\"wp-image-4158\" title=\"\" srcset=\"https:\/\/www.baler-machines.com\/wp-content\/uploads\/2025\/03\/automatic-CNC-steel-bar-bending-machine.webp 720w, https:\/\/www.baler-machines.com\/wp-content\/uploads\/2025\/03\/automatic-CNC-steel-bar-bending-machine-16x12.webp 16w\" sizes=\"auto, (max-width: 720px) 100vw, 720px\" \/><figcaption class=\"wp-element-caption\">Machine de flexion automatique de la barre en acier CNC<\/figcaption><\/figure> <\/div>   <h2 class=\"wp-block-heading\"><strong>Structure de la machine de cintreuse \u00e0 barre en acier automatique<\/strong><\/h2>    <p>Les principaux composants structurels de l'\u00e9quipement sont le rouleau de mat\u00e9riau, la bande, le disque rond, le panneau de commande, etc. illustr\u00e9 dans l'image ci-dessous pour votre r\u00e9f\u00e9rence.<\/p>   <div class=\"wp-block-image\"> <figure class=\"aligncenter size-full\"><img loading=\"lazy\" decoding=\"async\" width=\"720\" height=\"540\" src=\"https:\/\/www.baler-machines.com\/wp-content\/uploads\/2025\/03\/structure-of-CNC-steel-bar-bending-machine.webp\" alt=\"Structure de la machine de flexion de la barre en acier CNC\" class=\"wp-image-4149\" title=\"\" srcset=\"https:\/\/www.baler-machines.com\/wp-content\/uploads\/2025\/03\/structure-of-CNC-steel-bar-bending-machine.webp 720w, https:\/\/www.baler-machines.com\/wp-content\/uploads\/2025\/03\/structure-of-CNC-steel-bar-bending-machine-16x12.webp 16w\" sizes=\"auto, (max-width: 720px) 100vw, 720px\" \/><figcaption class=\"wp-element-caption\">Structure de la machine de flexion de la barre en acier CNC<\/figcaption><\/figure> <\/div>   <h2 class=\"wp-block-heading\"><strong>Quel est le prix de la machine \u00e0 plier les barres en acier ?<\/strong><\/h2>    <p>Le prix d'une machine \u00e0 bender \u00e0 barre varie selon le mod\u00e8le, le degr\u00e9 d'automatisation et d'autres facteurs. Shuliy propose un large \u00e9ventail de mod\u00e8les \u00e0 choisir, et vous pouvez choisir un adaptation pour votre entreprise de traitement de la barre en acier.<\/p>    <p>Bienvenue \u00e0 nous contacter pour le dernier devis et le support technique afin de fournir des solutions efficaces pour votre traitement des barres d'armature!<\/p>    <h2 class=\"wp-block-heading\"><strong>Shuliy: fabricant de machines de flexion de barre en acier CNC fiables<\/strong><\/h2>    <p>Parmi les nombreux fabricants de machines de flexion de barres en acier sur le march\u00e9, pourquoi Shuliy se d\u00e9marque-t-il? Principalement parce que:<\/p>    <p class=\"translation-block\"><strong>Machines de qualit\u00e9 et choix multiples<\/strong><\/p>    <p>Shuliy propose une large gamme de machines \u00e0 plier les barres d'armature de haute qualit\u00e9 et haute performance pour r\u00e9pondre aux besoins d'une vari\u00e9t\u00e9 de clients. Que ce soit une machine \u00e0 plier standard ou une machine \u00e0 plier les barres d'armature CNC, nous avons une machine adapt\u00e9e \u00e0 chaque exigence de traitement et \u00e0 chaque budget. <\/p>    <figure class=\"wp-block-gallery has-nested-images columns-default is-cropped wp-block-gallery-3 is-layout-flex wp-block-gallery-is-layout-flex\"> <figure class=\"wp-block-image size-full\"><img loading=\"lazy\" decoding=\"async\" width=\"720\" height=\"540\" data-id=\"4157\" src=\"https:\/\/www.baler-machines.com\/wp-content\/uploads\/2025\/03\/bar-bending-machine-made-of-good-materials.webp\" alt=\"machine \u00e0 plier les barres fabriqu\u00e9e avec de bons mat\u00e9riaux\" class=\"wp-image-4157\" title=\"\" srcset=\"https:\/\/www.baler-machines.com\/wp-content\/uploads\/2025\/03\/bar-bending-machine-made-of-good-materials.webp 720w, https:\/\/www.baler-machines.com\/wp-content\/uploads\/2025\/03\/bar-bending-machine-made-of-good-materials-16x12.webp 16w\" sizes=\"auto, (max-width: 720px) 100vw, 720px\" \/><figcaption class=\"wp-element-caption\">Machine de flexion \u00e0 barres en bons mat\u00e9riaux<\/figcaption><\/figure>    <figure class=\"wp-block-image size-large\"><img loading=\"lazy\" decoding=\"async\" width=\"720\" height=\"540\" data-id=\"4152\" src=\"https:\/\/www.baler-machines.com\/wp-content\/uploads\/2025\/03\/quality-material-for-bar-bender-machine.webp\" alt=\"mat\u00e9riau de qualit\u00e9 pour la machine \u00e0 plier les barres\" class=\"wp-image-4152\" title=\"\" srcset=\"https:\/\/www.baler-machines.com\/wp-content\/uploads\/2025\/03\/quality-material-for-bar-bender-machine.webp 720w, https:\/\/www.baler-machines.com\/wp-content\/uploads\/2025\/03\/quality-material-for-bar-bender-machine-16x12.webp 16w\" sizes=\"auto, (max-width: 720px) 100vw, 720px\" \/><figcaption class=\"wp-element-caption\">Mat\u00e9riel de qualit\u00e9 pour la machine \u00e0 bende \u00e0 barres<\/figcaption><\/figure> <\/figure>    <figure class=\"wp-block-gallery has-nested-images columns-default is-cropped wp-block-gallery-4 is-layout-flex wp-block-gallery-is-layout-flex\"> <figure class=\"wp-block-image size-large\"><img loading=\"lazy\" decoding=\"async\" width=\"720\" height=\"540\" data-id=\"4153\" src=\"https:\/\/www.baler-machines.com\/wp-content\/uploads\/2025\/03\/reliable-round-disc-for-rebar-bending-machine.webp\" alt=\"disque rond fiable pour la machine \u00e0 plier les barres d&#039;armature\" class=\"wp-image-4153\" title=\"\" srcset=\"https:\/\/www.baler-machines.com\/wp-content\/uploads\/2025\/03\/reliable-round-disc-for-rebar-bending-machine.webp 720w, https:\/\/www.baler-machines.com\/wp-content\/uploads\/2025\/03\/reliable-round-disc-for-rebar-bending-machine-16x12.webp 16w\" sizes=\"auto, (max-width: 720px) 100vw, 720px\" \/><figcaption class=\"wp-element-caption\">Disque rond fiable pour la machine \u00e0 flexion des barres d'armature<\/figcaption><\/figure>    <figure class=\"wp-block-image size-large\"><img loading=\"lazy\" decoding=\"async\" width=\"720\" height=\"540\" data-id=\"4156\" src=\"https:\/\/www.baler-machines.com\/wp-content\/uploads\/2025\/03\/main-part-for-different-bent-bar-shapes.webp\" alt=\"partie principale pour diff\u00e9rentes formes de barres cintr\u00e9es\" class=\"wp-image-4156\" title=\"\" srcset=\"https:\/\/www.baler-machines.com\/wp-content\/uploads\/2025\/03\/main-part-for-different-bent-bar-shapes.webp 720w, https:\/\/www.baler-machines.com\/wp-content\/uploads\/2025\/03\/main-part-for-different-bent-bar-shapes-16x12.webp 16w\" sizes=\"auto, (max-width: 720px) 100vw, 720px\" \/><figcaption class=\"wp-element-caption\">Partie principale pour diff\u00e9rentes formes de barre pli\u00e9es<\/figcaption><\/figure> <\/figure>    <p class=\"translation-block\"><strong>Support technique et services complets<\/strong><\/p>    <p>De l'installation et de la mise en service, de la formation des op\u00e9rations, du d\u00e9pannage et de la maintenance, notre \u00e9quipe professionnelle est toujours pr\u00eate \u00e0 aider les clients \u00e0 s'assurer que l'\u00e9quipement fonctionne toujours efficacement. Dans le m\u00eame temps, nous fournissons des conseils \u00e0 distance et un support sur place, afin que les clients puissent l'utiliser sans souci.<\/p>    <p class=\"translation-block\"><strong>Prix de machine abordable<\/strong><\/p>    <p>Shuliy adh\u00e8re toujours au principe de haute qualit\u00e9 et de prix raisonnable pour s'assurer que les clients peuvent obtenir des \u00e9quipements de haute qualit\u00e9 \u00e0 un co\u00fbt d'investissement faible. Nos machines de flexion de bar en acier pr\u00e9sentent des avantages \u00e9vidents dans les performances, la durabilit\u00e9 et l'automatisation, tandis que le prix est plus comp\u00e9titif, vraiment rentable.<\/p>   <div class=\"wp-block-image\"> <figure class=\"aligncenter size-full\"><img loading=\"lazy\" decoding=\"async\" width=\"720\" height=\"540\" src=\"https:\/\/www.baler-machines.com\/wp-content\/uploads\/2025\/03\/steel-round-bar-bending-machine.webp\" alt=\"Machine de flexion de la barre ronde en acier\" class=\"wp-image-4150\" title=\"\" srcset=\"https:\/\/www.baler-machines.com\/wp-content\/uploads\/2025\/03\/steel-round-bar-bending-machine.webp 720w, https:\/\/www.baler-machines.com\/wp-content\/uploads\/2025\/03\/steel-round-bar-bending-machine-16x12.webp 16w\" sizes=\"auto, (max-width: 720px) 100vw, 720px\" \/><figcaption class=\"wp-element-caption\">Machine de flexion de la barre ronde en acier CNC<\/figcaption><\/figure> <\/div>   <h2 class=\"wp-block-heading\"><strong>Comment choisir une machine de flexion de barreaux d'armature appropri\u00e9e?<\/strong><\/h2>    <p>Lors de l'achat d'une machine \u00e0 flexion de barre en acier, vous devez consid\u00e9rer les facteurs suivants:<\/p>    <ul class=\"wp-block-list\"> <li><strong>Gamme de barres d'armature<\/strong>: Choisissez le type d'\u00e9quipement qui peut r\u00e9pondre \u00e0 leurs besoins de traitement.<\/li>    <li><strong>Exigences d'angle de flexion<\/strong>: Diff\u00e9rents projets ont des exigences diff\u00e9rentes pour la pr\u00e9cision angulaire, alors choisissez le syst\u00e8me CNC appropri\u00e9.<\/li>    <li><strong>Degr\u00e9 d'automatisation<\/strong>: L'\u00e9quipement CNC est plus efficace que l'\u00e9quipement manuel ou semi-automatique traditionnel, plus adapt\u00e9 \u00e0 la production de masse.<\/li>    <li><strong>Marque et service apr\u00e8s-vente<\/strong>: Choisissez un fabricant avec une exp\u00e9rience riche et un support apr\u00e8s-vente mondial comme Shuliy pour assurer un fonctionnement stable \u00e0 long terme de l'\u00e9quipement.<\/li> <\/ul>   <div class=\"wp-block-image\"> <figure class=\"aligncenter size-full\"><img loading=\"lazy\" decoding=\"async\" width=\"720\" height=\"540\" src=\"https:\/\/www.baler-machines.com\/wp-content\/uploads\/2025\/03\/industrial-rebar-bending-machine.webp\" alt=\"Machine de flexion des barres d&#039;armature industrielle\" class=\"wp-image-4151\" title=\"\" srcset=\"https:\/\/www.baler-machines.com\/wp-content\/uploads\/2025\/03\/industrial-rebar-bending-machine.webp 720w, https:\/\/www.baler-machines.com\/wp-content\/uploads\/2025\/03\/industrial-rebar-bending-machine-16x12.webp 16w\" sizes=\"auto, (max-width: 720px) 100vw, 720px\" \/><figcaption class=\"wp-element-caption\">Machine de flexion des barres d'armature industrielle<\/figcaption><\/figure> <\/div>   <h2 class=\"wp-block-heading\"><strong>Contactez-nous pour plus d'informations!<\/strong><\/h2>    <p class=\"translation-block\">Si vous recherchez une machine de cintrage d'armature efficace, pr\u00e9cise et fiable, notre machine de cintrage d'armature CNC sera votre choix id\u00e9al. Qu'il s'agisse d'armature ronde ou filet\u00e9e, cette machine peut r\u00e9pondre \u00e0 vos divers besoins et vous aider \u00e0 r\u00e9aliser vos projets efficacement.<\/p>    <p class=\"translation-block\">En plus de cette machine, nous avons \u00e9galement une <a href=\"https:\/\/www.baler-machines.com\/fr\/cnc-spiral-rebar-bending-machine\/\">machine d'arrondi d'\u00e9trier CNC<\/a>, une <a href=\"https:\/\/www.baler-machines.com\/fr\/rebar-straightening-machine\/\">machine de redressage de barres<\/a>, une cintreuse d'\u00e9triers et ainsi de suite. Contactez-nous d\u00e8s aujourd'hui pour plus de d\u00e9tails sur les produits et des solutions personnalis\u00e9es !<\/p>","protected":false},"excerpt":{"rendered":"<p>Notre machine \u00e0 flexion de la barre d'acier peut plier avec pr\u00e9cision l'acier rond et les barres d'armature, largement utilis\u00e9es dans la construction, les ponts, les autoroutes et autres.<\/p>","protected":false},"author":1,"featured_media":4148,"parent":0,"template":"","tags":[641,643],"product-type":[640],"class_list":["post-4147","product","type-product","status-publish","has-post-thumbnail","hentry","tag-rebar","tag-steel-bar","product-type-rebar-processing-equipment"],"_links":{"self":[{"href":"https:\/\/www.baler-machines.com\/fr\/wp-json\/wp\/v2\/product\/4147","targetHints":{"allow":["GET"]}}],"collection":[{"href":"https:\/\/www.baler-machines.com\/fr\/wp-json\/wp\/v2\/product"}],"about":[{"href":"https:\/\/www.baler-machines.com\/fr\/wp-json\/wp\/v2\/types\/product"}],"author":[{"embeddable":true,"href":"https:\/\/www.baler-machines.com\/fr\/wp-json\/wp\/v2\/users\/1"}],"wp:featuredmedia":[{"embeddable":true,"href":"https:\/\/www.baler-machines.com\/fr\/wp-json\/wp\/v2\/media\/4148"}],"wp:attachment":[{"href":"https:\/\/www.baler-machines.com\/fr\/wp-json\/wp\/v2\/media?parent=4147"}],"wp:term":[{"taxonomy":"post_tag","embeddable":true,"href":"https:\/\/www.baler-machines.com\/fr\/wp-json\/wp\/v2\/tags?post=4147"},{"taxonomy":"product-type","embeddable":true,"href":"https:\/\/www.baler-machines.com\/fr\/wp-json\/wp\/v2\/product-type?post=4147"}],"curies":[{"name":"wp","href":"https:\/\/api.w.org\/{rel}","templated":true}]}}