{"id":411,"date":"2019-12-13T10:51:22","date_gmt":"2019-12-13T10:51:22","guid":{"rendered":"https:\/\/www.baler-machines.com\/?p=411"},"modified":"2024-11-29T10:49:47","modified_gmt":"2024-11-29T02:49:47","slug":"horizontal-metal-chips-briquetting-machine","status":"publish","type":"product","link":"https:\/\/www.baler-machines.com\/fr\/horizontal-metal-chips-briquetting-machine\/","title":{"rendered":"Machine \u00e0 briquettes de copeaux m\u00e9talliques horizontaux"},"content":{"rendered":"<p class=\"translation-block\">Le type horizontal de machine de briquetage de copeaux m\u00e9talliques est l'\u00e9quipement commercial de <a href=\"https:\/\/www.baler-machines.com\/fr\/scrap-metal-chip-briquette-machine\/\" target=\"_blank\" rel=\"noreferrer noopener\">presse \u00e0 m\u00e9taux<\/a>, qui peut \u00eatre largement utilis\u00e9 dans diverses lignes de production de briquettes m\u00e9talliques. Les copeaux m\u00e9talliques courants tels que les copeaux d'aluminium, la poudre de fer, les copeaux et chutes de cuivre et d'autres types de rebuts m\u00e9talliques peuvent \u00eatre press\u00e9s en briquettes de haute densit\u00e9 pour un transport facile.<\/p>    <h2 class=\"wp-block-heading\" id=\"h-brief-introduction-of-the-automatic-metal-chips-briquetting-machine\"><strong>Br\u00e8ve introduction de la machine \u00e0 briquettes automatique de copeaux m\u00e9talliques <\/strong><\/h2>    <p>La machine \u00e0 briquettes de g\u00e2teaux aux copeaux de cuivre est con\u00e7ue dans une structure horizontale. Il peut presser diff\u00e9rents types de d\u00e9chets m\u00e9talliques horizontalement. Il peut compresser des copeaux de m\u00e9tal granulaires et pulv\u00e9rulents en g\u00e2teaux cylindriques de 2 \u00e0 8 kg.\u00a0Avec une efficacit\u00e9 de travail \u00e9lev\u00e9e pour le recyclage des ressources de ferraille, cette machine \u00e0 briquettes de copeaux m\u00e9talliques peut \u00eatre largement utilis\u00e9e dans les usines de moulage d'acier, les fonderies de m\u00e9taux, l'industrie de la construction, les entreprises de pr\u00e9vention de la pollution environnementale et les usines de traitement de machines.<\/p>   <div class=\"wp-block-image\"> <figure class=\"aligncenter size-full\"><img loading=\"lazy\" decoding=\"async\" width=\"742\" height=\"557\" src=\"https:\/\/www.baler-machines.com\/wp-content\/uploads\/2019\/12\/new-designed-metal-scraps-press-machine.png\" alt=\"new-designed-metal-scraps-press-machine\" class=\"wp-image-414\" title=\"\"><figcaption>presse \u00e0 d\u00e9chets m\u00e9talliques de nouvelle conception<\/figcaption><\/figure> <\/div>   <h2 class=\"wp-block-heading\" id=\"h-what-are-the-components-of-the-metal-chips-briquetting-machine\"><strong>Quels sont les composants de la machine \u00e0 briqueter les copeaux m\u00e9talliques\u00a0?<\/strong><\/h2>    <p>La briquette de copeaux m\u00e9talliques est principalement compos\u00e9e d'un cylindre d'huile de compression, d'une chambre de compression, d'un syst\u00e8me hydraulique, d'un syst\u00e8me \u00e9lectrique, d'un syst\u00e8me de contr\u00f4le de s\u00e9curit\u00e9 et d'un syst\u00e8me d'ensachage automatique. La machine peut \u00eatre \u00e9quip\u00e9e d'un g\u00e9n\u00e9rateur diesel, adapt\u00e9 aux zones mal aliment\u00e9es en \u00e9lectricit\u00e9.<\/p>   <div class=\"wp-block-image\"> <figure class=\"aligncenter size-full\"><img loading=\"lazy\" decoding=\"async\" width=\"750\" height=\"750\" src=\"https:\/\/www.baler-machines.com\/wp-content\/uploads\/2019\/12\/horizontal-metal-briquette-machines-for-sale.jpg\" alt=\"machines \u00e0 briquettes m\u00e9talliques horizontales \u00e0 vendre\" class=\"wp-image-412\" title=\"\"><figcaption>machines \u00e0 briquettes m\u00e9talliques horizontales \u00e0 vendre<\/figcaption><\/figure> <\/div>   <h2 class=\"wp-block-heading\" id=\"h-how-to-design-the-metal-chips-briquetting-machine\"><strong>Comment concevoir la machine \u00e0 briqueter les copeaux m\u00e9talliques\u00a0?<\/strong><\/h2>    <h3 class=\"wp-block-heading\"><strong>Une structure \u00e0 trois poutres et six poteaux<\/strong><\/h3>    <p>La machine \u00e0 briquettes de copeaux m\u00e9talliques utilise ce type de structure. <\/p>    <p>La poutre sup\u00e9rieure et l'\u00e9tabli de la machine \u00e0 briquettes sont combin\u00e9s en un cadre fixe gr\u00e2ce \u00e0 des colonnes, des \u00e9crous de fixation et des \u00e9crous de r\u00e9glage.<\/p>    <p>La pr\u00e9cision du cadre est ajust\u00e9e par l'\u00e9crou de r\u00e9glage, qui pr\u00e9sente une bonne r\u00e9sistance, rigidit\u00e9 et r\u00e9tention de pr\u00e9cision.<\/p>   <div class=\"wp-block-image\"> <figure class=\"aligncenter size-full\"><img loading=\"lazy\" decoding=\"async\" width=\"720\" height=\"540\" src=\"https:\/\/www.baler-machines.com\/wp-content\/uploads\/2022\/08\/machine-body-construction.webp\" alt=\"construction du corps de la machine\" class=\"wp-image-2607\" title=\"\"><figcaption>construction du corps de la machine<\/figcaption><\/figure> <\/div>   <h3 class=\"wp-block-heading\"><strong>Plaques d'acier soud\u00e9es<\/strong><\/h3>    <p>La poutre sup\u00e9rieure, la table, le curseur et d'autres grandes pi\u00e8ces utilisent cette plante. Ces pi\u00e8ces sont optimis\u00e9es et con\u00e7ues par ordinateur. Sa r\u00e9sistance, sa rigidit\u00e9, sa structure et sa r\u00e9sistance \u00e0 la d\u00e9formation r\u00e9pondent aux normes internationales et aux exigences d'utilisation, ainsi qu'un facteur de s\u00e9curit\u00e9 suffisant. La presse \u00e0 poudre m\u00e9tallique utilise un soudage sous protection gazeuse au dioxyde de carbone et un soudage \u00e0 l'arc manuel afin que sa qualit\u00e9 de soudage soit tr\u00e8s \u00e9lev\u00e9e et puisse \u00e9liminer les contraintes de d\u00e9formation gr\u00e2ce au traitement des vibrations vieillissantes.<\/p>    <h3 class=\"wp-block-heading\"><strong>Le curseur de la machine \u00e0 briquettes<\/strong><\/h3>    <p>Actually, it&#8217;s a welded steel plate with a box structure. The material of the guide sleeve at its four-column guide hole is a nano-molecular composite material, which has good resistance and precision retention.<\/p>    <p>Sur le plan inf\u00e9rieur du curseur se trouvent des fentes en T pour l'installation du moule.<\/p>    <p>La poutre principale est dot\u00e9e d'un cylindre d'huile de travail principal. Sur le cylindre de travail principal se trouve un r\u00e9servoir d'huile rempli de liquide. L'\u00e9tabli de la machine \u00e0 briqueter les copeaux m\u00e9talliques est \u00e9galement une pi\u00e8ce structurelle soud\u00e9e en t\u00f4le d'acier, qui est reli\u00e9e \u00e0 la poutre sup\u00e9rieure et au curseur \u00e0 travers une colonne pour former un h\u00f4te.<\/p>   <div class=\"wp-block-image\"> <figure class=\"aligncenter size-full\"><img loading=\"lazy\" decoding=\"async\" width=\"720\" height=\"540\" src=\"https:\/\/www.baler-machines.com\/wp-content\/uploads\/2019\/12\/metal-chips-briquetting-machine-manufacturer.webp\" alt=\"fabricant de machine \u00e0 briqueter les copeaux m\u00e9talliques\" class=\"wp-image-2614\" title=\"\"><figcaption>fabricant de machine \u00e0 briqueter les copeaux m\u00e9talliques<\/figcaption><\/figure> <\/div>   <h3 class=\"wp-block-heading\"><strong>La conception du cylindre de cuivre<\/strong><\/h3>    <p>Le cylindre en cuivre de la machine \u00e0 briquettes utilise une conception \u00e0 cinq cylindres, dispos\u00e9s dans le trou de la poutre sup\u00e9rieure et scell\u00e9s avec un joint \u00e0 double canal. La partie de guidage est trait\u00e9e par soudure en cuivre, qui est scell\u00e9e et pr\u00e9sente une bonne r\u00e9sistance \u00e0 l'usure. Le mat\u00e9riau du corps du cylindre est en acier forg\u00e9 45. , Les pi\u00e8ces forg\u00e9es sont de grade 3 (les pi\u00e8ces forg\u00e9es sont qualifi\u00e9es par d\u00e9tection de d\u00e9fauts par ultrasons, puis tremp\u00e9es et revenues).<\/p>   <div class=\"wp-block-image\"> <figure class=\"aligncenter size-large\"><img loading=\"lazy\" decoding=\"async\" width=\"750\" height=\"561\" src=\"https:\/\/www.baler-machines.com\/wp-content\/uploads\/2019\/12\/metal-briquettes-production-line-of-our-Korea-customer.jpg\" alt=\"\" class=\"wp-image-416\" title=\"\"><figcaption>ligne de production de briquettes m\u00e9talliques de notre client cor\u00e9en<\/figcaption><\/figure> <\/div>   <h2 class=\"wp-block-heading\" id=\"h-how-does-the-hydraulic-aluminum-chip-briquetter-work\"><strong>Comment fonctionne la briquette hydraulique de copeaux d'aluminium ?<\/strong><\/h2>    <p>Cette machine \u00e0 briquettes de copeaux m\u00e9talliques utilise la pression hydraulique fournie par des v\u00e9rins hydrauliques pour comprimer les mat\u00e9riaux. <\/p>    <p>Pendant le travail, la rotation du moteur peut faire fonctionner la pompe \u00e0 huile, extraire l'huile hydraulique dans le r\u00e9servoir d'huile, la transporter \u00e0 travers le tuyau d'huile hydraulique et la transf\u00e9rer \u00e0 chaque cylindre d'huile hydraulique pour entra\u00eener la tige de piston du cylindre d'huile. pour comprimer longitudinalement divers copeaux m\u00e9talliques dans le r\u00e9servoir de mat\u00e9riau.<\/p>   <div class=\"wp-block-image\"> <figure class=\"aligncenter size-large\"><img loading=\"lazy\" decoding=\"async\" width=\"747\" height=\"487\" src=\"https:\/\/www.baler-machines.com\/wp-content\/uploads\/2019\/12\/copper-shavings-briquettes.png\" alt=\"\" class=\"wp-image-417\" title=\"\"><figcaption>briquettes de copeaux de cuivre<\/figcaption><\/figure> <\/div>   <h2 class=\"wp-block-heading\" id=\"h-maintenance-tips-of-the-horizontal-metal-briquetting-machine\"><strong>M<\/strong><strong>entretien<\/strong><strong>&nbsp;pointes de la machine \u00e0 briquettes m\u00e9talliques horizontale<\/strong><strong><\/strong><\/h2>    <ol class=\"wp-block-list\"><li>Il est recommand\u00e9 d'utiliser de l'huile hydraulique anti-usure 32 et 46 pour l'huile hydraulique utilis\u00e9e lorsque la machine est en fonctionnement. Utilisez une temp\u00e9rature d'huile comprise entre 15 et 60 \u2103.<\/li><li>L'huile hydraulique est strictement filtr\u00e9e avant de pouvoir \u00eatre ajout\u00e9e au r\u00e9servoir. Le fluide de travail doit \u00eatre chang\u00e9 une fois par an et le d\u00e9lai de remplacement ne doit pas d\u00e9passer trois mois.<\/li><li> Si la machine n'est pas utilis\u00e9e pendant une longue p\u00e9riode, la surface de chaque pi\u00e8ce doit \u00eatre nettoy\u00e9e et recouverte d'huile antirouille.<\/li><li>La glissi\u00e8re de la machine \u00e0 briquettes m\u00e9talliques doit \u00eatre remplie fr\u00e9quemment d'huile lubrifiante, la surface ext\u00e9rieure de la colonne doit \u00eatre maintenue propre fr\u00e9quemment et l'huile doit \u00eatre inject\u00e9e avant chaque travail. Le manom\u00e8tre doit \u00eatre v\u00e9rifi\u00e9 tous les six mois.<\/li><\/ol>   <div class=\"wp-block-image\"> <figure class=\"aligncenter size-large\"><img loading=\"lazy\" decoding=\"async\" width=\"750\" height=\"563\" src=\"https:\/\/www.baler-machines.com\/wp-content\/uploads\/2019\/12\/bulks-of-iron-shaving-briquettes-made-by-this-metal-press-machine.jpg\" alt=\"\" class=\"wp-image-418\" title=\"\"><figcaption>des vracs de briquettes de copeaux de fer fabriqu\u00e9s par cette presse \u00e0 m\u00e9taux<\/figcaption><\/figure> <\/div>   <h2 class=\"wp-block-heading\" id=\"h-technical-specifications-of-the-metal-briquette-press\"><strong>Sp\u00e9cifications techniques de la presse \u00e0 briquettes m\u00e9talliques<\/strong><\/h2>    <figure class=\"wp-block-table\"><table><tbody><tr><td>Mod\u00e8le<\/td><td>Diam\u00e8tre des briquettes (mm)<\/td><td>Vitesse (briquettes\/min)<\/td><td>Moteur (kW)<\/td><td>Densit\u00e9 des briquettes (tonne\/m\u00b3)<\/td><\/tr><tr><td>SL-2000<\/td><td>60~90<\/td><td>2~3<\/td><td>18.5<\/td><td>Aluminium\u22642,5<\/td><\/tr><tr><td>SL-2500<\/td><td>90~110<\/td><td>3~5<\/td><td>22<\/td><td>Aluminium\u22642,5<\/td><\/tr><tr><td>SL-3150<\/td><td>100~110<\/td><td>3~5<\/td><td>30<\/td><td>Acier, fonte\u22645,5<\/td><\/tr><tr><td>SL-3600<\/td><td>100~130<\/td><td>3~5<\/td><td>30<\/td><td>Acier, fonte\u22645,5<\/td><\/tr><tr><td>SL-5000<\/td><td>120~160<\/td><td>3~5<\/td><td>22\u00d72<\/td><td>Laiton, cuivre\u22647.0<\/td><\/tr><tr><td>SL-6300<\/td><td>120~200<\/td><td>3~5<\/td><td>30\u00d72<\/td><td>Laiton, cuivre\u22647.0<\/td><\/tr><\/tbody><\/table><\/figure>","protected":false},"excerpt":{"rendered":"<p>Le mod\u00e8le horizontal de presse \u00e0 briquettes de copeaux m\u00e9talliques (presse \u00e0 briquetter le m\u00e9tal) est un \u00e9quipement industriel de presse pour ferraille qui peut \u00eatre largement utilis\u00e9 dans diverses lignes de production de briquettes m\u00e9talliques. <\/p>","protected":false},"author":1,"featured_media":2598,"parent":0,"template":"","tags":[113,639,125,591,112],"product-type":[563],"class_list":["post-411","product","type-product","status-publish","has-post-thumbnail","hentry","tag-metal-briquette-machine","tag-metal-briquetting","tag-metal-chips-briquette-machine","tag-metal-chips-briquetting-machine","tag-scrap-metal-briquette-machine","product-type-baler-machine"],"_links":{"self":[{"href":"https:\/\/www.baler-machines.com\/fr\/wp-json\/wp\/v2\/product\/411","targetHints":{"allow":["GET"]}}],"collection":[{"href":"https:\/\/www.baler-machines.com\/fr\/wp-json\/wp\/v2\/product"}],"about":[{"href":"https:\/\/www.baler-machines.com\/fr\/wp-json\/wp\/v2\/types\/product"}],"author":[{"embeddable":true,"href":"https:\/\/www.baler-machines.com\/fr\/wp-json\/wp\/v2\/users\/1"}],"wp:featuredmedia":[{"embeddable":true,"href":"https:\/\/www.baler-machines.com\/fr\/wp-json\/wp\/v2\/media\/2598"}],"wp:attachment":[{"href":"https:\/\/www.baler-machines.com\/fr\/wp-json\/wp\/v2\/media?parent=411"}],"wp:term":[{"taxonomy":"post_tag","embeddable":true,"href":"https:\/\/www.baler-machines.com\/fr\/wp-json\/wp\/v2\/tags?post=411"},{"taxonomy":"product-type","embeddable":true,"href":"https:\/\/www.baler-machines.com\/fr\/wp-json\/wp\/v2\/product-type?post=411"}],"curies":[{"name":"wp","href":"https:\/\/api.w.org\/{rel}","templated":true}]}}