{"id":4074,"date":"2025-03-04T18:06:14","date_gmt":"2025-03-04T10:06:14","guid":{"rendered":"https:\/\/www.baler-machines.com\/?post_type=product&#038;p=4074"},"modified":"2025-04-11T11:28:47","modified_gmt":"2025-04-11T03:28:47","slug":"cnc-spiral-rebar-bending-machine","status":"publish","type":"product","link":"https:\/\/www.baler-machines.com\/fr\/cnc-spiral-rebar-bending-machine\/","title":{"rendered":"Machine de flexion des barres d'armature en spirale CNC pour la fabrication de billets de barre"},"content":{"rendered":"<p class=\"translation-block\">La <strong>machine \u00e0 cintrer en spirale<\/strong> Shuliy peut traiter rapidement et avec pr\u00e9cision des barres d'acier de 3 \u00e0 25 mm en anneaux ronds d'un diam\u00e8tre de 50 \u00e0 1000 mm. Elle produit principalement des ancrages de pieux au sol, utilis\u00e9s dans les projets de grande vitesse ferroviaire, de m\u00e9tro, d'\u00e9nergie photovolta\u00efque et autres.<\/p>    <p>Les cercles produits par cette machine \u00e0 fabriquer des anneaux en acier peuvent \u00eatre individuels ou connect\u00e9s, principalement en fonction de la demande du client. Si vous \u00eates int\u00e9ress\u00e9, n'h\u00e9sitez pas \u00e0 nous contacter pour plus de d\u00e9tails !<\/p>    <figure class=\"wp-block-embed is-type-video is-provider-youtube wp-block-embed-youtube wp-embed-aspect-16-9 wp-has-aspect-ratio\"><div class=\"wp-block-embed__wrapper\"> <iframe loading=\"lazy\" title=\"Machine de fabrication d&#039;anneaux de barre d&#039;armature Spiral CNC | Cerceau de barreaux d&#039;armature automatique faisant une cire de fil d&#039;\u00e9trier de la machine\" width=\"500\" height=\"281\" src=\"https:\/\/www.youtube.com\/embed\/q6EycUH_dS4?feature=oembed\" frameborder=\"0\" allow=\"accelerometer; autoplay; clipboard-write; encrypted-media; gyroscope; picture-in-picture; web-share\" referrerpolicy=\"strict-origin-when-cross-origin\" allowfullscreen><\/iframe> <\/div><figcaption class=\"wp-element-caption\">Machine de fabrication de cerceaux en spirale<\/figcaption><\/figure>    <h2 class=\"wp-block-heading\"><strong>Produits finis et applications de la machine de flexion des barres d'armature en spirale<\/strong><\/h2>    <p>La machine de formage des barres d'armature en spirale est principalement utilis\u00e9e pour traiter diverses sp\u00e9cifications de la spirale et des barres d'armature rondes en cercles avec diff\u00e9rents diam\u00e8tres (illustr\u00e9s ci-dessous), largement utilis\u00e9s dans le rail \u00e0 grande vitesse, le m\u00e9tro, le pont, la centrale photovolta\u00efque, l'ing\u00e9nierie de la construction et d'autres champs.<\/p>    <ul class=\"wp-block-list\"> <li><strong>Ancrage de piles au sol<\/strong>: Utilis\u00e9 pour le renforcement et le soutien des fondations dans le rail \u00e0 grande vitesse, le m\u00e9tro et d'autres projets.<\/li>    <li><strong>Construcio du b\u00e2timent<\/strong>N: Utilis\u00e9 pour la fabrication de composants de barre en acier ronds pour diverses structures de construction.<\/li>    <li><strong>Centrale \u00e9lectrique photovolta\u00efque<\/strong>: Utilis\u00e9 pour le renforcement des bases des supports photovolta\u00efques pour am\u00e9liorer la stabilit\u00e9 de l'installation.<\/li>    <li><strong>Construction de ponts<\/strong>: Pour le traitement des barres en acier en spirale pour les structures de pont pour am\u00e9liorer la stabilit\u00e9 des ponts.<\/li> <\/ul>   <div class=\"wp-block-image\"> <figure class=\"aligncenter size-full\"><img loading=\"lazy\" decoding=\"async\" width=\"720\" height=\"540\" src=\"https:\/\/www.baler-machines.com\/wp-content\/uploads\/2025\/03\/end-products-and-applications-of-spiral-rebar-bender-machine.webp\" alt=\"Produits finaux et applications de la machine \u00e0 vibration des barres \u00e0 barres en spirale\" class=\"wp-image-4077\" title=\"\" srcset=\"https:\/\/www.baler-machines.com\/wp-content\/uploads\/2025\/03\/end-products-and-applications-of-spiral-rebar-bender-machine.webp 720w, https:\/\/www.baler-machines.com\/wp-content\/uploads\/2025\/03\/end-products-and-applications-of-spiral-rebar-bender-machine-16x12.webp 16w\" sizes=\"auto, (max-width: 720px) 100vw, 720px\" \/><figcaption class=\"wp-element-caption\">Produits finaux et applications de la machine \u00e0 vibration des barres \u00e0 barres en spirale<\/figcaption><\/figure> <\/div>   <h2 class=\"wp-block-heading\"><strong>Avantages de la machine de formation de barres d'armature Spiral CNC Shuliy<\/strong><\/h2>    <ul class=\"wp-block-list\"> <li>Notre machine peut traiter <strong>Redigon avec un diam\u00e8tre de 3-25 mm<\/strong> et faire <strong>cercles avec un diam\u00e8tre de 50 \u00e0 3000 mm<\/strong>.<\/li>    <li>Shuliy cnc enti\u00e8rement automatique. <strong>Vitesse de travail de 16 \u00e0 30 m \/ min<\/strong> et un <strong>Erreur de travail de \u00b1 0,2 mm<\/strong>.<\/li>    <li>Il adopte un <strong>Syst\u00e8me de contr\u00f4le PLC<\/strong>, r\u00e9alisant un fonctionnement enti\u00e8rement automatique, ce qui est tr\u00e8s efficace.<\/li>    <li>Cette machine \u00e0 flexion ronde en spirale a un <strong>structure robuste<\/strong>, fonctionnement stable, adapt\u00e9 au traitement \u00e0 grand volume.<\/li>    <li>Le <strong>interface intuitive<\/strong> est simple et facile pour les op\u00e9rateurs de commencer.<\/li> <\/ul>    <figure class=\"wp-block-gallery has-nested-images columns-default is-cropped wp-block-gallery-2 is-layout-flex wp-block-gallery-is-layout-flex\"> <figure class=\"wp-block-image size-full\"><img loading=\"lazy\" decoding=\"async\" width=\"720\" height=\"540\" data-id=\"4089\" src=\"https:\/\/www.baler-machines.com\/wp-content\/uploads\/2025\/03\/3-6mm-spiral-hooping-round-bending-machine.webp\" alt=\"Machine de flexion ronde de 3-6 mm en spirale\" class=\"wp-image-4089\" title=\"\" srcset=\"https:\/\/www.baler-machines.com\/wp-content\/uploads\/2025\/03\/3-6mm-spiral-hooping-round-bending-machine.webp 720w, https:\/\/www.baler-machines.com\/wp-content\/uploads\/2025\/03\/3-6mm-spiral-hooping-round-bending-machine-16x12.webp 16w\" sizes=\"auto, (max-width: 720px) 100vw, 720px\" \/><figcaption class=\"wp-element-caption\">Machine de flexion ronde de 3-6 mm en spirale<\/figcaption><\/figure>    <figure class=\"wp-block-image size-full\"><img loading=\"lazy\" decoding=\"async\" width=\"720\" height=\"540\" data-id=\"4090\" src=\"https:\/\/www.baler-machines.com\/wp-content\/uploads\/2025\/03\/8-12mm-spiral-steel-bar-bending-machine.webp\" alt=\"Machine de flexion de la barre en acier en spirale de 8 \u00e0 12 mm\" class=\"wp-image-4090\" title=\"\" srcset=\"https:\/\/www.baler-machines.com\/wp-content\/uploads\/2025\/03\/8-12mm-spiral-steel-bar-bending-machine.webp 720w, https:\/\/www.baler-machines.com\/wp-content\/uploads\/2025\/03\/8-12mm-spiral-steel-bar-bending-machine-16x12.webp 16w\" sizes=\"auto, (max-width: 720px) 100vw, 720px\" \/><figcaption class=\"wp-element-caption\">Machine de flexion de la barre en acier en spirale de 8 \u00e0 12 mm<\/figcaption><\/figure> <\/figure>    <h2 class=\"wp-block-heading\"><strong>Param\u00e8tres techniques de la machine de flexion des barres d'armature en spirale automatique<\/strong><\/h2>    <figure class=\"wp-block-table\"><table><tbody><tr><td>Mod\u00e8le<\/td><td>3-6<\/td><td>6-10<\/td><td>8-12<\/td><td>10-14<\/td><td>16-20<\/td><td>22-25<\/td><\/tr><tr><td>Diam\u00e8tre de la barre en acier applicable<\/td><td>3-6 mm<\/td><td>6-10 mm<\/td><td>8-12 mm<\/td><td>10-14 mm<\/td><td>16-20 mm<\/td><td>22-25 mm<\/td><\/tr><tr><td>Puissance du moteur total<\/td><td>4KW<\/td><td>5,5 kW<\/td><td>7KW<\/td><td>7KW<\/td><td>11 kW<\/td><td>15 kW<\/td><\/tr><tr><td>Diam\u00e8tre de l'anneau de barre en acier fini<\/td><td>50-1000 mm<\/td><td>50-800 mm<\/td><td>50-1500 mm<\/td><td>50-1800 mm<\/td><td>50-2200 mm<\/td><td>50-3000 mm<\/td><\/tr><tr><td>Vitesse de voyage<\/td><td>16-25m \/ min<\/td><td>16-25m \/ min<\/td><td>16-25m \/ min<\/td><td>16-25m \/ min<\/td><td>16-30m \/ min<\/td><td>16-30m \/ min<\/td><\/tr><tr><td>Erreur de travail<\/td><td>\u00b1 0,2 mm<\/td><td>\u00b1 0,2 mm<\/td><td>\u00b1 0,2 mm<\/td><td>\u00b1 0,2 mm<\/td><td>\u00b1 0,2 mm<\/td><td>\u00b1 0,2 mm<\/td><\/tr><tr><td>Dimensions globales<\/td><td>1,45 * 0,8 * 1,2 m<\/td><td>1,55 * 0,8 * 1,3 m<\/td><td>1,55 * 0,8 * 1,3 m<\/td><td>1,6 * 0,8 * 1,35m<\/td><td>2,1 * 0,9 * 1,5 m<\/td><td>2,3 * 0,9 * 1,7 m<\/td><\/tr><tr><td>Poids de la machine<\/td><td>480kg<\/td><td>560 kg<\/td><td>640kg<\/td><td>690kg<\/td><td>1150 kg<\/td><td>1350 kg<\/td><\/tr><\/tbody><\/table><figcaption class=\"wp-element-caption\">Sp\u00e9cifications de la machine de fabrication de bagues \u00e0 barre d'ar\u00e8ce \u00e0 barreaux d'arbine CNC en spirale<\/figcaption><\/figure>    <figure class=\"wp-block-embed is-type-video is-provider-youtube wp-block-embed-youtube wp-embed-aspect-16-9 wp-has-aspect-ratio\"><div class=\"wp-block-embed__wrapper\"> <iframe loading=\"lazy\" title=\"Machine de fabrication de bague en barre en acier enti\u00e8rement automatique | Machine de flexion des barres d&#039;armature en spirale pour cercle cercle\" width=\"500\" height=\"281\" src=\"https:\/\/www.youtube.com\/embed\/T6Bkz3QYDrA?feature=oembed\" frameborder=\"0\" allow=\"accelerometer; autoplay; clipboard-write; encrypted-media; gyroscope; picture-in-picture; web-share\" referrerpolicy=\"strict-origin-when-cross-origin\" allowfullscreen><\/iframe> <\/div><figcaption class=\"wp-element-caption\">Vid\u00e9o de la machine de fabrication d'anneaux de barre en acier<\/figcaption><\/figure>    <h2 class=\"wp-block-heading\"><strong>Structure de la machine de flexion des barres d'armature en spirale<\/strong><\/h2>    <p>Cette machine \u00e0 bobine de printemps est en moteur, composants hydrauliques (pompe \u00e0 huile, moteur hydraulique, sol\u00e9no\u00efde, r\u00e9servoir d'huile, tuyau d'huile, etc.), roue de pr\u00e9-ajustement, bo\u00eete de vitesses de redressement, composant d'arrondi, composant de coupe, syst\u00e8me de commande \u00e9lectrique CNC, etc.<\/p>   <div class=\"wp-block-image\"> <figure class=\"aligncenter size-full\"><img loading=\"lazy\" decoding=\"async\" width=\"720\" height=\"540\" src=\"https:\/\/www.baler-machines.com\/wp-content\/uploads\/2025\/03\/structure-of-3-25mm-steel-wire-coil-stirrup-bender.webp\" alt=\"Structure de la bobine de bobine en fil d&#039;acier de 3 \u00e0 25 mm\" class=\"wp-image-4078\" title=\"\" srcset=\"https:\/\/www.baler-machines.com\/wp-content\/uploads\/2025\/03\/structure-of-3-25mm-steel-wire-coil-stirrup-bender.webp 720w, https:\/\/www.baler-machines.com\/wp-content\/uploads\/2025\/03\/structure-of-3-25mm-steel-wire-coil-stirrup-bender-16x12.webp 16w\" sizes=\"auto, (max-width: 720px) 100vw, 720px\" \/><figcaption class=\"wp-element-caption\">Structure de la bobine de bobine en fil d'acier de 3 \u00e0 25 mm<\/figcaption><\/figure> <\/div>   <h2 class=\"wp-block-heading\"><strong>Comment fonctionne la machine de fabrication des anneaux de barreaux?<\/strong><\/h2>    <p>Notre machine de flexion des barres d'armature en spirale est entra\u00een\u00e9e par une carte principale PLC pour d\u00e9marrer le moteur de commande pour conduire la pompe \u00e0 huile. D\u00e9marrez les composants hydrauliques pour conduire la bo\u00eete de vitesses de redressement \u00e0 l'ex\u00e9cution, puis conduire le mat\u00e9riau \u00e0 avancer et passer \u00e0 l'ensemble d'arrondi pour compl\u00e9ter le moulage d'arrondi. Enfin, coupez le cylindre d'huile pour couper le mat\u00e9riau vers le haut pour terminer l'op\u00e9ration.<\/p>    <ol class=\"wp-block-list\"> <li><strong>Alimentation de la barre en acier<\/strong>: La barre en acier p\u00e9n\u00e8tre dans la machine \u00e0 fabriquer des anneaux de barreaux et le syst\u00e8me de lissage assure la rectitude.<\/li>    <li><strong>Se plier et former<\/strong>: Les barres d'armature traversent le moule de flexion pour le traitement rond en spirale.<\/li>    <li><strong>Coupe<\/strong>: Le m\u00e9canisme de coupe coupe la barre moul\u00e9e et compl\u00e8te l'ensemble du flux de travail.<\/li> <\/ol>   <div class=\"wp-block-image\"> <figure class=\"aligncenter size-full\"><img loading=\"lazy\" decoding=\"async\" width=\"720\" height=\"540\" src=\"https:\/\/www.baler-machines.com\/wp-content\/uploads\/2025\/03\/10-14mm-spiral-rebar-bending-machine.webp\" alt=\"Machine de flexion des barres d&#039;armature en spirale 10-14 mm\" class=\"wp-image-4093\" title=\"\" srcset=\"https:\/\/www.baler-machines.com\/wp-content\/uploads\/2025\/03\/10-14mm-spiral-rebar-bending-machine.webp 720w, https:\/\/www.baler-machines.com\/wp-content\/uploads\/2025\/03\/10-14mm-spiral-rebar-bending-machine-16x12.webp 16w\" sizes=\"auto, (max-width: 720px) 100vw, 720px\" \/><figcaption class=\"wp-element-caption\">Machine de flexion des barres d'armature en spirale 10-14 mm<\/figcaption><\/figure> <\/div>   <h2 class=\"wp-block-heading\"><strong>Quel est le prix de la machine \u00e0 ressorts?<\/strong><\/h2>    <p>Le prix de la machine \u00e0 flexion des barres d'armature en spirale est affect\u00e9e par de nombreux facteurs, notamment:<\/p>    <ul class=\"wp-block-list\"> <li><strong>Sp\u00e9cifications de l'\u00e9quipement<\/strong>: Diff\u00e9rents mod\u00e8les de machines de fabrication d'anneaux de barreaux ont des barres d'armature de traitement diff\u00e9rentes avec des prix diff\u00e9rents.<\/li>    <li><strong>Capacit\u00e9 de traitement<\/strong>: L'\u00e9quipement \u00e0 haute puissance et \u00e0 haute efficacit\u00e9 est relativement co\u00fbteux.<\/li>    <li><strong>Exigences de configuration<\/strong>: La configuration personnalis\u00e9e peut affecter le prix de la machine de fabrication d'anneaux de barre d'arme.<\/li>    <li><strong>Conditions du march\u00e9<\/strong>: Le co\u00fbt des mati\u00e8res premi\u00e8res, de l'offre et de la demande affectera le devis final.<\/li> <\/ul>    <p>Si vous souhaitez conna\u00eetre la derni\u00e8re offre sur la machine \u00e0 flexion en spirale des barres d'armature, vous pouvez nous contacter directement pour des informations d\u00e9taill\u00e9es.<\/p>   <div class=\"wp-block-image\"> <figure class=\"aligncenter size-full\"><img loading=\"lazy\" decoding=\"async\" width=\"720\" height=\"540\" src=\"https:\/\/www.baler-machines.com\/wp-content\/uploads\/2025\/03\/12-16mm-spiral-rebar-forming-machine.webp\" alt=\"Machine de formation de barreaux en spirale de 12 \u00e0 16 mm\" class=\"wp-image-4095\" title=\"\" srcset=\"https:\/\/www.baler-machines.com\/wp-content\/uploads\/2025\/03\/12-16mm-spiral-rebar-forming-machine.webp 720w, https:\/\/www.baler-machines.com\/wp-content\/uploads\/2025\/03\/12-16mm-spiral-rebar-forming-machine-16x12.webp 16w\" sizes=\"auto, (max-width: 720px) 100vw, 720px\" \/><figcaption class=\"wp-element-caption\">Machine de formation de barreaux en spirale de 12 \u00e0 16 mm<\/figcaption><\/figure> <\/div>   <h2 class=\"wp-block-heading\"><strong>Pourquoi acheter une machine \u00e0 bilan de barres d'armature en spirale Shuliy?<\/strong><\/h2>    <p>Shuliy s'engage \u00e0 fournir des \u00e9quipements de traitement en acier de haute qualit\u00e9 et haute performance, les raisons du choix de la machine \u00e0 flexion en acier en spirale Shuliy comprennent:<\/p>    <ul class=\"wp-block-list\"> <li><strong>Assurance qualit\u00e9<\/strong>: Nous utilisons des mat\u00e9riaux de haute qualit\u00e9 pour fabriquer un \u00e9quipement de fabrication de bagues en acier, durable et stable.<\/li>    <li><strong>Technologie avanc\u00e9e<\/strong>: Notre machine adopte le contr\u00f4le intelligent du PLC, qui a un degr\u00e9 \u00e9lev\u00e9 d'automatisation.<\/li>    <li><strong>Prix \u200b\u200babordable<\/strong>: Nous fabriquons la machine et la vendons directement \u00e0 partir de notre usine, qui a un prix comp\u00e9titif sur le march\u00e9.<\/li>    <li><strong>Service apr\u00e8s-vente sans souci<\/strong>: Shuliy fournit un support technique et une maintenance de l'\u00e9quipement, pour assurer la stabilit\u00e9 \u00e0 long terme du fonctionnement.<\/li> <\/ul>   <div class=\"wp-block-image\"> <figure class=\"aligncenter size-full\"><img loading=\"lazy\" decoding=\"async\" width=\"720\" height=\"540\" src=\"https:\/\/www.baler-machines.com\/wp-content\/uploads\/2025\/03\/16-20mm-automatic-spring-coiling-machine.webp\" alt=\"Machine \u00e0 enroulement de printemps automatique 16-20 mm\" class=\"wp-image-4092\" title=\"\" srcset=\"https:\/\/www.baler-machines.com\/wp-content\/uploads\/2025\/03\/16-20mm-automatic-spring-coiling-machine.webp 720w, https:\/\/www.baler-machines.com\/wp-content\/uploads\/2025\/03\/16-20mm-automatic-spring-coiling-machine-16x12.webp 16w\" sizes=\"auto, (max-width: 720px) 100vw, 720px\" \/><figcaption class=\"wp-element-caption\">Machine \u00e0 enroulement de printemps automatique 16-20 mm<\/figcaption><\/figure> <\/div>   <h2 class=\"wp-block-heading\"><strong>Contactez-nous pour un devis maintenant!<\/strong><\/h2>    <p class=\"translation-block\">En tant que fabricant et fournisseur professionnel d'\u00e9quipements de traitement de l'acier, nous avons diff\u00e9rentes machines de traitement des barres d'armature, telles que des <a href=\"https:\/\/www.baler-machines.com\/fr\/rebar-straightening-machine\/\">machines \u00e0 redresser les barres d'armature<\/a>, des cintreuses d'\u00e9triers, des <a href=\"https:\/\/www.baler-machines.com\/fr\/cnc-tube-bending-machine\/\">machines \u00e0 cintrer les tubes CNC<\/a>, etc.<\/p>    <p class=\"translation-block\">Si vous \u00eates int\u00e9ress\u00e9 par notre machine \u00e0 cintrer les armatures en spirale ou d'autres \u00e9quipements pour le traitement des barres d'acier, n'h\u00e9sitez pas \u00e0 nous contacter via WhatsApp, WeChat, t\u00e9l\u00e9phone ou e-mail ! Nous vous offrirons des informations d\u00e9taill\u00e9es sur les prix !<\/p>   <div class=\"wp-block-image\"> <figure class=\"aligncenter size-full\"><img loading=\"lazy\" decoding=\"async\" width=\"720\" height=\"540\" src=\"https:\/\/www.baler-machines.com\/wp-content\/uploads\/2025\/03\/20-25mm-spiral-hooping-round-bending-machine.webp\" alt=\"Machine de flexion ronde de 20-25 mm en spirale\" class=\"wp-image-4094\" title=\"\" srcset=\"https:\/\/www.baler-machines.com\/wp-content\/uploads\/2025\/03\/20-25mm-spiral-hooping-round-bending-machine.webp 720w, https:\/\/www.baler-machines.com\/wp-content\/uploads\/2025\/03\/20-25mm-spiral-hooping-round-bending-machine-16x12.webp 16w\" sizes=\"auto, (max-width: 720px) 100vw, 720px\" \/><figcaption class=\"wp-element-caption\">Machine de flexion ronde de 20-25 mm en spirale<\/figcaption><\/figure> <\/div>","protected":false},"excerpt":{"rendered":"<p>Shuliy Spiral Rebar Machine de flexion peut traiter rapidement et avec pr\u00e9cision les barres d'acier de 3 \u00e0 25 mm dans des anneaux de barre en acier ronds avec un diam\u00e8tre de 50 \u00e0 1000 mm.<\/p>","protected":false},"author":1,"featured_media":4076,"parent":0,"template":"","tags":[641,643],"product-type":[640],"class_list":["post-4074","product","type-product","status-publish","has-post-thumbnail","hentry","tag-rebar","tag-steel-bar","product-type-rebar-processing-equipment"],"_links":{"self":[{"href":"https:\/\/www.baler-machines.com\/fr\/wp-json\/wp\/v2\/product\/4074","targetHints":{"allow":["GET"]}}],"collection":[{"href":"https:\/\/www.baler-machines.com\/fr\/wp-json\/wp\/v2\/product"}],"about":[{"href":"https:\/\/www.baler-machines.com\/fr\/wp-json\/wp\/v2\/types\/product"}],"author":[{"embeddable":true,"href":"https:\/\/www.baler-machines.com\/fr\/wp-json\/wp\/v2\/users\/1"}],"wp:featuredmedia":[{"embeddable":true,"href":"https:\/\/www.baler-machines.com\/fr\/wp-json\/wp\/v2\/media\/4076"}],"wp:attachment":[{"href":"https:\/\/www.baler-machines.com\/fr\/wp-json\/wp\/v2\/media?parent=4074"}],"wp:term":[{"taxonomy":"post_tag","embeddable":true,"href":"https:\/\/www.baler-machines.com\/fr\/wp-json\/wp\/v2\/tags?post=4074"},{"taxonomy":"product-type","embeddable":true,"href":"https:\/\/www.baler-machines.com\/fr\/wp-json\/wp\/v2\/product-type?post=4074"}],"curies":[{"name":"wp","href":"https:\/\/api.w.org\/{rel}","templated":true}]}}