{"id":391,"date":"2019-12-13T08:37:01","date_gmt":"2019-12-13T08:37:01","guid":{"rendered":"https:\/\/www.baler-machines.com\/?p=391"},"modified":"2024-11-29T10:49:26","modified_gmt":"2024-11-29T02:49:26","slug":"scrap-metal-chip-briquette-machine","status":"publish","type":"product","link":"https:\/\/www.baler-machines.com\/fr\/scrap-metal-chip-briquette-machine\/","title":{"rendered":"Machine \u00e0 briquettes de copeaux m\u00e9talliques | Briqueteuse de copeaux d'aluminium"},"content":{"rendered":"<p class=\"translation-block\">La machine de briquetage de copeaux m\u00e9talliques est une sorte de machine de recyclage pour divers d\u00e9chets m\u00e9talliques. Dans diverses aci\u00e9ries, il y a beaucoup de d\u00e9chets m\u00e9talliques et de rebuts m\u00e9talliques chaque jour, il existe donc une machine de briquetage m\u00e9tallique pour traiter et recycler divers rebuts. Nous avons non seulement cette machine, mais aussi la presse \u00e0 balles m\u00e9tallique, <a href=\"https:\/\/www.baler-machines.com\/fr\/metal-shears\/\" target=\"_blank\" rel=\"noreferrer noopener\">presse cisaille<\/a>, <a href=\"https:\/\/www.baler-machines.com\/fr\/industrial-shredder\/\" target=\"_blank\" rel=\"noreferrer noopener\">broyeur<\/a>, etc., qui peuvent toutes traiter des machines pour m\u00e9taux et d\u00e9chets m\u00e9talliques. Si vous \u00eates int\u00e9ress\u00e9, n'h\u00e9sitez pas \u00e0 nous contacter.<\/p>    <h2 class=\"wp-block-heading\"><strong>Qu'est-ce qu'une machine \u00e0 briquettes m\u00e9talliques\u00a0?<\/strong><\/h2>    <p>La machine automatique de briquetage de copeaux de ferraille (briqueteuse m\u00e9tallique verticale, presse hydraulique \u00e0 poudre m\u00e9tallique) est un \u00e9quipement important de recyclage des ressources m\u00e9talliques pour le briquetage de divers copeaux m\u00e9talliques et poudres m\u00e9talliques, tels que les chutes de fer, les copeaux de fer et d'aluminium, les copeaux de cuivre et d'acier. et ainsi de suite. Cette briquette de copeaux m\u00e9talliques peut presser \u00e0 froid divers d\u00e9chets m\u00e9talliques en poudre ou granulaires directement en g\u00e2teaux cylindriques de 3 \u00e0 15 kg pour faciliter le transport et le fonctionnement du four. L'ensemble du processus de briquetage ne n\u00e9cessite pas de temp\u00e9ratures \u00e9lev\u00e9es, d'additifs ou d'autres processus. La densit\u00e9 de la ferraille d'acier apr\u00e8s briquetage peut atteindre 5 \u00e0 6 tonnes T\/m\u00b3.<\/p>    <figure class=\"wp-block-gallery aligncenter has-nested-images columns-default is-cropped wp-block-gallery-2 is-layout-flex wp-block-gallery-is-layout-flex\"> <figure class=\"wp-block-image size-large\"><img loading=\"lazy\" decoding=\"async\" width=\"720\" height=\"540\" data-id=\"392\" src=\"https:\/\/www.baler-machines.com\/wp-content\/uploads\/2019\/12\/Shuliy-scrap-metal-briquetting-machine-for-sale.jpg\" alt=\"Machine \u00e0 briquettes de ferraille Shuliy \u00e0 vendre\" class=\"wp-image-392\" title=\"\"><figcaption>Machine \u00e0 briquettes de ferraille Shuliy \u00e0 vendre<\/figcaption><\/figure>    <figure class=\"wp-block-image size-large\"><img loading=\"lazy\" decoding=\"async\" width=\"720\" height=\"540\" data-id=\"402\" src=\"https:\/\/www.baler-machines.com\/wp-content\/uploads\/2019\/12\/Aluminum-scrap-Briquettes-2.jpg\" alt=\"Briquettes de ferraille d&#039;aluminium\" class=\"wp-image-402\" title=\"\"><figcaption>Briquettes de ferraille d'aluminium<\/figcaption><\/figure> <\/figure>    <h2 class=\"wp-block-heading\" id=\"h-why-use-the-metal-chip-briquetter\"><strong>Pourquoi utiliser la briquette de copeaux m\u00e9talliques ?<\/strong><\/h2>    <p>\u00c0 l\u2019heure actuelle, la plupart des usines de transformation des m\u00e9taux et des fonderies d\u2019acier n\u2019accordent pas suffisamment d\u2019attention au traitement des d\u00e9chets et copeaux m\u00e9talliques. La plupart des d\u00e9chets m\u00e9talliques sont empil\u00e9s de mani\u00e8re al\u00e9atoire, ce qui entra\u00eenera non seulement un gaspillage de ressources, mais \u00e9galement une grave pollution de l'environnement. <\/p>    <figure class=\"wp-block-gallery aligncenter has-nested-images columns-default is-cropped wp-block-gallery-3 is-layout-flex wp-block-gallery-is-layout-flex\"> <figure class=\"wp-block-image size-large\"><img loading=\"lazy\" decoding=\"async\" width=\"405\" height=\"540\" data-id=\"394\" src=\"https:\/\/www.baler-machines.com\/wp-content\/uploads\/2019\/12\/vertical-metal-briquette-machine-manufacturing.jpg\" alt=\"fabrication-de-briqueteuse-m\u00e9tallique-verticale\" class=\"wp-image-394\" title=\"\"><figcaption>Fabrication de machines-\u00e0-briquettes m\u00e9talliques verticales<\/figcaption><\/figure>    <figure class=\"wp-block-image size-large\"><img loading=\"lazy\" decoding=\"async\" width=\"405\" height=\"540\" data-id=\"395\" src=\"https:\/\/www.baler-machines.com\/wp-content\/uploads\/2019\/12\/hydraulic-metal-chip-briquette-machine-for-sale.jpg\" alt=\"machine-de-briquetage-de-copeaux-m\u00e9talliques-hydraulique-\u00e0-vendre\" class=\"wp-image-395\" title=\"\"><figcaption>Machine hydraulique de briquette de copeaux m\u00e9talliques \u00e0 vendre<\/figcaption><\/figure> <\/figure>    <p>Surtout dans certaines piles de copeaux m\u00e9talliques \u00e0 l'air libre \u00e0 grande \u00e9chelle, la plupart des copeaux m\u00e9talliques sont exp\u00e9di\u00e9s dans des sacs ou des bo\u00eetes en fer, puis envoy\u00e9s vers d'autres endroits par le chariot qui transporte les copeaux m\u00e9talliques. Pendant tout le processus, des copeaux m\u00e9talliques tomberont \u00e0 divers endroits, provoquant une pollution des sols et un gaspillage des ressources. La machine \u00e0 briquettes de copeaux m\u00e9talliques peut presser la plupart des d\u00e9chets m\u00e9talliques dans un cylindre et des blocs de diff\u00e9rentes tailles, ce qui peut r\u00e9duire efficacement le gaspillage de ressources m\u00e9talliques et r\u00e9duire les co\u00fbts de transport.<\/p>    <h2 class=\"wp-block-heading\"><strong>Applications de la machine \u00e0 briquettes m\u00e9talliques \u00e0 vendre<\/strong><\/h2>    <p>Il peut renvoyer des copeaux d'aluminium, des copeaux d'acier, de la poudre de fer, des copeaux de cuivre et d'autres briquettes au four. Remplacez la ferraille d'acier, les copeaux de fer, les lingots d'aluminium et les d\u00e9chets de cuivre comme mati\u00e8res premi\u00e8res pour r\u00e9duire l'\u00e9puisement professionnel. Cette machine \u00e0 briquettes m\u00e9talliques hydraulique peut briqueter ces d\u00e9chets m\u00e9talliques en une forme cylindrique avec diff\u00e9rents diam\u00e8tres et longueurs r\u00e9glables.<\/p>   <div class=\"wp-block-image\"> <figure class=\"aligncenter size-full\"><img loading=\"lazy\" decoding=\"async\" width=\"720\" height=\"325\" src=\"https:\/\/www.baler-machines.com\/wp-content\/uploads\/2022\/08\/scrap-metal-to-be-briquetted.webp\" alt=\"ferraille \u00e0 briqueter\" class=\"wp-image-2577\" title=\"\"><figcaption>ferraille \u00e0 briqueter<\/figcaption><\/figure> <\/div>   <p>Cette machine verticale de briquetage de copeaux de ferraille est largement utilis\u00e9e dans les usines de profil\u00e9s en alliage d'aluminium, les usines de moulage d'acier, les usines de moulage d'aluminium, les usines de moulage de cuivre et la plupart des stations de recyclage des d\u00e9chets m\u00e9talliques.<\/p>   <div class=\"wp-block-image\"> <figure class=\"aligncenter size-full\"><img loading=\"lazy\" decoding=\"async\" width=\"720\" height=\"540\" src=\"https:\/\/www.baler-machines.com\/wp-content\/uploads\/2022\/08\/final-products-of-the-metal-chip-briquetter.webp\" alt=\"\" class=\"wp-image-2578\" title=\"\"><figcaption>produits finaux de la briquette de copeaux m\u00e9talliques<\/figcaption><\/figure> <\/div>   <h2 class=\"wp-block-heading\" id=\"h-what-composes-the-aluminum-chip-briquetter\"><strong>De quoi est compos\u00e9e la briquette de copeaux d'aluminium ?<\/strong><\/h2>    <p>La machine \u00e0 briquettes de copeaux m\u00e9talliques enti\u00e8rement automatique adopte un programme de contr\u00f4le PLC intelligent, ses principaux composants\u00a0: le ch\u00e2ssis principal est constitu\u00e9 d'une structure de poutre sup\u00e9rieure et inf\u00e9rieure en acier moul\u00e9, durable et jamais d\u00e9form\u00e9e. <\/p>    <p>Les quatre colonnes hydrauliques adoptent une technologie avanc\u00e9e de chromage, belle et \u00e9l\u00e9gante, s\u00fbre et fiable. Le r\u00e9servoir d'huile hydraulique est utilis\u00e9 pour stocker le fluide de travail. L'huile hydraulique est de l'huile hydraulique anti-usure 46 #. <\/p>   <div class=\"wp-block-image\"> <figure class=\"aligncenter size-full\"><img loading=\"lazy\" decoding=\"async\" width=\"720\" height=\"540\" src=\"https:\/\/www.baler-machines.com\/wp-content\/uploads\/2022\/08\/structure-of-the-metal-chip-briquetting-machine.webp\" alt=\"structure de la machine \u00e0 briqueter les copeaux m\u00e9talliques\" class=\"wp-image-2574\" title=\"\"><figcaption>structure de la machine \u00e0 briqueter les copeaux m\u00e9talliques<\/figcaption><\/figure> <\/div>   <p>Le syst\u00e8me de contr\u00f4le \u00e9lectrique de la machine \u00e0 briquettes d'aluminium est utilis\u00e9 pour contr\u00f4ler l'action de chaque cylindre. Le groupe de vannes hydrauliques de la presse \u00e0 copeaux m\u00e9talliques utilise un circuit d'huile haute densit\u00e9 et de grand diam\u00e8tre, qui a un d\u00e9bit important et une vitesse rapide. <\/p>    <p>Le syst\u00e8me d'alimentation de la machine est compos\u00e9 d'un moteur et d'une pompe \u00e0 huile, avec un fonctionnement stable et de haute qualit\u00e9, un faible taux de d\u00e9faillance et une forte capacit\u00e9 de travail continu.<\/p>    <h2 class=\"wp-block-heading\"><strong>Comment fonctionne une machine \u00e0 briquettes m\u00e9talliques ?<\/strong><\/h2>    <p>En fait, cette machine fonctionne principalement sur la base de la pression hydraulique pour presser les d\u00e9chets \u00e0 traiter, et l'\u00e9nergie est utilis\u00e9e pour l'\u00e9lectricit\u00e9.<\/p>    <p>Tout d\u2019abord, les d\u00e9chets m\u00e9talliques sont d\u00e9pos\u00e9s dans le bac de stockage.<\/p>    <p>Deuxi\u00e8mement, les d\u00e9chets entrent dans le broyeur de formage et se forment progressivement sous l'extrusion constante du v\u00e9rin hydraulique.<\/p>    <p>Enfin, les d\u00e9chets sont fa\u00e7onn\u00e9s et l'ensemble du processus est termin\u00e9, produisant environ 4 ou 5 pi\u00e8ces par minute. Ensuite, le processus est r\u00e9p\u00e9t\u00e9 \u00e0 nouveau.<\/p>   <div class=\"wp-block-image\"> <figure class=\"aligncenter size-full\"><img loading=\"lazy\" decoding=\"async\" width=\"540\" height=\"540\" src=\"https:\/\/www.baler-machines.com\/wp-content\/uploads\/2019\/12\/aluminum-briquettes-production-line.jpg\" alt=\"ligne-de-production-de-briquettes-d&#039;aluminium\" class=\"wp-image-396\" title=\"\"><figcaption>ligne de production de briquettes d'aluminium<\/figcaption><\/figure> <\/div>   <h2 class=\"wp-block-heading\" id=\"h-spotlights-of-recycle-waste-metal-chip-briquetting-machine\"><strong><strong>Projecteurs de la machine \u00e0 briquettes de copeaux m\u00e9talliques recycl\u00e9s<\/strong><\/strong><\/h2>    <ol class=\"wp-block-list\"><li><strong>Ligne de production de briquettes de copeaux m\u00e9talliques enti\u00e8rement automatique<\/strong>. La machine \u00e0 briquettes de copeaux d'aluminium peut \u00eatre utilis\u00e9e avec un \u00e9quipement de transport automatique. La ligne de production de briquettes de copeaux m\u00e9talliques comprend de grands silos de stockage de copeaux d'acier, des convoyeurs, des compresseurs d'air, des broyeurs de copeaux d'acier et d'autres \u00e9quipements auxiliaires. Comme <a href=\"https:\/\/www.baler-machines.com\/fr\/\" target=\"_blank\" rel=\"noreferrer noopener\">un fabricant professionnel d'\u00e9quipements de recyclage de m\u00e9taux<\/a>, our machines can meet customers&#8217; needs for highly automated production and reduce labor costs.<\/li><li><strong>Diff\u00e9rents mod\u00e8les et capacit\u00e9s de production<\/strong>. La machine \u00e0 briquettes d'aluminium a de larges gammes. Nous pouvons choisir le mod\u00e8le et les sp\u00e9cifications des machines \u00e0 briquettes d'acier pour les clients en fonction de leurs besoins sp\u00e9cifiques. <\/li><li><strong>Personnalisation<\/strong>. Nous pouvons \u00e9galement aider les clients \u00e0 personnaliser les formes et les tailles des produits finaux. La machine \u00e0 briquettes de copeaux m\u00e9talliques est un produit que nous concevons et fabriquons ind\u00e9pendamment, qui est facile \u00e0 utiliser, \u00e0 haute efficacit\u00e9 et aux performances stables du produit.<\/li><li>Automatisation, faible taux de panne, maintenance facile.<\/li><li>Des \u00e9conomies de co\u00fbts, un transport pratique et peuvent \u00e0 nouveau cr\u00e9er des b\u00e9n\u00e9fices.<\/li><li>Structure compacte, fonctionnement fluide et longue dur\u00e9e de vie.<\/li><\/ol>    <figure class=\"wp-block-gallery aligncenter has-nested-images columns-default is-cropped wp-block-gallery-4 is-layout-flex wp-block-gallery-is-layout-flex\"> <figure class=\"wp-block-image size-large\"><img loading=\"lazy\" decoding=\"async\" width=\"552\" height=\"540\" data-id=\"399\" src=\"https:\/\/www.baler-machines.com\/wp-content\/uploads\/2019\/12\/Waste-metal-briquettes-1.jpg\" alt=\"Briquettes de d\u00e9chets m\u00e9talliques\" class=\"wp-image-399\" title=\"\"><figcaption>Briquettes de d\u00e9chets m\u00e9talliques<\/figcaption><\/figure>    <figure class=\"wp-block-image size-full\"><img loading=\"lazy\" decoding=\"async\" width=\"540\" height=\"540\" data-id=\"400\" src=\"https:\/\/www.baler-machines.com\/wp-content\/uploads\/2019\/12\/Production-site-of-our-Philippines-customer.jpg\" alt=\"site-de-production-de-notre-client-philippin\" class=\"wp-image-400\" title=\"\"><figcaption>Site de production de notre client philippin<\/figcaption><\/figure> <\/figure>    <h2 class=\"wp-block-heading\"><strong>Comment utiliser la briquette de copeaux d'aluminium en toute s\u00e9curit\u00e9 ?<\/strong><\/h2>    <ol class=\"wp-block-list\"><li>Veuillez reconna\u00eetre l'alimentation \u00e9lectrique utilis\u00e9e par la machine et ne branchez pas la mauvaise alimentation.<\/li><li>N'oubliez pas de d\u00e9brancher l'alimentation \u00e9lectrique lorsque vous n'utilisez pas la machine \u00e0 briquettes m\u00e9talliques.<\/li><li>Ne remplacez pas les pi\u00e8ces de la machine \u00e0 volont\u00e9.<\/li><li>V\u00e9rifier l'utilisation de l'huile hydraulique en temps opportun pour \u00e9viter les temps d'arr\u00eat pendant le travail.<\/li><li>V\u00e9rifiez la machine apr\u00e8s utilisation et effectuez divers enregistrements apr\u00e8s avoir confirm\u00e9 qu'elle est correcte.<\/li><\/ol>    <h2 class=\"wp-block-heading\" id=\"h-working-video-of-the-metal-chip-briquetting-machine\"><strong>Vid\u00e9o de travail de la machine \u00e0 briqueter les copeaux m\u00e9talliques<\/strong><\/h2>    <figure class=\"wp-block-embed is-type-video is-provider-youtube wp-block-embed-youtube wp-embed-aspect-16-9 wp-has-aspect-ratio\"><div class=\"wp-block-embed__wrapper\"> <iframe loading=\"lazy\" title=\"Machine \u00e0 briquettes m\u00e9talliques hydraulique |  Briqueteuse de copeaux de ferraille | presse \u00e0 poudre m\u00e9tallique\" width=\"500\" height=\"281\" src=\"https:\/\/www.youtube.com\/embed\/07kcFZtIdy4?feature=oembed\" frameborder=\"0\" allow=\"accelerometer; autoplay; clipboard-write; encrypted-media; gyroscope; picture-in-picture; web-share\" referrerpolicy=\"strict-origin-when-cross-origin\" allowfullscreen><\/iframe> <\/div><\/figure>    <figure class=\"wp-block-embed is-type-video is-provider-youtube wp-block-embed-youtube wp-embed-aspect-4-3 wp-has-aspect-ratio\"><div class=\"wp-block-embed__wrapper\"> <iframe loading=\"lazy\" title=\"Fabricant de machines de recyclage de d\u00e9chets m\u00e9talliques | Machine \u00e0 briquettes de poudre de copeaux m\u00e9talliques\" width=\"500\" height=\"375\" src=\"https:\/\/www.youtube.com\/embed\/keuAYiSAQrg?feature=oembed\" frameborder=\"0\" allow=\"accelerometer; autoplay; clipboard-write; encrypted-media; gyroscope; picture-in-picture; web-share\" referrerpolicy=\"strict-origin-when-cross-origin\" allowfullscreen><\/iframe> <\/div><\/figure>    <p>La machine \u00e0 briquettes de poudre m\u00e9tallique convient \u00e9galement au pressage de la poudre de coque de noix de coco. Ce qui suit est la vid\u00e9o de la compression de la poudre de coque de noix de coco, produisant 4 briques \u00e0 chaque fois.<\/p>    <figure class=\"wp-block-embed is-type-video is-provider-youtube wp-block-embed-youtube wp-embed-aspect-16-9 wp-has-aspect-ratio\"><div class=\"wp-block-embed__wrapper\"> <iframe loading=\"lazy\" title=\"Comment fabriquer des briques de poudre de coque de noix de coco haute densit\u00e9 ? V\u00e9rifiez la presse hydraulique \u00e0 briques de poudre de noix de coco\" width=\"500\" height=\"281\" src=\"https:\/\/www.youtube.com\/embed\/rbja9FX1p7E?feature=oembed\" frameborder=\"0\" allow=\"accelerometer; autoplay; clipboard-write; encrypted-media; gyroscope; picture-in-picture; web-share\" referrerpolicy=\"strict-origin-when-cross-origin\" allowfullscreen><\/iframe> <\/div><\/figure>    <p>Machine \u00e0 briquettes de poudre de fibre de coco, fabriquant 1 brique creuse \u00e0 chaque fois.<\/p>    <figure class=\"wp-block-embed is-type-video is-provider-youtube wp-block-embed-youtube wp-embed-aspect-16-9 wp-has-aspect-ratio\"><div class=\"wp-block-embed__wrapper\"> <iframe loading=\"lazy\" title=\"Vous pouvez d\u00e9sormais facilement fabriquer des briques creuses en noix de coco en utilisant une machine \u00e0 briqueter de poudre de fibre de coco !\" width=\"500\" height=\"281\" src=\"https:\/\/www.youtube.com\/embed\/CVkJwZkr-GI?feature=oembed\" frameborder=\"0\" allow=\"accelerometer; autoplay; clipboard-write; encrypted-media; gyroscope; picture-in-picture; web-share\" referrerpolicy=\"strict-origin-when-cross-origin\" allowfullscreen><\/iframe> <\/div><\/figure>    <h2 class=\"wp-block-heading\" id=\"h-technical-parameters-of-the-metal-powder-press-machine\"><strong>Param\u00e8tres techniques de la presse \u00e0 poudre m\u00e9tallique<\/strong><\/h2>    <figure class=\"wp-block-table\"><table><tbody><tr><td>Mod\u00e8le<\/td><td>Capacit\u00e9<\/td><td>Densit\u00e9<\/td><td>Syst\u00e8me de contr\u00f4le<\/td><\/tr><tr><td>SL-315T<\/td><td>300-500kg\/heure<\/td><td>2400kg\/m\u00b3<\/td><td>Contr\u00f4le automatique par API<strong><\/strong><\/td><\/tr><\/tbody><\/table><\/figure>    <p><\/p>    <h2 class=\"wp-block-heading\"><strong>Cas r\u00e9ussi\u00a0: <a href=\"https:\/\/www.baler-machines.com\/fr\/shipping-300t-metal-chip-briquette-machine-to-italy\/\" target=\"_blank\" rel=\"noreferrer noopener\">machine \u00e0 briquettes de copeaux m\u00e9talliques export\u00e9e vers l'Italie<\/a><\/strong><\/h2>    <p>Ce client italien poss\u00e8de une aci\u00e9rie qui produit chaque jour beaucoup de barres d\u2019acier et de ferraille. Par cons\u00e9quent, en fonction de la situation de son usine, il a d\u00e9cid\u00e9 d'acheter une machine pour g\u00e9n\u00e9rer \u00e0 nouveau des revenus avec ces d\u00e9chets. <\/p>    <p>Apr\u00e8s avoir parcouru notre site Web, il l'a trouv\u00e9 tr\u00e8s adapt\u00e9, alors il nous a contact\u00e9s. Notre directeur des ventes lui a recommand\u00e9 cette machine de briquetage de m\u00e9taux en fonction de ses besoins. Apr\u00e8s avoir v\u00e9rifi\u00e9 les informations sur la machine, telles que la configuration de la machine, les param\u00e8tres de la machine, la vid\u00e9o de fonctionnement de la machine, etc., le client italien a \u00e9t\u00e9 tr\u00e8s satisfait et a sign\u00e9 le contrat avec nous imm\u00e9diatement. Une fois la machine pr\u00eate, nous avons imm\u00e9diatement organis\u00e9 le transport vers la destination du client. Apr\u00e8s avoir re\u00e7u la machine, le client a \u00e9t\u00e9 tr\u00e8s satisfait. Il a \u00e9galement dit que s'il y avait une opportunit\u00e9, nous pourrions coop\u00e9rer \u00e0 nouveau.<\/p>    <figure class=\"wp-block-gallery aligncenter has-nested-images columns-default is-cropped wp-block-gallery-5 is-layout-flex wp-block-gallery-is-layout-flex\"> <figure class=\"wp-block-image size-large\"><img loading=\"lazy\" decoding=\"async\" width=\"540\" height=\"720\" data-id=\"2595\" src=\"https:\/\/www.baler-machines.com\/wp-content\/uploads\/2022\/08\/loading-the-metal-chip-briquetter-to-the-container.webp\" alt=\"chargement-de-la-briqueteuse-de-copeaux-m\u00e9talliques-dans-le-conteneur\" class=\"wp-image-2595\" title=\"\"><figcaption>Chargement de la briquette de copeaux m\u00e9talliques dans le conteneur<\/figcaption><\/figure> <\/figure>","protected":false},"excerpt":{"rendered":"<p>La machine de briquetage de copeaux m\u00e9talliques hydrauliques (machine de briquetage de m\u00e9taux verticale) est un \u00e9quipement important pour le recyclage des ressources m\u00e9talliques usag\u00e9es, qui peut presser \u00e0 froid divers copeaux m\u00e9talliques en poudre ou granulaires directement en g\u00e2teaux cylindriques de 3 \u00e0 15 kg pour faciliter le transport et le fonctionnement du four.<\/p>","protected":false},"author":1,"featured_media":2593,"parent":0,"template":"","tags":[113,639,590,114,589,112],"product-type":[563],"class_list":["post-391","product","type-product","status-publish","has-post-thumbnail","hentry","tag-metal-briquette-machine","tag-metal-briquetting","tag-metal-briqutting-machine","tag-metal-chip-briquetting-machine","tag-metal-powder-press-machine","tag-scrap-metal-briquette-machine","product-type-baler-machine"],"_links":{"self":[{"href":"https:\/\/www.baler-machines.com\/fr\/wp-json\/wp\/v2\/product\/391","targetHints":{"allow":["GET"]}}],"collection":[{"href":"https:\/\/www.baler-machines.com\/fr\/wp-json\/wp\/v2\/product"}],"about":[{"href":"https:\/\/www.baler-machines.com\/fr\/wp-json\/wp\/v2\/types\/product"}],"author":[{"embeddable":true,"href":"https:\/\/www.baler-machines.com\/fr\/wp-json\/wp\/v2\/users\/1"}],"wp:featuredmedia":[{"embeddable":true,"href":"https:\/\/www.baler-machines.com\/fr\/wp-json\/wp\/v2\/media\/2593"}],"wp:attachment":[{"href":"https:\/\/www.baler-machines.com\/fr\/wp-json\/wp\/v2\/media?parent=391"}],"wp:term":[{"taxonomy":"post_tag","embeddable":true,"href":"https:\/\/www.baler-machines.com\/fr\/wp-json\/wp\/v2\/tags?post=391"},{"taxonomy":"product-type","embeddable":true,"href":"https:\/\/www.baler-machines.com\/fr\/wp-json\/wp\/v2\/product-type?post=391"}],"curies":[{"name":"wp","href":"https:\/\/api.w.org\/{rel}","templated":true}]}}