{"id":3319,"date":"2023-06-30T17:27:11","date_gmt":"2023-06-30T09:27:11","guid":{"rendered":"https:\/\/www.baler-machines.com\/?post_type=product&#038;p=3319"},"modified":"2026-02-13T13:31:21","modified_gmt":"2026-02-13T05:31:21","slug":"vertical-cardboard-baler-machine","status":"publish","type":"product","link":"https:\/\/www.baler-machines.com\/fr\/vertical-cardboard-baler-machine\/","title":{"rendered":"Presse \u00e0 carton verticale \u00e0 vendre"},"content":{"rendered":"<p>La presse \u00e0 carton verticale est une machine tr\u00e8s efficace con\u00e7ue pour le recyclage des d\u00e9chets de carton. Avec une adaptabilit\u00e9 flexible de la taille, un prix de mise en balles \u00e9conomique et un service apr\u00e8s-vente fiable, la presse \u00e0 balles hydraulique constitue la solution id\u00e9ale pour les clients.<\/p>    <h2 class=\"wp-block-heading\"><strong>Recyclage des balles de carton : prix des balles de carton rentable<\/strong><\/h2>    <p>Le recyclage des emballages en carton est devenu une activit\u00e9 rentable. En regroupant les d\u00e9chets de carton en carr\u00e9s compacts, ils peuvent non seulement \u00eatre facilement stock\u00e9s et transport\u00e9s, mais ils peuvent \u00e9galement avoir une valeur commerciale importante.<\/p>    <figure class=\"wp-block-gallery aligncenter has-nested-images columns-default is-cropped wp-block-gallery-2 is-layout-flex wp-block-gallery-is-layout-flex\"> <figure class=\"wp-block-image size-large\"><img loading=\"lazy\" decoding=\"async\" width=\"650\" height=\"450\" data-id=\"2880\" src=\"https:\/\/www.baler-machines.com\/wp-content\/uploads\/2022\/12\/cardboard-boxes.webp\" alt=\"bo\u00eetes en carton\" class=\"wp-image-2880\" title=\"\"><figcaption class=\"wp-element-caption\">Bo\u00eetes en carton<\/figcaption><\/figure>    <figure class=\"wp-block-image size-large\"><img loading=\"lazy\" decoding=\"async\" width=\"540\" height=\"540\" data-id=\"2941\" src=\"https:\/\/www.baler-machines.com\/wp-content\/uploads\/2023\/01\/waste-cardboard.webp\" alt=\"d\u00e9chets de carton\" class=\"wp-image-2941\" title=\"\"><figcaption class=\"wp-element-caption\">D\u00e9chets de carton<\/figcaption><\/figure> <\/figure>    <p>D'une mani\u00e8re g\u00e9n\u00e9rale, le prix des balles de carton d\u00e9pend de l'offre et de la demande du march\u00e9 ainsi que de la qualit\u00e9 du carton. Les prix ont tendance \u00e0 \u00eatre plus \u00e9lev\u00e9s lorsque la demande du march\u00e9 est forte et que la qualit\u00e9 du carton est bonne. Les entreprises de recyclage fixent g\u00e9n\u00e9ralement le prix de leur carton au poids et basent leurs prix sur la qualit\u00e9 du carton, la propret\u00e9 et le march\u00e9 du recyclage.<\/p>    <h2 class=\"wp-block-heading\"><strong>Quel \u00e9quipement peut \u00eatre utilis\u00e9 comme presse \u00e0 carton ?<\/strong><\/h2>    <p>En tant que fabricant professionnel de presses \u00e0 balles, nous pr\u00e9sentons maintenant solennellement une presse \u00e0 balles verticale hydraulique en carton. L'efficacit\u00e9 et la qualit\u00e9 du pressage peuvent \u00eatre am\u00e9lior\u00e9es gr\u00e2ce \u00e0 la compression et \u00e0 d'autres processus, augmentant ainsi la valeur des carr\u00e9s de carton. Cela augmente non seulement les b\u00e9n\u00e9fices du recyclage, mais contribue \u00e9galement \u00e0 la protection de l'environnement et au recyclage des ressources.<\/p>   <div class=\"wp-block-image\"> <figure class=\"aligncenter size-full\"><img loading=\"lazy\" decoding=\"async\" width=\"907\" height=\"920\" src=\"https:\/\/www.baler-machines.com\/wp-content\/uploads\/2023\/06\/industrial-vertical-cardboard-baler-for-recycling.webp\" alt=\"balleuse verticale industrielle pour le recyclage\" class=\"wp-image-4300\" title=\"\" srcset=\"https:\/\/www.baler-machines.com\/wp-content\/uploads\/2023\/06\/industrial-vertical-cardboard-baler-for-recycling.webp 907w, https:\/\/www.baler-machines.com\/wp-content\/uploads\/2023\/06\/industrial-vertical-cardboard-baler-for-recycling-768x779.webp 768w, https:\/\/www.baler-machines.com\/wp-content\/uploads\/2023\/06\/industrial-vertical-cardboard-baler-for-recycling-12x12.webp 12w\" sizes=\"auto, (max-width: 907px) 100vw, 907px\" \/><figcaption class=\"wp-element-caption\">balleuse verticale industrielle pour le recyclage<\/figcaption><\/figure> <\/div>   <p class=\"translation-block\">Bien s\u00fbr, il y a aussi notre <a href=\"https:\/\/www.baler-machines.com\/fr\/hydraulic-cardboard-baler-for-sale\/\" target=\"_blank\" rel=\"noreferrer noopener\">presse \u00e0 balles hydraulique horizontale<\/a>, qui est la presse \u00e0 balles la plus appropri\u00e9e \u00e0 acheter en fonction principalement de vos besoins de mise en balle, de votre budget, etc.<\/p>    <h2 class=\"wp-block-heading\"><strong>Instructions pour la presse \u00e0 carton hydraulique Shuliy<\/strong><\/h2>    <ol class=\"wp-block-list\"> <li>Travail de pr\u00e9paration <ul class=\"wp-block-list\"> <li>Rangez le carton, assurez-vous que la surface est propre et retirez les \u00e9ventuels appendices en exc\u00e8s.<\/li>    <li>V\u00e9rifiez que l'alimentation \u00e9lectrique et le syst\u00e8me hydraulique de la presse \u00e0 carton fonctionnent correctement pour garantir la s\u00e9curit\u00e9.<\/li> <\/ul> <\/li>    <li>Fonctionnement de la presse \u00e0 carton verticale  <ul class=\"wp-block-list\"> <li>Placez le carton usag\u00e9 dans le chargeur de la machine \u00e0 balle de carton usag\u00e9.<\/li>    <li>Appuyez sur le bouton de d\u00e9marrage et la presse commence \u00e0 fonctionner.<\/li>    <li>La presse compressera automatiquement le carton et le transformera en carr\u00e9s compacts.<\/li>    <li>Une fois le pressage termin\u00e9, arr\u00eatez la presse \u00e0 carton verticale.<\/li> <\/ul> <\/li>    <li>V\u00e9rifier la balle de carton <ul class=\"wp-block-list\"> <li>V\u00e9rifiez les carr\u00e9s de carton mis en balles pour vous assurer qu'ils sont compacts et s\u00e9curis\u00e9s.<\/li>    <li>Si n\u00e9cessaire, ajustez les param\u00e8tres de la presse pour obtenir de meilleurs r\u00e9sultats de pressage.<\/li> <\/ul> <\/li>    <li>Entretien <ul class=\"wp-block-list\"> <li>Nettoyez r\u00e9guli\u00e8rement la poussi\u00e8re et les d\u00e9bris de l\u2019int\u00e9rieur et de l\u2019ext\u00e9rieur de la presse.<\/li>    <li>V\u00e9rifiez le liquide du syst\u00e8me hydraulique pour vous assurer qu\u2019il est ad\u00e9quat et propre.<\/li>    <li>V\u00e9rifiez et serrez r\u00e9guli\u00e8rement les boulons et les pi\u00e8ces de connexion de la presse \u00e0 carton verticale.<\/li> <\/ul> <\/li> <\/ol>   <div class=\"wp-block-image\"> <figure class=\"aligncenter size-full\"><img loading=\"lazy\" decoding=\"async\" width=\"875\" height=\"760\" src=\"https:\/\/www.baler-machines.com\/wp-content\/uploads\/2023\/06\/hydraulic-cardboard-baling-machine.webp\" alt=\"machine \u00e0 balle hydraulique pour carton\" class=\"wp-image-4301\" title=\"\" srcset=\"https:\/\/www.baler-machines.com\/wp-content\/uploads\/2023\/06\/hydraulic-cardboard-baling-machine.webp 875w, https:\/\/www.baler-machines.com\/wp-content\/uploads\/2023\/06\/hydraulic-cardboard-baling-machine-768x667.webp 768w, https:\/\/www.baler-machines.com\/wp-content\/uploads\/2023\/06\/hydraulic-cardboard-baling-machine-14x12.webp 14w\" sizes=\"auto, (max-width: 875px) 100vw, 875px\" \/><figcaption class=\"wp-element-caption\">machine \u00e0 balle hydraulique pour carton<\/figcaption><\/figure> <\/div>   <h2 class=\"wp-block-heading\"><strong>Qu'en est-il du d\u00e9pannage de la presse \u00e0 carton verticale\u00a0?<\/strong><\/h2>    <figure class=\"wp-block-table\"><table><tbody><tr><td>Probl\u00e8mes avec la presse \u00e0 carton verticale<\/td><td>d\u00e9pannage<\/td><\/tr><tr><td>La presse ne d\u00e9marre pas<\/td><td>1. V\u00e9rifiez que l'alimentation est correctement connect\u00e9e et assurez-vous que la fiche est bien ins\u00e9r\u00e9e.<br>2. V\u00e9rifiez que l'interrupteur d'alimentation est allum\u00e9.<br>3. V\u00e9rifiez les lignes \u00e9lectriques et les fusibles pour vous assurer qu'ils fonctionnent correctement.<\/td><\/tr><tr><td>La presse fonctionne lentement ou sous pression<\/td><td>1. V\u00e9rifiez le niveau d'huile hydraulique et ajoutez ou remplacez de l'huile hydraulique si n\u00e9cessaire.<br>2. V\u00e9rifiez l'absence de fuites dans le syst\u00e8me hydraulique et, si n\u00e9cessaire, r\u00e9parez les fuites.<br>3. V\u00e9rifiez si le v\u00e9rin hydraulique fonctionne correctement et, si n\u00e9cessaire, entretenez-le ou remplacez-le.<\/td><\/tr><tr><td>R\u00e9sultats de pressage insatisfaisants<\/td><td>1. V\u00e9rifiez le r\u00e9gulateur de pression de la presse \u00e0 balles pour vous assurer que la pression est correctement r\u00e9gl\u00e9e.<br>2. V\u00e9rifiez le r\u00e9glage du temps d'emballage de la presse et ajustez-le en fonction de la qualit\u00e9 et de l'\u00e9paisseur du carton.<br>3. V\u00e9rifiez le r\u00e9glage de la tension de la courroie d'emballage pour garantir une bonne \u00e9tanch\u00e9it\u00e9.<\/td><\/tr><tr><td>Bruit anormal de la presse<\/td><td>1. V\u00e9rifiez les boulons et les fixations de la presse \u00e0 balles pour vous assurer qu'ils sont bien fix\u00e9s.<br>2. V\u00e9rifiez les pistons et les v\u00e9rins hydrauliques de la presse pour vous assurer qu\u2019ils fonctionnent correctement.<br>3. Si n\u00e9cessaire, lubrifiez les pi\u00e8ces mobiles de la presse.<\/td><\/tr><\/tbody><\/table><figcaption class=\"wp-element-caption\">probl\u00e8mes possibles avec la presse \u00e0 carton verticale<\/figcaption><\/figure>    <figure class=\"wp-block-gallery has-nested-images columns-default is-cropped wp-block-gallery-3 is-layout-flex wp-block-gallery-is-layout-flex\"> <figure class=\"wp-block-image size-large\"><img loading=\"lazy\" decoding=\"async\" width=\"720\" height=\"540\" data-id=\"3274\" src=\"https:\/\/www.baler-machines.com\/wp-content\/uploads\/2023\/05\/vertical-cardboard-baler-for-sale.webp\" alt=\"presse \u00e0 carton verticale \u00e0 vendre\" class=\"wp-image-3274\" title=\"\"><figcaption class=\"wp-element-caption\">Presse \u00e0 carton verticale \u00e0 vendre<\/figcaption><\/figure>    <figure class=\"wp-block-image size-large\"><img loading=\"lazy\" decoding=\"async\" width=\"720\" height=\"540\" data-id=\"2997\" src=\"https:\/\/www.baler-machines.com\/wp-content\/uploads\/2023\/02\/vertical-cardboard-compactor-for-sale.webp\" alt=\"compacteur de carton vertical \u00e0 vendre\" class=\"wp-image-2997\" title=\"\"><figcaption class=\"wp-element-caption\">Compacteur de carton vertical \u00e0 vendre<\/figcaption><\/figure> <\/figure>    <h2 class=\"wp-block-heading\"><strong>Comment choisir des fabricants de presses \u00e0 carton industrielles fiables ?<\/strong><\/h2>    <div class=\"wp-block-columns is-layout-flex wp-container-core-columns-is-layout-9d6595d7 wp-block-columns-is-layout-flex\"> <div class=\"wp-block-column is-layout-flow wp-block-column-is-layout-flow\"> <p class=\"translation-block\"><strong>Qualifications et exp\u00e9rience<\/strong><\/p> <\/div>    <div class=\"wp-block-column is-layout-flow wp-block-column-is-layout-flow\"> <p class=\"translation-block\"><strong>Qualit\u00e9 et performance du produit<\/strong><\/p> <\/div>    <div class=\"wp-block-column is-layout-flow wp-block-column-is-layout-flow\"> <p class=\"translation-block\"><strong>Service apr\u00e8s-vente<\/strong><\/p> <\/div> <\/div>    <div class=\"wp-block-columns is-layout-flex wp-container-core-columns-is-layout-9d6595d7 wp-block-columns-is-layout-flex\"> <div class=\"wp-block-column is-layout-flow wp-block-column-is-layout-flow\"> <p class=\"translation-block\"><strong>Prix raisonnable de la presse \u00e0 balles<\/strong><\/p> <\/div>    <div class=\"wp-block-column is-layout-flow wp-block-column-is-layout-flow\"> <p class=\"translation-block\"><strong>D\u00e9lai de livraison<\/strong><\/p> <\/div>    <div class=\"wp-block-column is-layout-flow wp-block-column-is-layout-flow\"> <p class=\"translation-block\"><strong>R\u00e9putation sur le march\u00e9 mondial<\/strong><\/p> <\/div> <\/div>    <p>D\u2019une mani\u00e8re g\u00e9n\u00e9rale, les aspects ci-dessus doivent \u00eatre pris en compte, mais pas seulement. Si vous souhaitez choisir la bonne presse \u00e0 d\u00e9chets de carton, vous pouvez nous contacter et notre responsable commercial vous fournira des conseils professionnels en fonction de vos besoins.<\/p>","protected":false},"excerpt":{"rendered":"<p>The vertical cardboard baler machine is a highly efficient machine designed for the recycling of waste cardboard. With flexible size adaptability, economical baling price and reliable after-sales service, the hydrualic baling press provides the ideal solution for customers. Cardboard bale recycling: profitable cardboard bale price Cardboard packaging recycling has become a profitable business. By baling [&hellip;]<\/p>\n","protected":false},"author":1,"featured_media":3320,"parent":0,"template":"","tags":[616,570],"product-type":[563],"class_list":["post-3319","product","type-product","status-publish","has-post-thumbnail","hentry","tag-cardboard-baler-machine","tag-hydraulic-baling-press","product-type-baler-machine"],"_links":{"self":[{"href":"https:\/\/www.baler-machines.com\/fr\/wp-json\/wp\/v2\/product\/3319","targetHints":{"allow":["GET"]}}],"collection":[{"href":"https:\/\/www.baler-machines.com\/fr\/wp-json\/wp\/v2\/product"}],"about":[{"href":"https:\/\/www.baler-machines.com\/fr\/wp-json\/wp\/v2\/types\/product"}],"author":[{"embeddable":true,"href":"https:\/\/www.baler-machines.com\/fr\/wp-json\/wp\/v2\/users\/1"}],"wp:featuredmedia":[{"embeddable":true,"href":"https:\/\/www.baler-machines.com\/fr\/wp-json\/wp\/v2\/media\/3320"}],"wp:attachment":[{"href":"https:\/\/www.baler-machines.com\/fr\/wp-json\/wp\/v2\/media?parent=3319"}],"wp:term":[{"taxonomy":"post_tag","embeddable":true,"href":"https:\/\/www.baler-machines.com\/fr\/wp-json\/wp\/v2\/tags?post=3319"},{"taxonomy":"product-type","embeddable":true,"href":"https:\/\/www.baler-machines.com\/fr\/wp-json\/wp\/v2\/product-type?post=3319"}],"curies":[{"name":"wp","href":"https:\/\/api.w.org\/{rel}","templated":true}]}}