{"id":321,"date":"2019-12-12T05:33:59","date_gmt":"2019-12-12T05:33:59","guid":{"rendered":"https:\/\/www.baler-machines.com\/?p=321"},"modified":"2024-08-01T17:58:33","modified_gmt":"2024-08-01T09:58:33","slug":"hydraulic-metal-shears","status":"publish","type":"product","link":"https:\/\/www.baler-machines.com\/fr\/hydraulic-metal-shears\/","title":{"rendered":"Machine de cisaillement hydraulique des m\u00e9taux | Cisaille crocodile"},"content":{"rendered":"<p class=\"translation-block\">La <strong>machine de cisaillement hydraulique de m\u00e9tal<\/strong> Shuliy est principalement utilis\u00e9e pour couper diverses ferrailles m\u00e9talliques, tubes en acier de r\u00e9cup\u00e9ration, plaques d'acier de r\u00e9cup\u00e9ration, etc. en morceaux pour le recyclage. Elle peut cisailler les d\u00e9chets 8 \u00e0 12 fois par minute. <\/p>    <p>Cette cisaille crocodile peut \u00e9quiper le convoyeur pour l'alimentation des d\u00e9chets m\u00e9talliques. Il dispose de types de contr\u00f4le manuel et automatique. Lorsque vous utilisez cette machine de d\u00e9coupe de ferraille pour couper de la ferraille, la longueur de coupe peut \u00eatre ajust\u00e9e librement.<\/p>    <figure class=\"wp-block-gallery has-nested-images columns-2 is-cropped wp-block-gallery-2 is-layout-flex wp-block-gallery-is-layout-flex\"> <figure class=\"wp-block-image size-large\"><img loading=\"lazy\" decoding=\"async\" width=\"720\" height=\"540\" data-id=\"695\" src=\"https:\/\/www.baler-machines.com\/wp-content\/uploads\/2019\/12\/industrial-metal-shear-machine-for-sale.jpg\" alt=\"cisaille \u00e0 m\u00e9taux industrielle \u00e0 vendre\" class=\"wp-image-695\" title=\"\"><figcaption class=\"wp-element-caption\">Machine de cisaillement industrielle des m\u00e9taux \u00e0 vendre<\/figcaption><\/figure>    <figure class=\"wp-block-image size-full\"><img loading=\"lazy\" decoding=\"async\" width=\"720\" height=\"540\" data-id=\"2524\" src=\"https:\/\/www.baler-machines.com\/wp-content\/uploads\/2022\/08\/scrap-metal-cutting-machine.webp\" alt=\"machine de d\u00e9coupe de ferraille\" class=\"wp-image-2524\" title=\"\"><figcaption class=\"wp-element-caption\">Machine de d\u00e9coupe de ferraille<\/figcaption><\/figure>    <figure class=\"wp-block-image size-full\"><img loading=\"lazy\" decoding=\"async\" width=\"720\" height=\"540\" data-id=\"2526\" src=\"https:\/\/www.baler-machines.com\/wp-content\/uploads\/2019\/12\/hydraulic-metal-shear-with-the-conveyor.webp\" alt=\"cisaille \u00e0 m\u00e9taux hydraulique avec le convoyeur\" class=\"wp-image-2526\" title=\"\"><figcaption class=\"wp-element-caption\">Cisaille \u00e0 m\u00e9taux hydraulique avec le convoyeur<\/figcaption><\/figure>    <figure class=\"wp-block-image size-large\"><img loading=\"lazy\" decoding=\"async\" width=\"720\" height=\"539\" data-id=\"517\" src=\"https:\/\/www.baler-machines.com\/wp-content\/uploads\/2020\/01\/metal-cutter-for-shearing-steel-sheets.jpg\" alt=\"coupe-m\u00e9tal pour cisailler les t\u00f4les d&#039;acier\" class=\"wp-image-517\" title=\"\"><figcaption class=\"wp-element-caption\">Coupe-m\u00e9tal pour cisailler les t\u00f4les d'acier<\/figcaption><\/figure> <\/figure>    <p>Il est principalement utilis\u00e9 dans l\u2019industrie du recyclage et de la transformation des d\u00e9chets, ainsi que dans les petites et moyennes aci\u00e9ries. Si vous recherchez une solution pour les d\u00e9chets m\u00e9talliques, cette machine est le choix id\u00e9al.<\/p>    <figure class=\"wp-block-embed is-type-video is-provider-youtube wp-block-embed-youtube wp-embed-aspect-16-9 wp-has-aspect-ratio\"><div class=\"wp-block-embed__wrapper\"> <iframe loading=\"lazy\" title=\"Cisaille crocodile coupant la ferraille : puissante cisaille hydraulique \u00e0 vendre en provenance de Chine\" width=\"500\" height=\"281\" src=\"https:\/\/www.youtube.com\/embed\/HQ4qlQGTFXw?feature=oembed\" frameborder=\"0\" allow=\"accelerometer; autoplay; clipboard-write; encrypted-media; gyroscope; picture-in-picture; web-share\" referrerpolicy=\"strict-origin-when-cross-origin\" allowfullscreen><\/iframe> <\/div><figcaption class=\"wp-element-caption\">vid\u00e9o de travail d'une cisaille crocodile<\/figcaption><\/figure>    <h2 class=\"wp-block-heading\"><strong>Quels d\u00e9chets m\u00e9talliques peuvent \u00eatre coup\u00e9s ?<\/strong><\/h2>    <p>Ce type de machine de d\u00e9coupe de ferraille \u00e0 m\u00e2choires convient \u00e0 diverses d\u00e9coupes de d\u00e9chets m\u00e9talliques, telles que\u00a0:<\/p>    <p class=\"translation-block\"><strong>Acier de construction, ferraille de fer, acier carr\u00e9, acier de construction de r\u00e9cup\u00e9ration, barres d'armature, corni\u00e8res, profil\u00e9s I, tuyaux en acier<\/strong>, <strong>plaques de fer, fonte, t\u00f4les d'acier, tuiles m\u00e9talliques color\u00e9es, chutes de m\u00e9tal, plaques d'alliage d'aluminium, plaques de cuivre, plaques de m\u00e9tal de r\u00e9cup\u00e9ration, canettes en aluminium, barres d'acier de r\u00e9cup\u00e9ration, plaques d'aluminium, plaques de fer, acier rond, carcasses de voitures de r\u00e9cup\u00e9ration, r\u00e9servoirs en aluminium, r\u00e9servoirs d'essence, r\u00e9servoirs de peinture, r\u00e9servoirs de gaz naturel,<\/strong> et ainsi de suite<strong>.<\/strong><\/p>   <div class=\"wp-block-image\"> <figure class=\"aligncenter size-full\"><img loading=\"lazy\" decoding=\"async\" width=\"720\" height=\"540\" src=\"https:\/\/www.baler-machines.com\/wp-content\/uploads\/2019\/12\/all-kinds-of-metal-sheets-for-cutting.jpg\" alt=\"toutes sortes de t\u00f4les \u00e0 d\u00e9couper\" class=\"wp-image-697\" title=\"\"><figcaption class=\"wp-element-caption\">toutes sortes de t\u00f4les \u00e0 d\u00e9couper<\/figcaption><\/figure> <\/div>   <h2 class=\"wp-block-heading\"><strong>Applications de la cisaille crocodile hydraulique<\/strong><\/h2>    <p>Apr\u00e8s avoir appris ce que l\u2019on peut faire en mati\u00e8re de d\u00e9coupe de ferraille, il est maintenant temps de voir o\u00f9 cet \u00e9quipement peut \u00eatre utilis\u00e9.<\/p>    <p>Cette cisaille \u00e0 m\u00e9taux hydraulique est principalement utilis\u00e9e dans\u00a0:<\/p>    <ul class=\"wp-block-list\"> <li>Aci\u00e9ries<\/li>    <li>Entreprises de transformation des d\u00e9chets d\u2019acier<\/li>    <li>Usines de traitement de d\u00e9chets m\u00e9talliques <\/li>    <li>Usines de d\u00e9mant\u00e8lement d'automobiles<\/li>    <li>Industries de la fonderie et de la fonderie d'acier<\/li> <\/ul>    <h2 class=\"wp-block-heading\" id=\"h-hydraulic-metal-shear-machine-features\"><strong>Caract\u00e9ristiques de la cisaille \u00e0 m\u00e9taux hydraulique<\/strong><\/h2>    <ul class=\"wp-block-list\"> <li><strong>Longueurs de lame de coupe en 400 mm, 600 mm, 700 mm, 800 mm, 1 000 mm et 1 200 mm<\/strong>. Cette cisaille crocodile a diverses sp\u00e9cifications de lame de coupe, offrant aux clients plus de choix. <ul class=\"wp-block-list\"> <li>La cisaille \u00e0 m\u00e9taux hydraulique avec une longueur de lame de coupe de plus de 700 mm est particuli\u00e8rement adapt\u00e9e \u00e0 la coupe d'automobiles mises au rebut.<\/li> <\/ul> <\/li>    <li><strong>Peu de limitations pour les mati\u00e8res premi\u00e8res \u00e0 d\u00e9couper<\/strong>. La m\u00e9thode de cisaillement n\u2019est pas stricte quant \u00e0 la taille d\u2019alimentation des d\u00e9chets m\u00e9talliques. Il y a donc moins de restrictions.<\/li>    <li> <strong>Force de cisaillement de 63 tonnes \u00e0 400 tonnes en 8 qualit\u00e9s<\/strong>. La cisaille de type crocodile Shuliy propose diff\u00e9rents types, ce qui repr\u00e9sente un large \u00e9ventail de choix pour les clients.<\/li>    <li><strong>Plusieurs choix de syst\u00e8mes \u00e9lectriques<\/strong>. Cette machine peut utiliser un moteur \u00e9lectrique ou un moteur diesel comme syst\u00e8me d'alimentation. L\u00e0 o\u00f9 il n\u2019y a pas d\u2019alimentation \u00e9lectrique, le moteur diesel peut \u00eatre utilis\u00e9 comme source d\u2019\u00e9nergie.<\/li> <\/ul>   <div class=\"wp-block-image\"> <figure class=\"aligncenter size-full\"><img loading=\"lazy\" decoding=\"async\" width=\"720\" height=\"540\" src=\"https:\/\/www.baler-machines.com\/wp-content\/uploads\/2019\/12\/metal-shearing-machine-supplier.jpg\" alt=\"fournisseur de cisaille \u00e0 m\u00e9taux\" class=\"wp-image-696\" title=\"\"><figcaption class=\"wp-element-caption\">fournisseur de cisaille \u00e0 m\u00e9taux<\/figcaption><\/figure> <\/div>   <h2 class=\"wp-block-heading\"><strong>Param\u00e8tres de la cisaille hydraulique \u00e0 m\u00e9taux<\/strong><\/h2>    <figure class=\"wp-block-table is-style-stripes\"><table><tbody><tr><td>Mod\u00e8le<\/td><td>SL-1200<\/td><\/tr><tr><td>Force de cisaillement standard<\/td><td>250t<\/td><\/tr><tr><td>Moteur<\/td><td>4-22kw<\/td><\/tr><tr><td>Tension<\/td><td>380 V\/50 Hz<\/td><\/tr><tr><td>Pompe \u00e0 huile<\/td><td>80*1<\/td><\/tr><tr><td>Longueur de la lame de coupe<\/td><td>1200mm<\/td><\/tr><tr><td>Fa\u00e7on de contr\u00f4ler<\/td><td>Fonctionnement automatique\/manuel<\/td><\/tr><tr><td>Nombre de coupes par minute<\/td><td>8 \u00e0 12 fois<\/td><\/tr><\/tbody><\/table><figcaption class=\"wp-element-caption\">Sp\u00e9cifications de la cisaille crocodile<\/figcaption><\/figure>    <p>Cette cisaille \u00e0 m\u00e9taux hydraulique SL-1200 a une forte capacit\u00e9 de cisaillement, adapt\u00e9e \u00e0 tous les types de traitement de cisaillement de mat\u00e9riaux de ferraille.<\/p>    <p>Nous pouvons personnaliser la tension, la longueur de la lame, la pression, etc. Shuliy peut les concevoir pour r\u00e9pondre \u00e0 vos demandes.<\/p>    <p>Si vous \u00eates int\u00e9ress\u00e9 par le recyclage des d\u00e9chets m\u00e9talliques, n'h\u00e9sitez pas \u00e0 nous contacter pour plus de d\u00e9tails !<\/p>   <div class=\"wp-block-image\"> <figure class=\"aligncenter size-full\"><img loading=\"lazy\" decoding=\"async\" width=\"720\" height=\"540\" src=\"https:\/\/www.baler-machines.com\/wp-content\/uploads\/2019\/12\/quality-hydraulic-metal-shearing-machine-for-sale.webp\" alt=\"Cisaille \u00e0 m\u00e9taux hydraulique de qualit\u00e9 \u00e0 vendre\" class=\"wp-image-3737\" title=\"\" srcset=\"https:\/\/www.baler-machines.com\/wp-content\/uploads\/2019\/12\/quality-hydraulic-metal-shearing-machine-for-sale.webp 720w, https:\/\/www.baler-machines.com\/wp-content\/uploads\/2019\/12\/quality-hydraulic-metal-shearing-machine-for-sale-16x12.webp 16w\" sizes=\"auto, (max-width: 720px) 100vw, 720px\" \/><figcaption class=\"wp-element-caption\">Cisaille \u00e0 m\u00e9taux hydraulique de qualit\u00e9 \u00e0 vendre<\/figcaption><\/figure> <\/div>   <h2 class=\"wp-block-heading\" id=\"h-structural-of-the-scrap-metal-cutting-machine\"><strong>Structure de la machine de d\u00e9coupe de ferraille<\/strong><\/h2>    <p>La structure de la cisaille hydraulique \u00e0 m\u00e9taux comprend principalement le cadre, la t\u00eate de cisaillement, la griffe de pressage, le v\u00e9rin d'action de la t\u00eate de cisaillement, le v\u00e9rin d'action de la griffe de pressage et le dispositif d'alimentation en huile hydraulique.<\/p>   <div class=\"wp-block-image\"> <figure class=\"aligncenter size-full\"><img loading=\"lazy\" decoding=\"async\" width=\"720\" height=\"540\" src=\"https:\/\/www.baler-machines.com\/wp-content\/uploads\/2022\/08\/structure-of-the-metal-shears.webp\" alt=\"structure des cisailles \u00e0 m\u00e9taux\" class=\"wp-image-2527\" title=\"\"><figcaption class=\"wp-element-caption\">structure des cisailles \u00e0 m\u00e9taux<\/figcaption><\/figure> <\/div>   <p>D'apr\u00e8s sa conception, il est clair que cette cisaille \u00e0 m\u00e9taux hydraulique a un fonctionnement pratique et simple.<\/p>    <p>La bouche de cisaille peut couper et s'arr\u00eater \u00e0 n'importe quelle position pendant le processus de travail. Selon la taille du mat\u00e9riau, contr\u00f4le arbitraire de la taille de la bouche de cisaillement. Cela peut atteindre une efficacit\u00e9 de travail \u00e9lev\u00e9e.<\/p>    <h2 class=\"wp-block-heading\"><strong>Principe de fonctionnement de la cisaille crocodile de type crocodile<\/strong><\/h2>    <p>Cette machine fonctionne gr\u00e2ce \u00e0 un syst\u00e8me hydraulique. <\/p>    <p>Lorsque le cisaillement est en cours, la station de pompe hydraulique (source de puissance de sortie) fournit de l'huile au cylindre de pressage pour pousser le couteau de pressage coulissant sur le si\u00e8ge du couteau inf\u00e9rieur. Le mat\u00e9riau est fix\u00e9 et compact\u00e9.<\/p>    <p>Ensuite, la station de pompe hydraulique fournit de l'huile au cylindre de cisaillement pour faire descendre le couteau de cisaillement afin de terminer l'\u00e9tape de cisaillement. <\/p>    <p>Une fois le cisaillement termin\u00e9, la station de pompage hydraulique ach\u00e8ve la course de retour entra\u00een\u00e9e par le reflux d'huile hydraulique du cylindre de cisaillement et du cylindre de pressage.<\/p>    <figure class=\"wp-block-embed is-type-video is-provider-youtube wp-block-embed-youtube wp-embed-aspect-16-9 wp-has-aspect-ratio\"><div class=\"wp-block-embed__wrapper\"> <iframe loading=\"lazy\" title=\"Pouvez-vous deviner \u00e0 quel point les cisailles crocodiles hydrauliques sont tranchantes\u00a0? Voici comment ils coupent la ferraille pour la recycler\" width=\"500\" height=\"281\" src=\"https:\/\/www.youtube.com\/embed\/X0rK1Pm20sY?feature=oembed\" frameborder=\"0\" allow=\"accelerometer; autoplay; clipboard-write; encrypted-media; gyroscope; picture-in-picture; web-share\" referrerpolicy=\"strict-origin-when-cross-origin\" allowfullscreen><\/iframe> <\/div><figcaption class=\"wp-element-caption\">vid\u00e9o de la cisaille hydraulique pour d\u00e9chets m\u00e9talliques<\/figcaption><\/figure>    <h2 class=\"wp-block-heading\"><strong>Qu\u2019en est-il du prix de la cisaille hydraulique \u00e0 m\u00e9taux\u00a0?<\/strong><\/h2>    <p>Le prix de la cisaille hydraulique \u00e0 m\u00e9taux Shuliy varie en fonction de divers facteurs, notamment le mod\u00e8le de l'\u00e9quipement, la force de cisaillement, la configuration, la marque et le service apr\u00e8s-vente.<\/p>    <ul class=\"wp-block-list\"> <li>D'une mani\u00e8re g\u00e9n\u00e9rale, plus la force de cisaillement est grande, plus la configuration de la cisaille hydraulique est \u00e9lev\u00e9e, et son prix est d'autant plus \u00e9lev\u00e9.<\/li>    <li>Lors de l'achat d'une cisaille \u00e0 m\u00e9taux hydraulique, en plus de vous concentrer sur le prix, vous devez \u00e9galement tenir compte de la qualit\u00e9 et des performances de l'\u00e9quipement. <\/li>    <li>Choisir une marque avec une bonne r\u00e9putation et une garantie de service apr\u00e8s-vente, telle que Shuliy, peut garantir que l'\u00e9quipement est plus fiable et plus efficace dans le processus d'utilisation.<\/li> <\/ul>    <p>Si vous avez besoin de conna\u00eetre le prix sp\u00e9cifique d'une cisaille \u00e0 m\u00e9taux hydraulique, vous pouvez obtenir un devis d\u00e9taill\u00e9 en contactant notre \u00e9quipe commerciale. Nous vous recommanderons un mod\u00e8le adapt\u00e9 et vous proposerons le meilleur plan tarifaire en fonction de vos besoins sp\u00e9cifiques.<\/p>   <div class=\"wp-block-image\"> <figure class=\"aligncenter size-full\"><img loading=\"lazy\" decoding=\"async\" width=\"720\" height=\"540\" src=\"https:\/\/www.baler-machines.com\/wp-content\/uploads\/2019\/12\/alligator-shear-manufacturer.webp\" alt=\"fabricant de cisailles crocodiles\" class=\"wp-image-3736\" title=\"\" srcset=\"https:\/\/www.baler-machines.com\/wp-content\/uploads\/2019\/12\/alligator-shear-manufacturer.webp 720w, https:\/\/www.baler-machines.com\/wp-content\/uploads\/2019\/12\/alligator-shear-manufacturer-16x12.webp 16w\" sizes=\"auto, (max-width: 720px) 100vw, 720px\" \/><figcaption class=\"wp-element-caption\">fabricant de cisailles crocodiles<\/figcaption><\/figure> <\/div>   <h2 class=\"wp-block-heading\" id=\"h-safe-operation-guides-for-the-hydraulic-metal-shears\"><strong>Guides d'utilisation s\u00e9curitaires pour cisaille \u00e0 m\u00e9taux hydraulique<\/strong><\/h2>    <ul class=\"wp-block-list\"> <li>L'\u00e9quipement de coupe des m\u00e9taux doit \u00eatre utilis\u00e9 par un personnel sp\u00e9cifique.<\/li>    <li>Avant d'utiliser cette cisaille crocodile, v\u00e9rifiez soigneusement si toutes les pi\u00e8ces de la machine sont normales et si les fixations sont fermes.<\/li>    <li>Il est interdit \u00e0 la machine de d\u00e9coupe de m\u00e9taux de couper\u00a0: <ul class=\"wp-block-list\"> <li>Pi\u00e8ces en acier non recuit, pi\u00e8ces en fonte, pi\u00e8ces en m\u00e9tal mou, mat\u00e9riaux m\u00e9talliques fins, mat\u00e9riaux d'une longueur inf\u00e9rieure \u00e0 100 mm et d\u00e9chets m\u00e9talliques d\u00e9passant la longueur des ciseaux.<\/li> <\/ul> <\/li> <\/ul>   <div class=\"wp-block-image\"> <figure class=\"aligncenter size-full\"><img loading=\"lazy\" decoding=\"async\" width=\"720\" height=\"540\" src=\"https:\/\/www.baler-machines.com\/wp-content\/uploads\/2019\/12\/hydraulic-metal-shear-machine-working-scene.webp\" alt=\"sc\u00e8ne de travail de la machine \u00e0 cisaillement hydraulique des m\u00e9taux\" class=\"wp-image-3734\" title=\"\" srcset=\"https:\/\/www.baler-machines.com\/wp-content\/uploads\/2019\/12\/hydraulic-metal-shear-machine-working-scene.webp 720w, https:\/\/www.baler-machines.com\/wp-content\/uploads\/2019\/12\/hydraulic-metal-shear-machine-working-scene-16x12.webp 16w\" sizes=\"auto, (max-width: 720px) 100vw, 720px\" \/><figcaption class=\"wp-element-caption\">sc\u00e8ne de travail de la machine \u00e0 cisaillement hydraulique des m\u00e9taux<\/figcaption><\/figure> <\/div>   <ul class=\"wp-block-list\"> <li>Pendant l'op\u00e9ration, le corps humain n'est pas autoris\u00e9 \u00e0 s'approcher de la pi\u00e8ce de transmission et du tranchant de l'\u00e9quipement.  <ul class=\"wp-block-list\"> <li>La s\u00e9curit\u00e9 du personnel environnant doit \u00eatre prise en compte pour \u00e9viter que le mat\u00e9riau ne se d\u00e9forme et ne blesse les personnes. <\/li>    <li>Lors de la coupe, essayez de couper le mat\u00e9riau pr\u00e8s de l'int\u00e9rieur du couteau. <\/li>    <li>Lors de la coupe de mat\u00e9riaux courts, il n'est pas permis d'utiliser des pi\u00e8ces \u00e0 main pour alimenter les mat\u00e9riaux. Vous pouvez alimenter les mat\u00e9riaux avec une pince.<\/li> <\/ul> <\/li>    <li>Lorsque l'\u00e9quipement est en marche, l'op\u00e9rateur ne doit pas quitter le poste sans autorisation.  <ul class=\"wp-block-list\"> <li>Lorsque les travaux sont termin\u00e9s ou temporairement interrompus, l'alimentation \u00e9lectrique doit \u00eatre coup\u00e9e. <\/li>    <li>Dans le m\u00eame temps, lorsque la machine est en marche, il est interdit de r\u00e9parer ou de toucher les pi\u00e8ces mobiles avec les mains. Il est strictement interdit de presser les mat\u00e9riaux dans la bo\u00eete \u00e0 mat\u00e9riaux avec les mains ou les pieds.<\/li> <\/ul> <\/li>    <li>Les pi\u00e8ces lubrifiantes de la machine doivent \u00eatre remplies d'huile lubrifiante au moins une fois par quart de travail, selon les besoins.<\/li> <\/ul>    <h2 class=\"wp-block-heading\"><strong>Petite cisaille crocodile hydraulique de nouveau type<\/strong><\/h2>    <p>Ce nouveau type de cisaille \u00e0 m\u00e9taux hydraulique est nouvellement con\u00e7u par notre usine. Cette cisaille \u00e0 ferraille convient aux mat\u00e9riaux qui ne peuvent pas \u00eatre coup\u00e9s trop \u00e9pais, comme les plastiques.<\/p>    <figure class=\"wp-block-gallery has-nested-images columns-default is-cropped wp-block-gallery-3 is-layout-flex wp-block-gallery-is-layout-flex\"> <figure class=\"wp-block-image size-large\"><img loading=\"lazy\" decoding=\"async\" width=\"720\" height=\"540\" data-id=\"3740\" src=\"https:\/\/www.baler-machines.com\/wp-content\/uploads\/2019\/12\/hydraulic-alligator-shear.webp\" alt=\"cisaille crocodile hydraulique\" class=\"wp-image-3740\" title=\"\" srcset=\"https:\/\/www.baler-machines.com\/wp-content\/uploads\/2019\/12\/hydraulic-alligator-shear.webp 720w, https:\/\/www.baler-machines.com\/wp-content\/uploads\/2019\/12\/hydraulic-alligator-shear-16x12.webp 16w\" sizes=\"auto, (max-width: 720px) 100vw, 720px\" \/><figcaption class=\"wp-element-caption\">Cisaille crocodile hydraulique<\/figcaption><\/figure>    <figure class=\"wp-block-image size-large\"><img loading=\"lazy\" decoding=\"async\" width=\"720\" height=\"540\" data-id=\"3741\" src=\"https:\/\/www.baler-machines.com\/wp-content\/uploads\/2019\/12\/small-metal-shearing-machine.webp\" alt=\"petite cisaille \u00e0 m\u00e9taux\" class=\"wp-image-3741\" title=\"\" srcset=\"https:\/\/www.baler-machines.com\/wp-content\/uploads\/2019\/12\/small-metal-shearing-machine.webp 720w, https:\/\/www.baler-machines.com\/wp-content\/uploads\/2019\/12\/small-metal-shearing-machine-16x12.webp 16w\" sizes=\"auto, (max-width: 720px) 100vw, 720px\" \/><figcaption class=\"wp-element-caption\"><br><br>petite cisaille \u00e0 m\u00e9taux<\/figcaption><\/figure> <\/figure>    <p>La petite cisaille de type crocodile pr\u00e9sente les avantages d'\u00eatre rentable, l\u00e9g\u00e8re, facile \u00e0 d\u00e9placer et d'avoir un faible encombrement. C\u2019est id\u00e9al pour les petites entreprises ou les start-ups.<\/p>    <h2 class=\"wp-block-heading\"><strong>Contactez-nous pour plus de d\u00e9tails sur la machine\u00a0!<\/strong><\/h2>    <p class=\"translation-block\">En tant que fabricant professionnel d'\u00e9quipements de recyclage de m\u00e9taux, nous avons \u00e9galement des <a href=\"https:\/\/www.baler-machines.com\/fr\/metal-shear-machine\/\">cisaille \u00e0 m\u00e9tal t\u00eate de tigre<\/a>, des <a href=\"https:\/\/www.baler-machines.com\/fr\/metal-shears-metal-shearing-machine\/\">cisaille portique<\/a>, etc., qui peuvent r\u00e9pondre \u00e0 vos diff\u00e9rents besoins.<\/p>    <p class=\"translation-block\">Si vous recherchez des solutions efficaces pour le recyclage des <a href=\"https:\/\/en.wikipedia.org\/wiki\/Scrap\" target=\"_blank\" rel=\"noopener\">d\u00e9chets m\u00e9talliques<\/a>, contactez-nous d\u00e8s maintenant. Notre \u00e9quipe commerciale vous fournira la meilleure solution en fonction de vos besoins.<\/p>    <figure class=\"wp-block-embed is-type-video is-provider-youtube wp-block-embed-youtube wp-embed-aspect-16-9 wp-has-aspect-ratio\"><div class=\"wp-block-embed__wrapper\"> <iframe loading=\"lazy\" title=\"Machine de cisaillement des m\u00e9taux | Cisaille crocodile | Machine de d\u00e9coupe de ferraille pour usine de recyclage de d\u00e9chets m\u00e9talliques\" width=\"500\" height=\"281\" src=\"https:\/\/www.youtube.com\/embed\/ZvCyF9NsxDs?feature=oembed\" frameborder=\"0\" allow=\"accelerometer; autoplay; clipboard-write; encrypted-media; gyroscope; picture-in-picture; web-share\" referrerpolicy=\"strict-origin-when-cross-origin\" allowfullscreen><\/iframe> <\/div><figcaption class=\"wp-element-caption\">Machine de d\u00e9coupe de m\u00e9tal<\/figcaption><\/figure>","protected":false},"excerpt":{"rendered":"<p>La cisaille \u00e0 m\u00e9taux hydraulique Shuliy est principalement utilis\u00e9e pour couper divers d\u00e9chets de t\u00f4les, tubes d'acier usag\u00e9s, plaques d'acier de rebut, etc.<\/p>","protected":false},"author":1,"featured_media":694,"parent":0,"template":"","tags":[585,583,296,584],"product-type":[562],"class_list":["post-321","product","type-product","status-publish","has-post-thumbnail","hentry","tag-hydraulic-metal-shear-machine","tag-hydraulic-metal-shears","tag-metal-shear","tag-scrap-metal-cutting-machine","product-type-metal-shears"],"_links":{"self":[{"href":"https:\/\/www.baler-machines.com\/fr\/wp-json\/wp\/v2\/product\/321","targetHints":{"allow":["GET"]}}],"collection":[{"href":"https:\/\/www.baler-machines.com\/fr\/wp-json\/wp\/v2\/product"}],"about":[{"href":"https:\/\/www.baler-machines.com\/fr\/wp-json\/wp\/v2\/types\/product"}],"author":[{"embeddable":true,"href":"https:\/\/www.baler-machines.com\/fr\/wp-json\/wp\/v2\/users\/1"}],"wp:featuredmedia":[{"embeddable":true,"href":"https:\/\/www.baler-machines.com\/fr\/wp-json\/wp\/v2\/media\/694"}],"wp:attachment":[{"href":"https:\/\/www.baler-machines.com\/fr\/wp-json\/wp\/v2\/media?parent=321"}],"wp:term":[{"taxonomy":"post_tag","embeddable":true,"href":"https:\/\/www.baler-machines.com\/fr\/wp-json\/wp\/v2\/tags?post=321"},{"taxonomy":"product-type","embeddable":true,"href":"https:\/\/www.baler-machines.com\/fr\/wp-json\/wp\/v2\/product-type?post=321"}],"curies":[{"name":"wp","href":"https:\/\/api.w.org\/{rel}","templated":true}]}}